{"id":62666,"date":"2025-06-05T06:27:31","date_gmt":"2025-06-05T05:27:31","guid":{"rendered":"https:\/\/truusk.store\/product\/konstgjorda-vaxter-2-pack-buxbom-90-cm-konstvaxt-med-dubbelkula-uv-resistent-inomhusvaxt-konsttrad-vaxtdekor-for-inomhus-utomhus-gron\/"},"modified":"2026-03-12T09:37:12","modified_gmt":"2026-03-12T08:37:12","slug":"truusk-konstgjorda-vaxter-2-pack-buxbom-90-cm-konstvaxt-med-dubbelkula-uv-resistent-inomhusvaxt-konsttrad-vaxtdekor","status":"publish","type":"product","link":"https:\/\/truusk.store\/sv\/produkt\/truusk-konstgjorda-vaxter-2-pack-buxbom-90-cm-konstvaxt-med-dubbelkula-uv-resistent-inomhusvaxt-konsttrad-vaxtdekor\/","title":{"rendered":"TRUUSK Konstgjorda V\u00e4xter &#8211; 2-pack Buxbom &#8211; 90 cm Konstv\u00e4xt med Dubbelkula &#8211; UV-resistent &#8211; Inomhusv\u00e4xt &#8211; Konsttr\u00e4d &#8211; V\u00e4xtdekor"},"content":{"rendered":"<p>Dubbla den naturliga sk\u00f6nheten i ditt hem &#8211; helt utan underh\u00e5ll. Dessa tv\u00e5 imponerande konstgjorda buxbomstr\u00e4d fr\u00e5n TRUUSK \u00e4r tillverkade av h\u00e5llbar plast och utm\u00e4rker sig genom sina realistiska f\u00e4rger och texturer, vilket g\u00f6r att de ser ut som riktiga v\u00e4xter. De konstgjorda v\u00e4xterna inneb\u00e4r noll underh\u00e5ll &#8211; de beh\u00e5ller sitt felfria utseende, \u00e4ven utan vattning. Tack vare cementfyllningen i krukan st\u00e5r de stabilt och uppr\u00e4tt.<\/p>\n<p>Beskrivning:<\/p>\n<ul>\n<li> Set med 2 konstgjorda buxbomstr\u00e4d: L\u00e4mpliga f\u00f6r anv\u00e4ndning inomhus och utomhus<\/li>\n<li> Idealiska f\u00f6r hemmet, kontor, restauranger, hotell och mer<\/li>\n<li> Ser fantastiska ut \u00e5ret runt, oavsett v\u00e4der, eftersom de \u00e4r gjorda av plast<\/li>\n<li> Sm\u00e5 stenar, kiselstenar och cementbotten ing\u00e5r, vilket g\u00f6r dem stabilare och mer realistiska<\/li>\n<li> S\u00e4rskilt realistiskt utseende och textur p\u00e5 konstv\u00e4xten f\u00f6r ett naturligt utseende<\/li>\n<li> Ingen montering kr\u00e4vs: redo att anv\u00e4ndas direkt<\/li>\n<\/ul>\n<p> Tekniska data:<\/p>\n<ul>\n<li> F\u00e4rg: Ljusgr\u00f6n<\/li>\n<li> Material: PE, plast, cement<\/li>\n<li> Typ: Buxbom<\/li>\n<li> Total h\u00f6jd: 90H cm<\/li>\n<li> Storlek p\u00e5 sf\u00e4risk buxbom: \u00d820 cm, \u00d825 cm<\/li>\n<li> Kruka storlek: \u00d818 x 14H cm<\/li>\n<\/ul>\n<p>Leveransinneh\u00e5ll:<\/p>\n<ul>\n<li> 2 x Konstgjorda v\u00e4xter;<\/li>\n<\/ul>\n","protected":false},"excerpt":{"rendered":"<p>Dubbla den naturliga sk\u00f6nheten i ditt hem &#8211; helt utan underh\u00e5ll. Dessa tv\u00e5 imponerande konstgjorda buxbomstr\u00e4d fr\u00e5n TRUUSK \u00e4r tillverkade&#8230;<\/p>\n","protected":false},"featured_media":62657,"template":"","meta":[],"product_brand":[],"product_cat":[962,871,681],"product_tag":[],"class_list":{"0":"post-62666","1":"product","2":"type-product","3":"status-publish","4":"has-post-thumbnail","6":"product_cat-dekoration","7":"product_cat-hus-hem","8":"product_cat-konstgjorda-vaxter","10":"first","11":"instock","12":"sale","13":"taxable","14":"shipping-taxable","15":"purchasable","16":"product-type-simple"},"yoast_head":"<!-- This site is optimized with the Yoast SEO plugin v25.4 - https:\/\/yoast.com\/wordpress\/plugins\/seo\/ -->\n<title>TRUUSK Konstgjorda V\u00e4xter - 2-pack Buxbom - 90 cm Konstv\u00e4xt med Dubbelkula - UV-resistent - Inomhusv\u00e4xt - Konsttr\u00e4d - V\u00e4xtdekor - TRUUSK - Hem, Tr\u00e4dg\u00e5rd &amp; Fritid<\/title>\n<meta name=\"robots\" content=\"index, follow, max-snippet:-1, max-image-preview:large, max-video-preview:-1\" \/>\n<link rel=\"canonical\" href=\"https:\/\/truusk.store\/sv\/produkt\/truusk-konstgjorda-vaxter-2-pack-buxbom-90-cm-konstvaxt-med-dubbelkula-uv-resistent-inomhusvaxt-konsttrad-vaxtdekor\/\" \/>\n<meta property=\"og:locale\" content=\"sv_SE\" \/>\n<meta property=\"og:type\" content=\"article\" \/>\n<meta property=\"og:title\" content=\"TRUUSK Konstgjorda V\u00e4xter - 2-pack Buxbom - 90 cm Konstv\u00e4xt med Dubbelkula - UV-resistent - Inomhusv\u00e4xt - Konsttr\u00e4d - V\u00e4xtdekor - TRUUSK - Hem, Tr\u00e4dg\u00e5rd &amp; Fritid\" \/>\n<meta property=\"og:description\" content=\"Dubbla den naturliga sk\u00f6nheten i ditt hem &#8211; helt utan underh\u00e5ll. Dessa tv\u00e5 imponerande konstgjorda buxbomstr\u00e4d fr\u00e5n TRUUSK \u00e4r tillverkade...\" \/>\n<meta property=\"og:url\" content=\"https:\/\/truusk.store\/sv\/produkt\/truusk-konstgjorda-vaxter-2-pack-buxbom-90-cm-konstvaxt-med-dubbelkula-uv-resistent-inomhusvaxt-konsttrad-vaxtdekor\/\" \/>\n<meta property=\"og:site_name\" content=\"TRUUSK - Hem, Tr\u00e4dg\u00e5rd &amp; Fritid\" \/>\n<meta property=\"article:modified_time\" content=\"2026-03-12T08:37:12+00:00\" \/>\n<meta property=\"og:image\" content=\"https:\/\/i0.wp.com\/truusk.se\/wp-content\/uploads\/2025\/06\/konstgjorda-vaxter-2-pack-buxbom-90-cm-konstvaxt-med-dubbelkula-uv-resistent-inomhusvaxt-konsttrad-vaxtdekor-for-inomhus-utomhus-gron-1.webp?fit=2000%2C2000&ssl=1\" \/>\n\t<meta property=\"og:image:width\" content=\"2000\" \/>\n\t<meta property=\"og:image:height\" content=\"2000\" \/>\n\t<meta property=\"og:image:type\" content=\"image\/webp\" \/>\n<meta name=\"twitter:card\" content=\"summary_large_image\" \/>\n<meta name=\"twitter:label1\" content=\"Ber\u00e4knad l\u00e4stid\" \/>\n\t<meta name=\"twitter:data1\" content=\"1 minut\" \/>\n<!-- \/ Yoast SEO plugin. -->","yoast_head_json":{"title":"TRUUSK Konstgjorda V\u00e4xter - 2-pack Buxbom - 90 cm Konstv\u00e4xt med Dubbelkula - UV-resistent - Inomhusv\u00e4xt - Konsttr\u00e4d - V\u00e4xtdekor - TRUUSK - Hem, Tr\u00e4dg\u00e5rd &amp; Fritid","robots":{"index":"index","follow":"follow","max-snippet":"max-snippet:-1","max-image-preview":"max-image-preview:large","max-video-preview":"max-video-preview:-1"},"canonical":"https:\/\/truusk.store\/sv\/produkt\/truusk-konstgjorda-vaxter-2-pack-buxbom-90-cm-konstvaxt-med-dubbelkula-uv-resistent-inomhusvaxt-konsttrad-vaxtdekor\/","og_locale":"sv_SE","og_type":"article","og_title":"TRUUSK Konstgjorda V\u00e4xter - 2-pack Buxbom - 90 cm Konstv\u00e4xt med Dubbelkula - UV-resistent - Inomhusv\u00e4xt - Konsttr\u00e4d - V\u00e4xtdekor - TRUUSK - Hem, Tr\u00e4dg\u00e5rd &amp; Fritid","og_description":"Dubbla den naturliga sk\u00f6nheten i ditt hem &#8211; helt utan underh\u00e5ll. Dessa tv\u00e5 imponerande konstgjorda buxbomstr\u00e4d fr\u00e5n TRUUSK \u00e4r tillverkade...","og_url":"https:\/\/truusk.store\/sv\/produkt\/truusk-konstgjorda-vaxter-2-pack-buxbom-90-cm-konstvaxt-med-dubbelkula-uv-resistent-inomhusvaxt-konsttrad-vaxtdekor\/","og_site_name":"TRUUSK - Hem, Tr\u00e4dg\u00e5rd &amp; Fritid","article_modified_time":"2026-03-12T08:37:12+00:00","og_image":[{"width":2000,"height":2000,"url":"https:\/\/i0.wp.com\/truusk.se\/wp-content\/uploads\/2025\/06\/konstgjorda-vaxter-2-pack-buxbom-90-cm-konstvaxt-med-dubbelkula-uv-resistent-inomhusvaxt-konsttrad-vaxtdekor-for-inomhus-utomhus-gron-1.webp?fit=2000%2C2000&ssl=1","type":"image\/webp"}],"twitter_card":"summary_large_image","twitter_misc":{"Ber\u00e4knad l\u00e4stid":"1 minut"},"schema":{"@context":"https:\/\/schema.org","@graph":[{"@type":"WebPage","@id":"https:\/\/truusk.store\/sv\/produkt\/truusk-konstgjorda-vaxter-2-pack-buxbom-90-cm-konstvaxt-med-dubbelkula-uv-resistent-inomhusvaxt-konsttrad-vaxtdekor\/","url":"https:\/\/truusk.store\/sv\/produkt\/truusk-konstgjorda-vaxter-2-pack-buxbom-90-cm-konstvaxt-med-dubbelkula-uv-resistent-inomhusvaxt-konsttrad-vaxtdekor\/","name":"TRUUSK Konstgjorda V\u00e4xter - 2-pack Buxbom - 90 cm Konstv\u00e4xt med Dubbelkula - UV-resistent - Inomhusv\u00e4xt - Konsttr\u00e4d - V\u00e4xtdekor - TRUUSK - Hem, Tr\u00e4dg\u00e5rd &amp; Fritid","isPartOf":{"@id":"https:\/\/truusk.store\/sv\/#website"},"primaryImageOfPage":{"@id":"https:\/\/truusk.store\/sv\/produkt\/truusk-konstgjorda-vaxter-2-pack-buxbom-90-cm-konstvaxt-med-dubbelkula-uv-resistent-inomhusvaxt-konsttrad-vaxtdekor\/#primaryimage"},"image":{"@id":"https:\/\/truusk.store\/sv\/produkt\/truusk-konstgjorda-vaxter-2-pack-buxbom-90-cm-konstvaxt-med-dubbelkula-uv-resistent-inomhusvaxt-konsttrad-vaxtdekor\/#primaryimage"},"thumbnailUrl":"https:\/\/i0.wp.com\/truusk.store\/wp-content\/uploads\/2025\/06\/konstgjorda-vaxter-2-pack-buxbom-90-cm-konstvaxt-med-dubbelkula-uv-resistent-inomhusvaxt-konsttrad-vaxtdekor-for-inomhus-utomhus-gron-1.webp?fit=2000%2C2000&ssl=1","datePublished":"2025-06-05T05:27:31+00:00","dateModified":"2026-03-12T08:37:12+00:00","breadcrumb":{"@id":"https:\/\/truusk.store\/sv\/produkt\/truusk-konstgjorda-vaxter-2-pack-buxbom-90-cm-konstvaxt-med-dubbelkula-uv-resistent-inomhusvaxt-konsttrad-vaxtdekor\/#breadcrumb"},"inLanguage":"sv-SE","potentialAction":[{"@type":"ReadAction","target":["https:\/\/truusk.store\/sv\/produkt\/truusk-konstgjorda-vaxter-2-pack-buxbom-90-cm-konstvaxt-med-dubbelkula-uv-resistent-inomhusvaxt-konsttrad-vaxtdekor\/"]}]},{"@type":"ImageObject","inLanguage":"sv-SE","@id":"https:\/\/truusk.store\/sv\/produkt\/truusk-konstgjorda-vaxter-2-pack-buxbom-90-cm-konstvaxt-med-dubbelkula-uv-resistent-inomhusvaxt-konsttrad-vaxtdekor\/#primaryimage","url":"https:\/\/i0.wp.com\/truusk.store\/wp-content\/uploads\/2025\/06\/konstgjorda-vaxter-2-pack-buxbom-90-cm-konstvaxt-med-dubbelkula-uv-resistent-inomhusvaxt-konsttrad-vaxtdekor-for-inomhus-utomhus-gron-1.webp?fit=2000%2C2000&ssl=1","contentUrl":"https:\/\/i0.wp.com\/truusk.store\/wp-content\/uploads\/2025\/06\/konstgjorda-vaxter-2-pack-buxbom-90-cm-konstvaxt-med-dubbelkula-uv-resistent-inomhusvaxt-konsttrad-vaxtdekor-for-inomhus-utomhus-gron-1.webp?fit=2000%2C2000&ssl=1","width":2000,"height":2000},{"@type":"BreadcrumbList","@id":"https:\/\/truusk.store\/sv\/produkt\/truusk-konstgjorda-vaxter-2-pack-buxbom-90-cm-konstvaxt-med-dubbelkula-uv-resistent-inomhusvaxt-konsttrad-vaxtdekor\/#breadcrumb","itemListElement":[{"@type":"ListItem","position":1,"name":"Home","item":"https:\/\/truusk.store\/sv\/"},{"@type":"ListItem","position":2,"name":"Shop","item":"https:\/\/truusk.store\/shop\/"},{"@type":"ListItem","position":3,"name":"TRUUSK Konstgjorda V\u00e4xter &#8211; 2-pack Buxbom &#8211; 90 cm Konstv\u00e4xt med Dubbelkula &#8211; UV-resistent &#8211; Inomhusv\u00e4xt &#8211; Konsttr\u00e4d &#8211; V\u00e4xtdekor"}]},{"@type":"WebSite","@id":"https:\/\/truusk.store\/sv\/#website","url":"https:\/\/truusk.store\/sv\/","name":"TRUUSK - Hem, Tr\u00e4dg\u00e5rd & Fritid","description":"","publisher":{"@id":"https:\/\/truusk.store\/sv\/#organization"},"potentialAction":[{"@type":"SearchAction","target":{"@type":"EntryPoint","urlTemplate":"https:\/\/truusk.store\/sv\/?s={search_term_string}"},"query-input":{"@type":"PropertyValueSpecification","valueRequired":true,"valueName":"search_term_string"}}],"inLanguage":"sv-SE"},{"@type":"Organization","@id":"https:\/\/truusk.store\/sv\/#organization","name":"TRUUSK - Hem, Tr\u00e4dg\u00e5rd & Fritid","url":"https:\/\/truusk.store\/sv\/","logo":{"@type":"ImageObject","inLanguage":"sv-SE","@id":"https:\/\/truusk.store\/sv\/#\/schema\/logo\/image\/","url":"https:\/\/i0.wp.com\/truusk.store\/wp-content\/uploads\/2026\/03\/cropped-TRUUSK.png?fit=2032%2C917&ssl=1","contentUrl":"https:\/\/i0.wp.com\/truusk.store\/wp-content\/uploads\/2026\/03\/cropped-TRUUSK.png?fit=2032%2C917&ssl=1","width":2032,"height":917,"caption":"TRUUSK - Hem, Tr\u00e4dg\u00e5rd & Fritid"},"image":{"@id":"https:\/\/truusk.store\/sv\/#\/schema\/logo\/image\/"}}]}},"jetpack_sharing_enabled":true,"_links":{"self":[{"href":"https:\/\/truusk.store\/sv\/wp-json\/wp\/v2\/product\/62666","targetHints":{"allow":["GET"]}}],"collection":[{"href":"https:\/\/truusk.store\/sv\/wp-json\/wp\/v2\/product"}],"about":[{"href":"https:\/\/truusk.store\/sv\/wp-json\/wp\/v2\/types\/product"}],"wp:featuredmedia":[{"embeddable":true,"href":"https:\/\/truusk.store\/sv\/wp-json\/wp\/v2\/media\/62657"}],"wp:attachment":[{"href":"https:\/\/truusk.store\/sv\/wp-json\/wp\/v2\/media?parent=62666"}],"wp:term":[{"taxonomy":"product_brand","embeddable":true,"href":"https:\/\/truusk.store\/sv\/wp-json\/wp\/v2\/product_brand?post=62666"},{"taxonomy":"product_cat","embeddable":true,"href":"https:\/\/truusk.store\/sv\/wp-json\/wp\/v2\/product_cat?post=62666"},{"taxonomy":"product_tag","embeddable":true,"href":"https:\/\/truusk.store\/sv\/wp-json\/wp\/v2\/product_tag?post=62666"}],"curies":[{"name":"wp","href":"https:\/\/api.w.org\/{rel}","templated":true}]}}