{"id":6267,"date":"2024-02-13T08:21:57","date_gmt":"2024-02-13T07:21:57","guid":{"rendered":"https:\/\/truusk.store\/product\/vaggtork-kladstall-for-vaggmontering-vagghangd-torktumlare-utdragbar-hopfallbar-platsbesparande-tvattyta-for-sma-hushall-for-inomhus-och-utomhus-metall-vit-635-x-60-x-20-cm\/"},"modified":"2026-03-12T08:55:15","modified_gmt":"2026-03-12T07:55:15","slug":"truusk-vaggtork-kladstall-for-vaggmontering-utdragbar-och-hopfallbar-platsbesparande-tvattyta-for-inomhus-och-utomhus-vit","status":"publish","type":"product","link":"https:\/\/truusk.store\/sv\/produkt\/truusk-vaggtork-kladstall-for-vaggmontering-utdragbar-och-hopfallbar-platsbesparande-tvattyta-for-inomhus-och-utomhus-vit\/","title":{"rendered":"TRUUSK V\u00e4ggtork Kl\u00e4dst\u00e4ll F\u00f6r V\u00e4ggmontering &#8211; Utdragbar och Hopf\u00e4llbar &#8211; Platsbesparande Tv\u00e4ttyta &#8211; F\u00f6r Inomhus och Utomhus &#8211; Vit"},"content":{"rendered":"<p>Att torka dina kl\u00e4der i friska luften \u00e4r inte bara ett milj\u00f6v\u00e4nligare alternativ till den elektriska torktumlaren, utan ocks\u00e5 ett mycket skonsammare alternativ. Tack vare detta utdragbara tv\u00e4ttst\u00e4ll kan du enkelt h\u00e4nga din tv\u00e4tt f\u00f6r att torka inomhus eller utomhus. Stativet \u00e4r s\u00e4rskilt robust och monteras bekv\u00e4mt p\u00e5 v\u00e4ggen. Alternativt kan du anv\u00e4nda den som handduksh\u00e5llare i badrummet eller som en sofistikerad, platsbesparande kl\u00e4dst\u00e4llning.<\/p>\n<h3>Beskrivning:<\/h3>\n<ul>\n<li>Kan snabbt f\u00e4llas ihop f\u00f6r att spara utrymme n\u00e4r den inte anv\u00e4nds<\/li>\n<li>Stabil, mycket sp\u00e4nstig metallram med utdragbar struktur<\/li>\n<li>H\u00e4ng kl\u00e4derna f\u00f6r att lufttorka naturligt f\u00f6r att undvika rynkor<\/li>\n<li>F\u00f6rborrade h\u00e5l f\u00f6r enkel v\u00e4ggmontering<\/li>\n<li>Kan anv\u00e4ndas inte bara som kl\u00e4dh\u00e4ngare, utan ocks\u00e5 som handduksh\u00e4ngare eller kl\u00e4dh\u00e4ngare<\/li>\n<li>Ingen montering kr\u00e4vs<\/li>\n<\/ul>\n<h3>Teknisk data:<\/h3>\n<ul>\n<li>F\u00e4rg vit<\/li>\n<li>Material: j\u00e4rn<\/li>\n<li>\u00d6vergripande m\u00e5tt: 63,5L x 60W x 20H cm<\/li>\n<li>M\u00e5tt vikta: 63,5L x 20W x 10H cm<\/li>\n<li>Maximalt avst\u00e5nd mellan stag: 10 cm<\/li>\n<li>Maximal belastning: 10 kg (totalt) och 2 kg (varje stag)<\/li>\n<\/ul>\n<h3>Leveransens omfattning:<\/h3>\n<ul>\n<li>1 x V\u00e4ggmonterat kl\u00e4dst\u00e4ll<\/li>\n<li>1 x bruksanvisning<\/li>\n<\/ul>\n","protected":false},"excerpt":{"rendered":"<p>Att torka dina kl\u00e4der i friska luften \u00e4r inte bara ett milj\u00f6v\u00e4nligare alternativ till den elektriska torktumlaren, utan ocks\u00e5 ett&#8230;<\/p>\n","protected":false},"featured_media":6268,"template":"","meta":[],"product_brand":[],"product_cat":[489,485,493],"product_tag":[],"class_list":{"0":"post-6267","1":"product","2":"type-product","3":"status-publish","4":"has-post-thumbnail","6":"product_cat-badrum-sanitar","7":"product_cat-hus-bo","8":"product_cat-torkstallning","10":"first","11":"instock","12":"sale","13":"taxable","14":"shipping-taxable","15":"purchasable","16":"product-type-simple"},"yoast_head":"<!-- This site is optimized with the Yoast SEO plugin v25.4 - https:\/\/yoast.com\/wordpress\/plugins\/seo\/ -->\n<title>TRUUSK V\u00e4ggtork Kl\u00e4dst\u00e4ll F\u00f6r V\u00e4ggmontering - Utdragbar och Hopf\u00e4llbar - Platsbesparande Tv\u00e4ttyta - F\u00f6r Inomhus och Utomhus - Vit - TRUUSK - Hem, Tr\u00e4dg\u00e5rd &amp; Fritid<\/title>\n<meta name=\"robots\" content=\"index, follow, max-snippet:-1, max-image-preview:large, max-video-preview:-1\" \/>\n<link rel=\"canonical\" href=\"https:\/\/truusk.store\/sv\/produkt\/truusk-vaggtork-kladstall-for-vaggmontering-utdragbar-och-hopfallbar-platsbesparande-tvattyta-for-inomhus-och-utomhus-vit\/\" \/>\n<meta property=\"og:locale\" content=\"sv_SE\" \/>\n<meta property=\"og:type\" content=\"article\" \/>\n<meta property=\"og:title\" content=\"TRUUSK V\u00e4ggtork Kl\u00e4dst\u00e4ll F\u00f6r V\u00e4ggmontering - Utdragbar och Hopf\u00e4llbar - Platsbesparande Tv\u00e4ttyta - F\u00f6r Inomhus och Utomhus - Vit - TRUUSK - Hem, Tr\u00e4dg\u00e5rd &amp; Fritid\" \/>\n<meta property=\"og:description\" content=\"Att torka dina kl\u00e4der i friska luften \u00e4r inte bara ett milj\u00f6v\u00e4nligare alternativ till den elektriska torktumlaren, utan ocks\u00e5 ett...\" \/>\n<meta property=\"og:url\" content=\"https:\/\/truusk.store\/sv\/produkt\/truusk-vaggtork-kladstall-for-vaggmontering-utdragbar-och-hopfallbar-platsbesparande-tvattyta-for-inomhus-och-utomhus-vit\/\" \/>\n<meta property=\"og:site_name\" content=\"TRUUSK - Hem, Tr\u00e4dg\u00e5rd &amp; Fritid\" \/>\n<meta property=\"article:modified_time\" content=\"2026-03-12T07:55:15+00:00\" \/>\n<meta property=\"og:image\" content=\"https:\/\/i0.wp.com\/truusk.se\/wp-content\/uploads\/2024\/02\/vaggtork-kladstall-for-vaggmontering-vagghangd-torktumlare-utdragbar-hopfallbar-platsbesparande-tvattyta-for-sma-hushall-for-inomhus-och-utomhus-metall-vit-635-x-60-x-20-cm.webp?fit=800%2C800&ssl=1\" \/>\n\t<meta property=\"og:image:width\" content=\"800\" \/>\n\t<meta property=\"og:image:height\" content=\"800\" \/>\n\t<meta property=\"og:image:type\" content=\"image\/webp\" \/>\n<meta name=\"twitter:card\" content=\"summary_large_image\" \/>\n<meta name=\"twitter:label1\" content=\"Ber\u00e4knad l\u00e4stid\" \/>\n\t<meta name=\"twitter:data1\" content=\"1 minut\" \/>\n<!-- \/ Yoast SEO plugin. -->","yoast_head_json":{"title":"TRUUSK V\u00e4ggtork Kl\u00e4dst\u00e4ll F\u00f6r V\u00e4ggmontering - Utdragbar och Hopf\u00e4llbar - Platsbesparande Tv\u00e4ttyta - F\u00f6r Inomhus och Utomhus - Vit - TRUUSK - Hem, Tr\u00e4dg\u00e5rd &amp; Fritid","robots":{"index":"index","follow":"follow","max-snippet":"max-snippet:-1","max-image-preview":"max-image-preview:large","max-video-preview":"max-video-preview:-1"},"canonical":"https:\/\/truusk.store\/sv\/produkt\/truusk-vaggtork-kladstall-for-vaggmontering-utdragbar-och-hopfallbar-platsbesparande-tvattyta-for-inomhus-och-utomhus-vit\/","og_locale":"sv_SE","og_type":"article","og_title":"TRUUSK V\u00e4ggtork Kl\u00e4dst\u00e4ll F\u00f6r V\u00e4ggmontering - Utdragbar och Hopf\u00e4llbar - Platsbesparande Tv\u00e4ttyta - F\u00f6r Inomhus och Utomhus - Vit - TRUUSK - Hem, Tr\u00e4dg\u00e5rd &amp; Fritid","og_description":"Att torka dina kl\u00e4der i friska luften \u00e4r inte bara ett milj\u00f6v\u00e4nligare alternativ till den elektriska torktumlaren, utan ocks\u00e5 ett...","og_url":"https:\/\/truusk.store\/sv\/produkt\/truusk-vaggtork-kladstall-for-vaggmontering-utdragbar-och-hopfallbar-platsbesparande-tvattyta-for-inomhus-och-utomhus-vit\/","og_site_name":"TRUUSK - Hem, Tr\u00e4dg\u00e5rd &amp; Fritid","article_modified_time":"2026-03-12T07:55:15+00:00","og_image":[{"width":800,"height":800,"url":"https:\/\/i0.wp.com\/truusk.se\/wp-content\/uploads\/2024\/02\/vaggtork-kladstall-for-vaggmontering-vagghangd-torktumlare-utdragbar-hopfallbar-platsbesparande-tvattyta-for-sma-hushall-for-inomhus-och-utomhus-metall-vit-635-x-60-x-20-cm.webp?fit=800%2C800&ssl=1","type":"image\/webp"}],"twitter_card":"summary_large_image","twitter_misc":{"Ber\u00e4knad l\u00e4stid":"1 minut"},"schema":{"@context":"https:\/\/schema.org","@graph":[{"@type":"WebPage","@id":"https:\/\/truusk.store\/sv\/produkt\/truusk-vaggtork-kladstall-for-vaggmontering-utdragbar-och-hopfallbar-platsbesparande-tvattyta-for-inomhus-och-utomhus-vit\/","url":"https:\/\/truusk.store\/sv\/produkt\/truusk-vaggtork-kladstall-for-vaggmontering-utdragbar-och-hopfallbar-platsbesparande-tvattyta-for-inomhus-och-utomhus-vit\/","name":"TRUUSK V\u00e4ggtork Kl\u00e4dst\u00e4ll F\u00f6r V\u00e4ggmontering - Utdragbar och Hopf\u00e4llbar - Platsbesparande Tv\u00e4ttyta - F\u00f6r Inomhus och Utomhus - Vit - TRUUSK - Hem, Tr\u00e4dg\u00e5rd &amp; Fritid","isPartOf":{"@id":"https:\/\/truusk.store\/sv\/#website"},"primaryImageOfPage":{"@id":"https:\/\/truusk.store\/sv\/produkt\/truusk-vaggtork-kladstall-for-vaggmontering-utdragbar-och-hopfallbar-platsbesparande-tvattyta-for-inomhus-och-utomhus-vit\/#primaryimage"},"image":{"@id":"https:\/\/truusk.store\/sv\/produkt\/truusk-vaggtork-kladstall-for-vaggmontering-utdragbar-och-hopfallbar-platsbesparande-tvattyta-for-inomhus-och-utomhus-vit\/#primaryimage"},"thumbnailUrl":"https:\/\/i0.wp.com\/truusk.store\/wp-content\/uploads\/2024\/02\/vaggtork-kladstall-for-vaggmontering-vagghangd-torktumlare-utdragbar-hopfallbar-platsbesparande-tvattyta-for-sma-hushall-for-inomhus-och-utomhus-metall-vit-635-x-60-x-20-cm.webp?fit=800%2C800&ssl=1","datePublished":"2024-02-13T07:21:57+00:00","dateModified":"2026-03-12T07:55:15+00:00","breadcrumb":{"@id":"https:\/\/truusk.store\/sv\/produkt\/truusk-vaggtork-kladstall-for-vaggmontering-utdragbar-och-hopfallbar-platsbesparande-tvattyta-for-inomhus-och-utomhus-vit\/#breadcrumb"},"inLanguage":"sv-SE","potentialAction":[{"@type":"ReadAction","target":["https:\/\/truusk.store\/sv\/produkt\/truusk-vaggtork-kladstall-for-vaggmontering-utdragbar-och-hopfallbar-platsbesparande-tvattyta-for-inomhus-och-utomhus-vit\/"]}]},{"@type":"ImageObject","inLanguage":"sv-SE","@id":"https:\/\/truusk.store\/sv\/produkt\/truusk-vaggtork-kladstall-for-vaggmontering-utdragbar-och-hopfallbar-platsbesparande-tvattyta-for-inomhus-och-utomhus-vit\/#primaryimage","url":"https:\/\/i0.wp.com\/truusk.store\/wp-content\/uploads\/2024\/02\/vaggtork-kladstall-for-vaggmontering-vagghangd-torktumlare-utdragbar-hopfallbar-platsbesparande-tvattyta-for-sma-hushall-for-inomhus-och-utomhus-metall-vit-635-x-60-x-20-cm.webp?fit=800%2C800&ssl=1","contentUrl":"https:\/\/i0.wp.com\/truusk.store\/wp-content\/uploads\/2024\/02\/vaggtork-kladstall-for-vaggmontering-vagghangd-torktumlare-utdragbar-hopfallbar-platsbesparande-tvattyta-for-sma-hushall-for-inomhus-och-utomhus-metall-vit-635-x-60-x-20-cm.webp?fit=800%2C800&ssl=1","width":800,"height":800,"caption":"V\u00e4ggtork Kl\u00e4dst\u00e4ll F\u00f6r V\u00e4ggmontering, V\u00e4ggh\u00e4ngd Torktumlare, Utdragbar, Hopf\u00e4llbar, Platsbesparande Tv\u00e4ttyta F\u00f6r Sm\u00e5 Hush\u00e5ll F\u00f6r Inomhus Och Utomhus, Metall, Vit, 63,5 X 60 X 20 Cm 1"},{"@type":"BreadcrumbList","@id":"https:\/\/truusk.store\/sv\/produkt\/truusk-vaggtork-kladstall-for-vaggmontering-utdragbar-och-hopfallbar-platsbesparande-tvattyta-for-inomhus-och-utomhus-vit\/#breadcrumb","itemListElement":[{"@type":"ListItem","position":1,"name":"Home","item":"https:\/\/truusk.store\/sv\/"},{"@type":"ListItem","position":2,"name":"Shop","item":"https:\/\/truusk.store\/shop\/"},{"@type":"ListItem","position":3,"name":"TRUUSK V\u00e4ggtork Kl\u00e4dst\u00e4ll F\u00f6r V\u00e4ggmontering &#8211; Utdragbar och Hopf\u00e4llbar &#8211; Platsbesparande Tv\u00e4ttyta &#8211; F\u00f6r Inomhus och Utomhus &#8211; Vit"}]},{"@type":"WebSite","@id":"https:\/\/truusk.store\/sv\/#website","url":"https:\/\/truusk.store\/sv\/","name":"TRUUSK - Hem, Tr\u00e4dg\u00e5rd & Fritid","description":"","publisher":{"@id":"https:\/\/truusk.store\/sv\/#organization"},"potentialAction":[{"@type":"SearchAction","target":{"@type":"EntryPoint","urlTemplate":"https:\/\/truusk.store\/sv\/?s={search_term_string}"},"query-input":{"@type":"PropertyValueSpecification","valueRequired":true,"valueName":"search_term_string"}}],"inLanguage":"sv-SE"},{"@type":"Organization","@id":"https:\/\/truusk.store\/sv\/#organization","name":"TRUUSK - Hem, Tr\u00e4dg\u00e5rd & Fritid","url":"https:\/\/truusk.store\/sv\/","logo":{"@type":"ImageObject","inLanguage":"sv-SE","@id":"https:\/\/truusk.store\/sv\/#\/schema\/logo\/image\/","url":"https:\/\/i0.wp.com\/truusk.store\/wp-content\/uploads\/2026\/03\/cropped-TRUUSK.png?fit=2032%2C917&ssl=1","contentUrl":"https:\/\/i0.wp.com\/truusk.store\/wp-content\/uploads\/2026\/03\/cropped-TRUUSK.png?fit=2032%2C917&ssl=1","width":2032,"height":917,"caption":"TRUUSK - Hem, Tr\u00e4dg\u00e5rd & Fritid"},"image":{"@id":"https:\/\/truusk.store\/sv\/#\/schema\/logo\/image\/"}}]}},"jetpack_sharing_enabled":true,"_links":{"self":[{"href":"https:\/\/truusk.store\/sv\/wp-json\/wp\/v2\/product\/6267","targetHints":{"allow":["GET"]}}],"collection":[{"href":"https:\/\/truusk.store\/sv\/wp-json\/wp\/v2\/product"}],"about":[{"href":"https:\/\/truusk.store\/sv\/wp-json\/wp\/v2\/types\/product"}],"wp:featuredmedia":[{"embeddable":true,"href":"https:\/\/truusk.store\/sv\/wp-json\/wp\/v2\/media\/6268"}],"wp:attachment":[{"href":"https:\/\/truusk.store\/sv\/wp-json\/wp\/v2\/media?parent=6267"}],"wp:term":[{"taxonomy":"product_brand","embeddable":true,"href":"https:\/\/truusk.store\/sv\/wp-json\/wp\/v2\/product_brand?post=6267"},{"taxonomy":"product_cat","embeddable":true,"href":"https:\/\/truusk.store\/sv\/wp-json\/wp\/v2\/product_cat?post=6267"},{"taxonomy":"product_tag","embeddable":true,"href":"https:\/\/truusk.store\/sv\/wp-json\/wp\/v2\/product_tag?post=6267"}],"curies":[{"name":"wp","href":"https:\/\/api.w.org\/{rel}","templated":true}]}}