{"id":62696,"date":"2025-06-05T06:30:21","date_gmt":"2025-06-05T05:30:21","guid":{"rendered":"https:\/\/truusk.store\/product\/sportnow-badmintonnat-set-hopfallbart-tennisnat-103-120-155-cm-justerbar-hojd-inomhus-utomhus-fjaderbollnat-volleybollnat-med-transportvaska-metall-polyester-gul\/"},"modified":"2026-03-12T09:37:13","modified_gmt":"2026-03-12T08:37:13","slug":"truusk-badmintonnat-set-hopfallbart-tennisnat-justerbar-hojd-fjaderbollnat-volleybollnat-transportvaska-gul","status":"publish","type":"product","link":"https:\/\/truusk.store\/sv\/produkt\/truusk-badmintonnat-set-hopfallbart-tennisnat-justerbar-hojd-fjaderbollnat-volleybollnat-transportvaska-gul\/","title":{"rendered":"TRUUSK Badmintonn\u00e4t Set &#8211; Hopf\u00e4llbart Tennisn\u00e4t &#8211; Justerbar H\u00f6jd &#8211; Fj\u00e4derbolln\u00e4t &#8211; Volleybolln\u00e4t &#8211; Transportv\u00e4ska &#8211; Gul"},"content":{"rendered":"<p>F\u00f6r fitnessentusiaster som gillar att tr\u00e4na med v\u00e4nner \u00e4r SPORTNOW:s b\u00e4rbara badmintonn\u00e4t perfekt. Tack vare det stabila, h\u00f6jdjusterbara metallramen f\u00f6r badmintonn\u00e4tet i tre steg, anpassar det sig till varje spelare. Volleybolln\u00e4tet kan enkelt f\u00e4stas p\u00e5 ramen och tas med \u00f6verallt i den medf\u00f6ljande b\u00e4rp\u00e5sen, oavsett om det \u00e4r till parken, stranden eller till v\u00e4nner.<\/p>\n<p>Beskrivning:<\/p>\n<ul>\n<li> H\u00f6jdjusterbar mellan 107 och 155 cm f\u00f6r badminton, tennis, pickleball<\/li>\n<li> Robust, rostfri metallram f\u00f6r badmintonn\u00e4tet<\/li>\n<li> Snabb uppbyggnad genom tydligt m\u00e4rkta sidoflikar p\u00e5 volleybolln\u00e4tet<\/li>\n<li> Stabiliserande f\u00f6tter p\u00e5 badmintonn\u00e4tet f\u00f6r flexibel anv\u00e4ndning<\/li>\n<li> Inklusive b\u00e4rp\u00e5se<\/li>\n<\/ul>\n<p> Tekniska data:<\/p>\n<ul>\n<li> F\u00e4rg: Bl\u00e5<\/li>\n<li> Material: Metall, PE, Oxford-polyester<\/li>\n<li> Totala dimensioner: 420L x 103B x 107-155H cm<\/li>\n<li> Storlek n\u00e4r den \u00e4r ihoprullad: 420L x 72B cm<\/li>\n<li> Maskstorlek: 4L x 4B cm<\/li>\n<\/ul>\n<p>Leveransinneh\u00e5ll:<\/p>\n<ul>\n<li> 1 x Badmintonn\u00e4t med stativ<\/li>\n<li> 1 x B\u00e4rp\u00e5se<\/li>\n<li> 1 x Instruktioner<\/li>\n<\/ul>\n","protected":false},"excerpt":{"rendered":"<p>F\u00f6r fitnessentusiaster som gillar att tr\u00e4na med v\u00e4nner \u00e4r SPORTNOW:s b\u00e4rbara badmintonn\u00e4t perfekt. Tack vare det stabila, h\u00f6jdjusterbara metallramen f\u00f6r&#8230;<\/p>\n","protected":false},"featured_media":62687,"template":"","meta":[],"product_brand":[],"product_cat":[982,647],"product_tag":[],"class_list":{"0":"post-62696","1":"product","2":"type-product","3":"status-publish","4":"has-post-thumbnail","6":"product_cat-bollsport","7":"product_cat-sport-fritid","9":"first","10":"instock","11":"sale","12":"taxable","13":"shipping-taxable","14":"purchasable","15":"product-type-simple"},"yoast_head":"<!-- This site is optimized with the Yoast SEO plugin v25.4 - https:\/\/yoast.com\/wordpress\/plugins\/seo\/ -->\n<title>TRUUSK Badmintonn\u00e4t Set - Hopf\u00e4llbart Tennisn\u00e4t - Justerbar H\u00f6jd - Fj\u00e4derbolln\u00e4t - Volleybolln\u00e4t - Transportv\u00e4ska - Gul - TRUUSK - Hem, Tr\u00e4dg\u00e5rd &amp; Fritid<\/title>\n<meta name=\"robots\" content=\"index, follow, max-snippet:-1, max-image-preview:large, max-video-preview:-1\" \/>\n<link rel=\"canonical\" href=\"https:\/\/truusk.store\/sv\/produkt\/truusk-badmintonnat-set-hopfallbart-tennisnat-justerbar-hojd-fjaderbollnat-volleybollnat-transportvaska-gul\/\" \/>\n<meta property=\"og:locale\" content=\"sv_SE\" \/>\n<meta property=\"og:type\" content=\"article\" \/>\n<meta property=\"og:title\" content=\"TRUUSK Badmintonn\u00e4t Set - Hopf\u00e4llbart Tennisn\u00e4t - Justerbar H\u00f6jd - Fj\u00e4derbolln\u00e4t - Volleybolln\u00e4t - Transportv\u00e4ska - Gul - TRUUSK - Hem, Tr\u00e4dg\u00e5rd &amp; Fritid\" \/>\n<meta property=\"og:description\" content=\"F\u00f6r fitnessentusiaster som gillar att tr\u00e4na med v\u00e4nner \u00e4r SPORTNOW:s b\u00e4rbara badmintonn\u00e4t perfekt. Tack vare det stabila, h\u00f6jdjusterbara metallramen f\u00f6r...\" \/>\n<meta property=\"og:url\" content=\"https:\/\/truusk.store\/sv\/produkt\/truusk-badmintonnat-set-hopfallbart-tennisnat-justerbar-hojd-fjaderbollnat-volleybollnat-transportvaska-gul\/\" \/>\n<meta property=\"og:site_name\" content=\"TRUUSK - Hem, Tr\u00e4dg\u00e5rd &amp; Fritid\" \/>\n<meta property=\"article:modified_time\" content=\"2026-03-12T08:37:13+00:00\" \/>\n<meta property=\"og:image\" content=\"https:\/\/i0.wp.com\/truusk.se\/wp-content\/uploads\/2025\/06\/sportnow-badmintonnat-set-hopfallbart-tennisnat-103-120-155-cm-justerbar-hojd-inomhus-utomhus-fjaderbollnat-volleybollnat-med-transportvaska-metall-polyester-gul-1.webp?fit=2000%2C2000&ssl=1\" \/>\n\t<meta property=\"og:image:width\" content=\"2000\" \/>\n\t<meta property=\"og:image:height\" content=\"2000\" \/>\n\t<meta property=\"og:image:type\" content=\"image\/webp\" \/>\n<meta name=\"twitter:card\" content=\"summary_large_image\" \/>\n<meta name=\"twitter:label1\" content=\"Ber\u00e4knad l\u00e4stid\" \/>\n\t<meta name=\"twitter:data1\" content=\"1 minut\" \/>\n<!-- \/ Yoast SEO plugin. -->","yoast_head_json":{"title":"TRUUSK Badmintonn\u00e4t Set - Hopf\u00e4llbart Tennisn\u00e4t - Justerbar H\u00f6jd - Fj\u00e4derbolln\u00e4t - Volleybolln\u00e4t - Transportv\u00e4ska - Gul - TRUUSK - Hem, Tr\u00e4dg\u00e5rd &amp; Fritid","robots":{"index":"index","follow":"follow","max-snippet":"max-snippet:-1","max-image-preview":"max-image-preview:large","max-video-preview":"max-video-preview:-1"},"canonical":"https:\/\/truusk.store\/sv\/produkt\/truusk-badmintonnat-set-hopfallbart-tennisnat-justerbar-hojd-fjaderbollnat-volleybollnat-transportvaska-gul\/","og_locale":"sv_SE","og_type":"article","og_title":"TRUUSK Badmintonn\u00e4t Set - Hopf\u00e4llbart Tennisn\u00e4t - Justerbar H\u00f6jd - Fj\u00e4derbolln\u00e4t - Volleybolln\u00e4t - Transportv\u00e4ska - Gul - TRUUSK - Hem, Tr\u00e4dg\u00e5rd &amp; Fritid","og_description":"F\u00f6r fitnessentusiaster som gillar att tr\u00e4na med v\u00e4nner \u00e4r SPORTNOW:s b\u00e4rbara badmintonn\u00e4t perfekt. Tack vare det stabila, h\u00f6jdjusterbara metallramen f\u00f6r...","og_url":"https:\/\/truusk.store\/sv\/produkt\/truusk-badmintonnat-set-hopfallbart-tennisnat-justerbar-hojd-fjaderbollnat-volleybollnat-transportvaska-gul\/","og_site_name":"TRUUSK - Hem, Tr\u00e4dg\u00e5rd &amp; Fritid","article_modified_time":"2026-03-12T08:37:13+00:00","og_image":[{"width":2000,"height":2000,"url":"https:\/\/i0.wp.com\/truusk.se\/wp-content\/uploads\/2025\/06\/sportnow-badmintonnat-set-hopfallbart-tennisnat-103-120-155-cm-justerbar-hojd-inomhus-utomhus-fjaderbollnat-volleybollnat-med-transportvaska-metall-polyester-gul-1.webp?fit=2000%2C2000&ssl=1","type":"image\/webp"}],"twitter_card":"summary_large_image","twitter_misc":{"Ber\u00e4knad l\u00e4stid":"1 minut"},"schema":{"@context":"https:\/\/schema.org","@graph":[{"@type":"WebPage","@id":"https:\/\/truusk.store\/sv\/produkt\/truusk-badmintonnat-set-hopfallbart-tennisnat-justerbar-hojd-fjaderbollnat-volleybollnat-transportvaska-gul\/","url":"https:\/\/truusk.store\/sv\/produkt\/truusk-badmintonnat-set-hopfallbart-tennisnat-justerbar-hojd-fjaderbollnat-volleybollnat-transportvaska-gul\/","name":"TRUUSK Badmintonn\u00e4t Set - Hopf\u00e4llbart Tennisn\u00e4t - Justerbar H\u00f6jd - Fj\u00e4derbolln\u00e4t - Volleybolln\u00e4t - Transportv\u00e4ska - Gul - TRUUSK - Hem, Tr\u00e4dg\u00e5rd &amp; Fritid","isPartOf":{"@id":"https:\/\/truusk.store\/sv\/#website"},"primaryImageOfPage":{"@id":"https:\/\/truusk.store\/sv\/produkt\/truusk-badmintonnat-set-hopfallbart-tennisnat-justerbar-hojd-fjaderbollnat-volleybollnat-transportvaska-gul\/#primaryimage"},"image":{"@id":"https:\/\/truusk.store\/sv\/produkt\/truusk-badmintonnat-set-hopfallbart-tennisnat-justerbar-hojd-fjaderbollnat-volleybollnat-transportvaska-gul\/#primaryimage"},"thumbnailUrl":"https:\/\/i0.wp.com\/truusk.store\/wp-content\/uploads\/2025\/06\/sportnow-badmintonnat-set-hopfallbart-tennisnat-103-120-155-cm-justerbar-hojd-inomhus-utomhus-fjaderbollnat-volleybollnat-med-transportvaska-metall-polyester-gul-1.webp?fit=2000%2C2000&ssl=1","datePublished":"2025-06-05T05:30:21+00:00","dateModified":"2026-03-12T08:37:13+00:00","breadcrumb":{"@id":"https:\/\/truusk.store\/sv\/produkt\/truusk-badmintonnat-set-hopfallbart-tennisnat-justerbar-hojd-fjaderbollnat-volleybollnat-transportvaska-gul\/#breadcrumb"},"inLanguage":"sv-SE","potentialAction":[{"@type":"ReadAction","target":["https:\/\/truusk.store\/sv\/produkt\/truusk-badmintonnat-set-hopfallbart-tennisnat-justerbar-hojd-fjaderbollnat-volleybollnat-transportvaska-gul\/"]}]},{"@type":"ImageObject","inLanguage":"sv-SE","@id":"https:\/\/truusk.store\/sv\/produkt\/truusk-badmintonnat-set-hopfallbart-tennisnat-justerbar-hojd-fjaderbollnat-volleybollnat-transportvaska-gul\/#primaryimage","url":"https:\/\/i0.wp.com\/truusk.store\/wp-content\/uploads\/2025\/06\/sportnow-badmintonnat-set-hopfallbart-tennisnat-103-120-155-cm-justerbar-hojd-inomhus-utomhus-fjaderbollnat-volleybollnat-med-transportvaska-metall-polyester-gul-1.webp?fit=2000%2C2000&ssl=1","contentUrl":"https:\/\/i0.wp.com\/truusk.store\/wp-content\/uploads\/2025\/06\/sportnow-badmintonnat-set-hopfallbart-tennisnat-103-120-155-cm-justerbar-hojd-inomhus-utomhus-fjaderbollnat-volleybollnat-med-transportvaska-metall-polyester-gul-1.webp?fit=2000%2C2000&ssl=1","width":2000,"height":2000},{"@type":"BreadcrumbList","@id":"https:\/\/truusk.store\/sv\/produkt\/truusk-badmintonnat-set-hopfallbart-tennisnat-justerbar-hojd-fjaderbollnat-volleybollnat-transportvaska-gul\/#breadcrumb","itemListElement":[{"@type":"ListItem","position":1,"name":"Home","item":"https:\/\/truusk.store\/sv\/"},{"@type":"ListItem","position":2,"name":"Shop","item":"https:\/\/truusk.store\/shop\/"},{"@type":"ListItem","position":3,"name":"TRUUSK Badmintonn\u00e4t Set &#8211; Hopf\u00e4llbart Tennisn\u00e4t &#8211; Justerbar H\u00f6jd &#8211; Fj\u00e4derbolln\u00e4t &#8211; Volleybolln\u00e4t &#8211; Transportv\u00e4ska &#8211; Gul"}]},{"@type":"WebSite","@id":"https:\/\/truusk.store\/sv\/#website","url":"https:\/\/truusk.store\/sv\/","name":"TRUUSK - Hem, Tr\u00e4dg\u00e5rd & Fritid","description":"","publisher":{"@id":"https:\/\/truusk.store\/sv\/#organization"},"potentialAction":[{"@type":"SearchAction","target":{"@type":"EntryPoint","urlTemplate":"https:\/\/truusk.store\/sv\/?s={search_term_string}"},"query-input":{"@type":"PropertyValueSpecification","valueRequired":true,"valueName":"search_term_string"}}],"inLanguage":"sv-SE"},{"@type":"Organization","@id":"https:\/\/truusk.store\/sv\/#organization","name":"TRUUSK - Hem, Tr\u00e4dg\u00e5rd & Fritid","url":"https:\/\/truusk.store\/sv\/","logo":{"@type":"ImageObject","inLanguage":"sv-SE","@id":"https:\/\/truusk.store\/sv\/#\/schema\/logo\/image\/","url":"https:\/\/i0.wp.com\/truusk.store\/wp-content\/uploads\/2026\/03\/cropped-TRUUSK.png?fit=2032%2C917&ssl=1","contentUrl":"https:\/\/i0.wp.com\/truusk.store\/wp-content\/uploads\/2026\/03\/cropped-TRUUSK.png?fit=2032%2C917&ssl=1","width":2032,"height":917,"caption":"TRUUSK - Hem, Tr\u00e4dg\u00e5rd & Fritid"},"image":{"@id":"https:\/\/truusk.store\/sv\/#\/schema\/logo\/image\/"}}]}},"jetpack_sharing_enabled":true,"_links":{"self":[{"href":"https:\/\/truusk.store\/sv\/wp-json\/wp\/v2\/product\/62696","targetHints":{"allow":["GET"]}}],"collection":[{"href":"https:\/\/truusk.store\/sv\/wp-json\/wp\/v2\/product"}],"about":[{"href":"https:\/\/truusk.store\/sv\/wp-json\/wp\/v2\/types\/product"}],"wp:featuredmedia":[{"embeddable":true,"href":"https:\/\/truusk.store\/sv\/wp-json\/wp\/v2\/media\/62687"}],"wp:attachment":[{"href":"https:\/\/truusk.store\/sv\/wp-json\/wp\/v2\/media?parent=62696"}],"wp:term":[{"taxonomy":"product_brand","embeddable":true,"href":"https:\/\/truusk.store\/sv\/wp-json\/wp\/v2\/product_brand?post=62696"},{"taxonomy":"product_cat","embeddable":true,"href":"https:\/\/truusk.store\/sv\/wp-json\/wp\/v2\/product_cat?post=62696"},{"taxonomy":"product_tag","embeddable":true,"href":"https:\/\/truusk.store\/sv\/wp-json\/wp\/v2\/product_tag?post=62696"}],"curies":[{"name":"wp","href":"https:\/\/api.w.org\/{rel}","templated":true}]}}