{"id":62736,"date":"2025-06-05T06:34:25","date_gmt":"2025-06-05T05:34:25","guid":{"rendered":"https:\/\/truusk.store\/product\/katt-klattervagg-set-3-delat-kattmobler-med-klospapper-hoppplattor-klospelare-lekboll-for-katter-upp-till-5-kg-sisal-beige\/"},"modified":"2026-03-12T09:44:18","modified_gmt":"2026-03-12T08:44:18","slug":"truusk-katt-klattervagg-set-3-delat-kattmobler-klospapper-hoppplattor-klospelare-lekboll-for-katter-upp-till-5-kg","status":"publish","type":"product","link":"https:\/\/truusk.store\/sv\/produkt\/truusk-katt-klattervagg-set-3-delat-kattmobler-klospapper-hoppplattor-klospelare-lekboll-for-katter-upp-till-5-kg\/","title":{"rendered":"TRUUSK Katt Kl\u00e4tterv\u00e4gg Set &#8211; 3-delat Kattm\u00f6bler &#8211; Kl\u00f6spapper &#8211; Hoppplattor &#8211; Kl\u00f6spelare &#8211; Lekboll &#8211; F\u00f6r Katter Upp Till 5 Kg &#8211;"},"content":{"rendered":"<p>G\u00f6r ditt hem till ett katt paradis, med TRUUSK&#8217;s v\u00e4ggmonterade katt kl\u00e4tterv\u00e4gg set! Detta utrymmesbesparande kl\u00e4tterv\u00e4gg set erbjuder kl\u00f6spelare och flera plattformar, perfekt f\u00f6r kl\u00e4ttring, kl\u00f6sning och vila. Tillverkat av sp\u00e5nskiva, integreras setet perfekt i din inredning, tillfredsst\u00e4ller din katts instinkter och h\u00e5ller golven fria.<\/p>\n<p>Beskrivning:<\/p>\n<ul>\n<li> V\u00e4ggmonterad design av katt kl\u00e4tterv\u00e4gg set sparar v\u00e4rdefullt golvutrymme<\/li>\n<li> Inneh\u00e5ller tre delar f\u00f6r olika kl\u00e4ttrings- och viloptioner<\/li>\n<li> Tv\u00e5 kl\u00f6spelare hindrar katter fr\u00e5n att skada m\u00f6bler<\/li>\n<li> Dubbelskiktad h\u00f6rnplattform av kl\u00e4tterv\u00e4gg set fr\u00e4mjar aktivt hoppande<\/li>\n<li> Tillverkad av sp\u00e5nskiva f\u00f6r stabil, s\u00e4ker placering<\/li>\n<li> Estetiskt tilltalande f\u00f6r att komplettera heminredningen<\/li>\n<li> Montering kr\u00e4vs, m\u00f6jligg\u00f6r individuell inredning<\/li>\n<\/ul>\n<p> Tekniska data:<\/p>\n<ul>\n<li> F\u00e4rg: Beige<\/li>\n<li> Material: Sp\u00e5nskiva, plysch, sisal<\/li>\n<li> Kl\u00f6spelare: \u00d820 x 31L cm<\/li>\n<li> Dubbelv\u00e5ningsplattform: 110L x 56B x 73H cm<\/li>\n<li> Maximal belastning: 5 kg<\/li>\n<\/ul>\n<p> Leveransinneh\u00e5ll:<\/p>\n<ul>\n<li> 1 x Katttr\u00e4dset<\/li>\n<li> 1 x Bruksanvisning<\/li>\n<\/ul>\n","protected":false},"excerpt":{"rendered":"<p>G\u00f6r ditt hem till ett katt paradis, med TRUUSK&#8217;s v\u00e4ggmonterade katt kl\u00e4tterv\u00e4gg set! Detta utrymmesbesparande kl\u00e4tterv\u00e4gg set erbjuder kl\u00f6spelare och&#8230;<\/p>\n","protected":false},"featured_media":62726,"template":"","meta":[],"product_brand":[],"product_cat":[878,588,592],"product_tag":[],"class_list":{"0":"post-62736","1":"product","2":"type-product","3":"status-publish","4":"has-post-thumbnail","6":"product_cat-djurbehov","7":"product_cat-katttillbehor","8":"product_cat-katttrappa","10":"first","11":"instock","12":"sale","13":"taxable","14":"shipping-taxable","15":"purchasable","16":"product-type-simple"},"yoast_head":"<!-- This site is optimized with the Yoast SEO plugin v25.4 - https:\/\/yoast.com\/wordpress\/plugins\/seo\/ -->\n<title>TRUUSK Katt Kl\u00e4tterv\u00e4gg Set - 3-delat Kattm\u00f6bler - Kl\u00f6spapper - Hoppplattor - Kl\u00f6spelare - Lekboll - F\u00f6r Katter Upp Till 5 Kg - TRUUSK - Hem, Tr\u00e4dg\u00e5rd &amp; Fritid<\/title>\n<meta name=\"robots\" content=\"index, follow, max-snippet:-1, max-image-preview:large, max-video-preview:-1\" \/>\n<link rel=\"canonical\" href=\"https:\/\/truusk.store\/sv\/produkt\/truusk-katt-klattervagg-set-3-delat-kattmobler-klospapper-hoppplattor-klospelare-lekboll-for-katter-upp-till-5-kg\/\" \/>\n<meta property=\"og:locale\" content=\"sv_SE\" \/>\n<meta property=\"og:type\" content=\"article\" \/>\n<meta property=\"og:title\" content=\"TRUUSK Katt Kl\u00e4tterv\u00e4gg Set - 3-delat Kattm\u00f6bler - Kl\u00f6spapper - Hoppplattor - Kl\u00f6spelare - Lekboll - F\u00f6r Katter Upp Till 5 Kg - TRUUSK - Hem, Tr\u00e4dg\u00e5rd &amp; Fritid\" \/>\n<meta property=\"og:description\" content=\"G\u00f6r ditt hem till ett katt paradis, med TRUUSK&#8217;s v\u00e4ggmonterade katt kl\u00e4tterv\u00e4gg set! Detta utrymmesbesparande kl\u00e4tterv\u00e4gg set erbjuder kl\u00f6spelare och...\" \/>\n<meta property=\"og:url\" content=\"https:\/\/truusk.store\/sv\/produkt\/truusk-katt-klattervagg-set-3-delat-kattmobler-klospapper-hoppplattor-klospelare-lekboll-for-katter-upp-till-5-kg\/\" \/>\n<meta property=\"og:site_name\" content=\"TRUUSK - Hem, Tr\u00e4dg\u00e5rd &amp; Fritid\" \/>\n<meta property=\"article:modified_time\" content=\"2026-03-12T08:44:18+00:00\" \/>\n<meta property=\"og:image\" content=\"https:\/\/i0.wp.com\/truusk.se\/wp-content\/uploads\/2025\/06\/katt-klattervagg-set-3-delat-kattmobler-med-klospapper-hoppplattor-klospelare-lekboll-for-katter-upp-till-5-kg-sisal-beige-1.webp?fit=2000%2C2000&ssl=1\" \/>\n\t<meta property=\"og:image:width\" content=\"2000\" \/>\n\t<meta property=\"og:image:height\" content=\"2000\" \/>\n\t<meta property=\"og:image:type\" content=\"image\/webp\" \/>\n<meta name=\"twitter:card\" content=\"summary_large_image\" \/>\n<meta name=\"twitter:label1\" content=\"Ber\u00e4knad l\u00e4stid\" \/>\n\t<meta name=\"twitter:data1\" content=\"1 minut\" \/>\n<!-- \/ Yoast SEO plugin. -->","yoast_head_json":{"title":"TRUUSK Katt Kl\u00e4tterv\u00e4gg Set - 3-delat Kattm\u00f6bler - Kl\u00f6spapper - Hoppplattor - Kl\u00f6spelare - Lekboll - F\u00f6r Katter Upp Till 5 Kg - TRUUSK - Hem, Tr\u00e4dg\u00e5rd &amp; Fritid","robots":{"index":"index","follow":"follow","max-snippet":"max-snippet:-1","max-image-preview":"max-image-preview:large","max-video-preview":"max-video-preview:-1"},"canonical":"https:\/\/truusk.store\/sv\/produkt\/truusk-katt-klattervagg-set-3-delat-kattmobler-klospapper-hoppplattor-klospelare-lekboll-for-katter-upp-till-5-kg\/","og_locale":"sv_SE","og_type":"article","og_title":"TRUUSK Katt Kl\u00e4tterv\u00e4gg Set - 3-delat Kattm\u00f6bler - Kl\u00f6spapper - Hoppplattor - Kl\u00f6spelare - Lekboll - F\u00f6r Katter Upp Till 5 Kg - TRUUSK - Hem, Tr\u00e4dg\u00e5rd &amp; Fritid","og_description":"G\u00f6r ditt hem till ett katt paradis, med TRUUSK&#8217;s v\u00e4ggmonterade katt kl\u00e4tterv\u00e4gg set! Detta utrymmesbesparande kl\u00e4tterv\u00e4gg set erbjuder kl\u00f6spelare och...","og_url":"https:\/\/truusk.store\/sv\/produkt\/truusk-katt-klattervagg-set-3-delat-kattmobler-klospapper-hoppplattor-klospelare-lekboll-for-katter-upp-till-5-kg\/","og_site_name":"TRUUSK - Hem, Tr\u00e4dg\u00e5rd &amp; Fritid","article_modified_time":"2026-03-12T08:44:18+00:00","og_image":[{"width":2000,"height":2000,"url":"https:\/\/i0.wp.com\/truusk.se\/wp-content\/uploads\/2025\/06\/katt-klattervagg-set-3-delat-kattmobler-med-klospapper-hoppplattor-klospelare-lekboll-for-katter-upp-till-5-kg-sisal-beige-1.webp?fit=2000%2C2000&ssl=1","type":"image\/webp"}],"twitter_card":"summary_large_image","twitter_misc":{"Ber\u00e4knad l\u00e4stid":"1 minut"},"schema":{"@context":"https:\/\/schema.org","@graph":[{"@type":"WebPage","@id":"https:\/\/truusk.store\/sv\/produkt\/truusk-katt-klattervagg-set-3-delat-kattmobler-klospapper-hoppplattor-klospelare-lekboll-for-katter-upp-till-5-kg\/","url":"https:\/\/truusk.store\/sv\/produkt\/truusk-katt-klattervagg-set-3-delat-kattmobler-klospapper-hoppplattor-klospelare-lekboll-for-katter-upp-till-5-kg\/","name":"TRUUSK Katt Kl\u00e4tterv\u00e4gg Set - 3-delat Kattm\u00f6bler - Kl\u00f6spapper - Hoppplattor - Kl\u00f6spelare - Lekboll - F\u00f6r Katter Upp Till 5 Kg - TRUUSK - Hem, Tr\u00e4dg\u00e5rd &amp; Fritid","isPartOf":{"@id":"https:\/\/truusk.store\/sv\/#website"},"primaryImageOfPage":{"@id":"https:\/\/truusk.store\/sv\/produkt\/truusk-katt-klattervagg-set-3-delat-kattmobler-klospapper-hoppplattor-klospelare-lekboll-for-katter-upp-till-5-kg\/#primaryimage"},"image":{"@id":"https:\/\/truusk.store\/sv\/produkt\/truusk-katt-klattervagg-set-3-delat-kattmobler-klospapper-hoppplattor-klospelare-lekboll-for-katter-upp-till-5-kg\/#primaryimage"},"thumbnailUrl":"https:\/\/i0.wp.com\/truusk.store\/wp-content\/uploads\/2025\/06\/katt-klattervagg-set-3-delat-kattmobler-med-klospapper-hoppplattor-klospelare-lekboll-for-katter-upp-till-5-kg-sisal-beige-1.webp?fit=2000%2C2000&ssl=1","datePublished":"2025-06-05T05:34:25+00:00","dateModified":"2026-03-12T08:44:18+00:00","breadcrumb":{"@id":"https:\/\/truusk.store\/sv\/produkt\/truusk-katt-klattervagg-set-3-delat-kattmobler-klospapper-hoppplattor-klospelare-lekboll-for-katter-upp-till-5-kg\/#breadcrumb"},"inLanguage":"sv-SE","potentialAction":[{"@type":"ReadAction","target":["https:\/\/truusk.store\/sv\/produkt\/truusk-katt-klattervagg-set-3-delat-kattmobler-klospapper-hoppplattor-klospelare-lekboll-for-katter-upp-till-5-kg\/"]}]},{"@type":"ImageObject","inLanguage":"sv-SE","@id":"https:\/\/truusk.store\/sv\/produkt\/truusk-katt-klattervagg-set-3-delat-kattmobler-klospapper-hoppplattor-klospelare-lekboll-for-katter-upp-till-5-kg\/#primaryimage","url":"https:\/\/i0.wp.com\/truusk.store\/wp-content\/uploads\/2025\/06\/katt-klattervagg-set-3-delat-kattmobler-med-klospapper-hoppplattor-klospelare-lekboll-for-katter-upp-till-5-kg-sisal-beige-1.webp?fit=2000%2C2000&ssl=1","contentUrl":"https:\/\/i0.wp.com\/truusk.store\/wp-content\/uploads\/2025\/06\/katt-klattervagg-set-3-delat-kattmobler-med-klospapper-hoppplattor-klospelare-lekboll-for-katter-upp-till-5-kg-sisal-beige-1.webp?fit=2000%2C2000&ssl=1","width":2000,"height":2000},{"@type":"BreadcrumbList","@id":"https:\/\/truusk.store\/sv\/produkt\/truusk-katt-klattervagg-set-3-delat-kattmobler-klospapper-hoppplattor-klospelare-lekboll-for-katter-upp-till-5-kg\/#breadcrumb","itemListElement":[{"@type":"ListItem","position":1,"name":"Home","item":"https:\/\/truusk.store\/sv\/"},{"@type":"ListItem","position":2,"name":"Shop","item":"https:\/\/truusk.store\/shop\/"},{"@type":"ListItem","position":3,"name":"TRUUSK Katt Kl\u00e4tterv\u00e4gg Set &#8211; 3-delat Kattm\u00f6bler &#8211; Kl\u00f6spapper &#8211; Hoppplattor &#8211; Kl\u00f6spelare &#8211; Lekboll &#8211; F\u00f6r Katter Upp Till 5 Kg &#8211;"}]},{"@type":"WebSite","@id":"https:\/\/truusk.store\/sv\/#website","url":"https:\/\/truusk.store\/sv\/","name":"TRUUSK - Hem, Tr\u00e4dg\u00e5rd & Fritid","description":"","publisher":{"@id":"https:\/\/truusk.store\/sv\/#organization"},"potentialAction":[{"@type":"SearchAction","target":{"@type":"EntryPoint","urlTemplate":"https:\/\/truusk.store\/sv\/?s={search_term_string}"},"query-input":{"@type":"PropertyValueSpecification","valueRequired":true,"valueName":"search_term_string"}}],"inLanguage":"sv-SE"},{"@type":"Organization","@id":"https:\/\/truusk.store\/sv\/#organization","name":"TRUUSK - Hem, Tr\u00e4dg\u00e5rd & Fritid","url":"https:\/\/truusk.store\/sv\/","logo":{"@type":"ImageObject","inLanguage":"sv-SE","@id":"https:\/\/truusk.store\/sv\/#\/schema\/logo\/image\/","url":"https:\/\/i0.wp.com\/truusk.store\/wp-content\/uploads\/2026\/03\/cropped-TRUUSK.png?fit=2032%2C917&ssl=1","contentUrl":"https:\/\/i0.wp.com\/truusk.store\/wp-content\/uploads\/2026\/03\/cropped-TRUUSK.png?fit=2032%2C917&ssl=1","width":2032,"height":917,"caption":"TRUUSK - Hem, Tr\u00e4dg\u00e5rd & Fritid"},"image":{"@id":"https:\/\/truusk.store\/sv\/#\/schema\/logo\/image\/"}}]}},"jetpack_sharing_enabled":true,"_links":{"self":[{"href":"https:\/\/truusk.store\/sv\/wp-json\/wp\/v2\/product\/62736","targetHints":{"allow":["GET"]}}],"collection":[{"href":"https:\/\/truusk.store\/sv\/wp-json\/wp\/v2\/product"}],"about":[{"href":"https:\/\/truusk.store\/sv\/wp-json\/wp\/v2\/types\/product"}],"wp:featuredmedia":[{"embeddable":true,"href":"https:\/\/truusk.store\/sv\/wp-json\/wp\/v2\/media\/62726"}],"wp:attachment":[{"href":"https:\/\/truusk.store\/sv\/wp-json\/wp\/v2\/media?parent=62736"}],"wp:term":[{"taxonomy":"product_brand","embeddable":true,"href":"https:\/\/truusk.store\/sv\/wp-json\/wp\/v2\/product_brand?post=62736"},{"taxonomy":"product_cat","embeddable":true,"href":"https:\/\/truusk.store\/sv\/wp-json\/wp\/v2\/product_cat?post=62736"},{"taxonomy":"product_tag","embeddable":true,"href":"https:\/\/truusk.store\/sv\/wp-json\/wp\/v2\/product_tag?post=62736"}],"curies":[{"name":"wp","href":"https:\/\/api.w.org\/{rel}","templated":true}]}}