{"id":62786,"date":"2025-06-05T06:39:30","date_gmt":"2025-06-05T05:39:30","guid":{"rendered":"https:\/\/truusk.store\/product\/kattunnel-leksakstunnel-med-2-hus-3-oppningar-hopfallbar-djurtunnel-for-katter-upp-till-6-kg-inomhus-beige\/"},"modified":"2026-03-12T09:44:16","modified_gmt":"2026-03-12T08:44:16","slug":"truusk-kattunnel-leksakstunnel-2-hus-3-oppningar-hopfallbar-for-katter-upp-till-6-kg-inomhus-beige","status":"publish","type":"product","link":"https:\/\/truusk.store\/sv\/produkt\/truusk-kattunnel-leksakstunnel-2-hus-3-oppningar-hopfallbar-for-katter-upp-till-6-kg-inomhus-beige\/","title":{"rendered":"TRUUSK Kattunnel Leksakstunnel &#8211; 2 Hus &#8211; 3 \u00f6ppningar &#8211; Hopf\u00e4llbar &#8211; F\u00f6r Katter Upp Till 6 Kg &#8211; Inomhus &#8211; Beige"},"content":{"rendered":"<p>Uppt\u00e4ck o\u00e4ndlig rolig f\u00f6r din katt med TRUUSK kattunnel! Smart designad, passar den enkelt \u00e4ven i mindre utrymmen. Med tre \u00f6ppningar och en mysig insida, s\u00e4kerst\u00e4ller denna djurtunnel att din katt har mycket roligt, medan dina m\u00f6bler f\u00f6rblir skyddade fr\u00e5n vassa klor. Skapa en s\u00e4ker tillflyktsort och en sp\u00e4nnande lekplats f\u00f6r ditt husdjur!<\/p>\n<p>Beskrivning:<\/p>\n<ul>\n<li> Tv\u00e5 katt hus av djurtunneln, som kan kombineras till en kompakt enhet, idealisk f\u00f6r utrymmesbesparande f\u00f6rvaring<\/li>\n<li> Utrustad med tre \u00f6ppningar, en plysch tunnel och tv\u00e5 katt hus<\/li>\n<li> Tillverkad av sp\u00e5nskiva, kl\u00e4dd med mjuk plysch<\/li>\n<li> Sisal rep av lektunneln f\u00f6r att kl\u00f6sa<\/li>\n<li> L\u00e4mplig f\u00f6r katter upp till 6 kg<\/li>\n<li> Montering kr\u00e4vs<\/li>\n<\/ul>\n<p> Tekniska data:<\/p>\n<ul>\n<li> F\u00e4rg: Beige<\/li>\n<li> Material: Sp\u00e5nskiva, plysch, sisal<\/li>\n<li> Maximal storlek: 107L x 38B x 29H cm<\/li>\n<li> Plysch tunnel: 56L cm, \u00d817 cm (d\u00f6rrh\u00e5l)<\/li>\n<li> Stort hus: 38L x 28B x 29H cm, 26L x 19,5B cm (d\u00f6rrh\u00e5l)<\/li>\n<li> Litet hus: 32L x 24,5B x 24H cm, 22L x 17B cm (d\u00f6rrh\u00e5l)<\/li>\n<li> Maximal belastningskapacitet: 6 kg<\/li>\n<\/ul>\n<p> Leveransinneh\u00e5ll:<\/p>\n<ul>\n<li> 1 x Katt lektunnel<\/li>\n<li> 1 x Instruktioner<\/li>\n<\/ul>\n","protected":false},"excerpt":{"rendered":"<p>Uppt\u00e4ck o\u00e4ndlig rolig f\u00f6r din katt med TRUUSK kattunnel! Smart designad, passar den enkelt \u00e4ven i mindre utrymmen. Med tre&#8230;<\/p>\n","protected":false},"featured_media":62777,"template":"","meta":[],"product_brand":[],"product_cat":[895,590,588],"product_tag":[],"class_list":{"0":"post-62786","1":"product","2":"type-product","3":"status-publish","4":"has-post-thumbnail","6":"product_cat-djurutrustning","7":"product_cat-kattgrottor-kattsangar","8":"product_cat-katttillbehor","10":"first","11":"instock","12":"sale","13":"taxable","14":"shipping-taxable","15":"purchasable","16":"product-type-simple"},"yoast_head":"<!-- This site is optimized with the Yoast SEO plugin v25.4 - https:\/\/yoast.com\/wordpress\/plugins\/seo\/ -->\n<title>TRUUSK Kattunnel Leksakstunnel - 2 Hus - 3 \u00f6ppningar - Hopf\u00e4llbar - F\u00f6r Katter Upp Till 6 Kg - Inomhus - Beige - TRUUSK - Hem, Tr\u00e4dg\u00e5rd &amp; Fritid<\/title>\n<meta name=\"robots\" content=\"index, follow, max-snippet:-1, max-image-preview:large, max-video-preview:-1\" \/>\n<link rel=\"canonical\" href=\"https:\/\/truusk.store\/sv\/produkt\/truusk-kattunnel-leksakstunnel-2-hus-3-oppningar-hopfallbar-for-katter-upp-till-6-kg-inomhus-beige\/\" \/>\n<meta property=\"og:locale\" content=\"sv_SE\" \/>\n<meta property=\"og:type\" content=\"article\" \/>\n<meta property=\"og:title\" content=\"TRUUSK Kattunnel Leksakstunnel - 2 Hus - 3 \u00f6ppningar - Hopf\u00e4llbar - F\u00f6r Katter Upp Till 6 Kg - Inomhus - Beige - TRUUSK - Hem, Tr\u00e4dg\u00e5rd &amp; Fritid\" \/>\n<meta property=\"og:description\" content=\"Uppt\u00e4ck o\u00e4ndlig rolig f\u00f6r din katt med TRUUSK kattunnel! Smart designad, passar den enkelt \u00e4ven i mindre utrymmen. Med tre...\" \/>\n<meta property=\"og:url\" content=\"https:\/\/truusk.store\/sv\/produkt\/truusk-kattunnel-leksakstunnel-2-hus-3-oppningar-hopfallbar-for-katter-upp-till-6-kg-inomhus-beige\/\" \/>\n<meta property=\"og:site_name\" content=\"TRUUSK - Hem, Tr\u00e4dg\u00e5rd &amp; Fritid\" \/>\n<meta property=\"article:modified_time\" content=\"2026-03-12T08:44:16+00:00\" \/>\n<meta property=\"og:image\" content=\"https:\/\/i0.wp.com\/truusk.se\/wp-content\/uploads\/2025\/06\/kattunnel-leksakstunnel-med-2-hus-3-oppningar-hopfallbar-djurtunnel-for-katter-upp-till-6-kg-inomhus-beige-1.webp?fit=2000%2C2000&ssl=1\" \/>\n\t<meta property=\"og:image:width\" content=\"2000\" \/>\n\t<meta property=\"og:image:height\" content=\"2000\" \/>\n\t<meta property=\"og:image:type\" content=\"image\/webp\" \/>\n<meta name=\"twitter:card\" content=\"summary_large_image\" \/>\n<meta name=\"twitter:label1\" content=\"Ber\u00e4knad l\u00e4stid\" \/>\n\t<meta name=\"twitter:data1\" content=\"1 minut\" \/>\n<!-- \/ Yoast SEO plugin. -->","yoast_head_json":{"title":"TRUUSK Kattunnel Leksakstunnel - 2 Hus - 3 \u00f6ppningar - Hopf\u00e4llbar - F\u00f6r Katter Upp Till 6 Kg - Inomhus - Beige - TRUUSK - Hem, Tr\u00e4dg\u00e5rd &amp; Fritid","robots":{"index":"index","follow":"follow","max-snippet":"max-snippet:-1","max-image-preview":"max-image-preview:large","max-video-preview":"max-video-preview:-1"},"canonical":"https:\/\/truusk.store\/sv\/produkt\/truusk-kattunnel-leksakstunnel-2-hus-3-oppningar-hopfallbar-for-katter-upp-till-6-kg-inomhus-beige\/","og_locale":"sv_SE","og_type":"article","og_title":"TRUUSK Kattunnel Leksakstunnel - 2 Hus - 3 \u00f6ppningar - Hopf\u00e4llbar - F\u00f6r Katter Upp Till 6 Kg - Inomhus - Beige - TRUUSK - Hem, Tr\u00e4dg\u00e5rd &amp; Fritid","og_description":"Uppt\u00e4ck o\u00e4ndlig rolig f\u00f6r din katt med TRUUSK kattunnel! Smart designad, passar den enkelt \u00e4ven i mindre utrymmen. Med tre...","og_url":"https:\/\/truusk.store\/sv\/produkt\/truusk-kattunnel-leksakstunnel-2-hus-3-oppningar-hopfallbar-for-katter-upp-till-6-kg-inomhus-beige\/","og_site_name":"TRUUSK - Hem, Tr\u00e4dg\u00e5rd &amp; Fritid","article_modified_time":"2026-03-12T08:44:16+00:00","og_image":[{"width":2000,"height":2000,"url":"https:\/\/i0.wp.com\/truusk.se\/wp-content\/uploads\/2025\/06\/kattunnel-leksakstunnel-med-2-hus-3-oppningar-hopfallbar-djurtunnel-for-katter-upp-till-6-kg-inomhus-beige-1.webp?fit=2000%2C2000&ssl=1","type":"image\/webp"}],"twitter_card":"summary_large_image","twitter_misc":{"Ber\u00e4knad l\u00e4stid":"1 minut"},"schema":{"@context":"https:\/\/schema.org","@graph":[{"@type":"WebPage","@id":"https:\/\/truusk.store\/sv\/produkt\/truusk-kattunnel-leksakstunnel-2-hus-3-oppningar-hopfallbar-for-katter-upp-till-6-kg-inomhus-beige\/","url":"https:\/\/truusk.store\/sv\/produkt\/truusk-kattunnel-leksakstunnel-2-hus-3-oppningar-hopfallbar-for-katter-upp-till-6-kg-inomhus-beige\/","name":"TRUUSK Kattunnel Leksakstunnel - 2 Hus - 3 \u00f6ppningar - Hopf\u00e4llbar - F\u00f6r Katter Upp Till 6 Kg - Inomhus - Beige - TRUUSK - Hem, Tr\u00e4dg\u00e5rd &amp; Fritid","isPartOf":{"@id":"https:\/\/truusk.store\/sv\/#website"},"primaryImageOfPage":{"@id":"https:\/\/truusk.store\/sv\/produkt\/truusk-kattunnel-leksakstunnel-2-hus-3-oppningar-hopfallbar-for-katter-upp-till-6-kg-inomhus-beige\/#primaryimage"},"image":{"@id":"https:\/\/truusk.store\/sv\/produkt\/truusk-kattunnel-leksakstunnel-2-hus-3-oppningar-hopfallbar-for-katter-upp-till-6-kg-inomhus-beige\/#primaryimage"},"thumbnailUrl":"https:\/\/i0.wp.com\/truusk.store\/wp-content\/uploads\/2025\/06\/kattunnel-leksakstunnel-med-2-hus-3-oppningar-hopfallbar-djurtunnel-for-katter-upp-till-6-kg-inomhus-beige-1.webp?fit=2000%2C2000&ssl=1","datePublished":"2025-06-05T05:39:30+00:00","dateModified":"2026-03-12T08:44:16+00:00","breadcrumb":{"@id":"https:\/\/truusk.store\/sv\/produkt\/truusk-kattunnel-leksakstunnel-2-hus-3-oppningar-hopfallbar-for-katter-upp-till-6-kg-inomhus-beige\/#breadcrumb"},"inLanguage":"sv-SE","potentialAction":[{"@type":"ReadAction","target":["https:\/\/truusk.store\/sv\/produkt\/truusk-kattunnel-leksakstunnel-2-hus-3-oppningar-hopfallbar-for-katter-upp-till-6-kg-inomhus-beige\/"]}]},{"@type":"ImageObject","inLanguage":"sv-SE","@id":"https:\/\/truusk.store\/sv\/produkt\/truusk-kattunnel-leksakstunnel-2-hus-3-oppningar-hopfallbar-for-katter-upp-till-6-kg-inomhus-beige\/#primaryimage","url":"https:\/\/i0.wp.com\/truusk.store\/wp-content\/uploads\/2025\/06\/kattunnel-leksakstunnel-med-2-hus-3-oppningar-hopfallbar-djurtunnel-for-katter-upp-till-6-kg-inomhus-beige-1.webp?fit=2000%2C2000&ssl=1","contentUrl":"https:\/\/i0.wp.com\/truusk.store\/wp-content\/uploads\/2025\/06\/kattunnel-leksakstunnel-med-2-hus-3-oppningar-hopfallbar-djurtunnel-for-katter-upp-till-6-kg-inomhus-beige-1.webp?fit=2000%2C2000&ssl=1","width":2000,"height":2000},{"@type":"BreadcrumbList","@id":"https:\/\/truusk.store\/sv\/produkt\/truusk-kattunnel-leksakstunnel-2-hus-3-oppningar-hopfallbar-for-katter-upp-till-6-kg-inomhus-beige\/#breadcrumb","itemListElement":[{"@type":"ListItem","position":1,"name":"Home","item":"https:\/\/truusk.store\/sv\/"},{"@type":"ListItem","position":2,"name":"Shop","item":"https:\/\/truusk.store\/shop\/"},{"@type":"ListItem","position":3,"name":"TRUUSK Kattunnel Leksakstunnel &#8211; 2 Hus &#8211; 3 \u00f6ppningar &#8211; Hopf\u00e4llbar &#8211; F\u00f6r Katter Upp Till 6 Kg &#8211; Inomhus &#8211; Beige"}]},{"@type":"WebSite","@id":"https:\/\/truusk.store\/sv\/#website","url":"https:\/\/truusk.store\/sv\/","name":"TRUUSK - Hem, Tr\u00e4dg\u00e5rd & Fritid","description":"","publisher":{"@id":"https:\/\/truusk.store\/sv\/#organization"},"potentialAction":[{"@type":"SearchAction","target":{"@type":"EntryPoint","urlTemplate":"https:\/\/truusk.store\/sv\/?s={search_term_string}"},"query-input":{"@type":"PropertyValueSpecification","valueRequired":true,"valueName":"search_term_string"}}],"inLanguage":"sv-SE"},{"@type":"Organization","@id":"https:\/\/truusk.store\/sv\/#organization","name":"TRUUSK - Hem, Tr\u00e4dg\u00e5rd & Fritid","url":"https:\/\/truusk.store\/sv\/","logo":{"@type":"ImageObject","inLanguage":"sv-SE","@id":"https:\/\/truusk.store\/sv\/#\/schema\/logo\/image\/","url":"https:\/\/i0.wp.com\/truusk.store\/wp-content\/uploads\/2026\/03\/cropped-TRUUSK.png?fit=2032%2C917&ssl=1","contentUrl":"https:\/\/i0.wp.com\/truusk.store\/wp-content\/uploads\/2026\/03\/cropped-TRUUSK.png?fit=2032%2C917&ssl=1","width":2032,"height":917,"caption":"TRUUSK - Hem, Tr\u00e4dg\u00e5rd & Fritid"},"image":{"@id":"https:\/\/truusk.store\/sv\/#\/schema\/logo\/image\/"}}]}},"jetpack_sharing_enabled":true,"_links":{"self":[{"href":"https:\/\/truusk.store\/sv\/wp-json\/wp\/v2\/product\/62786","targetHints":{"allow":["GET"]}}],"collection":[{"href":"https:\/\/truusk.store\/sv\/wp-json\/wp\/v2\/product"}],"about":[{"href":"https:\/\/truusk.store\/sv\/wp-json\/wp\/v2\/types\/product"}],"wp:featuredmedia":[{"embeddable":true,"href":"https:\/\/truusk.store\/sv\/wp-json\/wp\/v2\/media\/62777"}],"wp:attachment":[{"href":"https:\/\/truusk.store\/sv\/wp-json\/wp\/v2\/media?parent=62786"}],"wp:term":[{"taxonomy":"product_brand","embeddable":true,"href":"https:\/\/truusk.store\/sv\/wp-json\/wp\/v2\/product_brand?post=62786"},{"taxonomy":"product_cat","embeddable":true,"href":"https:\/\/truusk.store\/sv\/wp-json\/wp\/v2\/product_cat?post=62786"},{"taxonomy":"product_tag","embeddable":true,"href":"https:\/\/truusk.store\/sv\/wp-json\/wp\/v2\/product_tag?post=62786"}],"curies":[{"name":"wp","href":"https:\/\/api.w.org\/{rel}","templated":true}]}}