{"id":6279,"date":"2024-02-13T08:22:13","date_gmt":"2024-02-13T07:22:13","guid":{"rendered":"https:\/\/truusk.store\/product\/verkstadsvagn-verktygsskap-verktygslada-med-5-lador-360-hjul-metall-60-x-28-x-1045-cm\/"},"modified":"2026-03-12T08:55:15","modified_gmt":"2026-03-12T07:55:15","slug":"truusk-verktygsvagn-med-5-lador-metall-360-hjul-60-x-28-x-1045-cm","status":"publish","type":"product","link":"https:\/\/truusk.store\/sv\/produkt\/truusk-verktygsvagn-med-5-lador-metall-360-hjul-60-x-28-x-1045-cm\/","title":{"rendered":"TRUUSK Verktygsvagn Med 5 L\u00e5dor &#8211; Metall &#8211; 360 Hjul &#8211; 60 x 28 x 104,5 cm"},"content":{"rendered":"<p>N\u00e5got f\u00e5r plats d\u00e4r: Det rymliga verktygssk\u00e5pet har ett rymligt undersk\u00e5p med en stor och fyra mindre l\u00e5dor samt en avtagbar verktygsl\u00e5da. P\u00e5 insidan av sk\u00e5pd\u00f6rren hittar du en praktisk stiftbr\u00e4da f\u00f6r de verktyg som du anv\u00e4nder oftast och vill ha snabbt till hands. Verktygssk\u00e5pet \u00e4r perfekt f\u00f6r garaget, verkstaden eller redskapsboden.<\/p>\n<h3>Beskrivning:<\/h3>\n<ul>\n<li>Med 4 gummihjul varav ett med parkeringsbroms<\/li>\n<li>Sidokorg f\u00f6r f\u00f6rvaring av sm\u00e5 verktyg som skruvmejslar, t\u00e5ng etc.<\/li>\n<li>Avtagbar verktygsl\u00e5da med b\u00e4rhandtag<\/li>\n<li>Halkfri matta under verktygsl\u00e5dan<\/li>\n<li>Varje l\u00e5da fodrad med vadderad matta<\/li>\n<li>Pinnbr\u00e4da f\u00f6r verktyg p\u00e5 insidan av sk\u00e5pd\u00f6rren<\/li>\n<li>Med l\u00e5sbyglar f\u00f6r s\u00e4kerhet och ordning \u00e4ven vid flyttning av verktygssk\u00e5pet (l\u00e5sbart, l\u00e5s och nyckel ing\u00e5r ej)<\/li>\n<li>Enkel konstruktion<\/li>\n<\/ul>\n<h3>Teknisk data:<\/h3>\n<ul>\n<li>Material: metall<\/li>\n<li>Svart f\u00e4rg<\/li>\n<li>\u00d6vergripande m\u00e5tt: L60x B28 x H104,5 cm<\/li>\n<li>Toppfack: L45 x B24 x H32,5 cm<\/li>\n<li>Golvm\u00e5tt: L52,5 x B28 x H71 cm<\/li>\n<li>M\u00e5tt p\u00e5 \u00f6versta l\u00e5dan: L38,5 x B20,5 x H4,5 cm<\/li>\n<li>Nedre l\u00e5dm\u00e5tt: L46 x B25,5 x H7,5 cm<\/li>\n<li>Innerm\u00e5tt p\u00e5 sk\u00e5pet: B48 x D26 x H40,5 cm<\/li>\n<li>Storlek p\u00e5 den halkfria mattan: L52 x B27,5 cm<\/li>\n<li>Vikt: 19 kg<\/li>\n<li>Maximal lastkapacitet: 35 kg (totalt), 5 kg (\u00f6vre l\u00e5da), 12 kg (nedre l\u00e5da)<\/li>\n<\/ul>\n<h3>Leveransens omfattning:<\/h3>\n<ul>\n<li>1 x Verktygssk\u00e5p<\/li>\n<li>1 x Monteringsanvisning<\/li>\n<\/ul>\n","protected":false},"excerpt":{"rendered":"<p>N\u00e5got f\u00e5r plats d\u00e4r: Det rymliga verktygssk\u00e5pet har ett rymligt undersk\u00e5p med en stor och fyra mindre l\u00e5dor samt en&#8230;<\/p>\n","protected":false},"featured_media":6280,"template":"","meta":[],"product_brand":[],"product_cat":[688,671,692],"product_tag":[],"class_list":{"0":"post-6279","1":"product","2":"type-product","3":"status-publish","4":"has-post-thumbnail","6":"product_cat-diy","7":"product_cat-jarnaffar","8":"product_cat-ordersystem","10":"first","11":"instock","12":"sale","13":"taxable","14":"shipping-taxable","15":"purchasable","16":"product-type-simple"},"yoast_head":"<!-- This site is optimized with the Yoast SEO plugin v25.4 - https:\/\/yoast.com\/wordpress\/plugins\/seo\/ -->\n<title>TRUUSK Verktygsvagn Med 5 L\u00e5dor - Metall - 360 Hjul - 60 x 28 x 104,5 cm - TRUUSK - Hem, Tr\u00e4dg\u00e5rd &amp; Fritid<\/title>\n<meta name=\"robots\" content=\"index, follow, max-snippet:-1, max-image-preview:large, max-video-preview:-1\" \/>\n<link rel=\"canonical\" href=\"https:\/\/truusk.store\/sv\/produkt\/truusk-verktygsvagn-med-5-lador-metall-360-hjul-60-x-28-x-1045-cm\/\" \/>\n<meta property=\"og:locale\" content=\"sv_SE\" \/>\n<meta property=\"og:type\" content=\"article\" \/>\n<meta property=\"og:title\" content=\"TRUUSK Verktygsvagn Med 5 L\u00e5dor - Metall - 360 Hjul - 60 x 28 x 104,5 cm - TRUUSK - Hem, Tr\u00e4dg\u00e5rd &amp; Fritid\" \/>\n<meta property=\"og:description\" content=\"N\u00e5got f\u00e5r plats d\u00e4r: Det rymliga verktygssk\u00e5pet har ett rymligt undersk\u00e5p med en stor och fyra mindre l\u00e5dor samt en...\" \/>\n<meta property=\"og:url\" content=\"https:\/\/truusk.store\/sv\/produkt\/truusk-verktygsvagn-med-5-lador-metall-360-hjul-60-x-28-x-1045-cm\/\" \/>\n<meta property=\"og:site_name\" content=\"TRUUSK - Hem, Tr\u00e4dg\u00e5rd &amp; Fritid\" \/>\n<meta property=\"article:modified_time\" content=\"2026-03-12T07:55:15+00:00\" \/>\n<meta property=\"og:image\" content=\"https:\/\/i0.wp.com\/truusk.se\/wp-content\/uploads\/2024\/02\/verkstadsvagn-verktygsskap-verktygslada-med-5-lador-360-hjul-metall-60-x-28-x-1045-cm.webp?fit=800%2C800&ssl=1\" \/>\n\t<meta property=\"og:image:width\" content=\"800\" \/>\n\t<meta property=\"og:image:height\" content=\"800\" \/>\n\t<meta property=\"og:image:type\" content=\"image\/webp\" \/>\n<meta name=\"twitter:card\" content=\"summary_large_image\" \/>\n<meta name=\"twitter:label1\" content=\"Ber\u00e4knad l\u00e4stid\" \/>\n\t<meta name=\"twitter:data1\" content=\"1 minut\" \/>\n<!-- \/ Yoast SEO plugin. -->","yoast_head_json":{"title":"TRUUSK Verktygsvagn Med 5 L\u00e5dor - Metall - 360 Hjul - 60 x 28 x 104,5 cm - TRUUSK - Hem, Tr\u00e4dg\u00e5rd &amp; Fritid","robots":{"index":"index","follow":"follow","max-snippet":"max-snippet:-1","max-image-preview":"max-image-preview:large","max-video-preview":"max-video-preview:-1"},"canonical":"https:\/\/truusk.store\/sv\/produkt\/truusk-verktygsvagn-med-5-lador-metall-360-hjul-60-x-28-x-1045-cm\/","og_locale":"sv_SE","og_type":"article","og_title":"TRUUSK Verktygsvagn Med 5 L\u00e5dor - Metall - 360 Hjul - 60 x 28 x 104,5 cm - TRUUSK - Hem, Tr\u00e4dg\u00e5rd &amp; Fritid","og_description":"N\u00e5got f\u00e5r plats d\u00e4r: Det rymliga verktygssk\u00e5pet har ett rymligt undersk\u00e5p med en stor och fyra mindre l\u00e5dor samt en...","og_url":"https:\/\/truusk.store\/sv\/produkt\/truusk-verktygsvagn-med-5-lador-metall-360-hjul-60-x-28-x-1045-cm\/","og_site_name":"TRUUSK - Hem, Tr\u00e4dg\u00e5rd &amp; Fritid","article_modified_time":"2026-03-12T07:55:15+00:00","og_image":[{"width":800,"height":800,"url":"https:\/\/i0.wp.com\/truusk.se\/wp-content\/uploads\/2024\/02\/verkstadsvagn-verktygsskap-verktygslada-med-5-lador-360-hjul-metall-60-x-28-x-1045-cm.webp?fit=800%2C800&ssl=1","type":"image\/webp"}],"twitter_card":"summary_large_image","twitter_misc":{"Ber\u00e4knad l\u00e4stid":"1 minut"},"schema":{"@context":"https:\/\/schema.org","@graph":[{"@type":"WebPage","@id":"https:\/\/truusk.store\/sv\/produkt\/truusk-verktygsvagn-med-5-lador-metall-360-hjul-60-x-28-x-1045-cm\/","url":"https:\/\/truusk.store\/sv\/produkt\/truusk-verktygsvagn-med-5-lador-metall-360-hjul-60-x-28-x-1045-cm\/","name":"TRUUSK Verktygsvagn Med 5 L\u00e5dor - Metall - 360 Hjul - 60 x 28 x 104,5 cm - TRUUSK - Hem, Tr\u00e4dg\u00e5rd &amp; Fritid","isPartOf":{"@id":"https:\/\/truusk.store\/sv\/#website"},"primaryImageOfPage":{"@id":"https:\/\/truusk.store\/sv\/produkt\/truusk-verktygsvagn-med-5-lador-metall-360-hjul-60-x-28-x-1045-cm\/#primaryimage"},"image":{"@id":"https:\/\/truusk.store\/sv\/produkt\/truusk-verktygsvagn-med-5-lador-metall-360-hjul-60-x-28-x-1045-cm\/#primaryimage"},"thumbnailUrl":"https:\/\/i0.wp.com\/truusk.store\/wp-content\/uploads\/2024\/02\/verkstadsvagn-verktygsskap-verktygslada-med-5-lador-360-hjul-metall-60-x-28-x-1045-cm.webp?fit=800%2C800&ssl=1","datePublished":"2024-02-13T07:22:13+00:00","dateModified":"2026-03-12T07:55:15+00:00","breadcrumb":{"@id":"https:\/\/truusk.store\/sv\/produkt\/truusk-verktygsvagn-med-5-lador-metall-360-hjul-60-x-28-x-1045-cm\/#breadcrumb"},"inLanguage":"sv-SE","potentialAction":[{"@type":"ReadAction","target":["https:\/\/truusk.store\/sv\/produkt\/truusk-verktygsvagn-med-5-lador-metall-360-hjul-60-x-28-x-1045-cm\/"]}]},{"@type":"ImageObject","inLanguage":"sv-SE","@id":"https:\/\/truusk.store\/sv\/produkt\/truusk-verktygsvagn-med-5-lador-metall-360-hjul-60-x-28-x-1045-cm\/#primaryimage","url":"https:\/\/i0.wp.com\/truusk.store\/wp-content\/uploads\/2024\/02\/verkstadsvagn-verktygsskap-verktygslada-med-5-lador-360-hjul-metall-60-x-28-x-1045-cm.webp?fit=800%2C800&ssl=1","contentUrl":"https:\/\/i0.wp.com\/truusk.store\/wp-content\/uploads\/2024\/02\/verkstadsvagn-verktygsskap-verktygslada-med-5-lador-360-hjul-metall-60-x-28-x-1045-cm.webp?fit=800%2C800&ssl=1","width":800,"height":800,"caption":"Verkstadsvagn Verktygssk\u00e5p Verktygsl\u00e5da Med 5 L\u00e5dor 360 Hjul Metall 60 X 28 X 104,5 Cm 1"},{"@type":"BreadcrumbList","@id":"https:\/\/truusk.store\/sv\/produkt\/truusk-verktygsvagn-med-5-lador-metall-360-hjul-60-x-28-x-1045-cm\/#breadcrumb","itemListElement":[{"@type":"ListItem","position":1,"name":"Home","item":"https:\/\/truusk.store\/sv\/"},{"@type":"ListItem","position":2,"name":"Shop","item":"https:\/\/truusk.store\/shop\/"},{"@type":"ListItem","position":3,"name":"TRUUSK Verktygsvagn Med 5 L\u00e5dor &#8211; Metall &#8211; 360 Hjul &#8211; 60 x 28 x 104,5 cm"}]},{"@type":"WebSite","@id":"https:\/\/truusk.store\/sv\/#website","url":"https:\/\/truusk.store\/sv\/","name":"TRUUSK - Hem, Tr\u00e4dg\u00e5rd & Fritid","description":"","publisher":{"@id":"https:\/\/truusk.store\/sv\/#organization"},"potentialAction":[{"@type":"SearchAction","target":{"@type":"EntryPoint","urlTemplate":"https:\/\/truusk.store\/sv\/?s={search_term_string}"},"query-input":{"@type":"PropertyValueSpecification","valueRequired":true,"valueName":"search_term_string"}}],"inLanguage":"sv-SE"},{"@type":"Organization","@id":"https:\/\/truusk.store\/sv\/#organization","name":"TRUUSK - Hem, Tr\u00e4dg\u00e5rd & Fritid","url":"https:\/\/truusk.store\/sv\/","logo":{"@type":"ImageObject","inLanguage":"sv-SE","@id":"https:\/\/truusk.store\/sv\/#\/schema\/logo\/image\/","url":"https:\/\/i0.wp.com\/truusk.store\/wp-content\/uploads\/2026\/03\/cropped-TRUUSK.png?fit=2032%2C917&ssl=1","contentUrl":"https:\/\/i0.wp.com\/truusk.store\/wp-content\/uploads\/2026\/03\/cropped-TRUUSK.png?fit=2032%2C917&ssl=1","width":2032,"height":917,"caption":"TRUUSK - Hem, Tr\u00e4dg\u00e5rd & Fritid"},"image":{"@id":"https:\/\/truusk.store\/sv\/#\/schema\/logo\/image\/"}}]}},"jetpack_sharing_enabled":true,"_links":{"self":[{"href":"https:\/\/truusk.store\/sv\/wp-json\/wp\/v2\/product\/6279","targetHints":{"allow":["GET"]}}],"collection":[{"href":"https:\/\/truusk.store\/sv\/wp-json\/wp\/v2\/product"}],"about":[{"href":"https:\/\/truusk.store\/sv\/wp-json\/wp\/v2\/types\/product"}],"wp:featuredmedia":[{"embeddable":true,"href":"https:\/\/truusk.store\/sv\/wp-json\/wp\/v2\/media\/6280"}],"wp:attachment":[{"href":"https:\/\/truusk.store\/sv\/wp-json\/wp\/v2\/media?parent=6279"}],"wp:term":[{"taxonomy":"product_brand","embeddable":true,"href":"https:\/\/truusk.store\/sv\/wp-json\/wp\/v2\/product_brand?post=6279"},{"taxonomy":"product_cat","embeddable":true,"href":"https:\/\/truusk.store\/sv\/wp-json\/wp\/v2\/product_cat?post=6279"},{"taxonomy":"product_tag","embeddable":true,"href":"https:\/\/truusk.store\/sv\/wp-json\/wp\/v2\/product_tag?post=6279"}],"curies":[{"name":"wp","href":"https:\/\/api.w.org\/{rel}","templated":true}]}}