{"id":62796,"date":"2025-06-05T06:40:28","date_gmt":"2025-06-05T05:40:28","guid":{"rendered":"https:\/\/truusk.store\/product\/2-delat-set-med-vedstallsskydd-148-x-62-cm-vattentat-600d-oxford-uv-skydd-vedstallsskydd-for-vedstall-62-66t-x-185h-cm-svart\/"},"modified":"2026-03-12T09:42:34","modified_gmt":"2026-03-12T08:42:34","slug":"truusk-2-delat-vedstallsskydd-vattentat-uv-skydd-passar-vedstall-62-66t-x-185h-cm-svart","status":"publish","type":"product","link":"https:\/\/truusk.store\/sv\/produkt\/truusk-2-delat-vedstallsskydd-vattentat-uv-skydd-passar-vedstall-62-66t-x-185h-cm-svart\/","title":{"rendered":"TRUUSK 2-delat Vedst\u00e4llsskydd &#8211; Vattent\u00e4t UV-skydd &#8211; Passar Vedst\u00e4ll 62-66T X 185H Cm &#8211; Svart"},"content":{"rendered":"<p>Skydda din ved med den h\u00f6gkvalitativa vedst\u00e4llsskyddet fr\u00e5n TRUUSK! Tillverkad av robust 600D Oxfordpolyester, erbjuder detta vedst\u00e4llsskydd optimalt skydd mot regn, UV-str\u00e5lar och damm. De praktiska banden ser till att skyddet alltid sitter fast och att ditt tr\u00e4 alltid \u00e4r redo att anv\u00e4ndas. Tack vare det genomt\u00e4nkta dragkedjedesignen har du snabb tillg\u00e5ng och kan transportera vedst\u00e4llsskyddet utan anstr\u00e4ngning.<\/p>\n<p>Beskrivning:<\/p>\n<ul>\n<li> Tv\u00e5 148 x 62 cm vedst\u00e4llsskydd, l\u00e4mpliga f\u00f6r vedst\u00e4ll (storlek: 62-66T x 185H cm)<\/li>\n<li> 600D Oxfordpolyester med skyddande v\u00e4derbest\u00e4ndig plastbel\u00e4ggning<\/li>\n<li> Dragsn\u00f6ren med bollar p\u00e5 vedst\u00e4llsskyddet f\u00f6r en s\u00e4ker passform<\/li>\n<li> L\u00e4tt att torka av vedst\u00e4llsskydd<\/li>\n<li> Paketet inneh\u00e5ller 2 x skydd, ram ing\u00e5r inte<\/li>\n<\/ul>\n<p>Tekniska data:<\/p>\n<ul>\n<li> F\u00e4rg: Svart<\/li>\n<li> Material: Polyester<\/li>\n<li> Totala dimensioner: 148L x 62B cm<\/li>\n<\/ul>\n<p>Inneh\u00e5ll:<\/p>\n<ul>\n<li> 2 x skydd f\u00f6r vedst\u00e4ll<\/li>\n<li> 32 x dragsn\u00f6re med boll<\/li>\n<\/ul>\n","protected":false},"excerpt":{"rendered":"<p>Skydda din ved med den h\u00f6gkvalitativa vedst\u00e4llsskyddet fr\u00e5n TRUUSK! Tillverkad av robust 600D Oxfordpolyester, erbjuder detta vedst\u00e4llsskydd optimalt skydd mot&#8230;<\/p>\n","protected":false},"featured_media":62787,"template":"","meta":[],"product_brand":[],"product_cat":[867,926,874],"product_tag":[],"class_list":{"0":"post-62796","1":"product","2":"type-product","3":"status-publish","4":"has-post-thumbnail","6":"product_cat-byggmarknad","7":"product_cat-kamin-tillbehor","8":"product_cat-spisar-ugnar","10":"first","11":"instock","12":"sale","13":"taxable","14":"shipping-taxable","15":"purchasable","16":"product-type-simple"},"yoast_head":"<!-- This site is optimized with the Yoast SEO plugin v25.4 - https:\/\/yoast.com\/wordpress\/plugins\/seo\/ -->\n<title>TRUUSK 2-delat Vedst\u00e4llsskydd - Vattent\u00e4t UV-skydd - Passar Vedst\u00e4ll 62-66T X 185H Cm - Svart - TRUUSK - Hem, Tr\u00e4dg\u00e5rd &amp; Fritid<\/title>\n<meta name=\"robots\" content=\"index, follow, max-snippet:-1, max-image-preview:large, max-video-preview:-1\" \/>\n<link rel=\"canonical\" href=\"https:\/\/truusk.store\/sv\/produkt\/truusk-2-delat-vedstallsskydd-vattentat-uv-skydd-passar-vedstall-62-66t-x-185h-cm-svart\/\" \/>\n<meta property=\"og:locale\" content=\"sv_SE\" \/>\n<meta property=\"og:type\" content=\"article\" \/>\n<meta property=\"og:title\" content=\"TRUUSK 2-delat Vedst\u00e4llsskydd - Vattent\u00e4t UV-skydd - Passar Vedst\u00e4ll 62-66T X 185H Cm - Svart - TRUUSK - Hem, Tr\u00e4dg\u00e5rd &amp; Fritid\" \/>\n<meta property=\"og:description\" content=\"Skydda din ved med den h\u00f6gkvalitativa vedst\u00e4llsskyddet fr\u00e5n TRUUSK! Tillverkad av robust 600D Oxfordpolyester, erbjuder detta vedst\u00e4llsskydd optimalt skydd mot...\" \/>\n<meta property=\"og:url\" content=\"https:\/\/truusk.store\/sv\/produkt\/truusk-2-delat-vedstallsskydd-vattentat-uv-skydd-passar-vedstall-62-66t-x-185h-cm-svart\/\" \/>\n<meta property=\"og:site_name\" content=\"TRUUSK - Hem, Tr\u00e4dg\u00e5rd &amp; Fritid\" \/>\n<meta property=\"article:modified_time\" content=\"2026-03-12T08:42:34+00:00\" \/>\n<meta property=\"og:image\" content=\"https:\/\/i0.wp.com\/truusk.se\/wp-content\/uploads\/2025\/06\/2-delat-set-med-vedstallsskydd-148-x-62-cm-vattentat-600d-oxford-uv-skydd-vedstallsskydd-for-vedstall-62-66t-x-185h-cm-svart-1.webp?fit=2000%2C2000&ssl=1\" \/>\n\t<meta property=\"og:image:width\" content=\"2000\" \/>\n\t<meta property=\"og:image:height\" content=\"2000\" \/>\n\t<meta property=\"og:image:type\" content=\"image\/webp\" \/>\n<meta name=\"twitter:card\" content=\"summary_large_image\" \/>\n<meta name=\"twitter:label1\" content=\"Ber\u00e4knad l\u00e4stid\" \/>\n\t<meta name=\"twitter:data1\" content=\"1 minut\" \/>\n<!-- \/ Yoast SEO plugin. -->","yoast_head_json":{"title":"TRUUSK 2-delat Vedst\u00e4llsskydd - Vattent\u00e4t UV-skydd - Passar Vedst\u00e4ll 62-66T X 185H Cm - Svart - TRUUSK - Hem, Tr\u00e4dg\u00e5rd &amp; Fritid","robots":{"index":"index","follow":"follow","max-snippet":"max-snippet:-1","max-image-preview":"max-image-preview:large","max-video-preview":"max-video-preview:-1"},"canonical":"https:\/\/truusk.store\/sv\/produkt\/truusk-2-delat-vedstallsskydd-vattentat-uv-skydd-passar-vedstall-62-66t-x-185h-cm-svart\/","og_locale":"sv_SE","og_type":"article","og_title":"TRUUSK 2-delat Vedst\u00e4llsskydd - Vattent\u00e4t UV-skydd - Passar Vedst\u00e4ll 62-66T X 185H Cm - Svart - TRUUSK - Hem, Tr\u00e4dg\u00e5rd &amp; Fritid","og_description":"Skydda din ved med den h\u00f6gkvalitativa vedst\u00e4llsskyddet fr\u00e5n TRUUSK! Tillverkad av robust 600D Oxfordpolyester, erbjuder detta vedst\u00e4llsskydd optimalt skydd mot...","og_url":"https:\/\/truusk.store\/sv\/produkt\/truusk-2-delat-vedstallsskydd-vattentat-uv-skydd-passar-vedstall-62-66t-x-185h-cm-svart\/","og_site_name":"TRUUSK - Hem, Tr\u00e4dg\u00e5rd &amp; Fritid","article_modified_time":"2026-03-12T08:42:34+00:00","og_image":[{"width":2000,"height":2000,"url":"https:\/\/i0.wp.com\/truusk.se\/wp-content\/uploads\/2025\/06\/2-delat-set-med-vedstallsskydd-148-x-62-cm-vattentat-600d-oxford-uv-skydd-vedstallsskydd-for-vedstall-62-66t-x-185h-cm-svart-1.webp?fit=2000%2C2000&ssl=1","type":"image\/webp"}],"twitter_card":"summary_large_image","twitter_misc":{"Ber\u00e4knad l\u00e4stid":"1 minut"},"schema":{"@context":"https:\/\/schema.org","@graph":[{"@type":"WebPage","@id":"https:\/\/truusk.store\/sv\/produkt\/truusk-2-delat-vedstallsskydd-vattentat-uv-skydd-passar-vedstall-62-66t-x-185h-cm-svart\/","url":"https:\/\/truusk.store\/sv\/produkt\/truusk-2-delat-vedstallsskydd-vattentat-uv-skydd-passar-vedstall-62-66t-x-185h-cm-svart\/","name":"TRUUSK 2-delat Vedst\u00e4llsskydd - Vattent\u00e4t UV-skydd - Passar Vedst\u00e4ll 62-66T X 185H Cm - Svart - TRUUSK - Hem, Tr\u00e4dg\u00e5rd &amp; Fritid","isPartOf":{"@id":"https:\/\/truusk.store\/sv\/#website"},"primaryImageOfPage":{"@id":"https:\/\/truusk.store\/sv\/produkt\/truusk-2-delat-vedstallsskydd-vattentat-uv-skydd-passar-vedstall-62-66t-x-185h-cm-svart\/#primaryimage"},"image":{"@id":"https:\/\/truusk.store\/sv\/produkt\/truusk-2-delat-vedstallsskydd-vattentat-uv-skydd-passar-vedstall-62-66t-x-185h-cm-svart\/#primaryimage"},"thumbnailUrl":"https:\/\/i0.wp.com\/truusk.store\/wp-content\/uploads\/2025\/06\/2-delat-set-med-vedstallsskydd-148-x-62-cm-vattentat-600d-oxford-uv-skydd-vedstallsskydd-for-vedstall-62-66t-x-185h-cm-svart-1.webp?fit=2000%2C2000&ssl=1","datePublished":"2025-06-05T05:40:28+00:00","dateModified":"2026-03-12T08:42:34+00:00","breadcrumb":{"@id":"https:\/\/truusk.store\/sv\/produkt\/truusk-2-delat-vedstallsskydd-vattentat-uv-skydd-passar-vedstall-62-66t-x-185h-cm-svart\/#breadcrumb"},"inLanguage":"sv-SE","potentialAction":[{"@type":"ReadAction","target":["https:\/\/truusk.store\/sv\/produkt\/truusk-2-delat-vedstallsskydd-vattentat-uv-skydd-passar-vedstall-62-66t-x-185h-cm-svart\/"]}]},{"@type":"ImageObject","inLanguage":"sv-SE","@id":"https:\/\/truusk.store\/sv\/produkt\/truusk-2-delat-vedstallsskydd-vattentat-uv-skydd-passar-vedstall-62-66t-x-185h-cm-svart\/#primaryimage","url":"https:\/\/i0.wp.com\/truusk.store\/wp-content\/uploads\/2025\/06\/2-delat-set-med-vedstallsskydd-148-x-62-cm-vattentat-600d-oxford-uv-skydd-vedstallsskydd-for-vedstall-62-66t-x-185h-cm-svart-1.webp?fit=2000%2C2000&ssl=1","contentUrl":"https:\/\/i0.wp.com\/truusk.store\/wp-content\/uploads\/2025\/06\/2-delat-set-med-vedstallsskydd-148-x-62-cm-vattentat-600d-oxford-uv-skydd-vedstallsskydd-for-vedstall-62-66t-x-185h-cm-svart-1.webp?fit=2000%2C2000&ssl=1","width":2000,"height":2000},{"@type":"BreadcrumbList","@id":"https:\/\/truusk.store\/sv\/produkt\/truusk-2-delat-vedstallsskydd-vattentat-uv-skydd-passar-vedstall-62-66t-x-185h-cm-svart\/#breadcrumb","itemListElement":[{"@type":"ListItem","position":1,"name":"Home","item":"https:\/\/truusk.store\/sv\/"},{"@type":"ListItem","position":2,"name":"Shop","item":"https:\/\/truusk.store\/shop\/"},{"@type":"ListItem","position":3,"name":"TRUUSK 2-delat Vedst\u00e4llsskydd &#8211; Vattent\u00e4t UV-skydd &#8211; Passar Vedst\u00e4ll 62-66T X 185H Cm &#8211; Svart"}]},{"@type":"WebSite","@id":"https:\/\/truusk.store\/sv\/#website","url":"https:\/\/truusk.store\/sv\/","name":"TRUUSK - Hem, Tr\u00e4dg\u00e5rd & Fritid","description":"","publisher":{"@id":"https:\/\/truusk.store\/sv\/#organization"},"potentialAction":[{"@type":"SearchAction","target":{"@type":"EntryPoint","urlTemplate":"https:\/\/truusk.store\/sv\/?s={search_term_string}"},"query-input":{"@type":"PropertyValueSpecification","valueRequired":true,"valueName":"search_term_string"}}],"inLanguage":"sv-SE"},{"@type":"Organization","@id":"https:\/\/truusk.store\/sv\/#organization","name":"TRUUSK - Hem, Tr\u00e4dg\u00e5rd & Fritid","url":"https:\/\/truusk.store\/sv\/","logo":{"@type":"ImageObject","inLanguage":"sv-SE","@id":"https:\/\/truusk.store\/sv\/#\/schema\/logo\/image\/","url":"https:\/\/i0.wp.com\/truusk.store\/wp-content\/uploads\/2026\/03\/cropped-TRUUSK.png?fit=2032%2C917&ssl=1","contentUrl":"https:\/\/i0.wp.com\/truusk.store\/wp-content\/uploads\/2026\/03\/cropped-TRUUSK.png?fit=2032%2C917&ssl=1","width":2032,"height":917,"caption":"TRUUSK - Hem, Tr\u00e4dg\u00e5rd & Fritid"},"image":{"@id":"https:\/\/truusk.store\/sv\/#\/schema\/logo\/image\/"}}]}},"jetpack_sharing_enabled":true,"_links":{"self":[{"href":"https:\/\/truusk.store\/sv\/wp-json\/wp\/v2\/product\/62796","targetHints":{"allow":["GET"]}}],"collection":[{"href":"https:\/\/truusk.store\/sv\/wp-json\/wp\/v2\/product"}],"about":[{"href":"https:\/\/truusk.store\/sv\/wp-json\/wp\/v2\/types\/product"}],"wp:featuredmedia":[{"embeddable":true,"href":"https:\/\/truusk.store\/sv\/wp-json\/wp\/v2\/media\/62787"}],"wp:attachment":[{"href":"https:\/\/truusk.store\/sv\/wp-json\/wp\/v2\/media?parent=62796"}],"wp:term":[{"taxonomy":"product_brand","embeddable":true,"href":"https:\/\/truusk.store\/sv\/wp-json\/wp\/v2\/product_brand?post=62796"},{"taxonomy":"product_cat","embeddable":true,"href":"https:\/\/truusk.store\/sv\/wp-json\/wp\/v2\/product_cat?post=62796"},{"taxonomy":"product_tag","embeddable":true,"href":"https:\/\/truusk.store\/sv\/wp-json\/wp\/v2\/product_tag?post=62796"}],"curies":[{"name":"wp","href":"https:\/\/api.w.org\/{rel}","templated":true}]}}