{"id":62836,"date":"2025-06-05T06:44:36","date_gmt":"2025-06-05T05:44:36","guid":{"rendered":"https:\/\/truusk.store\/product\/mjuka-byggklossar-4-delars-set-skumbyggklossar-jattebyggklossar-byggklossar-leksaker-skumklossar-for-1-3-ar-gamla-barn-konstlader-epe\/"},"modified":"2026-03-12T09:43:16","modified_gmt":"2026-03-12T08:43:16","slug":"truusk-4-delars-set-med-mjuka-skumbyggklossar-for-1-3-ar-gamla-barn-konstlader-epe-leksaker","status":"publish","type":"product","link":"https:\/\/truusk.store\/sv\/produkt\/truusk-4-delars-set-med-mjuka-skumbyggklossar-for-1-3-ar-gamla-barn-konstlader-epe-leksaker\/","title":{"rendered":"TRUUSK 4-delars Set med Mjuka Skumbyggklossar &#8211; F\u00f6r 1-3 \u00e5r Gamla Barn &#8211; Konstl\u00e4der &#8211; EPE &#8211; Leksaker"},"content":{"rendered":"<p>F\u00f6r tidig barnutveckling \u00e4r inget b\u00e4ttre \u00e4n leksaker som fr\u00e4mjar barnens f\u00e4rdigheter. TRUUSK mjukbyggsats med fyra skumblock, best\u00e5ende av ramp, trappa, tunnel och halvcylinder, erbjuder optimal lekgl\u00e4dje. Barn kan kl\u00e4ttra, glida och leka ut, medan skumvadderingen av mjuka byggstenar garanterar s\u00e4kerhet. Konstl\u00e4der\u00f6verdraget p\u00e5 skumblocken \u00e4r ocks\u00e5 l\u00e4tt att reng\u00f6ra.<\/p>\n<p>Beskrivning:<\/p>\n<ul>\n<li> Satsen best\u00e5r av 4 skumblock<\/li>\n<li> Inneh\u00e5ller ett stegblock (gr\u00f6n\/r\u00f6d), ett b\u00e5gblock (m\u00f6rkbl\u00e5\/gul), en halvcylinder (bl\u00e5\/r\u00f6d) och en ramp (r\u00f6d\/gul)<\/li>\n<li> Idealisk f\u00f6r spel och \u00f6vningar med de minsta<\/li>\n<li> Mjuka stora skumblock som fr\u00e4mjar kl\u00e4ttring, krypning, glidning och mer<\/li>\n<li> T\u00e4ckt med behagligt konstl\u00e4der f\u00f6r att underl\u00e4tta reng\u00f6ring<\/li>\n<li> Skumvadderade mjuka byggstenar \u00f6kar s\u00e4kerheten<\/li>\n<li> Enskilda delar kan konfigureras fritt f\u00f6r att stimulera barnens fantasi<\/li>\n<li> L\u00e4mplig f\u00f6r barn i \u00e5ldern 1-3 \u00e5r<\/li>\n<li> Ingen montering kr\u00e4vs<\/li>\n<\/ul>\n<p> Tekniska data:<\/p>\n<ul>\n<li> F\u00e4rg: Bl\u00e5<\/li>\n<li> Material: Konstl\u00e4der, skum<\/li>\n<li> Totala dimensioner: 150L x 50B x 39H cm<\/li>\n<li> Trappdimensioner: 50L x 50B x 25H cm<\/li>\n<li> Stegh\u00f6jd: 12 cm<\/li>\n<li> Tunnelns dimensioner: 50L x 50B x 39H cm<\/li>\n<li> Halvcylinderns dimensioner: 50L x 30B x 28H cm<\/li>\n<li> Rampdimensioner: 50L x 50B x 25H cm<\/li>\n<li> Rekommenderad \u00e5lder: 1-3 \u00e5r<\/li>\n<li> B\u00e4rkapacitet: 60 kg<\/li>\n<\/ul>\n<p>Leveransinneh\u00e5ll:<\/p>\n<ul>\n<li> 4 x skumblock<\/li>\n<li> 1 x bruksanvisning<\/li>\n<\/ul>\n","protected":false},"excerpt":{"rendered":"<p>F\u00f6r tidig barnutveckling \u00e4r inget b\u00e4ttre \u00e4n leksaker som fr\u00e4mjar barnens f\u00e4rdigheter. TRUUSK mjukbyggsats med fyra skumblock, best\u00e5ende av ramp,&#8230;<\/p>\n","protected":false},"featured_media":62827,"template":"","meta":[],"product_brand":[],"product_cat":[880,919,918],"product_tag":[],"class_list":{"0":"post-62836","1":"product","2":"type-product","3":"status-publish","4":"has-post-thumbnail","6":"product_cat-baby-barn-2","7":"product_cat-byggklossar","8":"product_cat-leksaker","10":"first","11":"instock","12":"sale","13":"taxable","14":"shipping-taxable","15":"purchasable","16":"product-type-simple"},"yoast_head":"<!-- This site is optimized with the Yoast SEO plugin v25.4 - https:\/\/yoast.com\/wordpress\/plugins\/seo\/ -->\n<title>TRUUSK 4-delars Set med Mjuka Skumbyggklossar - F\u00f6r 1-3 \u00e5r Gamla Barn - Konstl\u00e4der - EPE - Leksaker - TRUUSK - Hem, Tr\u00e4dg\u00e5rd &amp; Fritid<\/title>\n<meta name=\"robots\" content=\"index, follow, max-snippet:-1, max-image-preview:large, max-video-preview:-1\" \/>\n<link rel=\"canonical\" href=\"https:\/\/truusk.store\/sv\/produkt\/truusk-4-delars-set-med-mjuka-skumbyggklossar-for-1-3-ar-gamla-barn-konstlader-epe-leksaker\/\" \/>\n<meta property=\"og:locale\" content=\"sv_SE\" \/>\n<meta property=\"og:type\" content=\"article\" \/>\n<meta property=\"og:title\" content=\"TRUUSK 4-delars Set med Mjuka Skumbyggklossar - F\u00f6r 1-3 \u00e5r Gamla Barn - Konstl\u00e4der - EPE - Leksaker - TRUUSK - Hem, Tr\u00e4dg\u00e5rd &amp; Fritid\" \/>\n<meta property=\"og:description\" content=\"F\u00f6r tidig barnutveckling \u00e4r inget b\u00e4ttre \u00e4n leksaker som fr\u00e4mjar barnens f\u00e4rdigheter. TRUUSK mjukbyggsats med fyra skumblock, best\u00e5ende av ramp,...\" \/>\n<meta property=\"og:url\" content=\"https:\/\/truusk.store\/sv\/produkt\/truusk-4-delars-set-med-mjuka-skumbyggklossar-for-1-3-ar-gamla-barn-konstlader-epe-leksaker\/\" \/>\n<meta property=\"og:site_name\" content=\"TRUUSK - Hem, Tr\u00e4dg\u00e5rd &amp; Fritid\" \/>\n<meta property=\"article:modified_time\" content=\"2026-03-12T08:43:16+00:00\" \/>\n<meta property=\"og:image\" content=\"https:\/\/i0.wp.com\/truusk.se\/wp-content\/uploads\/2025\/06\/mjuka-byggklossar-4-delars-set-skumbyggklossar-jattebyggklossar-byggklossar-leksaker-skumklossar-for-1-3-ar-gamla-barn-konstlader-epe-1.webp?fit=2000%2C2000&ssl=1\" \/>\n\t<meta property=\"og:image:width\" content=\"2000\" \/>\n\t<meta property=\"og:image:height\" content=\"2000\" \/>\n\t<meta property=\"og:image:type\" content=\"image\/webp\" \/>\n<meta name=\"twitter:card\" content=\"summary_large_image\" \/>\n<meta name=\"twitter:label1\" content=\"Ber\u00e4knad l\u00e4stid\" \/>\n\t<meta name=\"twitter:data1\" content=\"1 minut\" \/>\n<!-- \/ Yoast SEO plugin. -->","yoast_head_json":{"title":"TRUUSK 4-delars Set med Mjuka Skumbyggklossar - F\u00f6r 1-3 \u00e5r Gamla Barn - Konstl\u00e4der - EPE - Leksaker - TRUUSK - Hem, Tr\u00e4dg\u00e5rd &amp; Fritid","robots":{"index":"index","follow":"follow","max-snippet":"max-snippet:-1","max-image-preview":"max-image-preview:large","max-video-preview":"max-video-preview:-1"},"canonical":"https:\/\/truusk.store\/sv\/produkt\/truusk-4-delars-set-med-mjuka-skumbyggklossar-for-1-3-ar-gamla-barn-konstlader-epe-leksaker\/","og_locale":"sv_SE","og_type":"article","og_title":"TRUUSK 4-delars Set med Mjuka Skumbyggklossar - F\u00f6r 1-3 \u00e5r Gamla Barn - Konstl\u00e4der - EPE - Leksaker - TRUUSK - Hem, Tr\u00e4dg\u00e5rd &amp; Fritid","og_description":"F\u00f6r tidig barnutveckling \u00e4r inget b\u00e4ttre \u00e4n leksaker som fr\u00e4mjar barnens f\u00e4rdigheter. TRUUSK mjukbyggsats med fyra skumblock, best\u00e5ende av ramp,...","og_url":"https:\/\/truusk.store\/sv\/produkt\/truusk-4-delars-set-med-mjuka-skumbyggklossar-for-1-3-ar-gamla-barn-konstlader-epe-leksaker\/","og_site_name":"TRUUSK - Hem, Tr\u00e4dg\u00e5rd &amp; Fritid","article_modified_time":"2026-03-12T08:43:16+00:00","og_image":[{"width":2000,"height":2000,"url":"https:\/\/i0.wp.com\/truusk.se\/wp-content\/uploads\/2025\/06\/mjuka-byggklossar-4-delars-set-skumbyggklossar-jattebyggklossar-byggklossar-leksaker-skumklossar-for-1-3-ar-gamla-barn-konstlader-epe-1.webp?fit=2000%2C2000&ssl=1","type":"image\/webp"}],"twitter_card":"summary_large_image","twitter_misc":{"Ber\u00e4knad l\u00e4stid":"1 minut"},"schema":{"@context":"https:\/\/schema.org","@graph":[{"@type":"WebPage","@id":"https:\/\/truusk.store\/sv\/produkt\/truusk-4-delars-set-med-mjuka-skumbyggklossar-for-1-3-ar-gamla-barn-konstlader-epe-leksaker\/","url":"https:\/\/truusk.store\/sv\/produkt\/truusk-4-delars-set-med-mjuka-skumbyggklossar-for-1-3-ar-gamla-barn-konstlader-epe-leksaker\/","name":"TRUUSK 4-delars Set med Mjuka Skumbyggklossar - F\u00f6r 1-3 \u00e5r Gamla Barn - Konstl\u00e4der - EPE - Leksaker - TRUUSK - Hem, Tr\u00e4dg\u00e5rd &amp; Fritid","isPartOf":{"@id":"https:\/\/truusk.store\/sv\/#website"},"primaryImageOfPage":{"@id":"https:\/\/truusk.store\/sv\/produkt\/truusk-4-delars-set-med-mjuka-skumbyggklossar-for-1-3-ar-gamla-barn-konstlader-epe-leksaker\/#primaryimage"},"image":{"@id":"https:\/\/truusk.store\/sv\/produkt\/truusk-4-delars-set-med-mjuka-skumbyggklossar-for-1-3-ar-gamla-barn-konstlader-epe-leksaker\/#primaryimage"},"thumbnailUrl":"https:\/\/i0.wp.com\/truusk.store\/wp-content\/uploads\/2025\/06\/mjuka-byggklossar-4-delars-set-skumbyggklossar-jattebyggklossar-byggklossar-leksaker-skumklossar-for-1-3-ar-gamla-barn-konstlader-epe-1.webp?fit=2000%2C2000&ssl=1","datePublished":"2025-06-05T05:44:36+00:00","dateModified":"2026-03-12T08:43:16+00:00","breadcrumb":{"@id":"https:\/\/truusk.store\/sv\/produkt\/truusk-4-delars-set-med-mjuka-skumbyggklossar-for-1-3-ar-gamla-barn-konstlader-epe-leksaker\/#breadcrumb"},"inLanguage":"sv-SE","potentialAction":[{"@type":"ReadAction","target":["https:\/\/truusk.store\/sv\/produkt\/truusk-4-delars-set-med-mjuka-skumbyggklossar-for-1-3-ar-gamla-barn-konstlader-epe-leksaker\/"]}]},{"@type":"ImageObject","inLanguage":"sv-SE","@id":"https:\/\/truusk.store\/sv\/produkt\/truusk-4-delars-set-med-mjuka-skumbyggklossar-for-1-3-ar-gamla-barn-konstlader-epe-leksaker\/#primaryimage","url":"https:\/\/i0.wp.com\/truusk.store\/wp-content\/uploads\/2025\/06\/mjuka-byggklossar-4-delars-set-skumbyggklossar-jattebyggklossar-byggklossar-leksaker-skumklossar-for-1-3-ar-gamla-barn-konstlader-epe-1.webp?fit=2000%2C2000&ssl=1","contentUrl":"https:\/\/i0.wp.com\/truusk.store\/wp-content\/uploads\/2025\/06\/mjuka-byggklossar-4-delars-set-skumbyggklossar-jattebyggklossar-byggklossar-leksaker-skumklossar-for-1-3-ar-gamla-barn-konstlader-epe-1.webp?fit=2000%2C2000&ssl=1","width":2000,"height":2000},{"@type":"BreadcrumbList","@id":"https:\/\/truusk.store\/sv\/produkt\/truusk-4-delars-set-med-mjuka-skumbyggklossar-for-1-3-ar-gamla-barn-konstlader-epe-leksaker\/#breadcrumb","itemListElement":[{"@type":"ListItem","position":1,"name":"Home","item":"https:\/\/truusk.store\/sv\/"},{"@type":"ListItem","position":2,"name":"Shop","item":"https:\/\/truusk.store\/shop\/"},{"@type":"ListItem","position":3,"name":"TRUUSK 4-delars Set med Mjuka Skumbyggklossar &#8211; F\u00f6r 1-3 \u00e5r Gamla Barn &#8211; Konstl\u00e4der &#8211; EPE &#8211; Leksaker"}]},{"@type":"WebSite","@id":"https:\/\/truusk.store\/sv\/#website","url":"https:\/\/truusk.store\/sv\/","name":"TRUUSK - Hem, Tr\u00e4dg\u00e5rd & Fritid","description":"","publisher":{"@id":"https:\/\/truusk.store\/sv\/#organization"},"potentialAction":[{"@type":"SearchAction","target":{"@type":"EntryPoint","urlTemplate":"https:\/\/truusk.store\/sv\/?s={search_term_string}"},"query-input":{"@type":"PropertyValueSpecification","valueRequired":true,"valueName":"search_term_string"}}],"inLanguage":"sv-SE"},{"@type":"Organization","@id":"https:\/\/truusk.store\/sv\/#organization","name":"TRUUSK - Hem, Tr\u00e4dg\u00e5rd & Fritid","url":"https:\/\/truusk.store\/sv\/","logo":{"@type":"ImageObject","inLanguage":"sv-SE","@id":"https:\/\/truusk.store\/sv\/#\/schema\/logo\/image\/","url":"https:\/\/i0.wp.com\/truusk.store\/wp-content\/uploads\/2026\/03\/cropped-TRUUSK.png?fit=2032%2C917&ssl=1","contentUrl":"https:\/\/i0.wp.com\/truusk.store\/wp-content\/uploads\/2026\/03\/cropped-TRUUSK.png?fit=2032%2C917&ssl=1","width":2032,"height":917,"caption":"TRUUSK - Hem, Tr\u00e4dg\u00e5rd & Fritid"},"image":{"@id":"https:\/\/truusk.store\/sv\/#\/schema\/logo\/image\/"}}]}},"jetpack_sharing_enabled":true,"_links":{"self":[{"href":"https:\/\/truusk.store\/sv\/wp-json\/wp\/v2\/product\/62836","targetHints":{"allow":["GET"]}}],"collection":[{"href":"https:\/\/truusk.store\/sv\/wp-json\/wp\/v2\/product"}],"about":[{"href":"https:\/\/truusk.store\/sv\/wp-json\/wp\/v2\/types\/product"}],"wp:featuredmedia":[{"embeddable":true,"href":"https:\/\/truusk.store\/sv\/wp-json\/wp\/v2\/media\/62827"}],"wp:attachment":[{"href":"https:\/\/truusk.store\/sv\/wp-json\/wp\/v2\/media?parent=62836"}],"wp:term":[{"taxonomy":"product_brand","embeddable":true,"href":"https:\/\/truusk.store\/sv\/wp-json\/wp\/v2\/product_brand?post=62836"},{"taxonomy":"product_cat","embeddable":true,"href":"https:\/\/truusk.store\/sv\/wp-json\/wp\/v2\/product_cat?post=62836"},{"taxonomy":"product_tag","embeddable":true,"href":"https:\/\/truusk.store\/sv\/wp-json\/wp\/v2\/product_tag?post=62836"}],"curies":[{"name":"wp","href":"https:\/\/api.w.org\/{rel}","templated":true}]}}