{"id":62896,"date":"2025-06-05T06:50:35","date_gmt":"2025-06-05T05:50:35","guid":{"rendered":"https:\/\/truusk.store\/product\/kontorsstol-ergonomisk-skrivbordsstol-med-liggfunktion-landkudde-hojdstallbar-datorstol-med-fotstod-svangfunktion-for-hemmakontor-konstlader-vit\/"},"modified":"2026-03-12T09:44:21","modified_gmt":"2026-03-12T08:44:21","slug":"truusk-ergonomisk-kontorsstol-med-liggfunktion-landkudde-hojdstallbar-fotstod-svangfunktion-for-hemmakontor","status":"publish","type":"product","link":"https:\/\/truusk.store\/sv\/produkt\/truusk-ergonomisk-kontorsstol-med-liggfunktion-landkudde-hojdstallbar-fotstod-svangfunktion-for-hemmakontor\/","title":{"rendered":"TRUUSK Ergonomisk Kontorsstol med Liggfunktion &#8211; L\u00e4ndkudde &#8211; H\u00f6jdst\u00e4llbar &#8211; Fotst\u00f6d &#8211; Sv\u00e4ngfunktion &#8211; F\u00f6r Hemmakontor &#8211;"},"content":{"rendered":"<p>Ge din arbetsplats nytt liv med TRUUSK kontorsstolen! Njut av o\u00f6vertr\u00e4ffad komfort tack vare den justerbara sitth\u00f6jden (48-56 cm) och den lutande ryggst\u00f6det (90-155\u00b0). Glid smidigt p\u00e5 de 360\u00b0 roterande hjulen och njut av f\u00f6rdelarna med den avtagbara l\u00e4ndkudden och den bekv\u00e4ma fotst\u00f6det. Idealisk f\u00f6r alla hemmakontor, kombinerar denna stiliga kontorsstol funktionalitet med ett l\u00e4ttsk\u00f6tt konstl\u00e4derfinish.<\/p>\n<p>Beskrivning:<\/p>\n<ul>\n<li> Sitth\u00f6jd justerbar fr\u00e5n 48-56 cm f\u00f6r optimal komfort<\/li>\n<li> 155\u00b0 lutande ryggst\u00f6d med fotst\u00f6d<\/li>\n<li> 360\u00b0 roterande sits och sv\u00e4ngbara hjul f\u00f6r f\u00f6rb\u00e4ttrad r\u00f6rlighet<\/li>\n<li> Avtagbar l\u00e4ndkudde och h\u00f6g ryggst\u00f6d p\u00e5 snurrstolen ger bra ryggst\u00f6d<\/li>\n<li> Tjock skumstoppning p\u00e5 snurrstolen med hjul minimerar kroppssm\u00e4rta<\/li>\n<li> Det moderna konstl\u00e4dret \u00e4r l\u00e4tt att sk\u00f6ta<\/li>\n<li> St\u00e5lramen ger robust st\u00f6d<\/li>\n<li> Idealisk f\u00f6r kontor, arbetsrum och m\u00f6tesrum<\/li>\n<\/ul>\n<p>Tekniska data:<\/p>\n<ul>\n<li> F\u00e4rg: Vit<\/li>\n<li> Material: Konstl\u00e4der, st\u00e5l, skum<\/li>\n<li> Totala dimensioner: 69B x 65D x 107-115H cm<\/li>\n<li> Liggande dimensioner: 69B x 110D x 85-93H cm (utan fotst\u00f6d), 68B x 153D x 85-93H cm (med fotst\u00f6d)<\/li>\n<li> Sitsstorlek: 48B x 47D cm<\/li>\n<li> Sitth\u00f6jd: 48-56 cm<\/li>\n<li> Storlek p\u00e5 ryggst\u00f6d: 51B x 61,5H cm<\/li>\n<li> Storlek p\u00e5 fotst\u00f6d: 35B x 20D cm<\/li>\n<li> Storlek p\u00e5 l\u00e4ndst\u00f6d: 42B x 21D cm<\/li>\n<li> Belastningskapacitet: 120 kg<\/li>\n<\/ul>\n<p>Leveransinneh\u00e5ll:<\/p>\n<ul>\n<li> 1 x Kontorsstol<\/li>\n<li> 1 x Instruktioner<\/li>\n<\/ul>\n","protected":false},"excerpt":{"rendered":"<p>Ge din arbetsplats nytt liv med TRUUSK kontorsstolen! Njut av o\u00f6vertr\u00e4ffad komfort tack vare den justerbara sitth\u00f6jden (48-56 cm) och&#8230;<\/p>\n","protected":false},"featured_media":62887,"template":"","meta":[],"product_brand":[],"product_cat":[872,871,516],"product_tag":[],"class_list":{"0":"post-62896","1":"product","2":"type-product","3":"status-publish","4":"has-post-thumbnail","6":"product_cat-hemmakontor-arbetsplats","7":"product_cat-hus-hem","8":"product_cat-kontorsstolar","10":"first","11":"instock","12":"sale","13":"taxable","14":"shipping-taxable","15":"purchasable","16":"product-type-simple"},"yoast_head":"<!-- This site is optimized with the Yoast SEO plugin v25.4 - https:\/\/yoast.com\/wordpress\/plugins\/seo\/ -->\n<title>TRUUSK Ergonomisk Kontorsstol med Liggfunktion - L\u00e4ndkudde - H\u00f6jdst\u00e4llbar - Fotst\u00f6d - Sv\u00e4ngfunktion - F\u00f6r Hemmakontor - TRUUSK - Hem, Tr\u00e4dg\u00e5rd &amp; Fritid<\/title>\n<meta name=\"robots\" content=\"index, follow, max-snippet:-1, max-image-preview:large, max-video-preview:-1\" \/>\n<link rel=\"canonical\" href=\"https:\/\/truusk.store\/sv\/produkt\/truusk-ergonomisk-kontorsstol-med-liggfunktion-landkudde-hojdstallbar-fotstod-svangfunktion-for-hemmakontor\/\" \/>\n<meta property=\"og:locale\" content=\"sv_SE\" \/>\n<meta property=\"og:type\" content=\"article\" \/>\n<meta property=\"og:title\" content=\"TRUUSK Ergonomisk Kontorsstol med Liggfunktion - L\u00e4ndkudde - H\u00f6jdst\u00e4llbar - Fotst\u00f6d - Sv\u00e4ngfunktion - F\u00f6r Hemmakontor - TRUUSK - Hem, Tr\u00e4dg\u00e5rd &amp; Fritid\" \/>\n<meta property=\"og:description\" content=\"Ge din arbetsplats nytt liv med TRUUSK kontorsstolen! Njut av o\u00f6vertr\u00e4ffad komfort tack vare den justerbara sitth\u00f6jden (48-56 cm) och...\" \/>\n<meta property=\"og:url\" content=\"https:\/\/truusk.store\/sv\/produkt\/truusk-ergonomisk-kontorsstol-med-liggfunktion-landkudde-hojdstallbar-fotstod-svangfunktion-for-hemmakontor\/\" \/>\n<meta property=\"og:site_name\" content=\"TRUUSK - Hem, Tr\u00e4dg\u00e5rd &amp; Fritid\" \/>\n<meta property=\"article:modified_time\" content=\"2026-03-12T08:44:21+00:00\" \/>\n<meta property=\"og:image\" content=\"https:\/\/i0.wp.com\/truusk.se\/wp-content\/uploads\/2025\/06\/kontorsstol-ergonomisk-skrivbordsstol-med-liggfunktion-landkudde-hojdstallbar-datorstol-med-fotstod-svangfunktion-for-hemmakontor-konstlader-vit-1.webp?fit=2000%2C2000&ssl=1\" \/>\n\t<meta property=\"og:image:width\" content=\"2000\" \/>\n\t<meta property=\"og:image:height\" content=\"2000\" \/>\n\t<meta property=\"og:image:type\" content=\"image\/webp\" \/>\n<meta name=\"twitter:card\" content=\"summary_large_image\" \/>\n<meta name=\"twitter:label1\" content=\"Ber\u00e4knad l\u00e4stid\" \/>\n\t<meta name=\"twitter:data1\" content=\"1 minut\" \/>\n<!-- \/ Yoast SEO plugin. -->","yoast_head_json":{"title":"TRUUSK Ergonomisk Kontorsstol med Liggfunktion - L\u00e4ndkudde - H\u00f6jdst\u00e4llbar - Fotst\u00f6d - Sv\u00e4ngfunktion - F\u00f6r Hemmakontor - TRUUSK - Hem, Tr\u00e4dg\u00e5rd &amp; Fritid","robots":{"index":"index","follow":"follow","max-snippet":"max-snippet:-1","max-image-preview":"max-image-preview:large","max-video-preview":"max-video-preview:-1"},"canonical":"https:\/\/truusk.store\/sv\/produkt\/truusk-ergonomisk-kontorsstol-med-liggfunktion-landkudde-hojdstallbar-fotstod-svangfunktion-for-hemmakontor\/","og_locale":"sv_SE","og_type":"article","og_title":"TRUUSK Ergonomisk Kontorsstol med Liggfunktion - L\u00e4ndkudde - H\u00f6jdst\u00e4llbar - Fotst\u00f6d - Sv\u00e4ngfunktion - F\u00f6r Hemmakontor - TRUUSK - Hem, Tr\u00e4dg\u00e5rd &amp; Fritid","og_description":"Ge din arbetsplats nytt liv med TRUUSK kontorsstolen! Njut av o\u00f6vertr\u00e4ffad komfort tack vare den justerbara sitth\u00f6jden (48-56 cm) och...","og_url":"https:\/\/truusk.store\/sv\/produkt\/truusk-ergonomisk-kontorsstol-med-liggfunktion-landkudde-hojdstallbar-fotstod-svangfunktion-for-hemmakontor\/","og_site_name":"TRUUSK - Hem, Tr\u00e4dg\u00e5rd &amp; Fritid","article_modified_time":"2026-03-12T08:44:21+00:00","og_image":[{"width":2000,"height":2000,"url":"https:\/\/i0.wp.com\/truusk.se\/wp-content\/uploads\/2025\/06\/kontorsstol-ergonomisk-skrivbordsstol-med-liggfunktion-landkudde-hojdstallbar-datorstol-med-fotstod-svangfunktion-for-hemmakontor-konstlader-vit-1.webp?fit=2000%2C2000&ssl=1","type":"image\/webp"}],"twitter_card":"summary_large_image","twitter_misc":{"Ber\u00e4knad l\u00e4stid":"1 minut"},"schema":{"@context":"https:\/\/schema.org","@graph":[{"@type":"WebPage","@id":"https:\/\/truusk.store\/sv\/produkt\/truusk-ergonomisk-kontorsstol-med-liggfunktion-landkudde-hojdstallbar-fotstod-svangfunktion-for-hemmakontor\/","url":"https:\/\/truusk.store\/sv\/produkt\/truusk-ergonomisk-kontorsstol-med-liggfunktion-landkudde-hojdstallbar-fotstod-svangfunktion-for-hemmakontor\/","name":"TRUUSK Ergonomisk Kontorsstol med Liggfunktion - L\u00e4ndkudde - H\u00f6jdst\u00e4llbar - Fotst\u00f6d - Sv\u00e4ngfunktion - F\u00f6r Hemmakontor - TRUUSK - Hem, Tr\u00e4dg\u00e5rd &amp; Fritid","isPartOf":{"@id":"https:\/\/truusk.store\/sv\/#website"},"primaryImageOfPage":{"@id":"https:\/\/truusk.store\/sv\/produkt\/truusk-ergonomisk-kontorsstol-med-liggfunktion-landkudde-hojdstallbar-fotstod-svangfunktion-for-hemmakontor\/#primaryimage"},"image":{"@id":"https:\/\/truusk.store\/sv\/produkt\/truusk-ergonomisk-kontorsstol-med-liggfunktion-landkudde-hojdstallbar-fotstod-svangfunktion-for-hemmakontor\/#primaryimage"},"thumbnailUrl":"https:\/\/i0.wp.com\/truusk.store\/wp-content\/uploads\/2025\/06\/kontorsstol-ergonomisk-skrivbordsstol-med-liggfunktion-landkudde-hojdstallbar-datorstol-med-fotstod-svangfunktion-for-hemmakontor-konstlader-vit-1.webp?fit=2000%2C2000&ssl=1","datePublished":"2025-06-05T05:50:35+00:00","dateModified":"2026-03-12T08:44:21+00:00","breadcrumb":{"@id":"https:\/\/truusk.store\/sv\/produkt\/truusk-ergonomisk-kontorsstol-med-liggfunktion-landkudde-hojdstallbar-fotstod-svangfunktion-for-hemmakontor\/#breadcrumb"},"inLanguage":"sv-SE","potentialAction":[{"@type":"ReadAction","target":["https:\/\/truusk.store\/sv\/produkt\/truusk-ergonomisk-kontorsstol-med-liggfunktion-landkudde-hojdstallbar-fotstod-svangfunktion-for-hemmakontor\/"]}]},{"@type":"ImageObject","inLanguage":"sv-SE","@id":"https:\/\/truusk.store\/sv\/produkt\/truusk-ergonomisk-kontorsstol-med-liggfunktion-landkudde-hojdstallbar-fotstod-svangfunktion-for-hemmakontor\/#primaryimage","url":"https:\/\/i0.wp.com\/truusk.store\/wp-content\/uploads\/2025\/06\/kontorsstol-ergonomisk-skrivbordsstol-med-liggfunktion-landkudde-hojdstallbar-datorstol-med-fotstod-svangfunktion-for-hemmakontor-konstlader-vit-1.webp?fit=2000%2C2000&ssl=1","contentUrl":"https:\/\/i0.wp.com\/truusk.store\/wp-content\/uploads\/2025\/06\/kontorsstol-ergonomisk-skrivbordsstol-med-liggfunktion-landkudde-hojdstallbar-datorstol-med-fotstod-svangfunktion-for-hemmakontor-konstlader-vit-1.webp?fit=2000%2C2000&ssl=1","width":2000,"height":2000},{"@type":"BreadcrumbList","@id":"https:\/\/truusk.store\/sv\/produkt\/truusk-ergonomisk-kontorsstol-med-liggfunktion-landkudde-hojdstallbar-fotstod-svangfunktion-for-hemmakontor\/#breadcrumb","itemListElement":[{"@type":"ListItem","position":1,"name":"Home","item":"https:\/\/truusk.store\/sv\/"},{"@type":"ListItem","position":2,"name":"Shop","item":"https:\/\/truusk.store\/shop\/"},{"@type":"ListItem","position":3,"name":"TRUUSK Ergonomisk Kontorsstol med Liggfunktion &#8211; L\u00e4ndkudde &#8211; H\u00f6jdst\u00e4llbar &#8211; Fotst\u00f6d &#8211; Sv\u00e4ngfunktion &#8211; F\u00f6r Hemmakontor &#8211;"}]},{"@type":"WebSite","@id":"https:\/\/truusk.store\/sv\/#website","url":"https:\/\/truusk.store\/sv\/","name":"TRUUSK - Hem, Tr\u00e4dg\u00e5rd & Fritid","description":"","publisher":{"@id":"https:\/\/truusk.store\/sv\/#organization"},"potentialAction":[{"@type":"SearchAction","target":{"@type":"EntryPoint","urlTemplate":"https:\/\/truusk.store\/sv\/?s={search_term_string}"},"query-input":{"@type":"PropertyValueSpecification","valueRequired":true,"valueName":"search_term_string"}}],"inLanguage":"sv-SE"},{"@type":"Organization","@id":"https:\/\/truusk.store\/sv\/#organization","name":"TRUUSK - Hem, Tr\u00e4dg\u00e5rd & Fritid","url":"https:\/\/truusk.store\/sv\/","logo":{"@type":"ImageObject","inLanguage":"sv-SE","@id":"https:\/\/truusk.store\/sv\/#\/schema\/logo\/image\/","url":"https:\/\/i0.wp.com\/truusk.store\/wp-content\/uploads\/2026\/03\/cropped-TRUUSK.png?fit=2032%2C917&ssl=1","contentUrl":"https:\/\/i0.wp.com\/truusk.store\/wp-content\/uploads\/2026\/03\/cropped-TRUUSK.png?fit=2032%2C917&ssl=1","width":2032,"height":917,"caption":"TRUUSK - Hem, Tr\u00e4dg\u00e5rd & Fritid"},"image":{"@id":"https:\/\/truusk.store\/sv\/#\/schema\/logo\/image\/"}}]}},"jetpack_sharing_enabled":true,"_links":{"self":[{"href":"https:\/\/truusk.store\/sv\/wp-json\/wp\/v2\/product\/62896","targetHints":{"allow":["GET"]}}],"collection":[{"href":"https:\/\/truusk.store\/sv\/wp-json\/wp\/v2\/product"}],"about":[{"href":"https:\/\/truusk.store\/sv\/wp-json\/wp\/v2\/types\/product"}],"wp:featuredmedia":[{"embeddable":true,"href":"https:\/\/truusk.store\/sv\/wp-json\/wp\/v2\/media\/62887"}],"wp:attachment":[{"href":"https:\/\/truusk.store\/sv\/wp-json\/wp\/v2\/media?parent=62896"}],"wp:term":[{"taxonomy":"product_brand","embeddable":true,"href":"https:\/\/truusk.store\/sv\/wp-json\/wp\/v2\/product_brand?post=62896"},{"taxonomy":"product_cat","embeddable":true,"href":"https:\/\/truusk.store\/sv\/wp-json\/wp\/v2\/product_cat?post=62896"},{"taxonomy":"product_tag","embeddable":true,"href":"https:\/\/truusk.store\/sv\/wp-json\/wp\/v2\/product_tag?post=62896"}],"curies":[{"name":"wp","href":"https:\/\/api.w.org\/{rel}","templated":true}]}}