{"id":62956,"date":"2025-06-05T06:56:35","date_gmt":"2025-06-05T05:56:35","guid":{"rendered":"https:\/\/truusk.store\/product\/katt-klattervagg-set-3-delat-kattmobler-med-klostrad-sittstanger-stege-steg-klospapper-for-katter-upp-till-5-kg-sisal-beige\/"},"modified":"2026-03-12T09:44:20","modified_gmt":"2026-03-12T08:44:20","slug":"truusk-katt-klattervagg-set-3-delat-kattmobler-med-klostrad-sittstanger-stege-klospapper-for-katter-upp-till-5-kg","status":"publish","type":"product","link":"https:\/\/truusk.store\/sv\/produkt\/truusk-katt-klattervagg-set-3-delat-kattmobler-med-klostrad-sittstanger-stege-klospapper-for-katter-upp-till-5-kg\/","title":{"rendered":"TRUUSK Katt Kl\u00e4tterv\u00e4gg Set &#8211; 3-delat Kattm\u00f6bler Med Kl\u00f6str\u00e4d &#8211; Sittst\u00e4nger &#8211; Stege &#8211; Kl\u00f6spapper &#8211; F\u00f6r Katter Upp Till 5 Kg &#8211;"},"content":{"rendered":"<p>F\u00f6rvandla din v\u00e4gg till en kattbana med TRUUSK kl\u00e4tterset! Detta 3-delade set anv\u00e4nder smart utrymmet p\u00e5 v\u00e4ggen och taket och erbjuder dina katter sp\u00e4nnande lekm\u00f6jligheter. De mjuka, plyschiga och sisalomslutna elementen och liggytorna ger en perfekt kombination av komfort och \u00e4ventyr. Skapa en tillflyktsort och lekplats f\u00f6r dina sammetspotar som inte bara f\u00f6rb\u00e4ttrar deras livskvalitet, utan ocks\u00e5 kompletterar ditt hem p\u00e5 ett stilfullt s\u00e4tt.<\/p>\n<p>Beskrivning:<\/p>\n<ul>\n<li> V\u00e4gg- och takmontering sparar utrymme och utvidgar lekomr\u00e5det<\/li>\n<li> Inneh\u00e5ller tv\u00e5 3-v\u00e5nings trappor, tak- och molnplattform<\/li>\n<li> Skrapbr\u00e4da kopplar samman plattformarna och fr\u00e4mjar det naturliga skrapbeteendet<\/li>\n<li> Tillverkad av sp\u00e5nskiva med medf\u00f6ljande v\u00e4ggutrustning<\/li>\n<li> Mjuk plysch och sisalomslutning tilltalar din katts instinkter<\/li>\n<li> Skyddar m\u00f6bler och tillfredsst\u00e4ller din katts kl\u00e4ttrings- och skrapbehov<\/li>\n<li> Montering kr\u00e4vs<\/li>\n<\/ul>\n<p>Tekniska data:<\/p>\n<ul>\n<li> F\u00e4rg: Beige+Cremevit<\/li>\n<li> Material: Sp\u00e5nskiva, plysch, sisal<\/li>\n<li> 3-v\u00e5nings steg: 38B x 22T x 12H cm<\/li>\n<li> Molnformad plattform: 44B x 22T x 28H cm<\/li>\n<li> Takplattform: 158B x 38,5T x 83H cm<\/li>\n<li> Stolpar: \u00d85 x 20T cm<\/li>\n<li> Mjuk stege: 46L x 16B cm<\/li>\n<li> Skrapbr\u00e4da: 40L x 16B cm<\/li>\n<li> Maximal belastning: 5 kg<\/li>\n<\/ul>\n<p>Leveransinneh\u00e5ll:<\/p>\n<ul>\n<li> 1 x Katt kl\u00e4tterv\u00e4gg set<\/li>\n<li> 1 x Instruktioner<\/li>\n<\/ul>\n","protected":false},"excerpt":{"rendered":"<p>F\u00f6rvandla din v\u00e4gg till en kattbana med TRUUSK kl\u00e4tterset! Detta 3-delade set anv\u00e4nder smart utrymmet p\u00e5 v\u00e4ggen och taket och&#8230;<\/p>\n","protected":false},"featured_media":62947,"template":"","meta":[],"product_brand":[],"product_cat":[895,588,592],"product_tag":[],"class_list":{"0":"post-62956","1":"product","2":"type-product","3":"status-publish","4":"has-post-thumbnail","6":"product_cat-djurutrustning","7":"product_cat-katttillbehor","8":"product_cat-katttrappa","10":"first","11":"instock","12":"sale","13":"taxable","14":"shipping-taxable","15":"purchasable","16":"product-type-simple"},"yoast_head":"<!-- This site is optimized with the Yoast SEO plugin v25.4 - https:\/\/yoast.com\/wordpress\/plugins\/seo\/ -->\n<title>TRUUSK Katt Kl\u00e4tterv\u00e4gg Set - 3-delat Kattm\u00f6bler Med Kl\u00f6str\u00e4d - Sittst\u00e4nger - Stege - Kl\u00f6spapper - F\u00f6r Katter Upp Till 5 Kg - TRUUSK - Hem, Tr\u00e4dg\u00e5rd &amp; Fritid<\/title>\n<meta name=\"robots\" content=\"index, follow, max-snippet:-1, max-image-preview:large, max-video-preview:-1\" \/>\n<link rel=\"canonical\" href=\"https:\/\/truusk.store\/sv\/produkt\/truusk-katt-klattervagg-set-3-delat-kattmobler-med-klostrad-sittstanger-stege-klospapper-for-katter-upp-till-5-kg\/\" \/>\n<meta property=\"og:locale\" content=\"sv_SE\" \/>\n<meta property=\"og:type\" content=\"article\" \/>\n<meta property=\"og:title\" content=\"TRUUSK Katt Kl\u00e4tterv\u00e4gg Set - 3-delat Kattm\u00f6bler Med Kl\u00f6str\u00e4d - Sittst\u00e4nger - Stege - Kl\u00f6spapper - F\u00f6r Katter Upp Till 5 Kg - TRUUSK - Hem, Tr\u00e4dg\u00e5rd &amp; Fritid\" \/>\n<meta property=\"og:description\" content=\"F\u00f6rvandla din v\u00e4gg till en kattbana med TRUUSK kl\u00e4tterset! Detta 3-delade set anv\u00e4nder smart utrymmet p\u00e5 v\u00e4ggen och taket och...\" \/>\n<meta property=\"og:url\" content=\"https:\/\/truusk.store\/sv\/produkt\/truusk-katt-klattervagg-set-3-delat-kattmobler-med-klostrad-sittstanger-stege-klospapper-for-katter-upp-till-5-kg\/\" \/>\n<meta property=\"og:site_name\" content=\"TRUUSK - Hem, Tr\u00e4dg\u00e5rd &amp; Fritid\" \/>\n<meta property=\"article:modified_time\" content=\"2026-03-12T08:44:20+00:00\" \/>\n<meta property=\"og:image\" content=\"https:\/\/i0.wp.com\/truusk.se\/wp-content\/uploads\/2025\/06\/katt-klattervagg-set-3-delat-kattmobler-med-klostrad-sittstanger-stege-steg-klospapper-for-katter-upp-till-5-kg-sisal-beige-1.webp?fit=2000%2C2000&ssl=1\" \/>\n\t<meta property=\"og:image:width\" content=\"2000\" \/>\n\t<meta property=\"og:image:height\" content=\"2000\" \/>\n\t<meta property=\"og:image:type\" content=\"image\/webp\" \/>\n<meta name=\"twitter:card\" content=\"summary_large_image\" \/>\n<meta name=\"twitter:label1\" content=\"Ber\u00e4knad l\u00e4stid\" \/>\n\t<meta name=\"twitter:data1\" content=\"1 minut\" \/>\n<!-- \/ Yoast SEO plugin. -->","yoast_head_json":{"title":"TRUUSK Katt Kl\u00e4tterv\u00e4gg Set - 3-delat Kattm\u00f6bler Med Kl\u00f6str\u00e4d - Sittst\u00e4nger - Stege - Kl\u00f6spapper - F\u00f6r Katter Upp Till 5 Kg - TRUUSK - Hem, Tr\u00e4dg\u00e5rd &amp; Fritid","robots":{"index":"index","follow":"follow","max-snippet":"max-snippet:-1","max-image-preview":"max-image-preview:large","max-video-preview":"max-video-preview:-1"},"canonical":"https:\/\/truusk.store\/sv\/produkt\/truusk-katt-klattervagg-set-3-delat-kattmobler-med-klostrad-sittstanger-stege-klospapper-for-katter-upp-till-5-kg\/","og_locale":"sv_SE","og_type":"article","og_title":"TRUUSK Katt Kl\u00e4tterv\u00e4gg Set - 3-delat Kattm\u00f6bler Med Kl\u00f6str\u00e4d - Sittst\u00e4nger - Stege - Kl\u00f6spapper - F\u00f6r Katter Upp Till 5 Kg - TRUUSK - Hem, Tr\u00e4dg\u00e5rd &amp; Fritid","og_description":"F\u00f6rvandla din v\u00e4gg till en kattbana med TRUUSK kl\u00e4tterset! Detta 3-delade set anv\u00e4nder smart utrymmet p\u00e5 v\u00e4ggen och taket och...","og_url":"https:\/\/truusk.store\/sv\/produkt\/truusk-katt-klattervagg-set-3-delat-kattmobler-med-klostrad-sittstanger-stege-klospapper-for-katter-upp-till-5-kg\/","og_site_name":"TRUUSK - Hem, Tr\u00e4dg\u00e5rd &amp; Fritid","article_modified_time":"2026-03-12T08:44:20+00:00","og_image":[{"width":2000,"height":2000,"url":"https:\/\/i0.wp.com\/truusk.se\/wp-content\/uploads\/2025\/06\/katt-klattervagg-set-3-delat-kattmobler-med-klostrad-sittstanger-stege-steg-klospapper-for-katter-upp-till-5-kg-sisal-beige-1.webp?fit=2000%2C2000&ssl=1","type":"image\/webp"}],"twitter_card":"summary_large_image","twitter_misc":{"Ber\u00e4knad l\u00e4stid":"1 minut"},"schema":{"@context":"https:\/\/schema.org","@graph":[{"@type":"WebPage","@id":"https:\/\/truusk.store\/sv\/produkt\/truusk-katt-klattervagg-set-3-delat-kattmobler-med-klostrad-sittstanger-stege-klospapper-for-katter-upp-till-5-kg\/","url":"https:\/\/truusk.store\/sv\/produkt\/truusk-katt-klattervagg-set-3-delat-kattmobler-med-klostrad-sittstanger-stege-klospapper-for-katter-upp-till-5-kg\/","name":"TRUUSK Katt Kl\u00e4tterv\u00e4gg Set - 3-delat Kattm\u00f6bler Med Kl\u00f6str\u00e4d - Sittst\u00e4nger - Stege - Kl\u00f6spapper - F\u00f6r Katter Upp Till 5 Kg - TRUUSK - Hem, Tr\u00e4dg\u00e5rd &amp; Fritid","isPartOf":{"@id":"https:\/\/truusk.store\/sv\/#website"},"primaryImageOfPage":{"@id":"https:\/\/truusk.store\/sv\/produkt\/truusk-katt-klattervagg-set-3-delat-kattmobler-med-klostrad-sittstanger-stege-klospapper-for-katter-upp-till-5-kg\/#primaryimage"},"image":{"@id":"https:\/\/truusk.store\/sv\/produkt\/truusk-katt-klattervagg-set-3-delat-kattmobler-med-klostrad-sittstanger-stege-klospapper-for-katter-upp-till-5-kg\/#primaryimage"},"thumbnailUrl":"https:\/\/i0.wp.com\/truusk.store\/wp-content\/uploads\/2025\/06\/katt-klattervagg-set-3-delat-kattmobler-med-klostrad-sittstanger-stege-steg-klospapper-for-katter-upp-till-5-kg-sisal-beige-1.webp?fit=2000%2C2000&ssl=1","datePublished":"2025-06-05T05:56:35+00:00","dateModified":"2026-03-12T08:44:20+00:00","breadcrumb":{"@id":"https:\/\/truusk.store\/sv\/produkt\/truusk-katt-klattervagg-set-3-delat-kattmobler-med-klostrad-sittstanger-stege-klospapper-for-katter-upp-till-5-kg\/#breadcrumb"},"inLanguage":"sv-SE","potentialAction":[{"@type":"ReadAction","target":["https:\/\/truusk.store\/sv\/produkt\/truusk-katt-klattervagg-set-3-delat-kattmobler-med-klostrad-sittstanger-stege-klospapper-for-katter-upp-till-5-kg\/"]}]},{"@type":"ImageObject","inLanguage":"sv-SE","@id":"https:\/\/truusk.store\/sv\/produkt\/truusk-katt-klattervagg-set-3-delat-kattmobler-med-klostrad-sittstanger-stege-klospapper-for-katter-upp-till-5-kg\/#primaryimage","url":"https:\/\/i0.wp.com\/truusk.store\/wp-content\/uploads\/2025\/06\/katt-klattervagg-set-3-delat-kattmobler-med-klostrad-sittstanger-stege-steg-klospapper-for-katter-upp-till-5-kg-sisal-beige-1.webp?fit=2000%2C2000&ssl=1","contentUrl":"https:\/\/i0.wp.com\/truusk.store\/wp-content\/uploads\/2025\/06\/katt-klattervagg-set-3-delat-kattmobler-med-klostrad-sittstanger-stege-steg-klospapper-for-katter-upp-till-5-kg-sisal-beige-1.webp?fit=2000%2C2000&ssl=1","width":2000,"height":2000},{"@type":"BreadcrumbList","@id":"https:\/\/truusk.store\/sv\/produkt\/truusk-katt-klattervagg-set-3-delat-kattmobler-med-klostrad-sittstanger-stege-klospapper-for-katter-upp-till-5-kg\/#breadcrumb","itemListElement":[{"@type":"ListItem","position":1,"name":"Home","item":"https:\/\/truusk.store\/sv\/"},{"@type":"ListItem","position":2,"name":"Shop","item":"https:\/\/truusk.store\/shop\/"},{"@type":"ListItem","position":3,"name":"TRUUSK Katt Kl\u00e4tterv\u00e4gg Set &#8211; 3-delat Kattm\u00f6bler Med Kl\u00f6str\u00e4d &#8211; Sittst\u00e4nger &#8211; Stege &#8211; Kl\u00f6spapper &#8211; F\u00f6r Katter Upp Till 5 Kg &#8211;"}]},{"@type":"WebSite","@id":"https:\/\/truusk.store\/sv\/#website","url":"https:\/\/truusk.store\/sv\/","name":"TRUUSK - Hem, Tr\u00e4dg\u00e5rd & Fritid","description":"","publisher":{"@id":"https:\/\/truusk.store\/sv\/#organization"},"potentialAction":[{"@type":"SearchAction","target":{"@type":"EntryPoint","urlTemplate":"https:\/\/truusk.store\/sv\/?s={search_term_string}"},"query-input":{"@type":"PropertyValueSpecification","valueRequired":true,"valueName":"search_term_string"}}],"inLanguage":"sv-SE"},{"@type":"Organization","@id":"https:\/\/truusk.store\/sv\/#organization","name":"TRUUSK - Hem, Tr\u00e4dg\u00e5rd & Fritid","url":"https:\/\/truusk.store\/sv\/","logo":{"@type":"ImageObject","inLanguage":"sv-SE","@id":"https:\/\/truusk.store\/sv\/#\/schema\/logo\/image\/","url":"https:\/\/i0.wp.com\/truusk.store\/wp-content\/uploads\/2026\/03\/cropped-TRUUSK.png?fit=2032%2C917&ssl=1","contentUrl":"https:\/\/i0.wp.com\/truusk.store\/wp-content\/uploads\/2026\/03\/cropped-TRUUSK.png?fit=2032%2C917&ssl=1","width":2032,"height":917,"caption":"TRUUSK - Hem, Tr\u00e4dg\u00e5rd & Fritid"},"image":{"@id":"https:\/\/truusk.store\/sv\/#\/schema\/logo\/image\/"}}]}},"jetpack_sharing_enabled":true,"_links":{"self":[{"href":"https:\/\/truusk.store\/sv\/wp-json\/wp\/v2\/product\/62956","targetHints":{"allow":["GET"]}}],"collection":[{"href":"https:\/\/truusk.store\/sv\/wp-json\/wp\/v2\/product"}],"about":[{"href":"https:\/\/truusk.store\/sv\/wp-json\/wp\/v2\/types\/product"}],"wp:featuredmedia":[{"embeddable":true,"href":"https:\/\/truusk.store\/sv\/wp-json\/wp\/v2\/media\/62947"}],"wp:attachment":[{"href":"https:\/\/truusk.store\/sv\/wp-json\/wp\/v2\/media?parent=62956"}],"wp:term":[{"taxonomy":"product_brand","embeddable":true,"href":"https:\/\/truusk.store\/sv\/wp-json\/wp\/v2\/product_brand?post=62956"},{"taxonomy":"product_cat","embeddable":true,"href":"https:\/\/truusk.store\/sv\/wp-json\/wp\/v2\/product_cat?post=62956"},{"taxonomy":"product_tag","embeddable":true,"href":"https:\/\/truusk.store\/sv\/wp-json\/wp\/v2\/product_tag?post=62956"}],"curies":[{"name":"wp","href":"https:\/\/api.w.org\/{rel}","templated":true}]}}