{"id":62976,"date":"2025-06-05T06:58:32","date_gmt":"2025-06-05T05:58:32","guid":{"rendered":"https:\/\/truusk.store\/product\/barstolssats-3-delad-matbord-med-2-barstolar-matgrupp-koksbord-och-stolar-hogbord-och-barstolar-med-forvaringshylla-metall-80-x-50-x-90-cm-svart\/"},"modified":"2026-03-12T08:55:34","modified_gmt":"2026-03-12T07:55:34","slug":"truusk-3-delat-matbord-med-2-barstolar-forvaringshylla-metall-80-x-50-x-90-cm-svart","status":"publish","type":"product","link":"https:\/\/truusk.store\/sv\/produkt\/truusk-3-delat-matbord-med-2-barstolar-forvaringshylla-metall-80-x-50-x-90-cm-svart\/","title":{"rendered":"TRUUSK 3-delat matbord med 2 barstolar &#8211; F\u00f6rvaringshylla &#8211; Metall &#8211; 80 x 50 x 90 cm &#8211; Svart"},"content":{"rendered":"<p>Uppt\u00e4ck det stiliga 3-delade barbordssatsen fr\u00e5n TRUUSK, perfekt f\u00f6r sm\u00e5 k\u00f6k. Det eleganta barbordet och de tv\u00e5 barstolarna kombinerar funktionalitet och modern design. En praktisk hylla under bordsskivan erbjuder plats f\u00f6r tidningar, frukt och k\u00f6ksredskap, s\u00e5 att du har allt till hands. H\u00e5llen i popul\u00e4r industriell stil och utrustad med en metallram, garanterar denna matgrupp stabilitet och h\u00e5llbarhet.<\/p>\n<p>Beskrivning:<\/p>\n<ul>\n<li> 3-delad barbordssats best\u00e5ende av ett bord och 2 matchande pallar<\/li>\n<li> Idealiskt val f\u00f6r matplatsen i sm\u00e5 bostadsutrymmen<\/li>\n<li> Popul\u00e4r f\u00e4rgkombination och industriell design av barbordssatsen passar till m\u00e5nga inredningsstilar<\/li>\n<li> Pallarna kan skjutas under bordet n\u00e4r de inte anv\u00e4nds<\/li>\n<li> Inneh\u00e5ller en hylla f\u00f6r enkel f\u00f6rvaring av vardagsf\u00f6rem\u00e5l<\/li>\n<li> Tillverkad av MDF-tr\u00e4 och metall f\u00f6r en l\u00e5ng livsl\u00e4ngd<\/li>\n<li> Fotdynor p\u00e5 matgruppen skyddar golvet mot eventuella skador<\/li>\n<li> Montering kr\u00e4vs<\/li>\n<\/ul>\n<p> Tekniska data:<\/p>\n<ul>\n<li> F\u00e4rg: Svart+Ek<\/li>\n<li> Material: MDF, Metall<\/li>\n<li> Totala m\u00e5tt: 80L x 50B x 90H cm (Bord), \u00d830 x 60H cm (Pall)<\/li>\n<li> Storlek p\u00e5 hyllan: 64B x 34T cm<\/li>\n<li> B\u00e4rkapacitet: 70 kg (Bord), 100 kg (Pall)<\/li>\n<\/ul>\n<p> Leveransinneh\u00e5ll:<\/p>\n<ul>\n<li> 1 x Barbord<\/li>\n<li> 2 x Barstolar<\/li>\n<li> 1 x Instruktioner<\/li>\n<\/ul>\n","protected":false},"excerpt":{"rendered":"<p>Uppt\u00e4ck det stiliga 3-delade barbordssatsen fr\u00e5n TRUUSK, perfekt f\u00f6r sm\u00e5 k\u00f6k. Det eleganta barbordet och de tv\u00e5 barstolarna kombinerar funktionalitet&#8230;<\/p>\n","protected":false},"featured_media":62967,"template":"","meta":[],"product_brand":[],"product_cat":[871,889,512],"product_tag":[],"class_list":{"0":"post-62976","1":"product","2":"type-product","3":"status-publish","4":"has-post-thumbnail","6":"product_cat-hus-hem","7":"product_cat-kok-matsal","8":"product_cat-matgrupper","10":"first","11":"instock","12":"sale","13":"taxable","14":"shipping-taxable","15":"purchasable","16":"product-type-simple"},"yoast_head":"<!-- This site is optimized with the Yoast SEO plugin v25.4 - https:\/\/yoast.com\/wordpress\/plugins\/seo\/ -->\n<title>TRUUSK 3-delat matbord med 2 barstolar - F\u00f6rvaringshylla - Metall - 80 x 50 x 90 cm - Svart - TRUUSK - Hem, Tr\u00e4dg\u00e5rd &amp; Fritid<\/title>\n<meta name=\"robots\" content=\"index, follow, max-snippet:-1, max-image-preview:large, max-video-preview:-1\" \/>\n<link rel=\"canonical\" href=\"https:\/\/truusk.store\/sv\/produkt\/truusk-3-delat-matbord-med-2-barstolar-forvaringshylla-metall-80-x-50-x-90-cm-svart\/\" \/>\n<meta property=\"og:locale\" content=\"sv_SE\" \/>\n<meta property=\"og:type\" content=\"article\" \/>\n<meta property=\"og:title\" content=\"TRUUSK 3-delat matbord med 2 barstolar - F\u00f6rvaringshylla - Metall - 80 x 50 x 90 cm - Svart - TRUUSK - Hem, Tr\u00e4dg\u00e5rd &amp; Fritid\" \/>\n<meta property=\"og:description\" content=\"Uppt\u00e4ck det stiliga 3-delade barbordssatsen fr\u00e5n TRUUSK, perfekt f\u00f6r sm\u00e5 k\u00f6k. Det eleganta barbordet och de tv\u00e5 barstolarna kombinerar funktionalitet...\" \/>\n<meta property=\"og:url\" content=\"https:\/\/truusk.store\/sv\/produkt\/truusk-3-delat-matbord-med-2-barstolar-forvaringshylla-metall-80-x-50-x-90-cm-svart\/\" \/>\n<meta property=\"og:site_name\" content=\"TRUUSK - Hem, Tr\u00e4dg\u00e5rd &amp; Fritid\" \/>\n<meta property=\"article:modified_time\" content=\"2026-03-12T07:55:34+00:00\" \/>\n<meta property=\"og:image\" content=\"https:\/\/i0.wp.com\/truusk.se\/wp-content\/uploads\/2025\/06\/barstolssats-3-delad-matbord-med-2-barstolar-matgrupp-koksbord-och-stolar-hogbord-och-barstolar-med-forvaringshylla-metall-80-x-50-x-90-cm-svart-1.webp?fit=2000%2C2000&ssl=1\" \/>\n\t<meta property=\"og:image:width\" content=\"2000\" \/>\n\t<meta property=\"og:image:height\" content=\"2000\" \/>\n\t<meta property=\"og:image:type\" content=\"image\/webp\" \/>\n<meta name=\"twitter:card\" content=\"summary_large_image\" \/>\n<meta name=\"twitter:label1\" content=\"Ber\u00e4knad l\u00e4stid\" \/>\n\t<meta name=\"twitter:data1\" content=\"1 minut\" \/>\n<!-- \/ Yoast SEO plugin. -->","yoast_head_json":{"title":"TRUUSK 3-delat matbord med 2 barstolar - F\u00f6rvaringshylla - Metall - 80 x 50 x 90 cm - Svart - TRUUSK - Hem, Tr\u00e4dg\u00e5rd &amp; Fritid","robots":{"index":"index","follow":"follow","max-snippet":"max-snippet:-1","max-image-preview":"max-image-preview:large","max-video-preview":"max-video-preview:-1"},"canonical":"https:\/\/truusk.store\/sv\/produkt\/truusk-3-delat-matbord-med-2-barstolar-forvaringshylla-metall-80-x-50-x-90-cm-svart\/","og_locale":"sv_SE","og_type":"article","og_title":"TRUUSK 3-delat matbord med 2 barstolar - F\u00f6rvaringshylla - Metall - 80 x 50 x 90 cm - Svart - TRUUSK - Hem, Tr\u00e4dg\u00e5rd &amp; Fritid","og_description":"Uppt\u00e4ck det stiliga 3-delade barbordssatsen fr\u00e5n TRUUSK, perfekt f\u00f6r sm\u00e5 k\u00f6k. Det eleganta barbordet och de tv\u00e5 barstolarna kombinerar funktionalitet...","og_url":"https:\/\/truusk.store\/sv\/produkt\/truusk-3-delat-matbord-med-2-barstolar-forvaringshylla-metall-80-x-50-x-90-cm-svart\/","og_site_name":"TRUUSK - Hem, Tr\u00e4dg\u00e5rd &amp; Fritid","article_modified_time":"2026-03-12T07:55:34+00:00","og_image":[{"width":2000,"height":2000,"url":"https:\/\/i0.wp.com\/truusk.se\/wp-content\/uploads\/2025\/06\/barstolssats-3-delad-matbord-med-2-barstolar-matgrupp-koksbord-och-stolar-hogbord-och-barstolar-med-forvaringshylla-metall-80-x-50-x-90-cm-svart-1.webp?fit=2000%2C2000&ssl=1","type":"image\/webp"}],"twitter_card":"summary_large_image","twitter_misc":{"Ber\u00e4knad l\u00e4stid":"1 minut"},"schema":{"@context":"https:\/\/schema.org","@graph":[{"@type":"WebPage","@id":"https:\/\/truusk.store\/sv\/produkt\/truusk-3-delat-matbord-med-2-barstolar-forvaringshylla-metall-80-x-50-x-90-cm-svart\/","url":"https:\/\/truusk.store\/sv\/produkt\/truusk-3-delat-matbord-med-2-barstolar-forvaringshylla-metall-80-x-50-x-90-cm-svart\/","name":"TRUUSK 3-delat matbord med 2 barstolar - F\u00f6rvaringshylla - Metall - 80 x 50 x 90 cm - Svart - TRUUSK - Hem, Tr\u00e4dg\u00e5rd &amp; Fritid","isPartOf":{"@id":"https:\/\/truusk.store\/sv\/#website"},"primaryImageOfPage":{"@id":"https:\/\/truusk.store\/sv\/produkt\/truusk-3-delat-matbord-med-2-barstolar-forvaringshylla-metall-80-x-50-x-90-cm-svart\/#primaryimage"},"image":{"@id":"https:\/\/truusk.store\/sv\/produkt\/truusk-3-delat-matbord-med-2-barstolar-forvaringshylla-metall-80-x-50-x-90-cm-svart\/#primaryimage"},"thumbnailUrl":"https:\/\/i0.wp.com\/truusk.store\/wp-content\/uploads\/2025\/06\/barstolssats-3-delad-matbord-med-2-barstolar-matgrupp-koksbord-och-stolar-hogbord-och-barstolar-med-forvaringshylla-metall-80-x-50-x-90-cm-svart-1.webp?fit=2000%2C2000&ssl=1","datePublished":"2025-06-05T05:58:32+00:00","dateModified":"2026-03-12T07:55:34+00:00","breadcrumb":{"@id":"https:\/\/truusk.store\/sv\/produkt\/truusk-3-delat-matbord-med-2-barstolar-forvaringshylla-metall-80-x-50-x-90-cm-svart\/#breadcrumb"},"inLanguage":"sv-SE","potentialAction":[{"@type":"ReadAction","target":["https:\/\/truusk.store\/sv\/produkt\/truusk-3-delat-matbord-med-2-barstolar-forvaringshylla-metall-80-x-50-x-90-cm-svart\/"]}]},{"@type":"ImageObject","inLanguage":"sv-SE","@id":"https:\/\/truusk.store\/sv\/produkt\/truusk-3-delat-matbord-med-2-barstolar-forvaringshylla-metall-80-x-50-x-90-cm-svart\/#primaryimage","url":"https:\/\/i0.wp.com\/truusk.store\/wp-content\/uploads\/2025\/06\/barstolssats-3-delad-matbord-med-2-barstolar-matgrupp-koksbord-och-stolar-hogbord-och-barstolar-med-forvaringshylla-metall-80-x-50-x-90-cm-svart-1.webp?fit=2000%2C2000&ssl=1","contentUrl":"https:\/\/i0.wp.com\/truusk.store\/wp-content\/uploads\/2025\/06\/barstolssats-3-delad-matbord-med-2-barstolar-matgrupp-koksbord-och-stolar-hogbord-och-barstolar-med-forvaringshylla-metall-80-x-50-x-90-cm-svart-1.webp?fit=2000%2C2000&ssl=1","width":2000,"height":2000},{"@type":"BreadcrumbList","@id":"https:\/\/truusk.store\/sv\/produkt\/truusk-3-delat-matbord-med-2-barstolar-forvaringshylla-metall-80-x-50-x-90-cm-svart\/#breadcrumb","itemListElement":[{"@type":"ListItem","position":1,"name":"Home","item":"https:\/\/truusk.store\/sv\/"},{"@type":"ListItem","position":2,"name":"Shop","item":"https:\/\/truusk.store\/shop\/"},{"@type":"ListItem","position":3,"name":"TRUUSK 3-delat matbord med 2 barstolar &#8211; F\u00f6rvaringshylla &#8211; Metall &#8211; 80 x 50 x 90 cm &#8211; Svart"}]},{"@type":"WebSite","@id":"https:\/\/truusk.store\/sv\/#website","url":"https:\/\/truusk.store\/sv\/","name":"TRUUSK - Hem, Tr\u00e4dg\u00e5rd & Fritid","description":"","publisher":{"@id":"https:\/\/truusk.store\/sv\/#organization"},"potentialAction":[{"@type":"SearchAction","target":{"@type":"EntryPoint","urlTemplate":"https:\/\/truusk.store\/sv\/?s={search_term_string}"},"query-input":{"@type":"PropertyValueSpecification","valueRequired":true,"valueName":"search_term_string"}}],"inLanguage":"sv-SE"},{"@type":"Organization","@id":"https:\/\/truusk.store\/sv\/#organization","name":"TRUUSK - Hem, Tr\u00e4dg\u00e5rd & Fritid","url":"https:\/\/truusk.store\/sv\/","logo":{"@type":"ImageObject","inLanguage":"sv-SE","@id":"https:\/\/truusk.store\/sv\/#\/schema\/logo\/image\/","url":"https:\/\/i0.wp.com\/truusk.store\/wp-content\/uploads\/2026\/03\/cropped-TRUUSK.png?fit=2032%2C917&ssl=1","contentUrl":"https:\/\/i0.wp.com\/truusk.store\/wp-content\/uploads\/2026\/03\/cropped-TRUUSK.png?fit=2032%2C917&ssl=1","width":2032,"height":917,"caption":"TRUUSK - Hem, Tr\u00e4dg\u00e5rd & Fritid"},"image":{"@id":"https:\/\/truusk.store\/sv\/#\/schema\/logo\/image\/"}}]}},"jetpack_sharing_enabled":true,"_links":{"self":[{"href":"https:\/\/truusk.store\/sv\/wp-json\/wp\/v2\/product\/62976","targetHints":{"allow":["GET"]}}],"collection":[{"href":"https:\/\/truusk.store\/sv\/wp-json\/wp\/v2\/product"}],"about":[{"href":"https:\/\/truusk.store\/sv\/wp-json\/wp\/v2\/types\/product"}],"wp:featuredmedia":[{"embeddable":true,"href":"https:\/\/truusk.store\/sv\/wp-json\/wp\/v2\/media\/62967"}],"wp:attachment":[{"href":"https:\/\/truusk.store\/sv\/wp-json\/wp\/v2\/media?parent=62976"}],"wp:term":[{"taxonomy":"product_brand","embeddable":true,"href":"https:\/\/truusk.store\/sv\/wp-json\/wp\/v2\/product_brand?post=62976"},{"taxonomy":"product_cat","embeddable":true,"href":"https:\/\/truusk.store\/sv\/wp-json\/wp\/v2\/product_cat?post=62976"},{"taxonomy":"product_tag","embeddable":true,"href":"https:\/\/truusk.store\/sv\/wp-json\/wp\/v2\/product_tag?post=62976"}],"curies":[{"name":"wp","href":"https:\/\/api.w.org\/{rel}","templated":true}]}}