{"id":62986,"date":"2025-06-05T06:59:42","date_gmt":"2025-06-05T05:59:42","guid":{"rendered":"https:\/\/truusk.store\/product\/aiyaplay-4-i-1-klatterstallning-set-med-rutschkana-klattringstriangel-for-att-rutsch-och-klattra-klatterleksak-av-tra-for-barn-15-4-ar-inomhus-naturligt-tra\/"},"modified":"2026-03-12T09:43:20","modified_gmt":"2026-03-12T08:43:20","slug":"truusk-klatterstallning-4-i-1-set-rutschkana-klattringstriangel-klatterleksak-av-tra-for-barn-15-4-ar-inomhus","status":"publish","type":"product","link":"https:\/\/truusk.store\/sv\/produkt\/truusk-klatterstallning-4-i-1-set-rutschkana-klattringstriangel-klatterleksak-av-tra-for-barn-15-4-ar-inomhus\/","title":{"rendered":"TRUUSK Kl\u00e4tterst\u00e4llning 4 i 1 Set &#8211; Rutschkana &#8211; Kl\u00e4ttringstriangel &#8211; Kl\u00e4tterleksak av Tr\u00e4 &#8211; F\u00f6r Barn 1,5-4 \u00e5r &#8211; Inomhus &#8211;"},"content":{"rendered":"<p>V\u00e4ck ditt sm\u00e5barns uppt\u00e4ckarlust med AIYAPLAY kl\u00e4tterst\u00e4llningssats! Denna m\u00e5ngsidiga 4-i-1 Montessori kl\u00e4tterst\u00e4llningssats erbjuder en b\u00e5gformad gunga och en dubbelsidig rutschkana f\u00f6r varierande lekgl\u00e4dje. Tillverkad av fint furutr\u00e4, s\u00e4kerst\u00e4ller detta kl\u00e4tterleksak s\u00e4kert spel inomhus. Dessutom kan den anpassas flexibelt.<\/p>\n<p>Beskrivning:<\/p>\n<ul>\n<li> 4-i-1-designen p\u00e5 kl\u00e4tterst\u00e4llningen inkluderar en kl\u00e4tter- och gungb\u00e5ge med kudde<\/li>\n<li> Dubbelsidig rutschkana p\u00e5 kl\u00e4tterleksaken \u00f6kar lekm\u00f6jligheterna<\/li>\n<li> Tillverkad av sl\u00e4t, flerskiktad furu<\/li>\n<li> Justerbar rampvinkel p\u00e5 kl\u00e4tterst\u00e4llningen f\u00f6r olika \u00e5ldersgrupper<\/li>\n<li> Maximal viktgr\u00e4ns p\u00e5 50 kg, l\u00e4mplig f\u00f6r 18-48 m\u00e5nader<\/li>\n<li> Speciellt utvecklad f\u00f6r s\u00e4ker anv\u00e4ndning inomhus<\/li>\n<li> Montering kr\u00e4vs<\/li>\n<\/ul>\n<p>Tekniska data:<\/p>\n<ul>\n<li> F\u00e4rg: Naturtr\u00e4<\/li>\n<li> Material: Furutr\u00e4, flerskiktsplatta<\/li>\n<li> Totala dimensioner: 168L x 49,5B x 39,5H cm<\/li>\n<li> B\u00e5ge: 115,5L x 49,5B x 39,5H cm<\/li>\n<li> Rutschkana: 99L x 38,5B x 6,5H cm<\/li>\n<li> Kudde: 120L x 50B x 9H cm<\/li>\n<li> Maximal belastning: 50 kg<\/li>\n<li> Rekommenderad \u00e5lder: 18-48 m\u00e5nader<\/li>\n<\/ul>\n<p>Leveransinneh\u00e5ll:<\/p>\n<ul>\n<li> 1 x Kl\u00e4tterb\u00e5ge<\/li>\n<li> 1 x Rutschkana<\/li>\n<li> 1 x Kudde<\/li>\n<li> 1 x Handbok<\/li>\n<\/ul>\n","protected":false},"excerpt":{"rendered":"<p>V\u00e4ck ditt sm\u00e5barns uppt\u00e4ckarlust med AIYAPLAY kl\u00e4tterst\u00e4llningssats! Denna m\u00e5ngsidiga 4-i-1 Montessori kl\u00e4tterst\u00e4llningssats erbjuder en b\u00e5gformad gunga och en dubbelsidig rutschkana&#8230;<\/p>\n","protected":false},"featured_media":62977,"template":"","meta":[],"product_brand":[],"product_cat":[880,939,616],"product_tag":[],"class_list":{"0":"post-62986","1":"product","2":"type-product","3":"status-publish","4":"has-post-thumbnail","6":"product_cat-baby-barn-2","7":"product_cat-barnsport","8":"product_cat-utomhusleksaker","10":"first","11":"instock","12":"sale","13":"taxable","14":"shipping-taxable","15":"purchasable","16":"product-type-simple"},"yoast_head":"<!-- This site is optimized with the Yoast SEO plugin v25.4 - https:\/\/yoast.com\/wordpress\/plugins\/seo\/ -->\n<title>TRUUSK Kl\u00e4tterst\u00e4llning 4 i 1 Set - Rutschkana - Kl\u00e4ttringstriangel - Kl\u00e4tterleksak av Tr\u00e4 - F\u00f6r Barn 1,5-4 \u00e5r - Inomhus - TRUUSK - Hem, Tr\u00e4dg\u00e5rd &amp; Fritid<\/title>\n<meta name=\"robots\" content=\"index, follow, max-snippet:-1, max-image-preview:large, max-video-preview:-1\" \/>\n<link rel=\"canonical\" href=\"https:\/\/truusk.store\/sv\/produkt\/truusk-klatterstallning-4-i-1-set-rutschkana-klattringstriangel-klatterleksak-av-tra-for-barn-15-4-ar-inomhus\/\" \/>\n<meta property=\"og:locale\" content=\"sv_SE\" \/>\n<meta property=\"og:type\" content=\"article\" \/>\n<meta property=\"og:title\" content=\"TRUUSK Kl\u00e4tterst\u00e4llning 4 i 1 Set - Rutschkana - Kl\u00e4ttringstriangel - Kl\u00e4tterleksak av Tr\u00e4 - F\u00f6r Barn 1,5-4 \u00e5r - Inomhus - TRUUSK - Hem, Tr\u00e4dg\u00e5rd &amp; Fritid\" \/>\n<meta property=\"og:description\" content=\"V\u00e4ck ditt sm\u00e5barns uppt\u00e4ckarlust med AIYAPLAY kl\u00e4tterst\u00e4llningssats! Denna m\u00e5ngsidiga 4-i-1 Montessori kl\u00e4tterst\u00e4llningssats erbjuder en b\u00e5gformad gunga och en dubbelsidig rutschkana...\" \/>\n<meta property=\"og:url\" content=\"https:\/\/truusk.store\/sv\/produkt\/truusk-klatterstallning-4-i-1-set-rutschkana-klattringstriangel-klatterleksak-av-tra-for-barn-15-4-ar-inomhus\/\" \/>\n<meta property=\"og:site_name\" content=\"TRUUSK - Hem, Tr\u00e4dg\u00e5rd &amp; Fritid\" \/>\n<meta property=\"article:modified_time\" content=\"2026-03-12T08:43:20+00:00\" \/>\n<meta property=\"og:image\" content=\"https:\/\/i0.wp.com\/truusk.se\/wp-content\/uploads\/2025\/06\/aiyaplay-4-i-1-klatterstallning-set-med-rutschkana-klattringstriangel-for-att-rutsch-och-klattra-klatterleksak-av-tra-for-barn-15-4-ar-inomhus-naturligt-tra-1.webp?fit=2000%2C2000&ssl=1\" \/>\n\t<meta property=\"og:image:width\" content=\"2000\" \/>\n\t<meta property=\"og:image:height\" content=\"2000\" \/>\n\t<meta property=\"og:image:type\" content=\"image\/webp\" \/>\n<meta name=\"twitter:card\" content=\"summary_large_image\" \/>\n<meta name=\"twitter:label1\" content=\"Ber\u00e4knad l\u00e4stid\" \/>\n\t<meta name=\"twitter:data1\" content=\"1 minut\" \/>\n<!-- \/ Yoast SEO plugin. -->","yoast_head_json":{"title":"TRUUSK Kl\u00e4tterst\u00e4llning 4 i 1 Set - Rutschkana - Kl\u00e4ttringstriangel - Kl\u00e4tterleksak av Tr\u00e4 - F\u00f6r Barn 1,5-4 \u00e5r - Inomhus - TRUUSK - Hem, Tr\u00e4dg\u00e5rd &amp; Fritid","robots":{"index":"index","follow":"follow","max-snippet":"max-snippet:-1","max-image-preview":"max-image-preview:large","max-video-preview":"max-video-preview:-1"},"canonical":"https:\/\/truusk.store\/sv\/produkt\/truusk-klatterstallning-4-i-1-set-rutschkana-klattringstriangel-klatterleksak-av-tra-for-barn-15-4-ar-inomhus\/","og_locale":"sv_SE","og_type":"article","og_title":"TRUUSK Kl\u00e4tterst\u00e4llning 4 i 1 Set - Rutschkana - Kl\u00e4ttringstriangel - Kl\u00e4tterleksak av Tr\u00e4 - F\u00f6r Barn 1,5-4 \u00e5r - Inomhus - TRUUSK - Hem, Tr\u00e4dg\u00e5rd &amp; Fritid","og_description":"V\u00e4ck ditt sm\u00e5barns uppt\u00e4ckarlust med AIYAPLAY kl\u00e4tterst\u00e4llningssats! Denna m\u00e5ngsidiga 4-i-1 Montessori kl\u00e4tterst\u00e4llningssats erbjuder en b\u00e5gformad gunga och en dubbelsidig rutschkana...","og_url":"https:\/\/truusk.store\/sv\/produkt\/truusk-klatterstallning-4-i-1-set-rutschkana-klattringstriangel-klatterleksak-av-tra-for-barn-15-4-ar-inomhus\/","og_site_name":"TRUUSK - Hem, Tr\u00e4dg\u00e5rd &amp; Fritid","article_modified_time":"2026-03-12T08:43:20+00:00","og_image":[{"width":2000,"height":2000,"url":"https:\/\/i0.wp.com\/truusk.se\/wp-content\/uploads\/2025\/06\/aiyaplay-4-i-1-klatterstallning-set-med-rutschkana-klattringstriangel-for-att-rutsch-och-klattra-klatterleksak-av-tra-for-barn-15-4-ar-inomhus-naturligt-tra-1.webp?fit=2000%2C2000&ssl=1","type":"image\/webp"}],"twitter_card":"summary_large_image","twitter_misc":{"Ber\u00e4knad l\u00e4stid":"1 minut"},"schema":{"@context":"https:\/\/schema.org","@graph":[{"@type":"WebPage","@id":"https:\/\/truusk.store\/sv\/produkt\/truusk-klatterstallning-4-i-1-set-rutschkana-klattringstriangel-klatterleksak-av-tra-for-barn-15-4-ar-inomhus\/","url":"https:\/\/truusk.store\/sv\/produkt\/truusk-klatterstallning-4-i-1-set-rutschkana-klattringstriangel-klatterleksak-av-tra-for-barn-15-4-ar-inomhus\/","name":"TRUUSK Kl\u00e4tterst\u00e4llning 4 i 1 Set - Rutschkana - Kl\u00e4ttringstriangel - Kl\u00e4tterleksak av Tr\u00e4 - F\u00f6r Barn 1,5-4 \u00e5r - Inomhus - TRUUSK - Hem, Tr\u00e4dg\u00e5rd &amp; Fritid","isPartOf":{"@id":"https:\/\/truusk.store\/sv\/#website"},"primaryImageOfPage":{"@id":"https:\/\/truusk.store\/sv\/produkt\/truusk-klatterstallning-4-i-1-set-rutschkana-klattringstriangel-klatterleksak-av-tra-for-barn-15-4-ar-inomhus\/#primaryimage"},"image":{"@id":"https:\/\/truusk.store\/sv\/produkt\/truusk-klatterstallning-4-i-1-set-rutschkana-klattringstriangel-klatterleksak-av-tra-for-barn-15-4-ar-inomhus\/#primaryimage"},"thumbnailUrl":"https:\/\/i0.wp.com\/truusk.store\/wp-content\/uploads\/2025\/06\/aiyaplay-4-i-1-klatterstallning-set-med-rutschkana-klattringstriangel-for-att-rutsch-och-klattra-klatterleksak-av-tra-for-barn-15-4-ar-inomhus-naturligt-tra-1.webp?fit=2000%2C2000&ssl=1","datePublished":"2025-06-05T05:59:42+00:00","dateModified":"2026-03-12T08:43:20+00:00","breadcrumb":{"@id":"https:\/\/truusk.store\/sv\/produkt\/truusk-klatterstallning-4-i-1-set-rutschkana-klattringstriangel-klatterleksak-av-tra-for-barn-15-4-ar-inomhus\/#breadcrumb"},"inLanguage":"sv-SE","potentialAction":[{"@type":"ReadAction","target":["https:\/\/truusk.store\/sv\/produkt\/truusk-klatterstallning-4-i-1-set-rutschkana-klattringstriangel-klatterleksak-av-tra-for-barn-15-4-ar-inomhus\/"]}]},{"@type":"ImageObject","inLanguage":"sv-SE","@id":"https:\/\/truusk.store\/sv\/produkt\/truusk-klatterstallning-4-i-1-set-rutschkana-klattringstriangel-klatterleksak-av-tra-for-barn-15-4-ar-inomhus\/#primaryimage","url":"https:\/\/i0.wp.com\/truusk.store\/wp-content\/uploads\/2025\/06\/aiyaplay-4-i-1-klatterstallning-set-med-rutschkana-klattringstriangel-for-att-rutsch-och-klattra-klatterleksak-av-tra-for-barn-15-4-ar-inomhus-naturligt-tra-1.webp?fit=2000%2C2000&ssl=1","contentUrl":"https:\/\/i0.wp.com\/truusk.store\/wp-content\/uploads\/2025\/06\/aiyaplay-4-i-1-klatterstallning-set-med-rutschkana-klattringstriangel-for-att-rutsch-och-klattra-klatterleksak-av-tra-for-barn-15-4-ar-inomhus-naturligt-tra-1.webp?fit=2000%2C2000&ssl=1","width":2000,"height":2000},{"@type":"BreadcrumbList","@id":"https:\/\/truusk.store\/sv\/produkt\/truusk-klatterstallning-4-i-1-set-rutschkana-klattringstriangel-klatterleksak-av-tra-for-barn-15-4-ar-inomhus\/#breadcrumb","itemListElement":[{"@type":"ListItem","position":1,"name":"Home","item":"https:\/\/truusk.store\/sv\/"},{"@type":"ListItem","position":2,"name":"Shop","item":"https:\/\/truusk.store\/shop\/"},{"@type":"ListItem","position":3,"name":"TRUUSK Kl\u00e4tterst\u00e4llning 4 i 1 Set &#8211; Rutschkana &#8211; Kl\u00e4ttringstriangel &#8211; Kl\u00e4tterleksak av Tr\u00e4 &#8211; F\u00f6r Barn 1,5-4 \u00e5r &#8211; Inomhus &#8211;"}]},{"@type":"WebSite","@id":"https:\/\/truusk.store\/sv\/#website","url":"https:\/\/truusk.store\/sv\/","name":"TRUUSK - Hem, Tr\u00e4dg\u00e5rd & Fritid","description":"","publisher":{"@id":"https:\/\/truusk.store\/sv\/#organization"},"potentialAction":[{"@type":"SearchAction","target":{"@type":"EntryPoint","urlTemplate":"https:\/\/truusk.store\/sv\/?s={search_term_string}"},"query-input":{"@type":"PropertyValueSpecification","valueRequired":true,"valueName":"search_term_string"}}],"inLanguage":"sv-SE"},{"@type":"Organization","@id":"https:\/\/truusk.store\/sv\/#organization","name":"TRUUSK - Hem, Tr\u00e4dg\u00e5rd & Fritid","url":"https:\/\/truusk.store\/sv\/","logo":{"@type":"ImageObject","inLanguage":"sv-SE","@id":"https:\/\/truusk.store\/sv\/#\/schema\/logo\/image\/","url":"https:\/\/i0.wp.com\/truusk.store\/wp-content\/uploads\/2026\/03\/cropped-TRUUSK.png?fit=2032%2C917&ssl=1","contentUrl":"https:\/\/i0.wp.com\/truusk.store\/wp-content\/uploads\/2026\/03\/cropped-TRUUSK.png?fit=2032%2C917&ssl=1","width":2032,"height":917,"caption":"TRUUSK - Hem, Tr\u00e4dg\u00e5rd & Fritid"},"image":{"@id":"https:\/\/truusk.store\/sv\/#\/schema\/logo\/image\/"}}]}},"jetpack_sharing_enabled":true,"_links":{"self":[{"href":"https:\/\/truusk.store\/sv\/wp-json\/wp\/v2\/product\/62986","targetHints":{"allow":["GET"]}}],"collection":[{"href":"https:\/\/truusk.store\/sv\/wp-json\/wp\/v2\/product"}],"about":[{"href":"https:\/\/truusk.store\/sv\/wp-json\/wp\/v2\/types\/product"}],"wp:featuredmedia":[{"embeddable":true,"href":"https:\/\/truusk.store\/sv\/wp-json\/wp\/v2\/media\/62977"}],"wp:attachment":[{"href":"https:\/\/truusk.store\/sv\/wp-json\/wp\/v2\/media?parent=62986"}],"wp:term":[{"taxonomy":"product_brand","embeddable":true,"href":"https:\/\/truusk.store\/sv\/wp-json\/wp\/v2\/product_brand?post=62986"},{"taxonomy":"product_cat","embeddable":true,"href":"https:\/\/truusk.store\/sv\/wp-json\/wp\/v2\/product_cat?post=62986"},{"taxonomy":"product_tag","embeddable":true,"href":"https:\/\/truusk.store\/sv\/wp-json\/wp\/v2\/product_tag?post=62986"}],"curies":[{"name":"wp","href":"https:\/\/api.w.org\/{rel}","templated":true}]}}