{"id":6299,"date":"2024-02-13T08:22:45","date_gmt":"2024-02-13T07:22:45","guid":{"rendered":"https:\/\/truusk.store\/product\/hawaiianskt-paraply-parasoll-tradgardsparaply-hoj-och-sankbar-lutbar-fargglad-160-x-190cm\/"},"modified":"2026-03-12T08:55:15","modified_gmt":"2026-03-12T07:55:15","slug":"truusk-hawaiianskt-parasoll-hoj-och-sankbar-lutbar-fargglad-160-x-190cm","status":"publish","type":"product","link":"https:\/\/truusk.store\/sv\/produkt\/truusk-hawaiianskt-parasoll-hoj-och-sankbar-lutbar-fargglad-160-x-190cm\/","title":{"rendered":"TRUUSK Hawaiianskt Parasoll &#8211; H\u00f6j- och s\u00e4nkbar &#8211; Lutbar &#8211; F\u00e4rgglad &#8211; 160 x 190cm"},"content":{"rendered":"<p>V\u00e5rt charmiga Hawaiian paraply \u00e4r den perfekta f\u00f6ljeslagaren f\u00f6r ditt bes\u00f6k p\u00e5 stranden. Detta praktiska solskydd har en vattenavvisande paraplyyta i polyester. Den \u00e4r stabil tack vare den h\u00f6gkvalitativa, robusta metallramen. Paraplyst\u00e5ngen \u00e4r ocks\u00e5 h\u00f6j- och s\u00e4nkbar och utrustad med en led f\u00f6r att luta paraplyet med upp till 45 vid behov &#8211; perfekt f\u00f6r att njuta av varmt, soligt v\u00e4der bekv\u00e4mt i tr\u00e4dg\u00e5rden eller p\u00e5 din terrass.<\/p>\n<h3>Beskrivning:<\/h3>\n<ul>\n<li>Dekorativt, tidl\u00f6st hawaiiskt parasoll ger en riktig semesterk\u00e4nsla till din tr\u00e4dg\u00e5rd<\/li>\n<li>F\u00f6r tr\u00e4dg\u00e5rd, terrass, balkong, strand<\/li>\n<li>Ger optimalt solskydd<\/li>\n<li>8 metallstag s\u00e4kerst\u00e4ller h\u00f6g stabilitet<\/li>\n<li>H\u00f6jdjusterbar och lutbar<\/li>\n<li>Paraplymaterial: 100% polyester med imiterad raffia<\/li>\n<li>Rammaterial: vitt, pulverlackerat st\u00e5l<\/li>\n<li>Du kan uppn\u00e5 ytterligare stabilitet, till exempel genom att anv\u00e4nda ett bord med parasollh\u00e5llare eller ett stativ (obs: bordet och stativet ing\u00e5r inte i leveransen)<\/li>\n<\/ul>\n<h3>Teknisk data:<\/h3>\n<ul>\n<li>F\u00e4rg f\u00e4rgglada<\/li>\n<li>Totalm\u00e5tt: 160 H190 cm Diameter: 160 cm<\/li>\n<li>Paraplyst\u00e5ngens diameter: 22 mm<\/li>\n<li>H\u00f6jdjusterbar upp till 190 cm<\/li>\n<li>Tiltbar upp till 46 grader<\/li>\n<li>Vikt: ca 1,3 kg<\/li>\n<\/ul>\n<h3>Leveransens omfattning:<\/h3>\n<ul>\n<li>1 x Hawaiian paraply<\/li>\n<li>Observera: Bord och stativ ing\u00e5r inte.<\/li>\n<\/ul>\n","protected":false},"excerpt":{"rendered":"<p>V\u00e5rt charmiga Hawaiian paraply \u00e4r den perfekta f\u00f6ljeslagaren f\u00f6r ditt bes\u00f6k p\u00e5 stranden. Detta praktiska solskydd har en vattenavvisande paraplyyta&#8230;<\/p>\n","protected":false},"featured_media":6300,"template":"","meta":[],"product_brand":[],"product_cat":[472,471,435],"product_tag":[],"class_list":{"0":"post-6299","1":"product","2":"type-product","3":"status-publish","4":"has-post-thumbnail","6":"product_cat-parasoller","7":"product_cat-solskydd-integritetsskydd","8":"product_cat-tradgard-och-terrass","10":"first","11":"instock","12":"sale","13":"taxable","14":"shipping-taxable","15":"purchasable","16":"product-type-simple"},"yoast_head":"<!-- This site is optimized with the Yoast SEO plugin v25.4 - https:\/\/yoast.com\/wordpress\/plugins\/seo\/ -->\n<title>TRUUSK Hawaiianskt Parasoll - H\u00f6j- och s\u00e4nkbar - Lutbar - F\u00e4rgglad - 160 x 190cm - TRUUSK - Hem, Tr\u00e4dg\u00e5rd &amp; Fritid<\/title>\n<meta name=\"robots\" content=\"index, follow, max-snippet:-1, max-image-preview:large, max-video-preview:-1\" \/>\n<link rel=\"canonical\" href=\"https:\/\/truusk.store\/sv\/produkt\/truusk-hawaiianskt-parasoll-hoj-och-sankbar-lutbar-fargglad-160-x-190cm\/\" \/>\n<meta property=\"og:locale\" content=\"sv_SE\" \/>\n<meta property=\"og:type\" content=\"article\" \/>\n<meta property=\"og:title\" content=\"TRUUSK Hawaiianskt Parasoll - H\u00f6j- och s\u00e4nkbar - Lutbar - F\u00e4rgglad - 160 x 190cm - TRUUSK - Hem, Tr\u00e4dg\u00e5rd &amp; Fritid\" \/>\n<meta property=\"og:description\" content=\"V\u00e5rt charmiga Hawaiian paraply \u00e4r den perfekta f\u00f6ljeslagaren f\u00f6r ditt bes\u00f6k p\u00e5 stranden. Detta praktiska solskydd har en vattenavvisande paraplyyta...\" \/>\n<meta property=\"og:url\" content=\"https:\/\/truusk.store\/sv\/produkt\/truusk-hawaiianskt-parasoll-hoj-och-sankbar-lutbar-fargglad-160-x-190cm\/\" \/>\n<meta property=\"og:site_name\" content=\"TRUUSK - Hem, Tr\u00e4dg\u00e5rd &amp; Fritid\" \/>\n<meta property=\"article:modified_time\" content=\"2026-03-12T07:55:15+00:00\" \/>\n<meta property=\"og:image\" content=\"https:\/\/i0.wp.com\/truusk.se\/wp-content\/uploads\/2024\/02\/hawaiianskt-paraply-parasoll-tradgardsparaply-hoj-och-sankbar-lutbar-fargglad-160-x-190cm.webp?fit=800%2C800&ssl=1\" \/>\n\t<meta property=\"og:image:width\" content=\"800\" \/>\n\t<meta property=\"og:image:height\" content=\"800\" \/>\n\t<meta property=\"og:image:type\" content=\"image\/webp\" \/>\n<meta name=\"twitter:card\" content=\"summary_large_image\" \/>\n<meta name=\"twitter:label1\" content=\"Ber\u00e4knad l\u00e4stid\" \/>\n\t<meta name=\"twitter:data1\" content=\"1 minut\" \/>\n<!-- \/ Yoast SEO plugin. -->","yoast_head_json":{"title":"TRUUSK Hawaiianskt Parasoll - H\u00f6j- och s\u00e4nkbar - Lutbar - F\u00e4rgglad - 160 x 190cm - TRUUSK - Hem, Tr\u00e4dg\u00e5rd &amp; Fritid","robots":{"index":"index","follow":"follow","max-snippet":"max-snippet:-1","max-image-preview":"max-image-preview:large","max-video-preview":"max-video-preview:-1"},"canonical":"https:\/\/truusk.store\/sv\/produkt\/truusk-hawaiianskt-parasoll-hoj-och-sankbar-lutbar-fargglad-160-x-190cm\/","og_locale":"sv_SE","og_type":"article","og_title":"TRUUSK Hawaiianskt Parasoll - H\u00f6j- och s\u00e4nkbar - Lutbar - F\u00e4rgglad - 160 x 190cm - TRUUSK - Hem, Tr\u00e4dg\u00e5rd &amp; Fritid","og_description":"V\u00e5rt charmiga Hawaiian paraply \u00e4r den perfekta f\u00f6ljeslagaren f\u00f6r ditt bes\u00f6k p\u00e5 stranden. Detta praktiska solskydd har en vattenavvisande paraplyyta...","og_url":"https:\/\/truusk.store\/sv\/produkt\/truusk-hawaiianskt-parasoll-hoj-och-sankbar-lutbar-fargglad-160-x-190cm\/","og_site_name":"TRUUSK - Hem, Tr\u00e4dg\u00e5rd &amp; Fritid","article_modified_time":"2026-03-12T07:55:15+00:00","og_image":[{"width":800,"height":800,"url":"https:\/\/i0.wp.com\/truusk.se\/wp-content\/uploads\/2024\/02\/hawaiianskt-paraply-parasoll-tradgardsparaply-hoj-och-sankbar-lutbar-fargglad-160-x-190cm.webp?fit=800%2C800&ssl=1","type":"image\/webp"}],"twitter_card":"summary_large_image","twitter_misc":{"Ber\u00e4knad l\u00e4stid":"1 minut"},"schema":{"@context":"https:\/\/schema.org","@graph":[{"@type":"WebPage","@id":"https:\/\/truusk.store\/sv\/produkt\/truusk-hawaiianskt-parasoll-hoj-och-sankbar-lutbar-fargglad-160-x-190cm\/","url":"https:\/\/truusk.store\/sv\/produkt\/truusk-hawaiianskt-parasoll-hoj-och-sankbar-lutbar-fargglad-160-x-190cm\/","name":"TRUUSK Hawaiianskt Parasoll - H\u00f6j- och s\u00e4nkbar - Lutbar - F\u00e4rgglad - 160 x 190cm - TRUUSK - Hem, Tr\u00e4dg\u00e5rd &amp; Fritid","isPartOf":{"@id":"https:\/\/truusk.store\/sv\/#website"},"primaryImageOfPage":{"@id":"https:\/\/truusk.store\/sv\/produkt\/truusk-hawaiianskt-parasoll-hoj-och-sankbar-lutbar-fargglad-160-x-190cm\/#primaryimage"},"image":{"@id":"https:\/\/truusk.store\/sv\/produkt\/truusk-hawaiianskt-parasoll-hoj-och-sankbar-lutbar-fargglad-160-x-190cm\/#primaryimage"},"thumbnailUrl":"https:\/\/i0.wp.com\/truusk.store\/wp-content\/uploads\/2024\/02\/hawaiianskt-paraply-parasoll-tradgardsparaply-hoj-och-sankbar-lutbar-fargglad-160-x-190cm.webp?fit=800%2C800&ssl=1","datePublished":"2024-02-13T07:22:45+00:00","dateModified":"2026-03-12T07:55:15+00:00","breadcrumb":{"@id":"https:\/\/truusk.store\/sv\/produkt\/truusk-hawaiianskt-parasoll-hoj-och-sankbar-lutbar-fargglad-160-x-190cm\/#breadcrumb"},"inLanguage":"sv-SE","potentialAction":[{"@type":"ReadAction","target":["https:\/\/truusk.store\/sv\/produkt\/truusk-hawaiianskt-parasoll-hoj-och-sankbar-lutbar-fargglad-160-x-190cm\/"]}]},{"@type":"ImageObject","inLanguage":"sv-SE","@id":"https:\/\/truusk.store\/sv\/produkt\/truusk-hawaiianskt-parasoll-hoj-och-sankbar-lutbar-fargglad-160-x-190cm\/#primaryimage","url":"https:\/\/i0.wp.com\/truusk.store\/wp-content\/uploads\/2024\/02\/hawaiianskt-paraply-parasoll-tradgardsparaply-hoj-och-sankbar-lutbar-fargglad-160-x-190cm.webp?fit=800%2C800&ssl=1","contentUrl":"https:\/\/i0.wp.com\/truusk.store\/wp-content\/uploads\/2024\/02\/hawaiianskt-paraply-parasoll-tradgardsparaply-hoj-och-sankbar-lutbar-fargglad-160-x-190cm.webp?fit=800%2C800&ssl=1","width":800,"height":800,"caption":"Hawaiianskt Paraply, Parasoll, Tr\u00e4dg\u00e5rdsparaply, H\u00f6j- Och S\u00e4nkbar, Lutbar, F\u00e4rgglad, 160 X 190cm 1"},{"@type":"BreadcrumbList","@id":"https:\/\/truusk.store\/sv\/produkt\/truusk-hawaiianskt-parasoll-hoj-och-sankbar-lutbar-fargglad-160-x-190cm\/#breadcrumb","itemListElement":[{"@type":"ListItem","position":1,"name":"Home","item":"https:\/\/truusk.store\/sv\/"},{"@type":"ListItem","position":2,"name":"Shop","item":"https:\/\/truusk.store\/shop\/"},{"@type":"ListItem","position":3,"name":"TRUUSK Hawaiianskt Parasoll &#8211; H\u00f6j- och s\u00e4nkbar &#8211; Lutbar &#8211; F\u00e4rgglad &#8211; 160 x 190cm"}]},{"@type":"WebSite","@id":"https:\/\/truusk.store\/sv\/#website","url":"https:\/\/truusk.store\/sv\/","name":"TRUUSK - Hem, Tr\u00e4dg\u00e5rd & Fritid","description":"","publisher":{"@id":"https:\/\/truusk.store\/sv\/#organization"},"potentialAction":[{"@type":"SearchAction","target":{"@type":"EntryPoint","urlTemplate":"https:\/\/truusk.store\/sv\/?s={search_term_string}"},"query-input":{"@type":"PropertyValueSpecification","valueRequired":true,"valueName":"search_term_string"}}],"inLanguage":"sv-SE"},{"@type":"Organization","@id":"https:\/\/truusk.store\/sv\/#organization","name":"TRUUSK - Hem, Tr\u00e4dg\u00e5rd & Fritid","url":"https:\/\/truusk.store\/sv\/","logo":{"@type":"ImageObject","inLanguage":"sv-SE","@id":"https:\/\/truusk.store\/sv\/#\/schema\/logo\/image\/","url":"https:\/\/i0.wp.com\/truusk.store\/wp-content\/uploads\/2026\/03\/cropped-TRUUSK.png?fit=2032%2C917&ssl=1","contentUrl":"https:\/\/i0.wp.com\/truusk.store\/wp-content\/uploads\/2026\/03\/cropped-TRUUSK.png?fit=2032%2C917&ssl=1","width":2032,"height":917,"caption":"TRUUSK - Hem, Tr\u00e4dg\u00e5rd & Fritid"},"image":{"@id":"https:\/\/truusk.store\/sv\/#\/schema\/logo\/image\/"}}]}},"jetpack_sharing_enabled":true,"_links":{"self":[{"href":"https:\/\/truusk.store\/sv\/wp-json\/wp\/v2\/product\/6299","targetHints":{"allow":["GET"]}}],"collection":[{"href":"https:\/\/truusk.store\/sv\/wp-json\/wp\/v2\/product"}],"about":[{"href":"https:\/\/truusk.store\/sv\/wp-json\/wp\/v2\/types\/product"}],"wp:featuredmedia":[{"embeddable":true,"href":"https:\/\/truusk.store\/sv\/wp-json\/wp\/v2\/media\/6300"}],"wp:attachment":[{"href":"https:\/\/truusk.store\/sv\/wp-json\/wp\/v2\/media?parent=6299"}],"wp:term":[{"taxonomy":"product_brand","embeddable":true,"href":"https:\/\/truusk.store\/sv\/wp-json\/wp\/v2\/product_brand?post=6299"},{"taxonomy":"product_cat","embeddable":true,"href":"https:\/\/truusk.store\/sv\/wp-json\/wp\/v2\/product_cat?post=6299"},{"taxonomy":"product_tag","embeddable":true,"href":"https:\/\/truusk.store\/sv\/wp-json\/wp\/v2\/product_tag?post=6299"}],"curies":[{"name":"wp","href":"https:\/\/api.w.org\/{rel}","templated":true}]}}