{"id":63036,"date":"2025-06-05T07:04:35","date_gmt":"2025-06-05T06:04:35","guid":{"rendered":"https:\/\/truusk.store\/product\/fotboll-rebounder-kickback-mal-returvagg-nat-dubbelsidig-retur-justerbar-i-5-steg-for-fotbollstraning-stal-svart-100-x-95-x-90-cm\/"},"modified":"2026-03-12T09:41:21","modified_gmt":"2026-03-12T08:41:21","slug":"truusk-fotboll-rebounder-kickback-mal-dubbelsidig-returvagg-justerbar-i-5-steg-stal-svart-100-x-95-x-90-cm","status":"publish","type":"product","link":"https:\/\/truusk.store\/sv\/produkt\/truusk-fotboll-rebounder-kickback-mal-dubbelsidig-returvagg-justerbar-i-5-steg-stal-svart-100-x-95-x-90-cm\/","title":{"rendered":"TRUUSK Fotboll Rebounder Kickback M\u00e5l &#8211; Dubbelsidig Returv\u00e4gg &#8211; Justerbar i 5 Steg &#8211; St\u00e5l &#8211; Svart &#8211; 100 x 95 x 90 cm"},"content":{"rendered":"<p>H\u00e5ll dina barn aktiva och fr\u00e4mja deras sportighet med v\u00e5r hopf\u00e4llbara fotbollsrebounder! Denna innovativa rebounder-n\u00e4t \u00e4r idealisk f\u00f6r att f\u00f6rb\u00e4ttra hand-\u00f6ga-koordinationen samtidigt som den tr\u00e4nar precision, styrka och bollkontroll. Perfekt f\u00f6r att \u00f6va p\u00e5 passningar, h\u00e5lla bollar, nicka och skjuta. Tack vare monteringstillbeh\u00f6ren \u00e4r fotbollsreboundern enkel att s\u00e4tta upp. Skaffa den perfekta fotbolls- och handbollstr\u00e4ningen i din egen tr\u00e4dg\u00e5rd!<\/p>\n<p>Beskrivning:<\/p>\n<ul>\n<li> Tillverkad av h\u00f6gkvalitativ pulverlackerad st\u00e5lram, reboundern t\u00e5l h\u00f6ga belastningar<\/li>\n<li> Allv\u00e4dersbest\u00e4ndigt PE-n\u00e4t<\/li>\n<li> Justerbar vinkel p\u00e5 fotbollsreboundern f\u00f6r b\u00e4ttre anpassning till dina tr\u00e4ningsm\u00e5l<\/li>\n<li> L\u00e4tt att transportera och lagra tack vare fotbollsrebounderns hopf\u00e4llbara design<\/li>\n<li> Idealisk f\u00f6r olika sporter, inklusive fotboll, handboll och mer<\/li>\n<li> Tr\u00e4nar precision, skjutstyrka och bollkontroll<\/li>\n<li> Inneh\u00e5ller markankare som f\u00f6rhindrar att den v\u00e4lter vid anv\u00e4ndning<\/li>\n<li> Enkel montering kr\u00e4vs<\/li>\n<\/ul>\n<p> Tekniska data:<\/p>\n<ul>\n<li> Material: PE, St\u00e5l<\/li>\n<li> F\u00e4rg: Svart<\/li>\n<li> Totala m\u00e5tt: 100L x 95B x 90H cm<\/li>\n<li> N\u00e4tstorlek: 91L x 91B cm<\/li>\n<li> Storlek hopf\u00e4lld: 100L x 99B x 8,5H cm<\/li>\n<li> Vikt: 5,9 kg<\/li>\n<\/ul>\n<p> Leveransinneh\u00e5ll:<\/p>\n<ul>\n<li> 1 x Rebounder-n\u00e4t<\/li>\n<li> 40 x Sp\u00e4nne<\/li>\n<li> 4 x T\u00e4ltspik<\/li>\n<li> 1 x Instruktion<\/li>\n<\/ul>\n","protected":false},"excerpt":{"rendered":"<p>H\u00e5ll dina barn aktiva och fr\u00e4mja deras sportighet med v\u00e5r hopf\u00e4llbara fotbollsrebounder! Denna innovativa rebounder-n\u00e4t \u00e4r idealisk f\u00f6r att f\u00f6rb\u00e4ttra&#8230;<\/p>\n","protected":false},"featured_media":63027,"template":"","meta":[],"product_brand":[],"product_cat":[880,939,983,616],"product_tag":[],"class_list":{"0":"post-63036","1":"product","2":"type-product","3":"status-publish","4":"has-post-thumbnail","6":"product_cat-baby-barn-2","7":"product_cat-barnsport","8":"product_cat-fusballtore","9":"product_cat-utomhusleksaker","11":"first","12":"instock","13":"sale","14":"taxable","15":"shipping-taxable","16":"purchasable","17":"product-type-simple"},"yoast_head":"<!-- This site is optimized with the Yoast SEO plugin v25.4 - https:\/\/yoast.com\/wordpress\/plugins\/seo\/ -->\n<title>TRUUSK Fotboll Rebounder Kickback M\u00e5l - Dubbelsidig Returv\u00e4gg - Justerbar i 5 Steg - St\u00e5l - Svart - 100 x 95 x 90 cm - TRUUSK - Hem, Tr\u00e4dg\u00e5rd &amp; Fritid<\/title>\n<meta name=\"robots\" content=\"index, follow, max-snippet:-1, max-image-preview:large, max-video-preview:-1\" \/>\n<link rel=\"canonical\" href=\"https:\/\/truusk.store\/sv\/produkt\/truusk-fotboll-rebounder-kickback-mal-dubbelsidig-returvagg-justerbar-i-5-steg-stal-svart-100-x-95-x-90-cm\/\" \/>\n<meta property=\"og:locale\" content=\"sv_SE\" \/>\n<meta property=\"og:type\" content=\"article\" \/>\n<meta property=\"og:title\" content=\"TRUUSK Fotboll Rebounder Kickback M\u00e5l - Dubbelsidig Returv\u00e4gg - Justerbar i 5 Steg - St\u00e5l - Svart - 100 x 95 x 90 cm - TRUUSK - Hem, Tr\u00e4dg\u00e5rd &amp; Fritid\" \/>\n<meta property=\"og:description\" content=\"H\u00e5ll dina barn aktiva och fr\u00e4mja deras sportighet med v\u00e5r hopf\u00e4llbara fotbollsrebounder! Denna innovativa rebounder-n\u00e4t \u00e4r idealisk f\u00f6r att f\u00f6rb\u00e4ttra...\" \/>\n<meta property=\"og:url\" content=\"https:\/\/truusk.store\/sv\/produkt\/truusk-fotboll-rebounder-kickback-mal-dubbelsidig-returvagg-justerbar-i-5-steg-stal-svart-100-x-95-x-90-cm\/\" \/>\n<meta property=\"og:site_name\" content=\"TRUUSK - Hem, Tr\u00e4dg\u00e5rd &amp; Fritid\" \/>\n<meta property=\"article:modified_time\" content=\"2026-03-12T08:41:21+00:00\" \/>\n<meta property=\"og:image\" content=\"https:\/\/i0.wp.com\/truusk.se\/wp-content\/uploads\/2025\/06\/fotboll-rebounder-kickback-mal-returvagg-nat-dubbelsidig-retur-justerbar-i-5-steg-for-fotbollstraning-stal-svart-100-x-95-x-90-cm-1.webp?fit=2000%2C2000&ssl=1\" \/>\n\t<meta property=\"og:image:width\" content=\"2000\" \/>\n\t<meta property=\"og:image:height\" content=\"2000\" \/>\n\t<meta property=\"og:image:type\" content=\"image\/webp\" \/>\n<meta name=\"twitter:card\" content=\"summary_large_image\" \/>\n<meta name=\"twitter:label1\" content=\"Ber\u00e4knad l\u00e4stid\" \/>\n\t<meta name=\"twitter:data1\" content=\"1 minut\" \/>\n<!-- \/ Yoast SEO plugin. -->","yoast_head_json":{"title":"TRUUSK Fotboll Rebounder Kickback M\u00e5l - Dubbelsidig Returv\u00e4gg - Justerbar i 5 Steg - St\u00e5l - Svart - 100 x 95 x 90 cm - TRUUSK - Hem, Tr\u00e4dg\u00e5rd &amp; Fritid","robots":{"index":"index","follow":"follow","max-snippet":"max-snippet:-1","max-image-preview":"max-image-preview:large","max-video-preview":"max-video-preview:-1"},"canonical":"https:\/\/truusk.store\/sv\/produkt\/truusk-fotboll-rebounder-kickback-mal-dubbelsidig-returvagg-justerbar-i-5-steg-stal-svart-100-x-95-x-90-cm\/","og_locale":"sv_SE","og_type":"article","og_title":"TRUUSK Fotboll Rebounder Kickback M\u00e5l - Dubbelsidig Returv\u00e4gg - Justerbar i 5 Steg - St\u00e5l - Svart - 100 x 95 x 90 cm - TRUUSK - Hem, Tr\u00e4dg\u00e5rd &amp; Fritid","og_description":"H\u00e5ll dina barn aktiva och fr\u00e4mja deras sportighet med v\u00e5r hopf\u00e4llbara fotbollsrebounder! Denna innovativa rebounder-n\u00e4t \u00e4r idealisk f\u00f6r att f\u00f6rb\u00e4ttra...","og_url":"https:\/\/truusk.store\/sv\/produkt\/truusk-fotboll-rebounder-kickback-mal-dubbelsidig-returvagg-justerbar-i-5-steg-stal-svart-100-x-95-x-90-cm\/","og_site_name":"TRUUSK - Hem, Tr\u00e4dg\u00e5rd &amp; Fritid","article_modified_time":"2026-03-12T08:41:21+00:00","og_image":[{"width":2000,"height":2000,"url":"https:\/\/i0.wp.com\/truusk.se\/wp-content\/uploads\/2025\/06\/fotboll-rebounder-kickback-mal-returvagg-nat-dubbelsidig-retur-justerbar-i-5-steg-for-fotbollstraning-stal-svart-100-x-95-x-90-cm-1.webp?fit=2000%2C2000&ssl=1","type":"image\/webp"}],"twitter_card":"summary_large_image","twitter_misc":{"Ber\u00e4knad l\u00e4stid":"1 minut"},"schema":{"@context":"https:\/\/schema.org","@graph":[{"@type":"WebPage","@id":"https:\/\/truusk.store\/sv\/produkt\/truusk-fotboll-rebounder-kickback-mal-dubbelsidig-returvagg-justerbar-i-5-steg-stal-svart-100-x-95-x-90-cm\/","url":"https:\/\/truusk.store\/sv\/produkt\/truusk-fotboll-rebounder-kickback-mal-dubbelsidig-returvagg-justerbar-i-5-steg-stal-svart-100-x-95-x-90-cm\/","name":"TRUUSK Fotboll Rebounder Kickback M\u00e5l - Dubbelsidig Returv\u00e4gg - Justerbar i 5 Steg - St\u00e5l - Svart - 100 x 95 x 90 cm - TRUUSK - Hem, Tr\u00e4dg\u00e5rd &amp; Fritid","isPartOf":{"@id":"https:\/\/truusk.store\/sv\/#website"},"primaryImageOfPage":{"@id":"https:\/\/truusk.store\/sv\/produkt\/truusk-fotboll-rebounder-kickback-mal-dubbelsidig-returvagg-justerbar-i-5-steg-stal-svart-100-x-95-x-90-cm\/#primaryimage"},"image":{"@id":"https:\/\/truusk.store\/sv\/produkt\/truusk-fotboll-rebounder-kickback-mal-dubbelsidig-returvagg-justerbar-i-5-steg-stal-svart-100-x-95-x-90-cm\/#primaryimage"},"thumbnailUrl":"https:\/\/i0.wp.com\/truusk.store\/wp-content\/uploads\/2025\/06\/fotboll-rebounder-kickback-mal-returvagg-nat-dubbelsidig-retur-justerbar-i-5-steg-for-fotbollstraning-stal-svart-100-x-95-x-90-cm-1.webp?fit=2000%2C2000&ssl=1","datePublished":"2025-06-05T06:04:35+00:00","dateModified":"2026-03-12T08:41:21+00:00","breadcrumb":{"@id":"https:\/\/truusk.store\/sv\/produkt\/truusk-fotboll-rebounder-kickback-mal-dubbelsidig-returvagg-justerbar-i-5-steg-stal-svart-100-x-95-x-90-cm\/#breadcrumb"},"inLanguage":"sv-SE","potentialAction":[{"@type":"ReadAction","target":["https:\/\/truusk.store\/sv\/produkt\/truusk-fotboll-rebounder-kickback-mal-dubbelsidig-returvagg-justerbar-i-5-steg-stal-svart-100-x-95-x-90-cm\/"]}]},{"@type":"ImageObject","inLanguage":"sv-SE","@id":"https:\/\/truusk.store\/sv\/produkt\/truusk-fotboll-rebounder-kickback-mal-dubbelsidig-returvagg-justerbar-i-5-steg-stal-svart-100-x-95-x-90-cm\/#primaryimage","url":"https:\/\/i0.wp.com\/truusk.store\/wp-content\/uploads\/2025\/06\/fotboll-rebounder-kickback-mal-returvagg-nat-dubbelsidig-retur-justerbar-i-5-steg-for-fotbollstraning-stal-svart-100-x-95-x-90-cm-1.webp?fit=2000%2C2000&ssl=1","contentUrl":"https:\/\/i0.wp.com\/truusk.store\/wp-content\/uploads\/2025\/06\/fotboll-rebounder-kickback-mal-returvagg-nat-dubbelsidig-retur-justerbar-i-5-steg-for-fotbollstraning-stal-svart-100-x-95-x-90-cm-1.webp?fit=2000%2C2000&ssl=1","width":2000,"height":2000},{"@type":"BreadcrumbList","@id":"https:\/\/truusk.store\/sv\/produkt\/truusk-fotboll-rebounder-kickback-mal-dubbelsidig-returvagg-justerbar-i-5-steg-stal-svart-100-x-95-x-90-cm\/#breadcrumb","itemListElement":[{"@type":"ListItem","position":1,"name":"Home","item":"https:\/\/truusk.store\/sv\/"},{"@type":"ListItem","position":2,"name":"Shop","item":"https:\/\/truusk.store\/shop\/"},{"@type":"ListItem","position":3,"name":"TRUUSK Fotboll Rebounder Kickback M\u00e5l &#8211; Dubbelsidig Returv\u00e4gg &#8211; Justerbar i 5 Steg &#8211; St\u00e5l &#8211; Svart &#8211; 100 x 95 x 90 cm"}]},{"@type":"WebSite","@id":"https:\/\/truusk.store\/sv\/#website","url":"https:\/\/truusk.store\/sv\/","name":"TRUUSK - Hem, Tr\u00e4dg\u00e5rd & Fritid","description":"","publisher":{"@id":"https:\/\/truusk.store\/sv\/#organization"},"potentialAction":[{"@type":"SearchAction","target":{"@type":"EntryPoint","urlTemplate":"https:\/\/truusk.store\/sv\/?s={search_term_string}"},"query-input":{"@type":"PropertyValueSpecification","valueRequired":true,"valueName":"search_term_string"}}],"inLanguage":"sv-SE"},{"@type":"Organization","@id":"https:\/\/truusk.store\/sv\/#organization","name":"TRUUSK - Hem, Tr\u00e4dg\u00e5rd & Fritid","url":"https:\/\/truusk.store\/sv\/","logo":{"@type":"ImageObject","inLanguage":"sv-SE","@id":"https:\/\/truusk.store\/sv\/#\/schema\/logo\/image\/","url":"https:\/\/i0.wp.com\/truusk.store\/wp-content\/uploads\/2026\/03\/cropped-TRUUSK.png?fit=2032%2C917&ssl=1","contentUrl":"https:\/\/i0.wp.com\/truusk.store\/wp-content\/uploads\/2026\/03\/cropped-TRUUSK.png?fit=2032%2C917&ssl=1","width":2032,"height":917,"caption":"TRUUSK - Hem, Tr\u00e4dg\u00e5rd & Fritid"},"image":{"@id":"https:\/\/truusk.store\/sv\/#\/schema\/logo\/image\/"}}]}},"jetpack_sharing_enabled":true,"_links":{"self":[{"href":"https:\/\/truusk.store\/sv\/wp-json\/wp\/v2\/product\/63036","targetHints":{"allow":["GET"]}}],"collection":[{"href":"https:\/\/truusk.store\/sv\/wp-json\/wp\/v2\/product"}],"about":[{"href":"https:\/\/truusk.store\/sv\/wp-json\/wp\/v2\/types\/product"}],"wp:featuredmedia":[{"embeddable":true,"href":"https:\/\/truusk.store\/sv\/wp-json\/wp\/v2\/media\/63027"}],"wp:attachment":[{"href":"https:\/\/truusk.store\/sv\/wp-json\/wp\/v2\/media?parent=63036"}],"wp:term":[{"taxonomy":"product_brand","embeddable":true,"href":"https:\/\/truusk.store\/sv\/wp-json\/wp\/v2\/product_brand?post=63036"},{"taxonomy":"product_cat","embeddable":true,"href":"https:\/\/truusk.store\/sv\/wp-json\/wp\/v2\/product_cat?post=63036"},{"taxonomy":"product_tag","embeddable":true,"href":"https:\/\/truusk.store\/sv\/wp-json\/wp\/v2\/product_tag?post=63036"}],"curies":[{"name":"wp","href":"https:\/\/api.w.org\/{rel}","templated":true}]}}