{"id":63046,"date":"2025-06-05T07:05:36","date_gmt":"2025-06-05T06:05:36","guid":{"rendered":"https:\/\/truusk.store\/product\/barntrampolin-o163-cm-trampolin-med-sakerhetsnat-kantoverdrag-tradgardstrampolin-for-barn-3-10-ar-upp-till-50-kg-belastning-bla\/"},"modified":"2026-03-12T09:46:39","modified_gmt":"2026-03-12T08:46:39","slug":"truusk-barntrampolin-o163-cm-med-sakerhetsnat-kantoverdrag-for-barn-3-10-ar-upp-till-50-kg-bla","status":"publish","type":"product","link":"https:\/\/truusk.store\/sv\/produkt\/truusk-barntrampolin-o163-cm-med-sakerhetsnat-kantoverdrag-for-barn-3-10-ar-upp-till-50-kg-bla\/","title":{"rendered":"TRUUSK Barntrampolin \u00d8163 cm &#8211; Med S\u00e4kerhetsn\u00e4t &#8211; Kant\u00f6verdrag &#8211; F\u00f6r Barn 3-10 \u00e5r &#8211; Upp Till 50 kg &#8211; Bl\u00e5"},"content":{"rendered":"<p>Stor och s\u00e4ker hoppkul: Detta barntrampolin fr\u00e5n TRUUSK \u00e4r rostfritt, uppfyller de h\u00f6gsta s\u00e4kerhetskraven och st\u00e5r f\u00f6r obegr\u00e4nsad hoppgl\u00e4dje! Det h\u00f6gkvalitativa s\u00e4kerhetsn\u00e4tet p\u00e5 barntrampolinen, de vadderade stolparna och den f\u00f6rl\u00e4ngda kant\u00f6verdraget s\u00e4kerst\u00e4ller ett mjukt fall och minimerar risken f\u00f6r skador. L\u00e5t dina barn lekfullt tr\u00e4na sin balans och koordination med inomhustrampolinen, oavsett om det \u00e4r inomhus eller utomhus!<\/p>\n<p>Beskrivning:<\/p>\n<ul>\n<li> Belagd st\u00e5lram<\/li>\n<li> Vadderade st\u00f6d<\/li>\n<li> Med s\u00e4kerhetsn\u00e4t och kant\u00f6verdrag<\/li>\n<li> Ing\u00e5ngen till barntrampolinen med dragkedja<\/li>\n<li> Hoppmattan p\u00e5 trampolinen f\u00f6r utomhus \u00e4r f\u00e4st vid ramen med 30 elastiska band<\/li>\n<li> L\u00e4mplig f\u00f6r inomhus och utomhus<\/li>\n<li> \u00c5ldersrekommendation: 3-10 \u00e5r<\/li>\n<li> Enkel montering av trampolinen kr\u00e4vs<\/li>\n<\/ul>\n<p>Tekniska data:<\/p>\n<ul>\n<li> F\u00e4rg: Bl\u00e5<\/li>\n<li> Material: St\u00e5l, plast<\/li>\n<li> Totala m\u00e5tt: \u00d8163 x 190H cm<\/li>\n<li> H\u00f6jd hoppmatta: 38 cm<\/li>\n<li> M\u00e5tt hoppmatta: \u00d8110 cm<\/li>\n<li> H\u00f6jd s\u00e4kerhetsn\u00e4t: 150 cm<\/li>\n<li> max. Belastningskapacitet: 50 kg<\/li>\n<\/ul>\n<p>Leveransinneh\u00e5ll:<\/p>\n<ul>\n<li> 1 x Trampolin<\/li>\n<li> 1 x S\u00e4kerhetsn\u00e4t<\/li>\n<li> 1 x Kant\u00f6verdrag<\/li>\n<li> 1 x Bruksanvisning<\/li>\n<\/ul>\n","protected":false},"excerpt":{"rendered":"<p>Stor och s\u00e4ker hoppkul: Detta barntrampolin fr\u00e5n TRUUSK \u00e4r rostfritt, uppfyller de h\u00f6gsta s\u00e4kerhetskraven och st\u00e5r f\u00f6r obegr\u00e4nsad hoppgl\u00e4dje! Det&#8230;<\/p>\n","protected":false},"featured_media":63037,"template":"","meta":[],"product_brand":[],"product_cat":[880,939,996,616],"product_tag":[],"class_list":{"0":"post-63046","1":"product","2":"type-product","3":"status-publish","4":"has-post-thumbnail","6":"product_cat-baby-barn-2","7":"product_cat-barnsport","8":"product_cat-kindertrampoline","9":"product_cat-utomhusleksaker","11":"first","12":"instock","13":"sale","14":"taxable","15":"shipping-taxable","16":"purchasable","17":"product-type-simple"},"yoast_head":"<!-- This site is optimized with the Yoast SEO plugin v25.4 - https:\/\/yoast.com\/wordpress\/plugins\/seo\/ -->\n<title>TRUUSK Barntrampolin \u00d8163 cm - Med S\u00e4kerhetsn\u00e4t - Kant\u00f6verdrag - F\u00f6r Barn 3-10 \u00e5r - Upp Till 50 kg - Bl\u00e5 - TRUUSK - Hem, Tr\u00e4dg\u00e5rd &amp; Fritid<\/title>\n<meta name=\"robots\" content=\"index, follow, max-snippet:-1, max-image-preview:large, max-video-preview:-1\" \/>\n<link rel=\"canonical\" href=\"https:\/\/truusk.store\/sv\/produkt\/truusk-barntrampolin-o163-cm-med-sakerhetsnat-kantoverdrag-for-barn-3-10-ar-upp-till-50-kg-bla\/\" \/>\n<meta property=\"og:locale\" content=\"sv_SE\" \/>\n<meta property=\"og:type\" content=\"article\" \/>\n<meta property=\"og:title\" content=\"TRUUSK Barntrampolin \u00d8163 cm - Med S\u00e4kerhetsn\u00e4t - Kant\u00f6verdrag - F\u00f6r Barn 3-10 \u00e5r - Upp Till 50 kg - Bl\u00e5 - TRUUSK - Hem, Tr\u00e4dg\u00e5rd &amp; Fritid\" \/>\n<meta property=\"og:description\" content=\"Stor och s\u00e4ker hoppkul: Detta barntrampolin fr\u00e5n TRUUSK \u00e4r rostfritt, uppfyller de h\u00f6gsta s\u00e4kerhetskraven och st\u00e5r f\u00f6r obegr\u00e4nsad hoppgl\u00e4dje! Det...\" \/>\n<meta property=\"og:url\" content=\"https:\/\/truusk.store\/sv\/produkt\/truusk-barntrampolin-o163-cm-med-sakerhetsnat-kantoverdrag-for-barn-3-10-ar-upp-till-50-kg-bla\/\" \/>\n<meta property=\"og:site_name\" content=\"TRUUSK - Hem, Tr\u00e4dg\u00e5rd &amp; Fritid\" \/>\n<meta property=\"article:modified_time\" content=\"2026-03-12T08:46:39+00:00\" \/>\n<meta property=\"og:image\" content=\"https:\/\/i0.wp.com\/truusk.se\/wp-content\/uploads\/2025\/06\/barntrampolin-o163-cm-trampolin-med-sakerhetsnat-kantoverdrag-tradgardstrampolin-for-barn-3-10-ar-upp-till-50-kg-belastning-bla-1.webp?fit=2000%2C2000&ssl=1\" \/>\n\t<meta property=\"og:image:width\" content=\"2000\" \/>\n\t<meta property=\"og:image:height\" content=\"2000\" \/>\n\t<meta property=\"og:image:type\" content=\"image\/webp\" \/>\n<meta name=\"twitter:card\" content=\"summary_large_image\" \/>\n<meta name=\"twitter:label1\" content=\"Ber\u00e4knad l\u00e4stid\" \/>\n\t<meta name=\"twitter:data1\" content=\"1 minut\" \/>\n<!-- \/ Yoast SEO plugin. -->","yoast_head_json":{"title":"TRUUSK Barntrampolin \u00d8163 cm - Med S\u00e4kerhetsn\u00e4t - Kant\u00f6verdrag - F\u00f6r Barn 3-10 \u00e5r - Upp Till 50 kg - Bl\u00e5 - TRUUSK - Hem, Tr\u00e4dg\u00e5rd &amp; Fritid","robots":{"index":"index","follow":"follow","max-snippet":"max-snippet:-1","max-image-preview":"max-image-preview:large","max-video-preview":"max-video-preview:-1"},"canonical":"https:\/\/truusk.store\/sv\/produkt\/truusk-barntrampolin-o163-cm-med-sakerhetsnat-kantoverdrag-for-barn-3-10-ar-upp-till-50-kg-bla\/","og_locale":"sv_SE","og_type":"article","og_title":"TRUUSK Barntrampolin \u00d8163 cm - Med S\u00e4kerhetsn\u00e4t - Kant\u00f6verdrag - F\u00f6r Barn 3-10 \u00e5r - Upp Till 50 kg - Bl\u00e5 - TRUUSK - Hem, Tr\u00e4dg\u00e5rd &amp; Fritid","og_description":"Stor och s\u00e4ker hoppkul: Detta barntrampolin fr\u00e5n TRUUSK \u00e4r rostfritt, uppfyller de h\u00f6gsta s\u00e4kerhetskraven och st\u00e5r f\u00f6r obegr\u00e4nsad hoppgl\u00e4dje! Det...","og_url":"https:\/\/truusk.store\/sv\/produkt\/truusk-barntrampolin-o163-cm-med-sakerhetsnat-kantoverdrag-for-barn-3-10-ar-upp-till-50-kg-bla\/","og_site_name":"TRUUSK - Hem, Tr\u00e4dg\u00e5rd &amp; Fritid","article_modified_time":"2026-03-12T08:46:39+00:00","og_image":[{"width":2000,"height":2000,"url":"https:\/\/i0.wp.com\/truusk.se\/wp-content\/uploads\/2025\/06\/barntrampolin-o163-cm-trampolin-med-sakerhetsnat-kantoverdrag-tradgardstrampolin-for-barn-3-10-ar-upp-till-50-kg-belastning-bla-1.webp?fit=2000%2C2000&ssl=1","type":"image\/webp"}],"twitter_card":"summary_large_image","twitter_misc":{"Ber\u00e4knad l\u00e4stid":"1 minut"},"schema":{"@context":"https:\/\/schema.org","@graph":[{"@type":"WebPage","@id":"https:\/\/truusk.store\/sv\/produkt\/truusk-barntrampolin-o163-cm-med-sakerhetsnat-kantoverdrag-for-barn-3-10-ar-upp-till-50-kg-bla\/","url":"https:\/\/truusk.store\/sv\/produkt\/truusk-barntrampolin-o163-cm-med-sakerhetsnat-kantoverdrag-for-barn-3-10-ar-upp-till-50-kg-bla\/","name":"TRUUSK Barntrampolin \u00d8163 cm - Med S\u00e4kerhetsn\u00e4t - Kant\u00f6verdrag - F\u00f6r Barn 3-10 \u00e5r - Upp Till 50 kg - Bl\u00e5 - TRUUSK - Hem, Tr\u00e4dg\u00e5rd &amp; Fritid","isPartOf":{"@id":"https:\/\/truusk.store\/sv\/#website"},"primaryImageOfPage":{"@id":"https:\/\/truusk.store\/sv\/produkt\/truusk-barntrampolin-o163-cm-med-sakerhetsnat-kantoverdrag-for-barn-3-10-ar-upp-till-50-kg-bla\/#primaryimage"},"image":{"@id":"https:\/\/truusk.store\/sv\/produkt\/truusk-barntrampolin-o163-cm-med-sakerhetsnat-kantoverdrag-for-barn-3-10-ar-upp-till-50-kg-bla\/#primaryimage"},"thumbnailUrl":"https:\/\/i0.wp.com\/truusk.store\/wp-content\/uploads\/2025\/06\/barntrampolin-o163-cm-trampolin-med-sakerhetsnat-kantoverdrag-tradgardstrampolin-for-barn-3-10-ar-upp-till-50-kg-belastning-bla-1.webp?fit=2000%2C2000&ssl=1","datePublished":"2025-06-05T06:05:36+00:00","dateModified":"2026-03-12T08:46:39+00:00","breadcrumb":{"@id":"https:\/\/truusk.store\/sv\/produkt\/truusk-barntrampolin-o163-cm-med-sakerhetsnat-kantoverdrag-for-barn-3-10-ar-upp-till-50-kg-bla\/#breadcrumb"},"inLanguage":"sv-SE","potentialAction":[{"@type":"ReadAction","target":["https:\/\/truusk.store\/sv\/produkt\/truusk-barntrampolin-o163-cm-med-sakerhetsnat-kantoverdrag-for-barn-3-10-ar-upp-till-50-kg-bla\/"]}]},{"@type":"ImageObject","inLanguage":"sv-SE","@id":"https:\/\/truusk.store\/sv\/produkt\/truusk-barntrampolin-o163-cm-med-sakerhetsnat-kantoverdrag-for-barn-3-10-ar-upp-till-50-kg-bla\/#primaryimage","url":"https:\/\/i0.wp.com\/truusk.store\/wp-content\/uploads\/2025\/06\/barntrampolin-o163-cm-trampolin-med-sakerhetsnat-kantoverdrag-tradgardstrampolin-for-barn-3-10-ar-upp-till-50-kg-belastning-bla-1.webp?fit=2000%2C2000&ssl=1","contentUrl":"https:\/\/i0.wp.com\/truusk.store\/wp-content\/uploads\/2025\/06\/barntrampolin-o163-cm-trampolin-med-sakerhetsnat-kantoverdrag-tradgardstrampolin-for-barn-3-10-ar-upp-till-50-kg-belastning-bla-1.webp?fit=2000%2C2000&ssl=1","width":2000,"height":2000},{"@type":"BreadcrumbList","@id":"https:\/\/truusk.store\/sv\/produkt\/truusk-barntrampolin-o163-cm-med-sakerhetsnat-kantoverdrag-for-barn-3-10-ar-upp-till-50-kg-bla\/#breadcrumb","itemListElement":[{"@type":"ListItem","position":1,"name":"Home","item":"https:\/\/truusk.store\/sv\/"},{"@type":"ListItem","position":2,"name":"Shop","item":"https:\/\/truusk.store\/shop\/"},{"@type":"ListItem","position":3,"name":"TRUUSK Barntrampolin \u00d8163 cm &#8211; Med S\u00e4kerhetsn\u00e4t &#8211; Kant\u00f6verdrag &#8211; F\u00f6r Barn 3-10 \u00e5r &#8211; Upp Till 50 kg &#8211; Bl\u00e5"}]},{"@type":"WebSite","@id":"https:\/\/truusk.store\/sv\/#website","url":"https:\/\/truusk.store\/sv\/","name":"TRUUSK - Hem, Tr\u00e4dg\u00e5rd & Fritid","description":"","publisher":{"@id":"https:\/\/truusk.store\/sv\/#organization"},"potentialAction":[{"@type":"SearchAction","target":{"@type":"EntryPoint","urlTemplate":"https:\/\/truusk.store\/sv\/?s={search_term_string}"},"query-input":{"@type":"PropertyValueSpecification","valueRequired":true,"valueName":"search_term_string"}}],"inLanguage":"sv-SE"},{"@type":"Organization","@id":"https:\/\/truusk.store\/sv\/#organization","name":"TRUUSK - Hem, Tr\u00e4dg\u00e5rd & Fritid","url":"https:\/\/truusk.store\/sv\/","logo":{"@type":"ImageObject","inLanguage":"sv-SE","@id":"https:\/\/truusk.store\/sv\/#\/schema\/logo\/image\/","url":"https:\/\/i0.wp.com\/truusk.store\/wp-content\/uploads\/2026\/03\/cropped-TRUUSK.png?fit=2032%2C917&ssl=1","contentUrl":"https:\/\/i0.wp.com\/truusk.store\/wp-content\/uploads\/2026\/03\/cropped-TRUUSK.png?fit=2032%2C917&ssl=1","width":2032,"height":917,"caption":"TRUUSK - Hem, Tr\u00e4dg\u00e5rd & Fritid"},"image":{"@id":"https:\/\/truusk.store\/sv\/#\/schema\/logo\/image\/"}}]}},"jetpack_sharing_enabled":true,"_links":{"self":[{"href":"https:\/\/truusk.store\/sv\/wp-json\/wp\/v2\/product\/63046","targetHints":{"allow":["GET"]}}],"collection":[{"href":"https:\/\/truusk.store\/sv\/wp-json\/wp\/v2\/product"}],"about":[{"href":"https:\/\/truusk.store\/sv\/wp-json\/wp\/v2\/types\/product"}],"wp:featuredmedia":[{"embeddable":true,"href":"https:\/\/truusk.store\/sv\/wp-json\/wp\/v2\/media\/63037"}],"wp:attachment":[{"href":"https:\/\/truusk.store\/sv\/wp-json\/wp\/v2\/media?parent=63046"}],"wp:term":[{"taxonomy":"product_brand","embeddable":true,"href":"https:\/\/truusk.store\/sv\/wp-json\/wp\/v2\/product_brand?post=63046"},{"taxonomy":"product_cat","embeddable":true,"href":"https:\/\/truusk.store\/sv\/wp-json\/wp\/v2\/product_cat?post=63046"},{"taxonomy":"product_tag","embeddable":true,"href":"https:\/\/truusk.store\/sv\/wp-json\/wp\/v2\/product_tag?post=63046"}],"curies":[{"name":"wp","href":"https:\/\/api.w.org\/{rel}","templated":true}]}}