{"id":63106,"date":"2025-06-05T07:11:44","date_gmt":"2025-06-05T06:11:44","guid":{"rendered":"https:\/\/truusk.store\/product\/barntrampolin-o140-cm-trampolin-med-sakerhetsnat-kantoverdrag-tradgardstrampolin-for-barn-3-10-ar-upp-till-50-kg-belastning-svart\/"},"modified":"2026-03-12T09:46:39","modified_gmt":"2026-03-12T08:46:39","slug":"truusk-barntrampolin-o140-cm-med-sakerhetsnat-kantoverdrag-for-barn-3-10-ar-upp-till-50-kg-svart","status":"publish","type":"product","link":"https:\/\/truusk.store\/sv\/produkt\/truusk-barntrampolin-o140-cm-med-sakerhetsnat-kantoverdrag-for-barn-3-10-ar-upp-till-50-kg-svart\/","title":{"rendered":"TRUUSK Barntrampolin \u00d8140 cm &#8211; Med S\u00e4kerhetsn\u00e4t &#8211; Kant\u00f6verdrag &#8211; F\u00f6r Barn 3-10 \u00e5r &#8211; Upp Till 50 kg &#8211; Svart"},"content":{"rendered":"<p>P\u00e5 denna barntrampolin fr\u00e5n TRUUSK kan dina barn hoppa efter hj\u00e4rtats lust och framf\u00f6r allt s\u00e4kert. En fast konstruktion av trampolinen f\u00f6r utomhusbruk, helt fri fr\u00e5n metallfj\u00e4drar, m\u00f6jligg\u00f6r h\u00f6ga hopp och minimerar tillsammans med det h\u00f6ga s\u00e4kerhetsn\u00e4tet risken f\u00f6r skador. Denna inomhustrampolin kan anv\u00e4ndas b\u00e5de utomhus och i rymliga inomhusutrymmen, s\u00e5 att dina barn kan leka \u00e4ven vid d\u00e5ligt v\u00e4der.<\/p>\n<p>Beskrivning:<\/p>\n<ul>\n<li> V\u00e4derbest\u00e4ndig, rostfri st\u00e5lram f\u00f6r inomhustrampolinen f\u00f6r l\u00e5ng livsl\u00e4ngd<\/li>\n<li> Fj\u00e4derl\u00f6s konstruktion med h\u00f6g elasticitet \u00e4r mycket s\u00e4krare f\u00f6r barn \u00e4n metallfj\u00e4drar<\/li>\n<li> H\u00f6jden p\u00e5 hoppomr\u00e5det fr\u00e5n marken \u00e4r 35 cm, s\u00e5 att barnen l\u00e4tt kan kl\u00e4ttra upp och ner<\/li>\n<li> Vadderade kanter p\u00e5 utomhustrampolinen d\u00e4mpar st\u00f6tar<\/li>\n<li> Ing\u00e5ng med dragkedjor f\u00f6r enkel tillg\u00e5ng<\/li>\n<li> S\u00e4kerhetsn\u00e4t och EPE-belagda stolpar f\u00f6r att d\u00e4mpa st\u00f6tar och f\u00f6rhindra olyckor<\/li>\n<li> Stabil st\u00e5lram och hoppmatta av polypropen<\/li>\n<li> Ett n\u00e4t runt st\u00f6dbenen f\u00f6rhindrar att barn och husdjur kommer under barntrampolinen<\/li>\n<li> Kan anv\u00e4ndas b\u00e5de inomhus och utomhus, s\u00e5 att dina barn kan hoppa n\u00e4r som helst och var som helst<\/li>\n<li> Montering kr\u00e4vs<\/li>\n<\/ul>\n<p> Tekniska data:<\/p>\n<ul>\n<li> F\u00e4rg: Svart<\/li>\n<li> Material: St\u00e5l, plast<\/li>\n<li> Totala m\u00e5tt: 140L x 140B x 190H cm<\/li>\n<li> Diameter p\u00e5 hoppduken: \u00d8108 cm<\/li>\n<li> H\u00f6jd p\u00e5 trampolinen fr\u00e5n marken: 35 cm<\/li>\n<li> H\u00f6jd p\u00e5 s\u00e4kerhetsn\u00e4tet: 150 cm<\/li>\n<li> Rekommenderad \u00e5lder: 3-10 \u00e5r<\/li>\n<li> Maximal belastning: 50 kg<\/li>\n<\/ul>\n<p>Leverans:<\/p>\n<ul>\n<li> 1 x Barntrampolin<\/li>\n<li> 1 x Bruksanvisning<\/li>\n<\/ul>\n","protected":false},"excerpt":{"rendered":"<p>P\u00e5 denna barntrampolin fr\u00e5n TRUUSK kan dina barn hoppa efter hj\u00e4rtats lust och framf\u00f6r allt s\u00e4kert. En fast konstruktion av&#8230;<\/p>\n","protected":false},"featured_media":63097,"template":"","meta":[],"product_brand":[],"product_cat":[656,647,997],"product_tag":[],"class_list":{"0":"post-63106","1":"product","2":"type-product","3":"status-publish","4":"has-post-thumbnail","6":"product_cat-spel-hobby","7":"product_cat-sport-fritid","8":"product_cat-trampoliner-tillbehor","10":"first","11":"instock","12":"sale","13":"taxable","14":"shipping-taxable","15":"purchasable","16":"product-type-simple"},"yoast_head":"<!-- This site is optimized with the Yoast SEO plugin v25.4 - https:\/\/yoast.com\/wordpress\/plugins\/seo\/ -->\n<title>TRUUSK Barntrampolin \u00d8140 cm - Med S\u00e4kerhetsn\u00e4t - Kant\u00f6verdrag - F\u00f6r Barn 3-10 \u00e5r - Upp Till 50 kg - Svart - TRUUSK - Hem, Tr\u00e4dg\u00e5rd &amp; Fritid<\/title>\n<meta name=\"robots\" content=\"index, follow, max-snippet:-1, max-image-preview:large, max-video-preview:-1\" \/>\n<link rel=\"canonical\" href=\"https:\/\/truusk.store\/sv\/produkt\/truusk-barntrampolin-o140-cm-med-sakerhetsnat-kantoverdrag-for-barn-3-10-ar-upp-till-50-kg-svart\/\" \/>\n<meta property=\"og:locale\" content=\"sv_SE\" \/>\n<meta property=\"og:type\" content=\"article\" \/>\n<meta property=\"og:title\" content=\"TRUUSK Barntrampolin \u00d8140 cm - Med S\u00e4kerhetsn\u00e4t - Kant\u00f6verdrag - F\u00f6r Barn 3-10 \u00e5r - Upp Till 50 kg - Svart - TRUUSK - Hem, Tr\u00e4dg\u00e5rd &amp; Fritid\" \/>\n<meta property=\"og:description\" content=\"P\u00e5 denna barntrampolin fr\u00e5n TRUUSK kan dina barn hoppa efter hj\u00e4rtats lust och framf\u00f6r allt s\u00e4kert. En fast konstruktion av...\" \/>\n<meta property=\"og:url\" content=\"https:\/\/truusk.store\/sv\/produkt\/truusk-barntrampolin-o140-cm-med-sakerhetsnat-kantoverdrag-for-barn-3-10-ar-upp-till-50-kg-svart\/\" \/>\n<meta property=\"og:site_name\" content=\"TRUUSK - Hem, Tr\u00e4dg\u00e5rd &amp; Fritid\" \/>\n<meta property=\"article:modified_time\" content=\"2026-03-12T08:46:39+00:00\" \/>\n<meta property=\"og:image\" content=\"https:\/\/i0.wp.com\/truusk.se\/wp-content\/uploads\/2025\/06\/barntrampolin-o140-cm-trampolin-med-sakerhetsnat-kantoverdrag-tradgardstrampolin-for-barn-3-10-ar-upp-till-50-kg-belastning-svart-1.webp?fit=2000%2C2000&ssl=1\" \/>\n\t<meta property=\"og:image:width\" content=\"2000\" \/>\n\t<meta property=\"og:image:height\" content=\"2000\" \/>\n\t<meta property=\"og:image:type\" content=\"image\/webp\" \/>\n<meta name=\"twitter:card\" content=\"summary_large_image\" \/>\n<meta name=\"twitter:label1\" content=\"Ber\u00e4knad l\u00e4stid\" \/>\n\t<meta name=\"twitter:data1\" content=\"1 minut\" \/>\n<!-- \/ Yoast SEO plugin. -->","yoast_head_json":{"title":"TRUUSK Barntrampolin \u00d8140 cm - Med S\u00e4kerhetsn\u00e4t - Kant\u00f6verdrag - F\u00f6r Barn 3-10 \u00e5r - Upp Till 50 kg - Svart - TRUUSK - Hem, Tr\u00e4dg\u00e5rd &amp; Fritid","robots":{"index":"index","follow":"follow","max-snippet":"max-snippet:-1","max-image-preview":"max-image-preview:large","max-video-preview":"max-video-preview:-1"},"canonical":"https:\/\/truusk.store\/sv\/produkt\/truusk-barntrampolin-o140-cm-med-sakerhetsnat-kantoverdrag-for-barn-3-10-ar-upp-till-50-kg-svart\/","og_locale":"sv_SE","og_type":"article","og_title":"TRUUSK Barntrampolin \u00d8140 cm - Med S\u00e4kerhetsn\u00e4t - Kant\u00f6verdrag - F\u00f6r Barn 3-10 \u00e5r - Upp Till 50 kg - Svart - TRUUSK - Hem, Tr\u00e4dg\u00e5rd &amp; Fritid","og_description":"P\u00e5 denna barntrampolin fr\u00e5n TRUUSK kan dina barn hoppa efter hj\u00e4rtats lust och framf\u00f6r allt s\u00e4kert. En fast konstruktion av...","og_url":"https:\/\/truusk.store\/sv\/produkt\/truusk-barntrampolin-o140-cm-med-sakerhetsnat-kantoverdrag-for-barn-3-10-ar-upp-till-50-kg-svart\/","og_site_name":"TRUUSK - Hem, Tr\u00e4dg\u00e5rd &amp; Fritid","article_modified_time":"2026-03-12T08:46:39+00:00","og_image":[{"width":2000,"height":2000,"url":"https:\/\/i0.wp.com\/truusk.se\/wp-content\/uploads\/2025\/06\/barntrampolin-o140-cm-trampolin-med-sakerhetsnat-kantoverdrag-tradgardstrampolin-for-barn-3-10-ar-upp-till-50-kg-belastning-svart-1.webp?fit=2000%2C2000&ssl=1","type":"image\/webp"}],"twitter_card":"summary_large_image","twitter_misc":{"Ber\u00e4knad l\u00e4stid":"1 minut"},"schema":{"@context":"https:\/\/schema.org","@graph":[{"@type":"WebPage","@id":"https:\/\/truusk.store\/sv\/produkt\/truusk-barntrampolin-o140-cm-med-sakerhetsnat-kantoverdrag-for-barn-3-10-ar-upp-till-50-kg-svart\/","url":"https:\/\/truusk.store\/sv\/produkt\/truusk-barntrampolin-o140-cm-med-sakerhetsnat-kantoverdrag-for-barn-3-10-ar-upp-till-50-kg-svart\/","name":"TRUUSK Barntrampolin \u00d8140 cm - Med S\u00e4kerhetsn\u00e4t - Kant\u00f6verdrag - F\u00f6r Barn 3-10 \u00e5r - Upp Till 50 kg - Svart - TRUUSK - Hem, Tr\u00e4dg\u00e5rd &amp; Fritid","isPartOf":{"@id":"https:\/\/truusk.store\/sv\/#website"},"primaryImageOfPage":{"@id":"https:\/\/truusk.store\/sv\/produkt\/truusk-barntrampolin-o140-cm-med-sakerhetsnat-kantoverdrag-for-barn-3-10-ar-upp-till-50-kg-svart\/#primaryimage"},"image":{"@id":"https:\/\/truusk.store\/sv\/produkt\/truusk-barntrampolin-o140-cm-med-sakerhetsnat-kantoverdrag-for-barn-3-10-ar-upp-till-50-kg-svart\/#primaryimage"},"thumbnailUrl":"https:\/\/i0.wp.com\/truusk.store\/wp-content\/uploads\/2025\/06\/barntrampolin-o140-cm-trampolin-med-sakerhetsnat-kantoverdrag-tradgardstrampolin-for-barn-3-10-ar-upp-till-50-kg-belastning-svart-1.webp?fit=2000%2C2000&ssl=1","datePublished":"2025-06-05T06:11:44+00:00","dateModified":"2026-03-12T08:46:39+00:00","breadcrumb":{"@id":"https:\/\/truusk.store\/sv\/produkt\/truusk-barntrampolin-o140-cm-med-sakerhetsnat-kantoverdrag-for-barn-3-10-ar-upp-till-50-kg-svart\/#breadcrumb"},"inLanguage":"sv-SE","potentialAction":[{"@type":"ReadAction","target":["https:\/\/truusk.store\/sv\/produkt\/truusk-barntrampolin-o140-cm-med-sakerhetsnat-kantoverdrag-for-barn-3-10-ar-upp-till-50-kg-svart\/"]}]},{"@type":"ImageObject","inLanguage":"sv-SE","@id":"https:\/\/truusk.store\/sv\/produkt\/truusk-barntrampolin-o140-cm-med-sakerhetsnat-kantoverdrag-for-barn-3-10-ar-upp-till-50-kg-svart\/#primaryimage","url":"https:\/\/i0.wp.com\/truusk.store\/wp-content\/uploads\/2025\/06\/barntrampolin-o140-cm-trampolin-med-sakerhetsnat-kantoverdrag-tradgardstrampolin-for-barn-3-10-ar-upp-till-50-kg-belastning-svart-1.webp?fit=2000%2C2000&ssl=1","contentUrl":"https:\/\/i0.wp.com\/truusk.store\/wp-content\/uploads\/2025\/06\/barntrampolin-o140-cm-trampolin-med-sakerhetsnat-kantoverdrag-tradgardstrampolin-for-barn-3-10-ar-upp-till-50-kg-belastning-svart-1.webp?fit=2000%2C2000&ssl=1","width":2000,"height":2000},{"@type":"BreadcrumbList","@id":"https:\/\/truusk.store\/sv\/produkt\/truusk-barntrampolin-o140-cm-med-sakerhetsnat-kantoverdrag-for-barn-3-10-ar-upp-till-50-kg-svart\/#breadcrumb","itemListElement":[{"@type":"ListItem","position":1,"name":"Home","item":"https:\/\/truusk.store\/sv\/"},{"@type":"ListItem","position":2,"name":"Shop","item":"https:\/\/truusk.store\/shop\/"},{"@type":"ListItem","position":3,"name":"TRUUSK Barntrampolin \u00d8140 cm &#8211; Med S\u00e4kerhetsn\u00e4t &#8211; Kant\u00f6verdrag &#8211; F\u00f6r Barn 3-10 \u00e5r &#8211; Upp Till 50 kg &#8211; Svart"}]},{"@type":"WebSite","@id":"https:\/\/truusk.store\/sv\/#website","url":"https:\/\/truusk.store\/sv\/","name":"TRUUSK - Hem, Tr\u00e4dg\u00e5rd & Fritid","description":"","publisher":{"@id":"https:\/\/truusk.store\/sv\/#organization"},"potentialAction":[{"@type":"SearchAction","target":{"@type":"EntryPoint","urlTemplate":"https:\/\/truusk.store\/sv\/?s={search_term_string}"},"query-input":{"@type":"PropertyValueSpecification","valueRequired":true,"valueName":"search_term_string"}}],"inLanguage":"sv-SE"},{"@type":"Organization","@id":"https:\/\/truusk.store\/sv\/#organization","name":"TRUUSK - Hem, Tr\u00e4dg\u00e5rd & Fritid","url":"https:\/\/truusk.store\/sv\/","logo":{"@type":"ImageObject","inLanguage":"sv-SE","@id":"https:\/\/truusk.store\/sv\/#\/schema\/logo\/image\/","url":"https:\/\/i0.wp.com\/truusk.store\/wp-content\/uploads\/2026\/03\/cropped-TRUUSK.png?fit=2032%2C917&ssl=1","contentUrl":"https:\/\/i0.wp.com\/truusk.store\/wp-content\/uploads\/2026\/03\/cropped-TRUUSK.png?fit=2032%2C917&ssl=1","width":2032,"height":917,"caption":"TRUUSK - Hem, Tr\u00e4dg\u00e5rd & Fritid"},"image":{"@id":"https:\/\/truusk.store\/sv\/#\/schema\/logo\/image\/"}}]}},"jetpack_sharing_enabled":true,"_links":{"self":[{"href":"https:\/\/truusk.store\/sv\/wp-json\/wp\/v2\/product\/63106","targetHints":{"allow":["GET"]}}],"collection":[{"href":"https:\/\/truusk.store\/sv\/wp-json\/wp\/v2\/product"}],"about":[{"href":"https:\/\/truusk.store\/sv\/wp-json\/wp\/v2\/types\/product"}],"wp:featuredmedia":[{"embeddable":true,"href":"https:\/\/truusk.store\/sv\/wp-json\/wp\/v2\/media\/63097"}],"wp:attachment":[{"href":"https:\/\/truusk.store\/sv\/wp-json\/wp\/v2\/media?parent=63106"}],"wp:term":[{"taxonomy":"product_brand","embeddable":true,"href":"https:\/\/truusk.store\/sv\/wp-json\/wp\/v2\/product_brand?post=63106"},{"taxonomy":"product_cat","embeddable":true,"href":"https:\/\/truusk.store\/sv\/wp-json\/wp\/v2\/product_cat?post=63106"},{"taxonomy":"product_tag","embeddable":true,"href":"https:\/\/truusk.store\/sv\/wp-json\/wp\/v2\/product_tag?post=63106"}],"curies":[{"name":"wp","href":"https:\/\/api.w.org\/{rel}","templated":true}]}}