{"id":63137,"date":"2025-06-05T07:14:49","date_gmt":"2025-06-05T06:14:49","guid":{"rendered":"https:\/\/truusk.store\/product\/elektrisk-barnbil-12-v-3-5-km-h-terrangbil-med-musikanslutning-barnfordon-med-24g-fjarrkontroll-stralkastare-horn-elektriskt-barnfordon-for-barn-3-6-ar-rod\/"},"modified":"2026-03-12T09:44:16","modified_gmt":"2026-03-12T08:44:16","slug":"truusk-elektrisk-barnbil-12-v-terrangbil-med-musikanslutning-24g-fjarrkontroll-stralkastare-horn-for-barn-3-6-ar-rod","status":"publish","type":"product","link":"https:\/\/truusk.store\/sv\/produkt\/truusk-elektrisk-barnbil-12-v-terrangbil-med-musikanslutning-24g-fjarrkontroll-stralkastare-horn-for-barn-3-6-ar-rod\/","title":{"rendered":"TRUUSK Elektrisk Barnbil 12 V &#8211; Terr\u00e4ngbil Med Musikanslutning &#8211; 2,4G Fj\u00e4rrkontroll &#8211; Str\u00e5lkastare &#8211; Horn &#8211; F\u00f6r Barn 3-6 \u00e5r &#8211; R\u00f6d"},"content":{"rendered":"<p>Med AIYAPLAY 12V barnens elektriska bil upplever dina sm\u00e5 otaliga \u00e4ventyr. Med tv\u00e5 motorer och 50 minuters k\u00f6rningstid erbjuder denna elektriska barnbil kul p\u00e5 alla underlag, fr\u00e5n betong till grus. Fj\u00e4dringen p\u00e5 alla fyra hjulen garanterar mjuka \u00e5kturer. Den elektriska barnbilen erbjuder tre hastighetsinst\u00e4llningar och s\u00e4ker k\u00f6rning f\u00f6r barn fr\u00e5n 3 till 6 \u00e5r.<\/p>\n<p>Beskrivning:<\/p>\n<ul>\n<li> 12V dubbelmotorer p\u00e5 barnens elektriska bil m\u00f6jligg\u00f6r 50 minuters oavbruten k\u00f6rning<\/li>\n<li> Fj\u00e4dring p\u00e5 alla hjul garanterar en mjuk \u00e5ktur<\/li>\n<li> Tre justerbara hastigheter p\u00e5 barnens elektriska bil f\u00f6r \u00f6kad s\u00e4kerhet<\/li>\n<li> Med musik, horn och str\u00e5lkastare<\/li>\n<li> Laddningsindikatorn p\u00e5 barnens elektriska bil visar \u00e5terst\u00e5ende batteritid<\/li>\n<li> Montering kr\u00e4vs<\/li>\n<\/ul>\n<p>Tekniska data:<\/p>\n<ul>\n<li> F\u00e4rg: R\u00f6d<\/li>\n<li> Material: Plast, metall<\/li>\n<li> Totala dimensioner: 109L x 67B x 68,5H cm<\/li>\n<li> Sitsstorlek: 37B x 18T cm<\/li>\n<li> Sitth\u00f6jd: 35 cm (fr\u00e5n golvet)<\/li>\n<li> Hjuldiameter: \u00d828 cm<\/li>\n<li> Fj\u00e4rrkontrollradie: \u2265 15 m<\/li>\n<li> Batteri: 12V 4,5AH<\/li>\n<li> Motor: 2 x 12V<\/li>\n<li> Laddningstid: 8-10 timmar (f\u00f6rsta g\u00e5ngen). 8-12 timmar (regelbundet)<\/li>\n<li> Drifttid: 50 min.<\/li>\n<li> Hastighet: 3-5 km\/h<\/li>\n<li> Viktkapacitet: 50 kg<\/li>\n<li> Rekommenderad \u00e5lder: 3-6 \u00e5r<\/li>\n<li> Notera:1, \u00d6vervaka alltid dina barn n\u00e4r de k\u00f6r<\/li>\n<li>2, Kr\u00e4ver 2 x 1,5V AA batterier f\u00f6r fj\u00e4rrkontrollen (ing\u00e5r ej)<\/li>\n<\/ul>\n<p>Leveransinneh\u00e5ll:<\/p>\n<ul>\n<li> 1 x Elektrisk bil f\u00f6r barn<\/li>\n<li> 1 x Bruksanvisning<\/li>\n<\/ul>\n","protected":false},"excerpt":{"rendered":"<p>Med AIYAPLAY 12V barnens elektriska bil upplever dina sm\u00e5 otaliga \u00e4ventyr. Med tv\u00e5 motorer och 50 minuters k\u00f6rningstid erbjuder denna&#8230;<\/p>\n","protected":false},"featured_media":63127,"template":"","meta":[],"product_brand":[],"product_cat":[880,610,925],"product_tag":[],"class_list":{"0":"post-63137","1":"product","2":"type-product","3":"status-publish","4":"has-post-thumbnail","6":"product_cat-baby-barn-2","7":"product_cat-barnfordon","8":"product_cat-barns-elektriska-fordon","10":"first","11":"instock","12":"sale","13":"taxable","14":"shipping-taxable","15":"purchasable","16":"product-type-simple"},"yoast_head":"<!-- This site is optimized with the Yoast SEO plugin v25.4 - https:\/\/yoast.com\/wordpress\/plugins\/seo\/ -->\n<title>TRUUSK Elektrisk Barnbil 12 V - Terr\u00e4ngbil Med Musikanslutning - 2,4G Fj\u00e4rrkontroll - Str\u00e5lkastare - Horn - F\u00f6r Barn 3-6 \u00e5r - R\u00f6d - TRUUSK - Hem, Tr\u00e4dg\u00e5rd &amp; Fritid<\/title>\n<meta name=\"robots\" content=\"index, follow, max-snippet:-1, max-image-preview:large, max-video-preview:-1\" \/>\n<link rel=\"canonical\" href=\"https:\/\/truusk.store\/sv\/produkt\/truusk-elektrisk-barnbil-12-v-terrangbil-med-musikanslutning-24g-fjarrkontroll-stralkastare-horn-for-barn-3-6-ar-rod\/\" \/>\n<meta property=\"og:locale\" content=\"sv_SE\" \/>\n<meta property=\"og:type\" content=\"article\" \/>\n<meta property=\"og:title\" content=\"TRUUSK Elektrisk Barnbil 12 V - Terr\u00e4ngbil Med Musikanslutning - 2,4G Fj\u00e4rrkontroll - Str\u00e5lkastare - Horn - F\u00f6r Barn 3-6 \u00e5r - R\u00f6d - TRUUSK - Hem, Tr\u00e4dg\u00e5rd &amp; Fritid\" \/>\n<meta property=\"og:description\" content=\"Med AIYAPLAY 12V barnens elektriska bil upplever dina sm\u00e5 otaliga \u00e4ventyr. Med tv\u00e5 motorer och 50 minuters k\u00f6rningstid erbjuder denna...\" \/>\n<meta property=\"og:url\" content=\"https:\/\/truusk.store\/sv\/produkt\/truusk-elektrisk-barnbil-12-v-terrangbil-med-musikanslutning-24g-fjarrkontroll-stralkastare-horn-for-barn-3-6-ar-rod\/\" \/>\n<meta property=\"og:site_name\" content=\"TRUUSK - Hem, Tr\u00e4dg\u00e5rd &amp; Fritid\" \/>\n<meta property=\"article:modified_time\" content=\"2026-03-12T08:44:16+00:00\" \/>\n<meta property=\"og:image\" content=\"https:\/\/i0.wp.com\/truusk.se\/wp-content\/uploads\/2025\/06\/elektrisk-barnbil-12-v-3-5-km-h-terrangbil-med-musikanslutning-barnfordon-med-24g-fjarrkontroll-stralkastare-horn-elektriskt-barnfordon-for-barn-3-6-ar-rod-1.webp?fit=2000%2C2000&ssl=1\" \/>\n\t<meta property=\"og:image:width\" content=\"2000\" \/>\n\t<meta property=\"og:image:height\" content=\"2000\" \/>\n\t<meta property=\"og:image:type\" content=\"image\/webp\" \/>\n<meta name=\"twitter:card\" content=\"summary_large_image\" \/>\n<meta name=\"twitter:label1\" content=\"Ber\u00e4knad l\u00e4stid\" \/>\n\t<meta name=\"twitter:data1\" content=\"1 minut\" \/>\n<!-- \/ Yoast SEO plugin. -->","yoast_head_json":{"title":"TRUUSK Elektrisk Barnbil 12 V - Terr\u00e4ngbil Med Musikanslutning - 2,4G Fj\u00e4rrkontroll - Str\u00e5lkastare - Horn - F\u00f6r Barn 3-6 \u00e5r - R\u00f6d - TRUUSK - Hem, Tr\u00e4dg\u00e5rd &amp; Fritid","robots":{"index":"index","follow":"follow","max-snippet":"max-snippet:-1","max-image-preview":"max-image-preview:large","max-video-preview":"max-video-preview:-1"},"canonical":"https:\/\/truusk.store\/sv\/produkt\/truusk-elektrisk-barnbil-12-v-terrangbil-med-musikanslutning-24g-fjarrkontroll-stralkastare-horn-for-barn-3-6-ar-rod\/","og_locale":"sv_SE","og_type":"article","og_title":"TRUUSK Elektrisk Barnbil 12 V - Terr\u00e4ngbil Med Musikanslutning - 2,4G Fj\u00e4rrkontroll - Str\u00e5lkastare - Horn - F\u00f6r Barn 3-6 \u00e5r - R\u00f6d - TRUUSK - Hem, Tr\u00e4dg\u00e5rd &amp; Fritid","og_description":"Med AIYAPLAY 12V barnens elektriska bil upplever dina sm\u00e5 otaliga \u00e4ventyr. Med tv\u00e5 motorer och 50 minuters k\u00f6rningstid erbjuder denna...","og_url":"https:\/\/truusk.store\/sv\/produkt\/truusk-elektrisk-barnbil-12-v-terrangbil-med-musikanslutning-24g-fjarrkontroll-stralkastare-horn-for-barn-3-6-ar-rod\/","og_site_name":"TRUUSK - Hem, Tr\u00e4dg\u00e5rd &amp; Fritid","article_modified_time":"2026-03-12T08:44:16+00:00","og_image":[{"width":2000,"height":2000,"url":"https:\/\/i0.wp.com\/truusk.se\/wp-content\/uploads\/2025\/06\/elektrisk-barnbil-12-v-3-5-km-h-terrangbil-med-musikanslutning-barnfordon-med-24g-fjarrkontroll-stralkastare-horn-elektriskt-barnfordon-for-barn-3-6-ar-rod-1.webp?fit=2000%2C2000&ssl=1","type":"image\/webp"}],"twitter_card":"summary_large_image","twitter_misc":{"Ber\u00e4knad l\u00e4stid":"1 minut"},"schema":{"@context":"https:\/\/schema.org","@graph":[{"@type":"WebPage","@id":"https:\/\/truusk.store\/sv\/produkt\/truusk-elektrisk-barnbil-12-v-terrangbil-med-musikanslutning-24g-fjarrkontroll-stralkastare-horn-for-barn-3-6-ar-rod\/","url":"https:\/\/truusk.store\/sv\/produkt\/truusk-elektrisk-barnbil-12-v-terrangbil-med-musikanslutning-24g-fjarrkontroll-stralkastare-horn-for-barn-3-6-ar-rod\/","name":"TRUUSK Elektrisk Barnbil 12 V - Terr\u00e4ngbil Med Musikanslutning - 2,4G Fj\u00e4rrkontroll - Str\u00e5lkastare - Horn - F\u00f6r Barn 3-6 \u00e5r - R\u00f6d - TRUUSK - Hem, Tr\u00e4dg\u00e5rd &amp; Fritid","isPartOf":{"@id":"https:\/\/truusk.store\/sv\/#website"},"primaryImageOfPage":{"@id":"https:\/\/truusk.store\/sv\/produkt\/truusk-elektrisk-barnbil-12-v-terrangbil-med-musikanslutning-24g-fjarrkontroll-stralkastare-horn-for-barn-3-6-ar-rod\/#primaryimage"},"image":{"@id":"https:\/\/truusk.store\/sv\/produkt\/truusk-elektrisk-barnbil-12-v-terrangbil-med-musikanslutning-24g-fjarrkontroll-stralkastare-horn-for-barn-3-6-ar-rod\/#primaryimage"},"thumbnailUrl":"https:\/\/i0.wp.com\/truusk.store\/wp-content\/uploads\/2025\/06\/elektrisk-barnbil-12-v-3-5-km-h-terrangbil-med-musikanslutning-barnfordon-med-24g-fjarrkontroll-stralkastare-horn-elektriskt-barnfordon-for-barn-3-6-ar-rod-1.webp?fit=2000%2C2000&ssl=1","datePublished":"2025-06-05T06:14:49+00:00","dateModified":"2026-03-12T08:44:16+00:00","breadcrumb":{"@id":"https:\/\/truusk.store\/sv\/produkt\/truusk-elektrisk-barnbil-12-v-terrangbil-med-musikanslutning-24g-fjarrkontroll-stralkastare-horn-for-barn-3-6-ar-rod\/#breadcrumb"},"inLanguage":"sv-SE","potentialAction":[{"@type":"ReadAction","target":["https:\/\/truusk.store\/sv\/produkt\/truusk-elektrisk-barnbil-12-v-terrangbil-med-musikanslutning-24g-fjarrkontroll-stralkastare-horn-for-barn-3-6-ar-rod\/"]}]},{"@type":"ImageObject","inLanguage":"sv-SE","@id":"https:\/\/truusk.store\/sv\/produkt\/truusk-elektrisk-barnbil-12-v-terrangbil-med-musikanslutning-24g-fjarrkontroll-stralkastare-horn-for-barn-3-6-ar-rod\/#primaryimage","url":"https:\/\/i0.wp.com\/truusk.store\/wp-content\/uploads\/2025\/06\/elektrisk-barnbil-12-v-3-5-km-h-terrangbil-med-musikanslutning-barnfordon-med-24g-fjarrkontroll-stralkastare-horn-elektriskt-barnfordon-for-barn-3-6-ar-rod-1.webp?fit=2000%2C2000&ssl=1","contentUrl":"https:\/\/i0.wp.com\/truusk.store\/wp-content\/uploads\/2025\/06\/elektrisk-barnbil-12-v-3-5-km-h-terrangbil-med-musikanslutning-barnfordon-med-24g-fjarrkontroll-stralkastare-horn-elektriskt-barnfordon-for-barn-3-6-ar-rod-1.webp?fit=2000%2C2000&ssl=1","width":2000,"height":2000},{"@type":"BreadcrumbList","@id":"https:\/\/truusk.store\/sv\/produkt\/truusk-elektrisk-barnbil-12-v-terrangbil-med-musikanslutning-24g-fjarrkontroll-stralkastare-horn-for-barn-3-6-ar-rod\/#breadcrumb","itemListElement":[{"@type":"ListItem","position":1,"name":"Home","item":"https:\/\/truusk.store\/sv\/"},{"@type":"ListItem","position":2,"name":"Shop","item":"https:\/\/truusk.store\/shop\/"},{"@type":"ListItem","position":3,"name":"TRUUSK Elektrisk Barnbil 12 V &#8211; Terr\u00e4ngbil Med Musikanslutning &#8211; 2,4G Fj\u00e4rrkontroll &#8211; Str\u00e5lkastare &#8211; Horn &#8211; F\u00f6r Barn 3-6 \u00e5r &#8211; R\u00f6d"}]},{"@type":"WebSite","@id":"https:\/\/truusk.store\/sv\/#website","url":"https:\/\/truusk.store\/sv\/","name":"TRUUSK - Hem, Tr\u00e4dg\u00e5rd & Fritid","description":"","publisher":{"@id":"https:\/\/truusk.store\/sv\/#organization"},"potentialAction":[{"@type":"SearchAction","target":{"@type":"EntryPoint","urlTemplate":"https:\/\/truusk.store\/sv\/?s={search_term_string}"},"query-input":{"@type":"PropertyValueSpecification","valueRequired":true,"valueName":"search_term_string"}}],"inLanguage":"sv-SE"},{"@type":"Organization","@id":"https:\/\/truusk.store\/sv\/#organization","name":"TRUUSK - Hem, Tr\u00e4dg\u00e5rd & Fritid","url":"https:\/\/truusk.store\/sv\/","logo":{"@type":"ImageObject","inLanguage":"sv-SE","@id":"https:\/\/truusk.store\/sv\/#\/schema\/logo\/image\/","url":"https:\/\/i0.wp.com\/truusk.store\/wp-content\/uploads\/2026\/03\/cropped-TRUUSK.png?fit=2032%2C917&ssl=1","contentUrl":"https:\/\/i0.wp.com\/truusk.store\/wp-content\/uploads\/2026\/03\/cropped-TRUUSK.png?fit=2032%2C917&ssl=1","width":2032,"height":917,"caption":"TRUUSK - Hem, Tr\u00e4dg\u00e5rd & Fritid"},"image":{"@id":"https:\/\/truusk.store\/sv\/#\/schema\/logo\/image\/"}}]}},"jetpack_sharing_enabled":true,"_links":{"self":[{"href":"https:\/\/truusk.store\/sv\/wp-json\/wp\/v2\/product\/63137","targetHints":{"allow":["GET"]}}],"collection":[{"href":"https:\/\/truusk.store\/sv\/wp-json\/wp\/v2\/product"}],"about":[{"href":"https:\/\/truusk.store\/sv\/wp-json\/wp\/v2\/types\/product"}],"wp:featuredmedia":[{"embeddable":true,"href":"https:\/\/truusk.store\/sv\/wp-json\/wp\/v2\/media\/63127"}],"wp:attachment":[{"href":"https:\/\/truusk.store\/sv\/wp-json\/wp\/v2\/media?parent=63137"}],"wp:term":[{"taxonomy":"product_brand","embeddable":true,"href":"https:\/\/truusk.store\/sv\/wp-json\/wp\/v2\/product_brand?post=63137"},{"taxonomy":"product_cat","embeddable":true,"href":"https:\/\/truusk.store\/sv\/wp-json\/wp\/v2\/product_cat?post=63137"},{"taxonomy":"product_tag","embeddable":true,"href":"https:\/\/truusk.store\/sv\/wp-json\/wp\/v2\/product_tag?post=63137"}],"curies":[{"name":"wp","href":"https:\/\/api.w.org\/{rel}","templated":true}]}}