{"id":63166,"date":"2025-06-05T07:17:28","date_gmt":"2025-06-05T06:17:28","guid":{"rendered":"https:\/\/truusk.store\/product\/matbord-runt-koksbord-modernt-matsalsbord-kaffebord-med-stalram-bar-bord-for-2-personer-o70-x-74-cm-svart\/"},"modified":"2026-03-12T09:36:37","modified_gmt":"2026-03-12T08:36:37","slug":"truusk-modernt-matbord-med-stalram-runt-koksbord-for-2-personer-o70-x-74-cm-svart","status":"publish","type":"product","link":"https:\/\/truusk.store\/sv\/produkt\/truusk-modernt-matbord-med-stalram-runt-koksbord-for-2-personer-o70-x-74-cm-svart\/","title":{"rendered":"TRUUSK Modernt Matbord med St\u00e5lram &#8211; Runt K\u00f6ksbord f\u00f6r 2 Personer &#8211; \u00d870 x 74 cm &#8211; Svart"},"content":{"rendered":"<p>Njut av avkopplande och stilfulla m\u00e5ltider med TRUUSK matbord. Dess eleganta, runda form och konstmarmerade yta ger k\u00f6ksbordet en klassisk utstr\u00e5lning. K\u00f6ksbordets ram av pulverlackerat st\u00e5l erbjuder en solid bas, kompletterad med halkfria fotdynor f\u00f6r extra stabilitet. Idealisk f\u00f6r sociala tillf\u00e4llen, oavsett var.<\/p>\n<p>Beskrivning:<\/p>\n<ul>\n<li> Modern stil, passar perfekt in i de flesta heminredningar<\/li>\n<li> Tv\u00e5sitsstorlek p\u00e5 matbordet, idealiskt f\u00f6r mindre k\u00f6k och matplatser<\/li>\n<li> Har en rymlig rund bordsskiva f\u00f6r att st\u00e4lla mat och dryck p\u00e5<\/li>\n<li> Stor, rund bas av matbordet av pulverlackerat st\u00e5l f\u00f6r stabilitet<\/li>\n<li> MDF-bordsskiva med melaminbel\u00e4ggning f\u00f6r mjukt skydd<\/li>\n<li> Halkfria fotdynor p\u00e5 k\u00f6ksbordet h\u00e5ller bordet stabilt och skyddar golvet mot repor<\/li>\n<li> Montering kr\u00e4vs<\/li>\n<\/ul>\n<p>Tekniska data:<\/p>\n<ul>\n<li> F\u00e4rg: Svart<\/li>\n<li> Material: MDF, St\u00e5l<\/li>\n<li> Totala dimensioner: \u00d870 x 74H cm<\/li>\n<li> Minsta anv\u00e4ndningsyta: 1,6L x 1,6B m<\/li>\n<li> B\u00e4rkapacitet: 15 kg<\/li>\n<\/ul>\n<p>Leveransinneh\u00e5ll:<\/p>\n<ul>\n<li> 1 x Matbord<\/li>\n<li> 1 x Bruksanvisning<\/li>\n<\/ul>\n","protected":false},"excerpt":{"rendered":"<p>Njut av avkopplande och stilfulla m\u00e5ltider med TRUUSK matbord. Dess eleganta, runda form och konstmarmerade yta ger k\u00f6ksbordet en klassisk&#8230;<\/p>\n","protected":false},"featured_media":63157,"template":"","meta":[],"product_brand":[],"product_cat":[999,871,889],"product_tag":[],"class_list":{"0":"post-63166","1":"product","2":"type-product","3":"status-publish","4":"has-post-thumbnail","6":"product_cat-bar-bord","7":"product_cat-hus-hem","8":"product_cat-kok-matsal","10":"first","11":"instock","12":"sale","13":"taxable","14":"shipping-taxable","15":"purchasable","16":"product-type-simple"},"yoast_head":"<!-- This site is optimized with the Yoast SEO plugin v25.4 - https:\/\/yoast.com\/wordpress\/plugins\/seo\/ -->\n<title>TRUUSK Modernt Matbord med St\u00e5lram - Runt K\u00f6ksbord f\u00f6r 2 Personer - \u00d870 x 74 cm - Svart - TRUUSK - Hem, Tr\u00e4dg\u00e5rd &amp; Fritid<\/title>\n<meta name=\"robots\" content=\"index, follow, max-snippet:-1, max-image-preview:large, max-video-preview:-1\" \/>\n<link rel=\"canonical\" href=\"https:\/\/truusk.store\/sv\/produkt\/truusk-modernt-matbord-med-stalram-runt-koksbord-for-2-personer-o70-x-74-cm-svart\/\" \/>\n<meta property=\"og:locale\" content=\"sv_SE\" \/>\n<meta property=\"og:type\" content=\"article\" \/>\n<meta property=\"og:title\" content=\"TRUUSK Modernt Matbord med St\u00e5lram - Runt K\u00f6ksbord f\u00f6r 2 Personer - \u00d870 x 74 cm - Svart - TRUUSK - Hem, Tr\u00e4dg\u00e5rd &amp; Fritid\" \/>\n<meta property=\"og:description\" content=\"Njut av avkopplande och stilfulla m\u00e5ltider med TRUUSK matbord. Dess eleganta, runda form och konstmarmerade yta ger k\u00f6ksbordet en klassisk...\" \/>\n<meta property=\"og:url\" content=\"https:\/\/truusk.store\/sv\/produkt\/truusk-modernt-matbord-med-stalram-runt-koksbord-for-2-personer-o70-x-74-cm-svart\/\" \/>\n<meta property=\"og:site_name\" content=\"TRUUSK - Hem, Tr\u00e4dg\u00e5rd &amp; Fritid\" \/>\n<meta property=\"article:modified_time\" content=\"2026-03-12T08:36:37+00:00\" \/>\n<meta property=\"og:image\" content=\"https:\/\/i0.wp.com\/truusk.se\/wp-content\/uploads\/2025\/06\/matbord-runt-koksbord-modernt-matsalsbord-kaffebord-med-stalram-bar-bord-for-2-personer-o70-x-74-cm-svart-1.webp?fit=2000%2C2000&ssl=1\" \/>\n\t<meta property=\"og:image:width\" content=\"2000\" \/>\n\t<meta property=\"og:image:height\" content=\"2000\" \/>\n\t<meta property=\"og:image:type\" content=\"image\/webp\" \/>\n<meta name=\"twitter:card\" content=\"summary_large_image\" \/>\n<meta name=\"twitter:label1\" content=\"Ber\u00e4knad l\u00e4stid\" \/>\n\t<meta name=\"twitter:data1\" content=\"1 minut\" \/>\n<!-- \/ Yoast SEO plugin. -->","yoast_head_json":{"title":"TRUUSK Modernt Matbord med St\u00e5lram - Runt K\u00f6ksbord f\u00f6r 2 Personer - \u00d870 x 74 cm - Svart - TRUUSK - Hem, Tr\u00e4dg\u00e5rd &amp; Fritid","robots":{"index":"index","follow":"follow","max-snippet":"max-snippet:-1","max-image-preview":"max-image-preview:large","max-video-preview":"max-video-preview:-1"},"canonical":"https:\/\/truusk.store\/sv\/produkt\/truusk-modernt-matbord-med-stalram-runt-koksbord-for-2-personer-o70-x-74-cm-svart\/","og_locale":"sv_SE","og_type":"article","og_title":"TRUUSK Modernt Matbord med St\u00e5lram - Runt K\u00f6ksbord f\u00f6r 2 Personer - \u00d870 x 74 cm - Svart - TRUUSK - Hem, Tr\u00e4dg\u00e5rd &amp; Fritid","og_description":"Njut av avkopplande och stilfulla m\u00e5ltider med TRUUSK matbord. Dess eleganta, runda form och konstmarmerade yta ger k\u00f6ksbordet en klassisk...","og_url":"https:\/\/truusk.store\/sv\/produkt\/truusk-modernt-matbord-med-stalram-runt-koksbord-for-2-personer-o70-x-74-cm-svart\/","og_site_name":"TRUUSK - Hem, Tr\u00e4dg\u00e5rd &amp; Fritid","article_modified_time":"2026-03-12T08:36:37+00:00","og_image":[{"width":2000,"height":2000,"url":"https:\/\/i0.wp.com\/truusk.se\/wp-content\/uploads\/2025\/06\/matbord-runt-koksbord-modernt-matsalsbord-kaffebord-med-stalram-bar-bord-for-2-personer-o70-x-74-cm-svart-1.webp?fit=2000%2C2000&ssl=1","type":"image\/webp"}],"twitter_card":"summary_large_image","twitter_misc":{"Ber\u00e4knad l\u00e4stid":"1 minut"},"schema":{"@context":"https:\/\/schema.org","@graph":[{"@type":"WebPage","@id":"https:\/\/truusk.store\/sv\/produkt\/truusk-modernt-matbord-med-stalram-runt-koksbord-for-2-personer-o70-x-74-cm-svart\/","url":"https:\/\/truusk.store\/sv\/produkt\/truusk-modernt-matbord-med-stalram-runt-koksbord-for-2-personer-o70-x-74-cm-svart\/","name":"TRUUSK Modernt Matbord med St\u00e5lram - Runt K\u00f6ksbord f\u00f6r 2 Personer - \u00d870 x 74 cm - Svart - TRUUSK - Hem, Tr\u00e4dg\u00e5rd &amp; Fritid","isPartOf":{"@id":"https:\/\/truusk.store\/sv\/#website"},"primaryImageOfPage":{"@id":"https:\/\/truusk.store\/sv\/produkt\/truusk-modernt-matbord-med-stalram-runt-koksbord-for-2-personer-o70-x-74-cm-svart\/#primaryimage"},"image":{"@id":"https:\/\/truusk.store\/sv\/produkt\/truusk-modernt-matbord-med-stalram-runt-koksbord-for-2-personer-o70-x-74-cm-svart\/#primaryimage"},"thumbnailUrl":"https:\/\/i0.wp.com\/truusk.store\/wp-content\/uploads\/2025\/06\/matbord-runt-koksbord-modernt-matsalsbord-kaffebord-med-stalram-bar-bord-for-2-personer-o70-x-74-cm-svart-1.webp?fit=2000%2C2000&ssl=1","datePublished":"2025-06-05T06:17:28+00:00","dateModified":"2026-03-12T08:36:37+00:00","breadcrumb":{"@id":"https:\/\/truusk.store\/sv\/produkt\/truusk-modernt-matbord-med-stalram-runt-koksbord-for-2-personer-o70-x-74-cm-svart\/#breadcrumb"},"inLanguage":"sv-SE","potentialAction":[{"@type":"ReadAction","target":["https:\/\/truusk.store\/sv\/produkt\/truusk-modernt-matbord-med-stalram-runt-koksbord-for-2-personer-o70-x-74-cm-svart\/"]}]},{"@type":"ImageObject","inLanguage":"sv-SE","@id":"https:\/\/truusk.store\/sv\/produkt\/truusk-modernt-matbord-med-stalram-runt-koksbord-for-2-personer-o70-x-74-cm-svart\/#primaryimage","url":"https:\/\/i0.wp.com\/truusk.store\/wp-content\/uploads\/2025\/06\/matbord-runt-koksbord-modernt-matsalsbord-kaffebord-med-stalram-bar-bord-for-2-personer-o70-x-74-cm-svart-1.webp?fit=2000%2C2000&ssl=1","contentUrl":"https:\/\/i0.wp.com\/truusk.store\/wp-content\/uploads\/2025\/06\/matbord-runt-koksbord-modernt-matsalsbord-kaffebord-med-stalram-bar-bord-for-2-personer-o70-x-74-cm-svart-1.webp?fit=2000%2C2000&ssl=1","width":2000,"height":2000},{"@type":"BreadcrumbList","@id":"https:\/\/truusk.store\/sv\/produkt\/truusk-modernt-matbord-med-stalram-runt-koksbord-for-2-personer-o70-x-74-cm-svart\/#breadcrumb","itemListElement":[{"@type":"ListItem","position":1,"name":"Home","item":"https:\/\/truusk.store\/sv\/"},{"@type":"ListItem","position":2,"name":"Shop","item":"https:\/\/truusk.store\/shop\/"},{"@type":"ListItem","position":3,"name":"TRUUSK Modernt Matbord med St\u00e5lram &#8211; Runt K\u00f6ksbord f\u00f6r 2 Personer &#8211; \u00d870 x 74 cm &#8211; Svart"}]},{"@type":"WebSite","@id":"https:\/\/truusk.store\/sv\/#website","url":"https:\/\/truusk.store\/sv\/","name":"TRUUSK - Hem, Tr\u00e4dg\u00e5rd & Fritid","description":"","publisher":{"@id":"https:\/\/truusk.store\/sv\/#organization"},"potentialAction":[{"@type":"SearchAction","target":{"@type":"EntryPoint","urlTemplate":"https:\/\/truusk.store\/sv\/?s={search_term_string}"},"query-input":{"@type":"PropertyValueSpecification","valueRequired":true,"valueName":"search_term_string"}}],"inLanguage":"sv-SE"},{"@type":"Organization","@id":"https:\/\/truusk.store\/sv\/#organization","name":"TRUUSK - Hem, Tr\u00e4dg\u00e5rd & Fritid","url":"https:\/\/truusk.store\/sv\/","logo":{"@type":"ImageObject","inLanguage":"sv-SE","@id":"https:\/\/truusk.store\/sv\/#\/schema\/logo\/image\/","url":"https:\/\/i0.wp.com\/truusk.store\/wp-content\/uploads\/2026\/03\/cropped-TRUUSK.png?fit=2032%2C917&ssl=1","contentUrl":"https:\/\/i0.wp.com\/truusk.store\/wp-content\/uploads\/2026\/03\/cropped-TRUUSK.png?fit=2032%2C917&ssl=1","width":2032,"height":917,"caption":"TRUUSK - Hem, Tr\u00e4dg\u00e5rd & Fritid"},"image":{"@id":"https:\/\/truusk.store\/sv\/#\/schema\/logo\/image\/"}}]}},"jetpack_sharing_enabled":true,"_links":{"self":[{"href":"https:\/\/truusk.store\/sv\/wp-json\/wp\/v2\/product\/63166","targetHints":{"allow":["GET"]}}],"collection":[{"href":"https:\/\/truusk.store\/sv\/wp-json\/wp\/v2\/product"}],"about":[{"href":"https:\/\/truusk.store\/sv\/wp-json\/wp\/v2\/types\/product"}],"wp:featuredmedia":[{"embeddable":true,"href":"https:\/\/truusk.store\/sv\/wp-json\/wp\/v2\/media\/63157"}],"wp:attachment":[{"href":"https:\/\/truusk.store\/sv\/wp-json\/wp\/v2\/media?parent=63166"}],"wp:term":[{"taxonomy":"product_brand","embeddable":true,"href":"https:\/\/truusk.store\/sv\/wp-json\/wp\/v2\/product_brand?post=63166"},{"taxonomy":"product_cat","embeddable":true,"href":"https:\/\/truusk.store\/sv\/wp-json\/wp\/v2\/product_cat?post=63166"},{"taxonomy":"product_tag","embeddable":true,"href":"https:\/\/truusk.store\/sv\/wp-json\/wp\/v2\/product_tag?post=63166"}],"curies":[{"name":"wp","href":"https:\/\/api.w.org\/{rel}","templated":true}]}}