{"id":63186,"date":"2025-06-05T07:19:38","date_gmt":"2025-06-05T06:19:38","guid":{"rendered":"https:\/\/truusk.store\/product\/2-sits-soffa-stoppad-soffa-dubbelsits-soffa-tvasits-soffa-i-snoreliknande-polyester-skum-for-vardagsrum-sovrum-117-x-565-x-77-cm-gul\/"},"modified":"2026-03-12T09:43:18","modified_gmt":"2026-03-12T08:43:18","slug":"truusk-2-sits-soffa-i-snoreliknande-polyester-skum-stoppad-gul-for-vardagsrum-sovrum-117-x-565-x-77-cm","status":"publish","type":"product","link":"https:\/\/truusk.store\/sv\/produkt\/truusk-2-sits-soffa-i-snoreliknande-polyester-skum-stoppad-gul-for-vardagsrum-sovrum-117-x-565-x-77-cm\/","title":{"rendered":"TRUUSK 2-sits Soffa i Sn\u00f6reliknande Polyester Skum &#8211; Stoppad &#8211; Gul &#8211; F\u00f6r Vardagsrum &#8211; Sovrum &#8211; 117 x 56,5 x 77 cm"},"content":{"rendered":"<p>Dyk in i komforten med denna eleganta tv\u00e5sitssoffa fr\u00e5n TRUUSK &#8211; den ultimata tillflyktsorten f\u00f6r filmkv\u00e4llar eller avslappnade drinkar med v\u00e4nner. Denna kompakta soffa med karakt\u00e4r f\u00f6rvandlar vilket rum som helst till en stilfull lounge. Den gener\u00f6sa och bekv\u00e4ma sittytan inbjuder till att stanna kvar, medan den robusta tr\u00e4ramen garanterar stabilitet och h\u00e5llbarhet. Den l\u00e4ttsk\u00f6tta tygkl\u00e4dseln och den mjuka stoppningen l\u00e5ter dig sjunka in behagligt och avsluta dagen bekv\u00e4mt.<\/p>\n<p>Beskrivning:<\/p>\n<ul>\n<li> 117 cm l\u00e5ng soffa rymmer 2 personer<\/li>\n<li> Massiv tr\u00e4ram och f\u00f6rst\u00e4rkta ben f\u00f6r maximal stabilitet<\/li>\n<li> Tjock och bekv\u00e4m stoppning<\/li>\n<li> L\u00e4ttsk\u00f6tt och h\u00e5llbar tygkl\u00e4dsel<\/li>\n<li> Enkel design av den lilla soffan, passar f\u00f6r olika milj\u00f6er<\/li>\n<li> Vadderad ryggst\u00f6d p\u00e5 minisoffan f\u00f6r extra st\u00f6d<\/li>\n<li> Montering kr\u00e4vs<\/li>\n<\/ul>\n<p> Tekniska data:<\/p>\n<ul>\n<li> F\u00e4rg: Gul<\/li>\n<li> Material: Tr\u00e4, tyg, skum<\/li>\n<li> Total storlek: 117B x 56,5T x 77H cm<\/li>\n<li> Sittstorlek: 117B x 42T x 46,7H cm<\/li>\n<li> Viktkapacitet: 150 kg<\/li>\n<\/ul>\n<p>Leveransinneh\u00e5ll:<\/p>\n<ul>\n<li> 1 x Soffa<\/li>\n<li> 1 x Instruktioner<\/li>\n<\/ul>\n","protected":false},"excerpt":{"rendered":"<p>Dyk in i komforten med denna eleganta tv\u00e5sitssoffa fr\u00e5n TRUUSK &#8211; den ultimata tillflyktsorten f\u00f6r filmkv\u00e4llar eller avslappnade drinkar med&#8230;<\/p>\n","protected":false},"featured_media":63177,"template":"","meta":[],"product_brand":[],"product_cat":[936,937,910,974],"product_tag":[],"class_list":{"0":"post-63186","1":"product","2":"type-product","3":"status-publish","4":"has-post-thumbnail","6":"product_cat-hem-boende","7":"product_cat-soffor","8":"product_cat-vardagsrum","9":"product_cat-zweisitzer","11":"first","12":"instock","13":"sale","14":"taxable","15":"shipping-taxable","16":"purchasable","17":"product-type-simple"},"yoast_head":"<!-- This site is optimized with the Yoast SEO plugin v25.4 - https:\/\/yoast.com\/wordpress\/plugins\/seo\/ -->\n<title>TRUUSK 2-sits Soffa i Sn\u00f6reliknande Polyester Skum - Stoppad - Gul - F\u00f6r Vardagsrum - Sovrum - 117 x 56,5 x 77 cm - TRUUSK - Hem, Tr\u00e4dg\u00e5rd &amp; Fritid<\/title>\n<meta name=\"robots\" content=\"index, follow, max-snippet:-1, max-image-preview:large, max-video-preview:-1\" \/>\n<link rel=\"canonical\" href=\"https:\/\/truusk.store\/sv\/produkt\/truusk-2-sits-soffa-i-snoreliknande-polyester-skum-stoppad-gul-for-vardagsrum-sovrum-117-x-565-x-77-cm\/\" \/>\n<meta property=\"og:locale\" content=\"sv_SE\" \/>\n<meta property=\"og:type\" content=\"article\" \/>\n<meta property=\"og:title\" content=\"TRUUSK 2-sits Soffa i Sn\u00f6reliknande Polyester Skum - Stoppad - Gul - F\u00f6r Vardagsrum - Sovrum - 117 x 56,5 x 77 cm - TRUUSK - Hem, Tr\u00e4dg\u00e5rd &amp; Fritid\" \/>\n<meta property=\"og:description\" content=\"Dyk in i komforten med denna eleganta tv\u00e5sitssoffa fr\u00e5n TRUUSK &#8211; den ultimata tillflyktsorten f\u00f6r filmkv\u00e4llar eller avslappnade drinkar med...\" \/>\n<meta property=\"og:url\" content=\"https:\/\/truusk.store\/sv\/produkt\/truusk-2-sits-soffa-i-snoreliknande-polyester-skum-stoppad-gul-for-vardagsrum-sovrum-117-x-565-x-77-cm\/\" \/>\n<meta property=\"og:site_name\" content=\"TRUUSK - Hem, Tr\u00e4dg\u00e5rd &amp; Fritid\" \/>\n<meta property=\"article:modified_time\" content=\"2026-03-12T08:43:18+00:00\" \/>\n<meta property=\"og:image\" content=\"https:\/\/i0.wp.com\/truusk.se\/wp-content\/uploads\/2025\/06\/2-sits-soffa-stoppad-soffa-dubbelsits-soffa-tvasits-soffa-i-snoreliknande-polyester-skum-for-vardagsrum-sovrum-117-x-565-x-77-cm-gul-1.webp?fit=2000%2C2000&ssl=1\" \/>\n\t<meta property=\"og:image:width\" content=\"2000\" \/>\n\t<meta property=\"og:image:height\" content=\"2000\" \/>\n\t<meta property=\"og:image:type\" content=\"image\/webp\" \/>\n<meta name=\"twitter:card\" content=\"summary_large_image\" \/>\n<meta name=\"twitter:label1\" content=\"Ber\u00e4knad l\u00e4stid\" \/>\n\t<meta name=\"twitter:data1\" content=\"1 minut\" \/>\n<!-- \/ Yoast SEO plugin. -->","yoast_head_json":{"title":"TRUUSK 2-sits Soffa i Sn\u00f6reliknande Polyester Skum - Stoppad - Gul - F\u00f6r Vardagsrum - Sovrum - 117 x 56,5 x 77 cm - TRUUSK - Hem, Tr\u00e4dg\u00e5rd &amp; Fritid","robots":{"index":"index","follow":"follow","max-snippet":"max-snippet:-1","max-image-preview":"max-image-preview:large","max-video-preview":"max-video-preview:-1"},"canonical":"https:\/\/truusk.store\/sv\/produkt\/truusk-2-sits-soffa-i-snoreliknande-polyester-skum-stoppad-gul-for-vardagsrum-sovrum-117-x-565-x-77-cm\/","og_locale":"sv_SE","og_type":"article","og_title":"TRUUSK 2-sits Soffa i Sn\u00f6reliknande Polyester Skum - Stoppad - Gul - F\u00f6r Vardagsrum - Sovrum - 117 x 56,5 x 77 cm - TRUUSK - Hem, Tr\u00e4dg\u00e5rd &amp; Fritid","og_description":"Dyk in i komforten med denna eleganta tv\u00e5sitssoffa fr\u00e5n TRUUSK &#8211; den ultimata tillflyktsorten f\u00f6r filmkv\u00e4llar eller avslappnade drinkar med...","og_url":"https:\/\/truusk.store\/sv\/produkt\/truusk-2-sits-soffa-i-snoreliknande-polyester-skum-stoppad-gul-for-vardagsrum-sovrum-117-x-565-x-77-cm\/","og_site_name":"TRUUSK - Hem, Tr\u00e4dg\u00e5rd &amp; Fritid","article_modified_time":"2026-03-12T08:43:18+00:00","og_image":[{"width":2000,"height":2000,"url":"https:\/\/i0.wp.com\/truusk.se\/wp-content\/uploads\/2025\/06\/2-sits-soffa-stoppad-soffa-dubbelsits-soffa-tvasits-soffa-i-snoreliknande-polyester-skum-for-vardagsrum-sovrum-117-x-565-x-77-cm-gul-1.webp?fit=2000%2C2000&ssl=1","type":"image\/webp"}],"twitter_card":"summary_large_image","twitter_misc":{"Ber\u00e4knad l\u00e4stid":"1 minut"},"schema":{"@context":"https:\/\/schema.org","@graph":[{"@type":"WebPage","@id":"https:\/\/truusk.store\/sv\/produkt\/truusk-2-sits-soffa-i-snoreliknande-polyester-skum-stoppad-gul-for-vardagsrum-sovrum-117-x-565-x-77-cm\/","url":"https:\/\/truusk.store\/sv\/produkt\/truusk-2-sits-soffa-i-snoreliknande-polyester-skum-stoppad-gul-for-vardagsrum-sovrum-117-x-565-x-77-cm\/","name":"TRUUSK 2-sits Soffa i Sn\u00f6reliknande Polyester Skum - Stoppad - Gul - F\u00f6r Vardagsrum - Sovrum - 117 x 56,5 x 77 cm - TRUUSK - Hem, Tr\u00e4dg\u00e5rd &amp; Fritid","isPartOf":{"@id":"https:\/\/truusk.store\/sv\/#website"},"primaryImageOfPage":{"@id":"https:\/\/truusk.store\/sv\/produkt\/truusk-2-sits-soffa-i-snoreliknande-polyester-skum-stoppad-gul-for-vardagsrum-sovrum-117-x-565-x-77-cm\/#primaryimage"},"image":{"@id":"https:\/\/truusk.store\/sv\/produkt\/truusk-2-sits-soffa-i-snoreliknande-polyester-skum-stoppad-gul-for-vardagsrum-sovrum-117-x-565-x-77-cm\/#primaryimage"},"thumbnailUrl":"https:\/\/i0.wp.com\/truusk.store\/wp-content\/uploads\/2025\/06\/2-sits-soffa-stoppad-soffa-dubbelsits-soffa-tvasits-soffa-i-snoreliknande-polyester-skum-for-vardagsrum-sovrum-117-x-565-x-77-cm-gul-1.webp?fit=2000%2C2000&ssl=1","datePublished":"2025-06-05T06:19:38+00:00","dateModified":"2026-03-12T08:43:18+00:00","breadcrumb":{"@id":"https:\/\/truusk.store\/sv\/produkt\/truusk-2-sits-soffa-i-snoreliknande-polyester-skum-stoppad-gul-for-vardagsrum-sovrum-117-x-565-x-77-cm\/#breadcrumb"},"inLanguage":"sv-SE","potentialAction":[{"@type":"ReadAction","target":["https:\/\/truusk.store\/sv\/produkt\/truusk-2-sits-soffa-i-snoreliknande-polyester-skum-stoppad-gul-for-vardagsrum-sovrum-117-x-565-x-77-cm\/"]}]},{"@type":"ImageObject","inLanguage":"sv-SE","@id":"https:\/\/truusk.store\/sv\/produkt\/truusk-2-sits-soffa-i-snoreliknande-polyester-skum-stoppad-gul-for-vardagsrum-sovrum-117-x-565-x-77-cm\/#primaryimage","url":"https:\/\/i0.wp.com\/truusk.store\/wp-content\/uploads\/2025\/06\/2-sits-soffa-stoppad-soffa-dubbelsits-soffa-tvasits-soffa-i-snoreliknande-polyester-skum-for-vardagsrum-sovrum-117-x-565-x-77-cm-gul-1.webp?fit=2000%2C2000&ssl=1","contentUrl":"https:\/\/i0.wp.com\/truusk.store\/wp-content\/uploads\/2025\/06\/2-sits-soffa-stoppad-soffa-dubbelsits-soffa-tvasits-soffa-i-snoreliknande-polyester-skum-for-vardagsrum-sovrum-117-x-565-x-77-cm-gul-1.webp?fit=2000%2C2000&ssl=1","width":2000,"height":2000},{"@type":"BreadcrumbList","@id":"https:\/\/truusk.store\/sv\/produkt\/truusk-2-sits-soffa-i-snoreliknande-polyester-skum-stoppad-gul-for-vardagsrum-sovrum-117-x-565-x-77-cm\/#breadcrumb","itemListElement":[{"@type":"ListItem","position":1,"name":"Home","item":"https:\/\/truusk.store\/sv\/"},{"@type":"ListItem","position":2,"name":"Shop","item":"https:\/\/truusk.store\/shop\/"},{"@type":"ListItem","position":3,"name":"TRUUSK 2-sits Soffa i Sn\u00f6reliknande Polyester Skum &#8211; Stoppad &#8211; Gul &#8211; F\u00f6r Vardagsrum &#8211; Sovrum &#8211; 117 x 56,5 x 77 cm"}]},{"@type":"WebSite","@id":"https:\/\/truusk.store\/sv\/#website","url":"https:\/\/truusk.store\/sv\/","name":"TRUUSK - Hem, Tr\u00e4dg\u00e5rd & Fritid","description":"","publisher":{"@id":"https:\/\/truusk.store\/sv\/#organization"},"potentialAction":[{"@type":"SearchAction","target":{"@type":"EntryPoint","urlTemplate":"https:\/\/truusk.store\/sv\/?s={search_term_string}"},"query-input":{"@type":"PropertyValueSpecification","valueRequired":true,"valueName":"search_term_string"}}],"inLanguage":"sv-SE"},{"@type":"Organization","@id":"https:\/\/truusk.store\/sv\/#organization","name":"TRUUSK - Hem, Tr\u00e4dg\u00e5rd & Fritid","url":"https:\/\/truusk.store\/sv\/","logo":{"@type":"ImageObject","inLanguage":"sv-SE","@id":"https:\/\/truusk.store\/sv\/#\/schema\/logo\/image\/","url":"https:\/\/i0.wp.com\/truusk.store\/wp-content\/uploads\/2026\/03\/cropped-TRUUSK.png?fit=2032%2C917&ssl=1","contentUrl":"https:\/\/i0.wp.com\/truusk.store\/wp-content\/uploads\/2026\/03\/cropped-TRUUSK.png?fit=2032%2C917&ssl=1","width":2032,"height":917,"caption":"TRUUSK - Hem, Tr\u00e4dg\u00e5rd & Fritid"},"image":{"@id":"https:\/\/truusk.store\/sv\/#\/schema\/logo\/image\/"}}]}},"jetpack_sharing_enabled":true,"_links":{"self":[{"href":"https:\/\/truusk.store\/sv\/wp-json\/wp\/v2\/product\/63186","targetHints":{"allow":["GET"]}}],"collection":[{"href":"https:\/\/truusk.store\/sv\/wp-json\/wp\/v2\/product"}],"about":[{"href":"https:\/\/truusk.store\/sv\/wp-json\/wp\/v2\/types\/product"}],"wp:featuredmedia":[{"embeddable":true,"href":"https:\/\/truusk.store\/sv\/wp-json\/wp\/v2\/media\/63177"}],"wp:attachment":[{"href":"https:\/\/truusk.store\/sv\/wp-json\/wp\/v2\/media?parent=63186"}],"wp:term":[{"taxonomy":"product_brand","embeddable":true,"href":"https:\/\/truusk.store\/sv\/wp-json\/wp\/v2\/product_brand?post=63186"},{"taxonomy":"product_cat","embeddable":true,"href":"https:\/\/truusk.store\/sv\/wp-json\/wp\/v2\/product_cat?post=63186"},{"taxonomy":"product_tag","embeddable":true,"href":"https:\/\/truusk.store\/sv\/wp-json\/wp\/v2\/product_tag?post=63186"}],"curies":[{"name":"wp","href":"https:\/\/api.w.org\/{rel}","templated":true}]}}