{"id":63226,"date":"2025-06-05T07:23:32","date_gmt":"2025-06-05T06:23:32","guid":{"rendered":"https:\/\/truusk.store\/product\/barnkok-leksakskok-med-elektronisk-vattenautomat-mikrovagsugn-och-kylskap-dockkok-med-ugn-koksredskapsset-koksutrustning-for-barn-fran-3-ar-vit\/"},"modified":"2026-03-12T09:02:13","modified_gmt":"2026-03-12T08:02:13","slug":"truusk-barnkok-leksakskok-elektronisk-vattenautomat-mikrovagsugn-kylskap-dockkok-ugn-koksredskapsset-koksutrustning","status":"publish","type":"product","link":"https:\/\/truusk.store\/sv\/produkt\/truusk-barnkok-leksakskok-elektronisk-vattenautomat-mikrovagsugn-kylskap-dockkok-ugn-koksredskapsset-koksutrustning\/","title":{"rendered":"TRUUSK Barnk\u00f6k Leksaksk\u00f6k &#8211; Elektronisk Vattenautomat &#8211; Mikrov\u00e5gsugn &#8211; Kylsk\u00e5p &#8211; Dockk\u00f6k &#8211; Ugn &#8211; K\u00f6ksredskapsset &#8211; K\u00f6ksutrustning"},"content":{"rendered":"<p>Utveckla ditt barns fantasi med TRUUSK leksaksk\u00f6k &#8211; ett oumb\u00e4rligt h\u00f6jdpunkt f\u00f6r varje barnrum! Detta leksaksk\u00f6k erbjuder ett 14-delat tillbeh\u00f6r som stimulerar kreativiteten och garanterar timmar av lekgl\u00e4dje. Det fr\u00e4mjar inte bara finmotoriken, utan ocks\u00e5 kognitiva, sociala och matematiska f\u00e4rdigheter. Med en fungerande vattendispenser, en fyllbar diskho och en \u00f6ppningsbar d\u00f6rr blir leksaksk\u00f6ket s\u00e4rskilt f\u00e4rgstarkt och realistiskt.<\/p>\n<p>Beskrivning:<\/p>\n<ul>\n<li> Enkelt design av leksaksk\u00f6ket som varje barn kommer att \u00e4lska<\/li>\n<li> Med elektronisk vattendispenser, \u00f6ppningsbar d\u00f6rr och fyllbar diskho<\/li>\n<li> H\u00e5llbart MDF-material av leksaksk\u00f6ket med s\u00e4kra, rundade kanter<\/li>\n<li> Fr\u00e4mjar kreativitet samt finmotorik, kognitiva och matematiska f\u00e4rdigheter<\/li>\n<li> Kr\u00e4ver 2 x AA-batterier, ing\u00e5r ej<\/li>\n<li> L\u00e4mplig f\u00f6r barn fr\u00e5n 3 \u00e5r<\/li>\n<\/ul>\n<p>Tekniska data:<\/p>\n<ul>\n<li> Material: Talltr\u00e4, MDF<\/li>\n<li> F\u00e4rg: Vit+Silver<\/li>\n<li> Totala dimensioner: 86L x 64B x 84,5H cm<\/li>\n<li> Storlek p\u00e5 \u00f6vre sk\u00e5pd\u00f6rren: 23,5B x 35H cm(h\u00f6ger kylsk\u00e5p)<\/li>\n<li> Storlek p\u00e5 nedre d\u00f6rren: 23,5B x 20H cm(h\u00f6ger kylsk\u00e5p)<\/li>\n<li> Storlek p\u00e5 andra sk\u00e5pd\u00f6rrar: 23,5B x 30H cm<\/li>\n<li> Storlek p\u00e5 diskb\u00e4nken: 21L x 15B x 7H cm<\/li>\n<li> Storlek p\u00e5 k\u00f6ksfl\u00e4kten: 20L x 11,5B x 5H cm<\/li>\n<li> Storlek p\u00e5 mikrov\u00e5gsugnsd\u00f6rren: 28B x 12,5H cm<\/li>\n<li> Batterier: 2 x AA-batterier (ing\u00e5r ej)<\/li>\n<li> \u00c5lder: 3+ \u00e5r<\/li>\n<\/ul>\n<p>Inneh\u00e5ll:<\/p>\n<ul>\n<li> 1 x Leksaksk\u00f6k med tillbeh\u00f6r<\/li>\n<li> 1 x Instruktioner<\/li>\n<\/ul>\n","protected":false},"excerpt":{"rendered":"<p>Utveckla ditt barns fantasi med TRUUSK leksaksk\u00f6k &#8211; ett oumb\u00e4rligt h\u00f6jdpunkt f\u00f6r varje barnrum! Detta leksaksk\u00f6k erbjuder ett 14-delat tillbeh\u00f6r&#8230;<\/p>\n","protected":false},"featured_media":63217,"template":"","meta":[],"product_brand":[],"product_cat":[880,626,918],"product_tag":[],"class_list":{"0":"post-63226","1":"product","2":"type-product","3":"status-publish","4":"has-post-thumbnail","6":"product_cat-baby-barn-2","7":"product_cat-barns-rollspel","8":"product_cat-leksaker","10":"first","11":"instock","12":"sale","13":"taxable","14":"shipping-taxable","15":"purchasable","16":"product-type-simple"},"yoast_head":"<!-- This site is optimized with the Yoast SEO plugin v25.4 - https:\/\/yoast.com\/wordpress\/plugins\/seo\/ -->\n<title>TRUUSK Barnk\u00f6k Leksaksk\u00f6k - Elektronisk Vattenautomat - Mikrov\u00e5gsugn - Kylsk\u00e5p - Dockk\u00f6k - Ugn - K\u00f6ksredskapsset - K\u00f6ksutrustning - TRUUSK - Hem, Tr\u00e4dg\u00e5rd &amp; Fritid<\/title>\n<meta name=\"robots\" content=\"index, follow, max-snippet:-1, max-image-preview:large, max-video-preview:-1\" \/>\n<link rel=\"canonical\" href=\"https:\/\/truusk.store\/sv\/produkt\/truusk-barnkok-leksakskok-elektronisk-vattenautomat-mikrovagsugn-kylskap-dockkok-ugn-koksredskapsset-koksutrustning\/\" \/>\n<meta property=\"og:locale\" content=\"sv_SE\" \/>\n<meta property=\"og:type\" content=\"article\" \/>\n<meta property=\"og:title\" content=\"TRUUSK Barnk\u00f6k Leksaksk\u00f6k - Elektronisk Vattenautomat - Mikrov\u00e5gsugn - Kylsk\u00e5p - Dockk\u00f6k - Ugn - K\u00f6ksredskapsset - K\u00f6ksutrustning - TRUUSK - Hem, Tr\u00e4dg\u00e5rd &amp; Fritid\" \/>\n<meta property=\"og:description\" content=\"Utveckla ditt barns fantasi med TRUUSK leksaksk\u00f6k &#8211; ett oumb\u00e4rligt h\u00f6jdpunkt f\u00f6r varje barnrum! Detta leksaksk\u00f6k erbjuder ett 14-delat tillbeh\u00f6r...\" \/>\n<meta property=\"og:url\" content=\"https:\/\/truusk.store\/sv\/produkt\/truusk-barnkok-leksakskok-elektronisk-vattenautomat-mikrovagsugn-kylskap-dockkok-ugn-koksredskapsset-koksutrustning\/\" \/>\n<meta property=\"og:site_name\" content=\"TRUUSK - Hem, Tr\u00e4dg\u00e5rd &amp; Fritid\" \/>\n<meta property=\"article:modified_time\" content=\"2026-03-12T08:02:13+00:00\" \/>\n<meta property=\"og:image\" content=\"https:\/\/i0.wp.com\/truusk.se\/wp-content\/uploads\/2025\/06\/barnkok-leksakskok-med-elektronisk-vattenautomat-mikrovagsugn-och-kylskap-dockkok-med-ugn-koksredskapsset-koksutrustning-for-barn-fran-3-ar-vit-1.webp?fit=2000%2C2000&ssl=1\" \/>\n\t<meta property=\"og:image:width\" content=\"2000\" \/>\n\t<meta property=\"og:image:height\" content=\"2000\" \/>\n\t<meta property=\"og:image:type\" content=\"image\/webp\" \/>\n<meta name=\"twitter:card\" content=\"summary_large_image\" \/>\n<meta name=\"twitter:label1\" content=\"Ber\u00e4knad l\u00e4stid\" \/>\n\t<meta name=\"twitter:data1\" content=\"1 minut\" \/>\n<!-- \/ Yoast SEO plugin. -->","yoast_head_json":{"title":"TRUUSK Barnk\u00f6k Leksaksk\u00f6k - Elektronisk Vattenautomat - Mikrov\u00e5gsugn - Kylsk\u00e5p - Dockk\u00f6k - Ugn - K\u00f6ksredskapsset - K\u00f6ksutrustning - TRUUSK - Hem, Tr\u00e4dg\u00e5rd &amp; Fritid","robots":{"index":"index","follow":"follow","max-snippet":"max-snippet:-1","max-image-preview":"max-image-preview:large","max-video-preview":"max-video-preview:-1"},"canonical":"https:\/\/truusk.store\/sv\/produkt\/truusk-barnkok-leksakskok-elektronisk-vattenautomat-mikrovagsugn-kylskap-dockkok-ugn-koksredskapsset-koksutrustning\/","og_locale":"sv_SE","og_type":"article","og_title":"TRUUSK Barnk\u00f6k Leksaksk\u00f6k - Elektronisk Vattenautomat - Mikrov\u00e5gsugn - Kylsk\u00e5p - Dockk\u00f6k - Ugn - K\u00f6ksredskapsset - K\u00f6ksutrustning - TRUUSK - Hem, Tr\u00e4dg\u00e5rd &amp; Fritid","og_description":"Utveckla ditt barns fantasi med TRUUSK leksaksk\u00f6k &#8211; ett oumb\u00e4rligt h\u00f6jdpunkt f\u00f6r varje barnrum! Detta leksaksk\u00f6k erbjuder ett 14-delat tillbeh\u00f6r...","og_url":"https:\/\/truusk.store\/sv\/produkt\/truusk-barnkok-leksakskok-elektronisk-vattenautomat-mikrovagsugn-kylskap-dockkok-ugn-koksredskapsset-koksutrustning\/","og_site_name":"TRUUSK - Hem, Tr\u00e4dg\u00e5rd &amp; Fritid","article_modified_time":"2026-03-12T08:02:13+00:00","og_image":[{"width":2000,"height":2000,"url":"https:\/\/i0.wp.com\/truusk.se\/wp-content\/uploads\/2025\/06\/barnkok-leksakskok-med-elektronisk-vattenautomat-mikrovagsugn-och-kylskap-dockkok-med-ugn-koksredskapsset-koksutrustning-for-barn-fran-3-ar-vit-1.webp?fit=2000%2C2000&ssl=1","type":"image\/webp"}],"twitter_card":"summary_large_image","twitter_misc":{"Ber\u00e4knad l\u00e4stid":"1 minut"},"schema":{"@context":"https:\/\/schema.org","@graph":[{"@type":"WebPage","@id":"https:\/\/truusk.store\/sv\/produkt\/truusk-barnkok-leksakskok-elektronisk-vattenautomat-mikrovagsugn-kylskap-dockkok-ugn-koksredskapsset-koksutrustning\/","url":"https:\/\/truusk.store\/sv\/produkt\/truusk-barnkok-leksakskok-elektronisk-vattenautomat-mikrovagsugn-kylskap-dockkok-ugn-koksredskapsset-koksutrustning\/","name":"TRUUSK Barnk\u00f6k Leksaksk\u00f6k - Elektronisk Vattenautomat - Mikrov\u00e5gsugn - Kylsk\u00e5p - Dockk\u00f6k - Ugn - K\u00f6ksredskapsset - K\u00f6ksutrustning - TRUUSK - Hem, Tr\u00e4dg\u00e5rd &amp; Fritid","isPartOf":{"@id":"https:\/\/truusk.store\/sv\/#website"},"primaryImageOfPage":{"@id":"https:\/\/truusk.store\/sv\/produkt\/truusk-barnkok-leksakskok-elektronisk-vattenautomat-mikrovagsugn-kylskap-dockkok-ugn-koksredskapsset-koksutrustning\/#primaryimage"},"image":{"@id":"https:\/\/truusk.store\/sv\/produkt\/truusk-barnkok-leksakskok-elektronisk-vattenautomat-mikrovagsugn-kylskap-dockkok-ugn-koksredskapsset-koksutrustning\/#primaryimage"},"thumbnailUrl":"https:\/\/i0.wp.com\/truusk.store\/wp-content\/uploads\/2025\/06\/barnkok-leksakskok-med-elektronisk-vattenautomat-mikrovagsugn-och-kylskap-dockkok-med-ugn-koksredskapsset-koksutrustning-for-barn-fran-3-ar-vit-1.webp?fit=2000%2C2000&ssl=1","datePublished":"2025-06-05T06:23:32+00:00","dateModified":"2026-03-12T08:02:13+00:00","breadcrumb":{"@id":"https:\/\/truusk.store\/sv\/produkt\/truusk-barnkok-leksakskok-elektronisk-vattenautomat-mikrovagsugn-kylskap-dockkok-ugn-koksredskapsset-koksutrustning\/#breadcrumb"},"inLanguage":"sv-SE","potentialAction":[{"@type":"ReadAction","target":["https:\/\/truusk.store\/sv\/produkt\/truusk-barnkok-leksakskok-elektronisk-vattenautomat-mikrovagsugn-kylskap-dockkok-ugn-koksredskapsset-koksutrustning\/"]}]},{"@type":"ImageObject","inLanguage":"sv-SE","@id":"https:\/\/truusk.store\/sv\/produkt\/truusk-barnkok-leksakskok-elektronisk-vattenautomat-mikrovagsugn-kylskap-dockkok-ugn-koksredskapsset-koksutrustning\/#primaryimage","url":"https:\/\/i0.wp.com\/truusk.store\/wp-content\/uploads\/2025\/06\/barnkok-leksakskok-med-elektronisk-vattenautomat-mikrovagsugn-och-kylskap-dockkok-med-ugn-koksredskapsset-koksutrustning-for-barn-fran-3-ar-vit-1.webp?fit=2000%2C2000&ssl=1","contentUrl":"https:\/\/i0.wp.com\/truusk.store\/wp-content\/uploads\/2025\/06\/barnkok-leksakskok-med-elektronisk-vattenautomat-mikrovagsugn-och-kylskap-dockkok-med-ugn-koksredskapsset-koksutrustning-for-barn-fran-3-ar-vit-1.webp?fit=2000%2C2000&ssl=1","width":2000,"height":2000},{"@type":"BreadcrumbList","@id":"https:\/\/truusk.store\/sv\/produkt\/truusk-barnkok-leksakskok-elektronisk-vattenautomat-mikrovagsugn-kylskap-dockkok-ugn-koksredskapsset-koksutrustning\/#breadcrumb","itemListElement":[{"@type":"ListItem","position":1,"name":"Home","item":"https:\/\/truusk.store\/sv\/"},{"@type":"ListItem","position":2,"name":"Shop","item":"https:\/\/truusk.store\/shop\/"},{"@type":"ListItem","position":3,"name":"TRUUSK Barnk\u00f6k Leksaksk\u00f6k &#8211; Elektronisk Vattenautomat &#8211; Mikrov\u00e5gsugn &#8211; Kylsk\u00e5p &#8211; Dockk\u00f6k &#8211; Ugn &#8211; K\u00f6ksredskapsset &#8211; K\u00f6ksutrustning"}]},{"@type":"WebSite","@id":"https:\/\/truusk.store\/sv\/#website","url":"https:\/\/truusk.store\/sv\/","name":"TRUUSK - Hem, Tr\u00e4dg\u00e5rd & Fritid","description":"","publisher":{"@id":"https:\/\/truusk.store\/sv\/#organization"},"potentialAction":[{"@type":"SearchAction","target":{"@type":"EntryPoint","urlTemplate":"https:\/\/truusk.store\/sv\/?s={search_term_string}"},"query-input":{"@type":"PropertyValueSpecification","valueRequired":true,"valueName":"search_term_string"}}],"inLanguage":"sv-SE"},{"@type":"Organization","@id":"https:\/\/truusk.store\/sv\/#organization","name":"TRUUSK - Hem, Tr\u00e4dg\u00e5rd & Fritid","url":"https:\/\/truusk.store\/sv\/","logo":{"@type":"ImageObject","inLanguage":"sv-SE","@id":"https:\/\/truusk.store\/sv\/#\/schema\/logo\/image\/","url":"https:\/\/i0.wp.com\/truusk.store\/wp-content\/uploads\/2026\/03\/cropped-TRUUSK.png?fit=2032%2C917&ssl=1","contentUrl":"https:\/\/i0.wp.com\/truusk.store\/wp-content\/uploads\/2026\/03\/cropped-TRUUSK.png?fit=2032%2C917&ssl=1","width":2032,"height":917,"caption":"TRUUSK - Hem, Tr\u00e4dg\u00e5rd & Fritid"},"image":{"@id":"https:\/\/truusk.store\/sv\/#\/schema\/logo\/image\/"}}]}},"jetpack_sharing_enabled":true,"_links":{"self":[{"href":"https:\/\/truusk.store\/sv\/wp-json\/wp\/v2\/product\/63226","targetHints":{"allow":["GET"]}}],"collection":[{"href":"https:\/\/truusk.store\/sv\/wp-json\/wp\/v2\/product"}],"about":[{"href":"https:\/\/truusk.store\/sv\/wp-json\/wp\/v2\/types\/product"}],"wp:featuredmedia":[{"embeddable":true,"href":"https:\/\/truusk.store\/sv\/wp-json\/wp\/v2\/media\/63217"}],"wp:attachment":[{"href":"https:\/\/truusk.store\/sv\/wp-json\/wp\/v2\/media?parent=63226"}],"wp:term":[{"taxonomy":"product_brand","embeddable":true,"href":"https:\/\/truusk.store\/sv\/wp-json\/wp\/v2\/product_brand?post=63226"},{"taxonomy":"product_cat","embeddable":true,"href":"https:\/\/truusk.store\/sv\/wp-json\/wp\/v2\/product_cat?post=63226"},{"taxonomy":"product_tag","embeddable":true,"href":"https:\/\/truusk.store\/sv\/wp-json\/wp\/v2\/product_tag?post=63226"}],"curies":[{"name":"wp","href":"https:\/\/api.w.org\/{rel}","templated":true}]}}