{"id":63266,"date":"2025-06-05T07:27:38","date_gmt":"2025-06-05T06:27:38","guid":{"rendered":"https:\/\/truusk.store\/product\/klostrad-86-cm-med-hoppplattform-sang-lekboll-kattrad-med-juteskrapkolonner-for-katter-upp-till-7-kg-kaffe\/"},"modified":"2026-03-12T09:44:16","modified_gmt":"2026-03-12T08:44:16","slug":"truusk-klostrad-86-cm-hoppplattform-sang-lekboll-kattrad-med-juteskrapkolonner-for-katter-upp-till-7-kg-kaffe","status":"publish","type":"product","link":"https:\/\/truusk.store\/sv\/produkt\/truusk-klostrad-86-cm-hoppplattform-sang-lekboll-kattrad-med-juteskrapkolonner-for-katter-upp-till-7-kg-kaffe\/","title":{"rendered":"TRUUSK Kl\u00f6str\u00e4d 86 cm &#8211; Hoppplattform &#8211; S\u00e4ng &#8211; Lekboll &#8211; Kattr\u00e4d med Juteskrapkolonner &#8211; F\u00f6r katter upp till 7 kg &#8211; Kaffe"},"content":{"rendered":"<p>F\u00f6rvandla ditt hem till ett sant katt paradis med TRUUSK kl\u00f6str\u00e4d! Detta lyxiga kattr\u00e4d, t\u00e4ckt med mjuk plysch, erbjuder en liggyta, perfekt \u00e4ven f\u00f6r st\u00f6rre sammets tassar. En sittplattform p\u00e5 katttornet inbjuder till akrobatiska \u00e4ventyr, medan underh\u00e5llande lekbollar ger timmar av lekgl\u00e4dje. Det stilfulla katttornet integreras s\u00f6ml\u00f6st i din hemmilj\u00f6 och kombinerar lek, n\u00f6je och komfort p\u00e5 ett elegant s\u00e4tt. Idealiskt f\u00f6r katter upp till 7 kg.<\/p>\n<p>Beskrivning:<\/p>\n<ul>\n<li> Det h\u00f6gkvalitativa katts\u00e4ngen p\u00e5 kl\u00f6str\u00e4det erbjuder gener\u00f6s komfort f\u00f6r st\u00f6rre katter upp till 7 kg<\/li>\n<li> Sittplattformen fr\u00e4mjar lekfull aktivitet och r\u00f6relse<\/li>\n<li> Kl\u00f6spelare och lekbollar p\u00e5 kl\u00f6str\u00e4det h\u00e5ller katter fr\u00e5n att skada m\u00f6bler<\/li>\n<li> En lekball p\u00e5 katttornet ger o\u00e4ndligt n\u00f6je f\u00f6r lekfulla innekatter<\/li>\n<li> Plysch\u00f6verdraget ger en touch av lyx och komfort<\/li>\n<li> Sp\u00e5nskive ramen garanterar starkt st\u00f6d<\/li>\n<li> Kompletterar heminredningen och uppfyller kattens behov<\/li>\n<li> Montering kr\u00e4vs<\/li>\n<\/ul>\n<p>Tekniska data:<\/p>\n<ul>\n<li> F\u00e4rg: Kaffe<\/li>\n<li> Material: Sp\u00e5nskiva, Polyester, Jute<\/li>\n<li> Totala dimensioner: 56L x 54B x 86H cm<\/li>\n<li> Kattlounge: 54L x 36B x 8H cm (Totalt), 45L x 32B x 6H cm (Inuti)<\/li>\n<li> Mellersta plattformen: 40L x 37B cm<\/li>\n<li> Kl\u00f6spelare: \u00d87 cm<\/li>\n<li> Jute-kl\u00f6sboll: \u00d811 cm<\/li>\n<li> Bottenplatta: 56B x 54T cm<\/li>\n<li> Maximal belastning: 7 kg<\/li>\n<\/ul>\n<p>Leverans inneh\u00e5ller:<\/p>\n<ul>\n<li> 1 x Kl\u00f6str\u00e4d<\/li>\n<li> 1 x Handbok<\/li>\n<\/ul>\n","protected":false},"excerpt":{"rendered":"<p>F\u00f6rvandla ditt hem till ett sant katt paradis med TRUUSK kl\u00f6str\u00e4d! Detta lyxiga kattr\u00e4d, t\u00e4ckt med mjuk plysch, erbjuder en&#8230;<\/p>\n","protected":false},"featured_media":63257,"template":"","meta":[],"product_brand":[],"product_cat":[878,588,879],"product_tag":[],"class_list":{"0":"post-63266","1":"product","2":"type-product","3":"status-publish","4":"has-post-thumbnail","6":"product_cat-djurbehov","7":"product_cat-katttillbehor","8":"product_cat-klostrad","10":"first","11":"instock","12":"sale","13":"taxable","14":"shipping-taxable","15":"purchasable","16":"product-type-simple"},"yoast_head":"<!-- This site is optimized with the Yoast SEO plugin v25.4 - https:\/\/yoast.com\/wordpress\/plugins\/seo\/ -->\n<title>TRUUSK Kl\u00f6str\u00e4d 86 cm - Hoppplattform - S\u00e4ng - Lekboll - Kattr\u00e4d med Juteskrapkolonner - F\u00f6r katter upp till 7 kg - Kaffe - TRUUSK - Hem, Tr\u00e4dg\u00e5rd &amp; Fritid<\/title>\n<meta name=\"robots\" content=\"index, follow, max-snippet:-1, max-image-preview:large, max-video-preview:-1\" \/>\n<link rel=\"canonical\" href=\"https:\/\/truusk.store\/sv\/produkt\/truusk-klostrad-86-cm-hoppplattform-sang-lekboll-kattrad-med-juteskrapkolonner-for-katter-upp-till-7-kg-kaffe\/\" \/>\n<meta property=\"og:locale\" content=\"sv_SE\" \/>\n<meta property=\"og:type\" content=\"article\" \/>\n<meta property=\"og:title\" content=\"TRUUSK Kl\u00f6str\u00e4d 86 cm - Hoppplattform - S\u00e4ng - Lekboll - Kattr\u00e4d med Juteskrapkolonner - F\u00f6r katter upp till 7 kg - Kaffe - TRUUSK - Hem, Tr\u00e4dg\u00e5rd &amp; Fritid\" \/>\n<meta property=\"og:description\" content=\"F\u00f6rvandla ditt hem till ett sant katt paradis med TRUUSK kl\u00f6str\u00e4d! Detta lyxiga kattr\u00e4d, t\u00e4ckt med mjuk plysch, erbjuder en...\" \/>\n<meta property=\"og:url\" content=\"https:\/\/truusk.store\/sv\/produkt\/truusk-klostrad-86-cm-hoppplattform-sang-lekboll-kattrad-med-juteskrapkolonner-for-katter-upp-till-7-kg-kaffe\/\" \/>\n<meta property=\"og:site_name\" content=\"TRUUSK - Hem, Tr\u00e4dg\u00e5rd &amp; Fritid\" \/>\n<meta property=\"article:modified_time\" content=\"2026-03-12T08:44:16+00:00\" \/>\n<meta property=\"og:image\" content=\"https:\/\/i0.wp.com\/truusk.se\/wp-content\/uploads\/2025\/06\/klostrad-86-cm-med-hoppplattform-sang-lekboll-kattrad-med-juteskrapkolonner-for-katter-upp-till-7-kg-kaffe-1.webp?fit=2000%2C2000&ssl=1\" \/>\n\t<meta property=\"og:image:width\" content=\"2000\" \/>\n\t<meta property=\"og:image:height\" content=\"2000\" \/>\n\t<meta property=\"og:image:type\" content=\"image\/webp\" \/>\n<meta name=\"twitter:card\" content=\"summary_large_image\" \/>\n<meta name=\"twitter:label1\" content=\"Ber\u00e4knad l\u00e4stid\" \/>\n\t<meta name=\"twitter:data1\" content=\"1 minut\" \/>\n<!-- \/ Yoast SEO plugin. -->","yoast_head_json":{"title":"TRUUSK Kl\u00f6str\u00e4d 86 cm - Hoppplattform - S\u00e4ng - Lekboll - Kattr\u00e4d med Juteskrapkolonner - F\u00f6r katter upp till 7 kg - Kaffe - TRUUSK - Hem, Tr\u00e4dg\u00e5rd &amp; Fritid","robots":{"index":"index","follow":"follow","max-snippet":"max-snippet:-1","max-image-preview":"max-image-preview:large","max-video-preview":"max-video-preview:-1"},"canonical":"https:\/\/truusk.store\/sv\/produkt\/truusk-klostrad-86-cm-hoppplattform-sang-lekboll-kattrad-med-juteskrapkolonner-for-katter-upp-till-7-kg-kaffe\/","og_locale":"sv_SE","og_type":"article","og_title":"TRUUSK Kl\u00f6str\u00e4d 86 cm - Hoppplattform - S\u00e4ng - Lekboll - Kattr\u00e4d med Juteskrapkolonner - F\u00f6r katter upp till 7 kg - Kaffe - TRUUSK - Hem, Tr\u00e4dg\u00e5rd &amp; Fritid","og_description":"F\u00f6rvandla ditt hem till ett sant katt paradis med TRUUSK kl\u00f6str\u00e4d! Detta lyxiga kattr\u00e4d, t\u00e4ckt med mjuk plysch, erbjuder en...","og_url":"https:\/\/truusk.store\/sv\/produkt\/truusk-klostrad-86-cm-hoppplattform-sang-lekboll-kattrad-med-juteskrapkolonner-for-katter-upp-till-7-kg-kaffe\/","og_site_name":"TRUUSK - Hem, Tr\u00e4dg\u00e5rd &amp; Fritid","article_modified_time":"2026-03-12T08:44:16+00:00","og_image":[{"width":2000,"height":2000,"url":"https:\/\/i0.wp.com\/truusk.se\/wp-content\/uploads\/2025\/06\/klostrad-86-cm-med-hoppplattform-sang-lekboll-kattrad-med-juteskrapkolonner-for-katter-upp-till-7-kg-kaffe-1.webp?fit=2000%2C2000&ssl=1","type":"image\/webp"}],"twitter_card":"summary_large_image","twitter_misc":{"Ber\u00e4knad l\u00e4stid":"1 minut"},"schema":{"@context":"https:\/\/schema.org","@graph":[{"@type":"WebPage","@id":"https:\/\/truusk.store\/sv\/produkt\/truusk-klostrad-86-cm-hoppplattform-sang-lekboll-kattrad-med-juteskrapkolonner-for-katter-upp-till-7-kg-kaffe\/","url":"https:\/\/truusk.store\/sv\/produkt\/truusk-klostrad-86-cm-hoppplattform-sang-lekboll-kattrad-med-juteskrapkolonner-for-katter-upp-till-7-kg-kaffe\/","name":"TRUUSK Kl\u00f6str\u00e4d 86 cm - Hoppplattform - S\u00e4ng - Lekboll - Kattr\u00e4d med Juteskrapkolonner - F\u00f6r katter upp till 7 kg - Kaffe - TRUUSK - Hem, Tr\u00e4dg\u00e5rd &amp; Fritid","isPartOf":{"@id":"https:\/\/truusk.store\/sv\/#website"},"primaryImageOfPage":{"@id":"https:\/\/truusk.store\/sv\/produkt\/truusk-klostrad-86-cm-hoppplattform-sang-lekboll-kattrad-med-juteskrapkolonner-for-katter-upp-till-7-kg-kaffe\/#primaryimage"},"image":{"@id":"https:\/\/truusk.store\/sv\/produkt\/truusk-klostrad-86-cm-hoppplattform-sang-lekboll-kattrad-med-juteskrapkolonner-for-katter-upp-till-7-kg-kaffe\/#primaryimage"},"thumbnailUrl":"https:\/\/i0.wp.com\/truusk.store\/wp-content\/uploads\/2025\/06\/klostrad-86-cm-med-hoppplattform-sang-lekboll-kattrad-med-juteskrapkolonner-for-katter-upp-till-7-kg-kaffe-1.webp?fit=2000%2C2000&ssl=1","datePublished":"2025-06-05T06:27:38+00:00","dateModified":"2026-03-12T08:44:16+00:00","breadcrumb":{"@id":"https:\/\/truusk.store\/sv\/produkt\/truusk-klostrad-86-cm-hoppplattform-sang-lekboll-kattrad-med-juteskrapkolonner-for-katter-upp-till-7-kg-kaffe\/#breadcrumb"},"inLanguage":"sv-SE","potentialAction":[{"@type":"ReadAction","target":["https:\/\/truusk.store\/sv\/produkt\/truusk-klostrad-86-cm-hoppplattform-sang-lekboll-kattrad-med-juteskrapkolonner-for-katter-upp-till-7-kg-kaffe\/"]}]},{"@type":"ImageObject","inLanguage":"sv-SE","@id":"https:\/\/truusk.store\/sv\/produkt\/truusk-klostrad-86-cm-hoppplattform-sang-lekboll-kattrad-med-juteskrapkolonner-for-katter-upp-till-7-kg-kaffe\/#primaryimage","url":"https:\/\/i0.wp.com\/truusk.store\/wp-content\/uploads\/2025\/06\/klostrad-86-cm-med-hoppplattform-sang-lekboll-kattrad-med-juteskrapkolonner-for-katter-upp-till-7-kg-kaffe-1.webp?fit=2000%2C2000&ssl=1","contentUrl":"https:\/\/i0.wp.com\/truusk.store\/wp-content\/uploads\/2025\/06\/klostrad-86-cm-med-hoppplattform-sang-lekboll-kattrad-med-juteskrapkolonner-for-katter-upp-till-7-kg-kaffe-1.webp?fit=2000%2C2000&ssl=1","width":2000,"height":2000},{"@type":"BreadcrumbList","@id":"https:\/\/truusk.store\/sv\/produkt\/truusk-klostrad-86-cm-hoppplattform-sang-lekboll-kattrad-med-juteskrapkolonner-for-katter-upp-till-7-kg-kaffe\/#breadcrumb","itemListElement":[{"@type":"ListItem","position":1,"name":"Home","item":"https:\/\/truusk.store\/sv\/"},{"@type":"ListItem","position":2,"name":"Shop","item":"https:\/\/truusk.store\/shop\/"},{"@type":"ListItem","position":3,"name":"TRUUSK Kl\u00f6str\u00e4d 86 cm &#8211; Hoppplattform &#8211; S\u00e4ng &#8211; Lekboll &#8211; Kattr\u00e4d med Juteskrapkolonner &#8211; F\u00f6r katter upp till 7 kg &#8211; Kaffe"}]},{"@type":"WebSite","@id":"https:\/\/truusk.store\/sv\/#website","url":"https:\/\/truusk.store\/sv\/","name":"TRUUSK - Hem, Tr\u00e4dg\u00e5rd & Fritid","description":"","publisher":{"@id":"https:\/\/truusk.store\/sv\/#organization"},"potentialAction":[{"@type":"SearchAction","target":{"@type":"EntryPoint","urlTemplate":"https:\/\/truusk.store\/sv\/?s={search_term_string}"},"query-input":{"@type":"PropertyValueSpecification","valueRequired":true,"valueName":"search_term_string"}}],"inLanguage":"sv-SE"},{"@type":"Organization","@id":"https:\/\/truusk.store\/sv\/#organization","name":"TRUUSK - Hem, Tr\u00e4dg\u00e5rd & Fritid","url":"https:\/\/truusk.store\/sv\/","logo":{"@type":"ImageObject","inLanguage":"sv-SE","@id":"https:\/\/truusk.store\/sv\/#\/schema\/logo\/image\/","url":"https:\/\/i0.wp.com\/truusk.store\/wp-content\/uploads\/2026\/03\/cropped-TRUUSK.png?fit=2032%2C917&ssl=1","contentUrl":"https:\/\/i0.wp.com\/truusk.store\/wp-content\/uploads\/2026\/03\/cropped-TRUUSK.png?fit=2032%2C917&ssl=1","width":2032,"height":917,"caption":"TRUUSK - Hem, Tr\u00e4dg\u00e5rd & Fritid"},"image":{"@id":"https:\/\/truusk.store\/sv\/#\/schema\/logo\/image\/"}}]}},"jetpack_sharing_enabled":true,"_links":{"self":[{"href":"https:\/\/truusk.store\/sv\/wp-json\/wp\/v2\/product\/63266","targetHints":{"allow":["GET"]}}],"collection":[{"href":"https:\/\/truusk.store\/sv\/wp-json\/wp\/v2\/product"}],"about":[{"href":"https:\/\/truusk.store\/sv\/wp-json\/wp\/v2\/types\/product"}],"wp:featuredmedia":[{"embeddable":true,"href":"https:\/\/truusk.store\/sv\/wp-json\/wp\/v2\/media\/63257"}],"wp:attachment":[{"href":"https:\/\/truusk.store\/sv\/wp-json\/wp\/v2\/media?parent=63266"}],"wp:term":[{"taxonomy":"product_brand","embeddable":true,"href":"https:\/\/truusk.store\/sv\/wp-json\/wp\/v2\/product_brand?post=63266"},{"taxonomy":"product_cat","embeddable":true,"href":"https:\/\/truusk.store\/sv\/wp-json\/wp\/v2\/product_cat?post=63266"},{"taxonomy":"product_tag","embeddable":true,"href":"https:\/\/truusk.store\/sv\/wp-json\/wp\/v2\/product_tag?post=63266"}],"curies":[{"name":"wp","href":"https:\/\/api.w.org\/{rel}","templated":true}]}}