{"id":63306,"date":"2025-06-05T07:31:34","date_gmt":"2025-06-05T06:31:34","guid":{"rendered":"https:\/\/truusk.store\/product\/hundbadd-utomhus-hojd-hundbadd-med-andningsbart-mesh-overdrag-husdjursbadd-for-sma-och-medelstora-hundar-svart-91-x-69-x-29-cm\/"},"modified":"2026-03-12T09:38:14","modified_gmt":"2026-03-12T08:38:14","slug":"truusk-hundbadd-utomhus-hojd-med-andningsbart-mesh-overdrag-for-sma-och-medelstora-hundar-svart-91-x-69-x-29-cm","status":"publish","type":"product","link":"https:\/\/truusk.store\/sv\/produkt\/truusk-hundbadd-utomhus-hojd-med-andningsbart-mesh-overdrag-for-sma-och-medelstora-hundar-svart-91-x-69-x-29-cm\/","title":{"rendered":"TRUUSK Hundb\u00e4dd Utomhus &#8211; H\u00f6jd Med Andningsbart Mesh-\u00f6verdrag &#8211; F\u00f6r Sm\u00e5 och Medelstora Hundar &#8211; Svart 91 x 69 x 29 cm"},"content":{"rendered":"<p>Detta mysiga hundb\u00e4dd fr\u00e5n TRUUSK erbjuder ett andningsbart n\u00e4t\u00f6verdrag f\u00f6r optimal avkoppling och ger tack vare den upph\u00f6jda designen utm\u00e4rkt luftcirkulation. Idealisk f\u00f6r utomhusbruk, skyddar denna hundb\u00e4dd mot kall och smutsig mark. Med en justerbar huvudst\u00f6d som perfekt anpassar sig till kroppsh\u00e5llningen och en robust st\u00e5lram, \u00e4r det den perfekta viloplatsen f\u00f6r sm\u00e5 till medelstora hundar upp till 20 kg vikt.<\/p>\n<p>Beskrivning:<\/p>\n<ul>\n<li> Andningsbart n\u00e4t\u00f6verdrag h\u00e5ller husdjur svala<\/li>\n<li> Upph\u00f6jd design f\u00f6r komfort, m\u00f6jligg\u00f6r luftfl\u00f6de fr\u00e5n alla sidor<\/li>\n<li> St\u00e5lramen \u00e4r robust och formstabil<\/li>\n<li> Golvskydd f\u00f6rhindrar att detta husdjursb\u00e4dd glider och skyddar ditt golv fr\u00e5n repor<\/li>\n<li> Huvudst\u00f6det kan lutas s\u00e5 att husdjur kan ligga bekv\u00e4mt<\/li>\n<li> F\u00f6r sm\u00e5 och medelstora hundar upp till 50 cm kroppsl\u00e4ngd och 20 kg vikt<\/li>\n<li> Enkel montering kr\u00e4vs<\/li>\n<\/ul>\n<p> Tekniska data:<\/p>\n<ul>\n<li> F\u00e4rg: Svart<\/li>\n<li> Material: St\u00e5l, n\u00e4t<\/li>\n<li> Totala dimensioner: 91L x 69B x 29H cm<\/li>\n<li> S\u00e4ng: 71L x 69B x 17H cm<\/li>\n<li> lutning: 54,5L x 20B cm<\/li>\n<\/ul>\n<p> Leveransinneh\u00e5ll:<\/p>\n<ul>\n<li> 1 x Hundb\u00e4dd<\/li>\n<li> 1 x Bruksanvisning<\/li>\n<\/ul>\n","protected":false},"excerpt":{"rendered":"<p>Detta mysiga hundb\u00e4dd fr\u00e5n TRUUSK erbjuder ett andningsbart n\u00e4t\u00f6verdrag f\u00f6r optimal avkoppling och ger tack vare den upph\u00f6jda designen utm\u00e4rkt&#8230;<\/p>\n","protected":false},"featured_media":63297,"template":"","meta":[],"product_brand":[],"product_cat":[878,576,574],"product_tag":[],"class_list":{"0":"post-63306","1":"product","2":"type-product","3":"status-publish","4":"has-post-thumbnail","6":"product_cat-djurbehov","7":"product_cat-hundsangar-hundsoffor","8":"product_cat-hundtillbehor","10":"first","11":"instock","12":"sale","13":"taxable","14":"shipping-taxable","15":"purchasable","16":"product-type-simple"},"yoast_head":"<!-- This site is optimized with the Yoast SEO plugin v25.4 - https:\/\/yoast.com\/wordpress\/plugins\/seo\/ -->\n<title>TRUUSK Hundb\u00e4dd Utomhus - H\u00f6jd Med Andningsbart Mesh-\u00f6verdrag - F\u00f6r Sm\u00e5 och Medelstora Hundar - Svart 91 x 69 x 29 cm - TRUUSK - Hem, Tr\u00e4dg\u00e5rd &amp; Fritid<\/title>\n<meta name=\"robots\" content=\"index, follow, max-snippet:-1, max-image-preview:large, max-video-preview:-1\" \/>\n<link rel=\"canonical\" href=\"https:\/\/truusk.store\/sv\/produkt\/truusk-hundbadd-utomhus-hojd-med-andningsbart-mesh-overdrag-for-sma-och-medelstora-hundar-svart-91-x-69-x-29-cm\/\" \/>\n<meta property=\"og:locale\" content=\"sv_SE\" \/>\n<meta property=\"og:type\" content=\"article\" \/>\n<meta property=\"og:title\" content=\"TRUUSK Hundb\u00e4dd Utomhus - H\u00f6jd Med Andningsbart Mesh-\u00f6verdrag - F\u00f6r Sm\u00e5 och Medelstora Hundar - Svart 91 x 69 x 29 cm - TRUUSK - Hem, Tr\u00e4dg\u00e5rd &amp; Fritid\" \/>\n<meta property=\"og:description\" content=\"Detta mysiga hundb\u00e4dd fr\u00e5n TRUUSK erbjuder ett andningsbart n\u00e4t\u00f6verdrag f\u00f6r optimal avkoppling och ger tack vare den upph\u00f6jda designen utm\u00e4rkt...\" \/>\n<meta property=\"og:url\" content=\"https:\/\/truusk.store\/sv\/produkt\/truusk-hundbadd-utomhus-hojd-med-andningsbart-mesh-overdrag-for-sma-och-medelstora-hundar-svart-91-x-69-x-29-cm\/\" \/>\n<meta property=\"og:site_name\" content=\"TRUUSK - Hem, Tr\u00e4dg\u00e5rd &amp; Fritid\" \/>\n<meta property=\"article:modified_time\" content=\"2026-03-12T08:38:14+00:00\" \/>\n<meta property=\"og:image\" content=\"https:\/\/i0.wp.com\/truusk.se\/wp-content\/uploads\/2025\/06\/hundbadd-utomhus-hojd-hundbadd-med-andningsbart-mesh-overdrag-husdjursbadd-for-sma-och-medelstora-hundar-svart-91-x-69-x-29-cm-1.webp?fit=2000%2C2000&ssl=1\" \/>\n\t<meta property=\"og:image:width\" content=\"2000\" \/>\n\t<meta property=\"og:image:height\" content=\"2000\" \/>\n\t<meta property=\"og:image:type\" content=\"image\/webp\" \/>\n<meta name=\"twitter:card\" content=\"summary_large_image\" \/>\n<meta name=\"twitter:label1\" content=\"Ber\u00e4knad l\u00e4stid\" \/>\n\t<meta name=\"twitter:data1\" content=\"1 minut\" \/>\n<!-- \/ Yoast SEO plugin. -->","yoast_head_json":{"title":"TRUUSK Hundb\u00e4dd Utomhus - H\u00f6jd Med Andningsbart Mesh-\u00f6verdrag - F\u00f6r Sm\u00e5 och Medelstora Hundar - Svart 91 x 69 x 29 cm - TRUUSK - Hem, Tr\u00e4dg\u00e5rd &amp; Fritid","robots":{"index":"index","follow":"follow","max-snippet":"max-snippet:-1","max-image-preview":"max-image-preview:large","max-video-preview":"max-video-preview:-1"},"canonical":"https:\/\/truusk.store\/sv\/produkt\/truusk-hundbadd-utomhus-hojd-med-andningsbart-mesh-overdrag-for-sma-och-medelstora-hundar-svart-91-x-69-x-29-cm\/","og_locale":"sv_SE","og_type":"article","og_title":"TRUUSK Hundb\u00e4dd Utomhus - H\u00f6jd Med Andningsbart Mesh-\u00f6verdrag - F\u00f6r Sm\u00e5 och Medelstora Hundar - Svart 91 x 69 x 29 cm - TRUUSK - Hem, Tr\u00e4dg\u00e5rd &amp; Fritid","og_description":"Detta mysiga hundb\u00e4dd fr\u00e5n TRUUSK erbjuder ett andningsbart n\u00e4t\u00f6verdrag f\u00f6r optimal avkoppling och ger tack vare den upph\u00f6jda designen utm\u00e4rkt...","og_url":"https:\/\/truusk.store\/sv\/produkt\/truusk-hundbadd-utomhus-hojd-med-andningsbart-mesh-overdrag-for-sma-och-medelstora-hundar-svart-91-x-69-x-29-cm\/","og_site_name":"TRUUSK - Hem, Tr\u00e4dg\u00e5rd &amp; Fritid","article_modified_time":"2026-03-12T08:38:14+00:00","og_image":[{"width":2000,"height":2000,"url":"https:\/\/i0.wp.com\/truusk.se\/wp-content\/uploads\/2025\/06\/hundbadd-utomhus-hojd-hundbadd-med-andningsbart-mesh-overdrag-husdjursbadd-for-sma-och-medelstora-hundar-svart-91-x-69-x-29-cm-1.webp?fit=2000%2C2000&ssl=1","type":"image\/webp"}],"twitter_card":"summary_large_image","twitter_misc":{"Ber\u00e4knad l\u00e4stid":"1 minut"},"schema":{"@context":"https:\/\/schema.org","@graph":[{"@type":"WebPage","@id":"https:\/\/truusk.store\/sv\/produkt\/truusk-hundbadd-utomhus-hojd-med-andningsbart-mesh-overdrag-for-sma-och-medelstora-hundar-svart-91-x-69-x-29-cm\/","url":"https:\/\/truusk.store\/sv\/produkt\/truusk-hundbadd-utomhus-hojd-med-andningsbart-mesh-overdrag-for-sma-och-medelstora-hundar-svart-91-x-69-x-29-cm\/","name":"TRUUSK Hundb\u00e4dd Utomhus - H\u00f6jd Med Andningsbart Mesh-\u00f6verdrag - F\u00f6r Sm\u00e5 och Medelstora Hundar - Svart 91 x 69 x 29 cm - TRUUSK - Hem, Tr\u00e4dg\u00e5rd &amp; Fritid","isPartOf":{"@id":"https:\/\/truusk.store\/sv\/#website"},"primaryImageOfPage":{"@id":"https:\/\/truusk.store\/sv\/produkt\/truusk-hundbadd-utomhus-hojd-med-andningsbart-mesh-overdrag-for-sma-och-medelstora-hundar-svart-91-x-69-x-29-cm\/#primaryimage"},"image":{"@id":"https:\/\/truusk.store\/sv\/produkt\/truusk-hundbadd-utomhus-hojd-med-andningsbart-mesh-overdrag-for-sma-och-medelstora-hundar-svart-91-x-69-x-29-cm\/#primaryimage"},"thumbnailUrl":"https:\/\/i0.wp.com\/truusk.store\/wp-content\/uploads\/2025\/06\/hundbadd-utomhus-hojd-hundbadd-med-andningsbart-mesh-overdrag-husdjursbadd-for-sma-och-medelstora-hundar-svart-91-x-69-x-29-cm-1.webp?fit=2000%2C2000&ssl=1","datePublished":"2025-06-05T06:31:34+00:00","dateModified":"2026-03-12T08:38:14+00:00","breadcrumb":{"@id":"https:\/\/truusk.store\/sv\/produkt\/truusk-hundbadd-utomhus-hojd-med-andningsbart-mesh-overdrag-for-sma-och-medelstora-hundar-svart-91-x-69-x-29-cm\/#breadcrumb"},"inLanguage":"sv-SE","potentialAction":[{"@type":"ReadAction","target":["https:\/\/truusk.store\/sv\/produkt\/truusk-hundbadd-utomhus-hojd-med-andningsbart-mesh-overdrag-for-sma-och-medelstora-hundar-svart-91-x-69-x-29-cm\/"]}]},{"@type":"ImageObject","inLanguage":"sv-SE","@id":"https:\/\/truusk.store\/sv\/produkt\/truusk-hundbadd-utomhus-hojd-med-andningsbart-mesh-overdrag-for-sma-och-medelstora-hundar-svart-91-x-69-x-29-cm\/#primaryimage","url":"https:\/\/i0.wp.com\/truusk.store\/wp-content\/uploads\/2025\/06\/hundbadd-utomhus-hojd-hundbadd-med-andningsbart-mesh-overdrag-husdjursbadd-for-sma-och-medelstora-hundar-svart-91-x-69-x-29-cm-1.webp?fit=2000%2C2000&ssl=1","contentUrl":"https:\/\/i0.wp.com\/truusk.store\/wp-content\/uploads\/2025\/06\/hundbadd-utomhus-hojd-hundbadd-med-andningsbart-mesh-overdrag-husdjursbadd-for-sma-och-medelstora-hundar-svart-91-x-69-x-29-cm-1.webp?fit=2000%2C2000&ssl=1","width":2000,"height":2000},{"@type":"BreadcrumbList","@id":"https:\/\/truusk.store\/sv\/produkt\/truusk-hundbadd-utomhus-hojd-med-andningsbart-mesh-overdrag-for-sma-och-medelstora-hundar-svart-91-x-69-x-29-cm\/#breadcrumb","itemListElement":[{"@type":"ListItem","position":1,"name":"Home","item":"https:\/\/truusk.store\/sv\/"},{"@type":"ListItem","position":2,"name":"Shop","item":"https:\/\/truusk.store\/shop\/"},{"@type":"ListItem","position":3,"name":"TRUUSK Hundb\u00e4dd Utomhus &#8211; H\u00f6jd Med Andningsbart Mesh-\u00f6verdrag &#8211; F\u00f6r Sm\u00e5 och Medelstora Hundar &#8211; Svart 91 x 69 x 29 cm"}]},{"@type":"WebSite","@id":"https:\/\/truusk.store\/sv\/#website","url":"https:\/\/truusk.store\/sv\/","name":"TRUUSK - Hem, Tr\u00e4dg\u00e5rd & Fritid","description":"","publisher":{"@id":"https:\/\/truusk.store\/sv\/#organization"},"potentialAction":[{"@type":"SearchAction","target":{"@type":"EntryPoint","urlTemplate":"https:\/\/truusk.store\/sv\/?s={search_term_string}"},"query-input":{"@type":"PropertyValueSpecification","valueRequired":true,"valueName":"search_term_string"}}],"inLanguage":"sv-SE"},{"@type":"Organization","@id":"https:\/\/truusk.store\/sv\/#organization","name":"TRUUSK - Hem, Tr\u00e4dg\u00e5rd & Fritid","url":"https:\/\/truusk.store\/sv\/","logo":{"@type":"ImageObject","inLanguage":"sv-SE","@id":"https:\/\/truusk.store\/sv\/#\/schema\/logo\/image\/","url":"https:\/\/i0.wp.com\/truusk.store\/wp-content\/uploads\/2026\/03\/cropped-TRUUSK.png?fit=2032%2C917&ssl=1","contentUrl":"https:\/\/i0.wp.com\/truusk.store\/wp-content\/uploads\/2026\/03\/cropped-TRUUSK.png?fit=2032%2C917&ssl=1","width":2032,"height":917,"caption":"TRUUSK - Hem, Tr\u00e4dg\u00e5rd & Fritid"},"image":{"@id":"https:\/\/truusk.store\/sv\/#\/schema\/logo\/image\/"}}]}},"jetpack_sharing_enabled":true,"_links":{"self":[{"href":"https:\/\/truusk.store\/sv\/wp-json\/wp\/v2\/product\/63306","targetHints":{"allow":["GET"]}}],"collection":[{"href":"https:\/\/truusk.store\/sv\/wp-json\/wp\/v2\/product"}],"about":[{"href":"https:\/\/truusk.store\/sv\/wp-json\/wp\/v2\/types\/product"}],"wp:featuredmedia":[{"embeddable":true,"href":"https:\/\/truusk.store\/sv\/wp-json\/wp\/v2\/media\/63297"}],"wp:attachment":[{"href":"https:\/\/truusk.store\/sv\/wp-json\/wp\/v2\/media?parent=63306"}],"wp:term":[{"taxonomy":"product_brand","embeddable":true,"href":"https:\/\/truusk.store\/sv\/wp-json\/wp\/v2\/product_brand?post=63306"},{"taxonomy":"product_cat","embeddable":true,"href":"https:\/\/truusk.store\/sv\/wp-json\/wp\/v2\/product_cat?post=63306"},{"taxonomy":"product_tag","embeddable":true,"href":"https:\/\/truusk.store\/sv\/wp-json\/wp\/v2\/product_tag?post=63306"}],"curies":[{"name":"wp","href":"https:\/\/api.w.org\/{rel}","templated":true}]}}