{"id":63316,"date":"2025-06-05T07:32:31","date_gmt":"2025-06-05T06:32:31","guid":{"rendered":"https:\/\/truusk.store\/product\/hundtrappa-3-steg-35-cm-husdjurstrappa-med-plyschutseende-katttrappa-for-sang-soffa-katter-upp-till-5-kg-ljusgra\/"},"modified":"2026-03-12T09:41:32","modified_gmt":"2026-03-12T08:41:32","slug":"truusk-hundtrappa-3-steg-35-cm-med-plyschutseende-katttrappa-for-sang-soffa-upp-till-5-kg-ljusgra","status":"publish","type":"product","link":"https:\/\/truusk.store\/sv\/produkt\/truusk-hundtrappa-3-steg-35-cm-med-plyschutseende-katttrappa-for-sang-soffa-upp-till-5-kg-ljusgra\/","title":{"rendered":"TRUUSK Hundtrappa 3-steg 35 Cm &#8211; Med Plyschutseende &#8211; Katttrappa F\u00f6r S\u00e4ng, Soffa &#8211; Upp Till 5 Kg &#8211; Ljusgr\u00e5"},"content":{"rendered":"<p>Det har aldrig varit enklare f\u00f6r husdjur att n\u00e5 sin favoritplats &#8211; tack vare denna TRUUSK-katttrappa. Tre breda steg ger en mjuk st\u00f6d och skonar djurens rygg och leder. Det mjuka, varma flanellmaterialet \u00e4r idealiskt f\u00f6r \u00e4ldre eller r\u00f6relsehindrade husdjur och de kommer att k\u00e4nna det p\u00e5 sina tassar. Tack vare dess l\u00e5ga vikt och r\u00f6rlighet kan du ta med trappan \u00f6verallt d\u00e4r den beh\u00f6vs mest.<\/p>\n<p>Beskrivning:<\/p>\n<ul>\n<li> Ger husdjur tillg\u00e5ng till h\u00f6gre platser, som soffor och s\u00e4ngar<\/li>\n<li> \u00d6verdraget \u00e4r avtagbart och kan tv\u00e4ttas f\u00f6r hand eller i maskin<\/li>\n<li> Det mjuka flanellmaterialet p\u00e5 hundtrappan \u00e4r behagligt f\u00f6r djurens tassar<\/li>\n<li> Kompakt och l\u00e4tt, den kan l\u00e4tt transporteras runt i huset vid behov<\/li>\n<li> Med fyra steg \u00e4r den robust och stabil och st\u00f6djer husdjur som \u00e4r \u00e4ldre eller har r\u00f6relseproblem<\/li>\n<li> Hundrampen f\u00f6r soffan \u00e4r l\u00e4mplig f\u00f6r husdjur med en vikt p\u00e5 mindre \u00e4n 5 kg<\/li>\n<li> Montering kr\u00e4vs<\/li>\n<\/ul>\n<p> Tekniska data:<\/p>\n<ul>\n<li> F\u00e4rg: Ljusgr\u00e5<\/li>\n<li> Material: Sp\u00e5nskiva, plysch<\/li>\n<li> Totala m\u00e5tt: 46L x 35B x 35H cm<\/li>\n<li> Enskild steg yta storlek: 34L x 15B cm<\/li>\n<li> Basens storlek: 46L x 34B cm<\/li>\n<li> B\u00e4rkapacitet: 5 kg<\/li>\n<\/ul>\n<p>Leveransinneh\u00e5ll:<\/p>\n<ul>\n<li> 1 x Husdjurstrappa<\/li>\n<li> 1 x Instruktioner<\/li>\n<\/ul>\n","protected":false},"excerpt":{"rendered":"<p>Det har aldrig varit enklare f\u00f6r husdjur att n\u00e5 sin favoritplats &#8211; tack vare denna TRUUSK-katttrappa. Tre breda steg ger&#8230;<\/p>\n","protected":false},"featured_media":63307,"template":"","meta":[],"product_brand":[],"product_cat":[878,574,970],"product_tag":[],"class_list":{"0":"post-63316","1":"product","2":"type-product","3":"status-publish","4":"has-post-thumbnail","6":"product_cat-djurbehov","7":"product_cat-hundtillbehor","8":"product_cat-hundtrappor-hundramper","10":"first","11":"instock","12":"sale","13":"taxable","14":"shipping-taxable","15":"purchasable","16":"product-type-simple"},"yoast_head":"<!-- This site is optimized with the Yoast SEO plugin v25.4 - https:\/\/yoast.com\/wordpress\/plugins\/seo\/ -->\n<title>TRUUSK Hundtrappa 3-steg 35 Cm - Med Plyschutseende - Katttrappa F\u00f6r S\u00e4ng, Soffa - Upp Till 5 Kg - Ljusgr\u00e5 - TRUUSK - Hem, Tr\u00e4dg\u00e5rd &amp; Fritid<\/title>\n<meta name=\"robots\" content=\"index, follow, max-snippet:-1, max-image-preview:large, max-video-preview:-1\" \/>\n<link rel=\"canonical\" href=\"https:\/\/truusk.store\/sv\/produkt\/truusk-hundtrappa-3-steg-35-cm-med-plyschutseende-katttrappa-for-sang-soffa-upp-till-5-kg-ljusgra\/\" \/>\n<meta property=\"og:locale\" content=\"sv_SE\" \/>\n<meta property=\"og:type\" content=\"article\" \/>\n<meta property=\"og:title\" content=\"TRUUSK Hundtrappa 3-steg 35 Cm - Med Plyschutseende - Katttrappa F\u00f6r S\u00e4ng, Soffa - Upp Till 5 Kg - Ljusgr\u00e5 - TRUUSK - Hem, Tr\u00e4dg\u00e5rd &amp; Fritid\" \/>\n<meta property=\"og:description\" content=\"Det har aldrig varit enklare f\u00f6r husdjur att n\u00e5 sin favoritplats &#8211; tack vare denna TRUUSK-katttrappa. Tre breda steg ger...\" \/>\n<meta property=\"og:url\" content=\"https:\/\/truusk.store\/sv\/produkt\/truusk-hundtrappa-3-steg-35-cm-med-plyschutseende-katttrappa-for-sang-soffa-upp-till-5-kg-ljusgra\/\" \/>\n<meta property=\"og:site_name\" content=\"TRUUSK - Hem, Tr\u00e4dg\u00e5rd &amp; Fritid\" \/>\n<meta property=\"article:modified_time\" content=\"2026-03-12T08:41:32+00:00\" \/>\n<meta property=\"og:image\" content=\"https:\/\/i0.wp.com\/truusk.se\/wp-content\/uploads\/2025\/06\/hundtrappa-3-steg-35-cm-husdjurstrappa-med-plyschutseende-katttrappa-for-sang-soffa-katter-upp-till-5-kg-ljusgra-1.webp?fit=2000%2C2000&ssl=1\" \/>\n\t<meta property=\"og:image:width\" content=\"2000\" \/>\n\t<meta property=\"og:image:height\" content=\"2000\" \/>\n\t<meta property=\"og:image:type\" content=\"image\/webp\" \/>\n<meta name=\"twitter:card\" content=\"summary_large_image\" \/>\n<meta name=\"twitter:label1\" content=\"Ber\u00e4knad l\u00e4stid\" \/>\n\t<meta name=\"twitter:data1\" content=\"1 minut\" \/>\n<!-- \/ Yoast SEO plugin. -->","yoast_head_json":{"title":"TRUUSK Hundtrappa 3-steg 35 Cm - Med Plyschutseende - Katttrappa F\u00f6r S\u00e4ng, Soffa - Upp Till 5 Kg - Ljusgr\u00e5 - TRUUSK - Hem, Tr\u00e4dg\u00e5rd &amp; Fritid","robots":{"index":"index","follow":"follow","max-snippet":"max-snippet:-1","max-image-preview":"max-image-preview:large","max-video-preview":"max-video-preview:-1"},"canonical":"https:\/\/truusk.store\/sv\/produkt\/truusk-hundtrappa-3-steg-35-cm-med-plyschutseende-katttrappa-for-sang-soffa-upp-till-5-kg-ljusgra\/","og_locale":"sv_SE","og_type":"article","og_title":"TRUUSK Hundtrappa 3-steg 35 Cm - Med Plyschutseende - Katttrappa F\u00f6r S\u00e4ng, Soffa - Upp Till 5 Kg - Ljusgr\u00e5 - TRUUSK - Hem, Tr\u00e4dg\u00e5rd &amp; Fritid","og_description":"Det har aldrig varit enklare f\u00f6r husdjur att n\u00e5 sin favoritplats &#8211; tack vare denna TRUUSK-katttrappa. Tre breda steg ger...","og_url":"https:\/\/truusk.store\/sv\/produkt\/truusk-hundtrappa-3-steg-35-cm-med-plyschutseende-katttrappa-for-sang-soffa-upp-till-5-kg-ljusgra\/","og_site_name":"TRUUSK - Hem, Tr\u00e4dg\u00e5rd &amp; Fritid","article_modified_time":"2026-03-12T08:41:32+00:00","og_image":[{"width":2000,"height":2000,"url":"https:\/\/i0.wp.com\/truusk.se\/wp-content\/uploads\/2025\/06\/hundtrappa-3-steg-35-cm-husdjurstrappa-med-plyschutseende-katttrappa-for-sang-soffa-katter-upp-till-5-kg-ljusgra-1.webp?fit=2000%2C2000&ssl=1","type":"image\/webp"}],"twitter_card":"summary_large_image","twitter_misc":{"Ber\u00e4knad l\u00e4stid":"1 minut"},"schema":{"@context":"https:\/\/schema.org","@graph":[{"@type":"WebPage","@id":"https:\/\/truusk.store\/sv\/produkt\/truusk-hundtrappa-3-steg-35-cm-med-plyschutseende-katttrappa-for-sang-soffa-upp-till-5-kg-ljusgra\/","url":"https:\/\/truusk.store\/sv\/produkt\/truusk-hundtrappa-3-steg-35-cm-med-plyschutseende-katttrappa-for-sang-soffa-upp-till-5-kg-ljusgra\/","name":"TRUUSK Hundtrappa 3-steg 35 Cm - Med Plyschutseende - Katttrappa F\u00f6r S\u00e4ng, Soffa - Upp Till 5 Kg - Ljusgr\u00e5 - TRUUSK - Hem, Tr\u00e4dg\u00e5rd &amp; Fritid","isPartOf":{"@id":"https:\/\/truusk.store\/sv\/#website"},"primaryImageOfPage":{"@id":"https:\/\/truusk.store\/sv\/produkt\/truusk-hundtrappa-3-steg-35-cm-med-plyschutseende-katttrappa-for-sang-soffa-upp-till-5-kg-ljusgra\/#primaryimage"},"image":{"@id":"https:\/\/truusk.store\/sv\/produkt\/truusk-hundtrappa-3-steg-35-cm-med-plyschutseende-katttrappa-for-sang-soffa-upp-till-5-kg-ljusgra\/#primaryimage"},"thumbnailUrl":"https:\/\/i0.wp.com\/truusk.store\/wp-content\/uploads\/2025\/06\/hundtrappa-3-steg-35-cm-husdjurstrappa-med-plyschutseende-katttrappa-for-sang-soffa-katter-upp-till-5-kg-ljusgra-1.webp?fit=2000%2C2000&ssl=1","datePublished":"2025-06-05T06:32:31+00:00","dateModified":"2026-03-12T08:41:32+00:00","breadcrumb":{"@id":"https:\/\/truusk.store\/sv\/produkt\/truusk-hundtrappa-3-steg-35-cm-med-plyschutseende-katttrappa-for-sang-soffa-upp-till-5-kg-ljusgra\/#breadcrumb"},"inLanguage":"sv-SE","potentialAction":[{"@type":"ReadAction","target":["https:\/\/truusk.store\/sv\/produkt\/truusk-hundtrappa-3-steg-35-cm-med-plyschutseende-katttrappa-for-sang-soffa-upp-till-5-kg-ljusgra\/"]}]},{"@type":"ImageObject","inLanguage":"sv-SE","@id":"https:\/\/truusk.store\/sv\/produkt\/truusk-hundtrappa-3-steg-35-cm-med-plyschutseende-katttrappa-for-sang-soffa-upp-till-5-kg-ljusgra\/#primaryimage","url":"https:\/\/i0.wp.com\/truusk.store\/wp-content\/uploads\/2025\/06\/hundtrappa-3-steg-35-cm-husdjurstrappa-med-plyschutseende-katttrappa-for-sang-soffa-katter-upp-till-5-kg-ljusgra-1.webp?fit=2000%2C2000&ssl=1","contentUrl":"https:\/\/i0.wp.com\/truusk.store\/wp-content\/uploads\/2025\/06\/hundtrappa-3-steg-35-cm-husdjurstrappa-med-plyschutseende-katttrappa-for-sang-soffa-katter-upp-till-5-kg-ljusgra-1.webp?fit=2000%2C2000&ssl=1","width":2000,"height":2000},{"@type":"BreadcrumbList","@id":"https:\/\/truusk.store\/sv\/produkt\/truusk-hundtrappa-3-steg-35-cm-med-plyschutseende-katttrappa-for-sang-soffa-upp-till-5-kg-ljusgra\/#breadcrumb","itemListElement":[{"@type":"ListItem","position":1,"name":"Home","item":"https:\/\/truusk.store\/sv\/"},{"@type":"ListItem","position":2,"name":"Shop","item":"https:\/\/truusk.store\/shop\/"},{"@type":"ListItem","position":3,"name":"TRUUSK Hundtrappa 3-steg 35 Cm &#8211; Med Plyschutseende &#8211; Katttrappa F\u00f6r S\u00e4ng, Soffa &#8211; Upp Till 5 Kg &#8211; Ljusgr\u00e5"}]},{"@type":"WebSite","@id":"https:\/\/truusk.store\/sv\/#website","url":"https:\/\/truusk.store\/sv\/","name":"TRUUSK - Hem, Tr\u00e4dg\u00e5rd & Fritid","description":"","publisher":{"@id":"https:\/\/truusk.store\/sv\/#organization"},"potentialAction":[{"@type":"SearchAction","target":{"@type":"EntryPoint","urlTemplate":"https:\/\/truusk.store\/sv\/?s={search_term_string}"},"query-input":{"@type":"PropertyValueSpecification","valueRequired":true,"valueName":"search_term_string"}}],"inLanguage":"sv-SE"},{"@type":"Organization","@id":"https:\/\/truusk.store\/sv\/#organization","name":"TRUUSK - Hem, Tr\u00e4dg\u00e5rd & Fritid","url":"https:\/\/truusk.store\/sv\/","logo":{"@type":"ImageObject","inLanguage":"sv-SE","@id":"https:\/\/truusk.store\/sv\/#\/schema\/logo\/image\/","url":"https:\/\/i0.wp.com\/truusk.store\/wp-content\/uploads\/2026\/03\/cropped-TRUUSK.png?fit=2032%2C917&ssl=1","contentUrl":"https:\/\/i0.wp.com\/truusk.store\/wp-content\/uploads\/2026\/03\/cropped-TRUUSK.png?fit=2032%2C917&ssl=1","width":2032,"height":917,"caption":"TRUUSK - Hem, Tr\u00e4dg\u00e5rd & Fritid"},"image":{"@id":"https:\/\/truusk.store\/sv\/#\/schema\/logo\/image\/"}}]}},"jetpack_sharing_enabled":true,"_links":{"self":[{"href":"https:\/\/truusk.store\/sv\/wp-json\/wp\/v2\/product\/63316","targetHints":{"allow":["GET"]}}],"collection":[{"href":"https:\/\/truusk.store\/sv\/wp-json\/wp\/v2\/product"}],"about":[{"href":"https:\/\/truusk.store\/sv\/wp-json\/wp\/v2\/types\/product"}],"wp:featuredmedia":[{"embeddable":true,"href":"https:\/\/truusk.store\/sv\/wp-json\/wp\/v2\/media\/63307"}],"wp:attachment":[{"href":"https:\/\/truusk.store\/sv\/wp-json\/wp\/v2\/media?parent=63316"}],"wp:term":[{"taxonomy":"product_brand","embeddable":true,"href":"https:\/\/truusk.store\/sv\/wp-json\/wp\/v2\/product_brand?post=63316"},{"taxonomy":"product_cat","embeddable":true,"href":"https:\/\/truusk.store\/sv\/wp-json\/wp\/v2\/product_cat?post=63316"},{"taxonomy":"product_tag","embeddable":true,"href":"https:\/\/truusk.store\/sv\/wp-json\/wp\/v2\/product_tag?post=63316"}],"curies":[{"name":"wp","href":"https:\/\/api.w.org\/{rel}","templated":true}]}}