{"id":63336,"date":"2025-06-05T07:34:33","date_gmt":"2025-06-05T06:34:33","guid":{"rendered":"https:\/\/truusk.store\/product\/aiyaplay-ridhast-med-ljudfunktion-48-cm-hojd-lekhast-for-ridning-med-sadel-och-trans-stahast-for-barn-3-8-ar-metall-bruncremevit\/"},"modified":"2026-03-12T09:43:28","modified_gmt":"2026-03-12T08:43:28","slug":"truusk-ljushast-med-ljudfunktion-48-cm-hojd-leksakshast-med-sadel-och-trans-stahast-for-barn-3-8-ar-metall-bruncremevit","status":"publish","type":"product","link":"https:\/\/truusk.store\/sv\/produkt\/truusk-ljushast-med-ljudfunktion-48-cm-hojd-leksakshast-med-sadel-och-trans-stahast-for-barn-3-8-ar-metall-bruncremevit\/","title":{"rendered":"TRUUSK Ljush\u00e4st med ljudfunktion, 48 cm h\u00f6jd &#8211; Leksaksh\u00e4st med sadel och tr\u00e4ns &#8211; St\u00e5h\u00e4st f\u00f6r barn 3-8 \u00e5r &#8211; Metall &#8211; Brun+Cremevit"},"content":{"rendered":"<p>F\u00f6rbered dig f\u00f6r ett \u00e4ventyr med AIYAPLAY ridh\u00e4st, perfekt f\u00f6r realistisk ridning! Upplev k\u00e4nslan av att rida p\u00e5 en riktig h\u00e4st med ridh\u00e4sten, komplett med bed\u00e5rande gn\u00e4ggande ljud. Denna ridh\u00e4st fr\u00e4mjar inte bara roligt spel, utan st\u00e4rker ocks\u00e5 k\u00e4rnmuskulaturen, allt st\u00f6ttat av en stabil metallram med mjuk plastbomull.<\/p>\n<p>Beskrivning:<\/p>\n<ul>\n<li> Realistisk h\u00e4stdesign fr\u00e4mjar fantasifullt spel hos barn<\/li>\n<li> Gn\u00e4ggande ljud fr\u00e5n ridh\u00e4sten ger en mer autentisk ridupplevelse<\/li>\n<li> St\u00f6djer utvecklingen av k\u00e4rnmuskulaturen genom balans och ridning<\/li>\n<li> Ridh\u00e4stens st\u00e5lkarm f\u00f6r stabilitet<\/li>\n<li> Ridh\u00e4stens fyllning med plastbomull f\u00f6r komfort<\/li>\n<\/ul>\n<p>Tekniska data:<\/p>\n<ul>\n<li> F\u00e4rg: Brun+Cremevit<\/li>\n<li> Material: Polyester, Plast, Metall<\/li>\n<li> Totala dimensioner: 85L x 28B x 60H cm<\/li>\n<li> Sits h\u00f6jd: 48H cm<\/li>\n<li> Rekommenderad \u00e5lder: 3-8 \u00e5r<\/li>\n<li> Kvalificerings\u00e5lder: \u00d6ver 3 \u00e5r<\/li>\n<li> Maximal belastning: 60 kg<\/li>\n<li> Notera: 2 x 1,5V AA batterier ing\u00e5r<\/li>\n<\/ul>\n<p>Leverans inneh\u00e5ller:<\/p>\n<ul>\n<li> 1 x Ridh\u00e4st att sitta p\u00e5<\/li>\n<li> 1 x Handbok<\/li>\n<\/ul>\n","protected":false},"excerpt":{"rendered":"<p>F\u00f6rbered dig f\u00f6r ett \u00e4ventyr med AIYAPLAY ridh\u00e4st, perfekt f\u00f6r realistisk ridning! Upplev k\u00e4nslan av att rida p\u00e5 en riktig&#8230;<\/p>\n","protected":false},"featured_media":63327,"template":"","meta":[],"product_brand":[],"product_cat":[880,988,918],"product_tag":[],"class_list":{"0":"post-63336","1":"product","2":"type-product","3":"status-publish","4":"has-post-thumbnail","6":"product_cat-baby-barn-2","7":"product_cat-gungdjur","8":"product_cat-leksaker","10":"first","11":"instock","12":"sale","13":"taxable","14":"shipping-taxable","15":"purchasable","16":"product-type-simple"},"yoast_head":"<!-- This site is optimized with the Yoast SEO plugin v25.4 - https:\/\/yoast.com\/wordpress\/plugins\/seo\/ -->\n<title>TRUUSK Ljush\u00e4st med ljudfunktion, 48 cm h\u00f6jd - Leksaksh\u00e4st med sadel och tr\u00e4ns - St\u00e5h\u00e4st f\u00f6r barn 3-8 \u00e5r - Metall - Brun+Cremevit - TRUUSK - Hem, Tr\u00e4dg\u00e5rd &amp; Fritid<\/title>\n<meta name=\"robots\" content=\"index, follow, max-snippet:-1, max-image-preview:large, max-video-preview:-1\" \/>\n<link rel=\"canonical\" href=\"https:\/\/truusk.store\/sv\/produkt\/truusk-ljushast-med-ljudfunktion-48-cm-hojd-leksakshast-med-sadel-och-trans-stahast-for-barn-3-8-ar-metall-bruncremevit\/\" \/>\n<meta property=\"og:locale\" content=\"sv_SE\" \/>\n<meta property=\"og:type\" content=\"article\" \/>\n<meta property=\"og:title\" content=\"TRUUSK Ljush\u00e4st med ljudfunktion, 48 cm h\u00f6jd - Leksaksh\u00e4st med sadel och tr\u00e4ns - St\u00e5h\u00e4st f\u00f6r barn 3-8 \u00e5r - Metall - Brun+Cremevit - TRUUSK - Hem, Tr\u00e4dg\u00e5rd &amp; Fritid\" \/>\n<meta property=\"og:description\" content=\"F\u00f6rbered dig f\u00f6r ett \u00e4ventyr med AIYAPLAY ridh\u00e4st, perfekt f\u00f6r realistisk ridning! Upplev k\u00e4nslan av att rida p\u00e5 en riktig...\" \/>\n<meta property=\"og:url\" content=\"https:\/\/truusk.store\/sv\/produkt\/truusk-ljushast-med-ljudfunktion-48-cm-hojd-leksakshast-med-sadel-och-trans-stahast-for-barn-3-8-ar-metall-bruncremevit\/\" \/>\n<meta property=\"og:site_name\" content=\"TRUUSK - Hem, Tr\u00e4dg\u00e5rd &amp; Fritid\" \/>\n<meta property=\"article:modified_time\" content=\"2026-03-12T08:43:28+00:00\" \/>\n<meta property=\"og:image\" content=\"https:\/\/i0.wp.com\/truusk.se\/wp-content\/uploads\/2025\/06\/aiyaplay-ridhast-med-ljudfunktion-48-cm-hojd-lekhast-for-ridning-med-sadel-och-trans-stahast-for-barn-3-8-ar-metall-bruncremevit-1.webp?fit=2000%2C2000&ssl=1\" \/>\n\t<meta property=\"og:image:width\" content=\"2000\" \/>\n\t<meta property=\"og:image:height\" content=\"2000\" \/>\n\t<meta property=\"og:image:type\" content=\"image\/webp\" \/>\n<meta name=\"twitter:card\" content=\"summary_large_image\" \/>\n<meta name=\"twitter:label1\" content=\"Ber\u00e4knad l\u00e4stid\" \/>\n\t<meta name=\"twitter:data1\" content=\"1 minut\" \/>\n<!-- \/ Yoast SEO plugin. -->","yoast_head_json":{"title":"TRUUSK Ljush\u00e4st med ljudfunktion, 48 cm h\u00f6jd - Leksaksh\u00e4st med sadel och tr\u00e4ns - St\u00e5h\u00e4st f\u00f6r barn 3-8 \u00e5r - Metall - Brun+Cremevit - TRUUSK - Hem, Tr\u00e4dg\u00e5rd &amp; Fritid","robots":{"index":"index","follow":"follow","max-snippet":"max-snippet:-1","max-image-preview":"max-image-preview:large","max-video-preview":"max-video-preview:-1"},"canonical":"https:\/\/truusk.store\/sv\/produkt\/truusk-ljushast-med-ljudfunktion-48-cm-hojd-leksakshast-med-sadel-och-trans-stahast-for-barn-3-8-ar-metall-bruncremevit\/","og_locale":"sv_SE","og_type":"article","og_title":"TRUUSK Ljush\u00e4st med ljudfunktion, 48 cm h\u00f6jd - Leksaksh\u00e4st med sadel och tr\u00e4ns - St\u00e5h\u00e4st f\u00f6r barn 3-8 \u00e5r - Metall - Brun+Cremevit - TRUUSK - Hem, Tr\u00e4dg\u00e5rd &amp; Fritid","og_description":"F\u00f6rbered dig f\u00f6r ett \u00e4ventyr med AIYAPLAY ridh\u00e4st, perfekt f\u00f6r realistisk ridning! Upplev k\u00e4nslan av att rida p\u00e5 en riktig...","og_url":"https:\/\/truusk.store\/sv\/produkt\/truusk-ljushast-med-ljudfunktion-48-cm-hojd-leksakshast-med-sadel-och-trans-stahast-for-barn-3-8-ar-metall-bruncremevit\/","og_site_name":"TRUUSK - Hem, Tr\u00e4dg\u00e5rd &amp; Fritid","article_modified_time":"2026-03-12T08:43:28+00:00","og_image":[{"width":2000,"height":2000,"url":"https:\/\/i0.wp.com\/truusk.se\/wp-content\/uploads\/2025\/06\/aiyaplay-ridhast-med-ljudfunktion-48-cm-hojd-lekhast-for-ridning-med-sadel-och-trans-stahast-for-barn-3-8-ar-metall-bruncremevit-1.webp?fit=2000%2C2000&ssl=1","type":"image\/webp"}],"twitter_card":"summary_large_image","twitter_misc":{"Ber\u00e4knad l\u00e4stid":"1 minut"},"schema":{"@context":"https:\/\/schema.org","@graph":[{"@type":"WebPage","@id":"https:\/\/truusk.store\/sv\/produkt\/truusk-ljushast-med-ljudfunktion-48-cm-hojd-leksakshast-med-sadel-och-trans-stahast-for-barn-3-8-ar-metall-bruncremevit\/","url":"https:\/\/truusk.store\/sv\/produkt\/truusk-ljushast-med-ljudfunktion-48-cm-hojd-leksakshast-med-sadel-och-trans-stahast-for-barn-3-8-ar-metall-bruncremevit\/","name":"TRUUSK Ljush\u00e4st med ljudfunktion, 48 cm h\u00f6jd - Leksaksh\u00e4st med sadel och tr\u00e4ns - St\u00e5h\u00e4st f\u00f6r barn 3-8 \u00e5r - Metall - Brun+Cremevit - TRUUSK - Hem, Tr\u00e4dg\u00e5rd &amp; Fritid","isPartOf":{"@id":"https:\/\/truusk.store\/sv\/#website"},"primaryImageOfPage":{"@id":"https:\/\/truusk.store\/sv\/produkt\/truusk-ljushast-med-ljudfunktion-48-cm-hojd-leksakshast-med-sadel-och-trans-stahast-for-barn-3-8-ar-metall-bruncremevit\/#primaryimage"},"image":{"@id":"https:\/\/truusk.store\/sv\/produkt\/truusk-ljushast-med-ljudfunktion-48-cm-hojd-leksakshast-med-sadel-och-trans-stahast-for-barn-3-8-ar-metall-bruncremevit\/#primaryimage"},"thumbnailUrl":"https:\/\/i0.wp.com\/truusk.store\/wp-content\/uploads\/2025\/06\/aiyaplay-ridhast-med-ljudfunktion-48-cm-hojd-lekhast-for-ridning-med-sadel-och-trans-stahast-for-barn-3-8-ar-metall-bruncremevit-1.webp?fit=2000%2C2000&ssl=1","datePublished":"2025-06-05T06:34:33+00:00","dateModified":"2026-03-12T08:43:28+00:00","breadcrumb":{"@id":"https:\/\/truusk.store\/sv\/produkt\/truusk-ljushast-med-ljudfunktion-48-cm-hojd-leksakshast-med-sadel-och-trans-stahast-for-barn-3-8-ar-metall-bruncremevit\/#breadcrumb"},"inLanguage":"sv-SE","potentialAction":[{"@type":"ReadAction","target":["https:\/\/truusk.store\/sv\/produkt\/truusk-ljushast-med-ljudfunktion-48-cm-hojd-leksakshast-med-sadel-och-trans-stahast-for-barn-3-8-ar-metall-bruncremevit\/"]}]},{"@type":"ImageObject","inLanguage":"sv-SE","@id":"https:\/\/truusk.store\/sv\/produkt\/truusk-ljushast-med-ljudfunktion-48-cm-hojd-leksakshast-med-sadel-och-trans-stahast-for-barn-3-8-ar-metall-bruncremevit\/#primaryimage","url":"https:\/\/i0.wp.com\/truusk.store\/wp-content\/uploads\/2025\/06\/aiyaplay-ridhast-med-ljudfunktion-48-cm-hojd-lekhast-for-ridning-med-sadel-och-trans-stahast-for-barn-3-8-ar-metall-bruncremevit-1.webp?fit=2000%2C2000&ssl=1","contentUrl":"https:\/\/i0.wp.com\/truusk.store\/wp-content\/uploads\/2025\/06\/aiyaplay-ridhast-med-ljudfunktion-48-cm-hojd-lekhast-for-ridning-med-sadel-och-trans-stahast-for-barn-3-8-ar-metall-bruncremevit-1.webp?fit=2000%2C2000&ssl=1","width":2000,"height":2000},{"@type":"BreadcrumbList","@id":"https:\/\/truusk.store\/sv\/produkt\/truusk-ljushast-med-ljudfunktion-48-cm-hojd-leksakshast-med-sadel-och-trans-stahast-for-barn-3-8-ar-metall-bruncremevit\/#breadcrumb","itemListElement":[{"@type":"ListItem","position":1,"name":"Home","item":"https:\/\/truusk.store\/sv\/"},{"@type":"ListItem","position":2,"name":"Shop","item":"https:\/\/truusk.store\/shop\/"},{"@type":"ListItem","position":3,"name":"TRUUSK Ljush\u00e4st med ljudfunktion, 48 cm h\u00f6jd &#8211; Leksaksh\u00e4st med sadel och tr\u00e4ns &#8211; St\u00e5h\u00e4st f\u00f6r barn 3-8 \u00e5r &#8211; Metall &#8211; Brun+Cremevit"}]},{"@type":"WebSite","@id":"https:\/\/truusk.store\/sv\/#website","url":"https:\/\/truusk.store\/sv\/","name":"TRUUSK - Hem, Tr\u00e4dg\u00e5rd & Fritid","description":"","publisher":{"@id":"https:\/\/truusk.store\/sv\/#organization"},"potentialAction":[{"@type":"SearchAction","target":{"@type":"EntryPoint","urlTemplate":"https:\/\/truusk.store\/sv\/?s={search_term_string}"},"query-input":{"@type":"PropertyValueSpecification","valueRequired":true,"valueName":"search_term_string"}}],"inLanguage":"sv-SE"},{"@type":"Organization","@id":"https:\/\/truusk.store\/sv\/#organization","name":"TRUUSK - Hem, Tr\u00e4dg\u00e5rd & Fritid","url":"https:\/\/truusk.store\/sv\/","logo":{"@type":"ImageObject","inLanguage":"sv-SE","@id":"https:\/\/truusk.store\/sv\/#\/schema\/logo\/image\/","url":"https:\/\/i0.wp.com\/truusk.store\/wp-content\/uploads\/2026\/03\/cropped-TRUUSK.png?fit=2032%2C917&ssl=1","contentUrl":"https:\/\/i0.wp.com\/truusk.store\/wp-content\/uploads\/2026\/03\/cropped-TRUUSK.png?fit=2032%2C917&ssl=1","width":2032,"height":917,"caption":"TRUUSK - Hem, Tr\u00e4dg\u00e5rd & Fritid"},"image":{"@id":"https:\/\/truusk.store\/sv\/#\/schema\/logo\/image\/"}}]}},"jetpack_sharing_enabled":true,"_links":{"self":[{"href":"https:\/\/truusk.store\/sv\/wp-json\/wp\/v2\/product\/63336","targetHints":{"allow":["GET"]}}],"collection":[{"href":"https:\/\/truusk.store\/sv\/wp-json\/wp\/v2\/product"}],"about":[{"href":"https:\/\/truusk.store\/sv\/wp-json\/wp\/v2\/types\/product"}],"wp:featuredmedia":[{"embeddable":true,"href":"https:\/\/truusk.store\/sv\/wp-json\/wp\/v2\/media\/63327"}],"wp:attachment":[{"href":"https:\/\/truusk.store\/sv\/wp-json\/wp\/v2\/media?parent=63336"}],"wp:term":[{"taxonomy":"product_brand","embeddable":true,"href":"https:\/\/truusk.store\/sv\/wp-json\/wp\/v2\/product_brand?post=63336"},{"taxonomy":"product_cat","embeddable":true,"href":"https:\/\/truusk.store\/sv\/wp-json\/wp\/v2\/product_cat?post=63336"},{"taxonomy":"product_tag","embeddable":true,"href":"https:\/\/truusk.store\/sv\/wp-json\/wp\/v2\/product_tag?post=63336"}],"curies":[{"name":"wp","href":"https:\/\/api.w.org\/{rel}","templated":true}]}}