{"id":63376,"date":"2025-06-05T07:38:38","date_gmt":"2025-06-05T06:38:38","guid":{"rendered":"https:\/\/truusk.store\/product\/aiyaplay-flodstenar-6-delade-balansstenar-i-kvadratform-stapelbara-halkfria-stapelstenar-upp-till-80-kg-belastning-for-barn-3-8-ar-fargglada\/"},"modified":"2026-03-12T09:45:26","modified_gmt":"2026-03-12T08:45:26","slug":"truusk-balansstenar-for-barn-6-delade-i-kvadratform-stapelbara-och-halkfria-upp-till-80-kg-belastning-fargglada-for","status":"publish","type":"product","link":"https:\/\/truusk.store\/sv\/produkt\/truusk-balansstenar-for-barn-6-delade-i-kvadratform-stapelbara-och-halkfria-upp-till-80-kg-belastning-fargglada-for\/","title":{"rendered":"TRUUSK Balansstenar f\u00f6r Barn &#8211; 6-delade i Kvadratform &#8211; Stapelbara och Halkfria &#8211; Upp Till 80 kg Belastning &#8211; F\u00e4rgglada &#8211; F\u00f6r"},"content":{"rendered":"<p>Med AIYAPLAY Balance-Flodstenar uppt\u00e4cker dina barn en v\u00e4rld full av kul! Speciellt utformade f\u00f6r balans och sensorisk stimulans, \u00e4r detta f\u00e4rgglada sexdelade flodstensset perfekt f\u00f6r aktiva sm\u00e5barn. Balansstenarna erbjuder halkfria kanter och en strukturerad yta f\u00f6r s\u00e4kert spel, b\u00e5de inomhus och utomhus. Dessutom \u00e4r de l\u00e4tta att stapla, vilket f\u00f6renklar f\u00f6rvaringen. L\u00e4mplig f\u00f6r barn i \u00e5ldern 3 till 8 \u00e5r.<\/p>\n<p>Beskrivning:<\/p>\n<ul>\n<li> F\u00e4rgglatt design av balansstenar f\u00f6rb\u00e4ttrar sensorisk koordination<\/li>\n<li> Sexdelat set, l\u00e4tt att stapla f\u00f6r snygg f\u00f6rvaring<\/li>\n<li> Strukturerad yta p\u00e5 flodstenar med halkfri kant \u00f6kar s\u00e4kerheten<\/li>\n<li> B\u00e4rbara balansstenar, f\u00f6r aktiviteter inomhus och utomhus<\/li>\n<li> L\u00e4mplig f\u00f6r barn fr\u00e5n 3 till 8 \u00e5r<\/li>\n<li> Enkel att montera<\/li>\n<\/ul>\n<p>Tekniska data:<\/p>\n<ul>\n<li> F\u00e4rg: Flerf\u00e4rgad<\/li>\n<li> Material: Plast, TPR<\/li>\n<li> Liten storlek: 21,5L x 21,5B x 4H cm<\/li>\n<li> Mellanstorlek: 29L x 29B x 8,5H cm<\/li>\n<li> Stor storlek: 34,3L x 34,3B x 5,5H cm<\/li>\n<li> Rekommenderad \u00e5lder: 3-8 \u00e5r<\/li>\n<li> Maximal belastning: 80 kg<\/li>\n<\/ul>\n<p>Leveransinneh\u00e5ll:<\/p>\n<ul>\n<li> 6 x trampstenar<\/li>\n<li> 1 x manual<\/li>\n<\/ul>\n","protected":false},"excerpt":{"rendered":"<p>Med AIYAPLAY Balance-Flodstenar uppt\u00e4cker dina barn en v\u00e4rld full av kul! Speciellt utformade f\u00f6r balans och sensorisk stimulans, \u00e4r detta&#8230;<\/p>\n","protected":false},"featured_media":63367,"template":"","meta":[],"product_brand":[],"product_cat":[880,939,616],"product_tag":[],"class_list":{"0":"post-63376","1":"product","2":"type-product","3":"status-publish","4":"has-post-thumbnail","6":"product_cat-baby-barn-2","7":"product_cat-barnsport","8":"product_cat-utomhusleksaker","10":"first","11":"instock","12":"sale","13":"taxable","14":"shipping-taxable","15":"purchasable","16":"product-type-simple"},"yoast_head":"<!-- This site is optimized with the Yoast SEO plugin v25.4 - https:\/\/yoast.com\/wordpress\/plugins\/seo\/ -->\n<title>TRUUSK Balansstenar f\u00f6r Barn - 6-delade i Kvadratform - Stapelbara och Halkfria - Upp Till 80 kg Belastning - F\u00e4rgglada - F\u00f6r - TRUUSK - Hem, Tr\u00e4dg\u00e5rd &amp; Fritid<\/title>\n<meta name=\"robots\" content=\"index, follow, max-snippet:-1, max-image-preview:large, max-video-preview:-1\" \/>\n<link rel=\"canonical\" href=\"https:\/\/truusk.store\/sv\/produkt\/truusk-balansstenar-for-barn-6-delade-i-kvadratform-stapelbara-och-halkfria-upp-till-80-kg-belastning-fargglada-for\/\" \/>\n<meta property=\"og:locale\" content=\"sv_SE\" \/>\n<meta property=\"og:type\" content=\"article\" \/>\n<meta property=\"og:title\" content=\"TRUUSK Balansstenar f\u00f6r Barn - 6-delade i Kvadratform - Stapelbara och Halkfria - Upp Till 80 kg Belastning - F\u00e4rgglada - F\u00f6r - TRUUSK - Hem, Tr\u00e4dg\u00e5rd &amp; Fritid\" \/>\n<meta property=\"og:description\" content=\"Med AIYAPLAY Balance-Flodstenar uppt\u00e4cker dina barn en v\u00e4rld full av kul! Speciellt utformade f\u00f6r balans och sensorisk stimulans, \u00e4r detta...\" \/>\n<meta property=\"og:url\" content=\"https:\/\/truusk.store\/sv\/produkt\/truusk-balansstenar-for-barn-6-delade-i-kvadratform-stapelbara-och-halkfria-upp-till-80-kg-belastning-fargglada-for\/\" \/>\n<meta property=\"og:site_name\" content=\"TRUUSK - Hem, Tr\u00e4dg\u00e5rd &amp; Fritid\" \/>\n<meta property=\"article:modified_time\" content=\"2026-03-12T08:45:26+00:00\" \/>\n<meta property=\"og:image\" content=\"https:\/\/i0.wp.com\/truusk.se\/wp-content\/uploads\/2025\/06\/aiyaplay-flodstenar-6-delade-balansstenar-i-kvadratform-stapelbara-halkfria-stapelstenar-upp-till-80-kg-belastning-for-barn-3-8-ar-fargglada-1.webp?fit=2000%2C2000&ssl=1\" \/>\n\t<meta property=\"og:image:width\" content=\"2000\" \/>\n\t<meta property=\"og:image:height\" content=\"2000\" \/>\n\t<meta property=\"og:image:type\" content=\"image\/webp\" \/>\n<meta name=\"twitter:card\" content=\"summary_large_image\" \/>\n<meta name=\"twitter:label1\" content=\"Ber\u00e4knad l\u00e4stid\" \/>\n\t<meta name=\"twitter:data1\" content=\"1 minut\" \/>\n<!-- \/ Yoast SEO plugin. -->","yoast_head_json":{"title":"TRUUSK Balansstenar f\u00f6r Barn - 6-delade i Kvadratform - Stapelbara och Halkfria - Upp Till 80 kg Belastning - F\u00e4rgglada - F\u00f6r - TRUUSK - Hem, Tr\u00e4dg\u00e5rd &amp; Fritid","robots":{"index":"index","follow":"follow","max-snippet":"max-snippet:-1","max-image-preview":"max-image-preview:large","max-video-preview":"max-video-preview:-1"},"canonical":"https:\/\/truusk.store\/sv\/produkt\/truusk-balansstenar-for-barn-6-delade-i-kvadratform-stapelbara-och-halkfria-upp-till-80-kg-belastning-fargglada-for\/","og_locale":"sv_SE","og_type":"article","og_title":"TRUUSK Balansstenar f\u00f6r Barn - 6-delade i Kvadratform - Stapelbara och Halkfria - Upp Till 80 kg Belastning - F\u00e4rgglada - F\u00f6r - TRUUSK - Hem, Tr\u00e4dg\u00e5rd &amp; Fritid","og_description":"Med AIYAPLAY Balance-Flodstenar uppt\u00e4cker dina barn en v\u00e4rld full av kul! Speciellt utformade f\u00f6r balans och sensorisk stimulans, \u00e4r detta...","og_url":"https:\/\/truusk.store\/sv\/produkt\/truusk-balansstenar-for-barn-6-delade-i-kvadratform-stapelbara-och-halkfria-upp-till-80-kg-belastning-fargglada-for\/","og_site_name":"TRUUSK - Hem, Tr\u00e4dg\u00e5rd &amp; Fritid","article_modified_time":"2026-03-12T08:45:26+00:00","og_image":[{"width":2000,"height":2000,"url":"https:\/\/i0.wp.com\/truusk.se\/wp-content\/uploads\/2025\/06\/aiyaplay-flodstenar-6-delade-balansstenar-i-kvadratform-stapelbara-halkfria-stapelstenar-upp-till-80-kg-belastning-for-barn-3-8-ar-fargglada-1.webp?fit=2000%2C2000&ssl=1","type":"image\/webp"}],"twitter_card":"summary_large_image","twitter_misc":{"Ber\u00e4knad l\u00e4stid":"1 minut"},"schema":{"@context":"https:\/\/schema.org","@graph":[{"@type":"WebPage","@id":"https:\/\/truusk.store\/sv\/produkt\/truusk-balansstenar-for-barn-6-delade-i-kvadratform-stapelbara-och-halkfria-upp-till-80-kg-belastning-fargglada-for\/","url":"https:\/\/truusk.store\/sv\/produkt\/truusk-balansstenar-for-barn-6-delade-i-kvadratform-stapelbara-och-halkfria-upp-till-80-kg-belastning-fargglada-for\/","name":"TRUUSK Balansstenar f\u00f6r Barn - 6-delade i Kvadratform - Stapelbara och Halkfria - Upp Till 80 kg Belastning - F\u00e4rgglada - F\u00f6r - TRUUSK - Hem, Tr\u00e4dg\u00e5rd &amp; Fritid","isPartOf":{"@id":"https:\/\/truusk.store\/sv\/#website"},"primaryImageOfPage":{"@id":"https:\/\/truusk.store\/sv\/produkt\/truusk-balansstenar-for-barn-6-delade-i-kvadratform-stapelbara-och-halkfria-upp-till-80-kg-belastning-fargglada-for\/#primaryimage"},"image":{"@id":"https:\/\/truusk.store\/sv\/produkt\/truusk-balansstenar-for-barn-6-delade-i-kvadratform-stapelbara-och-halkfria-upp-till-80-kg-belastning-fargglada-for\/#primaryimage"},"thumbnailUrl":"https:\/\/i0.wp.com\/truusk.store\/wp-content\/uploads\/2025\/06\/aiyaplay-flodstenar-6-delade-balansstenar-i-kvadratform-stapelbara-halkfria-stapelstenar-upp-till-80-kg-belastning-for-barn-3-8-ar-fargglada-1.webp?fit=2000%2C2000&ssl=1","datePublished":"2025-06-05T06:38:38+00:00","dateModified":"2026-03-12T08:45:26+00:00","breadcrumb":{"@id":"https:\/\/truusk.store\/sv\/produkt\/truusk-balansstenar-for-barn-6-delade-i-kvadratform-stapelbara-och-halkfria-upp-till-80-kg-belastning-fargglada-for\/#breadcrumb"},"inLanguage":"sv-SE","potentialAction":[{"@type":"ReadAction","target":["https:\/\/truusk.store\/sv\/produkt\/truusk-balansstenar-for-barn-6-delade-i-kvadratform-stapelbara-och-halkfria-upp-till-80-kg-belastning-fargglada-for\/"]}]},{"@type":"ImageObject","inLanguage":"sv-SE","@id":"https:\/\/truusk.store\/sv\/produkt\/truusk-balansstenar-for-barn-6-delade-i-kvadratform-stapelbara-och-halkfria-upp-till-80-kg-belastning-fargglada-for\/#primaryimage","url":"https:\/\/i0.wp.com\/truusk.store\/wp-content\/uploads\/2025\/06\/aiyaplay-flodstenar-6-delade-balansstenar-i-kvadratform-stapelbara-halkfria-stapelstenar-upp-till-80-kg-belastning-for-barn-3-8-ar-fargglada-1.webp?fit=2000%2C2000&ssl=1","contentUrl":"https:\/\/i0.wp.com\/truusk.store\/wp-content\/uploads\/2025\/06\/aiyaplay-flodstenar-6-delade-balansstenar-i-kvadratform-stapelbara-halkfria-stapelstenar-upp-till-80-kg-belastning-for-barn-3-8-ar-fargglada-1.webp?fit=2000%2C2000&ssl=1","width":2000,"height":2000},{"@type":"BreadcrumbList","@id":"https:\/\/truusk.store\/sv\/produkt\/truusk-balansstenar-for-barn-6-delade-i-kvadratform-stapelbara-och-halkfria-upp-till-80-kg-belastning-fargglada-for\/#breadcrumb","itemListElement":[{"@type":"ListItem","position":1,"name":"Home","item":"https:\/\/truusk.store\/sv\/"},{"@type":"ListItem","position":2,"name":"Shop","item":"https:\/\/truusk.store\/shop\/"},{"@type":"ListItem","position":3,"name":"TRUUSK Balansstenar f\u00f6r Barn &#8211; 6-delade i Kvadratform &#8211; Stapelbara och Halkfria &#8211; Upp Till 80 kg Belastning &#8211; F\u00e4rgglada &#8211; F\u00f6r"}]},{"@type":"WebSite","@id":"https:\/\/truusk.store\/sv\/#website","url":"https:\/\/truusk.store\/sv\/","name":"TRUUSK - Hem, Tr\u00e4dg\u00e5rd & Fritid","description":"","publisher":{"@id":"https:\/\/truusk.store\/sv\/#organization"},"potentialAction":[{"@type":"SearchAction","target":{"@type":"EntryPoint","urlTemplate":"https:\/\/truusk.store\/sv\/?s={search_term_string}"},"query-input":{"@type":"PropertyValueSpecification","valueRequired":true,"valueName":"search_term_string"}}],"inLanguage":"sv-SE"},{"@type":"Organization","@id":"https:\/\/truusk.store\/sv\/#organization","name":"TRUUSK - Hem, Tr\u00e4dg\u00e5rd & Fritid","url":"https:\/\/truusk.store\/sv\/","logo":{"@type":"ImageObject","inLanguage":"sv-SE","@id":"https:\/\/truusk.store\/sv\/#\/schema\/logo\/image\/","url":"https:\/\/i0.wp.com\/truusk.store\/wp-content\/uploads\/2026\/03\/cropped-TRUUSK.png?fit=2032%2C917&ssl=1","contentUrl":"https:\/\/i0.wp.com\/truusk.store\/wp-content\/uploads\/2026\/03\/cropped-TRUUSK.png?fit=2032%2C917&ssl=1","width":2032,"height":917,"caption":"TRUUSK - Hem, Tr\u00e4dg\u00e5rd & Fritid"},"image":{"@id":"https:\/\/truusk.store\/sv\/#\/schema\/logo\/image\/"}}]}},"jetpack_sharing_enabled":true,"_links":{"self":[{"href":"https:\/\/truusk.store\/sv\/wp-json\/wp\/v2\/product\/63376","targetHints":{"allow":["GET"]}}],"collection":[{"href":"https:\/\/truusk.store\/sv\/wp-json\/wp\/v2\/product"}],"about":[{"href":"https:\/\/truusk.store\/sv\/wp-json\/wp\/v2\/types\/product"}],"wp:featuredmedia":[{"embeddable":true,"href":"https:\/\/truusk.store\/sv\/wp-json\/wp\/v2\/media\/63367"}],"wp:attachment":[{"href":"https:\/\/truusk.store\/sv\/wp-json\/wp\/v2\/media?parent=63376"}],"wp:term":[{"taxonomy":"product_brand","embeddable":true,"href":"https:\/\/truusk.store\/sv\/wp-json\/wp\/v2\/product_brand?post=63376"},{"taxonomy":"product_cat","embeddable":true,"href":"https:\/\/truusk.store\/sv\/wp-json\/wp\/v2\/product_cat?post=63376"},{"taxonomy":"product_tag","embeddable":true,"href":"https:\/\/truusk.store\/sv\/wp-json\/wp\/v2\/product_tag?post=63376"}],"curies":[{"name":"wp","href":"https:\/\/api.w.org\/{rel}","templated":true}]}}