{"id":63396,"date":"2025-06-05T07:40:47","date_gmt":"2025-06-05T06:40:47","guid":{"rendered":"https:\/\/truusk.store\/product\/aiyaplay-barns-elektriska-bil-12-v-med-24g-fjarrkontroll-usb-mp3-musik-elektriskt-fordon-med-ljus-mjukstart-backfunktion-3-5-km-h-for-barn-3-6-ar-vit\/"},"modified":"2026-03-12T09:43:26","modified_gmt":"2026-03-12T08:43:26","slug":"truusk-elektrisk-barnbil-12-v-med-fjarrkontroll-usb-mp3-ljus-mjukstart-backfunktion-3-5-km-h-for-barn-3-6-ar-vit","status":"publish","type":"product","link":"https:\/\/truusk.store\/sv\/produkt\/truusk-elektrisk-barnbil-12-v-med-fjarrkontroll-usb-mp3-ljus-mjukstart-backfunktion-3-5-km-h-for-barn-3-6-ar-vit\/","title":{"rendered":"TRUUSK Elektrisk Barnbil 12 V &#8211; Med Fj\u00e4rrkontroll &#8211; USB &#8211; MP3 &#8211; Ljus &#8211; Mjukstart &#8211; Backfunktion &#8211; 3-5 Km\/h &#8211; F\u00f6r Barn 3-6 \u00e5r &#8211; Vit"},"content":{"rendered":"<p>Uppfyll ditt barns dr\u00f6mmar med AIYAPLAY Mercedes-Benz AMG GTR barns elektriska bil f\u00f6r barn! Denna licensierade elektriska bil har mjuk start, lysande str\u00e5lkastare, tutar och musikfunktioner som garanterar o\u00e4ndligt med skoj. Som f\u00f6r\u00e4lder kan du styra hastighet och riktning med fj\u00e4rrkontrollen till barnbilen, f\u00f6r att m\u00f6jligg\u00f6ra s\u00e4kra och gl\u00e4djefyllda \u00e4ventyr p\u00e5 trottoaren &#8211; f\u00f6r of\u00f6rgl\u00f6mliga stunder av gl\u00e4dje och frihet.<\/p>\n<p>Beskrivning:<\/p>\n<ul>\n<li> Autentisk k\u00f6rupplevelse genom 12V Mercedes-Benz AMG GTR-licens<\/li>\n<li> Mjuk acceleration av barnbilen \u00f6kar s\u00e4kerheten f\u00f6r barn<\/li>\n<li> Utrustad med str\u00e5lkastare, bakljus, tut och musik<\/li>\n<li> Erbjuder fj\u00e4rrkontroll och manuell styrning<\/li>\n<li> Hastigheten p\u00e5 barnbilen kan justeras mellan 3 och 5 km\/h<\/li>\n<li> 50 minuters k\u00f6rning av elbilen p\u00e5 asfalt och kullersten<\/li>\n<li> S\u00e4kerhetsb\u00e4lte och batteriindikator ing\u00e5r<\/li>\n<li> Montering kr\u00e4vs<\/li>\n<\/ul>\n<p> Tekniska data:<\/p>\n<ul>\n<li> F\u00e4rg: Vit<\/li>\n<li> Material: Plast, metall<\/li>\n<li> Totala dimensioner: 108L x 67B x 46H cm<\/li>\n<li> Sitsstorlek: 32B x 19,5T cm<\/li>\n<li> Sitth\u00f6jd: 14 cm (fr\u00e5n golvet)<\/li>\n<li> Hjuldiameter: \u00d821 cm<\/li>\n<li> R\u00e4ckvidd f\u00f6r fj\u00e4rrkontroll: 25 m<\/li>\n<li> Hastighet: 3-5 km\/h<\/li>\n<li> Batteri: 12V 4,5AH<\/li>\n<li> Motor: 2 x 12V<\/li>\n<li> Laddningstid: 8-10 timmar (f\u00f6rsta g\u00e5ngen), 8-12 timmar (regelbundet)<\/li>\n<li> Drifttid: 50 min<\/li>\n<li> Storlek p\u00e5 nummerskylt: 14L x 2,5B cm<\/li>\n<li> B\u00e4rkapacitet: 25 kg<\/li>\n<li> L\u00e4mplig \u00e5lder: 3-6 \u00e5r<\/li>\n<li> Sittkapacitet: 1 f\u00f6rare<\/li>\n<li> Not 1: \u00d6vervaka alltid dina barn n\u00e4r de k\u00f6r<\/li>\n<li> Not 2: 2 x 1,5V AAA-batterier kr\u00e4vs f\u00f6r fj\u00e4rrkontrollen (ing\u00e5r ej)<\/li>\n<\/ul>\n<p>Leveransinneh\u00e5ll:<\/p>\n<ul>\n<li> 1 x Barns elektriska bil<\/li>\n<li> 1 x Fj\u00e4rrkontroll<\/li>\n<li> 1 x Instruktioner<\/li>\n<\/ul>\n","protected":false},"excerpt":{"rendered":"<p>Uppfyll ditt barns dr\u00f6mmar med AIYAPLAY Mercedes-Benz AMG GTR barns elektriska bil f\u00f6r barn! Denna licensierade elektriska bil har mjuk&#8230;<\/p>\n","protected":false},"featured_media":63387,"template":"","meta":[],"product_brand":[],"product_cat":[880,610,925],"product_tag":[],"class_list":{"0":"post-63396","1":"product","2":"type-product","3":"status-publish","4":"has-post-thumbnail","6":"product_cat-baby-barn-2","7":"product_cat-barnfordon","8":"product_cat-barns-elektriska-fordon","10":"first","11":"instock","12":"sale","13":"taxable","14":"shipping-taxable","15":"purchasable","16":"product-type-simple"},"yoast_head":"<!-- This site is optimized with the Yoast SEO plugin v25.4 - https:\/\/yoast.com\/wordpress\/plugins\/seo\/ -->\n<title>TRUUSK Elektrisk Barnbil 12 V - Med Fj\u00e4rrkontroll - USB - MP3 - Ljus - Mjukstart - Backfunktion - 3-5 Km\/h - F\u00f6r Barn 3-6 \u00e5r - Vit - TRUUSK - Hem, Tr\u00e4dg\u00e5rd &amp; Fritid<\/title>\n<meta name=\"robots\" content=\"index, follow, max-snippet:-1, max-image-preview:large, max-video-preview:-1\" \/>\n<link rel=\"canonical\" href=\"https:\/\/truusk.store\/sv\/produkt\/truusk-elektrisk-barnbil-12-v-med-fjarrkontroll-usb-mp3-ljus-mjukstart-backfunktion-3-5-km-h-for-barn-3-6-ar-vit\/\" \/>\n<meta property=\"og:locale\" content=\"sv_SE\" \/>\n<meta property=\"og:type\" content=\"article\" \/>\n<meta property=\"og:title\" content=\"TRUUSK Elektrisk Barnbil 12 V - Med Fj\u00e4rrkontroll - USB - MP3 - Ljus - Mjukstart - Backfunktion - 3-5 Km\/h - F\u00f6r Barn 3-6 \u00e5r - Vit - TRUUSK - Hem, Tr\u00e4dg\u00e5rd &amp; Fritid\" \/>\n<meta property=\"og:description\" content=\"Uppfyll ditt barns dr\u00f6mmar med AIYAPLAY Mercedes-Benz AMG GTR barns elektriska bil f\u00f6r barn! Denna licensierade elektriska bil har mjuk...\" \/>\n<meta property=\"og:url\" content=\"https:\/\/truusk.store\/sv\/produkt\/truusk-elektrisk-barnbil-12-v-med-fjarrkontroll-usb-mp3-ljus-mjukstart-backfunktion-3-5-km-h-for-barn-3-6-ar-vit\/\" \/>\n<meta property=\"og:site_name\" content=\"TRUUSK - Hem, Tr\u00e4dg\u00e5rd &amp; Fritid\" \/>\n<meta property=\"article:modified_time\" content=\"2026-03-12T08:43:26+00:00\" \/>\n<meta property=\"og:image\" content=\"https:\/\/i0.wp.com\/truusk.se\/wp-content\/uploads\/2025\/06\/aiyaplay-barns-elektriska-bil-12-v-med-24g-fjarrkontroll-usb-mp3-musik-elektriskt-fordon-med-ljus-mjukstart-backfunktion-3-5-km-h-for-barn-3-6-ar-vit-1.webp?fit=2000%2C2000&ssl=1\" \/>\n\t<meta property=\"og:image:width\" content=\"2000\" \/>\n\t<meta property=\"og:image:height\" content=\"2000\" \/>\n\t<meta property=\"og:image:type\" content=\"image\/webp\" \/>\n<meta name=\"twitter:card\" content=\"summary_large_image\" \/>\n<meta name=\"twitter:label1\" content=\"Ber\u00e4knad l\u00e4stid\" \/>\n\t<meta name=\"twitter:data1\" content=\"1 minut\" \/>\n<!-- \/ Yoast SEO plugin. -->","yoast_head_json":{"title":"TRUUSK Elektrisk Barnbil 12 V - Med Fj\u00e4rrkontroll - USB - MP3 - Ljus - Mjukstart - Backfunktion - 3-5 Km\/h - F\u00f6r Barn 3-6 \u00e5r - Vit - TRUUSK - Hem, Tr\u00e4dg\u00e5rd &amp; Fritid","robots":{"index":"index","follow":"follow","max-snippet":"max-snippet:-1","max-image-preview":"max-image-preview:large","max-video-preview":"max-video-preview:-1"},"canonical":"https:\/\/truusk.store\/sv\/produkt\/truusk-elektrisk-barnbil-12-v-med-fjarrkontroll-usb-mp3-ljus-mjukstart-backfunktion-3-5-km-h-for-barn-3-6-ar-vit\/","og_locale":"sv_SE","og_type":"article","og_title":"TRUUSK Elektrisk Barnbil 12 V - Med Fj\u00e4rrkontroll - USB - MP3 - Ljus - Mjukstart - Backfunktion - 3-5 Km\/h - F\u00f6r Barn 3-6 \u00e5r - Vit - TRUUSK - Hem, Tr\u00e4dg\u00e5rd &amp; Fritid","og_description":"Uppfyll ditt barns dr\u00f6mmar med AIYAPLAY Mercedes-Benz AMG GTR barns elektriska bil f\u00f6r barn! Denna licensierade elektriska bil har mjuk...","og_url":"https:\/\/truusk.store\/sv\/produkt\/truusk-elektrisk-barnbil-12-v-med-fjarrkontroll-usb-mp3-ljus-mjukstart-backfunktion-3-5-km-h-for-barn-3-6-ar-vit\/","og_site_name":"TRUUSK - Hem, Tr\u00e4dg\u00e5rd &amp; Fritid","article_modified_time":"2026-03-12T08:43:26+00:00","og_image":[{"width":2000,"height":2000,"url":"https:\/\/i0.wp.com\/truusk.se\/wp-content\/uploads\/2025\/06\/aiyaplay-barns-elektriska-bil-12-v-med-24g-fjarrkontroll-usb-mp3-musik-elektriskt-fordon-med-ljus-mjukstart-backfunktion-3-5-km-h-for-barn-3-6-ar-vit-1.webp?fit=2000%2C2000&ssl=1","type":"image\/webp"}],"twitter_card":"summary_large_image","twitter_misc":{"Ber\u00e4knad l\u00e4stid":"1 minut"},"schema":{"@context":"https:\/\/schema.org","@graph":[{"@type":"WebPage","@id":"https:\/\/truusk.store\/sv\/produkt\/truusk-elektrisk-barnbil-12-v-med-fjarrkontroll-usb-mp3-ljus-mjukstart-backfunktion-3-5-km-h-for-barn-3-6-ar-vit\/","url":"https:\/\/truusk.store\/sv\/produkt\/truusk-elektrisk-barnbil-12-v-med-fjarrkontroll-usb-mp3-ljus-mjukstart-backfunktion-3-5-km-h-for-barn-3-6-ar-vit\/","name":"TRUUSK Elektrisk Barnbil 12 V - Med Fj\u00e4rrkontroll - USB - MP3 - Ljus - Mjukstart - Backfunktion - 3-5 Km\/h - F\u00f6r Barn 3-6 \u00e5r - Vit - TRUUSK - Hem, Tr\u00e4dg\u00e5rd &amp; Fritid","isPartOf":{"@id":"https:\/\/truusk.store\/sv\/#website"},"primaryImageOfPage":{"@id":"https:\/\/truusk.store\/sv\/produkt\/truusk-elektrisk-barnbil-12-v-med-fjarrkontroll-usb-mp3-ljus-mjukstart-backfunktion-3-5-km-h-for-barn-3-6-ar-vit\/#primaryimage"},"image":{"@id":"https:\/\/truusk.store\/sv\/produkt\/truusk-elektrisk-barnbil-12-v-med-fjarrkontroll-usb-mp3-ljus-mjukstart-backfunktion-3-5-km-h-for-barn-3-6-ar-vit\/#primaryimage"},"thumbnailUrl":"https:\/\/i0.wp.com\/truusk.store\/wp-content\/uploads\/2025\/06\/aiyaplay-barns-elektriska-bil-12-v-med-24g-fjarrkontroll-usb-mp3-musik-elektriskt-fordon-med-ljus-mjukstart-backfunktion-3-5-km-h-for-barn-3-6-ar-vit-1.webp?fit=2000%2C2000&ssl=1","datePublished":"2025-06-05T06:40:47+00:00","dateModified":"2026-03-12T08:43:26+00:00","breadcrumb":{"@id":"https:\/\/truusk.store\/sv\/produkt\/truusk-elektrisk-barnbil-12-v-med-fjarrkontroll-usb-mp3-ljus-mjukstart-backfunktion-3-5-km-h-for-barn-3-6-ar-vit\/#breadcrumb"},"inLanguage":"sv-SE","potentialAction":[{"@type":"ReadAction","target":["https:\/\/truusk.store\/sv\/produkt\/truusk-elektrisk-barnbil-12-v-med-fjarrkontroll-usb-mp3-ljus-mjukstart-backfunktion-3-5-km-h-for-barn-3-6-ar-vit\/"]}]},{"@type":"ImageObject","inLanguage":"sv-SE","@id":"https:\/\/truusk.store\/sv\/produkt\/truusk-elektrisk-barnbil-12-v-med-fjarrkontroll-usb-mp3-ljus-mjukstart-backfunktion-3-5-km-h-for-barn-3-6-ar-vit\/#primaryimage","url":"https:\/\/i0.wp.com\/truusk.store\/wp-content\/uploads\/2025\/06\/aiyaplay-barns-elektriska-bil-12-v-med-24g-fjarrkontroll-usb-mp3-musik-elektriskt-fordon-med-ljus-mjukstart-backfunktion-3-5-km-h-for-barn-3-6-ar-vit-1.webp?fit=2000%2C2000&ssl=1","contentUrl":"https:\/\/i0.wp.com\/truusk.store\/wp-content\/uploads\/2025\/06\/aiyaplay-barns-elektriska-bil-12-v-med-24g-fjarrkontroll-usb-mp3-musik-elektriskt-fordon-med-ljus-mjukstart-backfunktion-3-5-km-h-for-barn-3-6-ar-vit-1.webp?fit=2000%2C2000&ssl=1","width":2000,"height":2000},{"@type":"BreadcrumbList","@id":"https:\/\/truusk.store\/sv\/produkt\/truusk-elektrisk-barnbil-12-v-med-fjarrkontroll-usb-mp3-ljus-mjukstart-backfunktion-3-5-km-h-for-barn-3-6-ar-vit\/#breadcrumb","itemListElement":[{"@type":"ListItem","position":1,"name":"Home","item":"https:\/\/truusk.store\/sv\/"},{"@type":"ListItem","position":2,"name":"Shop","item":"https:\/\/truusk.store\/shop\/"},{"@type":"ListItem","position":3,"name":"TRUUSK Elektrisk Barnbil 12 V &#8211; Med Fj\u00e4rrkontroll &#8211; USB &#8211; MP3 &#8211; Ljus &#8211; Mjukstart &#8211; Backfunktion &#8211; 3-5 Km\/h &#8211; F\u00f6r Barn 3-6 \u00e5r &#8211; Vit"}]},{"@type":"WebSite","@id":"https:\/\/truusk.store\/sv\/#website","url":"https:\/\/truusk.store\/sv\/","name":"TRUUSK - Hem, Tr\u00e4dg\u00e5rd & Fritid","description":"","publisher":{"@id":"https:\/\/truusk.store\/sv\/#organization"},"potentialAction":[{"@type":"SearchAction","target":{"@type":"EntryPoint","urlTemplate":"https:\/\/truusk.store\/sv\/?s={search_term_string}"},"query-input":{"@type":"PropertyValueSpecification","valueRequired":true,"valueName":"search_term_string"}}],"inLanguage":"sv-SE"},{"@type":"Organization","@id":"https:\/\/truusk.store\/sv\/#organization","name":"TRUUSK - Hem, Tr\u00e4dg\u00e5rd & Fritid","url":"https:\/\/truusk.store\/sv\/","logo":{"@type":"ImageObject","inLanguage":"sv-SE","@id":"https:\/\/truusk.store\/sv\/#\/schema\/logo\/image\/","url":"https:\/\/i0.wp.com\/truusk.store\/wp-content\/uploads\/2026\/03\/cropped-TRUUSK.png?fit=2032%2C917&ssl=1","contentUrl":"https:\/\/i0.wp.com\/truusk.store\/wp-content\/uploads\/2026\/03\/cropped-TRUUSK.png?fit=2032%2C917&ssl=1","width":2032,"height":917,"caption":"TRUUSK - Hem, Tr\u00e4dg\u00e5rd & Fritid"},"image":{"@id":"https:\/\/truusk.store\/sv\/#\/schema\/logo\/image\/"}}]}},"jetpack_sharing_enabled":true,"_links":{"self":[{"href":"https:\/\/truusk.store\/sv\/wp-json\/wp\/v2\/product\/63396","targetHints":{"allow":["GET"]}}],"collection":[{"href":"https:\/\/truusk.store\/sv\/wp-json\/wp\/v2\/product"}],"about":[{"href":"https:\/\/truusk.store\/sv\/wp-json\/wp\/v2\/types\/product"}],"wp:featuredmedia":[{"embeddable":true,"href":"https:\/\/truusk.store\/sv\/wp-json\/wp\/v2\/media\/63387"}],"wp:attachment":[{"href":"https:\/\/truusk.store\/sv\/wp-json\/wp\/v2\/media?parent=63396"}],"wp:term":[{"taxonomy":"product_brand","embeddable":true,"href":"https:\/\/truusk.store\/sv\/wp-json\/wp\/v2\/product_brand?post=63396"},{"taxonomy":"product_cat","embeddable":true,"href":"https:\/\/truusk.store\/sv\/wp-json\/wp\/v2\/product_cat?post=63396"},{"taxonomy":"product_tag","embeddable":true,"href":"https:\/\/truusk.store\/sv\/wp-json\/wp\/v2\/product_tag?post=63396"}],"curies":[{"name":"wp","href":"https:\/\/api.w.org\/{rel}","templated":true}]}}