{"id":63456,"date":"2025-06-05T07:46:54","date_gmt":"2025-06-05T06:46:54","guid":{"rendered":"https:\/\/truusk.store\/product\/aiyaplay-barns-elektriska-bil-12-v-med-24g-fjarrkontroll-musik-tuta-fjadring-elektriskt-fordon-med-ljus-stodhjul-mjukstart-3-5-km-h-for-barn-3-5-ar-bla\/"},"modified":"2026-03-12T09:43:14","modified_gmt":"2026-03-12T08:43:14","slug":"truusk-elektrisk-bil-for-barn-12v-fjarrkontroll-musik-tuta-ljus-stodhjul-mjukstart-bla-3-5-ar","status":"publish","type":"product","link":"https:\/\/truusk.store\/sv\/produkt\/truusk-elektrisk-bil-for-barn-12v-fjarrkontroll-musik-tuta-ljus-stodhjul-mjukstart-bla-3-5-ar\/","title":{"rendered":"TRUUSK Elektrisk Bil f\u00f6r Barn 12V &#8211; Fj\u00e4rrkontroll &#8211; Musik &#8211; Tuta &#8211; Ljus &#8211; St\u00f6dhjul &#8211; Mjukstart &#8211; Bl\u00e5 &#8211; 3-5 \u00e5r"},"content":{"rendered":"<p>Ge ditt barn of\u00f6rgl\u00f6mliga \u00e4ventyr med AIYAPLAY 12V Maserati GT2, den licensierade barnens elektriska bil som ger o\u00e4ndlig k\u00f6rning. Med sin sportiga design och enkel hantering tack vare handtaget och de extra hjulen \u00e4r den idealisk f\u00f6r sm\u00e5 racerbilsf\u00f6rare. V\u00e4lj mellan fj\u00e4rrkontroll eller manuell k\u00f6rning och njut av sp\u00e4nnande \u00e5kturer p\u00e5 asfalt och betong. Denna barnbil lovar str\u00e5lande ansikten och speciella stunder.<\/p>\n<p>Beskrivning:<\/p>\n<ul>\n<li> 12V Maserati GT2, licensierad f\u00f6r autentisk racingkul<\/li>\n<li> Den coola designen p\u00e5 barnbilen lockar unga \u00e4ventyrare<\/li>\n<li> Handtag och sm\u00e5 hjul f\u00f6r enkel mobilitet<\/li>\n<li> Fj\u00e4rrkontroll och manuella k\u00f6roptioner f\u00f6r elbilen \u00f6kar flexibiliteten<\/li>\n<li> Fyra st\u00f6td\u00e4mpande hjul ger en mjuk \u00e5ktur<\/li>\n<li> Utrustad med str\u00e5lkastare, bakljus, horn och musik<\/li>\n<li> L\u00e4mplig f\u00f6r asfalt-, tegel- och cementytor<\/li>\n<li> Batteristatusindikator, s\u00e4kerhetsb\u00e4lte och mjuk start f\u00f6r \u00f6kad s\u00e4kerhet<\/li>\n<\/ul>\n<p>Tekniska data:<\/p>\n<ul>\n<li> F\u00e4rg: Bl\u00e5<\/li>\n<li> Material: Plast, Metall<\/li>\n<li> Totala dimensioner: 115L x 60B x 45H cm<\/li>\n<li> Sitsstorlek: 31,6B x 19,5T cm<\/li>\n<li> Sitth\u00f6jd: 26 cm (fr\u00e5n golvet)<\/li>\n<li>L11<\/li>\n<li> Hjuldiameter: \u03a620,5 cm<\/li>\n<li> R\u00e4ckvidd f\u00f6r fj\u00e4rrkontroll: 25 m<\/li>\n<li> Batteri: 12V 4,5AH<\/li>\n<li> Motor: 2 x 12V<\/li>\n<li> Laddningstid: 8-10 timmar<\/li>\n<li> Drifttid: 45 minuter<\/li>\n<li> Hastighet: 3-5 km\/h<\/li>\n<li> Belastningskapacitet: 25 kg<\/li>\n<li> L\u00e4mplig \u00e5lder: 37-95 m\u00e5nader<\/li>\n<li> Rekommenderad \u00e5lder: 37-60 m\u00e5nader<\/li>\n<li> Not 1: \u00d6vervaka alltid dina barn n\u00e4r de k\u00f6r<\/li>\n<li> Not 2: 2 x 1,5V AAA-batterier ing\u00e5r inte<\/li>\n<\/ul>\n<p>Leveransinneh\u00e5ll:<\/p>\n<ul>\n<li> 1 x Barns elektriska bil<\/li>\n<li> 1 x Instruktioner<\/li>\n<\/ul>\n","protected":false},"excerpt":{"rendered":"<p>Ge ditt barn of\u00f6rgl\u00f6mliga \u00e4ventyr med AIYAPLAY 12V Maserati GT2, den licensierade barnens elektriska bil som ger o\u00e4ndlig k\u00f6rning. Med&#8230;<\/p>\n","protected":false},"featured_media":63447,"template":"","meta":[],"product_brand":[],"product_cat":[880,610,925],"product_tag":[],"class_list":{"0":"post-63456","1":"product","2":"type-product","3":"status-publish","4":"has-post-thumbnail","6":"product_cat-baby-barn-2","7":"product_cat-barnfordon","8":"product_cat-barns-elektriska-fordon","10":"first","11":"instock","12":"sale","13":"taxable","14":"shipping-taxable","15":"purchasable","16":"product-type-simple"},"yoast_head":"<!-- This site is optimized with the Yoast SEO plugin v25.4 - https:\/\/yoast.com\/wordpress\/plugins\/seo\/ -->\n<title>TRUUSK Elektrisk Bil f\u00f6r Barn 12V - Fj\u00e4rrkontroll - Musik - Tuta - Ljus - St\u00f6dhjul - Mjukstart - Bl\u00e5 - 3-5 \u00e5r - TRUUSK - Hem, Tr\u00e4dg\u00e5rd &amp; Fritid<\/title>\n<meta name=\"robots\" content=\"index, follow, max-snippet:-1, max-image-preview:large, max-video-preview:-1\" \/>\n<link rel=\"canonical\" href=\"https:\/\/truusk.store\/sv\/produkt\/truusk-elektrisk-bil-for-barn-12v-fjarrkontroll-musik-tuta-ljus-stodhjul-mjukstart-bla-3-5-ar\/\" \/>\n<meta property=\"og:locale\" content=\"sv_SE\" \/>\n<meta property=\"og:type\" content=\"article\" \/>\n<meta property=\"og:title\" content=\"TRUUSK Elektrisk Bil f\u00f6r Barn 12V - Fj\u00e4rrkontroll - Musik - Tuta - Ljus - St\u00f6dhjul - Mjukstart - Bl\u00e5 - 3-5 \u00e5r - TRUUSK - Hem, Tr\u00e4dg\u00e5rd &amp; Fritid\" \/>\n<meta property=\"og:description\" content=\"Ge ditt barn of\u00f6rgl\u00f6mliga \u00e4ventyr med AIYAPLAY 12V Maserati GT2, den licensierade barnens elektriska bil som ger o\u00e4ndlig k\u00f6rning. Med...\" \/>\n<meta property=\"og:url\" content=\"https:\/\/truusk.store\/sv\/produkt\/truusk-elektrisk-bil-for-barn-12v-fjarrkontroll-musik-tuta-ljus-stodhjul-mjukstart-bla-3-5-ar\/\" \/>\n<meta property=\"og:site_name\" content=\"TRUUSK - Hem, Tr\u00e4dg\u00e5rd &amp; Fritid\" \/>\n<meta property=\"article:modified_time\" content=\"2026-03-12T08:43:14+00:00\" \/>\n<meta property=\"og:image\" content=\"https:\/\/i0.wp.com\/truusk.se\/wp-content\/uploads\/2025\/06\/aiyaplay-barns-elektriska-bil-12-v-med-24g-fjarrkontroll-musik-tuta-fjadring-elektriskt-fordon-med-ljus-stodhjul-mjukstart-3-5-km-h-for-barn-3-5-ar-bla-1.webp?fit=2000%2C2000&ssl=1\" \/>\n\t<meta property=\"og:image:width\" content=\"2000\" \/>\n\t<meta property=\"og:image:height\" content=\"2000\" \/>\n\t<meta property=\"og:image:type\" content=\"image\/webp\" \/>\n<meta name=\"twitter:card\" content=\"summary_large_image\" \/>\n<meta name=\"twitter:label1\" content=\"Ber\u00e4knad l\u00e4stid\" \/>\n\t<meta name=\"twitter:data1\" content=\"1 minut\" \/>\n<!-- \/ Yoast SEO plugin. -->","yoast_head_json":{"title":"TRUUSK Elektrisk Bil f\u00f6r Barn 12V - Fj\u00e4rrkontroll - Musik - Tuta - Ljus - St\u00f6dhjul - Mjukstart - Bl\u00e5 - 3-5 \u00e5r - TRUUSK - Hem, Tr\u00e4dg\u00e5rd &amp; Fritid","robots":{"index":"index","follow":"follow","max-snippet":"max-snippet:-1","max-image-preview":"max-image-preview:large","max-video-preview":"max-video-preview:-1"},"canonical":"https:\/\/truusk.store\/sv\/produkt\/truusk-elektrisk-bil-for-barn-12v-fjarrkontroll-musik-tuta-ljus-stodhjul-mjukstart-bla-3-5-ar\/","og_locale":"sv_SE","og_type":"article","og_title":"TRUUSK Elektrisk Bil f\u00f6r Barn 12V - Fj\u00e4rrkontroll - Musik - Tuta - Ljus - St\u00f6dhjul - Mjukstart - Bl\u00e5 - 3-5 \u00e5r - TRUUSK - Hem, Tr\u00e4dg\u00e5rd &amp; Fritid","og_description":"Ge ditt barn of\u00f6rgl\u00f6mliga \u00e4ventyr med AIYAPLAY 12V Maserati GT2, den licensierade barnens elektriska bil som ger o\u00e4ndlig k\u00f6rning. Med...","og_url":"https:\/\/truusk.store\/sv\/produkt\/truusk-elektrisk-bil-for-barn-12v-fjarrkontroll-musik-tuta-ljus-stodhjul-mjukstart-bla-3-5-ar\/","og_site_name":"TRUUSK - Hem, Tr\u00e4dg\u00e5rd &amp; Fritid","article_modified_time":"2026-03-12T08:43:14+00:00","og_image":[{"width":2000,"height":2000,"url":"https:\/\/i0.wp.com\/truusk.se\/wp-content\/uploads\/2025\/06\/aiyaplay-barns-elektriska-bil-12-v-med-24g-fjarrkontroll-musik-tuta-fjadring-elektriskt-fordon-med-ljus-stodhjul-mjukstart-3-5-km-h-for-barn-3-5-ar-bla-1.webp?fit=2000%2C2000&ssl=1","type":"image\/webp"}],"twitter_card":"summary_large_image","twitter_misc":{"Ber\u00e4knad l\u00e4stid":"1 minut"},"schema":{"@context":"https:\/\/schema.org","@graph":[{"@type":"WebPage","@id":"https:\/\/truusk.store\/sv\/produkt\/truusk-elektrisk-bil-for-barn-12v-fjarrkontroll-musik-tuta-ljus-stodhjul-mjukstart-bla-3-5-ar\/","url":"https:\/\/truusk.store\/sv\/produkt\/truusk-elektrisk-bil-for-barn-12v-fjarrkontroll-musik-tuta-ljus-stodhjul-mjukstart-bla-3-5-ar\/","name":"TRUUSK Elektrisk Bil f\u00f6r Barn 12V - Fj\u00e4rrkontroll - Musik - Tuta - Ljus - St\u00f6dhjul - Mjukstart - Bl\u00e5 - 3-5 \u00e5r - TRUUSK - Hem, Tr\u00e4dg\u00e5rd &amp; Fritid","isPartOf":{"@id":"https:\/\/truusk.store\/sv\/#website"},"primaryImageOfPage":{"@id":"https:\/\/truusk.store\/sv\/produkt\/truusk-elektrisk-bil-for-barn-12v-fjarrkontroll-musik-tuta-ljus-stodhjul-mjukstart-bla-3-5-ar\/#primaryimage"},"image":{"@id":"https:\/\/truusk.store\/sv\/produkt\/truusk-elektrisk-bil-for-barn-12v-fjarrkontroll-musik-tuta-ljus-stodhjul-mjukstart-bla-3-5-ar\/#primaryimage"},"thumbnailUrl":"https:\/\/i0.wp.com\/truusk.store\/wp-content\/uploads\/2025\/06\/aiyaplay-barns-elektriska-bil-12-v-med-24g-fjarrkontroll-musik-tuta-fjadring-elektriskt-fordon-med-ljus-stodhjul-mjukstart-3-5-km-h-for-barn-3-5-ar-bla-1.webp?fit=2000%2C2000&ssl=1","datePublished":"2025-06-05T06:46:54+00:00","dateModified":"2026-03-12T08:43:14+00:00","breadcrumb":{"@id":"https:\/\/truusk.store\/sv\/produkt\/truusk-elektrisk-bil-for-barn-12v-fjarrkontroll-musik-tuta-ljus-stodhjul-mjukstart-bla-3-5-ar\/#breadcrumb"},"inLanguage":"sv-SE","potentialAction":[{"@type":"ReadAction","target":["https:\/\/truusk.store\/sv\/produkt\/truusk-elektrisk-bil-for-barn-12v-fjarrkontroll-musik-tuta-ljus-stodhjul-mjukstart-bla-3-5-ar\/"]}]},{"@type":"ImageObject","inLanguage":"sv-SE","@id":"https:\/\/truusk.store\/sv\/produkt\/truusk-elektrisk-bil-for-barn-12v-fjarrkontroll-musik-tuta-ljus-stodhjul-mjukstart-bla-3-5-ar\/#primaryimage","url":"https:\/\/i0.wp.com\/truusk.store\/wp-content\/uploads\/2025\/06\/aiyaplay-barns-elektriska-bil-12-v-med-24g-fjarrkontroll-musik-tuta-fjadring-elektriskt-fordon-med-ljus-stodhjul-mjukstart-3-5-km-h-for-barn-3-5-ar-bla-1.webp?fit=2000%2C2000&ssl=1","contentUrl":"https:\/\/i0.wp.com\/truusk.store\/wp-content\/uploads\/2025\/06\/aiyaplay-barns-elektriska-bil-12-v-med-24g-fjarrkontroll-musik-tuta-fjadring-elektriskt-fordon-med-ljus-stodhjul-mjukstart-3-5-km-h-for-barn-3-5-ar-bla-1.webp?fit=2000%2C2000&ssl=1","width":2000,"height":2000},{"@type":"BreadcrumbList","@id":"https:\/\/truusk.store\/sv\/produkt\/truusk-elektrisk-bil-for-barn-12v-fjarrkontroll-musik-tuta-ljus-stodhjul-mjukstart-bla-3-5-ar\/#breadcrumb","itemListElement":[{"@type":"ListItem","position":1,"name":"Home","item":"https:\/\/truusk.store\/sv\/"},{"@type":"ListItem","position":2,"name":"Shop","item":"https:\/\/truusk.store\/shop\/"},{"@type":"ListItem","position":3,"name":"TRUUSK Elektrisk Bil f\u00f6r Barn 12V &#8211; Fj\u00e4rrkontroll &#8211; Musik &#8211; Tuta &#8211; Ljus &#8211; St\u00f6dhjul &#8211; Mjukstart &#8211; Bl\u00e5 &#8211; 3-5 \u00e5r"}]},{"@type":"WebSite","@id":"https:\/\/truusk.store\/sv\/#website","url":"https:\/\/truusk.store\/sv\/","name":"TRUUSK - Hem, Tr\u00e4dg\u00e5rd & Fritid","description":"","publisher":{"@id":"https:\/\/truusk.store\/sv\/#organization"},"potentialAction":[{"@type":"SearchAction","target":{"@type":"EntryPoint","urlTemplate":"https:\/\/truusk.store\/sv\/?s={search_term_string}"},"query-input":{"@type":"PropertyValueSpecification","valueRequired":true,"valueName":"search_term_string"}}],"inLanguage":"sv-SE"},{"@type":"Organization","@id":"https:\/\/truusk.store\/sv\/#organization","name":"TRUUSK - Hem, Tr\u00e4dg\u00e5rd & Fritid","url":"https:\/\/truusk.store\/sv\/","logo":{"@type":"ImageObject","inLanguage":"sv-SE","@id":"https:\/\/truusk.store\/sv\/#\/schema\/logo\/image\/","url":"https:\/\/i0.wp.com\/truusk.store\/wp-content\/uploads\/2026\/03\/cropped-TRUUSK.png?fit=2032%2C917&ssl=1","contentUrl":"https:\/\/i0.wp.com\/truusk.store\/wp-content\/uploads\/2026\/03\/cropped-TRUUSK.png?fit=2032%2C917&ssl=1","width":2032,"height":917,"caption":"TRUUSK - Hem, Tr\u00e4dg\u00e5rd & Fritid"},"image":{"@id":"https:\/\/truusk.store\/sv\/#\/schema\/logo\/image\/"}}]}},"jetpack_sharing_enabled":true,"_links":{"self":[{"href":"https:\/\/truusk.store\/sv\/wp-json\/wp\/v2\/product\/63456","targetHints":{"allow":["GET"]}}],"collection":[{"href":"https:\/\/truusk.store\/sv\/wp-json\/wp\/v2\/product"}],"about":[{"href":"https:\/\/truusk.store\/sv\/wp-json\/wp\/v2\/types\/product"}],"wp:featuredmedia":[{"embeddable":true,"href":"https:\/\/truusk.store\/sv\/wp-json\/wp\/v2\/media\/63447"}],"wp:attachment":[{"href":"https:\/\/truusk.store\/sv\/wp-json\/wp\/v2\/media?parent=63456"}],"wp:term":[{"taxonomy":"product_brand","embeddable":true,"href":"https:\/\/truusk.store\/sv\/wp-json\/wp\/v2\/product_brand?post=63456"},{"taxonomy":"product_cat","embeddable":true,"href":"https:\/\/truusk.store\/sv\/wp-json\/wp\/v2\/product_cat?post=63456"},{"taxonomy":"product_tag","embeddable":true,"href":"https:\/\/truusk.store\/sv\/wp-json\/wp\/v2\/product_tag?post=63456"}],"curies":[{"name":"wp","href":"https:\/\/api.w.org\/{rel}","templated":true}]}}