{"id":63466,"date":"2025-06-05T07:47:45","date_gmt":"2025-06-05T06:47:45","guid":{"rendered":"https:\/\/truusk.store\/product\/sportnow-boxsack-boxningsstallning-med-slagboll-reflexstang-163-205-m-justerbar-hojd-pa-staende-boxboll-med-padda-staende-boxningstranare-for-boxning-hdpe-konstlader\/"},"modified":"2026-03-12T09:16:30","modified_gmt":"2026-03-12T08:16:30","slug":"truusk-boxsack-och-boxningsstallning-justerbar-hojd-slagboll-med-reflexstang-staende-boxningstranare-for-boxning-hdpe","status":"publish","type":"product","link":"https:\/\/truusk.store\/sv\/produkt\/truusk-boxsack-och-boxningsstallning-justerbar-hojd-slagboll-med-reflexstang-staende-boxningstranare-for-boxning-hdpe\/","title":{"rendered":"TRUUSK Boxs\u00e4ck och Boxningsst\u00e4llning &#8211; Justerbar h\u00f6jd &#8211; Slagboll med reflexst\u00e5ng &#8211; St\u00e5ende boxningstr\u00e4nare &#8211; F\u00f6r boxning &#8211; HDPE &#8211;"},"content":{"rendered":"<p>Den h\u00e4r boxningsst\u00e4llningen fr\u00e5n SPORTNOW \u00e4r en m\u00e5ngsidig tr\u00e4ningsutrustning som hj\u00e4lper dig att f\u00f6rb\u00e4ttra din styrka, hastighet, precision, koordination och uth\u00e5llighet. Den h\u00f6jdjusterbara speedbollen \u00e4r extremt h\u00e5llbar och slitstark tack vare sin h\u00f6gkvalitativa konstl\u00e4der yta, som ocks\u00e5 \u00e4r mycket l\u00e4tt att sk\u00f6ta. Med denna boxningsst\u00e4llning fr\u00e5n SPORTNOW kan du ta dina boxnings- eller MMA-f\u00e4rdigheter till en ny niv\u00e5, oavsett om du \u00e4r en entusiastisk nyb\u00f6rjare eller proffs!<\/p>\n<p>Beskrivning:<\/p>\n<ul>\n<li> H\u00f6jdjusterbar, anpassningsbar till olika anv\u00e4ndartyper<\/li>\n<li> 360-graders roterande, flexibel reflexst\u00e5ng f\u00f6r reaktionstr\u00e4ning<\/li>\n<li> Speedball f\u00f6r att f\u00f6rb\u00e4ttra slagets hastighet och koordination<\/li>\n<li> 12 starka sugkoppar ser till att st\u00e4llningen alltid st\u00e5r stadigt<\/li>\n<li> Inkl. boxningsbandage f\u00f6r att skydda dina h\u00e4nder och handleder<\/li>\n<li> Montering kr\u00e4vs<\/li>\n<\/ul>\n<p>Tekniska data:<\/p>\n<ul>\n<li> F\u00e4rg: Svart<\/li>\n<li> Material: St\u00e5l, HDPE, konstl\u00e4der<\/li>\n<li> Totala dimensioner: 80,5L x 48B x 163-205H cm<\/li>\n<li> M\u00e5tt Speedball: \u00d815 x 17L cm<\/li>\n<li> M\u00e5tt Reflexst\u00e5ng: \u00d86 x 45L cm<\/li>\n<li> M\u00e5tt Pratze: \u00d818 x 7T cm<\/li>\n<li> Lastkapacitet f\u00f6r st\u00e5foten: 30 kg (vatten) \/35 kg (sand) \/40 kg (sand-vatten-blandning)<\/li>\n<\/ul>\n<p>Leveransinneh\u00e5ll:<\/p>\n<ul>\n<li> 1 x Boxningsst\u00e4llning<\/li>\n<li> 1 x Luftpump<\/li>\n<li> Boxningsbandage<\/li>\n<li> 1 x Instruktion<\/li>\n<\/ul>\n","protected":false},"excerpt":{"rendered":"<p>Den h\u00e4r boxningsst\u00e4llningen fr\u00e5n SPORTNOW \u00e4r en m\u00e5ngsidig tr\u00e4ningsutrustning som hj\u00e4lper dig att f\u00f6rb\u00e4ttra din styrka, hastighet, precision, koordination och&#8230;<\/p>\n","protected":false},"featured_media":63457,"template":"","meta":[],"product_brand":[],"product_cat":[667,873,647],"product_tag":[],"class_list":{"0":"post-63466","1":"product","2":"type-product","3":"status-publish","4":"has-post-thumbnail","6":"product_cat-boxningssack","7":"product_cat-fitness-styrketraning","8":"product_cat-sport-fritid","10":"first","11":"instock","12":"sale","13":"taxable","14":"shipping-taxable","15":"purchasable","16":"product-type-simple"},"yoast_head":"<!-- This site is optimized with the Yoast SEO plugin v25.4 - https:\/\/yoast.com\/wordpress\/plugins\/seo\/ -->\n<title>TRUUSK Boxs\u00e4ck och Boxningsst\u00e4llning - Justerbar h\u00f6jd - Slagboll med reflexst\u00e5ng - St\u00e5ende boxningstr\u00e4nare - F\u00f6r boxning - HDPE - TRUUSK - Hem, Tr\u00e4dg\u00e5rd &amp; Fritid<\/title>\n<meta name=\"robots\" content=\"index, follow, max-snippet:-1, max-image-preview:large, max-video-preview:-1\" \/>\n<link rel=\"canonical\" href=\"https:\/\/truusk.store\/sv\/produkt\/truusk-boxsack-och-boxningsstallning-justerbar-hojd-slagboll-med-reflexstang-staende-boxningstranare-for-boxning-hdpe\/\" \/>\n<meta property=\"og:locale\" content=\"sv_SE\" \/>\n<meta property=\"og:type\" content=\"article\" \/>\n<meta property=\"og:title\" content=\"TRUUSK Boxs\u00e4ck och Boxningsst\u00e4llning - Justerbar h\u00f6jd - Slagboll med reflexst\u00e5ng - St\u00e5ende boxningstr\u00e4nare - F\u00f6r boxning - HDPE - TRUUSK - Hem, Tr\u00e4dg\u00e5rd &amp; Fritid\" \/>\n<meta property=\"og:description\" content=\"Den h\u00e4r boxningsst\u00e4llningen fr\u00e5n SPORTNOW \u00e4r en m\u00e5ngsidig tr\u00e4ningsutrustning som hj\u00e4lper dig att f\u00f6rb\u00e4ttra din styrka, hastighet, precision, koordination och...\" \/>\n<meta property=\"og:url\" content=\"https:\/\/truusk.store\/sv\/produkt\/truusk-boxsack-och-boxningsstallning-justerbar-hojd-slagboll-med-reflexstang-staende-boxningstranare-for-boxning-hdpe\/\" \/>\n<meta property=\"og:site_name\" content=\"TRUUSK - Hem, Tr\u00e4dg\u00e5rd &amp; Fritid\" \/>\n<meta property=\"article:modified_time\" content=\"2026-03-12T08:16:30+00:00\" \/>\n<meta property=\"og:image\" content=\"https:\/\/i0.wp.com\/truusk.se\/wp-content\/uploads\/2025\/06\/sportnow-boxsack-boxningsstallning-med-slagboll-reflexstang-163-205-m-justerbar-hojd-pa-staende-boxboll-med-padda-staende-boxningstranare-for-boxning-hdpe-konstlader-1.webp?fit=2000%2C2000&ssl=1\" \/>\n\t<meta property=\"og:image:width\" content=\"2000\" \/>\n\t<meta property=\"og:image:height\" content=\"2000\" \/>\n\t<meta property=\"og:image:type\" content=\"image\/webp\" \/>\n<meta name=\"twitter:card\" content=\"summary_large_image\" \/>\n<meta name=\"twitter:label1\" content=\"Ber\u00e4knad l\u00e4stid\" \/>\n\t<meta name=\"twitter:data1\" content=\"1 minut\" \/>\n<!-- \/ Yoast SEO plugin. -->","yoast_head_json":{"title":"TRUUSK Boxs\u00e4ck och Boxningsst\u00e4llning - Justerbar h\u00f6jd - Slagboll med reflexst\u00e5ng - St\u00e5ende boxningstr\u00e4nare - F\u00f6r boxning - HDPE - TRUUSK - Hem, Tr\u00e4dg\u00e5rd &amp; Fritid","robots":{"index":"index","follow":"follow","max-snippet":"max-snippet:-1","max-image-preview":"max-image-preview:large","max-video-preview":"max-video-preview:-1"},"canonical":"https:\/\/truusk.store\/sv\/produkt\/truusk-boxsack-och-boxningsstallning-justerbar-hojd-slagboll-med-reflexstang-staende-boxningstranare-for-boxning-hdpe\/","og_locale":"sv_SE","og_type":"article","og_title":"TRUUSK Boxs\u00e4ck och Boxningsst\u00e4llning - Justerbar h\u00f6jd - Slagboll med reflexst\u00e5ng - St\u00e5ende boxningstr\u00e4nare - F\u00f6r boxning - HDPE - TRUUSK - Hem, Tr\u00e4dg\u00e5rd &amp; Fritid","og_description":"Den h\u00e4r boxningsst\u00e4llningen fr\u00e5n SPORTNOW \u00e4r en m\u00e5ngsidig tr\u00e4ningsutrustning som hj\u00e4lper dig att f\u00f6rb\u00e4ttra din styrka, hastighet, precision, koordination och...","og_url":"https:\/\/truusk.store\/sv\/produkt\/truusk-boxsack-och-boxningsstallning-justerbar-hojd-slagboll-med-reflexstang-staende-boxningstranare-for-boxning-hdpe\/","og_site_name":"TRUUSK - Hem, Tr\u00e4dg\u00e5rd &amp; Fritid","article_modified_time":"2026-03-12T08:16:30+00:00","og_image":[{"width":2000,"height":2000,"url":"https:\/\/i0.wp.com\/truusk.se\/wp-content\/uploads\/2025\/06\/sportnow-boxsack-boxningsstallning-med-slagboll-reflexstang-163-205-m-justerbar-hojd-pa-staende-boxboll-med-padda-staende-boxningstranare-for-boxning-hdpe-konstlader-1.webp?fit=2000%2C2000&ssl=1","type":"image\/webp"}],"twitter_card":"summary_large_image","twitter_misc":{"Ber\u00e4knad l\u00e4stid":"1 minut"},"schema":{"@context":"https:\/\/schema.org","@graph":[{"@type":"WebPage","@id":"https:\/\/truusk.store\/sv\/produkt\/truusk-boxsack-och-boxningsstallning-justerbar-hojd-slagboll-med-reflexstang-staende-boxningstranare-for-boxning-hdpe\/","url":"https:\/\/truusk.store\/sv\/produkt\/truusk-boxsack-och-boxningsstallning-justerbar-hojd-slagboll-med-reflexstang-staende-boxningstranare-for-boxning-hdpe\/","name":"TRUUSK Boxs\u00e4ck och Boxningsst\u00e4llning - Justerbar h\u00f6jd - Slagboll med reflexst\u00e5ng - St\u00e5ende boxningstr\u00e4nare - F\u00f6r boxning - HDPE - TRUUSK - Hem, Tr\u00e4dg\u00e5rd &amp; Fritid","isPartOf":{"@id":"https:\/\/truusk.store\/sv\/#website"},"primaryImageOfPage":{"@id":"https:\/\/truusk.store\/sv\/produkt\/truusk-boxsack-och-boxningsstallning-justerbar-hojd-slagboll-med-reflexstang-staende-boxningstranare-for-boxning-hdpe\/#primaryimage"},"image":{"@id":"https:\/\/truusk.store\/sv\/produkt\/truusk-boxsack-och-boxningsstallning-justerbar-hojd-slagboll-med-reflexstang-staende-boxningstranare-for-boxning-hdpe\/#primaryimage"},"thumbnailUrl":"https:\/\/i0.wp.com\/truusk.store\/wp-content\/uploads\/2025\/06\/sportnow-boxsack-boxningsstallning-med-slagboll-reflexstang-163-205-m-justerbar-hojd-pa-staende-boxboll-med-padda-staende-boxningstranare-for-boxning-hdpe-konstlader-1.webp?fit=2000%2C2000&ssl=1","datePublished":"2025-06-05T06:47:45+00:00","dateModified":"2026-03-12T08:16:30+00:00","breadcrumb":{"@id":"https:\/\/truusk.store\/sv\/produkt\/truusk-boxsack-och-boxningsstallning-justerbar-hojd-slagboll-med-reflexstang-staende-boxningstranare-for-boxning-hdpe\/#breadcrumb"},"inLanguage":"sv-SE","potentialAction":[{"@type":"ReadAction","target":["https:\/\/truusk.store\/sv\/produkt\/truusk-boxsack-och-boxningsstallning-justerbar-hojd-slagboll-med-reflexstang-staende-boxningstranare-for-boxning-hdpe\/"]}]},{"@type":"ImageObject","inLanguage":"sv-SE","@id":"https:\/\/truusk.store\/sv\/produkt\/truusk-boxsack-och-boxningsstallning-justerbar-hojd-slagboll-med-reflexstang-staende-boxningstranare-for-boxning-hdpe\/#primaryimage","url":"https:\/\/i0.wp.com\/truusk.store\/wp-content\/uploads\/2025\/06\/sportnow-boxsack-boxningsstallning-med-slagboll-reflexstang-163-205-m-justerbar-hojd-pa-staende-boxboll-med-padda-staende-boxningstranare-for-boxning-hdpe-konstlader-1.webp?fit=2000%2C2000&ssl=1","contentUrl":"https:\/\/i0.wp.com\/truusk.store\/wp-content\/uploads\/2025\/06\/sportnow-boxsack-boxningsstallning-med-slagboll-reflexstang-163-205-m-justerbar-hojd-pa-staende-boxboll-med-padda-staende-boxningstranare-for-boxning-hdpe-konstlader-1.webp?fit=2000%2C2000&ssl=1","width":2000,"height":2000},{"@type":"BreadcrumbList","@id":"https:\/\/truusk.store\/sv\/produkt\/truusk-boxsack-och-boxningsstallning-justerbar-hojd-slagboll-med-reflexstang-staende-boxningstranare-for-boxning-hdpe\/#breadcrumb","itemListElement":[{"@type":"ListItem","position":1,"name":"Home","item":"https:\/\/truusk.store\/sv\/"},{"@type":"ListItem","position":2,"name":"Shop","item":"https:\/\/truusk.store\/shop\/"},{"@type":"ListItem","position":3,"name":"TRUUSK Boxs\u00e4ck och Boxningsst\u00e4llning &#8211; Justerbar h\u00f6jd &#8211; Slagboll med reflexst\u00e5ng &#8211; St\u00e5ende boxningstr\u00e4nare &#8211; F\u00f6r boxning &#8211; HDPE &#8211;"}]},{"@type":"WebSite","@id":"https:\/\/truusk.store\/sv\/#website","url":"https:\/\/truusk.store\/sv\/","name":"TRUUSK - Hem, Tr\u00e4dg\u00e5rd & Fritid","description":"","publisher":{"@id":"https:\/\/truusk.store\/sv\/#organization"},"potentialAction":[{"@type":"SearchAction","target":{"@type":"EntryPoint","urlTemplate":"https:\/\/truusk.store\/sv\/?s={search_term_string}"},"query-input":{"@type":"PropertyValueSpecification","valueRequired":true,"valueName":"search_term_string"}}],"inLanguage":"sv-SE"},{"@type":"Organization","@id":"https:\/\/truusk.store\/sv\/#organization","name":"TRUUSK - Hem, Tr\u00e4dg\u00e5rd & Fritid","url":"https:\/\/truusk.store\/sv\/","logo":{"@type":"ImageObject","inLanguage":"sv-SE","@id":"https:\/\/truusk.store\/sv\/#\/schema\/logo\/image\/","url":"https:\/\/i0.wp.com\/truusk.store\/wp-content\/uploads\/2026\/03\/cropped-TRUUSK.png?fit=2032%2C917&ssl=1","contentUrl":"https:\/\/i0.wp.com\/truusk.store\/wp-content\/uploads\/2026\/03\/cropped-TRUUSK.png?fit=2032%2C917&ssl=1","width":2032,"height":917,"caption":"TRUUSK - Hem, Tr\u00e4dg\u00e5rd & Fritid"},"image":{"@id":"https:\/\/truusk.store\/sv\/#\/schema\/logo\/image\/"}}]}},"jetpack_sharing_enabled":true,"_links":{"self":[{"href":"https:\/\/truusk.store\/sv\/wp-json\/wp\/v2\/product\/63466","targetHints":{"allow":["GET"]}}],"collection":[{"href":"https:\/\/truusk.store\/sv\/wp-json\/wp\/v2\/product"}],"about":[{"href":"https:\/\/truusk.store\/sv\/wp-json\/wp\/v2\/types\/product"}],"wp:featuredmedia":[{"embeddable":true,"href":"https:\/\/truusk.store\/sv\/wp-json\/wp\/v2\/media\/63457"}],"wp:attachment":[{"href":"https:\/\/truusk.store\/sv\/wp-json\/wp\/v2\/media?parent=63466"}],"wp:term":[{"taxonomy":"product_brand","embeddable":true,"href":"https:\/\/truusk.store\/sv\/wp-json\/wp\/v2\/product_brand?post=63466"},{"taxonomy":"product_cat","embeddable":true,"href":"https:\/\/truusk.store\/sv\/wp-json\/wp\/v2\/product_cat?post=63466"},{"taxonomy":"product_tag","embeddable":true,"href":"https:\/\/truusk.store\/sv\/wp-json\/wp\/v2\/product_tag?post=63466"}],"curies":[{"name":"wp","href":"https:\/\/api.w.org\/{rel}","templated":true}]}}