{"id":63526,"date":"2025-06-05T07:53:44","date_gmt":"2025-06-05T06:53:44","guid":{"rendered":"https:\/\/truusk.store\/product\/aiyaplay-glidbil-glidfordon-med-musik-barnfordon-barnbil-med-bubblor-for-barn-2-5-ar-upp-till-30-kg-belastning-kramvit-80-x-355-x-42-cm\/"},"modified":"2026-03-12T09:43:22","modified_gmt":"2026-03-12T08:43:22","slug":"truusk-barnbil-med-musik-och-bubblor-for-barn-2-5-ar-upp-till-30-kg-kramvit-80-x-355-x-42-cm","status":"publish","type":"product","link":"https:\/\/truusk.store\/sv\/produkt\/truusk-barnbil-med-musik-och-bubblor-for-barn-2-5-ar-upp-till-30-kg-kramvit-80-x-355-x-42-cm\/","title":{"rendered":"TRUUSK Barnbil med Musik och Bubblor &#8211; F\u00f6r Barn 2-5 \u00e5r &#8211; Upp Till 30 kg &#8211; Kr\u00e4mvit &#8211; 80 x 35,5 x 42 cm"},"content":{"rendered":"<p>Ett idealiskt present till dina barn fr\u00e5n 2 till 5 \u00e5r. Tack vare golvkonstruktionen p\u00e5 glidbilen l\u00e4r sig barnen att g\u00e5 sj\u00e4lvst\u00e4ndigt. V\u00e5r AIYAPLAY sm\u00e5barnsfordon i s\u00f6ta motorcykeldesign skapar bubblor och spelar musik f\u00f6r att f\u00e5nga dina sm\u00e5s uppm\u00e4rksamhet. Sm\u00e5barnsbilen med handtag \u00e4r enkel att anv\u00e4nda. Njut av v\u00e4rdefulla stunder med ditt barn med denna babyglidbil.<\/p>\n<p>Beskrivning:<\/p>\n<ul>\n<li> Bubblor flyger med musik f\u00f6r att underh\u00e5lla och gl\u00e4dja barn<\/li>\n<li> Designen av barnfordonet fr\u00e5n fot till golv fr\u00e4mjar g\u00e5ngf\u00f6rm\u00e5gan och balansen<\/li>\n<li> Den s\u00f6ta motorcykeldesignen p\u00e5 glidbilen fascinerar unga sinnen<\/li>\n<li> Konstruerad av plast och metall f\u00f6r h\u00e5llbarhet<\/li>\n<li> L\u00e4mplig f\u00f6r barn i \u00e5ldern 2-5 \u00e5r<\/li>\n<li> Montering kr\u00e4vs<\/li>\n<\/ul>\n<p>Specifikationer:<\/p>\n<ul>\n<li> F\u00e4rg: Kr\u00e4mvit+Ljusgr\u00f6n+Svart<\/li>\n<li> Material: Plast, Metall<\/li>\n<li> Totala dimensioner: 80L x 35,5B x 42H cm<\/li>\n<li> Sitsstorlek: (smalaste punkten) 23B x 12T cm<\/li>\n<li> Sitth\u00f6jd: (fr\u00e5n golvet) 25 cm<\/li>\n<li> Hjul: \u00d820 cm<\/li>\n<li> Maximal belastning: 30 kg<\/li>\n<li> Rekommenderad \u00e5lder: 2-5 \u00e5r<\/li>\n<li> Obs: Kr\u00e4ver 2 AAA-batterier (ing\u00e5r ej)<\/li>\n<\/ul>\n<p>Leveransinneh\u00e5ll:<\/p>\n<ul>\n<li> 1 x Barn-glidbil<\/li>\n<li> 1 x Bruksanvisning<\/li>\n<\/ul>\n","protected":false},"excerpt":{"rendered":"<p>Ett idealiskt present till dina barn fr\u00e5n 2 till 5 \u00e5r. Tack vare golvkonstruktionen p\u00e5 glidbilen l\u00e4r sig barnen att&#8230;<\/p>\n","protected":false},"featured_media":63517,"template":"","meta":[],"product_brand":[],"product_cat":[880,981,610],"product_tag":[],"class_list":{"0":"post-63526","1":"product","2":"type-product","3":"status-publish","4":"has-post-thumbnail","6":"product_cat-baby-barn-2","7":"product_cat-balanscyklar-och-sparkcyklar","8":"product_cat-barnfordon","10":"first","11":"instock","12":"sale","13":"taxable","14":"shipping-taxable","15":"purchasable","16":"product-type-simple"},"yoast_head":"<!-- This site is optimized with the Yoast SEO plugin v25.4 - https:\/\/yoast.com\/wordpress\/plugins\/seo\/ -->\n<title>TRUUSK Barnbil med Musik och Bubblor - F\u00f6r Barn 2-5 \u00e5r - Upp Till 30 kg - Kr\u00e4mvit - 80 x 35,5 x 42 cm - TRUUSK - Hem, Tr\u00e4dg\u00e5rd &amp; Fritid<\/title>\n<meta name=\"robots\" content=\"index, follow, max-snippet:-1, max-image-preview:large, max-video-preview:-1\" \/>\n<link rel=\"canonical\" href=\"https:\/\/truusk.store\/sv\/produkt\/truusk-barnbil-med-musik-och-bubblor-for-barn-2-5-ar-upp-till-30-kg-kramvit-80-x-355-x-42-cm\/\" \/>\n<meta property=\"og:locale\" content=\"sv_SE\" \/>\n<meta property=\"og:type\" content=\"article\" \/>\n<meta property=\"og:title\" content=\"TRUUSK Barnbil med Musik och Bubblor - F\u00f6r Barn 2-5 \u00e5r - Upp Till 30 kg - Kr\u00e4mvit - 80 x 35,5 x 42 cm - TRUUSK - Hem, Tr\u00e4dg\u00e5rd &amp; Fritid\" \/>\n<meta property=\"og:description\" content=\"Ett idealiskt present till dina barn fr\u00e5n 2 till 5 \u00e5r. Tack vare golvkonstruktionen p\u00e5 glidbilen l\u00e4r sig barnen att...\" \/>\n<meta property=\"og:url\" content=\"https:\/\/truusk.store\/sv\/produkt\/truusk-barnbil-med-musik-och-bubblor-for-barn-2-5-ar-upp-till-30-kg-kramvit-80-x-355-x-42-cm\/\" \/>\n<meta property=\"og:site_name\" content=\"TRUUSK - Hem, Tr\u00e4dg\u00e5rd &amp; Fritid\" \/>\n<meta property=\"article:modified_time\" content=\"2026-03-12T08:43:22+00:00\" \/>\n<meta property=\"og:image\" content=\"https:\/\/i0.wp.com\/truusk.se\/wp-content\/uploads\/2025\/06\/aiyaplay-glidbil-glidfordon-med-musik-barnfordon-barnbil-med-bubblor-for-barn-2-5-ar-upp-till-30-kg-belastning-kramvit-80-x-355-x-42-cm-1.webp?fit=2000%2C2000&ssl=1\" \/>\n\t<meta property=\"og:image:width\" content=\"2000\" \/>\n\t<meta property=\"og:image:height\" content=\"2000\" \/>\n\t<meta property=\"og:image:type\" content=\"image\/webp\" \/>\n<meta name=\"twitter:card\" content=\"summary_large_image\" \/>\n<meta name=\"twitter:label1\" content=\"Ber\u00e4knad l\u00e4stid\" \/>\n\t<meta name=\"twitter:data1\" content=\"1 minut\" \/>\n<!-- \/ Yoast SEO plugin. -->","yoast_head_json":{"title":"TRUUSK Barnbil med Musik och Bubblor - F\u00f6r Barn 2-5 \u00e5r - Upp Till 30 kg - Kr\u00e4mvit - 80 x 35,5 x 42 cm - TRUUSK - Hem, Tr\u00e4dg\u00e5rd &amp; Fritid","robots":{"index":"index","follow":"follow","max-snippet":"max-snippet:-1","max-image-preview":"max-image-preview:large","max-video-preview":"max-video-preview:-1"},"canonical":"https:\/\/truusk.store\/sv\/produkt\/truusk-barnbil-med-musik-och-bubblor-for-barn-2-5-ar-upp-till-30-kg-kramvit-80-x-355-x-42-cm\/","og_locale":"sv_SE","og_type":"article","og_title":"TRUUSK Barnbil med Musik och Bubblor - F\u00f6r Barn 2-5 \u00e5r - Upp Till 30 kg - Kr\u00e4mvit - 80 x 35,5 x 42 cm - TRUUSK - Hem, Tr\u00e4dg\u00e5rd &amp; Fritid","og_description":"Ett idealiskt present till dina barn fr\u00e5n 2 till 5 \u00e5r. Tack vare golvkonstruktionen p\u00e5 glidbilen l\u00e4r sig barnen att...","og_url":"https:\/\/truusk.store\/sv\/produkt\/truusk-barnbil-med-musik-och-bubblor-for-barn-2-5-ar-upp-till-30-kg-kramvit-80-x-355-x-42-cm\/","og_site_name":"TRUUSK - Hem, Tr\u00e4dg\u00e5rd &amp; Fritid","article_modified_time":"2026-03-12T08:43:22+00:00","og_image":[{"width":2000,"height":2000,"url":"https:\/\/i0.wp.com\/truusk.se\/wp-content\/uploads\/2025\/06\/aiyaplay-glidbil-glidfordon-med-musik-barnfordon-barnbil-med-bubblor-for-barn-2-5-ar-upp-till-30-kg-belastning-kramvit-80-x-355-x-42-cm-1.webp?fit=2000%2C2000&ssl=1","type":"image\/webp"}],"twitter_card":"summary_large_image","twitter_misc":{"Ber\u00e4knad l\u00e4stid":"1 minut"},"schema":{"@context":"https:\/\/schema.org","@graph":[{"@type":"WebPage","@id":"https:\/\/truusk.store\/sv\/produkt\/truusk-barnbil-med-musik-och-bubblor-for-barn-2-5-ar-upp-till-30-kg-kramvit-80-x-355-x-42-cm\/","url":"https:\/\/truusk.store\/sv\/produkt\/truusk-barnbil-med-musik-och-bubblor-for-barn-2-5-ar-upp-till-30-kg-kramvit-80-x-355-x-42-cm\/","name":"TRUUSK Barnbil med Musik och Bubblor - F\u00f6r Barn 2-5 \u00e5r - Upp Till 30 kg - Kr\u00e4mvit - 80 x 35,5 x 42 cm - TRUUSK - Hem, Tr\u00e4dg\u00e5rd &amp; Fritid","isPartOf":{"@id":"https:\/\/truusk.store\/sv\/#website"},"primaryImageOfPage":{"@id":"https:\/\/truusk.store\/sv\/produkt\/truusk-barnbil-med-musik-och-bubblor-for-barn-2-5-ar-upp-till-30-kg-kramvit-80-x-355-x-42-cm\/#primaryimage"},"image":{"@id":"https:\/\/truusk.store\/sv\/produkt\/truusk-barnbil-med-musik-och-bubblor-for-barn-2-5-ar-upp-till-30-kg-kramvit-80-x-355-x-42-cm\/#primaryimage"},"thumbnailUrl":"https:\/\/i0.wp.com\/truusk.store\/wp-content\/uploads\/2025\/06\/aiyaplay-glidbil-glidfordon-med-musik-barnfordon-barnbil-med-bubblor-for-barn-2-5-ar-upp-till-30-kg-belastning-kramvit-80-x-355-x-42-cm-1.webp?fit=2000%2C2000&ssl=1","datePublished":"2025-06-05T06:53:44+00:00","dateModified":"2026-03-12T08:43:22+00:00","breadcrumb":{"@id":"https:\/\/truusk.store\/sv\/produkt\/truusk-barnbil-med-musik-och-bubblor-for-barn-2-5-ar-upp-till-30-kg-kramvit-80-x-355-x-42-cm\/#breadcrumb"},"inLanguage":"sv-SE","potentialAction":[{"@type":"ReadAction","target":["https:\/\/truusk.store\/sv\/produkt\/truusk-barnbil-med-musik-och-bubblor-for-barn-2-5-ar-upp-till-30-kg-kramvit-80-x-355-x-42-cm\/"]}]},{"@type":"ImageObject","inLanguage":"sv-SE","@id":"https:\/\/truusk.store\/sv\/produkt\/truusk-barnbil-med-musik-och-bubblor-for-barn-2-5-ar-upp-till-30-kg-kramvit-80-x-355-x-42-cm\/#primaryimage","url":"https:\/\/i0.wp.com\/truusk.store\/wp-content\/uploads\/2025\/06\/aiyaplay-glidbil-glidfordon-med-musik-barnfordon-barnbil-med-bubblor-for-barn-2-5-ar-upp-till-30-kg-belastning-kramvit-80-x-355-x-42-cm-1.webp?fit=2000%2C2000&ssl=1","contentUrl":"https:\/\/i0.wp.com\/truusk.store\/wp-content\/uploads\/2025\/06\/aiyaplay-glidbil-glidfordon-med-musik-barnfordon-barnbil-med-bubblor-for-barn-2-5-ar-upp-till-30-kg-belastning-kramvit-80-x-355-x-42-cm-1.webp?fit=2000%2C2000&ssl=1","width":2000,"height":2000},{"@type":"BreadcrumbList","@id":"https:\/\/truusk.store\/sv\/produkt\/truusk-barnbil-med-musik-och-bubblor-for-barn-2-5-ar-upp-till-30-kg-kramvit-80-x-355-x-42-cm\/#breadcrumb","itemListElement":[{"@type":"ListItem","position":1,"name":"Home","item":"https:\/\/truusk.store\/sv\/"},{"@type":"ListItem","position":2,"name":"Shop","item":"https:\/\/truusk.store\/shop\/"},{"@type":"ListItem","position":3,"name":"TRUUSK Barnbil med Musik och Bubblor &#8211; F\u00f6r Barn 2-5 \u00e5r &#8211; Upp Till 30 kg &#8211; Kr\u00e4mvit &#8211; 80 x 35,5 x 42 cm"}]},{"@type":"WebSite","@id":"https:\/\/truusk.store\/sv\/#website","url":"https:\/\/truusk.store\/sv\/","name":"TRUUSK - Hem, Tr\u00e4dg\u00e5rd & Fritid","description":"","publisher":{"@id":"https:\/\/truusk.store\/sv\/#organization"},"potentialAction":[{"@type":"SearchAction","target":{"@type":"EntryPoint","urlTemplate":"https:\/\/truusk.store\/sv\/?s={search_term_string}"},"query-input":{"@type":"PropertyValueSpecification","valueRequired":true,"valueName":"search_term_string"}}],"inLanguage":"sv-SE"},{"@type":"Organization","@id":"https:\/\/truusk.store\/sv\/#organization","name":"TRUUSK - Hem, Tr\u00e4dg\u00e5rd & Fritid","url":"https:\/\/truusk.store\/sv\/","logo":{"@type":"ImageObject","inLanguage":"sv-SE","@id":"https:\/\/truusk.store\/sv\/#\/schema\/logo\/image\/","url":"https:\/\/i0.wp.com\/truusk.store\/wp-content\/uploads\/2026\/03\/cropped-TRUUSK.png?fit=2032%2C917&ssl=1","contentUrl":"https:\/\/i0.wp.com\/truusk.store\/wp-content\/uploads\/2026\/03\/cropped-TRUUSK.png?fit=2032%2C917&ssl=1","width":2032,"height":917,"caption":"TRUUSK - Hem, Tr\u00e4dg\u00e5rd & Fritid"},"image":{"@id":"https:\/\/truusk.store\/sv\/#\/schema\/logo\/image\/"}}]}},"jetpack_sharing_enabled":true,"_links":{"self":[{"href":"https:\/\/truusk.store\/sv\/wp-json\/wp\/v2\/product\/63526","targetHints":{"allow":["GET"]}}],"collection":[{"href":"https:\/\/truusk.store\/sv\/wp-json\/wp\/v2\/product"}],"about":[{"href":"https:\/\/truusk.store\/sv\/wp-json\/wp\/v2\/types\/product"}],"wp:featuredmedia":[{"embeddable":true,"href":"https:\/\/truusk.store\/sv\/wp-json\/wp\/v2\/media\/63517"}],"wp:attachment":[{"href":"https:\/\/truusk.store\/sv\/wp-json\/wp\/v2\/media?parent=63526"}],"wp:term":[{"taxonomy":"product_brand","embeddable":true,"href":"https:\/\/truusk.store\/sv\/wp-json\/wp\/v2\/product_brand?post=63526"},{"taxonomy":"product_cat","embeddable":true,"href":"https:\/\/truusk.store\/sv\/wp-json\/wp\/v2\/product_cat?post=63526"},{"taxonomy":"product_tag","embeddable":true,"href":"https:\/\/truusk.store\/sv\/wp-json\/wp\/v2\/product_tag?post=63526"}],"curies":[{"name":"wp","href":"https:\/\/api.w.org\/{rel}","templated":true}]}}