{"id":63536,"date":"2025-06-05T07:54:44","date_gmt":"2025-06-05T06:54:44","guid":{"rendered":"https:\/\/truusk.store\/product\/gokart-barnfordon-med-justerbart-sate-trampfordon-med-gummihjul-pedal-och-handbroms-kettcar-for-barn-5-12-ar-utomhus-rosa\/"},"modified":"2026-03-12T09:18:44","modified_gmt":"2026-03-12T08:18:44","slug":"truusk-pedalbil-for-barn-5-12-ar-justerbart-sate-gummihjul-hand-och-pedalbroms-kettcar-rosa","status":"publish","type":"product","link":"https:\/\/truusk.store\/sv\/produkt\/truusk-pedalbil-for-barn-5-12-ar-justerbart-sate-gummihjul-hand-och-pedalbroms-kettcar-rosa\/","title":{"rendered":"TRUUSK Pedalbil f\u00f6r Barn 5-12 \u00e5r &#8211; Justerbart s\u00e4te &#8211; Gummihjul &#8211; Hand- och pedalbroms &#8211; Kettcar &#8211; Rosa"},"content":{"rendered":"<p>Barn som k\u00f6r det fantastiska gokartet fr\u00e5n TRUUSK kommer inte att vilja kliva ur! De unga f\u00f6rarna styr hastigheten genom att trampa p\u00e5 pedalerna och kommer att bli f\u00f6rtjusta i den snabba reaktionen och den precisa styrningen. Den ergonomiska s\u00e4tet \u00e4r justerbart och ger d\u00e4rmed en bekv\u00e4m och s\u00e4ker sittst\u00e4llning. Trampbilen kan anv\u00e4ndas b\u00e5de inomhus och utomhus och bidrar till att f\u00f6rb\u00e4ttra koordinationen och styrkan.<\/p>\n<p>Beskrivning:<\/p>\n<ul>\n<li> Uppbl\u00e5sbara gummihjul p\u00e5 gokarten med fj\u00e4dringssystem<\/li>\n<li> 3-faldigt justerbart s\u00e4te p\u00e5 barnfordonet<\/li>\n<li> Metallram och robust plasth\u00f6lje<\/li>\n<li> Praktisk handbroms och backning med hj\u00e4lp av pedalerna<\/li>\n<li> L\u00e4mplig f\u00f6r olika underlag, inklusive cement-, kullersten- och asfaltv\u00e4gar<\/li>\n<li> Drivs av trampkraft, ingen batteri<\/li>\n<li> Montering kr\u00e4vs<\/li>\n<\/ul>\n<p> Tekniska data:<\/p>\n<ul>\n<li> F\u00e4rg: Rosa+Svart<\/li>\n<li> Material: Plast, Metall<\/li>\n<li> Totala m\u00e5tt: 121L x 58B x 61H cm<\/li>\n<li> Sitsm\u00e5tt: 35B x 28D x 35H cm<\/li>\n<li> M\u00e5tt p\u00e5 ryggst\u00f6det: 33B x 30H cm<\/li>\n<li> Hjulm\u00e5tt: \u00d828 cm<\/li>\n<li> B\u00e4rkapacitet: 50 kg<\/li>\n<li> Certifierad \u00e5lder f\u00f6r anv\u00e4ndare: fr\u00e5n 5 \u00e5r<\/li>\n<li>rekommenderad \u00e5lder: 5-12 \u00e5r<\/li>\n<li> OBS: L\u00e4mna aldrig dina barn obevakade under k\u00f6rning<\/li>\n<\/ul>\n<p>Leveransinneh\u00e5ll:<\/p>\n<ul>\n<li> 1 x Barn-Gokart<\/li>\n<li> 1 x Handbok<\/li>\n<\/ul>\n","protected":false},"excerpt":{"rendered":"<p>Barn som k\u00f6r det fantastiska gokartet fr\u00e5n TRUUSK kommer inte att vilja kliva ur! De unga f\u00f6rarna styr hastigheten genom&#8230;<\/p>\n","protected":false},"featured_media":63527,"template":"","meta":[],"product_brand":[],"product_cat":[880,610,950],"product_tag":[],"class_list":{"0":"post-63536","1":"product","2":"type-product","3":"status-publish","4":"has-post-thumbnail","6":"product_cat-baby-barn-2","7":"product_cat-barnfordon","8":"product_cat-go-karts-pedaldrivna-fordon","10":"first","11":"instock","12":"sale","13":"taxable","14":"shipping-taxable","15":"purchasable","16":"product-type-simple"},"yoast_head":"<!-- This site is optimized with the Yoast SEO plugin v25.4 - https:\/\/yoast.com\/wordpress\/plugins\/seo\/ -->\n<title>TRUUSK Pedalbil f\u00f6r Barn 5-12 \u00e5r - Justerbart s\u00e4te - Gummihjul - Hand- och pedalbroms - Kettcar - Rosa - TRUUSK - Hem, Tr\u00e4dg\u00e5rd &amp; Fritid<\/title>\n<meta name=\"robots\" content=\"index, follow, max-snippet:-1, max-image-preview:large, max-video-preview:-1\" \/>\n<link rel=\"canonical\" href=\"https:\/\/truusk.store\/sv\/produkt\/truusk-pedalbil-for-barn-5-12-ar-justerbart-sate-gummihjul-hand-och-pedalbroms-kettcar-rosa\/\" \/>\n<meta property=\"og:locale\" content=\"sv_SE\" \/>\n<meta property=\"og:type\" content=\"article\" \/>\n<meta property=\"og:title\" content=\"TRUUSK Pedalbil f\u00f6r Barn 5-12 \u00e5r - Justerbart s\u00e4te - Gummihjul - Hand- och pedalbroms - Kettcar - Rosa - TRUUSK - Hem, Tr\u00e4dg\u00e5rd &amp; Fritid\" \/>\n<meta property=\"og:description\" content=\"Barn som k\u00f6r det fantastiska gokartet fr\u00e5n TRUUSK kommer inte att vilja kliva ur! De unga f\u00f6rarna styr hastigheten genom...\" \/>\n<meta property=\"og:url\" content=\"https:\/\/truusk.store\/sv\/produkt\/truusk-pedalbil-for-barn-5-12-ar-justerbart-sate-gummihjul-hand-och-pedalbroms-kettcar-rosa\/\" \/>\n<meta property=\"og:site_name\" content=\"TRUUSK - Hem, Tr\u00e4dg\u00e5rd &amp; Fritid\" \/>\n<meta property=\"article:modified_time\" content=\"2026-03-12T08:18:44+00:00\" \/>\n<meta property=\"og:image\" content=\"https:\/\/i0.wp.com\/truusk.se\/wp-content\/uploads\/2025\/06\/gokart-barnfordon-med-justerbart-sate-trampfordon-med-gummihjul-pedal-och-handbroms-kettcar-for-barn-5-12-ar-utomhus-rosa-1.webp?fit=2000%2C2000&ssl=1\" \/>\n\t<meta property=\"og:image:width\" content=\"2000\" \/>\n\t<meta property=\"og:image:height\" content=\"2000\" \/>\n\t<meta property=\"og:image:type\" content=\"image\/webp\" \/>\n<meta name=\"twitter:card\" content=\"summary_large_image\" \/>\n<meta name=\"twitter:label1\" content=\"Ber\u00e4knad l\u00e4stid\" \/>\n\t<meta name=\"twitter:data1\" content=\"1 minut\" \/>\n<!-- \/ Yoast SEO plugin. -->","yoast_head_json":{"title":"TRUUSK Pedalbil f\u00f6r Barn 5-12 \u00e5r - Justerbart s\u00e4te - Gummihjul - Hand- och pedalbroms - Kettcar - Rosa - TRUUSK - Hem, Tr\u00e4dg\u00e5rd &amp; Fritid","robots":{"index":"index","follow":"follow","max-snippet":"max-snippet:-1","max-image-preview":"max-image-preview:large","max-video-preview":"max-video-preview:-1"},"canonical":"https:\/\/truusk.store\/sv\/produkt\/truusk-pedalbil-for-barn-5-12-ar-justerbart-sate-gummihjul-hand-och-pedalbroms-kettcar-rosa\/","og_locale":"sv_SE","og_type":"article","og_title":"TRUUSK Pedalbil f\u00f6r Barn 5-12 \u00e5r - Justerbart s\u00e4te - Gummihjul - Hand- och pedalbroms - Kettcar - Rosa - TRUUSK - Hem, Tr\u00e4dg\u00e5rd &amp; Fritid","og_description":"Barn som k\u00f6r det fantastiska gokartet fr\u00e5n TRUUSK kommer inte att vilja kliva ur! De unga f\u00f6rarna styr hastigheten genom...","og_url":"https:\/\/truusk.store\/sv\/produkt\/truusk-pedalbil-for-barn-5-12-ar-justerbart-sate-gummihjul-hand-och-pedalbroms-kettcar-rosa\/","og_site_name":"TRUUSK - Hem, Tr\u00e4dg\u00e5rd &amp; Fritid","article_modified_time":"2026-03-12T08:18:44+00:00","og_image":[{"width":2000,"height":2000,"url":"https:\/\/i0.wp.com\/truusk.se\/wp-content\/uploads\/2025\/06\/gokart-barnfordon-med-justerbart-sate-trampfordon-med-gummihjul-pedal-och-handbroms-kettcar-for-barn-5-12-ar-utomhus-rosa-1.webp?fit=2000%2C2000&ssl=1","type":"image\/webp"}],"twitter_card":"summary_large_image","twitter_misc":{"Ber\u00e4knad l\u00e4stid":"1 minut"},"schema":{"@context":"https:\/\/schema.org","@graph":[{"@type":"WebPage","@id":"https:\/\/truusk.store\/sv\/produkt\/truusk-pedalbil-for-barn-5-12-ar-justerbart-sate-gummihjul-hand-och-pedalbroms-kettcar-rosa\/","url":"https:\/\/truusk.store\/sv\/produkt\/truusk-pedalbil-for-barn-5-12-ar-justerbart-sate-gummihjul-hand-och-pedalbroms-kettcar-rosa\/","name":"TRUUSK Pedalbil f\u00f6r Barn 5-12 \u00e5r - Justerbart s\u00e4te - Gummihjul - Hand- och pedalbroms - Kettcar - Rosa - TRUUSK - Hem, Tr\u00e4dg\u00e5rd &amp; Fritid","isPartOf":{"@id":"https:\/\/truusk.store\/sv\/#website"},"primaryImageOfPage":{"@id":"https:\/\/truusk.store\/sv\/produkt\/truusk-pedalbil-for-barn-5-12-ar-justerbart-sate-gummihjul-hand-och-pedalbroms-kettcar-rosa\/#primaryimage"},"image":{"@id":"https:\/\/truusk.store\/sv\/produkt\/truusk-pedalbil-for-barn-5-12-ar-justerbart-sate-gummihjul-hand-och-pedalbroms-kettcar-rosa\/#primaryimage"},"thumbnailUrl":"https:\/\/i0.wp.com\/truusk.store\/wp-content\/uploads\/2025\/06\/gokart-barnfordon-med-justerbart-sate-trampfordon-med-gummihjul-pedal-och-handbroms-kettcar-for-barn-5-12-ar-utomhus-rosa-1.webp?fit=2000%2C2000&ssl=1","datePublished":"2025-06-05T06:54:44+00:00","dateModified":"2026-03-12T08:18:44+00:00","breadcrumb":{"@id":"https:\/\/truusk.store\/sv\/produkt\/truusk-pedalbil-for-barn-5-12-ar-justerbart-sate-gummihjul-hand-och-pedalbroms-kettcar-rosa\/#breadcrumb"},"inLanguage":"sv-SE","potentialAction":[{"@type":"ReadAction","target":["https:\/\/truusk.store\/sv\/produkt\/truusk-pedalbil-for-barn-5-12-ar-justerbart-sate-gummihjul-hand-och-pedalbroms-kettcar-rosa\/"]}]},{"@type":"ImageObject","inLanguage":"sv-SE","@id":"https:\/\/truusk.store\/sv\/produkt\/truusk-pedalbil-for-barn-5-12-ar-justerbart-sate-gummihjul-hand-och-pedalbroms-kettcar-rosa\/#primaryimage","url":"https:\/\/i0.wp.com\/truusk.store\/wp-content\/uploads\/2025\/06\/gokart-barnfordon-med-justerbart-sate-trampfordon-med-gummihjul-pedal-och-handbroms-kettcar-for-barn-5-12-ar-utomhus-rosa-1.webp?fit=2000%2C2000&ssl=1","contentUrl":"https:\/\/i0.wp.com\/truusk.store\/wp-content\/uploads\/2025\/06\/gokart-barnfordon-med-justerbart-sate-trampfordon-med-gummihjul-pedal-och-handbroms-kettcar-for-barn-5-12-ar-utomhus-rosa-1.webp?fit=2000%2C2000&ssl=1","width":2000,"height":2000},{"@type":"BreadcrumbList","@id":"https:\/\/truusk.store\/sv\/produkt\/truusk-pedalbil-for-barn-5-12-ar-justerbart-sate-gummihjul-hand-och-pedalbroms-kettcar-rosa\/#breadcrumb","itemListElement":[{"@type":"ListItem","position":1,"name":"Home","item":"https:\/\/truusk.store\/sv\/"},{"@type":"ListItem","position":2,"name":"Shop","item":"https:\/\/truusk.store\/shop\/"},{"@type":"ListItem","position":3,"name":"TRUUSK Pedalbil f\u00f6r Barn 5-12 \u00e5r &#8211; Justerbart s\u00e4te &#8211; Gummihjul &#8211; Hand- och pedalbroms &#8211; Kettcar &#8211; Rosa"}]},{"@type":"WebSite","@id":"https:\/\/truusk.store\/sv\/#website","url":"https:\/\/truusk.store\/sv\/","name":"TRUUSK - Hem, Tr\u00e4dg\u00e5rd & Fritid","description":"","publisher":{"@id":"https:\/\/truusk.store\/sv\/#organization"},"potentialAction":[{"@type":"SearchAction","target":{"@type":"EntryPoint","urlTemplate":"https:\/\/truusk.store\/sv\/?s={search_term_string}"},"query-input":{"@type":"PropertyValueSpecification","valueRequired":true,"valueName":"search_term_string"}}],"inLanguage":"sv-SE"},{"@type":"Organization","@id":"https:\/\/truusk.store\/sv\/#organization","name":"TRUUSK - Hem, Tr\u00e4dg\u00e5rd & Fritid","url":"https:\/\/truusk.store\/sv\/","logo":{"@type":"ImageObject","inLanguage":"sv-SE","@id":"https:\/\/truusk.store\/sv\/#\/schema\/logo\/image\/","url":"https:\/\/i0.wp.com\/truusk.store\/wp-content\/uploads\/2026\/03\/cropped-TRUUSK.png?fit=2032%2C917&ssl=1","contentUrl":"https:\/\/i0.wp.com\/truusk.store\/wp-content\/uploads\/2026\/03\/cropped-TRUUSK.png?fit=2032%2C917&ssl=1","width":2032,"height":917,"caption":"TRUUSK - Hem, Tr\u00e4dg\u00e5rd & Fritid"},"image":{"@id":"https:\/\/truusk.store\/sv\/#\/schema\/logo\/image\/"}}]}},"jetpack_sharing_enabled":true,"_links":{"self":[{"href":"https:\/\/truusk.store\/sv\/wp-json\/wp\/v2\/product\/63536","targetHints":{"allow":["GET"]}}],"collection":[{"href":"https:\/\/truusk.store\/sv\/wp-json\/wp\/v2\/product"}],"about":[{"href":"https:\/\/truusk.store\/sv\/wp-json\/wp\/v2\/types\/product"}],"wp:featuredmedia":[{"embeddable":true,"href":"https:\/\/truusk.store\/sv\/wp-json\/wp\/v2\/media\/63527"}],"wp:attachment":[{"href":"https:\/\/truusk.store\/sv\/wp-json\/wp\/v2\/media?parent=63536"}],"wp:term":[{"taxonomy":"product_brand","embeddable":true,"href":"https:\/\/truusk.store\/sv\/wp-json\/wp\/v2\/product_brand?post=63536"},{"taxonomy":"product_cat","embeddable":true,"href":"https:\/\/truusk.store\/sv\/wp-json\/wp\/v2\/product_cat?post=63536"},{"taxonomy":"product_tag","embeddable":true,"href":"https:\/\/truusk.store\/sv\/wp-json\/wp\/v2\/product_tag?post=63536"}],"curies":[{"name":"wp","href":"https:\/\/api.w.org\/{rel}","templated":true}]}}