{"id":6355,"date":"2024-02-13T08:24:09","date_gmt":"2024-02-13T07:24:09","guid":{"rendered":"https:\/\/truusk.store\/product\/golvlampa-golvlampa-e27-stal-polyester-37x37x152cm-svart-vit\/"},"modified":"2026-03-12T08:55:16","modified_gmt":"2026-03-12T07:55:16","slug":"truusk-golvlampa-e27-stal-polyester-37x37x152cm-svart-vit-modern-design","status":"publish","type":"product","link":"https:\/\/truusk.store\/sv\/produkt\/truusk-golvlampa-e27-stal-polyester-37x37x152cm-svart-vit-modern-design\/","title":{"rendered":"TRUUSK Golvlampa &#8211; E27 &#8211; St\u00e5l + Polyester &#8211; 37x37x152cm &#8211; Svart + Vit &#8211; Modern design"},"content":{"rendered":"<p>V\u00e5r golvlampa med metallstativdesign och tyglampsk\u00e4rm \u00e4r en klassisk och elegant dekoration och kommer att ge dig en lugn och vacker kv\u00e4ll. Matchar n\u00e4stan vilken inredning som helst i ditt hem, perfekt f\u00f6r kontor, bar, klubb, caf\u00e9, hotell och restaurang. Str\u00f6mkabell\u00e4ngd 3m ut\u00f6kar anv\u00e4ndningsomr\u00e5det bra. Dragbrytaren under lampsk\u00e4rmen ger en retrok\u00e4nsla.<\/p>\n<h3>Beskrivning:<\/h3>\n<ul>\n<li>Perfekt f\u00f6r kontor, bar, klubb, caf\u00e9, hotell och restaurang<\/li>\n<li>Triangul\u00e4r baskonstruktion f\u00f6r stabil st\u00e5ende<\/li>\n<li>Str\u00f6mkabell\u00e4ngd 3m ut\u00f6kar anv\u00e4ndningsomr\u00e5det bra<\/li>\n<li>Dra i str\u00f6mbrytaren under lampsk\u00e4rmen f\u00f6r att sl\u00e5 p\u00e5 och av bekv\u00e4mt<\/li>\n<li>Lampfot E27 (gl\u00f6dlampa ing\u00e5r ej)<\/li>\n<li>Enkel konstruktion<\/li>\n<\/ul>\n<h3>Teknisk data:<\/h3>\n<ul>\n<li>F\u00e4rg: Svart, Vit<\/li>\n<li>Material: metall, PS-br\u00e4da, polyester, bomull<\/li>\n<li>Totala m\u00e5tt: 37 x 152H cm<\/li>\n<li>Lampsk\u00e4rmens m\u00e5tt: 37 x 24H cm<\/li>\n<li>Lampst\u00e5ngens diameter: 1,6 cm<\/li>\n<li>Str\u00f6mkabell\u00e4ngd: 3 m<\/li>\n<li>Insp\u00e4nning: 230V\/50Hz<\/li>\n<\/ul>\n<h3>Leveransens omfattning:<\/h3>\n<ul>\n<li>1 x golvlampa<\/li>\n<li>1 x Installationsguide<\/li>\n<\/ul>\n","protected":false},"excerpt":{"rendered":"<p>V\u00e5r golvlampa med metallstativdesign och tyglampsk\u00e4rm \u00e4r en klassisk och elegant dekoration och kommer att ge dig en lugn och&#8230;<\/p>\n","protected":false},"featured_media":6356,"template":"","meta":[],"product_brand":[],"product_cat":[486,488,485],"product_tag":[],"class_list":{"0":"post-6355","1":"product","2":"type-product","3":"status-publish","4":"has-post-thumbnail","6":"product_cat-belysning","7":"product_cat-golv-och-bordslampor","8":"product_cat-hus-bo","10":"first","11":"instock","12":"sale","13":"taxable","14":"shipping-taxable","15":"purchasable","16":"product-type-simple"},"yoast_head":"<!-- This site is optimized with the Yoast SEO plugin v25.4 - https:\/\/yoast.com\/wordpress\/plugins\/seo\/ -->\n<title>TRUUSK Golvlampa - E27 - St\u00e5l + Polyester - 37x37x152cm - Svart + Vit - Modern design - TRUUSK - Hem, Tr\u00e4dg\u00e5rd &amp; Fritid<\/title>\n<meta name=\"robots\" content=\"index, follow, max-snippet:-1, max-image-preview:large, max-video-preview:-1\" \/>\n<link rel=\"canonical\" href=\"https:\/\/truusk.store\/sv\/produkt\/truusk-golvlampa-e27-stal-polyester-37x37x152cm-svart-vit-modern-design\/\" \/>\n<meta property=\"og:locale\" content=\"sv_SE\" \/>\n<meta property=\"og:type\" content=\"article\" \/>\n<meta property=\"og:title\" content=\"TRUUSK Golvlampa - E27 - St\u00e5l + Polyester - 37x37x152cm - Svart + Vit - Modern design - TRUUSK - Hem, Tr\u00e4dg\u00e5rd &amp; Fritid\" \/>\n<meta property=\"og:description\" content=\"V\u00e5r golvlampa med metallstativdesign och tyglampsk\u00e4rm \u00e4r en klassisk och elegant dekoration och kommer att ge dig en lugn och...\" \/>\n<meta property=\"og:url\" content=\"https:\/\/truusk.store\/sv\/produkt\/truusk-golvlampa-e27-stal-polyester-37x37x152cm-svart-vit-modern-design\/\" \/>\n<meta property=\"og:site_name\" content=\"TRUUSK - Hem, Tr\u00e4dg\u00e5rd &amp; Fritid\" \/>\n<meta property=\"article:modified_time\" content=\"2026-03-12T07:55:16+00:00\" \/>\n<meta property=\"og:image\" content=\"https:\/\/i0.wp.com\/truusk.se\/wp-content\/uploads\/2024\/02\/golvlampa-golvlampa-e27-stal-polyester-37x37x152cm-svart-vit.webp?fit=800%2C800&ssl=1\" \/>\n\t<meta property=\"og:image:width\" content=\"800\" \/>\n\t<meta property=\"og:image:height\" content=\"800\" \/>\n\t<meta property=\"og:image:type\" content=\"image\/webp\" \/>\n<meta name=\"twitter:card\" content=\"summary_large_image\" \/>\n<meta name=\"twitter:label1\" content=\"Ber\u00e4knad l\u00e4stid\" \/>\n\t<meta name=\"twitter:data1\" content=\"1 minut\" \/>\n<!-- \/ Yoast SEO plugin. -->","yoast_head_json":{"title":"TRUUSK Golvlampa - E27 - St\u00e5l + Polyester - 37x37x152cm - Svart + Vit - Modern design - TRUUSK - Hem, Tr\u00e4dg\u00e5rd &amp; Fritid","robots":{"index":"index","follow":"follow","max-snippet":"max-snippet:-1","max-image-preview":"max-image-preview:large","max-video-preview":"max-video-preview:-1"},"canonical":"https:\/\/truusk.store\/sv\/produkt\/truusk-golvlampa-e27-stal-polyester-37x37x152cm-svart-vit-modern-design\/","og_locale":"sv_SE","og_type":"article","og_title":"TRUUSK Golvlampa - E27 - St\u00e5l + Polyester - 37x37x152cm - Svart + Vit - Modern design - TRUUSK - Hem, Tr\u00e4dg\u00e5rd &amp; Fritid","og_description":"V\u00e5r golvlampa med metallstativdesign och tyglampsk\u00e4rm \u00e4r en klassisk och elegant dekoration och kommer att ge dig en lugn och...","og_url":"https:\/\/truusk.store\/sv\/produkt\/truusk-golvlampa-e27-stal-polyester-37x37x152cm-svart-vit-modern-design\/","og_site_name":"TRUUSK - Hem, Tr\u00e4dg\u00e5rd &amp; Fritid","article_modified_time":"2026-03-12T07:55:16+00:00","og_image":[{"width":800,"height":800,"url":"https:\/\/i0.wp.com\/truusk.se\/wp-content\/uploads\/2024\/02\/golvlampa-golvlampa-e27-stal-polyester-37x37x152cm-svart-vit.webp?fit=800%2C800&ssl=1","type":"image\/webp"}],"twitter_card":"summary_large_image","twitter_misc":{"Ber\u00e4knad l\u00e4stid":"1 minut"},"schema":{"@context":"https:\/\/schema.org","@graph":[{"@type":"WebPage","@id":"https:\/\/truusk.store\/sv\/produkt\/truusk-golvlampa-e27-stal-polyester-37x37x152cm-svart-vit-modern-design\/","url":"https:\/\/truusk.store\/sv\/produkt\/truusk-golvlampa-e27-stal-polyester-37x37x152cm-svart-vit-modern-design\/","name":"TRUUSK Golvlampa - E27 - St\u00e5l + Polyester - 37x37x152cm - Svart + Vit - Modern design - TRUUSK - Hem, Tr\u00e4dg\u00e5rd &amp; Fritid","isPartOf":{"@id":"https:\/\/truusk.store\/sv\/#website"},"primaryImageOfPage":{"@id":"https:\/\/truusk.store\/sv\/produkt\/truusk-golvlampa-e27-stal-polyester-37x37x152cm-svart-vit-modern-design\/#primaryimage"},"image":{"@id":"https:\/\/truusk.store\/sv\/produkt\/truusk-golvlampa-e27-stal-polyester-37x37x152cm-svart-vit-modern-design\/#primaryimage"},"thumbnailUrl":"https:\/\/i0.wp.com\/truusk.store\/wp-content\/uploads\/2024\/02\/golvlampa-golvlampa-e27-stal-polyester-37x37x152cm-svart-vit.webp?fit=800%2C800&ssl=1","datePublished":"2024-02-13T07:24:09+00:00","dateModified":"2026-03-12T07:55:16+00:00","breadcrumb":{"@id":"https:\/\/truusk.store\/sv\/produkt\/truusk-golvlampa-e27-stal-polyester-37x37x152cm-svart-vit-modern-design\/#breadcrumb"},"inLanguage":"sv-SE","potentialAction":[{"@type":"ReadAction","target":["https:\/\/truusk.store\/sv\/produkt\/truusk-golvlampa-e27-stal-polyester-37x37x152cm-svart-vit-modern-design\/"]}]},{"@type":"ImageObject","inLanguage":"sv-SE","@id":"https:\/\/truusk.store\/sv\/produkt\/truusk-golvlampa-e27-stal-polyester-37x37x152cm-svart-vit-modern-design\/#primaryimage","url":"https:\/\/i0.wp.com\/truusk.store\/wp-content\/uploads\/2024\/02\/golvlampa-golvlampa-e27-stal-polyester-37x37x152cm-svart-vit.webp?fit=800%2C800&ssl=1","contentUrl":"https:\/\/i0.wp.com\/truusk.store\/wp-content\/uploads\/2024\/02\/golvlampa-golvlampa-e27-stal-polyester-37x37x152cm-svart-vit.webp?fit=800%2C800&ssl=1","width":800,"height":800,"caption":"Golvlampa Golvlampa E27, St\u00e5l + Polyester, 37x37x152cm (svart + Vit) 1"},{"@type":"BreadcrumbList","@id":"https:\/\/truusk.store\/sv\/produkt\/truusk-golvlampa-e27-stal-polyester-37x37x152cm-svart-vit-modern-design\/#breadcrumb","itemListElement":[{"@type":"ListItem","position":1,"name":"Home","item":"https:\/\/truusk.store\/sv\/"},{"@type":"ListItem","position":2,"name":"Shop","item":"https:\/\/truusk.store\/shop\/"},{"@type":"ListItem","position":3,"name":"TRUUSK Golvlampa &#8211; E27 &#8211; St\u00e5l + Polyester &#8211; 37x37x152cm &#8211; Svart + Vit &#8211; Modern design"}]},{"@type":"WebSite","@id":"https:\/\/truusk.store\/sv\/#website","url":"https:\/\/truusk.store\/sv\/","name":"TRUUSK - Hem, Tr\u00e4dg\u00e5rd & Fritid","description":"","publisher":{"@id":"https:\/\/truusk.store\/sv\/#organization"},"potentialAction":[{"@type":"SearchAction","target":{"@type":"EntryPoint","urlTemplate":"https:\/\/truusk.store\/sv\/?s={search_term_string}"},"query-input":{"@type":"PropertyValueSpecification","valueRequired":true,"valueName":"search_term_string"}}],"inLanguage":"sv-SE"},{"@type":"Organization","@id":"https:\/\/truusk.store\/sv\/#organization","name":"TRUUSK - Hem, Tr\u00e4dg\u00e5rd & Fritid","url":"https:\/\/truusk.store\/sv\/","logo":{"@type":"ImageObject","inLanguage":"sv-SE","@id":"https:\/\/truusk.store\/sv\/#\/schema\/logo\/image\/","url":"https:\/\/i0.wp.com\/truusk.store\/wp-content\/uploads\/2026\/03\/cropped-TRUUSK.png?fit=2032%2C917&ssl=1","contentUrl":"https:\/\/i0.wp.com\/truusk.store\/wp-content\/uploads\/2026\/03\/cropped-TRUUSK.png?fit=2032%2C917&ssl=1","width":2032,"height":917,"caption":"TRUUSK - Hem, Tr\u00e4dg\u00e5rd & Fritid"},"image":{"@id":"https:\/\/truusk.store\/sv\/#\/schema\/logo\/image\/"}}]}},"jetpack_sharing_enabled":true,"_links":{"self":[{"href":"https:\/\/truusk.store\/sv\/wp-json\/wp\/v2\/product\/6355","targetHints":{"allow":["GET"]}}],"collection":[{"href":"https:\/\/truusk.store\/sv\/wp-json\/wp\/v2\/product"}],"about":[{"href":"https:\/\/truusk.store\/sv\/wp-json\/wp\/v2\/types\/product"}],"wp:featuredmedia":[{"embeddable":true,"href":"https:\/\/truusk.store\/sv\/wp-json\/wp\/v2\/media\/6356"}],"wp:attachment":[{"href":"https:\/\/truusk.store\/sv\/wp-json\/wp\/v2\/media?parent=6355"}],"wp:term":[{"taxonomy":"product_brand","embeddable":true,"href":"https:\/\/truusk.store\/sv\/wp-json\/wp\/v2\/product_brand?post=6355"},{"taxonomy":"product_cat","embeddable":true,"href":"https:\/\/truusk.store\/sv\/wp-json\/wp\/v2\/product_cat?post=6355"},{"taxonomy":"product_tag","embeddable":true,"href":"https:\/\/truusk.store\/sv\/wp-json\/wp\/v2\/product_tag?post=6355"}],"curies":[{"name":"wp","href":"https:\/\/api.w.org\/{rel}","templated":true}]}}