{"id":63566,"date":"2025-06-05T07:57:43","date_gmt":"2025-06-05T06:57:43","guid":{"rendered":"https:\/\/truusk.store\/product\/klostrad-30-cm-hogt-kattror-med-grotta-klostrad-katttorn-av-sisal-for-katter-upp-till-5-kg-morkgra\/"},"modified":"2026-03-12T09:43:23","modified_gmt":"2026-03-12T08:43:23","slug":"truusk-klostrad-med-grotta-30-cm-hogt-sisal-katttorn-morkgra-for-katter-upp-till-5-kg","status":"publish","type":"product","link":"https:\/\/truusk.store\/sv\/produkt\/truusk-klostrad-med-grotta-30-cm-hogt-sisal-katttorn-morkgra-for-katter-upp-till-5-kg\/","title":{"rendered":"TRUUSK Kl\u00f6str\u00e4d med Grotta &#8211; 30 cm h\u00f6gt &#8211; Sisal Katttorn &#8211; M\u00f6rkgr\u00e5 &#8211; F\u00f6r Katter upp till 5 kg"},"content":{"rendered":"<p>Uppt\u00e4ck TRUUSK katttorn med tre v\u00e5ningar, en lekfull tillflyktsort med tv\u00e5 inbjudande inre utrymmen f\u00f6r avkoppling och en mjuk toppniv\u00e5 f\u00f6r vakna katter. Denna katttorn, tillverkad av h\u00e5rd filt och fodrad med mjuk plysch, erbjuder en sisal skrapbr\u00e4da f\u00f6r omfattande skrapning och leksaksbollar f\u00f6r underh\u00e5llning. Skrapfatet skyddar dina m\u00f6bler och passar s\u00f6ml\u00f6st in i ditt hem. Kuddarna kan enkelt tas bort och l\u00e4genhetskomplexet kan enkelt f\u00e4llas ihop. En perfekt tillflyktsort f\u00f6r din katt!<\/p>\n<p>Beskrivning:<\/p>\n<ul>\n<li> Tv\u00e5v\u00e5ningsdesign med ett g\u00f6mst\u00e4lle och en plyschig topp f\u00f6r lek och avkoppling<\/li>\n<li> Mjuk plyschvaddering av kattfatet ger komfort<\/li>\n<li> Tillverkad av h\u00e5rd filt f\u00f6r stabilitet<\/li>\n<li> Sisal skrapbr\u00e4da hj\u00e4lper till med skrapning och skyddar m\u00f6blerna<\/li>\n<li> Icke tv\u00e4ttbara kuddar med skumvaddering, avtagbara f\u00f6r enkel f\u00f6rvaring<\/li>\n<li> Estetiskt tilltalande design av katttornet kompletterar rumsdekorationen<\/li>\n<li> H\u00e4ngande leksaksbollar av skrapfatet f\u00f6r lekfull stimulering<\/li>\n<li> L\u00e4mplig f\u00f6r katter upp till 5 kg<\/li>\n<\/ul>\n<p> Tekniska data:<\/p>\n<ul>\n<li> F\u00e4rg: M\u00f6rkgr\u00e5, Ljusgr\u00e5, Kr\u00e4mvit<\/li>\n<li> Material: Polyester, Skum, Sisal<\/li>\n<li> Totala dimensioner: \u00d840 x 30H cm<\/li>\n<li> Inre utrymme: \u00d839 x 22H cm<\/li>\n<li> D\u00f6rr\u00f6ppning: \u00d817 cm<\/li>\n<li> \u00d6vre inre: \u00d839 x 3H cm<\/li>\n<li> Kudde: \u00d839 x 2H cm<\/li>\n<li> Sisal skrapbr\u00e4da: 12B x 21H cm<\/li>\n<li> Maximal vikt: 10 kg<\/li>\n<\/ul>\n<p> Leveransinneh\u00e5ll:<\/p>\n<ul>\n<li> 1 x Katttornsfat<\/li>\n<li> 1 x Handbok<\/li>\n<\/ul>\n","protected":false},"excerpt":{"rendered":"<p>Uppt\u00e4ck TRUUSK katttorn med tre v\u00e5ningar, en lekfull tillflyktsort med tv\u00e5 inbjudande inre utrymmen f\u00f6r avkoppling och en mjuk toppniv\u00e5&#8230;<\/p>\n","protected":false},"featured_media":63557,"template":"","meta":[],"product_brand":[],"product_cat":[878,588,879],"product_tag":[],"class_list":{"0":"post-63566","1":"product","2":"type-product","3":"status-publish","4":"has-post-thumbnail","6":"product_cat-djurbehov","7":"product_cat-katttillbehor","8":"product_cat-klostrad","10":"first","11":"instock","12":"sale","13":"taxable","14":"shipping-taxable","15":"purchasable","16":"product-type-simple"},"yoast_head":"<!-- This site is optimized with the Yoast SEO plugin v25.4 - https:\/\/yoast.com\/wordpress\/plugins\/seo\/ -->\n<title>TRUUSK Kl\u00f6str\u00e4d med Grotta - 30 cm h\u00f6gt - Sisal Katttorn - M\u00f6rkgr\u00e5 - F\u00f6r Katter upp till 5 kg - TRUUSK - Hem, Tr\u00e4dg\u00e5rd &amp; Fritid<\/title>\n<meta name=\"robots\" content=\"index, follow, max-snippet:-1, max-image-preview:large, max-video-preview:-1\" \/>\n<link rel=\"canonical\" href=\"https:\/\/truusk.store\/sv\/produkt\/truusk-klostrad-med-grotta-30-cm-hogt-sisal-katttorn-morkgra-for-katter-upp-till-5-kg\/\" \/>\n<meta property=\"og:locale\" content=\"sv_SE\" \/>\n<meta property=\"og:type\" content=\"article\" \/>\n<meta property=\"og:title\" content=\"TRUUSK Kl\u00f6str\u00e4d med Grotta - 30 cm h\u00f6gt - Sisal Katttorn - M\u00f6rkgr\u00e5 - F\u00f6r Katter upp till 5 kg - TRUUSK - Hem, Tr\u00e4dg\u00e5rd &amp; Fritid\" \/>\n<meta property=\"og:description\" content=\"Uppt\u00e4ck TRUUSK katttorn med tre v\u00e5ningar, en lekfull tillflyktsort med tv\u00e5 inbjudande inre utrymmen f\u00f6r avkoppling och en mjuk toppniv\u00e5...\" \/>\n<meta property=\"og:url\" content=\"https:\/\/truusk.store\/sv\/produkt\/truusk-klostrad-med-grotta-30-cm-hogt-sisal-katttorn-morkgra-for-katter-upp-till-5-kg\/\" \/>\n<meta property=\"og:site_name\" content=\"TRUUSK - Hem, Tr\u00e4dg\u00e5rd &amp; Fritid\" \/>\n<meta property=\"article:modified_time\" content=\"2026-03-12T08:43:23+00:00\" \/>\n<meta property=\"og:image\" content=\"https:\/\/i0.wp.com\/truusk.se\/wp-content\/uploads\/2025\/06\/klostrad-30-cm-hogt-kattror-med-grotta-klostrad-katttorn-av-sisal-for-katter-upp-till-5-kg-morkgra-1.webp?fit=2000%2C2000&ssl=1\" \/>\n\t<meta property=\"og:image:width\" content=\"2000\" \/>\n\t<meta property=\"og:image:height\" content=\"2000\" \/>\n\t<meta property=\"og:image:type\" content=\"image\/webp\" \/>\n<meta name=\"twitter:card\" content=\"summary_large_image\" \/>\n<meta name=\"twitter:label1\" content=\"Ber\u00e4knad l\u00e4stid\" \/>\n\t<meta name=\"twitter:data1\" content=\"1 minut\" \/>\n<!-- \/ Yoast SEO plugin. -->","yoast_head_json":{"title":"TRUUSK Kl\u00f6str\u00e4d med Grotta - 30 cm h\u00f6gt - Sisal Katttorn - M\u00f6rkgr\u00e5 - F\u00f6r Katter upp till 5 kg - TRUUSK - Hem, Tr\u00e4dg\u00e5rd &amp; Fritid","robots":{"index":"index","follow":"follow","max-snippet":"max-snippet:-1","max-image-preview":"max-image-preview:large","max-video-preview":"max-video-preview:-1"},"canonical":"https:\/\/truusk.store\/sv\/produkt\/truusk-klostrad-med-grotta-30-cm-hogt-sisal-katttorn-morkgra-for-katter-upp-till-5-kg\/","og_locale":"sv_SE","og_type":"article","og_title":"TRUUSK Kl\u00f6str\u00e4d med Grotta - 30 cm h\u00f6gt - Sisal Katttorn - M\u00f6rkgr\u00e5 - F\u00f6r Katter upp till 5 kg - TRUUSK - Hem, Tr\u00e4dg\u00e5rd &amp; Fritid","og_description":"Uppt\u00e4ck TRUUSK katttorn med tre v\u00e5ningar, en lekfull tillflyktsort med tv\u00e5 inbjudande inre utrymmen f\u00f6r avkoppling och en mjuk toppniv\u00e5...","og_url":"https:\/\/truusk.store\/sv\/produkt\/truusk-klostrad-med-grotta-30-cm-hogt-sisal-katttorn-morkgra-for-katter-upp-till-5-kg\/","og_site_name":"TRUUSK - Hem, Tr\u00e4dg\u00e5rd &amp; Fritid","article_modified_time":"2026-03-12T08:43:23+00:00","og_image":[{"width":2000,"height":2000,"url":"https:\/\/i0.wp.com\/truusk.se\/wp-content\/uploads\/2025\/06\/klostrad-30-cm-hogt-kattror-med-grotta-klostrad-katttorn-av-sisal-for-katter-upp-till-5-kg-morkgra-1.webp?fit=2000%2C2000&ssl=1","type":"image\/webp"}],"twitter_card":"summary_large_image","twitter_misc":{"Ber\u00e4knad l\u00e4stid":"1 minut"},"schema":{"@context":"https:\/\/schema.org","@graph":[{"@type":"WebPage","@id":"https:\/\/truusk.store\/sv\/produkt\/truusk-klostrad-med-grotta-30-cm-hogt-sisal-katttorn-morkgra-for-katter-upp-till-5-kg\/","url":"https:\/\/truusk.store\/sv\/produkt\/truusk-klostrad-med-grotta-30-cm-hogt-sisal-katttorn-morkgra-for-katter-upp-till-5-kg\/","name":"TRUUSK Kl\u00f6str\u00e4d med Grotta - 30 cm h\u00f6gt - Sisal Katttorn - M\u00f6rkgr\u00e5 - F\u00f6r Katter upp till 5 kg - TRUUSK - Hem, Tr\u00e4dg\u00e5rd &amp; Fritid","isPartOf":{"@id":"https:\/\/truusk.store\/sv\/#website"},"primaryImageOfPage":{"@id":"https:\/\/truusk.store\/sv\/produkt\/truusk-klostrad-med-grotta-30-cm-hogt-sisal-katttorn-morkgra-for-katter-upp-till-5-kg\/#primaryimage"},"image":{"@id":"https:\/\/truusk.store\/sv\/produkt\/truusk-klostrad-med-grotta-30-cm-hogt-sisal-katttorn-morkgra-for-katter-upp-till-5-kg\/#primaryimage"},"thumbnailUrl":"https:\/\/i0.wp.com\/truusk.store\/wp-content\/uploads\/2025\/06\/klostrad-30-cm-hogt-kattror-med-grotta-klostrad-katttorn-av-sisal-for-katter-upp-till-5-kg-morkgra-1.webp?fit=2000%2C2000&ssl=1","datePublished":"2025-06-05T06:57:43+00:00","dateModified":"2026-03-12T08:43:23+00:00","breadcrumb":{"@id":"https:\/\/truusk.store\/sv\/produkt\/truusk-klostrad-med-grotta-30-cm-hogt-sisal-katttorn-morkgra-for-katter-upp-till-5-kg\/#breadcrumb"},"inLanguage":"sv-SE","potentialAction":[{"@type":"ReadAction","target":["https:\/\/truusk.store\/sv\/produkt\/truusk-klostrad-med-grotta-30-cm-hogt-sisal-katttorn-morkgra-for-katter-upp-till-5-kg\/"]}]},{"@type":"ImageObject","inLanguage":"sv-SE","@id":"https:\/\/truusk.store\/sv\/produkt\/truusk-klostrad-med-grotta-30-cm-hogt-sisal-katttorn-morkgra-for-katter-upp-till-5-kg\/#primaryimage","url":"https:\/\/i0.wp.com\/truusk.store\/wp-content\/uploads\/2025\/06\/klostrad-30-cm-hogt-kattror-med-grotta-klostrad-katttorn-av-sisal-for-katter-upp-till-5-kg-morkgra-1.webp?fit=2000%2C2000&ssl=1","contentUrl":"https:\/\/i0.wp.com\/truusk.store\/wp-content\/uploads\/2025\/06\/klostrad-30-cm-hogt-kattror-med-grotta-klostrad-katttorn-av-sisal-for-katter-upp-till-5-kg-morkgra-1.webp?fit=2000%2C2000&ssl=1","width":2000,"height":2000},{"@type":"BreadcrumbList","@id":"https:\/\/truusk.store\/sv\/produkt\/truusk-klostrad-med-grotta-30-cm-hogt-sisal-katttorn-morkgra-for-katter-upp-till-5-kg\/#breadcrumb","itemListElement":[{"@type":"ListItem","position":1,"name":"Home","item":"https:\/\/truusk.store\/sv\/"},{"@type":"ListItem","position":2,"name":"Shop","item":"https:\/\/truusk.store\/shop\/"},{"@type":"ListItem","position":3,"name":"TRUUSK Kl\u00f6str\u00e4d med Grotta &#8211; 30 cm h\u00f6gt &#8211; Sisal Katttorn &#8211; M\u00f6rkgr\u00e5 &#8211; F\u00f6r Katter upp till 5 kg"}]},{"@type":"WebSite","@id":"https:\/\/truusk.store\/sv\/#website","url":"https:\/\/truusk.store\/sv\/","name":"TRUUSK - Hem, Tr\u00e4dg\u00e5rd & Fritid","description":"","publisher":{"@id":"https:\/\/truusk.store\/sv\/#organization"},"potentialAction":[{"@type":"SearchAction","target":{"@type":"EntryPoint","urlTemplate":"https:\/\/truusk.store\/sv\/?s={search_term_string}"},"query-input":{"@type":"PropertyValueSpecification","valueRequired":true,"valueName":"search_term_string"}}],"inLanguage":"sv-SE"},{"@type":"Organization","@id":"https:\/\/truusk.store\/sv\/#organization","name":"TRUUSK - Hem, Tr\u00e4dg\u00e5rd & Fritid","url":"https:\/\/truusk.store\/sv\/","logo":{"@type":"ImageObject","inLanguage":"sv-SE","@id":"https:\/\/truusk.store\/sv\/#\/schema\/logo\/image\/","url":"https:\/\/i0.wp.com\/truusk.store\/wp-content\/uploads\/2026\/03\/cropped-TRUUSK.png?fit=2032%2C917&ssl=1","contentUrl":"https:\/\/i0.wp.com\/truusk.store\/wp-content\/uploads\/2026\/03\/cropped-TRUUSK.png?fit=2032%2C917&ssl=1","width":2032,"height":917,"caption":"TRUUSK - Hem, Tr\u00e4dg\u00e5rd & Fritid"},"image":{"@id":"https:\/\/truusk.store\/sv\/#\/schema\/logo\/image\/"}}]}},"jetpack_sharing_enabled":true,"_links":{"self":[{"href":"https:\/\/truusk.store\/sv\/wp-json\/wp\/v2\/product\/63566","targetHints":{"allow":["GET"]}}],"collection":[{"href":"https:\/\/truusk.store\/sv\/wp-json\/wp\/v2\/product"}],"about":[{"href":"https:\/\/truusk.store\/sv\/wp-json\/wp\/v2\/types\/product"}],"wp:featuredmedia":[{"embeddable":true,"href":"https:\/\/truusk.store\/sv\/wp-json\/wp\/v2\/media\/63557"}],"wp:attachment":[{"href":"https:\/\/truusk.store\/sv\/wp-json\/wp\/v2\/media?parent=63566"}],"wp:term":[{"taxonomy":"product_brand","embeddable":true,"href":"https:\/\/truusk.store\/sv\/wp-json\/wp\/v2\/product_brand?post=63566"},{"taxonomy":"product_cat","embeddable":true,"href":"https:\/\/truusk.store\/sv\/wp-json\/wp\/v2\/product_cat?post=63566"},{"taxonomy":"product_tag","embeddable":true,"href":"https:\/\/truusk.store\/sv\/wp-json\/wp\/v2\/product_tag?post=63566"}],"curies":[{"name":"wp","href":"https:\/\/api.w.org\/{rel}","templated":true}]}}