{"id":63586,"date":"2025-06-05T07:59:34","date_gmt":"2025-06-05T06:59:34","guid":{"rendered":"https:\/\/truusk.store\/product\/golvlampa-modern-golvlampa-med-fotomkopplare-skarm-med-linneutseende-staende-lampa-for-vardagsrum-sovrum-exkl-glodlampa-svart\/"},"modified":"2026-03-12T09:42:17","modified_gmt":"2026-03-12T08:42:17","slug":"truusk-modern-golvlampa-med-fotomkopplare-skarm-med-linneutseende-staende-lampa-for-vardagsrum-sovrum-exkl-glodlampa","status":"publish","type":"product","link":"https:\/\/truusk.store\/sv\/produkt\/truusk-modern-golvlampa-med-fotomkopplare-skarm-med-linneutseende-staende-lampa-for-vardagsrum-sovrum-exkl-glodlampa\/","title":{"rendered":"TRUUSK Modern Golvlampa Med Fotomkopplare &#8211; Sk\u00e4rm Med Linneutseende &#8211; St\u00e5ende Lampa &#8211; F\u00f6r Vardagsrum, Sovrum &#8211; Exkl. Gl\u00f6dlampa &#8211;"},"content":{"rendered":"<p> Ljusa upp din omgivning med den stiliga TRUUSK golvlampan. Dess enkla sk\u00e4rm av konstlin ger ett mjukt, varmt ljus &#8211; perfekt f\u00f6r vardagsrum eller sovrum. Den robusta metallramen lovar stabilitet och en fotbrytare underl\u00e4ttar p\u00e5- och avst\u00e4ngning. Idealisk som l\u00e4slampa eller som dekorativt element i varje h\u00f6rn av rummet. <\/p>\n<p> Beskrivning: <\/p>\n<ul>\n<li> Modern minimalistisk lampsk\u00e4rm av linnev\u00e4v som sprider ljuset mjukt och vackert <\/li>\n<li> L\u00e4mpliga ljusk\u00e4llor: LED-lampor och halogenlampor etc. E27-sockel, maximalt 40W <\/li>\n<li> Stabil metallram och fot f\u00f6rhindrar l\u00e4tt tipping <\/li>\n<li> Fotbrytare m\u00f6jligg\u00f6r enkel p\u00e5- och avst\u00e4ngning med fulla h\u00e4nder <\/li>\n<li> Enkel montering kr\u00e4vs <\/li>\n<\/ul>\n<p> Tekniska data: <\/p>\n<ul>\n<li> F\u00e4rg: Svart + Beige <\/li>\n<li> Material: Metall, konstlin (polyester) <\/li>\n<li> Totala dimensioner: \u00d825 x 161,5H cm <\/li>\n<li> Lampsk\u00e4rmstorlek: 20L x 20B x 45H cm <\/li>\n<li> Sockelstorlek: \u00d825 x 3H cm <\/li>\n<li> Kabell\u00e4ngd: 1,8 m <\/li>\n<li> E27-sockel (utan gl\u00f6dlampa) <\/li>\n<li> Gl\u00f6dlampans effekt: 40W <\/li>\n<li> Sp\u00e4nning: 220-240V, 50\/60Hz <\/li>\n<\/ul>\n<p> Leveransinneh\u00e5ll: <\/p>\n<ul>\n<li> 1 x golvlampa <\/li>\n<li> 1 x bruksanvisning <\/li>\n<\/ul>\n","protected":false},"excerpt":{"rendered":"<p>Ljusa upp din omgivning med den stiliga TRUUSK golvlampan. Dess enkla sk\u00e4rm av konstlin ger ett mjukt, varmt ljus &#8211;&#8230;<\/p>\n","protected":false},"featured_media":63577,"template":"","meta":[],"product_brand":[],"product_cat":[486,907,871],"product_tag":[],"class_list":{"0":"post-63586","1":"product","2":"type-product","3":"status-publish","4":"has-post-thumbnail","6":"product_cat-belysning","7":"product_cat-golvlampor","8":"product_cat-hus-hem","10":"first","11":"instock","12":"sale","13":"taxable","14":"shipping-taxable","15":"purchasable","16":"product-type-simple"},"yoast_head":"<!-- This site is optimized with the Yoast SEO plugin v25.4 - https:\/\/yoast.com\/wordpress\/plugins\/seo\/ -->\n<title>TRUUSK Modern Golvlampa Med Fotomkopplare - Sk\u00e4rm Med Linneutseende - St\u00e5ende Lampa - F\u00f6r Vardagsrum, Sovrum - Exkl. Gl\u00f6dlampa - TRUUSK - Hem, Tr\u00e4dg\u00e5rd &amp; Fritid<\/title>\n<meta name=\"robots\" content=\"index, follow, max-snippet:-1, max-image-preview:large, max-video-preview:-1\" \/>\n<link rel=\"canonical\" href=\"https:\/\/truusk.store\/sv\/produkt\/truusk-modern-golvlampa-med-fotomkopplare-skarm-med-linneutseende-staende-lampa-for-vardagsrum-sovrum-exkl-glodlampa\/\" \/>\n<meta property=\"og:locale\" content=\"sv_SE\" \/>\n<meta property=\"og:type\" content=\"article\" \/>\n<meta property=\"og:title\" content=\"TRUUSK Modern Golvlampa Med Fotomkopplare - Sk\u00e4rm Med Linneutseende - St\u00e5ende Lampa - F\u00f6r Vardagsrum, Sovrum - Exkl. Gl\u00f6dlampa - TRUUSK - Hem, Tr\u00e4dg\u00e5rd &amp; Fritid\" \/>\n<meta property=\"og:description\" content=\"Ljusa upp din omgivning med den stiliga TRUUSK golvlampan. Dess enkla sk\u00e4rm av konstlin ger ett mjukt, varmt ljus &#8211;...\" \/>\n<meta property=\"og:url\" content=\"https:\/\/truusk.store\/sv\/produkt\/truusk-modern-golvlampa-med-fotomkopplare-skarm-med-linneutseende-staende-lampa-for-vardagsrum-sovrum-exkl-glodlampa\/\" \/>\n<meta property=\"og:site_name\" content=\"TRUUSK - Hem, Tr\u00e4dg\u00e5rd &amp; Fritid\" \/>\n<meta property=\"article:modified_time\" content=\"2026-03-12T08:42:17+00:00\" \/>\n<meta property=\"og:image\" content=\"https:\/\/i0.wp.com\/truusk.se\/wp-content\/uploads\/2025\/06\/golvlampa-modern-golvlampa-med-fotomkopplare-skarm-med-linneutseende-staende-lampa-for-vardagsrum-sovrum-exkl-glodlampa-svart-1.webp?fit=2000%2C2000&ssl=1\" \/>\n\t<meta property=\"og:image:width\" content=\"2000\" \/>\n\t<meta property=\"og:image:height\" content=\"2000\" \/>\n\t<meta property=\"og:image:type\" content=\"image\/webp\" \/>\n<meta name=\"twitter:card\" content=\"summary_large_image\" \/>\n<meta name=\"twitter:label1\" content=\"Ber\u00e4knad l\u00e4stid\" \/>\n\t<meta name=\"twitter:data1\" content=\"1 minut\" \/>\n<!-- \/ Yoast SEO plugin. -->","yoast_head_json":{"title":"TRUUSK Modern Golvlampa Med Fotomkopplare - Sk\u00e4rm Med Linneutseende - St\u00e5ende Lampa - F\u00f6r Vardagsrum, Sovrum - Exkl. Gl\u00f6dlampa - TRUUSK - Hem, Tr\u00e4dg\u00e5rd &amp; Fritid","robots":{"index":"index","follow":"follow","max-snippet":"max-snippet:-1","max-image-preview":"max-image-preview:large","max-video-preview":"max-video-preview:-1"},"canonical":"https:\/\/truusk.store\/sv\/produkt\/truusk-modern-golvlampa-med-fotomkopplare-skarm-med-linneutseende-staende-lampa-for-vardagsrum-sovrum-exkl-glodlampa\/","og_locale":"sv_SE","og_type":"article","og_title":"TRUUSK Modern Golvlampa Med Fotomkopplare - Sk\u00e4rm Med Linneutseende - St\u00e5ende Lampa - F\u00f6r Vardagsrum, Sovrum - Exkl. Gl\u00f6dlampa - TRUUSK - Hem, Tr\u00e4dg\u00e5rd &amp; Fritid","og_description":"Ljusa upp din omgivning med den stiliga TRUUSK golvlampan. Dess enkla sk\u00e4rm av konstlin ger ett mjukt, varmt ljus &#8211;...","og_url":"https:\/\/truusk.store\/sv\/produkt\/truusk-modern-golvlampa-med-fotomkopplare-skarm-med-linneutseende-staende-lampa-for-vardagsrum-sovrum-exkl-glodlampa\/","og_site_name":"TRUUSK - Hem, Tr\u00e4dg\u00e5rd &amp; Fritid","article_modified_time":"2026-03-12T08:42:17+00:00","og_image":[{"width":2000,"height":2000,"url":"https:\/\/i0.wp.com\/truusk.se\/wp-content\/uploads\/2025\/06\/golvlampa-modern-golvlampa-med-fotomkopplare-skarm-med-linneutseende-staende-lampa-for-vardagsrum-sovrum-exkl-glodlampa-svart-1.webp?fit=2000%2C2000&ssl=1","type":"image\/webp"}],"twitter_card":"summary_large_image","twitter_misc":{"Ber\u00e4knad l\u00e4stid":"1 minut"},"schema":{"@context":"https:\/\/schema.org","@graph":[{"@type":"WebPage","@id":"https:\/\/truusk.store\/sv\/produkt\/truusk-modern-golvlampa-med-fotomkopplare-skarm-med-linneutseende-staende-lampa-for-vardagsrum-sovrum-exkl-glodlampa\/","url":"https:\/\/truusk.store\/sv\/produkt\/truusk-modern-golvlampa-med-fotomkopplare-skarm-med-linneutseende-staende-lampa-for-vardagsrum-sovrum-exkl-glodlampa\/","name":"TRUUSK Modern Golvlampa Med Fotomkopplare - Sk\u00e4rm Med Linneutseende - St\u00e5ende Lampa - F\u00f6r Vardagsrum, Sovrum - Exkl. Gl\u00f6dlampa - TRUUSK - Hem, Tr\u00e4dg\u00e5rd &amp; Fritid","isPartOf":{"@id":"https:\/\/truusk.store\/sv\/#website"},"primaryImageOfPage":{"@id":"https:\/\/truusk.store\/sv\/produkt\/truusk-modern-golvlampa-med-fotomkopplare-skarm-med-linneutseende-staende-lampa-for-vardagsrum-sovrum-exkl-glodlampa\/#primaryimage"},"image":{"@id":"https:\/\/truusk.store\/sv\/produkt\/truusk-modern-golvlampa-med-fotomkopplare-skarm-med-linneutseende-staende-lampa-for-vardagsrum-sovrum-exkl-glodlampa\/#primaryimage"},"thumbnailUrl":"https:\/\/i0.wp.com\/truusk.store\/wp-content\/uploads\/2025\/06\/golvlampa-modern-golvlampa-med-fotomkopplare-skarm-med-linneutseende-staende-lampa-for-vardagsrum-sovrum-exkl-glodlampa-svart-1.webp?fit=2000%2C2000&ssl=1","datePublished":"2025-06-05T06:59:34+00:00","dateModified":"2026-03-12T08:42:17+00:00","breadcrumb":{"@id":"https:\/\/truusk.store\/sv\/produkt\/truusk-modern-golvlampa-med-fotomkopplare-skarm-med-linneutseende-staende-lampa-for-vardagsrum-sovrum-exkl-glodlampa\/#breadcrumb"},"inLanguage":"sv-SE","potentialAction":[{"@type":"ReadAction","target":["https:\/\/truusk.store\/sv\/produkt\/truusk-modern-golvlampa-med-fotomkopplare-skarm-med-linneutseende-staende-lampa-for-vardagsrum-sovrum-exkl-glodlampa\/"]}]},{"@type":"ImageObject","inLanguage":"sv-SE","@id":"https:\/\/truusk.store\/sv\/produkt\/truusk-modern-golvlampa-med-fotomkopplare-skarm-med-linneutseende-staende-lampa-for-vardagsrum-sovrum-exkl-glodlampa\/#primaryimage","url":"https:\/\/i0.wp.com\/truusk.store\/wp-content\/uploads\/2025\/06\/golvlampa-modern-golvlampa-med-fotomkopplare-skarm-med-linneutseende-staende-lampa-for-vardagsrum-sovrum-exkl-glodlampa-svart-1.webp?fit=2000%2C2000&ssl=1","contentUrl":"https:\/\/i0.wp.com\/truusk.store\/wp-content\/uploads\/2025\/06\/golvlampa-modern-golvlampa-med-fotomkopplare-skarm-med-linneutseende-staende-lampa-for-vardagsrum-sovrum-exkl-glodlampa-svart-1.webp?fit=2000%2C2000&ssl=1","width":2000,"height":2000},{"@type":"BreadcrumbList","@id":"https:\/\/truusk.store\/sv\/produkt\/truusk-modern-golvlampa-med-fotomkopplare-skarm-med-linneutseende-staende-lampa-for-vardagsrum-sovrum-exkl-glodlampa\/#breadcrumb","itemListElement":[{"@type":"ListItem","position":1,"name":"Home","item":"https:\/\/truusk.store\/sv\/"},{"@type":"ListItem","position":2,"name":"Shop","item":"https:\/\/truusk.store\/shop\/"},{"@type":"ListItem","position":3,"name":"TRUUSK Modern Golvlampa Med Fotomkopplare &#8211; Sk\u00e4rm Med Linneutseende &#8211; St\u00e5ende Lampa &#8211; F\u00f6r Vardagsrum, Sovrum &#8211; Exkl. Gl\u00f6dlampa &#8211;"}]},{"@type":"WebSite","@id":"https:\/\/truusk.store\/sv\/#website","url":"https:\/\/truusk.store\/sv\/","name":"TRUUSK - Hem, Tr\u00e4dg\u00e5rd & Fritid","description":"","publisher":{"@id":"https:\/\/truusk.store\/sv\/#organization"},"potentialAction":[{"@type":"SearchAction","target":{"@type":"EntryPoint","urlTemplate":"https:\/\/truusk.store\/sv\/?s={search_term_string}"},"query-input":{"@type":"PropertyValueSpecification","valueRequired":true,"valueName":"search_term_string"}}],"inLanguage":"sv-SE"},{"@type":"Organization","@id":"https:\/\/truusk.store\/sv\/#organization","name":"TRUUSK - Hem, Tr\u00e4dg\u00e5rd & Fritid","url":"https:\/\/truusk.store\/sv\/","logo":{"@type":"ImageObject","inLanguage":"sv-SE","@id":"https:\/\/truusk.store\/sv\/#\/schema\/logo\/image\/","url":"https:\/\/i0.wp.com\/truusk.store\/wp-content\/uploads\/2026\/03\/cropped-TRUUSK.png?fit=2032%2C917&ssl=1","contentUrl":"https:\/\/i0.wp.com\/truusk.store\/wp-content\/uploads\/2026\/03\/cropped-TRUUSK.png?fit=2032%2C917&ssl=1","width":2032,"height":917,"caption":"TRUUSK - Hem, Tr\u00e4dg\u00e5rd & Fritid"},"image":{"@id":"https:\/\/truusk.store\/sv\/#\/schema\/logo\/image\/"}}]}},"jetpack_sharing_enabled":true,"_links":{"self":[{"href":"https:\/\/truusk.store\/sv\/wp-json\/wp\/v2\/product\/63586","targetHints":{"allow":["GET"]}}],"collection":[{"href":"https:\/\/truusk.store\/sv\/wp-json\/wp\/v2\/product"}],"about":[{"href":"https:\/\/truusk.store\/sv\/wp-json\/wp\/v2\/types\/product"}],"wp:featuredmedia":[{"embeddable":true,"href":"https:\/\/truusk.store\/sv\/wp-json\/wp\/v2\/media\/63577"}],"wp:attachment":[{"href":"https:\/\/truusk.store\/sv\/wp-json\/wp\/v2\/media?parent=63586"}],"wp:term":[{"taxonomy":"product_brand","embeddable":true,"href":"https:\/\/truusk.store\/sv\/wp-json\/wp\/v2\/product_brand?post=63586"},{"taxonomy":"product_cat","embeddable":true,"href":"https:\/\/truusk.store\/sv\/wp-json\/wp\/v2\/product_cat?post=63586"},{"taxonomy":"product_tag","embeddable":true,"href":"https:\/\/truusk.store\/sv\/wp-json\/wp\/v2\/product_tag?post=63586"}],"curies":[{"name":"wp","href":"https:\/\/api.w.org\/{rel}","templated":true}]}}