{"id":63626,"date":"2025-06-05T08:03:46","date_gmt":"2025-06-05T07:03:46","guid":{"rendered":"https:\/\/truusk.store\/product\/golvlampa-golvlampa-med-3-e27-fasten-40-w-staende-lampa-med-3-justerbara-lagor-for-vardagsrum-hojd-169-cm-metall-exkl-glodlampa-svart\/"},"modified":"2026-03-12T09:41:39","modified_gmt":"2026-03-12T08:41:39","slug":"truusk-golvlampa-med-3-e27-fasten-staende-lampa-med-justerbara-lagor-for-vardagsrum-hojd-169-cm-metall-svart","status":"publish","type":"product","link":"https:\/\/truusk.store\/sv\/produkt\/truusk-golvlampa-med-3-e27-fasten-staende-lampa-med-justerbara-lagor-for-vardagsrum-hojd-169-cm-metall-svart\/","title":{"rendered":"TRUUSK Golvlampa med 3 E27-f\u00e4sten &#8211; St\u00e5ende lampa med justerbara l\u00e5gor &#8211; F\u00f6r vardagsrum &#8211; H\u00f6jd 169 cm &#8211; Metall &#8211; Svart"},"content":{"rendered":"<p> Lys upp din omgivning stilfullt med TRUUSK LED-golvlampa! Dess moderna design erbjuder en l\u00e5ng central st\u00e5ng med tre justerbara lampor, vilket g\u00f6r det m\u00f6jligt att rikta ljuset. Varje lampa kan sl\u00e5s p\u00e5 individuellt och vilar p\u00e5 en stabil metallfot f\u00f6r optimal stabilitet. Idealisk f\u00f6r stilfullt inredda rum. <\/p>\n<p> Beskrivning: <\/p>\n<ul>\n<li> Ett tr\u00e4d-design, tre justerbara lampor och en smal metallram p\u00e5 golvlampan ger ditt vardagsrum en modern touch <\/li>\n<li> Tre justerbara lampor p\u00e5 golvlampan \u00f6kar belysningsflexibiliteten <\/li>\n<li> Vridknappbrytaren g\u00f6r det l\u00e4tt att sl\u00e5 p\u00e5 och av ljuset <\/li>\n<li> Individuella str\u00f6mbrytare f\u00f6r varje lampsk\u00e4rm <\/li>\n<li> L\u00e4mplig f\u00f6r olika gl\u00f6dlampor: LED-gl\u00f6dlampor, halogenlampor etc. (gl\u00f6dlampa ing\u00e5r inte). Maximalt 40W. <\/li>\n<li> Stabil metallram och fot f\u00f6rhindrar att den v\u00e4lter <\/li>\n<li> Montering kr\u00e4vs <\/li>\n<\/ul>\n<p> Tekniska data: <\/p>\n<ul>\n<li> F\u00e4rg: Svart <\/li>\n<li> Material: Metall <\/li>\n<li> Totala dimensioner: 41L x 28B x 169H cm <\/li>\n<li> Lampsk\u00e4rmstorlek: \u00d815 x 20H cm <\/li>\n<li> Basstorlek: \u00d828 x 3H cm <\/li>\n<li> Kabell\u00e4ngd: 1,8 m <\/li>\n<li> E27 sockel (utan gl\u00f6dlampa) <\/li>\n<li> Gl\u00f6dlampans effekt: 40 W <\/li>\n<li> Sp\u00e4nning: 220-240V, 50Hz <\/li>\n<\/ul>\n<p> Leveransinneh\u00e5ll: <\/p>\n<ul>\n<li> 1 x Golvlampa <\/li>\n<li> 1 x Bruksanvisning <\/li>\n<\/ul>\n","protected":false},"excerpt":{"rendered":"<p>Lys upp din omgivning stilfullt med TRUUSK LED-golvlampa! Dess moderna design erbjuder en l\u00e5ng central st\u00e5ng med tre justerbara lampor,&#8230;<\/p>\n","protected":false},"featured_media":63617,"template":"","meta":[],"product_brand":[],"product_cat":[486,907,871],"product_tag":[],"class_list":{"0":"post-63626","1":"product","2":"type-product","3":"status-publish","4":"has-post-thumbnail","6":"product_cat-belysning","7":"product_cat-golvlampor","8":"product_cat-hus-hem","10":"first","11":"instock","12":"sale","13":"taxable","14":"shipping-taxable","15":"purchasable","16":"product-type-simple"},"yoast_head":"<!-- This site is optimized with the Yoast SEO plugin v25.4 - https:\/\/yoast.com\/wordpress\/plugins\/seo\/ -->\n<title>TRUUSK Golvlampa med 3 E27-f\u00e4sten - St\u00e5ende lampa med justerbara l\u00e5gor - F\u00f6r vardagsrum - H\u00f6jd 169 cm - Metall - Svart - TRUUSK - Hem, Tr\u00e4dg\u00e5rd &amp; Fritid<\/title>\n<meta name=\"robots\" content=\"index, follow, max-snippet:-1, max-image-preview:large, max-video-preview:-1\" \/>\n<link rel=\"canonical\" href=\"https:\/\/truusk.store\/sv\/produkt\/truusk-golvlampa-med-3-e27-fasten-staende-lampa-med-justerbara-lagor-for-vardagsrum-hojd-169-cm-metall-svart\/\" \/>\n<meta property=\"og:locale\" content=\"sv_SE\" \/>\n<meta property=\"og:type\" content=\"article\" \/>\n<meta property=\"og:title\" content=\"TRUUSK Golvlampa med 3 E27-f\u00e4sten - St\u00e5ende lampa med justerbara l\u00e5gor - F\u00f6r vardagsrum - H\u00f6jd 169 cm - Metall - Svart - TRUUSK - Hem, Tr\u00e4dg\u00e5rd &amp; Fritid\" \/>\n<meta property=\"og:description\" content=\"Lys upp din omgivning stilfullt med TRUUSK LED-golvlampa! Dess moderna design erbjuder en l\u00e5ng central st\u00e5ng med tre justerbara lampor,...\" \/>\n<meta property=\"og:url\" content=\"https:\/\/truusk.store\/sv\/produkt\/truusk-golvlampa-med-3-e27-fasten-staende-lampa-med-justerbara-lagor-for-vardagsrum-hojd-169-cm-metall-svart\/\" \/>\n<meta property=\"og:site_name\" content=\"TRUUSK - Hem, Tr\u00e4dg\u00e5rd &amp; Fritid\" \/>\n<meta property=\"article:modified_time\" content=\"2026-03-12T08:41:39+00:00\" \/>\n<meta property=\"og:image\" content=\"https:\/\/i0.wp.com\/truusk.se\/wp-content\/uploads\/2025\/06\/golvlampa-golvlampa-med-3-e27-fasten-40-w-staende-lampa-med-3-justerbara-lagor-for-vardagsrum-hojd-169-cm-metall-exkl-glodlampa-svart-1.webp?fit=2000%2C2000&ssl=1\" \/>\n\t<meta property=\"og:image:width\" content=\"2000\" \/>\n\t<meta property=\"og:image:height\" content=\"2000\" \/>\n\t<meta property=\"og:image:type\" content=\"image\/webp\" \/>\n<meta name=\"twitter:card\" content=\"summary_large_image\" \/>\n<meta name=\"twitter:label1\" content=\"Ber\u00e4knad l\u00e4stid\" \/>\n\t<meta name=\"twitter:data1\" content=\"1 minut\" \/>\n<!-- \/ Yoast SEO plugin. -->","yoast_head_json":{"title":"TRUUSK Golvlampa med 3 E27-f\u00e4sten - St\u00e5ende lampa med justerbara l\u00e5gor - F\u00f6r vardagsrum - H\u00f6jd 169 cm - Metall - Svart - TRUUSK - Hem, Tr\u00e4dg\u00e5rd &amp; Fritid","robots":{"index":"index","follow":"follow","max-snippet":"max-snippet:-1","max-image-preview":"max-image-preview:large","max-video-preview":"max-video-preview:-1"},"canonical":"https:\/\/truusk.store\/sv\/produkt\/truusk-golvlampa-med-3-e27-fasten-staende-lampa-med-justerbara-lagor-for-vardagsrum-hojd-169-cm-metall-svart\/","og_locale":"sv_SE","og_type":"article","og_title":"TRUUSK Golvlampa med 3 E27-f\u00e4sten - St\u00e5ende lampa med justerbara l\u00e5gor - F\u00f6r vardagsrum - H\u00f6jd 169 cm - Metall - Svart - TRUUSK - Hem, Tr\u00e4dg\u00e5rd &amp; Fritid","og_description":"Lys upp din omgivning stilfullt med TRUUSK LED-golvlampa! Dess moderna design erbjuder en l\u00e5ng central st\u00e5ng med tre justerbara lampor,...","og_url":"https:\/\/truusk.store\/sv\/produkt\/truusk-golvlampa-med-3-e27-fasten-staende-lampa-med-justerbara-lagor-for-vardagsrum-hojd-169-cm-metall-svart\/","og_site_name":"TRUUSK - Hem, Tr\u00e4dg\u00e5rd &amp; Fritid","article_modified_time":"2026-03-12T08:41:39+00:00","og_image":[{"width":2000,"height":2000,"url":"https:\/\/i0.wp.com\/truusk.se\/wp-content\/uploads\/2025\/06\/golvlampa-golvlampa-med-3-e27-fasten-40-w-staende-lampa-med-3-justerbara-lagor-for-vardagsrum-hojd-169-cm-metall-exkl-glodlampa-svart-1.webp?fit=2000%2C2000&ssl=1","type":"image\/webp"}],"twitter_card":"summary_large_image","twitter_misc":{"Ber\u00e4knad l\u00e4stid":"1 minut"},"schema":{"@context":"https:\/\/schema.org","@graph":[{"@type":"WebPage","@id":"https:\/\/truusk.store\/sv\/produkt\/truusk-golvlampa-med-3-e27-fasten-staende-lampa-med-justerbara-lagor-for-vardagsrum-hojd-169-cm-metall-svart\/","url":"https:\/\/truusk.store\/sv\/produkt\/truusk-golvlampa-med-3-e27-fasten-staende-lampa-med-justerbara-lagor-for-vardagsrum-hojd-169-cm-metall-svart\/","name":"TRUUSK Golvlampa med 3 E27-f\u00e4sten - St\u00e5ende lampa med justerbara l\u00e5gor - F\u00f6r vardagsrum - H\u00f6jd 169 cm - Metall - Svart - TRUUSK - Hem, Tr\u00e4dg\u00e5rd &amp; Fritid","isPartOf":{"@id":"https:\/\/truusk.store\/sv\/#website"},"primaryImageOfPage":{"@id":"https:\/\/truusk.store\/sv\/produkt\/truusk-golvlampa-med-3-e27-fasten-staende-lampa-med-justerbara-lagor-for-vardagsrum-hojd-169-cm-metall-svart\/#primaryimage"},"image":{"@id":"https:\/\/truusk.store\/sv\/produkt\/truusk-golvlampa-med-3-e27-fasten-staende-lampa-med-justerbara-lagor-for-vardagsrum-hojd-169-cm-metall-svart\/#primaryimage"},"thumbnailUrl":"https:\/\/i0.wp.com\/truusk.store\/wp-content\/uploads\/2025\/06\/golvlampa-golvlampa-med-3-e27-fasten-40-w-staende-lampa-med-3-justerbara-lagor-for-vardagsrum-hojd-169-cm-metall-exkl-glodlampa-svart-1.webp?fit=2000%2C2000&ssl=1","datePublished":"2025-06-05T07:03:46+00:00","dateModified":"2026-03-12T08:41:39+00:00","breadcrumb":{"@id":"https:\/\/truusk.store\/sv\/produkt\/truusk-golvlampa-med-3-e27-fasten-staende-lampa-med-justerbara-lagor-for-vardagsrum-hojd-169-cm-metall-svart\/#breadcrumb"},"inLanguage":"sv-SE","potentialAction":[{"@type":"ReadAction","target":["https:\/\/truusk.store\/sv\/produkt\/truusk-golvlampa-med-3-e27-fasten-staende-lampa-med-justerbara-lagor-for-vardagsrum-hojd-169-cm-metall-svart\/"]}]},{"@type":"ImageObject","inLanguage":"sv-SE","@id":"https:\/\/truusk.store\/sv\/produkt\/truusk-golvlampa-med-3-e27-fasten-staende-lampa-med-justerbara-lagor-for-vardagsrum-hojd-169-cm-metall-svart\/#primaryimage","url":"https:\/\/i0.wp.com\/truusk.store\/wp-content\/uploads\/2025\/06\/golvlampa-golvlampa-med-3-e27-fasten-40-w-staende-lampa-med-3-justerbara-lagor-for-vardagsrum-hojd-169-cm-metall-exkl-glodlampa-svart-1.webp?fit=2000%2C2000&ssl=1","contentUrl":"https:\/\/i0.wp.com\/truusk.store\/wp-content\/uploads\/2025\/06\/golvlampa-golvlampa-med-3-e27-fasten-40-w-staende-lampa-med-3-justerbara-lagor-for-vardagsrum-hojd-169-cm-metall-exkl-glodlampa-svart-1.webp?fit=2000%2C2000&ssl=1","width":2000,"height":2000},{"@type":"BreadcrumbList","@id":"https:\/\/truusk.store\/sv\/produkt\/truusk-golvlampa-med-3-e27-fasten-staende-lampa-med-justerbara-lagor-for-vardagsrum-hojd-169-cm-metall-svart\/#breadcrumb","itemListElement":[{"@type":"ListItem","position":1,"name":"Home","item":"https:\/\/truusk.store\/sv\/"},{"@type":"ListItem","position":2,"name":"Shop","item":"https:\/\/truusk.store\/shop\/"},{"@type":"ListItem","position":3,"name":"TRUUSK Golvlampa med 3 E27-f\u00e4sten &#8211; St\u00e5ende lampa med justerbara l\u00e5gor &#8211; F\u00f6r vardagsrum &#8211; H\u00f6jd 169 cm &#8211; Metall &#8211; Svart"}]},{"@type":"WebSite","@id":"https:\/\/truusk.store\/sv\/#website","url":"https:\/\/truusk.store\/sv\/","name":"TRUUSK - Hem, Tr\u00e4dg\u00e5rd & Fritid","description":"","publisher":{"@id":"https:\/\/truusk.store\/sv\/#organization"},"potentialAction":[{"@type":"SearchAction","target":{"@type":"EntryPoint","urlTemplate":"https:\/\/truusk.store\/sv\/?s={search_term_string}"},"query-input":{"@type":"PropertyValueSpecification","valueRequired":true,"valueName":"search_term_string"}}],"inLanguage":"sv-SE"},{"@type":"Organization","@id":"https:\/\/truusk.store\/sv\/#organization","name":"TRUUSK - Hem, Tr\u00e4dg\u00e5rd & Fritid","url":"https:\/\/truusk.store\/sv\/","logo":{"@type":"ImageObject","inLanguage":"sv-SE","@id":"https:\/\/truusk.store\/sv\/#\/schema\/logo\/image\/","url":"https:\/\/i0.wp.com\/truusk.store\/wp-content\/uploads\/2026\/03\/cropped-TRUUSK.png?fit=2032%2C917&ssl=1","contentUrl":"https:\/\/i0.wp.com\/truusk.store\/wp-content\/uploads\/2026\/03\/cropped-TRUUSK.png?fit=2032%2C917&ssl=1","width":2032,"height":917,"caption":"TRUUSK - Hem, Tr\u00e4dg\u00e5rd & Fritid"},"image":{"@id":"https:\/\/truusk.store\/sv\/#\/schema\/logo\/image\/"}}]}},"jetpack_sharing_enabled":true,"_links":{"self":[{"href":"https:\/\/truusk.store\/sv\/wp-json\/wp\/v2\/product\/63626","targetHints":{"allow":["GET"]}}],"collection":[{"href":"https:\/\/truusk.store\/sv\/wp-json\/wp\/v2\/product"}],"about":[{"href":"https:\/\/truusk.store\/sv\/wp-json\/wp\/v2\/types\/product"}],"wp:featuredmedia":[{"embeddable":true,"href":"https:\/\/truusk.store\/sv\/wp-json\/wp\/v2\/media\/63617"}],"wp:attachment":[{"href":"https:\/\/truusk.store\/sv\/wp-json\/wp\/v2\/media?parent=63626"}],"wp:term":[{"taxonomy":"product_brand","embeddable":true,"href":"https:\/\/truusk.store\/sv\/wp-json\/wp\/v2\/product_brand?post=63626"},{"taxonomy":"product_cat","embeddable":true,"href":"https:\/\/truusk.store\/sv\/wp-json\/wp\/v2\/product_cat?post=63626"},{"taxonomy":"product_tag","embeddable":true,"href":"https:\/\/truusk.store\/sv\/wp-json\/wp\/v2\/product_tag?post=63626"}],"curies":[{"name":"wp","href":"https:\/\/api.w.org\/{rel}","templated":true}]}}