{"id":63636,"date":"2025-06-05T08:04:35","date_gmt":"2025-06-05T07:04:35","guid":{"rendered":"https:\/\/truusk.store\/product\/2-delat-set-med-soffbord-fyrkantigt-sidobord-kaffebord-med-stalram-soffbord-i-modern-design-for-vardagsrum-upp-till-30-kg-belastning-vitek\/"},"modified":"2026-03-12T09:44:27","modified_gmt":"2026-03-12T08:44:27","slug":"truusk-2-delat-set-med-soffbord-och-sidobord-modern-design-med-stalram-for-vardagsrum-upp-till-30-kg-vitek","status":"publish","type":"product","link":"https:\/\/truusk.store\/sv\/produkt\/truusk-2-delat-set-med-soffbord-och-sidobord-modern-design-med-stalram-for-vardagsrum-upp-till-30-kg-vitek\/","title":{"rendered":"TRUUSK 2-delat Set Med Soffbord och Sidobord &#8211; Modern Design med St\u00e5lram &#8211; F\u00f6r Vardagsrum &#8211; Upp Till 30 kg &#8211; Vit+Ek"},"content":{"rendered":"<p>Med det stilfulla soffbordssatsen fr\u00e5n TRUUSK kan du inte bara f\u00f6rb\u00e4ttra ditt hem visuellt. Detta soffbordssats inneh\u00e5ller ett stort och ett litet bord som kan anv\u00e4ndas p\u00e5 m\u00e5nga olika s\u00e4tt, antingen enskilt eller kombinerat. Det samtida designen av kaffebordet kombineras med eleganta vita ytor och diskreta ektr\u00e4strukturer, som b\u00e4rs av stabila U-formade ben. Idealiskt f\u00f6r rum d\u00e4r du vill l\u00e4gga till en touch av modern elegans.<\/p>\n<p>Beskrivning:<\/p>\n<ul>\n<li> Separera eller skjut in i varandra f\u00f6r m\u00e5ngsidiga konfigurationsm\u00f6jligheter<\/li>\n<li> Elegant vit finish f\u00f6r en samtida stil<\/li>\n<li> U-formade ben med pulverlackerad st\u00e5lram garanterar h\u00e5llbarhet<\/li>\n<li> Melaminbelagda MDF-ytor p\u00e5 kaffebordet \u00e4r l\u00e4tta att reng\u00f6ra och underh\u00e5lla<\/li>\n<li> Skyddande fotdynor p\u00e5 soffbordet f\u00f6rhindrar repor p\u00e5 golvet<\/li>\n<li> M\u00e5ngsidigt anv\u00e4ndbara som soffbord eller sidobord<\/li>\n<li> Montering kr\u00e4vs<\/li>\n<\/ul>\n<p>Tekniska data:<\/p>\n<ul>\n<li> F\u00e4rg: Vit<\/li>\n<li> Material: MDF, st\u00e5l<\/li>\n<li> Totala dimensioner: 45L x 45B x 45H cm (stor), 40L x 40B x 40H cm (liten)<\/li>\n<li> Tjocklek p\u00e5 bordsskivan: 1,5 cm<\/li>\n<li> Lastkapacitet: 30 kg (stor), 25 kg (liten)<\/li>\n<\/ul>\n<p>Leveransinneh\u00e5ll:<\/p>\n<ul>\n<li> 1 x stort soffbord<\/li>\n<li> 1 x litet soffbord<\/li>\n<li> 1 x handbok<\/li>\n<\/ul>\n","protected":false},"excerpt":{"rendered":"<p>Med det stilfulla soffbordssatsen fr\u00e5n TRUUSK kan du inte bara f\u00f6rb\u00e4ttra ditt hem visuellt. Detta soffbordssats inneh\u00e5ller ett stort och&#8230;<\/p>\n","protected":false},"featured_media":63627,"template":"","meta":[],"product_brand":[],"product_cat":[871,929,910],"product_tag":[],"class_list":{"0":"post-63636","1":"product","2":"type-product","3":"status-publish","4":"has-post-thumbnail","6":"product_cat-hus-hem","7":"product_cat-soffbord","8":"product_cat-vardagsrum","10":"first","11":"instock","12":"sale","13":"taxable","14":"shipping-taxable","15":"purchasable","16":"product-type-simple"},"yoast_head":"<!-- This site is optimized with the Yoast SEO plugin v25.4 - https:\/\/yoast.com\/wordpress\/plugins\/seo\/ -->\n<title>TRUUSK 2-delat Set Med Soffbord och Sidobord - Modern Design med St\u00e5lram - F\u00f6r Vardagsrum - Upp Till 30 kg - Vit+Ek - TRUUSK - Hem, Tr\u00e4dg\u00e5rd &amp; Fritid<\/title>\n<meta name=\"robots\" content=\"index, follow, max-snippet:-1, max-image-preview:large, max-video-preview:-1\" \/>\n<link rel=\"canonical\" href=\"https:\/\/truusk.store\/sv\/produkt\/truusk-2-delat-set-med-soffbord-och-sidobord-modern-design-med-stalram-for-vardagsrum-upp-till-30-kg-vitek\/\" \/>\n<meta property=\"og:locale\" content=\"sv_SE\" \/>\n<meta property=\"og:type\" content=\"article\" \/>\n<meta property=\"og:title\" content=\"TRUUSK 2-delat Set Med Soffbord och Sidobord - Modern Design med St\u00e5lram - F\u00f6r Vardagsrum - Upp Till 30 kg - Vit+Ek - TRUUSK - Hem, Tr\u00e4dg\u00e5rd &amp; Fritid\" \/>\n<meta property=\"og:description\" content=\"Med det stilfulla soffbordssatsen fr\u00e5n TRUUSK kan du inte bara f\u00f6rb\u00e4ttra ditt hem visuellt. Detta soffbordssats inneh\u00e5ller ett stort och...\" \/>\n<meta property=\"og:url\" content=\"https:\/\/truusk.store\/sv\/produkt\/truusk-2-delat-set-med-soffbord-och-sidobord-modern-design-med-stalram-for-vardagsrum-upp-till-30-kg-vitek\/\" \/>\n<meta property=\"og:site_name\" content=\"TRUUSK - Hem, Tr\u00e4dg\u00e5rd &amp; Fritid\" \/>\n<meta property=\"article:modified_time\" content=\"2026-03-12T08:44:27+00:00\" \/>\n<meta property=\"og:image\" content=\"https:\/\/i0.wp.com\/truusk.se\/wp-content\/uploads\/2025\/06\/2-delat-set-med-soffbord-fyrkantigt-sidobord-kaffebord-med-stalram-soffbord-i-modern-design-for-vardagsrum-upp-till-30-kg-belastning-vitek-1.webp?fit=2000%2C2000&ssl=1\" \/>\n\t<meta property=\"og:image:width\" content=\"2000\" \/>\n\t<meta property=\"og:image:height\" content=\"2000\" \/>\n\t<meta property=\"og:image:type\" content=\"image\/webp\" \/>\n<meta name=\"twitter:card\" content=\"summary_large_image\" \/>\n<meta name=\"twitter:label1\" content=\"Ber\u00e4knad l\u00e4stid\" \/>\n\t<meta name=\"twitter:data1\" content=\"1 minut\" \/>\n<!-- \/ Yoast SEO plugin. -->","yoast_head_json":{"title":"TRUUSK 2-delat Set Med Soffbord och Sidobord - Modern Design med St\u00e5lram - F\u00f6r Vardagsrum - Upp Till 30 kg - Vit+Ek - TRUUSK - Hem, Tr\u00e4dg\u00e5rd &amp; Fritid","robots":{"index":"index","follow":"follow","max-snippet":"max-snippet:-1","max-image-preview":"max-image-preview:large","max-video-preview":"max-video-preview:-1"},"canonical":"https:\/\/truusk.store\/sv\/produkt\/truusk-2-delat-set-med-soffbord-och-sidobord-modern-design-med-stalram-for-vardagsrum-upp-till-30-kg-vitek\/","og_locale":"sv_SE","og_type":"article","og_title":"TRUUSK 2-delat Set Med Soffbord och Sidobord - Modern Design med St\u00e5lram - F\u00f6r Vardagsrum - Upp Till 30 kg - Vit+Ek - TRUUSK - Hem, Tr\u00e4dg\u00e5rd &amp; Fritid","og_description":"Med det stilfulla soffbordssatsen fr\u00e5n TRUUSK kan du inte bara f\u00f6rb\u00e4ttra ditt hem visuellt. Detta soffbordssats inneh\u00e5ller ett stort och...","og_url":"https:\/\/truusk.store\/sv\/produkt\/truusk-2-delat-set-med-soffbord-och-sidobord-modern-design-med-stalram-for-vardagsrum-upp-till-30-kg-vitek\/","og_site_name":"TRUUSK - Hem, Tr\u00e4dg\u00e5rd &amp; Fritid","article_modified_time":"2026-03-12T08:44:27+00:00","og_image":[{"width":2000,"height":2000,"url":"https:\/\/i0.wp.com\/truusk.se\/wp-content\/uploads\/2025\/06\/2-delat-set-med-soffbord-fyrkantigt-sidobord-kaffebord-med-stalram-soffbord-i-modern-design-for-vardagsrum-upp-till-30-kg-belastning-vitek-1.webp?fit=2000%2C2000&ssl=1","type":"image\/webp"}],"twitter_card":"summary_large_image","twitter_misc":{"Ber\u00e4knad l\u00e4stid":"1 minut"},"schema":{"@context":"https:\/\/schema.org","@graph":[{"@type":"WebPage","@id":"https:\/\/truusk.store\/sv\/produkt\/truusk-2-delat-set-med-soffbord-och-sidobord-modern-design-med-stalram-for-vardagsrum-upp-till-30-kg-vitek\/","url":"https:\/\/truusk.store\/sv\/produkt\/truusk-2-delat-set-med-soffbord-och-sidobord-modern-design-med-stalram-for-vardagsrum-upp-till-30-kg-vitek\/","name":"TRUUSK 2-delat Set Med Soffbord och Sidobord - Modern Design med St\u00e5lram - F\u00f6r Vardagsrum - Upp Till 30 kg - Vit+Ek - TRUUSK - Hem, Tr\u00e4dg\u00e5rd &amp; Fritid","isPartOf":{"@id":"https:\/\/truusk.store\/sv\/#website"},"primaryImageOfPage":{"@id":"https:\/\/truusk.store\/sv\/produkt\/truusk-2-delat-set-med-soffbord-och-sidobord-modern-design-med-stalram-for-vardagsrum-upp-till-30-kg-vitek\/#primaryimage"},"image":{"@id":"https:\/\/truusk.store\/sv\/produkt\/truusk-2-delat-set-med-soffbord-och-sidobord-modern-design-med-stalram-for-vardagsrum-upp-till-30-kg-vitek\/#primaryimage"},"thumbnailUrl":"https:\/\/i0.wp.com\/truusk.store\/wp-content\/uploads\/2025\/06\/2-delat-set-med-soffbord-fyrkantigt-sidobord-kaffebord-med-stalram-soffbord-i-modern-design-for-vardagsrum-upp-till-30-kg-belastning-vitek-1.webp?fit=2000%2C2000&ssl=1","datePublished":"2025-06-05T07:04:35+00:00","dateModified":"2026-03-12T08:44:27+00:00","breadcrumb":{"@id":"https:\/\/truusk.store\/sv\/produkt\/truusk-2-delat-set-med-soffbord-och-sidobord-modern-design-med-stalram-for-vardagsrum-upp-till-30-kg-vitek\/#breadcrumb"},"inLanguage":"sv-SE","potentialAction":[{"@type":"ReadAction","target":["https:\/\/truusk.store\/sv\/produkt\/truusk-2-delat-set-med-soffbord-och-sidobord-modern-design-med-stalram-for-vardagsrum-upp-till-30-kg-vitek\/"]}]},{"@type":"ImageObject","inLanguage":"sv-SE","@id":"https:\/\/truusk.store\/sv\/produkt\/truusk-2-delat-set-med-soffbord-och-sidobord-modern-design-med-stalram-for-vardagsrum-upp-till-30-kg-vitek\/#primaryimage","url":"https:\/\/i0.wp.com\/truusk.store\/wp-content\/uploads\/2025\/06\/2-delat-set-med-soffbord-fyrkantigt-sidobord-kaffebord-med-stalram-soffbord-i-modern-design-for-vardagsrum-upp-till-30-kg-belastning-vitek-1.webp?fit=2000%2C2000&ssl=1","contentUrl":"https:\/\/i0.wp.com\/truusk.store\/wp-content\/uploads\/2025\/06\/2-delat-set-med-soffbord-fyrkantigt-sidobord-kaffebord-med-stalram-soffbord-i-modern-design-for-vardagsrum-upp-till-30-kg-belastning-vitek-1.webp?fit=2000%2C2000&ssl=1","width":2000,"height":2000},{"@type":"BreadcrumbList","@id":"https:\/\/truusk.store\/sv\/produkt\/truusk-2-delat-set-med-soffbord-och-sidobord-modern-design-med-stalram-for-vardagsrum-upp-till-30-kg-vitek\/#breadcrumb","itemListElement":[{"@type":"ListItem","position":1,"name":"Home","item":"https:\/\/truusk.store\/sv\/"},{"@type":"ListItem","position":2,"name":"Shop","item":"https:\/\/truusk.store\/shop\/"},{"@type":"ListItem","position":3,"name":"TRUUSK 2-delat Set Med Soffbord och Sidobord &#8211; Modern Design med St\u00e5lram &#8211; F\u00f6r Vardagsrum &#8211; Upp Till 30 kg &#8211; Vit+Ek"}]},{"@type":"WebSite","@id":"https:\/\/truusk.store\/sv\/#website","url":"https:\/\/truusk.store\/sv\/","name":"TRUUSK - Hem, Tr\u00e4dg\u00e5rd & Fritid","description":"","publisher":{"@id":"https:\/\/truusk.store\/sv\/#organization"},"potentialAction":[{"@type":"SearchAction","target":{"@type":"EntryPoint","urlTemplate":"https:\/\/truusk.store\/sv\/?s={search_term_string}"},"query-input":{"@type":"PropertyValueSpecification","valueRequired":true,"valueName":"search_term_string"}}],"inLanguage":"sv-SE"},{"@type":"Organization","@id":"https:\/\/truusk.store\/sv\/#organization","name":"TRUUSK - Hem, Tr\u00e4dg\u00e5rd & Fritid","url":"https:\/\/truusk.store\/sv\/","logo":{"@type":"ImageObject","inLanguage":"sv-SE","@id":"https:\/\/truusk.store\/sv\/#\/schema\/logo\/image\/","url":"https:\/\/i0.wp.com\/truusk.store\/wp-content\/uploads\/2026\/03\/cropped-TRUUSK.png?fit=2032%2C917&ssl=1","contentUrl":"https:\/\/i0.wp.com\/truusk.store\/wp-content\/uploads\/2026\/03\/cropped-TRUUSK.png?fit=2032%2C917&ssl=1","width":2032,"height":917,"caption":"TRUUSK - Hem, Tr\u00e4dg\u00e5rd & Fritid"},"image":{"@id":"https:\/\/truusk.store\/sv\/#\/schema\/logo\/image\/"}}]}},"jetpack_sharing_enabled":true,"_links":{"self":[{"href":"https:\/\/truusk.store\/sv\/wp-json\/wp\/v2\/product\/63636","targetHints":{"allow":["GET"]}}],"collection":[{"href":"https:\/\/truusk.store\/sv\/wp-json\/wp\/v2\/product"}],"about":[{"href":"https:\/\/truusk.store\/sv\/wp-json\/wp\/v2\/types\/product"}],"wp:featuredmedia":[{"embeddable":true,"href":"https:\/\/truusk.store\/sv\/wp-json\/wp\/v2\/media\/63627"}],"wp:attachment":[{"href":"https:\/\/truusk.store\/sv\/wp-json\/wp\/v2\/media?parent=63636"}],"wp:term":[{"taxonomy":"product_brand","embeddable":true,"href":"https:\/\/truusk.store\/sv\/wp-json\/wp\/v2\/product_brand?post=63636"},{"taxonomy":"product_cat","embeddable":true,"href":"https:\/\/truusk.store\/sv\/wp-json\/wp\/v2\/product_cat?post=63636"},{"taxonomy":"product_tag","embeddable":true,"href":"https:\/\/truusk.store\/sv\/wp-json\/wp\/v2\/product_tag?post=63636"}],"curies":[{"name":"wp","href":"https:\/\/api.w.org\/{rel}","templated":true}]}}