{"id":63676,"date":"2025-06-05T08:08:41","date_gmt":"2025-06-05T07:08:41","guid":{"rendered":"https:\/\/truusk.store\/product\/sidobord-soffbord-i-industriell-design-kaffebord-med-justerbar-hylla-for-vardagsrum-sovrum-34-x-30-x-80-cm-rustikt-brun\/"},"modified":"2026-03-12T09:42:31","modified_gmt":"2026-03-12T08:42:31","slug":"truusk-sidobord-och-soffbord-i-industriell-design-justerbar-hylla-for-vardagsrum-och-sovrum-34-x-30-x-80-cm-rustikt-brun","status":"publish","type":"product","link":"https:\/\/truusk.store\/sv\/produkt\/truusk-sidobord-och-soffbord-i-industriell-design-justerbar-hylla-for-vardagsrum-och-sovrum-34-x-30-x-80-cm-rustikt-brun\/","title":{"rendered":"TRUUSK Sidobord och Soffbord i Industriell Design &#8211; Justerbar Hylla &#8211; F\u00f6r Vardagsrum och Sovrum &#8211; 34 x 30 x 80 cm &#8211; Rustikt Brun"},"content":{"rendered":"<p>Upplev charmen med TRUUSK sidobordet, som kombinerar praktisk funktionalitet med industriell stil. Det gener\u00f6sa sk\u00e5pfacket med en tv\u00e5lagrad \u00f6ppen \u00f6verhylla och en inre, trestegs justerbar hylla \u00e4r utm\u00e4rkt f\u00f6r att diskret f\u00f6rvara vardagsf\u00f6rem\u00e5l. Den magnetiska d\u00f6rren och det runda handtaget ger den en elegant touch, perfekt som ett modernt sidobord eller smalt nattduksbord i varje mysigt h\u00f6rn.<\/p>\n<p>Beskrivning:<\/p>\n<ul>\n<li> F\u00f6rvaringssk\u00e5pet med tv\u00e5lagrade hyllor organiserar b\u00f6cker och n\u00f6dv\u00e4ndigheter<\/li>\n<li> Trestegs justerbar hylla i sidobordets sk\u00e5p maximerar lagringsflexibiliteten<\/li>\n<li> Industriell stil med soffbordets tr\u00e4liknande yta kompletterar modern inredning<\/li>\n<li> Magnetisk d\u00f6rr f\u00f6r s\u00e4ker, enkel \u00e5tkomst<\/li>\n<li> Snyggt runt handtag p\u00e5 vardagsrumsbordet ger en stilfull touch<\/li>\n<li> Justerbara fotdynor stabiliserar bordet p\u00e5 oj\u00e4mna golv<\/li>\n<li> Montering kr\u00e4vs<\/li>\n<\/ul>\n<p> Tekniska data:<\/p>\n<ul>\n<li> F\u00e4rg: Rustikt brun<\/li>\n<li> Material: Sp\u00e5nskiva, st\u00e5l<\/li>\n<li> Totala dimensioner: 34L x 30B x 80H cm<\/li>\n<li> \u00d6ppet fack: 28L x 28B x 18H cm<\/li>\n<li> Inre m\u00e5tt p\u00e5 sk\u00e5pet: 26L x 28B x 49H cm<\/li>\n<li> Golvets h\u00f6jd: 8 cm<\/li>\n<li> Max. h\u00f6jd p\u00e5 justerbara fotdynor: 2 cm<\/li>\n<li> B\u00e4rkapacitet: (totalt) 10 kg, (ovanp\u00e5) 4 kg, (fack) 2 kg<\/li>\n<\/ul>\n<p>Leveransinneh\u00e5ll:<\/p>\n<ul>\n<li> 1 x Sidobord<\/li>\n<li> 1 x Handbok<\/li>\n<\/ul>\n","protected":false},"excerpt":{"rendered":"<p>Upplev charmen med TRUUSK sidobordet, som kombinerar praktisk funktionalitet med industriell stil. Det gener\u00f6sa sk\u00e5pfacket med en tv\u00e5lagrad \u00f6ppen \u00f6verhylla&#8230;<\/p>\n","protected":false},"featured_media":63667,"template":"","meta":[],"product_brand":[],"product_cat":[871,957,910],"product_tag":[],"class_list":{"0":"post-63676","1":"product","2":"type-product","3":"status-publish","4":"has-post-thumbnail","6":"product_cat-hus-hem","7":"product_cat-sidobord","8":"product_cat-vardagsrum","10":"first","11":"instock","12":"sale","13":"taxable","14":"shipping-taxable","15":"purchasable","16":"product-type-simple"},"yoast_head":"<!-- This site is optimized with the Yoast SEO plugin v25.4 - https:\/\/yoast.com\/wordpress\/plugins\/seo\/ -->\n<title>TRUUSK Sidobord och Soffbord i Industriell Design - Justerbar Hylla - F\u00f6r Vardagsrum och Sovrum - 34 x 30 x 80 cm - Rustikt Brun - TRUUSK - Hem, Tr\u00e4dg\u00e5rd &amp; Fritid<\/title>\n<meta name=\"robots\" content=\"index, follow, max-snippet:-1, max-image-preview:large, max-video-preview:-1\" \/>\n<link rel=\"canonical\" href=\"https:\/\/truusk.store\/sv\/produkt\/truusk-sidobord-och-soffbord-i-industriell-design-justerbar-hylla-for-vardagsrum-och-sovrum-34-x-30-x-80-cm-rustikt-brun\/\" \/>\n<meta property=\"og:locale\" content=\"sv_SE\" \/>\n<meta property=\"og:type\" content=\"article\" \/>\n<meta property=\"og:title\" content=\"TRUUSK Sidobord och Soffbord i Industriell Design - Justerbar Hylla - F\u00f6r Vardagsrum och Sovrum - 34 x 30 x 80 cm - Rustikt Brun - TRUUSK - Hem, Tr\u00e4dg\u00e5rd &amp; Fritid\" \/>\n<meta property=\"og:description\" content=\"Upplev charmen med TRUUSK sidobordet, som kombinerar praktisk funktionalitet med industriell stil. Det gener\u00f6sa sk\u00e5pfacket med en tv\u00e5lagrad \u00f6ppen \u00f6verhylla...\" \/>\n<meta property=\"og:url\" content=\"https:\/\/truusk.store\/sv\/produkt\/truusk-sidobord-och-soffbord-i-industriell-design-justerbar-hylla-for-vardagsrum-och-sovrum-34-x-30-x-80-cm-rustikt-brun\/\" \/>\n<meta property=\"og:site_name\" content=\"TRUUSK - Hem, Tr\u00e4dg\u00e5rd &amp; Fritid\" \/>\n<meta property=\"article:modified_time\" content=\"2026-03-12T08:42:31+00:00\" \/>\n<meta property=\"og:image\" content=\"https:\/\/i0.wp.com\/truusk.se\/wp-content\/uploads\/2025\/06\/sidobord-soffbord-i-industriell-design-kaffebord-med-justerbar-hylla-for-vardagsrum-sovrum-34-x-30-x-80-cm-rustikt-brun-1.webp?fit=2000%2C2000&ssl=1\" \/>\n\t<meta property=\"og:image:width\" content=\"2000\" \/>\n\t<meta property=\"og:image:height\" content=\"2000\" \/>\n\t<meta property=\"og:image:type\" content=\"image\/webp\" \/>\n<meta name=\"twitter:card\" content=\"summary_large_image\" \/>\n<meta name=\"twitter:label1\" content=\"Ber\u00e4knad l\u00e4stid\" \/>\n\t<meta name=\"twitter:data1\" content=\"1 minut\" \/>\n<!-- \/ Yoast SEO plugin. -->","yoast_head_json":{"title":"TRUUSK Sidobord och Soffbord i Industriell Design - Justerbar Hylla - F\u00f6r Vardagsrum och Sovrum - 34 x 30 x 80 cm - Rustikt Brun - TRUUSK - Hem, Tr\u00e4dg\u00e5rd &amp; Fritid","robots":{"index":"index","follow":"follow","max-snippet":"max-snippet:-1","max-image-preview":"max-image-preview:large","max-video-preview":"max-video-preview:-1"},"canonical":"https:\/\/truusk.store\/sv\/produkt\/truusk-sidobord-och-soffbord-i-industriell-design-justerbar-hylla-for-vardagsrum-och-sovrum-34-x-30-x-80-cm-rustikt-brun\/","og_locale":"sv_SE","og_type":"article","og_title":"TRUUSK Sidobord och Soffbord i Industriell Design - Justerbar Hylla - F\u00f6r Vardagsrum och Sovrum - 34 x 30 x 80 cm - Rustikt Brun - TRUUSK - Hem, Tr\u00e4dg\u00e5rd &amp; Fritid","og_description":"Upplev charmen med TRUUSK sidobordet, som kombinerar praktisk funktionalitet med industriell stil. Det gener\u00f6sa sk\u00e5pfacket med en tv\u00e5lagrad \u00f6ppen \u00f6verhylla...","og_url":"https:\/\/truusk.store\/sv\/produkt\/truusk-sidobord-och-soffbord-i-industriell-design-justerbar-hylla-for-vardagsrum-och-sovrum-34-x-30-x-80-cm-rustikt-brun\/","og_site_name":"TRUUSK - Hem, Tr\u00e4dg\u00e5rd &amp; Fritid","article_modified_time":"2026-03-12T08:42:31+00:00","og_image":[{"width":2000,"height":2000,"url":"https:\/\/i0.wp.com\/truusk.se\/wp-content\/uploads\/2025\/06\/sidobord-soffbord-i-industriell-design-kaffebord-med-justerbar-hylla-for-vardagsrum-sovrum-34-x-30-x-80-cm-rustikt-brun-1.webp?fit=2000%2C2000&ssl=1","type":"image\/webp"}],"twitter_card":"summary_large_image","twitter_misc":{"Ber\u00e4knad l\u00e4stid":"1 minut"},"schema":{"@context":"https:\/\/schema.org","@graph":[{"@type":"WebPage","@id":"https:\/\/truusk.store\/sv\/produkt\/truusk-sidobord-och-soffbord-i-industriell-design-justerbar-hylla-for-vardagsrum-och-sovrum-34-x-30-x-80-cm-rustikt-brun\/","url":"https:\/\/truusk.store\/sv\/produkt\/truusk-sidobord-och-soffbord-i-industriell-design-justerbar-hylla-for-vardagsrum-och-sovrum-34-x-30-x-80-cm-rustikt-brun\/","name":"TRUUSK Sidobord och Soffbord i Industriell Design - Justerbar Hylla - F\u00f6r Vardagsrum och Sovrum - 34 x 30 x 80 cm - Rustikt Brun - TRUUSK - Hem, Tr\u00e4dg\u00e5rd &amp; Fritid","isPartOf":{"@id":"https:\/\/truusk.store\/sv\/#website"},"primaryImageOfPage":{"@id":"https:\/\/truusk.store\/sv\/produkt\/truusk-sidobord-och-soffbord-i-industriell-design-justerbar-hylla-for-vardagsrum-och-sovrum-34-x-30-x-80-cm-rustikt-brun\/#primaryimage"},"image":{"@id":"https:\/\/truusk.store\/sv\/produkt\/truusk-sidobord-och-soffbord-i-industriell-design-justerbar-hylla-for-vardagsrum-och-sovrum-34-x-30-x-80-cm-rustikt-brun\/#primaryimage"},"thumbnailUrl":"https:\/\/i0.wp.com\/truusk.store\/wp-content\/uploads\/2025\/06\/sidobord-soffbord-i-industriell-design-kaffebord-med-justerbar-hylla-for-vardagsrum-sovrum-34-x-30-x-80-cm-rustikt-brun-1.webp?fit=2000%2C2000&ssl=1","datePublished":"2025-06-05T07:08:41+00:00","dateModified":"2026-03-12T08:42:31+00:00","breadcrumb":{"@id":"https:\/\/truusk.store\/sv\/produkt\/truusk-sidobord-och-soffbord-i-industriell-design-justerbar-hylla-for-vardagsrum-och-sovrum-34-x-30-x-80-cm-rustikt-brun\/#breadcrumb"},"inLanguage":"sv-SE","potentialAction":[{"@type":"ReadAction","target":["https:\/\/truusk.store\/sv\/produkt\/truusk-sidobord-och-soffbord-i-industriell-design-justerbar-hylla-for-vardagsrum-och-sovrum-34-x-30-x-80-cm-rustikt-brun\/"]}]},{"@type":"ImageObject","inLanguage":"sv-SE","@id":"https:\/\/truusk.store\/sv\/produkt\/truusk-sidobord-och-soffbord-i-industriell-design-justerbar-hylla-for-vardagsrum-och-sovrum-34-x-30-x-80-cm-rustikt-brun\/#primaryimage","url":"https:\/\/i0.wp.com\/truusk.store\/wp-content\/uploads\/2025\/06\/sidobord-soffbord-i-industriell-design-kaffebord-med-justerbar-hylla-for-vardagsrum-sovrum-34-x-30-x-80-cm-rustikt-brun-1.webp?fit=2000%2C2000&ssl=1","contentUrl":"https:\/\/i0.wp.com\/truusk.store\/wp-content\/uploads\/2025\/06\/sidobord-soffbord-i-industriell-design-kaffebord-med-justerbar-hylla-for-vardagsrum-sovrum-34-x-30-x-80-cm-rustikt-brun-1.webp?fit=2000%2C2000&ssl=1","width":2000,"height":2000},{"@type":"BreadcrumbList","@id":"https:\/\/truusk.store\/sv\/produkt\/truusk-sidobord-och-soffbord-i-industriell-design-justerbar-hylla-for-vardagsrum-och-sovrum-34-x-30-x-80-cm-rustikt-brun\/#breadcrumb","itemListElement":[{"@type":"ListItem","position":1,"name":"Home","item":"https:\/\/truusk.store\/sv\/"},{"@type":"ListItem","position":2,"name":"Shop","item":"https:\/\/truusk.store\/shop\/"},{"@type":"ListItem","position":3,"name":"TRUUSK Sidobord och Soffbord i Industriell Design &#8211; Justerbar Hylla &#8211; F\u00f6r Vardagsrum och Sovrum &#8211; 34 x 30 x 80 cm &#8211; Rustikt Brun"}]},{"@type":"WebSite","@id":"https:\/\/truusk.store\/sv\/#website","url":"https:\/\/truusk.store\/sv\/","name":"TRUUSK - Hem, Tr\u00e4dg\u00e5rd & Fritid","description":"","publisher":{"@id":"https:\/\/truusk.store\/sv\/#organization"},"potentialAction":[{"@type":"SearchAction","target":{"@type":"EntryPoint","urlTemplate":"https:\/\/truusk.store\/sv\/?s={search_term_string}"},"query-input":{"@type":"PropertyValueSpecification","valueRequired":true,"valueName":"search_term_string"}}],"inLanguage":"sv-SE"},{"@type":"Organization","@id":"https:\/\/truusk.store\/sv\/#organization","name":"TRUUSK - Hem, Tr\u00e4dg\u00e5rd & Fritid","url":"https:\/\/truusk.store\/sv\/","logo":{"@type":"ImageObject","inLanguage":"sv-SE","@id":"https:\/\/truusk.store\/sv\/#\/schema\/logo\/image\/","url":"https:\/\/i0.wp.com\/truusk.store\/wp-content\/uploads\/2026\/03\/cropped-TRUUSK.png?fit=2032%2C917&ssl=1","contentUrl":"https:\/\/i0.wp.com\/truusk.store\/wp-content\/uploads\/2026\/03\/cropped-TRUUSK.png?fit=2032%2C917&ssl=1","width":2032,"height":917,"caption":"TRUUSK - Hem, Tr\u00e4dg\u00e5rd & Fritid"},"image":{"@id":"https:\/\/truusk.store\/sv\/#\/schema\/logo\/image\/"}}]}},"jetpack_sharing_enabled":true,"_links":{"self":[{"href":"https:\/\/truusk.store\/sv\/wp-json\/wp\/v2\/product\/63676","targetHints":{"allow":["GET"]}}],"collection":[{"href":"https:\/\/truusk.store\/sv\/wp-json\/wp\/v2\/product"}],"about":[{"href":"https:\/\/truusk.store\/sv\/wp-json\/wp\/v2\/types\/product"}],"wp:featuredmedia":[{"embeddable":true,"href":"https:\/\/truusk.store\/sv\/wp-json\/wp\/v2\/media\/63667"}],"wp:attachment":[{"href":"https:\/\/truusk.store\/sv\/wp-json\/wp\/v2\/media?parent=63676"}],"wp:term":[{"taxonomy":"product_brand","embeddable":true,"href":"https:\/\/truusk.store\/sv\/wp-json\/wp\/v2\/product_brand?post=63676"},{"taxonomy":"product_cat","embeddable":true,"href":"https:\/\/truusk.store\/sv\/wp-json\/wp\/v2\/product_cat?post=63676"},{"taxonomy":"product_tag","embeddable":true,"href":"https:\/\/truusk.store\/sv\/wp-json\/wp\/v2\/product_tag?post=63676"}],"curies":[{"name":"wp","href":"https:\/\/api.w.org\/{rel}","templated":true}]}}