{"id":63726,"date":"2025-06-05T08:13:46","date_gmt":"2025-06-05T07:13:46","guid":{"rendered":"https:\/\/truusk.store\/product\/aiyaplay-barns-elektriska-motorcykel-6v-barnmotorcykel-med-stralkastare-musik-fram-och-backvaxel-traningshjul-15-3-km-h-elektrisk-motorcykel-for-15-3-ars-barn-rod\/"},"modified":"2026-03-12T09:43:28","modified_gmt":"2026-03-12T08:43:28","slug":"truusk-barns-elektriska-motorcykel-6v-stralkastare-musik-fram-och-backvaxel-traningshjul-15-3-km-h-for-15-3-ars","status":"publish","type":"product","link":"https:\/\/truusk.store\/sv\/produkt\/truusk-barns-elektriska-motorcykel-6v-stralkastare-musik-fram-och-backvaxel-traningshjul-15-3-km-h-for-15-3-ars\/","title":{"rendered":"TRUUSK Barns Elektriska Motorcykel &#8211; 6V &#8211; Str\u00e5lkastare &#8211; Musik &#8211; Fram- Och Backv\u00e4xel &#8211; Tr\u00e4ningshjul &#8211; 1,5-3 Km\/h &#8211; F\u00f6r 1,5-3 \u00c5rs"},"content":{"rendered":"<p>Med AIYAPLAY elektriska motorcykel blir varje \u00e5ktur en upplevelse tack vare lysande str\u00e5lkastare och dynamisk musik. Elektriska motorcykelns fram- och backv\u00e4xel samt tv\u00e5 hastighetsniv\u00e5er (1,5-3 km\/h) m\u00f6jligg\u00f6r s\u00e4ker k\u00f6rning p\u00e5 olika underlag. Avtagbara st\u00f6dhjul p\u00e5 E-motorcykeln hj\u00e4lper till att balansera.<\/p>\n<p>Beskrivning:<\/p>\n<ul>\n<li> Str\u00e5lkastare och musik p\u00e5 barnmotorcykeln \u00f6kar roligt och synlighet<\/li>\n<li> Fram\u00e5t- och bak\u00e5tfunktion f\u00f6r m\u00e5ngsidig k\u00f6rning<\/li>\n<li> Avtagbara tr\u00e4ningshjul hj\u00e4lper nyb\u00f6rjare att balansera<\/li>\n<li> Tv\u00e5 justerbara hastigheter p\u00e5 barnets elektriska motorcykel (1,5-3 km\/h) med fotpedalkontroll<\/li>\n<li> L\u00e4mplig f\u00f6r asfalt, tegelv\u00e4gar och betongytor<\/li>\n<li> Dubbla motorer, drivna av ett 6V batteri, f\u00f6r robust prestanda<\/li>\n<li> Tillverkad av plast och metall<\/li>\n<li> Montering kr\u00e4vs<\/li>\n<\/ul>\n<p> Tekniska data:<\/p>\n<ul>\n<li> F\u00e4rg: R\u00f6d<\/li>\n<li> Material: Plast, Metall<\/li>\n<li> Totala dimensioner: 90L x 39B x 61H cm<\/li>\n<li> Sitsstorlek: 15L x 20B x 28H cm (fr\u00e5n golvet)<\/li>\n<li> Laddningstid: 6-8 timmar (f\u00f6rsta g\u00e5ngen), 8-12 timmar (regelbundet)<\/li>\n<li> Batteri: 6V 4,5AH<\/li>\n<li> Motor: 2 x 6V<\/li>\n<li> Drifttid: 45 min<\/li>\n<li> Hastighet: 1,5-3 km\/h<\/li>\n<li> Belastningskapacitet: 25 kg<\/li>\n<li> Rekommenderad \u00e5lder: 18-36 m\u00e5nader<\/li>\n<li> Obs: \u00d6vervaka alltid dina barn n\u00e4r de k\u00f6r<\/li>\n<\/ul>\n<p> Leveransinneh\u00e5ll:<\/p>\n<ul>\n<li> 1 x Barns elektriska motorcykel<\/li>\n<li> 1 x Bruksanvisning<\/li>\n<\/ul>\n","protected":false},"excerpt":{"rendered":"<p>Med AIYAPLAY elektriska motorcykel blir varje \u00e5ktur en upplevelse tack vare lysande str\u00e5lkastare och dynamisk musik. Elektriska motorcykelns fram- och&#8230;<\/p>\n","protected":false},"featured_media":63717,"template":"","meta":[],"product_brand":[],"product_cat":[880,610,1001],"product_tag":[],"class_list":{"0":"post-63726","1":"product","2":"type-product","3":"status-publish","4":"has-post-thumbnail","6":"product_cat-baby-barn-2","7":"product_cat-barnfordon","8":"product_cat-barns-elfordon","10":"first","11":"instock","12":"sale","13":"taxable","14":"shipping-taxable","15":"purchasable","16":"product-type-simple"},"yoast_head":"<!-- This site is optimized with the Yoast SEO plugin v25.4 - https:\/\/yoast.com\/wordpress\/plugins\/seo\/ -->\n<title>TRUUSK Barns Elektriska Motorcykel - 6V - Str\u00e5lkastare - Musik - Fram- Och Backv\u00e4xel - Tr\u00e4ningshjul - 1,5-3 Km\/h - F\u00f6r 1,5-3 \u00c5rs - TRUUSK - Hem, Tr\u00e4dg\u00e5rd &amp; Fritid<\/title>\n<meta name=\"robots\" content=\"index, follow, max-snippet:-1, max-image-preview:large, max-video-preview:-1\" \/>\n<link rel=\"canonical\" href=\"https:\/\/truusk.store\/sv\/produkt\/truusk-barns-elektriska-motorcykel-6v-stralkastare-musik-fram-och-backvaxel-traningshjul-15-3-km-h-for-15-3-ars\/\" \/>\n<meta property=\"og:locale\" content=\"sv_SE\" \/>\n<meta property=\"og:type\" content=\"article\" \/>\n<meta property=\"og:title\" content=\"TRUUSK Barns Elektriska Motorcykel - 6V - Str\u00e5lkastare - Musik - Fram- Och Backv\u00e4xel - Tr\u00e4ningshjul - 1,5-3 Km\/h - F\u00f6r 1,5-3 \u00c5rs - TRUUSK - Hem, Tr\u00e4dg\u00e5rd &amp; Fritid\" \/>\n<meta property=\"og:description\" content=\"Med AIYAPLAY elektriska motorcykel blir varje \u00e5ktur en upplevelse tack vare lysande str\u00e5lkastare och dynamisk musik. Elektriska motorcykelns fram- och...\" \/>\n<meta property=\"og:url\" content=\"https:\/\/truusk.store\/sv\/produkt\/truusk-barns-elektriska-motorcykel-6v-stralkastare-musik-fram-och-backvaxel-traningshjul-15-3-km-h-for-15-3-ars\/\" \/>\n<meta property=\"og:site_name\" content=\"TRUUSK - Hem, Tr\u00e4dg\u00e5rd &amp; Fritid\" \/>\n<meta property=\"article:modified_time\" content=\"2026-03-12T08:43:28+00:00\" \/>\n<meta property=\"og:image\" content=\"https:\/\/i0.wp.com\/truusk.se\/wp-content\/uploads\/2025\/06\/aiyaplay-barns-elektriska-motorcykel-6v-barnmotorcykel-med-stralkastare-musik-fram-och-backvaxel-traningshjul-15-3-km-h-elektrisk-motorcykel-for-15-3-ars-barn-rod-1.webp?fit=2000%2C2000&ssl=1\" \/>\n\t<meta property=\"og:image:width\" content=\"2000\" \/>\n\t<meta property=\"og:image:height\" content=\"2000\" \/>\n\t<meta property=\"og:image:type\" content=\"image\/webp\" \/>\n<meta name=\"twitter:card\" content=\"summary_large_image\" \/>\n<meta name=\"twitter:label1\" content=\"Ber\u00e4knad l\u00e4stid\" \/>\n\t<meta name=\"twitter:data1\" content=\"1 minut\" \/>\n<!-- \/ Yoast SEO plugin. -->","yoast_head_json":{"title":"TRUUSK Barns Elektriska Motorcykel - 6V - Str\u00e5lkastare - Musik - Fram- Och Backv\u00e4xel - Tr\u00e4ningshjul - 1,5-3 Km\/h - F\u00f6r 1,5-3 \u00c5rs - TRUUSK - Hem, Tr\u00e4dg\u00e5rd &amp; Fritid","robots":{"index":"index","follow":"follow","max-snippet":"max-snippet:-1","max-image-preview":"max-image-preview:large","max-video-preview":"max-video-preview:-1"},"canonical":"https:\/\/truusk.store\/sv\/produkt\/truusk-barns-elektriska-motorcykel-6v-stralkastare-musik-fram-och-backvaxel-traningshjul-15-3-km-h-for-15-3-ars\/","og_locale":"sv_SE","og_type":"article","og_title":"TRUUSK Barns Elektriska Motorcykel - 6V - Str\u00e5lkastare - Musik - Fram- Och Backv\u00e4xel - Tr\u00e4ningshjul - 1,5-3 Km\/h - F\u00f6r 1,5-3 \u00c5rs - TRUUSK - Hem, Tr\u00e4dg\u00e5rd &amp; Fritid","og_description":"Med AIYAPLAY elektriska motorcykel blir varje \u00e5ktur en upplevelse tack vare lysande str\u00e5lkastare och dynamisk musik. Elektriska motorcykelns fram- och...","og_url":"https:\/\/truusk.store\/sv\/produkt\/truusk-barns-elektriska-motorcykel-6v-stralkastare-musik-fram-och-backvaxel-traningshjul-15-3-km-h-for-15-3-ars\/","og_site_name":"TRUUSK - Hem, Tr\u00e4dg\u00e5rd &amp; Fritid","article_modified_time":"2026-03-12T08:43:28+00:00","og_image":[{"width":2000,"height":2000,"url":"https:\/\/i0.wp.com\/truusk.se\/wp-content\/uploads\/2025\/06\/aiyaplay-barns-elektriska-motorcykel-6v-barnmotorcykel-med-stralkastare-musik-fram-och-backvaxel-traningshjul-15-3-km-h-elektrisk-motorcykel-for-15-3-ars-barn-rod-1.webp?fit=2000%2C2000&ssl=1","type":"image\/webp"}],"twitter_card":"summary_large_image","twitter_misc":{"Ber\u00e4knad l\u00e4stid":"1 minut"},"schema":{"@context":"https:\/\/schema.org","@graph":[{"@type":"WebPage","@id":"https:\/\/truusk.store\/sv\/produkt\/truusk-barns-elektriska-motorcykel-6v-stralkastare-musik-fram-och-backvaxel-traningshjul-15-3-km-h-for-15-3-ars\/","url":"https:\/\/truusk.store\/sv\/produkt\/truusk-barns-elektriska-motorcykel-6v-stralkastare-musik-fram-och-backvaxel-traningshjul-15-3-km-h-for-15-3-ars\/","name":"TRUUSK Barns Elektriska Motorcykel - 6V - Str\u00e5lkastare - Musik - Fram- Och Backv\u00e4xel - Tr\u00e4ningshjul - 1,5-3 Km\/h - F\u00f6r 1,5-3 \u00c5rs - TRUUSK - Hem, Tr\u00e4dg\u00e5rd &amp; Fritid","isPartOf":{"@id":"https:\/\/truusk.store\/sv\/#website"},"primaryImageOfPage":{"@id":"https:\/\/truusk.store\/sv\/produkt\/truusk-barns-elektriska-motorcykel-6v-stralkastare-musik-fram-och-backvaxel-traningshjul-15-3-km-h-for-15-3-ars\/#primaryimage"},"image":{"@id":"https:\/\/truusk.store\/sv\/produkt\/truusk-barns-elektriska-motorcykel-6v-stralkastare-musik-fram-och-backvaxel-traningshjul-15-3-km-h-for-15-3-ars\/#primaryimage"},"thumbnailUrl":"https:\/\/i0.wp.com\/truusk.store\/wp-content\/uploads\/2025\/06\/aiyaplay-barns-elektriska-motorcykel-6v-barnmotorcykel-med-stralkastare-musik-fram-och-backvaxel-traningshjul-15-3-km-h-elektrisk-motorcykel-for-15-3-ars-barn-rod-1.webp?fit=2000%2C2000&ssl=1","datePublished":"2025-06-05T07:13:46+00:00","dateModified":"2026-03-12T08:43:28+00:00","breadcrumb":{"@id":"https:\/\/truusk.store\/sv\/produkt\/truusk-barns-elektriska-motorcykel-6v-stralkastare-musik-fram-och-backvaxel-traningshjul-15-3-km-h-for-15-3-ars\/#breadcrumb"},"inLanguage":"sv-SE","potentialAction":[{"@type":"ReadAction","target":["https:\/\/truusk.store\/sv\/produkt\/truusk-barns-elektriska-motorcykel-6v-stralkastare-musik-fram-och-backvaxel-traningshjul-15-3-km-h-for-15-3-ars\/"]}]},{"@type":"ImageObject","inLanguage":"sv-SE","@id":"https:\/\/truusk.store\/sv\/produkt\/truusk-barns-elektriska-motorcykel-6v-stralkastare-musik-fram-och-backvaxel-traningshjul-15-3-km-h-for-15-3-ars\/#primaryimage","url":"https:\/\/i0.wp.com\/truusk.store\/wp-content\/uploads\/2025\/06\/aiyaplay-barns-elektriska-motorcykel-6v-barnmotorcykel-med-stralkastare-musik-fram-och-backvaxel-traningshjul-15-3-km-h-elektrisk-motorcykel-for-15-3-ars-barn-rod-1.webp?fit=2000%2C2000&ssl=1","contentUrl":"https:\/\/i0.wp.com\/truusk.store\/wp-content\/uploads\/2025\/06\/aiyaplay-barns-elektriska-motorcykel-6v-barnmotorcykel-med-stralkastare-musik-fram-och-backvaxel-traningshjul-15-3-km-h-elektrisk-motorcykel-for-15-3-ars-barn-rod-1.webp?fit=2000%2C2000&ssl=1","width":2000,"height":2000},{"@type":"BreadcrumbList","@id":"https:\/\/truusk.store\/sv\/produkt\/truusk-barns-elektriska-motorcykel-6v-stralkastare-musik-fram-och-backvaxel-traningshjul-15-3-km-h-for-15-3-ars\/#breadcrumb","itemListElement":[{"@type":"ListItem","position":1,"name":"Home","item":"https:\/\/truusk.store\/sv\/"},{"@type":"ListItem","position":2,"name":"Shop","item":"https:\/\/truusk.store\/shop\/"},{"@type":"ListItem","position":3,"name":"TRUUSK Barns Elektriska Motorcykel &#8211; 6V &#8211; Str\u00e5lkastare &#8211; Musik &#8211; Fram- Och Backv\u00e4xel &#8211; Tr\u00e4ningshjul &#8211; 1,5-3 Km\/h &#8211; F\u00f6r 1,5-3 \u00c5rs"}]},{"@type":"WebSite","@id":"https:\/\/truusk.store\/sv\/#website","url":"https:\/\/truusk.store\/sv\/","name":"TRUUSK - Hem, Tr\u00e4dg\u00e5rd & Fritid","description":"","publisher":{"@id":"https:\/\/truusk.store\/sv\/#organization"},"potentialAction":[{"@type":"SearchAction","target":{"@type":"EntryPoint","urlTemplate":"https:\/\/truusk.store\/sv\/?s={search_term_string}"},"query-input":{"@type":"PropertyValueSpecification","valueRequired":true,"valueName":"search_term_string"}}],"inLanguage":"sv-SE"},{"@type":"Organization","@id":"https:\/\/truusk.store\/sv\/#organization","name":"TRUUSK - Hem, Tr\u00e4dg\u00e5rd & Fritid","url":"https:\/\/truusk.store\/sv\/","logo":{"@type":"ImageObject","inLanguage":"sv-SE","@id":"https:\/\/truusk.store\/sv\/#\/schema\/logo\/image\/","url":"https:\/\/i0.wp.com\/truusk.store\/wp-content\/uploads\/2026\/03\/cropped-TRUUSK.png?fit=2032%2C917&ssl=1","contentUrl":"https:\/\/i0.wp.com\/truusk.store\/wp-content\/uploads\/2026\/03\/cropped-TRUUSK.png?fit=2032%2C917&ssl=1","width":2032,"height":917,"caption":"TRUUSK - Hem, Tr\u00e4dg\u00e5rd & Fritid"},"image":{"@id":"https:\/\/truusk.store\/sv\/#\/schema\/logo\/image\/"}}]}},"jetpack_sharing_enabled":true,"_links":{"self":[{"href":"https:\/\/truusk.store\/sv\/wp-json\/wp\/v2\/product\/63726","targetHints":{"allow":["GET"]}}],"collection":[{"href":"https:\/\/truusk.store\/sv\/wp-json\/wp\/v2\/product"}],"about":[{"href":"https:\/\/truusk.store\/sv\/wp-json\/wp\/v2\/types\/product"}],"wp:featuredmedia":[{"embeddable":true,"href":"https:\/\/truusk.store\/sv\/wp-json\/wp\/v2\/media\/63717"}],"wp:attachment":[{"href":"https:\/\/truusk.store\/sv\/wp-json\/wp\/v2\/media?parent=63726"}],"wp:term":[{"taxonomy":"product_brand","embeddable":true,"href":"https:\/\/truusk.store\/sv\/wp-json\/wp\/v2\/product_brand?post=63726"},{"taxonomy":"product_cat","embeddable":true,"href":"https:\/\/truusk.store\/sv\/wp-json\/wp\/v2\/product_cat?post=63726"},{"taxonomy":"product_tag","embeddable":true,"href":"https:\/\/truusk.store\/sv\/wp-json\/wp\/v2\/product_tag?post=63726"}],"curies":[{"name":"wp","href":"https:\/\/api.w.org\/{rel}","templated":true}]}}