{"id":63736,"date":"2025-06-05T08:14:42","date_gmt":"2025-06-05T07:14:42","guid":{"rendered":"https:\/\/truusk.store\/product\/klostrad-84cm-klospelare-sisal-kattklostrad-med-lekboll-klostrad-for-katter-kattklosmobler-inomhus-kramvit\/"},"modified":"2026-03-12T09:44:18","modified_gmt":"2026-03-12T08:44:18","slug":"truusk-klostrad-84cm-klospelare-sisal-med-lekboll-kattklostrad-for-inomhusbruk-kramvit","status":"publish","type":"product","link":"https:\/\/truusk.store\/sv\/produkt\/truusk-klostrad-84cm-klospelare-sisal-med-lekboll-kattklostrad-for-inomhusbruk-kramvit\/","title":{"rendered":"TRUUSK Kl\u00f6str\u00e4d, 84cm Kl\u00f6spelare &#8211; Sisal Med Lekboll &#8211; Kattkl\u00f6str\u00e4d F\u00f6r Inomhusbruk &#8211; Kr\u00e4mvit"},"content":{"rendered":"<p>Upplev ren skrapgl\u00e4dje med TRUUSK skraptr\u00e4d! Din huskatt kan gl\u00e4dja sig \u00e5t de unika, knoppade ytorna och det robusta sisal p\u00e5 skrapkolonnen &#8211; perfekt f\u00f6r omfattande skrapningssessioner. Tillverkad av solid sp\u00e5nskiva material och utrustad med en leksaksboll, passar denna stiliga skrapstam harmoniskt in i ditt hem. Skydda dina m\u00f6bler och ge samtidigt din katt timmar av n\u00f6je. Ett m\u00e5ste f\u00f6r varje katt\u00e4lskare!<\/p>\n<p>Beskrivning:<\/p>\n<ul>\n<li> Uppt\u00e4ck gl\u00e4djen med TRUUSK skraptr\u00e4d, som skyddar m\u00f6bler fr\u00e5n repor<\/li>\n<li> Skraptr\u00e4det erbjuder en kombination av knoppad matta och robust sisal f\u00f6r varierade skrapytor<\/li>\n<li> Tillverkad av h\u00f6gkvalitativt sp\u00e5nskiva material f\u00f6r h\u00e5llbarhet<\/li>\n<li> Inkluderar en leksaksboll f\u00f6r att syssels\u00e4tta och underh\u00e5lla katter med skrapkolonnen<\/li>\n<li> Passar s\u00f6ml\u00f6st in i din heminredning och f\u00f6rb\u00e4ttrar estetiken<\/li>\n<li> Montering kr\u00e4vs<\/li>\n<\/ul>\n<p>Tekniska data:<\/p>\n<ul>\n<li> F\u00e4rg: Ljusbrun+Cremevit<\/li>\n<li> Material: Sp\u00e5nskiva, Polyester, Sisal<\/li>\n<li> Totala dimensioner: 48L x 48B x 84H cm<\/li>\n<li> Bas: 48L x 48B cm<\/li>\n<li> Skrapstam: \u00d813,5 cm<\/li>\n<li> Topp: \u00d816 cm<\/li>\n<li> Snedst\u00e4lld skrapbr\u00e4da: 60L x 24B cm<\/li>\n<\/ul>\n<p>Leveransinneh\u00e5ll:<\/p>\n<ul>\n<li> 1 x Skraptr\u00e4d<\/li>\n<li> 1 x Bruksanvisning<\/li>\n<\/ul>\n","protected":false},"excerpt":{"rendered":"<p>Upplev ren skrapgl\u00e4dje med TRUUSK skraptr\u00e4d! Din huskatt kan gl\u00e4dja sig \u00e5t de unika, knoppade ytorna och det robusta sisal&#8230;<\/p>\n","protected":false},"featured_media":63727,"template":"","meta":[],"product_brand":[],"product_cat":[878,588,879],"product_tag":[],"class_list":{"0":"post-63736","1":"product","2":"type-product","3":"status-publish","4":"has-post-thumbnail","6":"product_cat-djurbehov","7":"product_cat-katttillbehor","8":"product_cat-klostrad","10":"first","11":"instock","12":"sale","13":"taxable","14":"shipping-taxable","15":"purchasable","16":"product-type-simple"},"yoast_head":"<!-- This site is optimized with the Yoast SEO plugin v25.4 - https:\/\/yoast.com\/wordpress\/plugins\/seo\/ -->\n<title>TRUUSK Kl\u00f6str\u00e4d, 84cm Kl\u00f6spelare - Sisal Med Lekboll - Kattkl\u00f6str\u00e4d F\u00f6r Inomhusbruk - Kr\u00e4mvit - TRUUSK - Hem, Tr\u00e4dg\u00e5rd &amp; Fritid<\/title>\n<meta name=\"robots\" content=\"index, follow, max-snippet:-1, max-image-preview:large, max-video-preview:-1\" \/>\n<link rel=\"canonical\" href=\"https:\/\/truusk.store\/sv\/produkt\/truusk-klostrad-84cm-klospelare-sisal-med-lekboll-kattklostrad-for-inomhusbruk-kramvit\/\" \/>\n<meta property=\"og:locale\" content=\"sv_SE\" \/>\n<meta property=\"og:type\" content=\"article\" \/>\n<meta property=\"og:title\" content=\"TRUUSK Kl\u00f6str\u00e4d, 84cm Kl\u00f6spelare - Sisal Med Lekboll - Kattkl\u00f6str\u00e4d F\u00f6r Inomhusbruk - Kr\u00e4mvit - TRUUSK - Hem, Tr\u00e4dg\u00e5rd &amp; Fritid\" \/>\n<meta property=\"og:description\" content=\"Upplev ren skrapgl\u00e4dje med TRUUSK skraptr\u00e4d! Din huskatt kan gl\u00e4dja sig \u00e5t de unika, knoppade ytorna och det robusta sisal...\" \/>\n<meta property=\"og:url\" content=\"https:\/\/truusk.store\/sv\/produkt\/truusk-klostrad-84cm-klospelare-sisal-med-lekboll-kattklostrad-for-inomhusbruk-kramvit\/\" \/>\n<meta property=\"og:site_name\" content=\"TRUUSK - Hem, Tr\u00e4dg\u00e5rd &amp; Fritid\" \/>\n<meta property=\"article:modified_time\" content=\"2026-03-12T08:44:18+00:00\" \/>\n<meta property=\"og:image\" content=\"https:\/\/i0.wp.com\/truusk.se\/wp-content\/uploads\/2025\/06\/klostrad-84cm-klospelare-sisal-kattklostrad-med-lekboll-klostrad-for-katter-kattklosmobler-inomhus-kramvit-1.webp?fit=2000%2C2000&ssl=1\" \/>\n\t<meta property=\"og:image:width\" content=\"2000\" \/>\n\t<meta property=\"og:image:height\" content=\"2000\" \/>\n\t<meta property=\"og:image:type\" content=\"image\/webp\" \/>\n<meta name=\"twitter:card\" content=\"summary_large_image\" \/>\n<meta name=\"twitter:label1\" content=\"Ber\u00e4knad l\u00e4stid\" \/>\n\t<meta name=\"twitter:data1\" content=\"1 minut\" \/>\n<!-- \/ Yoast SEO plugin. -->","yoast_head_json":{"title":"TRUUSK Kl\u00f6str\u00e4d, 84cm Kl\u00f6spelare - Sisal Med Lekboll - Kattkl\u00f6str\u00e4d F\u00f6r Inomhusbruk - Kr\u00e4mvit - TRUUSK - Hem, Tr\u00e4dg\u00e5rd &amp; Fritid","robots":{"index":"index","follow":"follow","max-snippet":"max-snippet:-1","max-image-preview":"max-image-preview:large","max-video-preview":"max-video-preview:-1"},"canonical":"https:\/\/truusk.store\/sv\/produkt\/truusk-klostrad-84cm-klospelare-sisal-med-lekboll-kattklostrad-for-inomhusbruk-kramvit\/","og_locale":"sv_SE","og_type":"article","og_title":"TRUUSK Kl\u00f6str\u00e4d, 84cm Kl\u00f6spelare - Sisal Med Lekboll - Kattkl\u00f6str\u00e4d F\u00f6r Inomhusbruk - Kr\u00e4mvit - TRUUSK - Hem, Tr\u00e4dg\u00e5rd &amp; Fritid","og_description":"Upplev ren skrapgl\u00e4dje med TRUUSK skraptr\u00e4d! Din huskatt kan gl\u00e4dja sig \u00e5t de unika, knoppade ytorna och det robusta sisal...","og_url":"https:\/\/truusk.store\/sv\/produkt\/truusk-klostrad-84cm-klospelare-sisal-med-lekboll-kattklostrad-for-inomhusbruk-kramvit\/","og_site_name":"TRUUSK - Hem, Tr\u00e4dg\u00e5rd &amp; Fritid","article_modified_time":"2026-03-12T08:44:18+00:00","og_image":[{"width":2000,"height":2000,"url":"https:\/\/i0.wp.com\/truusk.se\/wp-content\/uploads\/2025\/06\/klostrad-84cm-klospelare-sisal-kattklostrad-med-lekboll-klostrad-for-katter-kattklosmobler-inomhus-kramvit-1.webp?fit=2000%2C2000&ssl=1","type":"image\/webp"}],"twitter_card":"summary_large_image","twitter_misc":{"Ber\u00e4knad l\u00e4stid":"1 minut"},"schema":{"@context":"https:\/\/schema.org","@graph":[{"@type":"WebPage","@id":"https:\/\/truusk.store\/sv\/produkt\/truusk-klostrad-84cm-klospelare-sisal-med-lekboll-kattklostrad-for-inomhusbruk-kramvit\/","url":"https:\/\/truusk.store\/sv\/produkt\/truusk-klostrad-84cm-klospelare-sisal-med-lekboll-kattklostrad-for-inomhusbruk-kramvit\/","name":"TRUUSK Kl\u00f6str\u00e4d, 84cm Kl\u00f6spelare - Sisal Med Lekboll - Kattkl\u00f6str\u00e4d F\u00f6r Inomhusbruk - Kr\u00e4mvit - TRUUSK - Hem, Tr\u00e4dg\u00e5rd &amp; Fritid","isPartOf":{"@id":"https:\/\/truusk.store\/sv\/#website"},"primaryImageOfPage":{"@id":"https:\/\/truusk.store\/sv\/produkt\/truusk-klostrad-84cm-klospelare-sisal-med-lekboll-kattklostrad-for-inomhusbruk-kramvit\/#primaryimage"},"image":{"@id":"https:\/\/truusk.store\/sv\/produkt\/truusk-klostrad-84cm-klospelare-sisal-med-lekboll-kattklostrad-for-inomhusbruk-kramvit\/#primaryimage"},"thumbnailUrl":"https:\/\/i0.wp.com\/truusk.store\/wp-content\/uploads\/2025\/06\/klostrad-84cm-klospelare-sisal-kattklostrad-med-lekboll-klostrad-for-katter-kattklosmobler-inomhus-kramvit-1.webp?fit=2000%2C2000&ssl=1","datePublished":"2025-06-05T07:14:42+00:00","dateModified":"2026-03-12T08:44:18+00:00","breadcrumb":{"@id":"https:\/\/truusk.store\/sv\/produkt\/truusk-klostrad-84cm-klospelare-sisal-med-lekboll-kattklostrad-for-inomhusbruk-kramvit\/#breadcrumb"},"inLanguage":"sv-SE","potentialAction":[{"@type":"ReadAction","target":["https:\/\/truusk.store\/sv\/produkt\/truusk-klostrad-84cm-klospelare-sisal-med-lekboll-kattklostrad-for-inomhusbruk-kramvit\/"]}]},{"@type":"ImageObject","inLanguage":"sv-SE","@id":"https:\/\/truusk.store\/sv\/produkt\/truusk-klostrad-84cm-klospelare-sisal-med-lekboll-kattklostrad-for-inomhusbruk-kramvit\/#primaryimage","url":"https:\/\/i0.wp.com\/truusk.store\/wp-content\/uploads\/2025\/06\/klostrad-84cm-klospelare-sisal-kattklostrad-med-lekboll-klostrad-for-katter-kattklosmobler-inomhus-kramvit-1.webp?fit=2000%2C2000&ssl=1","contentUrl":"https:\/\/i0.wp.com\/truusk.store\/wp-content\/uploads\/2025\/06\/klostrad-84cm-klospelare-sisal-kattklostrad-med-lekboll-klostrad-for-katter-kattklosmobler-inomhus-kramvit-1.webp?fit=2000%2C2000&ssl=1","width":2000,"height":2000},{"@type":"BreadcrumbList","@id":"https:\/\/truusk.store\/sv\/produkt\/truusk-klostrad-84cm-klospelare-sisal-med-lekboll-kattklostrad-for-inomhusbruk-kramvit\/#breadcrumb","itemListElement":[{"@type":"ListItem","position":1,"name":"Home","item":"https:\/\/truusk.store\/sv\/"},{"@type":"ListItem","position":2,"name":"Shop","item":"https:\/\/truusk.store\/shop\/"},{"@type":"ListItem","position":3,"name":"TRUUSK Kl\u00f6str\u00e4d, 84cm Kl\u00f6spelare &#8211; Sisal Med Lekboll &#8211; Kattkl\u00f6str\u00e4d F\u00f6r Inomhusbruk &#8211; Kr\u00e4mvit"}]},{"@type":"WebSite","@id":"https:\/\/truusk.store\/sv\/#website","url":"https:\/\/truusk.store\/sv\/","name":"TRUUSK - Hem, Tr\u00e4dg\u00e5rd & Fritid","description":"","publisher":{"@id":"https:\/\/truusk.store\/sv\/#organization"},"potentialAction":[{"@type":"SearchAction","target":{"@type":"EntryPoint","urlTemplate":"https:\/\/truusk.store\/sv\/?s={search_term_string}"},"query-input":{"@type":"PropertyValueSpecification","valueRequired":true,"valueName":"search_term_string"}}],"inLanguage":"sv-SE"},{"@type":"Organization","@id":"https:\/\/truusk.store\/sv\/#organization","name":"TRUUSK - Hem, Tr\u00e4dg\u00e5rd & Fritid","url":"https:\/\/truusk.store\/sv\/","logo":{"@type":"ImageObject","inLanguage":"sv-SE","@id":"https:\/\/truusk.store\/sv\/#\/schema\/logo\/image\/","url":"https:\/\/i0.wp.com\/truusk.store\/wp-content\/uploads\/2026\/03\/cropped-TRUUSK.png?fit=2032%2C917&ssl=1","contentUrl":"https:\/\/i0.wp.com\/truusk.store\/wp-content\/uploads\/2026\/03\/cropped-TRUUSK.png?fit=2032%2C917&ssl=1","width":2032,"height":917,"caption":"TRUUSK - Hem, Tr\u00e4dg\u00e5rd & Fritid"},"image":{"@id":"https:\/\/truusk.store\/sv\/#\/schema\/logo\/image\/"}}]}},"jetpack_sharing_enabled":true,"_links":{"self":[{"href":"https:\/\/truusk.store\/sv\/wp-json\/wp\/v2\/product\/63736","targetHints":{"allow":["GET"]}}],"collection":[{"href":"https:\/\/truusk.store\/sv\/wp-json\/wp\/v2\/product"}],"about":[{"href":"https:\/\/truusk.store\/sv\/wp-json\/wp\/v2\/types\/product"}],"wp:featuredmedia":[{"embeddable":true,"href":"https:\/\/truusk.store\/sv\/wp-json\/wp\/v2\/media\/63727"}],"wp:attachment":[{"href":"https:\/\/truusk.store\/sv\/wp-json\/wp\/v2\/media?parent=63736"}],"wp:term":[{"taxonomy":"product_brand","embeddable":true,"href":"https:\/\/truusk.store\/sv\/wp-json\/wp\/v2\/product_brand?post=63736"},{"taxonomy":"product_cat","embeddable":true,"href":"https:\/\/truusk.store\/sv\/wp-json\/wp\/v2\/product_cat?post=63736"},{"taxonomy":"product_tag","embeddable":true,"href":"https:\/\/truusk.store\/sv\/wp-json\/wp\/v2\/product_tag?post=63736"}],"curies":[{"name":"wp","href":"https:\/\/api.w.org\/{rel}","templated":true}]}}