{"id":63826,"date":"2025-06-05T08:23:43","date_gmt":"2025-06-05T07:23:43","guid":{"rendered":"https:\/\/truusk.store\/product\/aiyaplay-barns-elektriska-motorcykel-6v-barnmotorcykel-med-stodhjul-barnfordon-med-horn-och-startljud-3-km-h-for-3-8-ars-barn-max-30-kg-gron\/"},"modified":"2026-03-12T09:46:20","modified_gmt":"2026-03-12T08:46:20","slug":"truusk-elektrisk-barnmotorcykel-6v-med-stodhjul-horn-och-startljud-for-barn-3-8-ar-max-30-kg-gron","status":"publish","type":"product","link":"https:\/\/truusk.store\/sv\/produkt\/truusk-elektrisk-barnmotorcykel-6v-med-stodhjul-horn-och-startljud-for-barn-3-8-ar-max-30-kg-gron\/","title":{"rendered":"TRUUSK Elektrisk Barnmotorcykel, 6V &#8211; Med St\u00f6dhjul &#8211; Horn och Startljud &#8211; F\u00f6r Barn 3-8 \u00e5r &#8211; Max. 30 kg &#8211; Gr\u00f6n"},"content":{"rendered":"<p>AIYAPLAY elektriska barnmotorcykel drivs av tv\u00e5 uppladdningsbara 6V-batterier och erbjuder upp till en timmes oavbruten k\u00f6rning. Denna el-motorcykel \u00e4r utrustad med st\u00f6dhjul och l\u00e4mpar sig f\u00f6r unga uppt\u00e4cktsresande i \u00e5ldrarna 3 till 8 \u00e5r. Med en s\u00e4ker hastighet p\u00e5 3 km\/h, inklusive sp\u00e4nnande tutljud och realistiska motorstarteffekter. Oavsett om du k\u00f6r p\u00e5 platta v\u00e4gar eller smala stigar, g\u00f6r denna barnmotorcykel varje resa till en episk resa!<\/p>\n<p>Beskrivning:<\/p>\n<ul>\n<li> Tryck p\u00e5 knappen p\u00e5 barnmotorcykelns handtag f\u00f6r att r\u00f6ra dig fram\u00e5t &#8211; f\u00f6r en enkel och underh\u00e5llande upplevelse.<\/li>\n<li> 6V uppladdningsbara batterier garanterar 1 timmes oavbruten k\u00f6rning<\/li>\n<li> St\u00f6dhjul p\u00e5 barnmotorcykeln ger stabilitet och s\u00e4kerhet f\u00f6r nyb\u00f6rjare<\/li>\n<li> 3 km\/h hastighet med knappbrytare f\u00f6r enkel styrning<\/li>\n<li> Tut och startljud ger en realistisk upplevelse<\/li>\n<li> 12V motorer p\u00e5 el-motorcykeln \u00e4r utformade f\u00f6r mjuka \u00e5kturer p\u00e5 platta ytor<\/li>\n<li> L\u00e4mplig f\u00f6r barn i \u00e5ldrarna 3 till 8 \u00e5r<\/li>\n<li> Montering kr\u00e4vs<\/li>\n<\/ul>\n<p> Tekniska data:<\/p>\n<ul>\n<li> F\u00e4rg: Gr\u00f6n<\/li>\n<li> Material: Plast, Metall<\/li>\n<li> Totala dimensioner: 105L x 57B x 62H cm<\/li>\n<li> Sitsstorlek: 23B x 12T cm<\/li>\n<li> Sits h\u00f6jd: 39 cm (fr\u00e5n marken)<\/li>\n<li> Hjulstorlek: \u00d830 x 8T cm<\/li>\n<li> Hastighet: 3 km\/h<\/li>\n<li> Motor: 2 x 12V<\/li>\n<li> Batteri: 6V 4,5A<\/li>\n<li> Laddningstid: 8-12 timmar<\/li>\n<li> Anv\u00e4ndningstid: 1 timme<\/li>\n<li> Maximal belastning: 30 kg<\/li>\n<li> Rekommenderad \u00e5lder: 3-8 \u00e5r<\/li>\n<li> Obs: 1, \u00d6vervaka alltid dina barn n\u00e4r de k\u00f6r.2, Laddningstiden b\u00f6r inte \u00f6verstiga 20 timmar<\/li>\n<\/ul>\n<p>Leverans inneh\u00e5ller:<\/p>\n<ul>\n<li> 1 x Elektrisk barnmotorcykel<\/li>\n<li> 1 x Bruksanvisning<\/li>\n<\/ul>\n","protected":false},"excerpt":{"rendered":"<p>AIYAPLAY elektriska barnmotorcykel drivs av tv\u00e5 uppladdningsbara 6V-batterier och erbjuder upp till en timmes oavbruten k\u00f6rning. Denna el-motorcykel \u00e4r utrustad&#8230;<\/p>\n","protected":false},"featured_media":63817,"template":"","meta":[],"product_brand":[],"product_cat":[880,610,925],"product_tag":[],"class_list":{"0":"post-63826","1":"product","2":"type-product","3":"status-publish","4":"has-post-thumbnail","6":"product_cat-baby-barn-2","7":"product_cat-barnfordon","8":"product_cat-barns-elektriska-fordon","10":"first","11":"instock","12":"sale","13":"taxable","14":"shipping-taxable","15":"purchasable","16":"product-type-simple"},"yoast_head":"<!-- This site is optimized with the Yoast SEO plugin v25.4 - https:\/\/yoast.com\/wordpress\/plugins\/seo\/ -->\n<title>TRUUSK Elektrisk Barnmotorcykel, 6V - Med St\u00f6dhjul - Horn och Startljud - F\u00f6r Barn 3-8 \u00e5r - Max. 30 kg - Gr\u00f6n - TRUUSK - Hem, Tr\u00e4dg\u00e5rd &amp; Fritid<\/title>\n<meta name=\"robots\" content=\"index, follow, max-snippet:-1, max-image-preview:large, max-video-preview:-1\" \/>\n<link rel=\"canonical\" href=\"https:\/\/truusk.store\/sv\/produkt\/truusk-elektrisk-barnmotorcykel-6v-med-stodhjul-horn-och-startljud-for-barn-3-8-ar-max-30-kg-gron\/\" \/>\n<meta property=\"og:locale\" content=\"sv_SE\" \/>\n<meta property=\"og:type\" content=\"article\" \/>\n<meta property=\"og:title\" content=\"TRUUSK Elektrisk Barnmotorcykel, 6V - Med St\u00f6dhjul - Horn och Startljud - F\u00f6r Barn 3-8 \u00e5r - Max. 30 kg - Gr\u00f6n - TRUUSK - Hem, Tr\u00e4dg\u00e5rd &amp; Fritid\" \/>\n<meta property=\"og:description\" content=\"AIYAPLAY elektriska barnmotorcykel drivs av tv\u00e5 uppladdningsbara 6V-batterier och erbjuder upp till en timmes oavbruten k\u00f6rning. Denna el-motorcykel \u00e4r utrustad...\" \/>\n<meta property=\"og:url\" content=\"https:\/\/truusk.store\/sv\/produkt\/truusk-elektrisk-barnmotorcykel-6v-med-stodhjul-horn-och-startljud-for-barn-3-8-ar-max-30-kg-gron\/\" \/>\n<meta property=\"og:site_name\" content=\"TRUUSK - Hem, Tr\u00e4dg\u00e5rd &amp; Fritid\" \/>\n<meta property=\"article:modified_time\" content=\"2026-03-12T08:46:20+00:00\" \/>\n<meta property=\"og:image\" content=\"https:\/\/i0.wp.com\/truusk.se\/wp-content\/uploads\/2025\/06\/aiyaplay-barns-elektriska-motorcykel-6v-barnmotorcykel-med-stodhjul-barnfordon-med-horn-och-startljud-3-km-h-for-3-8-ars-barn-max-30-kg-gron-1.webp?fit=2000%2C2000&ssl=1\" \/>\n\t<meta property=\"og:image:width\" content=\"2000\" \/>\n\t<meta property=\"og:image:height\" content=\"2000\" \/>\n\t<meta property=\"og:image:type\" content=\"image\/webp\" \/>\n<meta name=\"twitter:card\" content=\"summary_large_image\" \/>\n<meta name=\"twitter:label1\" content=\"Ber\u00e4knad l\u00e4stid\" \/>\n\t<meta name=\"twitter:data1\" content=\"1 minut\" \/>\n<!-- \/ Yoast SEO plugin. -->","yoast_head_json":{"title":"TRUUSK Elektrisk Barnmotorcykel, 6V - Med St\u00f6dhjul - Horn och Startljud - F\u00f6r Barn 3-8 \u00e5r - Max. 30 kg - Gr\u00f6n - TRUUSK - Hem, Tr\u00e4dg\u00e5rd &amp; Fritid","robots":{"index":"index","follow":"follow","max-snippet":"max-snippet:-1","max-image-preview":"max-image-preview:large","max-video-preview":"max-video-preview:-1"},"canonical":"https:\/\/truusk.store\/sv\/produkt\/truusk-elektrisk-barnmotorcykel-6v-med-stodhjul-horn-och-startljud-for-barn-3-8-ar-max-30-kg-gron\/","og_locale":"sv_SE","og_type":"article","og_title":"TRUUSK Elektrisk Barnmotorcykel, 6V - Med St\u00f6dhjul - Horn och Startljud - F\u00f6r Barn 3-8 \u00e5r - Max. 30 kg - Gr\u00f6n - TRUUSK - Hem, Tr\u00e4dg\u00e5rd &amp; Fritid","og_description":"AIYAPLAY elektriska barnmotorcykel drivs av tv\u00e5 uppladdningsbara 6V-batterier och erbjuder upp till en timmes oavbruten k\u00f6rning. Denna el-motorcykel \u00e4r utrustad...","og_url":"https:\/\/truusk.store\/sv\/produkt\/truusk-elektrisk-barnmotorcykel-6v-med-stodhjul-horn-och-startljud-for-barn-3-8-ar-max-30-kg-gron\/","og_site_name":"TRUUSK - Hem, Tr\u00e4dg\u00e5rd &amp; Fritid","article_modified_time":"2026-03-12T08:46:20+00:00","og_image":[{"width":2000,"height":2000,"url":"https:\/\/i0.wp.com\/truusk.se\/wp-content\/uploads\/2025\/06\/aiyaplay-barns-elektriska-motorcykel-6v-barnmotorcykel-med-stodhjul-barnfordon-med-horn-och-startljud-3-km-h-for-3-8-ars-barn-max-30-kg-gron-1.webp?fit=2000%2C2000&ssl=1","type":"image\/webp"}],"twitter_card":"summary_large_image","twitter_misc":{"Ber\u00e4knad l\u00e4stid":"1 minut"},"schema":{"@context":"https:\/\/schema.org","@graph":[{"@type":"WebPage","@id":"https:\/\/truusk.store\/sv\/produkt\/truusk-elektrisk-barnmotorcykel-6v-med-stodhjul-horn-och-startljud-for-barn-3-8-ar-max-30-kg-gron\/","url":"https:\/\/truusk.store\/sv\/produkt\/truusk-elektrisk-barnmotorcykel-6v-med-stodhjul-horn-och-startljud-for-barn-3-8-ar-max-30-kg-gron\/","name":"TRUUSK Elektrisk Barnmotorcykel, 6V - Med St\u00f6dhjul - Horn och Startljud - F\u00f6r Barn 3-8 \u00e5r - Max. 30 kg - Gr\u00f6n - TRUUSK - Hem, Tr\u00e4dg\u00e5rd &amp; Fritid","isPartOf":{"@id":"https:\/\/truusk.store\/sv\/#website"},"primaryImageOfPage":{"@id":"https:\/\/truusk.store\/sv\/produkt\/truusk-elektrisk-barnmotorcykel-6v-med-stodhjul-horn-och-startljud-for-barn-3-8-ar-max-30-kg-gron\/#primaryimage"},"image":{"@id":"https:\/\/truusk.store\/sv\/produkt\/truusk-elektrisk-barnmotorcykel-6v-med-stodhjul-horn-och-startljud-for-barn-3-8-ar-max-30-kg-gron\/#primaryimage"},"thumbnailUrl":"https:\/\/i0.wp.com\/truusk.store\/wp-content\/uploads\/2025\/06\/aiyaplay-barns-elektriska-motorcykel-6v-barnmotorcykel-med-stodhjul-barnfordon-med-horn-och-startljud-3-km-h-for-3-8-ars-barn-max-30-kg-gron-1.webp?fit=2000%2C2000&ssl=1","datePublished":"2025-06-05T07:23:43+00:00","dateModified":"2026-03-12T08:46:20+00:00","breadcrumb":{"@id":"https:\/\/truusk.store\/sv\/produkt\/truusk-elektrisk-barnmotorcykel-6v-med-stodhjul-horn-och-startljud-for-barn-3-8-ar-max-30-kg-gron\/#breadcrumb"},"inLanguage":"sv-SE","potentialAction":[{"@type":"ReadAction","target":["https:\/\/truusk.store\/sv\/produkt\/truusk-elektrisk-barnmotorcykel-6v-med-stodhjul-horn-och-startljud-for-barn-3-8-ar-max-30-kg-gron\/"]}]},{"@type":"ImageObject","inLanguage":"sv-SE","@id":"https:\/\/truusk.store\/sv\/produkt\/truusk-elektrisk-barnmotorcykel-6v-med-stodhjul-horn-och-startljud-for-barn-3-8-ar-max-30-kg-gron\/#primaryimage","url":"https:\/\/i0.wp.com\/truusk.store\/wp-content\/uploads\/2025\/06\/aiyaplay-barns-elektriska-motorcykel-6v-barnmotorcykel-med-stodhjul-barnfordon-med-horn-och-startljud-3-km-h-for-3-8-ars-barn-max-30-kg-gron-1.webp?fit=2000%2C2000&ssl=1","contentUrl":"https:\/\/i0.wp.com\/truusk.store\/wp-content\/uploads\/2025\/06\/aiyaplay-barns-elektriska-motorcykel-6v-barnmotorcykel-med-stodhjul-barnfordon-med-horn-och-startljud-3-km-h-for-3-8-ars-barn-max-30-kg-gron-1.webp?fit=2000%2C2000&ssl=1","width":2000,"height":2000},{"@type":"BreadcrumbList","@id":"https:\/\/truusk.store\/sv\/produkt\/truusk-elektrisk-barnmotorcykel-6v-med-stodhjul-horn-och-startljud-for-barn-3-8-ar-max-30-kg-gron\/#breadcrumb","itemListElement":[{"@type":"ListItem","position":1,"name":"Home","item":"https:\/\/truusk.store\/sv\/"},{"@type":"ListItem","position":2,"name":"Shop","item":"https:\/\/truusk.store\/shop\/"},{"@type":"ListItem","position":3,"name":"TRUUSK Elektrisk Barnmotorcykel, 6V &#8211; Med St\u00f6dhjul &#8211; Horn och Startljud &#8211; F\u00f6r Barn 3-8 \u00e5r &#8211; Max. 30 kg &#8211; Gr\u00f6n"}]},{"@type":"WebSite","@id":"https:\/\/truusk.store\/sv\/#website","url":"https:\/\/truusk.store\/sv\/","name":"TRUUSK - Hem, Tr\u00e4dg\u00e5rd & Fritid","description":"","publisher":{"@id":"https:\/\/truusk.store\/sv\/#organization"},"potentialAction":[{"@type":"SearchAction","target":{"@type":"EntryPoint","urlTemplate":"https:\/\/truusk.store\/sv\/?s={search_term_string}"},"query-input":{"@type":"PropertyValueSpecification","valueRequired":true,"valueName":"search_term_string"}}],"inLanguage":"sv-SE"},{"@type":"Organization","@id":"https:\/\/truusk.store\/sv\/#organization","name":"TRUUSK - Hem, Tr\u00e4dg\u00e5rd & Fritid","url":"https:\/\/truusk.store\/sv\/","logo":{"@type":"ImageObject","inLanguage":"sv-SE","@id":"https:\/\/truusk.store\/sv\/#\/schema\/logo\/image\/","url":"https:\/\/i0.wp.com\/truusk.store\/wp-content\/uploads\/2026\/03\/cropped-TRUUSK.png?fit=2032%2C917&ssl=1","contentUrl":"https:\/\/i0.wp.com\/truusk.store\/wp-content\/uploads\/2026\/03\/cropped-TRUUSK.png?fit=2032%2C917&ssl=1","width":2032,"height":917,"caption":"TRUUSK - Hem, Tr\u00e4dg\u00e5rd & Fritid"},"image":{"@id":"https:\/\/truusk.store\/sv\/#\/schema\/logo\/image\/"}}]}},"jetpack_sharing_enabled":true,"_links":{"self":[{"href":"https:\/\/truusk.store\/sv\/wp-json\/wp\/v2\/product\/63826","targetHints":{"allow":["GET"]}}],"collection":[{"href":"https:\/\/truusk.store\/sv\/wp-json\/wp\/v2\/product"}],"about":[{"href":"https:\/\/truusk.store\/sv\/wp-json\/wp\/v2\/types\/product"}],"wp:featuredmedia":[{"embeddable":true,"href":"https:\/\/truusk.store\/sv\/wp-json\/wp\/v2\/media\/63817"}],"wp:attachment":[{"href":"https:\/\/truusk.store\/sv\/wp-json\/wp\/v2\/media?parent=63826"}],"wp:term":[{"taxonomy":"product_brand","embeddable":true,"href":"https:\/\/truusk.store\/sv\/wp-json\/wp\/v2\/product_brand?post=63826"},{"taxonomy":"product_cat","embeddable":true,"href":"https:\/\/truusk.store\/sv\/wp-json\/wp\/v2\/product_cat?post=63826"},{"taxonomy":"product_tag","embeddable":true,"href":"https:\/\/truusk.store\/sv\/wp-json\/wp\/v2\/product_tag?post=63826"}],"curies":[{"name":"wp","href":"https:\/\/api.w.org\/{rel}","templated":true}]}}