{"id":63916,"date":"2025-06-05T08:32:43","date_gmt":"2025-06-05T07:32:43","guid":{"rendered":"https:\/\/truusk.store\/product\/matbord-med-2-stolar-bank-matgrupp-4-delars-set-koksbordssats-med-forvaring-for-4-personer-matsalsgrupp-for-sma-utrymmen-kok-vardagsrum-ek\/"},"modified":"2026-03-12T09:42:34","modified_gmt":"2026-03-12T08:42:34","slug":"truusk-matbord-med-2-stolar-och-bank-4-delars-set-med-forvaring-for-4-personer-ek-for-kok-och-vardagsrum-sma-utrymmen","status":"publish","type":"product","link":"https:\/\/truusk.store\/sv\/produkt\/truusk-matbord-med-2-stolar-och-bank-4-delars-set-med-forvaring-for-4-personer-ek-for-kok-och-vardagsrum-sma-utrymmen\/","title":{"rendered":"TRUUSK Matbord Med 2 Stolar och B\u00e4nk &#8211; 4-delars Set med F\u00f6rvaring &#8211; F\u00f6r 4 Personer &#8211; Ek &#8211; F\u00f6r K\u00f6k och Vardagsrum &#8211; Sm\u00e5 Utrymmen"},"content":{"rendered":"<p>Berika ditt hem med TRUUSK matbordssats. Det rektangul\u00e4ra k\u00f6ksbordet f\u00f6r fyra personer \u00e4r perfekt f\u00f6r m\u00e5ltider med familj och v\u00e4nner. Under k\u00f6ksbordet och b\u00e4nken finns praktiska f\u00f6rvaringsfack, rundade h\u00f6rn garanterar s\u00e4kerhet och de mjuka sittplatserna inbjuder till l\u00e4ngre vistelser. Idealiskt f\u00f6r sm\u00e5 k\u00f6k eller matplatser.<\/p>\n<p>Beskrivning:<\/p>\n<ul>\n<li> Inneh\u00e5ller ett matbord med 2 stolar och en b\u00e4nk<\/li>\n<li> F\u00f6rvaringshylla under bordet och b\u00e4nken f\u00f6r praktisk organisering<\/li>\n<li> Rundade h\u00f6rn \u00f6kar s\u00e4kerheten och minskar risken f\u00f6r skador<\/li>\n<li> Vadderade s\u00e4ten med skumvaddering f\u00f6r bekv\u00e4m matning<\/li>\n<li> Konstl\u00e4der\u00f6verdrag, l\u00e4tt att reng\u00f6ra och underh\u00e5lla<\/li>\n<li> Pulverlackerade st\u00e5lr\u00f6r i matbordssatsen med skyddsf\u00f6tter f\u00f6r stabilitet<\/li>\n<li> Stolar och b\u00e4nk kan skjutas under bordet f\u00f6r att spara utrymme<\/li>\n<li> Montering kr\u00e4vs<\/li>\n<\/ul>\n<p> Tekniska data:<\/p>\n<ul>\n<li> F\u00e4rg: Ek+Vit<\/li>\n<li> Material: St\u00e5l, MDF, konstl\u00e4der, skum<\/li>\n<li> Bordets dimensioner: 110B x 70T x 75H cm<\/li>\n<li> Stolens dimensioner: 40B x 50T x 80H cm<\/li>\n<li> B\u00e4nkens dimensioner: 86,5B x 39T x 45,5H cm<\/li>\n<li> Stolens sitsstorlek: 40B x 41T x 45,5H cm<\/li>\n<li> Ryggstorlek: 39B x 36H cm<\/li>\n<li> Hyllans storlek: 73B x 58T x 9,5H cm (under bordet), 82,5B x 25T x 24H cm (under b\u00e4nken)<\/li>\n<li> B\u00e4rf\u00f6rm\u00e5ga: 240 kg (b\u00e4nk), 120 kg (stol), 80 kg (bord)<\/li>\n<li> Minsta l\u00e4mpliga yta: 3L x 3B m = 9 m\u00b2<\/li>\n<\/ul>\n<p> Leveransinneh\u00e5ll:<\/p>\n<ul>\n<li> 1 x Bord<\/li>\n<li> 2 x Stol<\/li>\n<li> 1 x B\u00e4nk<\/li>\n<li> 1 x Manual<\/li>\n<\/ul>\n","protected":false},"excerpt":{"rendered":"<p>Berika ditt hem med TRUUSK matbordssats. Det rektangul\u00e4ra k\u00f6ksbordet f\u00f6r fyra personer \u00e4r perfekt f\u00f6r m\u00e5ltider med familj och v\u00e4nner&#8230;.<\/p>\n","protected":false},"featured_media":63907,"template":"","meta":[],"product_brand":[],"product_cat":[871,889,512],"product_tag":[],"class_list":{"0":"post-63916","1":"product","2":"type-product","3":"status-publish","4":"has-post-thumbnail","6":"product_cat-hus-hem","7":"product_cat-kok-matsal","8":"product_cat-matgrupper","10":"first","11":"instock","12":"sale","13":"taxable","14":"shipping-taxable","15":"purchasable","16":"product-type-simple"},"yoast_head":"<!-- This site is optimized with the Yoast SEO plugin v25.4 - https:\/\/yoast.com\/wordpress\/plugins\/seo\/ -->\n<title>TRUUSK Matbord Med 2 Stolar och B\u00e4nk - 4-delars Set med F\u00f6rvaring - F\u00f6r 4 Personer - Ek - F\u00f6r K\u00f6k och Vardagsrum - Sm\u00e5 Utrymmen - TRUUSK - Hem, Tr\u00e4dg\u00e5rd &amp; Fritid<\/title>\n<meta name=\"robots\" content=\"index, follow, max-snippet:-1, max-image-preview:large, max-video-preview:-1\" \/>\n<link rel=\"canonical\" href=\"https:\/\/truusk.store\/sv\/produkt\/truusk-matbord-med-2-stolar-och-bank-4-delars-set-med-forvaring-for-4-personer-ek-for-kok-och-vardagsrum-sma-utrymmen\/\" \/>\n<meta property=\"og:locale\" content=\"sv_SE\" \/>\n<meta property=\"og:type\" content=\"article\" \/>\n<meta property=\"og:title\" content=\"TRUUSK Matbord Med 2 Stolar och B\u00e4nk - 4-delars Set med F\u00f6rvaring - F\u00f6r 4 Personer - Ek - F\u00f6r K\u00f6k och Vardagsrum - Sm\u00e5 Utrymmen - TRUUSK - Hem, Tr\u00e4dg\u00e5rd &amp; Fritid\" \/>\n<meta property=\"og:description\" content=\"Berika ditt hem med TRUUSK matbordssats. Det rektangul\u00e4ra k\u00f6ksbordet f\u00f6r fyra personer \u00e4r perfekt f\u00f6r m\u00e5ltider med familj och v\u00e4nner....\" \/>\n<meta property=\"og:url\" content=\"https:\/\/truusk.store\/sv\/produkt\/truusk-matbord-med-2-stolar-och-bank-4-delars-set-med-forvaring-for-4-personer-ek-for-kok-och-vardagsrum-sma-utrymmen\/\" \/>\n<meta property=\"og:site_name\" content=\"TRUUSK - Hem, Tr\u00e4dg\u00e5rd &amp; Fritid\" \/>\n<meta property=\"article:modified_time\" content=\"2026-03-12T08:42:34+00:00\" \/>\n<meta property=\"og:image\" content=\"https:\/\/i0.wp.com\/truusk.se\/wp-content\/uploads\/2025\/06\/matbord-med-2-stolar-bank-matgrupp-4-delars-set-koksbordssats-med-forvaring-for-4-personer-matsalsgrupp-for-sma-utrymmen-kok-vardagsrum-ek-1.webp?fit=2000%2C2000&ssl=1\" \/>\n\t<meta property=\"og:image:width\" content=\"2000\" \/>\n\t<meta property=\"og:image:height\" content=\"2000\" \/>\n\t<meta property=\"og:image:type\" content=\"image\/webp\" \/>\n<meta name=\"twitter:card\" content=\"summary_large_image\" \/>\n<meta name=\"twitter:label1\" content=\"Ber\u00e4knad l\u00e4stid\" \/>\n\t<meta name=\"twitter:data1\" content=\"1 minut\" \/>\n<!-- \/ Yoast SEO plugin. -->","yoast_head_json":{"title":"TRUUSK Matbord Med 2 Stolar och B\u00e4nk - 4-delars Set med F\u00f6rvaring - F\u00f6r 4 Personer - Ek - F\u00f6r K\u00f6k och Vardagsrum - Sm\u00e5 Utrymmen - TRUUSK - Hem, Tr\u00e4dg\u00e5rd &amp; Fritid","robots":{"index":"index","follow":"follow","max-snippet":"max-snippet:-1","max-image-preview":"max-image-preview:large","max-video-preview":"max-video-preview:-1"},"canonical":"https:\/\/truusk.store\/sv\/produkt\/truusk-matbord-med-2-stolar-och-bank-4-delars-set-med-forvaring-for-4-personer-ek-for-kok-och-vardagsrum-sma-utrymmen\/","og_locale":"sv_SE","og_type":"article","og_title":"TRUUSK Matbord Med 2 Stolar och B\u00e4nk - 4-delars Set med F\u00f6rvaring - F\u00f6r 4 Personer - Ek - F\u00f6r K\u00f6k och Vardagsrum - Sm\u00e5 Utrymmen - TRUUSK - Hem, Tr\u00e4dg\u00e5rd &amp; Fritid","og_description":"Berika ditt hem med TRUUSK matbordssats. Det rektangul\u00e4ra k\u00f6ksbordet f\u00f6r fyra personer \u00e4r perfekt f\u00f6r m\u00e5ltider med familj och v\u00e4nner....","og_url":"https:\/\/truusk.store\/sv\/produkt\/truusk-matbord-med-2-stolar-och-bank-4-delars-set-med-forvaring-for-4-personer-ek-for-kok-och-vardagsrum-sma-utrymmen\/","og_site_name":"TRUUSK - Hem, Tr\u00e4dg\u00e5rd &amp; Fritid","article_modified_time":"2026-03-12T08:42:34+00:00","og_image":[{"width":2000,"height":2000,"url":"https:\/\/i0.wp.com\/truusk.se\/wp-content\/uploads\/2025\/06\/matbord-med-2-stolar-bank-matgrupp-4-delars-set-koksbordssats-med-forvaring-for-4-personer-matsalsgrupp-for-sma-utrymmen-kok-vardagsrum-ek-1.webp?fit=2000%2C2000&ssl=1","type":"image\/webp"}],"twitter_card":"summary_large_image","twitter_misc":{"Ber\u00e4knad l\u00e4stid":"1 minut"},"schema":{"@context":"https:\/\/schema.org","@graph":[{"@type":"WebPage","@id":"https:\/\/truusk.store\/sv\/produkt\/truusk-matbord-med-2-stolar-och-bank-4-delars-set-med-forvaring-for-4-personer-ek-for-kok-och-vardagsrum-sma-utrymmen\/","url":"https:\/\/truusk.store\/sv\/produkt\/truusk-matbord-med-2-stolar-och-bank-4-delars-set-med-forvaring-for-4-personer-ek-for-kok-och-vardagsrum-sma-utrymmen\/","name":"TRUUSK Matbord Med 2 Stolar och B\u00e4nk - 4-delars Set med F\u00f6rvaring - F\u00f6r 4 Personer - Ek - F\u00f6r K\u00f6k och Vardagsrum - Sm\u00e5 Utrymmen - TRUUSK - Hem, Tr\u00e4dg\u00e5rd &amp; Fritid","isPartOf":{"@id":"https:\/\/truusk.store\/sv\/#website"},"primaryImageOfPage":{"@id":"https:\/\/truusk.store\/sv\/produkt\/truusk-matbord-med-2-stolar-och-bank-4-delars-set-med-forvaring-for-4-personer-ek-for-kok-och-vardagsrum-sma-utrymmen\/#primaryimage"},"image":{"@id":"https:\/\/truusk.store\/sv\/produkt\/truusk-matbord-med-2-stolar-och-bank-4-delars-set-med-forvaring-for-4-personer-ek-for-kok-och-vardagsrum-sma-utrymmen\/#primaryimage"},"thumbnailUrl":"https:\/\/i0.wp.com\/truusk.store\/wp-content\/uploads\/2025\/06\/matbord-med-2-stolar-bank-matgrupp-4-delars-set-koksbordssats-med-forvaring-for-4-personer-matsalsgrupp-for-sma-utrymmen-kok-vardagsrum-ek-1.webp?fit=2000%2C2000&ssl=1","datePublished":"2025-06-05T07:32:43+00:00","dateModified":"2026-03-12T08:42:34+00:00","breadcrumb":{"@id":"https:\/\/truusk.store\/sv\/produkt\/truusk-matbord-med-2-stolar-och-bank-4-delars-set-med-forvaring-for-4-personer-ek-for-kok-och-vardagsrum-sma-utrymmen\/#breadcrumb"},"inLanguage":"sv-SE","potentialAction":[{"@type":"ReadAction","target":["https:\/\/truusk.store\/sv\/produkt\/truusk-matbord-med-2-stolar-och-bank-4-delars-set-med-forvaring-for-4-personer-ek-for-kok-och-vardagsrum-sma-utrymmen\/"]}]},{"@type":"ImageObject","inLanguage":"sv-SE","@id":"https:\/\/truusk.store\/sv\/produkt\/truusk-matbord-med-2-stolar-och-bank-4-delars-set-med-forvaring-for-4-personer-ek-for-kok-och-vardagsrum-sma-utrymmen\/#primaryimage","url":"https:\/\/i0.wp.com\/truusk.store\/wp-content\/uploads\/2025\/06\/matbord-med-2-stolar-bank-matgrupp-4-delars-set-koksbordssats-med-forvaring-for-4-personer-matsalsgrupp-for-sma-utrymmen-kok-vardagsrum-ek-1.webp?fit=2000%2C2000&ssl=1","contentUrl":"https:\/\/i0.wp.com\/truusk.store\/wp-content\/uploads\/2025\/06\/matbord-med-2-stolar-bank-matgrupp-4-delars-set-koksbordssats-med-forvaring-for-4-personer-matsalsgrupp-for-sma-utrymmen-kok-vardagsrum-ek-1.webp?fit=2000%2C2000&ssl=1","width":2000,"height":2000},{"@type":"BreadcrumbList","@id":"https:\/\/truusk.store\/sv\/produkt\/truusk-matbord-med-2-stolar-och-bank-4-delars-set-med-forvaring-for-4-personer-ek-for-kok-och-vardagsrum-sma-utrymmen\/#breadcrumb","itemListElement":[{"@type":"ListItem","position":1,"name":"Home","item":"https:\/\/truusk.store\/sv\/"},{"@type":"ListItem","position":2,"name":"Shop","item":"https:\/\/truusk.store\/shop\/"},{"@type":"ListItem","position":3,"name":"TRUUSK Matbord Med 2 Stolar och B\u00e4nk &#8211; 4-delars Set med F\u00f6rvaring &#8211; F\u00f6r 4 Personer &#8211; Ek &#8211; F\u00f6r K\u00f6k och Vardagsrum &#8211; Sm\u00e5 Utrymmen"}]},{"@type":"WebSite","@id":"https:\/\/truusk.store\/sv\/#website","url":"https:\/\/truusk.store\/sv\/","name":"TRUUSK - Hem, Tr\u00e4dg\u00e5rd & Fritid","description":"","publisher":{"@id":"https:\/\/truusk.store\/sv\/#organization"},"potentialAction":[{"@type":"SearchAction","target":{"@type":"EntryPoint","urlTemplate":"https:\/\/truusk.store\/sv\/?s={search_term_string}"},"query-input":{"@type":"PropertyValueSpecification","valueRequired":true,"valueName":"search_term_string"}}],"inLanguage":"sv-SE"},{"@type":"Organization","@id":"https:\/\/truusk.store\/sv\/#organization","name":"TRUUSK - Hem, Tr\u00e4dg\u00e5rd & Fritid","url":"https:\/\/truusk.store\/sv\/","logo":{"@type":"ImageObject","inLanguage":"sv-SE","@id":"https:\/\/truusk.store\/sv\/#\/schema\/logo\/image\/","url":"https:\/\/i0.wp.com\/truusk.store\/wp-content\/uploads\/2026\/03\/cropped-TRUUSK.png?fit=2032%2C917&ssl=1","contentUrl":"https:\/\/i0.wp.com\/truusk.store\/wp-content\/uploads\/2026\/03\/cropped-TRUUSK.png?fit=2032%2C917&ssl=1","width":2032,"height":917,"caption":"TRUUSK - Hem, Tr\u00e4dg\u00e5rd & Fritid"},"image":{"@id":"https:\/\/truusk.store\/sv\/#\/schema\/logo\/image\/"}}]}},"jetpack_sharing_enabled":true,"_links":{"self":[{"href":"https:\/\/truusk.store\/sv\/wp-json\/wp\/v2\/product\/63916","targetHints":{"allow":["GET"]}}],"collection":[{"href":"https:\/\/truusk.store\/sv\/wp-json\/wp\/v2\/product"}],"about":[{"href":"https:\/\/truusk.store\/sv\/wp-json\/wp\/v2\/types\/product"}],"wp:featuredmedia":[{"embeddable":true,"href":"https:\/\/truusk.store\/sv\/wp-json\/wp\/v2\/media\/63907"}],"wp:attachment":[{"href":"https:\/\/truusk.store\/sv\/wp-json\/wp\/v2\/media?parent=63916"}],"wp:term":[{"taxonomy":"product_brand","embeddable":true,"href":"https:\/\/truusk.store\/sv\/wp-json\/wp\/v2\/product_brand?post=63916"},{"taxonomy":"product_cat","embeddable":true,"href":"https:\/\/truusk.store\/sv\/wp-json\/wp\/v2\/product_cat?post=63916"},{"taxonomy":"product_tag","embeddable":true,"href":"https:\/\/truusk.store\/sv\/wp-json\/wp\/v2\/product_tag?post=63916"}],"curies":[{"name":"wp","href":"https:\/\/api.w.org\/{rel}","templated":true}]}}