{"id":63956,"date":"2025-06-05T08:36:51","date_gmt":"2025-06-05T07:36:51","guid":{"rendered":"https:\/\/truusk.store\/product\/aiyaplay-barns-elektriska-bil-24-v-5-7-km-h-terrangbil-med-musikanslutning-barnfordon-med-24g-fjarrkontroll-stralkastare-tuta-elektriskt-barnfordon-for-barn-3-8-ar-bla\/"},"modified":"2026-03-12T09:44:13","modified_gmt":"2026-03-12T08:44:13","slug":"truusk-elektrisk-terrangbil-for-barn-musikanslutning-fjarrkontroll-stralkastare-huta-bla-for-barn-3-8-ar","status":"publish","type":"product","link":"https:\/\/truusk.store\/sv\/produkt\/truusk-elektrisk-terrangbil-for-barn-musikanslutning-fjarrkontroll-stralkastare-huta-bla-for-barn-3-8-ar\/","title":{"rendered":"TRUUSK Elektrisk Terr\u00e4ngbil f\u00f6r Barn &#8211; Musikanslutning &#8211; Fj\u00e4rrkontroll &#8211; Str\u00e5lkastare &#8211; Huta &#8211; Bl\u00e5 &#8211; F\u00f6r Barn 3-8 \u00c5r"},"content":{"rendered":"<p>B\u00f6rja sp\u00e4nnande \u00e4ventyr med AIYAPLAY 24V elektriska bil f\u00f6r barn! Denna tv\u00e5sitsiga modell av bilen f\u00f6r barn erbjuder ett kraftfullt 7AH-batteri och fyra motorer f\u00f6r smidiga \u00e5kturer p\u00e5 gr\u00e4s och grus. Stora s\u00e4ten i barnets elektriska bil ger plats f\u00f6r syskon eller v\u00e4nner, och med justerbar hastighet f\u00f6rblir upplevelsen s\u00e4ker och sp\u00e4nnande. \u00c4r du redo f\u00f6r utomhuskul?<\/p>\n<p>Beskrivning:<\/p>\n<ul>\n<li> Rymliga s\u00e4ten i bilen f\u00f6r barn ger plats f\u00f6r tv\u00e5 barn<\/li>\n<li> Den justerbara hastigheten p\u00e5 barnets elektriska bil anpassar sig till barnets komfort vid 5-7 km\/h<\/li>\n<li> Njut av 60 minuter oavbruten kul<\/li>\n<li> L\u00e4mplig f\u00f6r olika terr\u00e4ngtyper med fj\u00e4dring<\/li>\n<li> Alternativet f\u00f6r fj\u00e4rrstyrning \u00f6kar s\u00e4kerheten, eller barnen k\u00f6r sj\u00e4lvst\u00e4ndigt<\/li>\n<li> Inbyggd musik, horn och ljus p\u00e5 den elektriska bilen \u00f6kar underh\u00e5llningsv\u00e4rdet<\/li>\n<li> S\u00e4kerhetsb\u00e4lte och prestandaindikator garanterar s\u00e4kerhet och \u00f6versikt<\/li>\n<li> Montering kr\u00e4vs<\/li>\n<\/ul>\n<p> Tekniska data:<\/p>\n<ul>\n<li> F\u00e4rg: Bl\u00e5<\/li>\n<li> Material: Plast, Metall<\/li>\n<li> Totala dimensioner: 117L x 72B x 67H cm<\/li>\n<li> Sitsstorlek: 44B x 19T cm<\/li>\n<li> Sitth\u00f6jd: 34 cm (till golvet)<\/li>\n<li> Fj\u00e4rrkontrollens r\u00e4ckvidd: 15 m<\/li>\n<li> Hastighet: 5-7 km\/h<\/li>\n<li> Batteri: 24V 7AH<\/li>\n<li> Motor: 4 x 24V, 35W<\/li>\n<li> Laddningstid: 8-12 timmar (f\u00f6rsta g\u00e5ngen). 10-12 timmar (regelbundet)<\/li>\n<li> Drifttid: 60 min<\/li>\n<li> Belastningskapacitet: 50 kg<\/li>\n<li> Godk\u00e4nd \u00e5lder: \u00d6ver 3 \u00e5r gammal<\/li>\n<li> Rekommenderad \u00e5lder: 3-8 \u00e5r gammal<\/li>\n<li> Sittkapacitet: 2 f\u00f6rare<\/li>\n<li> Obs: 1, \u00d6vervaka alltid dina barn n\u00e4r de k\u00f6r<\/li>\n<li>2, Kr\u00e4ver 2 x 1,5V AAA-batterier f\u00f6r fj\u00e4rrkontrollen (ing\u00e5r ej)<\/li>\n<\/ul>\n<p> Leveransinneh\u00e5ll:<\/p>\n<ul>\n<li> 1 x Elektrisk bil f\u00f6r barn<\/li>\n<li> 1 x Fj\u00e4rrkontroll<\/li>\n<li> 1 x Bruksanvisning<\/li>\n<\/ul>\n","protected":false},"excerpt":{"rendered":"<p>B\u00f6rja sp\u00e4nnande \u00e4ventyr med AIYAPLAY 24V elektriska bil f\u00f6r barn! Denna tv\u00e5sitsiga modell av bilen f\u00f6r barn erbjuder ett kraftfullt&#8230;<\/p>\n","protected":false},"featured_media":63947,"template":"","meta":[],"product_brand":[],"product_cat":[880,610,925],"product_tag":[],"class_list":{"0":"post-63956","1":"product","2":"type-product","3":"status-publish","4":"has-post-thumbnail","6":"product_cat-baby-barn-2","7":"product_cat-barnfordon","8":"product_cat-barns-elektriska-fordon","10":"first","11":"instock","12":"sale","13":"taxable","14":"shipping-taxable","15":"purchasable","16":"product-type-simple"},"yoast_head":"<!-- This site is optimized with the Yoast SEO plugin v25.4 - https:\/\/yoast.com\/wordpress\/plugins\/seo\/ -->\n<title>TRUUSK Elektrisk Terr\u00e4ngbil f\u00f6r Barn - Musikanslutning - Fj\u00e4rrkontroll - Str\u00e5lkastare - Huta - Bl\u00e5 - F\u00f6r Barn 3-8 \u00c5r - TRUUSK - Hem, Tr\u00e4dg\u00e5rd &amp; Fritid<\/title>\n<meta name=\"robots\" content=\"index, follow, max-snippet:-1, max-image-preview:large, max-video-preview:-1\" \/>\n<link rel=\"canonical\" href=\"https:\/\/truusk.store\/sv\/produkt\/truusk-elektrisk-terrangbil-for-barn-musikanslutning-fjarrkontroll-stralkastare-huta-bla-for-barn-3-8-ar\/\" \/>\n<meta property=\"og:locale\" content=\"sv_SE\" \/>\n<meta property=\"og:type\" content=\"article\" \/>\n<meta property=\"og:title\" content=\"TRUUSK Elektrisk Terr\u00e4ngbil f\u00f6r Barn - Musikanslutning - Fj\u00e4rrkontroll - Str\u00e5lkastare - Huta - Bl\u00e5 - F\u00f6r Barn 3-8 \u00c5r - TRUUSK - Hem, Tr\u00e4dg\u00e5rd &amp; Fritid\" \/>\n<meta property=\"og:description\" content=\"B\u00f6rja sp\u00e4nnande \u00e4ventyr med AIYAPLAY 24V elektriska bil f\u00f6r barn! Denna tv\u00e5sitsiga modell av bilen f\u00f6r barn erbjuder ett kraftfullt...\" \/>\n<meta property=\"og:url\" content=\"https:\/\/truusk.store\/sv\/produkt\/truusk-elektrisk-terrangbil-for-barn-musikanslutning-fjarrkontroll-stralkastare-huta-bla-for-barn-3-8-ar\/\" \/>\n<meta property=\"og:site_name\" content=\"TRUUSK - Hem, Tr\u00e4dg\u00e5rd &amp; Fritid\" \/>\n<meta property=\"article:modified_time\" content=\"2026-03-12T08:44:13+00:00\" \/>\n<meta property=\"og:image\" content=\"https:\/\/i0.wp.com\/truusk.se\/wp-content\/uploads\/2025\/06\/aiyaplay-barns-elektriska-bil-24-v-5-7-km-h-terrangbil-med-musikanslutning-barnfordon-med-24g-fjarrkontroll-stralkastare-tuta-elektriskt-barnfordon-for-barn-3-8-ar-bla-1.webp?fit=2000%2C2000&ssl=1\" \/>\n\t<meta property=\"og:image:width\" content=\"2000\" \/>\n\t<meta property=\"og:image:height\" content=\"2000\" \/>\n\t<meta property=\"og:image:type\" content=\"image\/webp\" \/>\n<meta name=\"twitter:card\" content=\"summary_large_image\" \/>\n<meta name=\"twitter:label1\" content=\"Ber\u00e4knad l\u00e4stid\" \/>\n\t<meta name=\"twitter:data1\" content=\"1 minut\" \/>\n<!-- \/ Yoast SEO plugin. -->","yoast_head_json":{"title":"TRUUSK Elektrisk Terr\u00e4ngbil f\u00f6r Barn - Musikanslutning - Fj\u00e4rrkontroll - Str\u00e5lkastare - Huta - Bl\u00e5 - F\u00f6r Barn 3-8 \u00c5r - TRUUSK - Hem, Tr\u00e4dg\u00e5rd &amp; Fritid","robots":{"index":"index","follow":"follow","max-snippet":"max-snippet:-1","max-image-preview":"max-image-preview:large","max-video-preview":"max-video-preview:-1"},"canonical":"https:\/\/truusk.store\/sv\/produkt\/truusk-elektrisk-terrangbil-for-barn-musikanslutning-fjarrkontroll-stralkastare-huta-bla-for-barn-3-8-ar\/","og_locale":"sv_SE","og_type":"article","og_title":"TRUUSK Elektrisk Terr\u00e4ngbil f\u00f6r Barn - Musikanslutning - Fj\u00e4rrkontroll - Str\u00e5lkastare - Huta - Bl\u00e5 - F\u00f6r Barn 3-8 \u00c5r - TRUUSK - Hem, Tr\u00e4dg\u00e5rd &amp; Fritid","og_description":"B\u00f6rja sp\u00e4nnande \u00e4ventyr med AIYAPLAY 24V elektriska bil f\u00f6r barn! Denna tv\u00e5sitsiga modell av bilen f\u00f6r barn erbjuder ett kraftfullt...","og_url":"https:\/\/truusk.store\/sv\/produkt\/truusk-elektrisk-terrangbil-for-barn-musikanslutning-fjarrkontroll-stralkastare-huta-bla-for-barn-3-8-ar\/","og_site_name":"TRUUSK - Hem, Tr\u00e4dg\u00e5rd &amp; Fritid","article_modified_time":"2026-03-12T08:44:13+00:00","og_image":[{"width":2000,"height":2000,"url":"https:\/\/i0.wp.com\/truusk.se\/wp-content\/uploads\/2025\/06\/aiyaplay-barns-elektriska-bil-24-v-5-7-km-h-terrangbil-med-musikanslutning-barnfordon-med-24g-fjarrkontroll-stralkastare-tuta-elektriskt-barnfordon-for-barn-3-8-ar-bla-1.webp?fit=2000%2C2000&ssl=1","type":"image\/webp"}],"twitter_card":"summary_large_image","twitter_misc":{"Ber\u00e4knad l\u00e4stid":"1 minut"},"schema":{"@context":"https:\/\/schema.org","@graph":[{"@type":"WebPage","@id":"https:\/\/truusk.store\/sv\/produkt\/truusk-elektrisk-terrangbil-for-barn-musikanslutning-fjarrkontroll-stralkastare-huta-bla-for-barn-3-8-ar\/","url":"https:\/\/truusk.store\/sv\/produkt\/truusk-elektrisk-terrangbil-for-barn-musikanslutning-fjarrkontroll-stralkastare-huta-bla-for-barn-3-8-ar\/","name":"TRUUSK Elektrisk Terr\u00e4ngbil f\u00f6r Barn - Musikanslutning - Fj\u00e4rrkontroll - Str\u00e5lkastare - Huta - Bl\u00e5 - F\u00f6r Barn 3-8 \u00c5r - TRUUSK - Hem, Tr\u00e4dg\u00e5rd &amp; Fritid","isPartOf":{"@id":"https:\/\/truusk.store\/sv\/#website"},"primaryImageOfPage":{"@id":"https:\/\/truusk.store\/sv\/produkt\/truusk-elektrisk-terrangbil-for-barn-musikanslutning-fjarrkontroll-stralkastare-huta-bla-for-barn-3-8-ar\/#primaryimage"},"image":{"@id":"https:\/\/truusk.store\/sv\/produkt\/truusk-elektrisk-terrangbil-for-barn-musikanslutning-fjarrkontroll-stralkastare-huta-bla-for-barn-3-8-ar\/#primaryimage"},"thumbnailUrl":"https:\/\/i0.wp.com\/truusk.store\/wp-content\/uploads\/2025\/06\/aiyaplay-barns-elektriska-bil-24-v-5-7-km-h-terrangbil-med-musikanslutning-barnfordon-med-24g-fjarrkontroll-stralkastare-tuta-elektriskt-barnfordon-for-barn-3-8-ar-bla-1.webp?fit=2000%2C2000&ssl=1","datePublished":"2025-06-05T07:36:51+00:00","dateModified":"2026-03-12T08:44:13+00:00","breadcrumb":{"@id":"https:\/\/truusk.store\/sv\/produkt\/truusk-elektrisk-terrangbil-for-barn-musikanslutning-fjarrkontroll-stralkastare-huta-bla-for-barn-3-8-ar\/#breadcrumb"},"inLanguage":"sv-SE","potentialAction":[{"@type":"ReadAction","target":["https:\/\/truusk.store\/sv\/produkt\/truusk-elektrisk-terrangbil-for-barn-musikanslutning-fjarrkontroll-stralkastare-huta-bla-for-barn-3-8-ar\/"]}]},{"@type":"ImageObject","inLanguage":"sv-SE","@id":"https:\/\/truusk.store\/sv\/produkt\/truusk-elektrisk-terrangbil-for-barn-musikanslutning-fjarrkontroll-stralkastare-huta-bla-for-barn-3-8-ar\/#primaryimage","url":"https:\/\/i0.wp.com\/truusk.store\/wp-content\/uploads\/2025\/06\/aiyaplay-barns-elektriska-bil-24-v-5-7-km-h-terrangbil-med-musikanslutning-barnfordon-med-24g-fjarrkontroll-stralkastare-tuta-elektriskt-barnfordon-for-barn-3-8-ar-bla-1.webp?fit=2000%2C2000&ssl=1","contentUrl":"https:\/\/i0.wp.com\/truusk.store\/wp-content\/uploads\/2025\/06\/aiyaplay-barns-elektriska-bil-24-v-5-7-km-h-terrangbil-med-musikanslutning-barnfordon-med-24g-fjarrkontroll-stralkastare-tuta-elektriskt-barnfordon-for-barn-3-8-ar-bla-1.webp?fit=2000%2C2000&ssl=1","width":2000,"height":2000},{"@type":"BreadcrumbList","@id":"https:\/\/truusk.store\/sv\/produkt\/truusk-elektrisk-terrangbil-for-barn-musikanslutning-fjarrkontroll-stralkastare-huta-bla-for-barn-3-8-ar\/#breadcrumb","itemListElement":[{"@type":"ListItem","position":1,"name":"Home","item":"https:\/\/truusk.store\/sv\/"},{"@type":"ListItem","position":2,"name":"Shop","item":"https:\/\/truusk.store\/shop\/"},{"@type":"ListItem","position":3,"name":"TRUUSK Elektrisk Terr\u00e4ngbil f\u00f6r Barn &#8211; Musikanslutning &#8211; Fj\u00e4rrkontroll &#8211; Str\u00e5lkastare &#8211; Huta &#8211; Bl\u00e5 &#8211; F\u00f6r Barn 3-8 \u00c5r"}]},{"@type":"WebSite","@id":"https:\/\/truusk.store\/sv\/#website","url":"https:\/\/truusk.store\/sv\/","name":"TRUUSK - Hem, Tr\u00e4dg\u00e5rd & Fritid","description":"","publisher":{"@id":"https:\/\/truusk.store\/sv\/#organization"},"potentialAction":[{"@type":"SearchAction","target":{"@type":"EntryPoint","urlTemplate":"https:\/\/truusk.store\/sv\/?s={search_term_string}"},"query-input":{"@type":"PropertyValueSpecification","valueRequired":true,"valueName":"search_term_string"}}],"inLanguage":"sv-SE"},{"@type":"Organization","@id":"https:\/\/truusk.store\/sv\/#organization","name":"TRUUSK - Hem, Tr\u00e4dg\u00e5rd & Fritid","url":"https:\/\/truusk.store\/sv\/","logo":{"@type":"ImageObject","inLanguage":"sv-SE","@id":"https:\/\/truusk.store\/sv\/#\/schema\/logo\/image\/","url":"https:\/\/i0.wp.com\/truusk.store\/wp-content\/uploads\/2026\/03\/cropped-TRUUSK.png?fit=2032%2C917&ssl=1","contentUrl":"https:\/\/i0.wp.com\/truusk.store\/wp-content\/uploads\/2026\/03\/cropped-TRUUSK.png?fit=2032%2C917&ssl=1","width":2032,"height":917,"caption":"TRUUSK - Hem, Tr\u00e4dg\u00e5rd & Fritid"},"image":{"@id":"https:\/\/truusk.store\/sv\/#\/schema\/logo\/image\/"}}]}},"jetpack_sharing_enabled":true,"_links":{"self":[{"href":"https:\/\/truusk.store\/sv\/wp-json\/wp\/v2\/product\/63956","targetHints":{"allow":["GET"]}}],"collection":[{"href":"https:\/\/truusk.store\/sv\/wp-json\/wp\/v2\/product"}],"about":[{"href":"https:\/\/truusk.store\/sv\/wp-json\/wp\/v2\/types\/product"}],"wp:featuredmedia":[{"embeddable":true,"href":"https:\/\/truusk.store\/sv\/wp-json\/wp\/v2\/media\/63947"}],"wp:attachment":[{"href":"https:\/\/truusk.store\/sv\/wp-json\/wp\/v2\/media?parent=63956"}],"wp:term":[{"taxonomy":"product_brand","embeddable":true,"href":"https:\/\/truusk.store\/sv\/wp-json\/wp\/v2\/product_brand?post=63956"},{"taxonomy":"product_cat","embeddable":true,"href":"https:\/\/truusk.store\/sv\/wp-json\/wp\/v2\/product_cat?post=63956"},{"taxonomy":"product_tag","embeddable":true,"href":"https:\/\/truusk.store\/sv\/wp-json\/wp\/v2\/product_tag?post=63956"}],"curies":[{"name":"wp","href":"https:\/\/api.w.org\/{rel}","templated":true}]}}