{"id":63976,"date":"2025-06-05T08:38:43","date_gmt":"2025-06-05T07:38:43","guid":{"rendered":"https:\/\/truusk.store\/product\/tv-stol-med-elektrisk-upphjalp-avkopplingsstol-med-massage-varme-liggfunktion-tv-stol-med-kopphallare-forvaringsutrymme-usb-anslutningar-och-fjarrkontroll-sammet-morkgra\/"},"modified":"2026-03-12T09:42:33","modified_gmt":"2026-03-12T08:42:33","slug":"truusk-tv-stol-med-elektrisk-upphjalp-massage-och-varmefunktion-kopphallare-forvaringsutrymme-usb-anslutningar","status":"publish","type":"product","link":"https:\/\/truusk.store\/sv\/produkt\/truusk-tv-stol-med-elektrisk-upphjalp-massage-och-varmefunktion-kopphallare-forvaringsutrymme-usb-anslutningar\/","title":{"rendered":"TRUUSK TV-stol med Elektrisk Upphj\u00e4lp &#8211; Massage- och V\u00e4rmefunktion &#8211; Kopph\u00e5llare &#8211; F\u00f6rvaringsutrymme &#8211; USB-anslutningar &#8211;"},"content":{"rendered":"<p>Upplev komforten med TRUUSK-stolen med upphj\u00e4lpningshj\u00e4lp. Utrustad med en 45\u00b0 sittlyftfunktion f\u00f6r enkel uppresning och en 135\u00b0 stegl\u00f6s ryggst\u00f6d f\u00f6r optimal avkoppling, erbjuder denna biostol ocks\u00e5 8 vibrationsmassagepunkter och en l\u00e4ndv\u00e4rme. Kl\u00e4dd med mjuk, sammetliknande tyg, erbjuder den ultimat komfort f\u00f6r ditt hem.<\/p>\n<p>Beskrivning:<\/p>\n<ul>\n<li> 45\u00b0 sittlyftfunktion underl\u00e4ttar uppresning. 135\u00b0 stegl\u00f6st ryggst\u00f6d med fotst\u00f6d f\u00f6r avkoppling, styrs med fj\u00e4rrkontroll<\/li>\n<li> 8-punkts massagesystem i TV-stolen med liggfunktion lugnar rygg, l\u00e4nd, l\u00e5r och ben. Med fem massageprogram och l\u00e4ndv\u00e4rme<\/li>\n<li> Fickfj\u00e4dersystem med S-fj\u00e4drar och elastiska band erbjuder t\u00f6jbar st\u00f6d<\/li>\n<li> Mjukt, sammetliknande tyg i TV-stolen med liggfunktion \u00f6kar komforten<\/li>\n<li> Snabb 5-minuters montering, inga verktyg beh\u00f6vs<\/li>\n<li> USB Micro- och Typ C-kontakter f\u00f6r bekv\u00e4m laddning<\/li>\n<li> Dold f\u00f6rvaring och muggst\u00e4ll f\u00f6r en elegant utseende. Tv\u00e5 sidofickor<\/li>\n<li> Energisparande ERP-certifiering f\u00f6r effektivitet<\/li>\n<\/ul>\n<p> Tekniska data:<\/p>\n<ul>\n<li> F\u00e4rg: M\u00f6rkgr\u00e5<\/li>\n<li> Material: Sammet (100% polyester), skum, st\u00e5l<\/li>\n<li> Totala dimensioner: (Uppr\u00e4tt) 101B x 93D x 104H cm<\/li>\n<li> Totala dimensioner: (Tillbakalutad) 101B x 154D x 79H cm<\/li>\n<li> Totala dimensioner: (Upph\u00f6jd) 101B x 84D x 141H cm<\/li>\n<li> Sitsstorlek: 55B x 52D x 47H cm<\/li>\n<li> Armst\u00f6dsh\u00f6jd till sits: 15 cm<\/li>\n<li> Ryggstorlek: 83B x 54H cm<\/li>\n<li> Kuddtjocklek: (Rygg) 26 cm, (Sits) 13 cm<\/li>\n<li> B\u00e4rkapacitet: 150 kg<\/li>\n<li> L\u00e4mplig f\u00f6r anv\u00e4ndarstorlek: 190 cm<\/li>\n<li> Ing\u00e5ng: 100-240V, 50\/60 Hz<\/li>\n<li> Utg\u00e5ng: 29V\/2A\/58W<\/li>\n<\/ul>\n<p> Leveransinneh\u00e5ll:<\/p>\n<ul>\n<li> 1 x Stol med elektrisk upphj\u00e4lpningshj\u00e4lp<\/li>\n<li> 2 x Fj\u00e4rrkontroll<\/li>\n<li> 1 x Handbok<\/li>\n<\/ul>\n","protected":false},"excerpt":{"rendered":"<p>Upplev komforten med TRUUSK-stolen med upphj\u00e4lpningshj\u00e4lp. Utrustad med en 45\u00b0 sittlyftfunktion f\u00f6r enkel uppresning och en 135\u00b0 stegl\u00f6s ryggst\u00f6d f\u00f6r&#8230;<\/p>\n","protected":false},"featured_media":63967,"template":"","meta":[],"product_brand":[],"product_cat":[911,521,871,910],"product_tag":[],"class_list":{"0":"post-63976","1":"product","2":"type-product","3":"status-publish","4":"has-post-thumbnail","6":"product_cat-aufstehsessel","7":"product_cat-fatolj","8":"product_cat-hus-hem","9":"product_cat-vardagsrum","11":"first","12":"instock","13":"sale","14":"taxable","15":"shipping-taxable","16":"purchasable","17":"product-type-simple"},"yoast_head":"<!-- This site is optimized with the Yoast SEO plugin v25.4 - https:\/\/yoast.com\/wordpress\/plugins\/seo\/ -->\n<title>TRUUSK TV-stol med Elektrisk Upphj\u00e4lp - Massage- och V\u00e4rmefunktion - Kopph\u00e5llare - F\u00f6rvaringsutrymme - USB-anslutningar - TRUUSK - Hem, Tr\u00e4dg\u00e5rd &amp; Fritid<\/title>\n<meta name=\"robots\" content=\"index, follow, max-snippet:-1, max-image-preview:large, max-video-preview:-1\" \/>\n<link rel=\"canonical\" href=\"https:\/\/truusk.store\/sv\/produkt\/truusk-tv-stol-med-elektrisk-upphjalp-massage-och-varmefunktion-kopphallare-forvaringsutrymme-usb-anslutningar\/\" \/>\n<meta property=\"og:locale\" content=\"sv_SE\" \/>\n<meta property=\"og:type\" content=\"article\" \/>\n<meta property=\"og:title\" content=\"TRUUSK TV-stol med Elektrisk Upphj\u00e4lp - Massage- och V\u00e4rmefunktion - Kopph\u00e5llare - F\u00f6rvaringsutrymme - USB-anslutningar - TRUUSK - Hem, Tr\u00e4dg\u00e5rd &amp; Fritid\" \/>\n<meta property=\"og:description\" content=\"Upplev komforten med TRUUSK-stolen med upphj\u00e4lpningshj\u00e4lp. Utrustad med en 45\u00b0 sittlyftfunktion f\u00f6r enkel uppresning och en 135\u00b0 stegl\u00f6s ryggst\u00f6d f\u00f6r...\" \/>\n<meta property=\"og:url\" content=\"https:\/\/truusk.store\/sv\/produkt\/truusk-tv-stol-med-elektrisk-upphjalp-massage-och-varmefunktion-kopphallare-forvaringsutrymme-usb-anslutningar\/\" \/>\n<meta property=\"og:site_name\" content=\"TRUUSK - Hem, Tr\u00e4dg\u00e5rd &amp; Fritid\" \/>\n<meta property=\"article:modified_time\" content=\"2026-03-12T08:42:33+00:00\" \/>\n<meta property=\"og:image\" content=\"https:\/\/i0.wp.com\/truusk.se\/wp-content\/uploads\/2025\/06\/tv-stol-med-elektrisk-upphjalp-avkopplingsstol-med-massage-varme-liggfunktion-tv-stol-med-kopphallare-forvaringsutrymme-usb-anslutningar-och-fjarrkontroll-sammet-morkgra-1.webp?fit=2000%2C2000&ssl=1\" \/>\n\t<meta property=\"og:image:width\" content=\"2000\" \/>\n\t<meta property=\"og:image:height\" content=\"2000\" \/>\n\t<meta property=\"og:image:type\" content=\"image\/webp\" \/>\n<meta name=\"twitter:card\" content=\"summary_large_image\" \/>\n<meta name=\"twitter:label1\" content=\"Ber\u00e4knad l\u00e4stid\" \/>\n\t<meta name=\"twitter:data1\" content=\"1 minut\" \/>\n<!-- \/ Yoast SEO plugin. -->","yoast_head_json":{"title":"TRUUSK TV-stol med Elektrisk Upphj\u00e4lp - Massage- och V\u00e4rmefunktion - Kopph\u00e5llare - F\u00f6rvaringsutrymme - USB-anslutningar - TRUUSK - Hem, Tr\u00e4dg\u00e5rd &amp; Fritid","robots":{"index":"index","follow":"follow","max-snippet":"max-snippet:-1","max-image-preview":"max-image-preview:large","max-video-preview":"max-video-preview:-1"},"canonical":"https:\/\/truusk.store\/sv\/produkt\/truusk-tv-stol-med-elektrisk-upphjalp-massage-och-varmefunktion-kopphallare-forvaringsutrymme-usb-anslutningar\/","og_locale":"sv_SE","og_type":"article","og_title":"TRUUSK TV-stol med Elektrisk Upphj\u00e4lp - Massage- och V\u00e4rmefunktion - Kopph\u00e5llare - F\u00f6rvaringsutrymme - USB-anslutningar - TRUUSK - Hem, Tr\u00e4dg\u00e5rd &amp; Fritid","og_description":"Upplev komforten med TRUUSK-stolen med upphj\u00e4lpningshj\u00e4lp. Utrustad med en 45\u00b0 sittlyftfunktion f\u00f6r enkel uppresning och en 135\u00b0 stegl\u00f6s ryggst\u00f6d f\u00f6r...","og_url":"https:\/\/truusk.store\/sv\/produkt\/truusk-tv-stol-med-elektrisk-upphjalp-massage-och-varmefunktion-kopphallare-forvaringsutrymme-usb-anslutningar\/","og_site_name":"TRUUSK - Hem, Tr\u00e4dg\u00e5rd &amp; Fritid","article_modified_time":"2026-03-12T08:42:33+00:00","og_image":[{"width":2000,"height":2000,"url":"https:\/\/i0.wp.com\/truusk.se\/wp-content\/uploads\/2025\/06\/tv-stol-med-elektrisk-upphjalp-avkopplingsstol-med-massage-varme-liggfunktion-tv-stol-med-kopphallare-forvaringsutrymme-usb-anslutningar-och-fjarrkontroll-sammet-morkgra-1.webp?fit=2000%2C2000&ssl=1","type":"image\/webp"}],"twitter_card":"summary_large_image","twitter_misc":{"Ber\u00e4knad l\u00e4stid":"1 minut"},"schema":{"@context":"https:\/\/schema.org","@graph":[{"@type":"WebPage","@id":"https:\/\/truusk.store\/sv\/produkt\/truusk-tv-stol-med-elektrisk-upphjalp-massage-och-varmefunktion-kopphallare-forvaringsutrymme-usb-anslutningar\/","url":"https:\/\/truusk.store\/sv\/produkt\/truusk-tv-stol-med-elektrisk-upphjalp-massage-och-varmefunktion-kopphallare-forvaringsutrymme-usb-anslutningar\/","name":"TRUUSK TV-stol med Elektrisk Upphj\u00e4lp - Massage- och V\u00e4rmefunktion - Kopph\u00e5llare - F\u00f6rvaringsutrymme - USB-anslutningar - TRUUSK - Hem, Tr\u00e4dg\u00e5rd &amp; Fritid","isPartOf":{"@id":"https:\/\/truusk.store\/sv\/#website"},"primaryImageOfPage":{"@id":"https:\/\/truusk.store\/sv\/produkt\/truusk-tv-stol-med-elektrisk-upphjalp-massage-och-varmefunktion-kopphallare-forvaringsutrymme-usb-anslutningar\/#primaryimage"},"image":{"@id":"https:\/\/truusk.store\/sv\/produkt\/truusk-tv-stol-med-elektrisk-upphjalp-massage-och-varmefunktion-kopphallare-forvaringsutrymme-usb-anslutningar\/#primaryimage"},"thumbnailUrl":"https:\/\/i0.wp.com\/truusk.store\/wp-content\/uploads\/2025\/06\/tv-stol-med-elektrisk-upphjalp-avkopplingsstol-med-massage-varme-liggfunktion-tv-stol-med-kopphallare-forvaringsutrymme-usb-anslutningar-och-fjarrkontroll-sammet-morkgra-1.webp?fit=2000%2C2000&ssl=1","datePublished":"2025-06-05T07:38:43+00:00","dateModified":"2026-03-12T08:42:33+00:00","breadcrumb":{"@id":"https:\/\/truusk.store\/sv\/produkt\/truusk-tv-stol-med-elektrisk-upphjalp-massage-och-varmefunktion-kopphallare-forvaringsutrymme-usb-anslutningar\/#breadcrumb"},"inLanguage":"sv-SE","potentialAction":[{"@type":"ReadAction","target":["https:\/\/truusk.store\/sv\/produkt\/truusk-tv-stol-med-elektrisk-upphjalp-massage-och-varmefunktion-kopphallare-forvaringsutrymme-usb-anslutningar\/"]}]},{"@type":"ImageObject","inLanguage":"sv-SE","@id":"https:\/\/truusk.store\/sv\/produkt\/truusk-tv-stol-med-elektrisk-upphjalp-massage-och-varmefunktion-kopphallare-forvaringsutrymme-usb-anslutningar\/#primaryimage","url":"https:\/\/i0.wp.com\/truusk.store\/wp-content\/uploads\/2025\/06\/tv-stol-med-elektrisk-upphjalp-avkopplingsstol-med-massage-varme-liggfunktion-tv-stol-med-kopphallare-forvaringsutrymme-usb-anslutningar-och-fjarrkontroll-sammet-morkgra-1.webp?fit=2000%2C2000&ssl=1","contentUrl":"https:\/\/i0.wp.com\/truusk.store\/wp-content\/uploads\/2025\/06\/tv-stol-med-elektrisk-upphjalp-avkopplingsstol-med-massage-varme-liggfunktion-tv-stol-med-kopphallare-forvaringsutrymme-usb-anslutningar-och-fjarrkontroll-sammet-morkgra-1.webp?fit=2000%2C2000&ssl=1","width":2000,"height":2000},{"@type":"BreadcrumbList","@id":"https:\/\/truusk.store\/sv\/produkt\/truusk-tv-stol-med-elektrisk-upphjalp-massage-och-varmefunktion-kopphallare-forvaringsutrymme-usb-anslutningar\/#breadcrumb","itemListElement":[{"@type":"ListItem","position":1,"name":"Home","item":"https:\/\/truusk.store\/sv\/"},{"@type":"ListItem","position":2,"name":"Shop","item":"https:\/\/truusk.store\/shop\/"},{"@type":"ListItem","position":3,"name":"TRUUSK TV-stol med Elektrisk Upphj\u00e4lp &#8211; Massage- och V\u00e4rmefunktion &#8211; Kopph\u00e5llare &#8211; F\u00f6rvaringsutrymme &#8211; USB-anslutningar &#8211;"}]},{"@type":"WebSite","@id":"https:\/\/truusk.store\/sv\/#website","url":"https:\/\/truusk.store\/sv\/","name":"TRUUSK - Hem, Tr\u00e4dg\u00e5rd & Fritid","description":"","publisher":{"@id":"https:\/\/truusk.store\/sv\/#organization"},"potentialAction":[{"@type":"SearchAction","target":{"@type":"EntryPoint","urlTemplate":"https:\/\/truusk.store\/sv\/?s={search_term_string}"},"query-input":{"@type":"PropertyValueSpecification","valueRequired":true,"valueName":"search_term_string"}}],"inLanguage":"sv-SE"},{"@type":"Organization","@id":"https:\/\/truusk.store\/sv\/#organization","name":"TRUUSK - Hem, Tr\u00e4dg\u00e5rd & Fritid","url":"https:\/\/truusk.store\/sv\/","logo":{"@type":"ImageObject","inLanguage":"sv-SE","@id":"https:\/\/truusk.store\/sv\/#\/schema\/logo\/image\/","url":"https:\/\/i0.wp.com\/truusk.store\/wp-content\/uploads\/2026\/03\/cropped-TRUUSK.png?fit=2032%2C917&ssl=1","contentUrl":"https:\/\/i0.wp.com\/truusk.store\/wp-content\/uploads\/2026\/03\/cropped-TRUUSK.png?fit=2032%2C917&ssl=1","width":2032,"height":917,"caption":"TRUUSK - Hem, Tr\u00e4dg\u00e5rd & Fritid"},"image":{"@id":"https:\/\/truusk.store\/sv\/#\/schema\/logo\/image\/"}}]}},"jetpack_sharing_enabled":true,"_links":{"self":[{"href":"https:\/\/truusk.store\/sv\/wp-json\/wp\/v2\/product\/63976","targetHints":{"allow":["GET"]}}],"collection":[{"href":"https:\/\/truusk.store\/sv\/wp-json\/wp\/v2\/product"}],"about":[{"href":"https:\/\/truusk.store\/sv\/wp-json\/wp\/v2\/types\/product"}],"wp:featuredmedia":[{"embeddable":true,"href":"https:\/\/truusk.store\/sv\/wp-json\/wp\/v2\/media\/63967"}],"wp:attachment":[{"href":"https:\/\/truusk.store\/sv\/wp-json\/wp\/v2\/media?parent=63976"}],"wp:term":[{"taxonomy":"product_brand","embeddable":true,"href":"https:\/\/truusk.store\/sv\/wp-json\/wp\/v2\/product_brand?post=63976"},{"taxonomy":"product_cat","embeddable":true,"href":"https:\/\/truusk.store\/sv\/wp-json\/wp\/v2\/product_cat?post=63976"},{"taxonomy":"product_tag","embeddable":true,"href":"https:\/\/truusk.store\/sv\/wp-json\/wp\/v2\/product_tag?post=63976"}],"curies":[{"name":"wp","href":"https:\/\/api.w.org\/{rel}","templated":true}]}}