{"id":64016,"date":"2025-06-05T08:42:46","date_gmt":"2025-06-05T07:42:46","guid":{"rendered":"https:\/\/truusk.store\/product\/valphage-valpgard-med-dorrar-fonster-hopfallbart-lopargaller-andningsbart-nat-for-sma-hundar-under-4-kg-och-smadjur-inomhus-och-utomhus-74-x-60-x-45-cm-gra\/"},"modified":"2026-03-12T09:39:33","modified_gmt":"2026-03-12T08:39:33","slug":"truusk-valphage-med-dorrar-fonster-hopfallbart-andningsbart-nat-for-sma-hundar-och-smadjur-inomhus-och-utomhus-74-x","status":"publish","type":"product","link":"https:\/\/truusk.store\/sv\/produkt\/truusk-valphage-med-dorrar-fonster-hopfallbart-andningsbart-nat-for-sma-hundar-och-smadjur-inomhus-och-utomhus-74-x\/","title":{"rendered":"TRUUSK Valphage med D\u00f6rrar &#8211; F\u00f6nster &#8211; Hopf\u00e4llbart &#8211; Andningsbart N\u00e4t &#8211; F\u00f6r Sm\u00e5 Hundar och Sm\u00e5djur &#8211; Inomhus och Utomhus &#8211; 74 x"},"content":{"rendered":"<p>TRUUSK frig\u00e5ngsh\u00e4gn \u00e4r idealiskt f\u00f6r vila och lek. Valph\u00e4gnet har tre n\u00e4t f\u00f6nster och d\u00f6rrar och erbjuder god ventilation. Oavsett om du st\u00e4ller upp det inomhus eller utomhus, st\u00e5r denna lekplats stabilt med de fyra markspjuten. S\u00e5 kan du \u00e4gna dig \u00e5t andra uppgifter medan dina husdjur \u00e4r s\u00e4kert inrymda. Den perfekta platsen f\u00f6r dina sm\u00e5 \u00e4lsklingar.<\/p>\n<p>Beskrivning:<\/p>\n<ul>\n<li> N\u00e4t f\u00f6nster p\u00e5 valph\u00e4gnet f\u00f6r ventilation<\/li>\n<li> N\u00e4t d\u00f6rrar p\u00e5 valph\u00e4gnet f\u00f6r enkel \u00e5tkomst<\/li>\n<li> F\u00e4ll ihop husdjurslekplatsen f\u00f6r enkel f\u00f6rvaring och resor<\/li>\n<li> En f\u00f6rvaringsv\u00e4ska f\u00f6r lekplatsen ing\u00e5r<\/li>\n<li> Tv\u00e5 f\u00f6rvaringsfickor p\u00e5 f\u00f6nstren, f\u00f6r leksaker och andra saker<\/li>\n<li> Fyra markspjut f\u00f6r lekplatsen ger stabilitet &#8211; l\u00e4mplig f\u00f6r inomhus och utomhus<\/li>\n<li> F\u00f6r sm\u00e5 djur under 4 kg<\/li>\n<li> Montering kr\u00e4vs<\/li>\n<\/ul>\n<p> Tekniska data:<\/p>\n<ul>\n<li> F\u00e4rg: Gr\u00e5+Bl\u00e5+Svart<\/li>\n<li> Material: Oxford-tyg, nylonn\u00e4t, glasfiber<\/li>\n<li> Totala dimensioner: 74L x 60B x 45H cm.<\/li>\n<li> Hopf\u00e4lld: 35L x 35B x 8H cm<\/li>\n<li> Fram-\/v\u00e4nsterd\u00f6rr: 24B x 30H cm<\/li>\n<li> F\u00f6nster: 20B x 14H cm\/28B x 14H cm<\/li>\n<li> \u00d6verd\u00f6rr: 50L x 37B cm<\/li>\n<\/ul>\n<p> Leveransinneh\u00e5ll:<\/p>\n<ul>\n<li> 1 x Husdjurslekplats<\/li>\n<li> 4 x Markspjut<\/li>\n<li> 1 x Bruksanvisning<\/li>\n<\/ul>\n","protected":false},"excerpt":{"rendered":"<p>TRUUSK frig\u00e5ngsh\u00e4gn \u00e4r idealiskt f\u00f6r vila och lek. Valph\u00e4gnet har tre n\u00e4t f\u00f6nster och d\u00f6rrar och erbjuder god ventilation. Oavsett&#8230;<\/p>\n","protected":false},"featured_media":64007,"template":"","meta":[],"product_brand":[],"product_cat":[878,574,1004],"product_tag":[],"class_list":{"0":"post-64016","1":"product","2":"type-product","3":"status-publish","4":"has-post-thumbnail","6":"product_cat-djurbehov","7":"product_cat-hundtillbehor","8":"product_cat-hundvaskor","10":"first","11":"instock","12":"sale","13":"taxable","14":"shipping-taxable","15":"purchasable","16":"product-type-simple"},"yoast_head":"<!-- This site is optimized with the Yoast SEO plugin v25.4 - https:\/\/yoast.com\/wordpress\/plugins\/seo\/ -->\n<title>TRUUSK Valphage med D\u00f6rrar - F\u00f6nster - Hopf\u00e4llbart - Andningsbart N\u00e4t - F\u00f6r Sm\u00e5 Hundar och Sm\u00e5djur - Inomhus och Utomhus - 74 x - TRUUSK - Hem, Tr\u00e4dg\u00e5rd &amp; Fritid<\/title>\n<meta name=\"robots\" content=\"index, follow, max-snippet:-1, max-image-preview:large, max-video-preview:-1\" \/>\n<link rel=\"canonical\" href=\"https:\/\/truusk.store\/sv\/produkt\/truusk-valphage-med-dorrar-fonster-hopfallbart-andningsbart-nat-for-sma-hundar-och-smadjur-inomhus-och-utomhus-74-x\/\" \/>\n<meta property=\"og:locale\" content=\"sv_SE\" \/>\n<meta property=\"og:type\" content=\"article\" \/>\n<meta property=\"og:title\" content=\"TRUUSK Valphage med D\u00f6rrar - F\u00f6nster - Hopf\u00e4llbart - Andningsbart N\u00e4t - F\u00f6r Sm\u00e5 Hundar och Sm\u00e5djur - Inomhus och Utomhus - 74 x - TRUUSK - Hem, Tr\u00e4dg\u00e5rd &amp; Fritid\" \/>\n<meta property=\"og:description\" content=\"TRUUSK frig\u00e5ngsh\u00e4gn \u00e4r idealiskt f\u00f6r vila och lek. Valph\u00e4gnet har tre n\u00e4t f\u00f6nster och d\u00f6rrar och erbjuder god ventilation. Oavsett...\" \/>\n<meta property=\"og:url\" content=\"https:\/\/truusk.store\/sv\/produkt\/truusk-valphage-med-dorrar-fonster-hopfallbart-andningsbart-nat-for-sma-hundar-och-smadjur-inomhus-och-utomhus-74-x\/\" \/>\n<meta property=\"og:site_name\" content=\"TRUUSK - Hem, Tr\u00e4dg\u00e5rd &amp; Fritid\" \/>\n<meta property=\"article:modified_time\" content=\"2026-03-12T08:39:33+00:00\" \/>\n<meta property=\"og:image\" content=\"https:\/\/i0.wp.com\/truusk.se\/wp-content\/uploads\/2025\/06\/valphage-valpgard-med-dorrar-fonster-hopfallbart-lopargaller-andningsbart-nat-for-sma-hundar-under-4-kg-och-smadjur-inomhus-och-utomhus-74-x-60-x-45-cm-gra-1.webp?fit=2000%2C2000&ssl=1\" \/>\n\t<meta property=\"og:image:width\" content=\"2000\" \/>\n\t<meta property=\"og:image:height\" content=\"2000\" \/>\n\t<meta property=\"og:image:type\" content=\"image\/webp\" \/>\n<meta name=\"twitter:card\" content=\"summary_large_image\" \/>\n<meta name=\"twitter:label1\" content=\"Ber\u00e4knad l\u00e4stid\" \/>\n\t<meta name=\"twitter:data1\" content=\"1 minut\" \/>\n<!-- \/ Yoast SEO plugin. -->","yoast_head_json":{"title":"TRUUSK Valphage med D\u00f6rrar - F\u00f6nster - Hopf\u00e4llbart - Andningsbart N\u00e4t - F\u00f6r Sm\u00e5 Hundar och Sm\u00e5djur - Inomhus och Utomhus - 74 x - TRUUSK - Hem, Tr\u00e4dg\u00e5rd &amp; Fritid","robots":{"index":"index","follow":"follow","max-snippet":"max-snippet:-1","max-image-preview":"max-image-preview:large","max-video-preview":"max-video-preview:-1"},"canonical":"https:\/\/truusk.store\/sv\/produkt\/truusk-valphage-med-dorrar-fonster-hopfallbart-andningsbart-nat-for-sma-hundar-och-smadjur-inomhus-och-utomhus-74-x\/","og_locale":"sv_SE","og_type":"article","og_title":"TRUUSK Valphage med D\u00f6rrar - F\u00f6nster - Hopf\u00e4llbart - Andningsbart N\u00e4t - F\u00f6r Sm\u00e5 Hundar och Sm\u00e5djur - Inomhus och Utomhus - 74 x - TRUUSK - Hem, Tr\u00e4dg\u00e5rd &amp; Fritid","og_description":"TRUUSK frig\u00e5ngsh\u00e4gn \u00e4r idealiskt f\u00f6r vila och lek. Valph\u00e4gnet har tre n\u00e4t f\u00f6nster och d\u00f6rrar och erbjuder god ventilation. Oavsett...","og_url":"https:\/\/truusk.store\/sv\/produkt\/truusk-valphage-med-dorrar-fonster-hopfallbart-andningsbart-nat-for-sma-hundar-och-smadjur-inomhus-och-utomhus-74-x\/","og_site_name":"TRUUSK - Hem, Tr\u00e4dg\u00e5rd &amp; Fritid","article_modified_time":"2026-03-12T08:39:33+00:00","og_image":[{"width":2000,"height":2000,"url":"https:\/\/i0.wp.com\/truusk.se\/wp-content\/uploads\/2025\/06\/valphage-valpgard-med-dorrar-fonster-hopfallbart-lopargaller-andningsbart-nat-for-sma-hundar-under-4-kg-och-smadjur-inomhus-och-utomhus-74-x-60-x-45-cm-gra-1.webp?fit=2000%2C2000&ssl=1","type":"image\/webp"}],"twitter_card":"summary_large_image","twitter_misc":{"Ber\u00e4knad l\u00e4stid":"1 minut"},"schema":{"@context":"https:\/\/schema.org","@graph":[{"@type":"WebPage","@id":"https:\/\/truusk.store\/sv\/produkt\/truusk-valphage-med-dorrar-fonster-hopfallbart-andningsbart-nat-for-sma-hundar-och-smadjur-inomhus-och-utomhus-74-x\/","url":"https:\/\/truusk.store\/sv\/produkt\/truusk-valphage-med-dorrar-fonster-hopfallbart-andningsbart-nat-for-sma-hundar-och-smadjur-inomhus-och-utomhus-74-x\/","name":"TRUUSK Valphage med D\u00f6rrar - F\u00f6nster - Hopf\u00e4llbart - Andningsbart N\u00e4t - F\u00f6r Sm\u00e5 Hundar och Sm\u00e5djur - Inomhus och Utomhus - 74 x - TRUUSK - Hem, Tr\u00e4dg\u00e5rd &amp; Fritid","isPartOf":{"@id":"https:\/\/truusk.store\/sv\/#website"},"primaryImageOfPage":{"@id":"https:\/\/truusk.store\/sv\/produkt\/truusk-valphage-med-dorrar-fonster-hopfallbart-andningsbart-nat-for-sma-hundar-och-smadjur-inomhus-och-utomhus-74-x\/#primaryimage"},"image":{"@id":"https:\/\/truusk.store\/sv\/produkt\/truusk-valphage-med-dorrar-fonster-hopfallbart-andningsbart-nat-for-sma-hundar-och-smadjur-inomhus-och-utomhus-74-x\/#primaryimage"},"thumbnailUrl":"https:\/\/i0.wp.com\/truusk.store\/wp-content\/uploads\/2025\/06\/valphage-valpgard-med-dorrar-fonster-hopfallbart-lopargaller-andningsbart-nat-for-sma-hundar-under-4-kg-och-smadjur-inomhus-och-utomhus-74-x-60-x-45-cm-gra-1.webp?fit=2000%2C2000&ssl=1","datePublished":"2025-06-05T07:42:46+00:00","dateModified":"2026-03-12T08:39:33+00:00","breadcrumb":{"@id":"https:\/\/truusk.store\/sv\/produkt\/truusk-valphage-med-dorrar-fonster-hopfallbart-andningsbart-nat-for-sma-hundar-och-smadjur-inomhus-och-utomhus-74-x\/#breadcrumb"},"inLanguage":"sv-SE","potentialAction":[{"@type":"ReadAction","target":["https:\/\/truusk.store\/sv\/produkt\/truusk-valphage-med-dorrar-fonster-hopfallbart-andningsbart-nat-for-sma-hundar-och-smadjur-inomhus-och-utomhus-74-x\/"]}]},{"@type":"ImageObject","inLanguage":"sv-SE","@id":"https:\/\/truusk.store\/sv\/produkt\/truusk-valphage-med-dorrar-fonster-hopfallbart-andningsbart-nat-for-sma-hundar-och-smadjur-inomhus-och-utomhus-74-x\/#primaryimage","url":"https:\/\/i0.wp.com\/truusk.store\/wp-content\/uploads\/2025\/06\/valphage-valpgard-med-dorrar-fonster-hopfallbart-lopargaller-andningsbart-nat-for-sma-hundar-under-4-kg-och-smadjur-inomhus-och-utomhus-74-x-60-x-45-cm-gra-1.webp?fit=2000%2C2000&ssl=1","contentUrl":"https:\/\/i0.wp.com\/truusk.store\/wp-content\/uploads\/2025\/06\/valphage-valpgard-med-dorrar-fonster-hopfallbart-lopargaller-andningsbart-nat-for-sma-hundar-under-4-kg-och-smadjur-inomhus-och-utomhus-74-x-60-x-45-cm-gra-1.webp?fit=2000%2C2000&ssl=1","width":2000,"height":2000},{"@type":"BreadcrumbList","@id":"https:\/\/truusk.store\/sv\/produkt\/truusk-valphage-med-dorrar-fonster-hopfallbart-andningsbart-nat-for-sma-hundar-och-smadjur-inomhus-och-utomhus-74-x\/#breadcrumb","itemListElement":[{"@type":"ListItem","position":1,"name":"Home","item":"https:\/\/truusk.store\/sv\/"},{"@type":"ListItem","position":2,"name":"Shop","item":"https:\/\/truusk.store\/shop\/"},{"@type":"ListItem","position":3,"name":"TRUUSK Valphage med D\u00f6rrar &#8211; F\u00f6nster &#8211; Hopf\u00e4llbart &#8211; Andningsbart N\u00e4t &#8211; F\u00f6r Sm\u00e5 Hundar och Sm\u00e5djur &#8211; Inomhus och Utomhus &#8211; 74 x"}]},{"@type":"WebSite","@id":"https:\/\/truusk.store\/sv\/#website","url":"https:\/\/truusk.store\/sv\/","name":"TRUUSK - Hem, Tr\u00e4dg\u00e5rd & Fritid","description":"","publisher":{"@id":"https:\/\/truusk.store\/sv\/#organization"},"potentialAction":[{"@type":"SearchAction","target":{"@type":"EntryPoint","urlTemplate":"https:\/\/truusk.store\/sv\/?s={search_term_string}"},"query-input":{"@type":"PropertyValueSpecification","valueRequired":true,"valueName":"search_term_string"}}],"inLanguage":"sv-SE"},{"@type":"Organization","@id":"https:\/\/truusk.store\/sv\/#organization","name":"TRUUSK - Hem, Tr\u00e4dg\u00e5rd & Fritid","url":"https:\/\/truusk.store\/sv\/","logo":{"@type":"ImageObject","inLanguage":"sv-SE","@id":"https:\/\/truusk.store\/sv\/#\/schema\/logo\/image\/","url":"https:\/\/i0.wp.com\/truusk.store\/wp-content\/uploads\/2026\/03\/cropped-TRUUSK.png?fit=2032%2C917&ssl=1","contentUrl":"https:\/\/i0.wp.com\/truusk.store\/wp-content\/uploads\/2026\/03\/cropped-TRUUSK.png?fit=2032%2C917&ssl=1","width":2032,"height":917,"caption":"TRUUSK - Hem, Tr\u00e4dg\u00e5rd & Fritid"},"image":{"@id":"https:\/\/truusk.store\/sv\/#\/schema\/logo\/image\/"}}]}},"jetpack_sharing_enabled":true,"_links":{"self":[{"href":"https:\/\/truusk.store\/sv\/wp-json\/wp\/v2\/product\/64016","targetHints":{"allow":["GET"]}}],"collection":[{"href":"https:\/\/truusk.store\/sv\/wp-json\/wp\/v2\/product"}],"about":[{"href":"https:\/\/truusk.store\/sv\/wp-json\/wp\/v2\/types\/product"}],"wp:featuredmedia":[{"embeddable":true,"href":"https:\/\/truusk.store\/sv\/wp-json\/wp\/v2\/media\/64007"}],"wp:attachment":[{"href":"https:\/\/truusk.store\/sv\/wp-json\/wp\/v2\/media?parent=64016"}],"wp:term":[{"taxonomy":"product_brand","embeddable":true,"href":"https:\/\/truusk.store\/sv\/wp-json\/wp\/v2\/product_brand?post=64016"},{"taxonomy":"product_cat","embeddable":true,"href":"https:\/\/truusk.store\/sv\/wp-json\/wp\/v2\/product_cat?post=64016"},{"taxonomy":"product_tag","embeddable":true,"href":"https:\/\/truusk.store\/sv\/wp-json\/wp\/v2\/product_tag?post=64016"}],"curies":[{"name":"wp","href":"https:\/\/api.w.org\/{rel}","templated":true}]}}