{"id":64106,"date":"2025-06-05T08:51:48","date_gmt":"2025-06-05T07:51:48","guid":{"rendered":"https:\/\/truusk.store\/product\/soffbord-2-delat-set-sidobord-kaffebord-satsbord-soffbord-i-modern-design-vardagsrumsbord-med-marmorutseende-for-sovrum-stal\/"},"modified":"2026-03-12T09:13:24","modified_gmt":"2026-03-12T08:13:24","slug":"truusk-2-delat-soffbord-set-modern-design-marmorutseende-for-vardagsrum-och-sovrum-stal","status":"publish","type":"product","link":"https:\/\/truusk.store\/sv\/produkt\/truusk-2-delat-soffbord-set-modern-design-marmorutseende-for-vardagsrum-och-sovrum-stal\/","title":{"rendered":"TRUUSK 2-delat Soffbord Set &#8211; Modern Design &#8211; Marmorutseende &#8211; F\u00f6r Vardagsrum och Sovrum &#8211; St\u00e5l"},"content":{"rendered":"<p>Marmor-soffbordssatsen fr\u00e5n TRUUSK ger ditt hem en modern touch. Den inneh\u00e5ller tv\u00e5 soffbord: ett h\u00f6gt bord, perfekt som nattbord eller sidobord, och ett brett, l\u00e5gt bord, perfekt som kaffebord. Det mindre soffbordet kan skjutas in under det st\u00f6rre f\u00f6r att spara utrymme. Den svartvita looken \u00e4r extremt elegant och tack vare den l\u00e4ttsk\u00f6tta MDF-ytan \u00e4r den l\u00e4tt att h\u00e5lla ren. En nedre hylla p\u00e5 soffbordssatsen ger ordning och \u00f6versikt, vilket g\u00f6r detta m\u00f6belstycke b\u00e5de elegant och praktiskt.<\/p>\n<p>Beskrivning:<\/p>\n<ul>\n<li> Kan anv\u00e4ndas separat som sidobord eller nattbord, eller tillsammans som en soffbordssats<\/li>\n<li> L\u00e4mplig f\u00f6r vardagsrum, sovrum, matomr\u00e5den etc.<\/li>\n<li> MDF-plattan p\u00e5 soffbordet \u00e4r l\u00e4tt att reng\u00f6ra och ger med sin moderna design stil till ditt hem<\/li>\n<li> Solid st\u00e5lram f\u00f6r stabilitet<\/li>\n<li> Fotdynor f\u00f6rhindrar m\u00e4rken p\u00e5 ditt golv<\/li>\n<li> Den nedre hyllan ger extra f\u00f6rvaringsutrymme<\/li>\n<li> Maximal belastning 30 kg per soffbord, montering kr\u00e4vs<\/li>\n<\/ul>\n<p> Tekniska specifikationer:<\/p>\n<ul>\n<li> F\u00e4rg: Vit+Svart<\/li>\n<li> Material: MDF, St\u00e5l<\/li>\n<li> M\u00e5tt: 45L x 40B x 52H cm (Stort bord), 60L x 39,5B x 45,5H cm (Litet bord).<\/li>\n<li> Hylla p\u00e5 det lilla bordet: 60L x 34B x 30H cm.<\/li>\n<li> Golv till golv: 10 cm (Litet bord)<\/li>\n<li> B\u00e4rkapacitet: 30 kg vardera<\/li>\n<\/ul>\n<p> Leveransinneh\u00e5ll:<\/p>\n<ul>\n<li> 2 x Bord<\/li>\n<li> 1 x Handbok<\/li>\n<\/ul>\n","protected":false},"excerpt":{"rendered":"<p>Marmor-soffbordssatsen fr\u00e5n TRUUSK ger ditt hem en modern touch. Den inneh\u00e5ller tv\u00e5 soffbord: ett h\u00f6gt bord, perfekt som nattbord eller&#8230;<\/p>\n","protected":false},"featured_media":64097,"template":"","meta":[],"product_brand":[],"product_cat":[871,929,910],"product_tag":[],"class_list":{"0":"post-64106","1":"product","2":"type-product","3":"status-publish","4":"has-post-thumbnail","6":"product_cat-hus-hem","7":"product_cat-soffbord","8":"product_cat-vardagsrum","10":"first","11":"instock","12":"sale","13":"taxable","14":"shipping-taxable","15":"purchasable","16":"product-type-simple"},"yoast_head":"<!-- This site is optimized with the Yoast SEO plugin v25.4 - https:\/\/yoast.com\/wordpress\/plugins\/seo\/ -->\n<title>TRUUSK 2-delat Soffbord Set - Modern Design - Marmorutseende - F\u00f6r Vardagsrum och Sovrum - St\u00e5l - TRUUSK - Hem, Tr\u00e4dg\u00e5rd &amp; Fritid<\/title>\n<meta name=\"robots\" content=\"index, follow, max-snippet:-1, max-image-preview:large, max-video-preview:-1\" \/>\n<link rel=\"canonical\" href=\"https:\/\/truusk.store\/sv\/produkt\/truusk-2-delat-soffbord-set-modern-design-marmorutseende-for-vardagsrum-och-sovrum-stal\/\" \/>\n<meta property=\"og:locale\" content=\"sv_SE\" \/>\n<meta property=\"og:type\" content=\"article\" \/>\n<meta property=\"og:title\" content=\"TRUUSK 2-delat Soffbord Set - Modern Design - Marmorutseende - F\u00f6r Vardagsrum och Sovrum - St\u00e5l - TRUUSK - Hem, Tr\u00e4dg\u00e5rd &amp; Fritid\" \/>\n<meta property=\"og:description\" content=\"Marmor-soffbordssatsen fr\u00e5n TRUUSK ger ditt hem en modern touch. Den inneh\u00e5ller tv\u00e5 soffbord: ett h\u00f6gt bord, perfekt som nattbord eller...\" \/>\n<meta property=\"og:url\" content=\"https:\/\/truusk.store\/sv\/produkt\/truusk-2-delat-soffbord-set-modern-design-marmorutseende-for-vardagsrum-och-sovrum-stal\/\" \/>\n<meta property=\"og:site_name\" content=\"TRUUSK - Hem, Tr\u00e4dg\u00e5rd &amp; Fritid\" \/>\n<meta property=\"article:modified_time\" content=\"2026-03-12T08:13:24+00:00\" \/>\n<meta property=\"og:image\" content=\"https:\/\/i0.wp.com\/truusk.se\/wp-content\/uploads\/2025\/06\/soffbord-2-delat-set-sidobord-kaffebord-satsbord-soffbord-i-modern-design-vardagsrumsbord-med-marmorutseende-for-sovrum-stal-1.webp?fit=2000%2C2000&ssl=1\" \/>\n\t<meta property=\"og:image:width\" content=\"2000\" \/>\n\t<meta property=\"og:image:height\" content=\"2000\" \/>\n\t<meta property=\"og:image:type\" content=\"image\/webp\" \/>\n<meta name=\"twitter:card\" content=\"summary_large_image\" \/>\n<meta name=\"twitter:label1\" content=\"Ber\u00e4knad l\u00e4stid\" \/>\n\t<meta name=\"twitter:data1\" content=\"1 minut\" \/>\n<!-- \/ Yoast SEO plugin. -->","yoast_head_json":{"title":"TRUUSK 2-delat Soffbord Set - Modern Design - Marmorutseende - F\u00f6r Vardagsrum och Sovrum - St\u00e5l - TRUUSK - Hem, Tr\u00e4dg\u00e5rd &amp; Fritid","robots":{"index":"index","follow":"follow","max-snippet":"max-snippet:-1","max-image-preview":"max-image-preview:large","max-video-preview":"max-video-preview:-1"},"canonical":"https:\/\/truusk.store\/sv\/produkt\/truusk-2-delat-soffbord-set-modern-design-marmorutseende-for-vardagsrum-och-sovrum-stal\/","og_locale":"sv_SE","og_type":"article","og_title":"TRUUSK 2-delat Soffbord Set - Modern Design - Marmorutseende - F\u00f6r Vardagsrum och Sovrum - St\u00e5l - TRUUSK - Hem, Tr\u00e4dg\u00e5rd &amp; Fritid","og_description":"Marmor-soffbordssatsen fr\u00e5n TRUUSK ger ditt hem en modern touch. Den inneh\u00e5ller tv\u00e5 soffbord: ett h\u00f6gt bord, perfekt som nattbord eller...","og_url":"https:\/\/truusk.store\/sv\/produkt\/truusk-2-delat-soffbord-set-modern-design-marmorutseende-for-vardagsrum-och-sovrum-stal\/","og_site_name":"TRUUSK - Hem, Tr\u00e4dg\u00e5rd &amp; Fritid","article_modified_time":"2026-03-12T08:13:24+00:00","og_image":[{"width":2000,"height":2000,"url":"https:\/\/i0.wp.com\/truusk.se\/wp-content\/uploads\/2025\/06\/soffbord-2-delat-set-sidobord-kaffebord-satsbord-soffbord-i-modern-design-vardagsrumsbord-med-marmorutseende-for-sovrum-stal-1.webp?fit=2000%2C2000&ssl=1","type":"image\/webp"}],"twitter_card":"summary_large_image","twitter_misc":{"Ber\u00e4knad l\u00e4stid":"1 minut"},"schema":{"@context":"https:\/\/schema.org","@graph":[{"@type":"WebPage","@id":"https:\/\/truusk.store\/sv\/produkt\/truusk-2-delat-soffbord-set-modern-design-marmorutseende-for-vardagsrum-och-sovrum-stal\/","url":"https:\/\/truusk.store\/sv\/produkt\/truusk-2-delat-soffbord-set-modern-design-marmorutseende-for-vardagsrum-och-sovrum-stal\/","name":"TRUUSK 2-delat Soffbord Set - Modern Design - Marmorutseende - F\u00f6r Vardagsrum och Sovrum - St\u00e5l - TRUUSK - Hem, Tr\u00e4dg\u00e5rd &amp; Fritid","isPartOf":{"@id":"https:\/\/truusk.store\/sv\/#website"},"primaryImageOfPage":{"@id":"https:\/\/truusk.store\/sv\/produkt\/truusk-2-delat-soffbord-set-modern-design-marmorutseende-for-vardagsrum-och-sovrum-stal\/#primaryimage"},"image":{"@id":"https:\/\/truusk.store\/sv\/produkt\/truusk-2-delat-soffbord-set-modern-design-marmorutseende-for-vardagsrum-och-sovrum-stal\/#primaryimage"},"thumbnailUrl":"https:\/\/i0.wp.com\/truusk.store\/wp-content\/uploads\/2025\/06\/soffbord-2-delat-set-sidobord-kaffebord-satsbord-soffbord-i-modern-design-vardagsrumsbord-med-marmorutseende-for-sovrum-stal-1.webp?fit=2000%2C2000&ssl=1","datePublished":"2025-06-05T07:51:48+00:00","dateModified":"2026-03-12T08:13:24+00:00","breadcrumb":{"@id":"https:\/\/truusk.store\/sv\/produkt\/truusk-2-delat-soffbord-set-modern-design-marmorutseende-for-vardagsrum-och-sovrum-stal\/#breadcrumb"},"inLanguage":"sv-SE","potentialAction":[{"@type":"ReadAction","target":["https:\/\/truusk.store\/sv\/produkt\/truusk-2-delat-soffbord-set-modern-design-marmorutseende-for-vardagsrum-och-sovrum-stal\/"]}]},{"@type":"ImageObject","inLanguage":"sv-SE","@id":"https:\/\/truusk.store\/sv\/produkt\/truusk-2-delat-soffbord-set-modern-design-marmorutseende-for-vardagsrum-och-sovrum-stal\/#primaryimage","url":"https:\/\/i0.wp.com\/truusk.store\/wp-content\/uploads\/2025\/06\/soffbord-2-delat-set-sidobord-kaffebord-satsbord-soffbord-i-modern-design-vardagsrumsbord-med-marmorutseende-for-sovrum-stal-1.webp?fit=2000%2C2000&ssl=1","contentUrl":"https:\/\/i0.wp.com\/truusk.store\/wp-content\/uploads\/2025\/06\/soffbord-2-delat-set-sidobord-kaffebord-satsbord-soffbord-i-modern-design-vardagsrumsbord-med-marmorutseende-for-sovrum-stal-1.webp?fit=2000%2C2000&ssl=1","width":2000,"height":2000},{"@type":"BreadcrumbList","@id":"https:\/\/truusk.store\/sv\/produkt\/truusk-2-delat-soffbord-set-modern-design-marmorutseende-for-vardagsrum-och-sovrum-stal\/#breadcrumb","itemListElement":[{"@type":"ListItem","position":1,"name":"Home","item":"https:\/\/truusk.store\/sv\/"},{"@type":"ListItem","position":2,"name":"Shop","item":"https:\/\/truusk.store\/shop\/"},{"@type":"ListItem","position":3,"name":"TRUUSK 2-delat Soffbord Set &#8211; Modern Design &#8211; Marmorutseende &#8211; F\u00f6r Vardagsrum och Sovrum &#8211; St\u00e5l"}]},{"@type":"WebSite","@id":"https:\/\/truusk.store\/sv\/#website","url":"https:\/\/truusk.store\/sv\/","name":"TRUUSK - Hem, Tr\u00e4dg\u00e5rd & Fritid","description":"","publisher":{"@id":"https:\/\/truusk.store\/sv\/#organization"},"potentialAction":[{"@type":"SearchAction","target":{"@type":"EntryPoint","urlTemplate":"https:\/\/truusk.store\/sv\/?s={search_term_string}"},"query-input":{"@type":"PropertyValueSpecification","valueRequired":true,"valueName":"search_term_string"}}],"inLanguage":"sv-SE"},{"@type":"Organization","@id":"https:\/\/truusk.store\/sv\/#organization","name":"TRUUSK - Hem, Tr\u00e4dg\u00e5rd & Fritid","url":"https:\/\/truusk.store\/sv\/","logo":{"@type":"ImageObject","inLanguage":"sv-SE","@id":"https:\/\/truusk.store\/sv\/#\/schema\/logo\/image\/","url":"https:\/\/i0.wp.com\/truusk.store\/wp-content\/uploads\/2026\/03\/cropped-TRUUSK.png?fit=2032%2C917&ssl=1","contentUrl":"https:\/\/i0.wp.com\/truusk.store\/wp-content\/uploads\/2026\/03\/cropped-TRUUSK.png?fit=2032%2C917&ssl=1","width":2032,"height":917,"caption":"TRUUSK - Hem, Tr\u00e4dg\u00e5rd & Fritid"},"image":{"@id":"https:\/\/truusk.store\/sv\/#\/schema\/logo\/image\/"}}]}},"jetpack_sharing_enabled":true,"_links":{"self":[{"href":"https:\/\/truusk.store\/sv\/wp-json\/wp\/v2\/product\/64106","targetHints":{"allow":["GET"]}}],"collection":[{"href":"https:\/\/truusk.store\/sv\/wp-json\/wp\/v2\/product"}],"about":[{"href":"https:\/\/truusk.store\/sv\/wp-json\/wp\/v2\/types\/product"}],"wp:featuredmedia":[{"embeddable":true,"href":"https:\/\/truusk.store\/sv\/wp-json\/wp\/v2\/media\/64097"}],"wp:attachment":[{"href":"https:\/\/truusk.store\/sv\/wp-json\/wp\/v2\/media?parent=64106"}],"wp:term":[{"taxonomy":"product_brand","embeddable":true,"href":"https:\/\/truusk.store\/sv\/wp-json\/wp\/v2\/product_brand?post=64106"},{"taxonomy":"product_cat","embeddable":true,"href":"https:\/\/truusk.store\/sv\/wp-json\/wp\/v2\/product_cat?post=64106"},{"taxonomy":"product_tag","embeddable":true,"href":"https:\/\/truusk.store\/sv\/wp-json\/wp\/v2\/product_tag?post=64106"}],"curies":[{"name":"wp","href":"https:\/\/api.w.org\/{rel}","templated":true}]}}