{"id":64156,"date":"2025-06-05T08:56:40","date_gmt":"2025-06-05T07:56:40","guid":{"rendered":"https:\/\/truusk.store\/product\/sidobord-soffbord-med-2-hyllor-runt-kaffebord-for-vardagsrum-sovrum-44-x-44-x-56-cm-stal-svart\/"},"modified":"2026-03-12T09:43:21","modified_gmt":"2026-03-12T08:43:21","slug":"truusk-sidobord-och-soffbord-med-2-hyllor-runt-kaffebord-for-vardagsrum-och-sovrum-stal-svart-44-x-44-x-56-cm","status":"publish","type":"product","link":"https:\/\/truusk.store\/sv\/produkt\/truusk-sidobord-och-soffbord-med-2-hyllor-runt-kaffebord-for-vardagsrum-och-sovrum-stal-svart-44-x-44-x-56-cm\/","title":{"rendered":"TRUUSK Sidobord och Soffbord med 2 Hyllor &#8211; Runt Kaffebord &#8211; F\u00f6r Vardagsrum och Sovrum &#8211; St\u00e5l &#8211; Svart &#8211; 44 x 44 x 56 cm"},"content":{"rendered":"<p>Med TRUUSK sidobordet f\u00e5r du en perfekt blandning av stil och funktionalitet i ditt hem. Detta kompakta soffbord erbjuder en tv\u00e5stegshylla, perfekt f\u00f6r att f\u00f6rvara b\u00f6cker och andra saker, och \u00e4r tillverkat av en h\u00e5llbar metallram med slitstark bel\u00e4ggning. Tack vare justerbara fotdynor st\u00e5r nattduksbordet stabilt p\u00e5 alla ytor och passar utm\u00e4rkt f\u00f6r olika rum och inredningsstilar.<\/p>\n<p>Beskrivning:<\/p>\n<ul>\n<li> Det tv\u00e5stegshyllan p\u00e5 vardagsrumsbordet erbjuder omfattande f\u00f6rvaringsutrymme f\u00f6r vardagliga f\u00f6rem\u00e5l<\/li>\n<li> Metallramen p\u00e5 soffbordet med slitstark bel\u00e4ggning \u00f6kar h\u00e5llbarheten<\/li>\n<li> Justerbara fotdynor garanterar stabilitet p\u00e5 oj\u00e4mna golv<\/li>\n<li> Fungerar som soffa-, sidobord eller soffbord, tack vare den m\u00e5ngsidiga designen<\/li>\n<li> Montering kr\u00e4vs<\/li>\n<\/ul>\n<p> Tekniska data:<\/p>\n<ul>\n<li> F\u00e4rg: Svart<\/li>\n<li> Material: St\u00e5l<\/li>\n<li> Totala dimensioner: 44L x 44B x 56H cm<\/li>\n<li> Inre dimensioner p\u00e5 hyllan: \u00d839,8 x 2,9H cm<\/li>\n<li> Hyllh\u00f6jd: 46,3H cm<\/li>\n<li> Underkant till golv: 4,5H cm<\/li>\n<li> B\u00e4rkapacitet: 4 kg (per hylla)<\/li>\n<\/ul>\n<p> Leveransinneh\u00e5ll:<\/p>\n<ul>\n<li> 1 x Sidobord<\/li>\n<li> 1 x Handbok<\/li>\n<\/ul>\n","protected":false},"excerpt":{"rendered":"<p>Med TRUUSK sidobordet f\u00e5r du en perfekt blandning av stil och funktionalitet i ditt hem. Detta kompakta soffbord erbjuder en&#8230;<\/p>\n","protected":false},"featured_media":64147,"template":"","meta":[],"product_brand":[],"product_cat":[871,957,910],"product_tag":[],"class_list":{"0":"post-64156","1":"product","2":"type-product","3":"status-publish","4":"has-post-thumbnail","6":"product_cat-hus-hem","7":"product_cat-sidobord","8":"product_cat-vardagsrum","10":"first","11":"instock","12":"sale","13":"taxable","14":"shipping-taxable","15":"purchasable","16":"product-type-simple"},"yoast_head":"<!-- This site is optimized with the Yoast SEO plugin v25.4 - https:\/\/yoast.com\/wordpress\/plugins\/seo\/ -->\n<title>TRUUSK Sidobord och Soffbord med 2 Hyllor - Runt Kaffebord - F\u00f6r Vardagsrum och Sovrum - St\u00e5l - Svart - 44 x 44 x 56 cm - TRUUSK - Hem, Tr\u00e4dg\u00e5rd &amp; Fritid<\/title>\n<meta name=\"robots\" content=\"index, follow, max-snippet:-1, max-image-preview:large, max-video-preview:-1\" \/>\n<link rel=\"canonical\" href=\"https:\/\/truusk.store\/sv\/produkt\/truusk-sidobord-och-soffbord-med-2-hyllor-runt-kaffebord-for-vardagsrum-och-sovrum-stal-svart-44-x-44-x-56-cm\/\" \/>\n<meta property=\"og:locale\" content=\"sv_SE\" \/>\n<meta property=\"og:type\" content=\"article\" \/>\n<meta property=\"og:title\" content=\"TRUUSK Sidobord och Soffbord med 2 Hyllor - Runt Kaffebord - F\u00f6r Vardagsrum och Sovrum - St\u00e5l - Svart - 44 x 44 x 56 cm - TRUUSK - Hem, Tr\u00e4dg\u00e5rd &amp; Fritid\" \/>\n<meta property=\"og:description\" content=\"Med TRUUSK sidobordet f\u00e5r du en perfekt blandning av stil och funktionalitet i ditt hem. Detta kompakta soffbord erbjuder en...\" \/>\n<meta property=\"og:url\" content=\"https:\/\/truusk.store\/sv\/produkt\/truusk-sidobord-och-soffbord-med-2-hyllor-runt-kaffebord-for-vardagsrum-och-sovrum-stal-svart-44-x-44-x-56-cm\/\" \/>\n<meta property=\"og:site_name\" content=\"TRUUSK - Hem, Tr\u00e4dg\u00e5rd &amp; Fritid\" \/>\n<meta property=\"article:modified_time\" content=\"2026-03-12T08:43:21+00:00\" \/>\n<meta property=\"og:image\" content=\"https:\/\/i0.wp.com\/truusk.se\/wp-content\/uploads\/2025\/06\/sidobord-soffbord-med-2-hyllor-runt-kaffebord-for-vardagsrum-sovrum-44-x-44-x-56-cm-stal-svart-1.webp?fit=2000%2C2000&ssl=1\" \/>\n\t<meta property=\"og:image:width\" content=\"2000\" \/>\n\t<meta property=\"og:image:height\" content=\"2000\" \/>\n\t<meta property=\"og:image:type\" content=\"image\/webp\" \/>\n<meta name=\"twitter:card\" content=\"summary_large_image\" \/>\n<meta name=\"twitter:label1\" content=\"Ber\u00e4knad l\u00e4stid\" \/>\n\t<meta name=\"twitter:data1\" content=\"1 minut\" \/>\n<!-- \/ Yoast SEO plugin. -->","yoast_head_json":{"title":"TRUUSK Sidobord och Soffbord med 2 Hyllor - Runt Kaffebord - F\u00f6r Vardagsrum och Sovrum - St\u00e5l - Svart - 44 x 44 x 56 cm - TRUUSK - Hem, Tr\u00e4dg\u00e5rd &amp; Fritid","robots":{"index":"index","follow":"follow","max-snippet":"max-snippet:-1","max-image-preview":"max-image-preview:large","max-video-preview":"max-video-preview:-1"},"canonical":"https:\/\/truusk.store\/sv\/produkt\/truusk-sidobord-och-soffbord-med-2-hyllor-runt-kaffebord-for-vardagsrum-och-sovrum-stal-svart-44-x-44-x-56-cm\/","og_locale":"sv_SE","og_type":"article","og_title":"TRUUSK Sidobord och Soffbord med 2 Hyllor - Runt Kaffebord - F\u00f6r Vardagsrum och Sovrum - St\u00e5l - Svart - 44 x 44 x 56 cm - TRUUSK - Hem, Tr\u00e4dg\u00e5rd &amp; Fritid","og_description":"Med TRUUSK sidobordet f\u00e5r du en perfekt blandning av stil och funktionalitet i ditt hem. Detta kompakta soffbord erbjuder en...","og_url":"https:\/\/truusk.store\/sv\/produkt\/truusk-sidobord-och-soffbord-med-2-hyllor-runt-kaffebord-for-vardagsrum-och-sovrum-stal-svart-44-x-44-x-56-cm\/","og_site_name":"TRUUSK - Hem, Tr\u00e4dg\u00e5rd &amp; Fritid","article_modified_time":"2026-03-12T08:43:21+00:00","og_image":[{"width":2000,"height":2000,"url":"https:\/\/i0.wp.com\/truusk.se\/wp-content\/uploads\/2025\/06\/sidobord-soffbord-med-2-hyllor-runt-kaffebord-for-vardagsrum-sovrum-44-x-44-x-56-cm-stal-svart-1.webp?fit=2000%2C2000&ssl=1","type":"image\/webp"}],"twitter_card":"summary_large_image","twitter_misc":{"Ber\u00e4knad l\u00e4stid":"1 minut"},"schema":{"@context":"https:\/\/schema.org","@graph":[{"@type":"WebPage","@id":"https:\/\/truusk.store\/sv\/produkt\/truusk-sidobord-och-soffbord-med-2-hyllor-runt-kaffebord-for-vardagsrum-och-sovrum-stal-svart-44-x-44-x-56-cm\/","url":"https:\/\/truusk.store\/sv\/produkt\/truusk-sidobord-och-soffbord-med-2-hyllor-runt-kaffebord-for-vardagsrum-och-sovrum-stal-svart-44-x-44-x-56-cm\/","name":"TRUUSK Sidobord och Soffbord med 2 Hyllor - Runt Kaffebord - F\u00f6r Vardagsrum och Sovrum - St\u00e5l - Svart - 44 x 44 x 56 cm - TRUUSK - Hem, Tr\u00e4dg\u00e5rd &amp; Fritid","isPartOf":{"@id":"https:\/\/truusk.store\/sv\/#website"},"primaryImageOfPage":{"@id":"https:\/\/truusk.store\/sv\/produkt\/truusk-sidobord-och-soffbord-med-2-hyllor-runt-kaffebord-for-vardagsrum-och-sovrum-stal-svart-44-x-44-x-56-cm\/#primaryimage"},"image":{"@id":"https:\/\/truusk.store\/sv\/produkt\/truusk-sidobord-och-soffbord-med-2-hyllor-runt-kaffebord-for-vardagsrum-och-sovrum-stal-svart-44-x-44-x-56-cm\/#primaryimage"},"thumbnailUrl":"https:\/\/i0.wp.com\/truusk.store\/wp-content\/uploads\/2025\/06\/sidobord-soffbord-med-2-hyllor-runt-kaffebord-for-vardagsrum-sovrum-44-x-44-x-56-cm-stal-svart-1.webp?fit=2000%2C2000&ssl=1","datePublished":"2025-06-05T07:56:40+00:00","dateModified":"2026-03-12T08:43:21+00:00","breadcrumb":{"@id":"https:\/\/truusk.store\/sv\/produkt\/truusk-sidobord-och-soffbord-med-2-hyllor-runt-kaffebord-for-vardagsrum-och-sovrum-stal-svart-44-x-44-x-56-cm\/#breadcrumb"},"inLanguage":"sv-SE","potentialAction":[{"@type":"ReadAction","target":["https:\/\/truusk.store\/sv\/produkt\/truusk-sidobord-och-soffbord-med-2-hyllor-runt-kaffebord-for-vardagsrum-och-sovrum-stal-svart-44-x-44-x-56-cm\/"]}]},{"@type":"ImageObject","inLanguage":"sv-SE","@id":"https:\/\/truusk.store\/sv\/produkt\/truusk-sidobord-och-soffbord-med-2-hyllor-runt-kaffebord-for-vardagsrum-och-sovrum-stal-svart-44-x-44-x-56-cm\/#primaryimage","url":"https:\/\/i0.wp.com\/truusk.store\/wp-content\/uploads\/2025\/06\/sidobord-soffbord-med-2-hyllor-runt-kaffebord-for-vardagsrum-sovrum-44-x-44-x-56-cm-stal-svart-1.webp?fit=2000%2C2000&ssl=1","contentUrl":"https:\/\/i0.wp.com\/truusk.store\/wp-content\/uploads\/2025\/06\/sidobord-soffbord-med-2-hyllor-runt-kaffebord-for-vardagsrum-sovrum-44-x-44-x-56-cm-stal-svart-1.webp?fit=2000%2C2000&ssl=1","width":2000,"height":2000},{"@type":"BreadcrumbList","@id":"https:\/\/truusk.store\/sv\/produkt\/truusk-sidobord-och-soffbord-med-2-hyllor-runt-kaffebord-for-vardagsrum-och-sovrum-stal-svart-44-x-44-x-56-cm\/#breadcrumb","itemListElement":[{"@type":"ListItem","position":1,"name":"Home","item":"https:\/\/truusk.store\/sv\/"},{"@type":"ListItem","position":2,"name":"Shop","item":"https:\/\/truusk.store\/shop\/"},{"@type":"ListItem","position":3,"name":"TRUUSK Sidobord och Soffbord med 2 Hyllor &#8211; Runt Kaffebord &#8211; F\u00f6r Vardagsrum och Sovrum &#8211; St\u00e5l &#8211; Svart &#8211; 44 x 44 x 56 cm"}]},{"@type":"WebSite","@id":"https:\/\/truusk.store\/sv\/#website","url":"https:\/\/truusk.store\/sv\/","name":"TRUUSK - Hem, Tr\u00e4dg\u00e5rd & Fritid","description":"","publisher":{"@id":"https:\/\/truusk.store\/sv\/#organization"},"potentialAction":[{"@type":"SearchAction","target":{"@type":"EntryPoint","urlTemplate":"https:\/\/truusk.store\/sv\/?s={search_term_string}"},"query-input":{"@type":"PropertyValueSpecification","valueRequired":true,"valueName":"search_term_string"}}],"inLanguage":"sv-SE"},{"@type":"Organization","@id":"https:\/\/truusk.store\/sv\/#organization","name":"TRUUSK - Hem, Tr\u00e4dg\u00e5rd & Fritid","url":"https:\/\/truusk.store\/sv\/","logo":{"@type":"ImageObject","inLanguage":"sv-SE","@id":"https:\/\/truusk.store\/sv\/#\/schema\/logo\/image\/","url":"https:\/\/i0.wp.com\/truusk.store\/wp-content\/uploads\/2026\/03\/cropped-TRUUSK.png?fit=2032%2C917&ssl=1","contentUrl":"https:\/\/i0.wp.com\/truusk.store\/wp-content\/uploads\/2026\/03\/cropped-TRUUSK.png?fit=2032%2C917&ssl=1","width":2032,"height":917,"caption":"TRUUSK - Hem, Tr\u00e4dg\u00e5rd & Fritid"},"image":{"@id":"https:\/\/truusk.store\/sv\/#\/schema\/logo\/image\/"}}]}},"jetpack_sharing_enabled":true,"_links":{"self":[{"href":"https:\/\/truusk.store\/sv\/wp-json\/wp\/v2\/product\/64156","targetHints":{"allow":["GET"]}}],"collection":[{"href":"https:\/\/truusk.store\/sv\/wp-json\/wp\/v2\/product"}],"about":[{"href":"https:\/\/truusk.store\/sv\/wp-json\/wp\/v2\/types\/product"}],"wp:featuredmedia":[{"embeddable":true,"href":"https:\/\/truusk.store\/sv\/wp-json\/wp\/v2\/media\/64147"}],"wp:attachment":[{"href":"https:\/\/truusk.store\/sv\/wp-json\/wp\/v2\/media?parent=64156"}],"wp:term":[{"taxonomy":"product_brand","embeddable":true,"href":"https:\/\/truusk.store\/sv\/wp-json\/wp\/v2\/product_brand?post=64156"},{"taxonomy":"product_cat","embeddable":true,"href":"https:\/\/truusk.store\/sv\/wp-json\/wp\/v2\/product_cat?post=64156"},{"taxonomy":"product_tag","embeddable":true,"href":"https:\/\/truusk.store\/sv\/wp-json\/wp\/v2\/product_tag?post=64156"}],"curies":[{"name":"wp","href":"https:\/\/api.w.org\/{rel}","templated":true}]}}