{"id":64193,"date":"2025-06-05T09:00:38","date_gmt":"2025-06-05T08:00:38","guid":{"rendered":"https:\/\/truusk.store\/product\/rebounder-for-fotboll-hopfallbar-fotbollsrebounder-63-x-63-cm-justerbar-fotbollsmal-kicker-for-baseboll-basket-metall-bla\/"},"modified":"2026-03-12T09:41:35","modified_gmt":"2026-03-12T08:41:35","slug":"truusk-fotbollsrebounder-hopfallbar-justerbar-baseboll-basket-metall-bla","status":"publish","type":"product","link":"https:\/\/truusk.store\/sv\/produkt\/truusk-fotbollsrebounder-hopfallbar-justerbar-baseboll-basket-metall-bla\/","title":{"rendered":"TRUUSK Fotbollsrebounder &#8211; Hopf\u00e4llbar &#8211; Justerbar &#8211; Baseboll Basket &#8211; Metall &#8211; Bl\u00e5"},"content":{"rendered":"<p>Prova denna fotbollsreturboll fr\u00e5n TRUUSK, den \u00e4r tillverkad av pulverlackerat metallr\u00f6r och h\u00e5llbart PE-n\u00e4t, den \u00e4r tillr\u00e4ckligt stark f\u00f6r att anv\u00e4ndas av b\u00e5de barn och vuxna. Denna returboll \u00e4r en fantastisk enhet som hj\u00e4lper spelare att utveckla sina f\u00e4rdigheter i precision, styrka och bollkontroll, och hj\u00e4lper dem att f\u00f6rb\u00e4ttra passningar, m\u00e5lvaktsspel, huvudspel och skott.<\/p>\n<p>Beskrivning:<\/p>\n<ul>\n<li> Tillverkad av f\u00f6rstklassigt pulverlackerat st\u00e5lr\u00f6r, kan t\u00e5la intensiva p\u00e5frestningar<\/li>\n<li> Allv\u00e4ders-PE-n\u00e4t<\/li>\n<li> Justerbar vinkel p\u00e5 fotbollsreturbollen f\u00f6r b\u00e4ttre anpassning till dina tr\u00e4ningsm\u00e5l<\/li>\n<li> L\u00e4tt att transportera och f\u00f6rvara tack vare dess f\u00e4llbara design<\/li>\n<li> Idealisk f\u00f6r olika sporter, inklusive fotboll, baseboll och baskettr\u00e4ning<\/li>\n<li> Hj\u00e4lper spelaren att utveckla f\u00e4rdigheter i precision, styrka och bollkontroll<\/li>\n<li> Inneh\u00e5ller stabilitetsankare som f\u00f6rhindrar att den v\u00e4lter vid anv\u00e4ndning<\/li>\n<li> 5-stegs justerbart justeringsr\u00f6r f\u00f6r returboll f\u00f6r fotboll, 5 cm mellanrum mellan stegen, vinkelomr\u00e5de: 50\u00b0-70\u00b0<\/li>\n<li> Montering kr\u00e4vs<\/li>\n<\/ul>\n<p>Tekniska data:<\/p>\n<ul>\n<li> Material: PE-tyg, metall<\/li>\n<li> F\u00e4rg: Svart+Bl\u00e5<\/li>\n<li> Totala m\u00e5tt: 78L x 84B x 65-78H cm<\/li>\n<li> Storlek hopf\u00e4lld: 84L x 84B x 11H cm<\/li>\n<li> N\u00e4tstorlek: 63L x 63B cm<\/li>\n<li> Maskstorlek: 4,5L x 4,5B cm<\/li>\n<\/ul>\n<p>Leveransinneh\u00e5ll:<\/p>\n<ul>\n<li> 1 x Returboll;<\/li>\n<\/ul>\n","protected":false},"excerpt":{"rendered":"<p>Prova denna fotbollsreturboll fr\u00e5n TRUUSK, den \u00e4r tillverkad av pulverlackerat metallr\u00f6r och h\u00e5llbart PE-n\u00e4t, den \u00e4r tillr\u00e4ckligt stark f\u00f6r att&#8230;<\/p>\n","protected":false},"featured_media":64184,"template":"","meta":[],"product_brand":[],"product_cat":[982,647],"product_tag":[],"class_list":{"0":"post-64193","1":"product","2":"type-product","3":"status-publish","4":"has-post-thumbnail","6":"product_cat-bollsport","7":"product_cat-sport-fritid","9":"first","10":"instock","11":"sale","12":"taxable","13":"shipping-taxable","14":"purchasable","15":"product-type-simple"},"yoast_head":"<!-- This site is optimized with the Yoast SEO plugin v25.4 - https:\/\/yoast.com\/wordpress\/plugins\/seo\/ -->\n<title>TRUUSK Fotbollsrebounder - Hopf\u00e4llbar - Justerbar - Baseboll Basket - Metall - Bl\u00e5 - TRUUSK - Hem, Tr\u00e4dg\u00e5rd &amp; Fritid<\/title>\n<meta name=\"robots\" content=\"index, follow, max-snippet:-1, max-image-preview:large, max-video-preview:-1\" \/>\n<link rel=\"canonical\" href=\"https:\/\/truusk.store\/sv\/produkt\/truusk-fotbollsrebounder-hopfallbar-justerbar-baseboll-basket-metall-bla\/\" \/>\n<meta property=\"og:locale\" content=\"sv_SE\" \/>\n<meta property=\"og:type\" content=\"article\" \/>\n<meta property=\"og:title\" content=\"TRUUSK Fotbollsrebounder - Hopf\u00e4llbar - Justerbar - Baseboll Basket - Metall - Bl\u00e5 - TRUUSK - Hem, Tr\u00e4dg\u00e5rd &amp; Fritid\" \/>\n<meta property=\"og:description\" content=\"Prova denna fotbollsreturboll fr\u00e5n TRUUSK, den \u00e4r tillverkad av pulverlackerat metallr\u00f6r och h\u00e5llbart PE-n\u00e4t, den \u00e4r tillr\u00e4ckligt stark f\u00f6r att...\" \/>\n<meta property=\"og:url\" content=\"https:\/\/truusk.store\/sv\/produkt\/truusk-fotbollsrebounder-hopfallbar-justerbar-baseboll-basket-metall-bla\/\" \/>\n<meta property=\"og:site_name\" content=\"TRUUSK - Hem, Tr\u00e4dg\u00e5rd &amp; Fritid\" \/>\n<meta property=\"article:modified_time\" content=\"2026-03-12T08:41:35+00:00\" \/>\n<meta property=\"og:image\" content=\"https:\/\/i0.wp.com\/truusk.se\/wp-content\/uploads\/2025\/06\/rebounder-for-fotboll-hopfallbar-fotbollsrebounder-63-x-63-cm-justerbar-fotbollsmal-kicker-for-baseboll-basket-metall-bla-1.webp?fit=2000%2C2000&ssl=1\" \/>\n\t<meta property=\"og:image:width\" content=\"2000\" \/>\n\t<meta property=\"og:image:height\" content=\"2000\" \/>\n\t<meta property=\"og:image:type\" content=\"image\/webp\" \/>\n<meta name=\"twitter:card\" content=\"summary_large_image\" \/>\n<meta name=\"twitter:label1\" content=\"Ber\u00e4knad l\u00e4stid\" \/>\n\t<meta name=\"twitter:data1\" content=\"1 minut\" \/>\n<!-- \/ Yoast SEO plugin. -->","yoast_head_json":{"title":"TRUUSK Fotbollsrebounder - Hopf\u00e4llbar - Justerbar - Baseboll Basket - Metall - Bl\u00e5 - TRUUSK - Hem, Tr\u00e4dg\u00e5rd &amp; Fritid","robots":{"index":"index","follow":"follow","max-snippet":"max-snippet:-1","max-image-preview":"max-image-preview:large","max-video-preview":"max-video-preview:-1"},"canonical":"https:\/\/truusk.store\/sv\/produkt\/truusk-fotbollsrebounder-hopfallbar-justerbar-baseboll-basket-metall-bla\/","og_locale":"sv_SE","og_type":"article","og_title":"TRUUSK Fotbollsrebounder - Hopf\u00e4llbar - Justerbar - Baseboll Basket - Metall - Bl\u00e5 - TRUUSK - Hem, Tr\u00e4dg\u00e5rd &amp; Fritid","og_description":"Prova denna fotbollsreturboll fr\u00e5n TRUUSK, den \u00e4r tillverkad av pulverlackerat metallr\u00f6r och h\u00e5llbart PE-n\u00e4t, den \u00e4r tillr\u00e4ckligt stark f\u00f6r att...","og_url":"https:\/\/truusk.store\/sv\/produkt\/truusk-fotbollsrebounder-hopfallbar-justerbar-baseboll-basket-metall-bla\/","og_site_name":"TRUUSK - Hem, Tr\u00e4dg\u00e5rd &amp; Fritid","article_modified_time":"2026-03-12T08:41:35+00:00","og_image":[{"width":2000,"height":2000,"url":"https:\/\/i0.wp.com\/truusk.se\/wp-content\/uploads\/2025\/06\/rebounder-for-fotboll-hopfallbar-fotbollsrebounder-63-x-63-cm-justerbar-fotbollsmal-kicker-for-baseboll-basket-metall-bla-1.webp?fit=2000%2C2000&ssl=1","type":"image\/webp"}],"twitter_card":"summary_large_image","twitter_misc":{"Ber\u00e4knad l\u00e4stid":"1 minut"},"schema":{"@context":"https:\/\/schema.org","@graph":[{"@type":"WebPage","@id":"https:\/\/truusk.store\/sv\/produkt\/truusk-fotbollsrebounder-hopfallbar-justerbar-baseboll-basket-metall-bla\/","url":"https:\/\/truusk.store\/sv\/produkt\/truusk-fotbollsrebounder-hopfallbar-justerbar-baseboll-basket-metall-bla\/","name":"TRUUSK Fotbollsrebounder - Hopf\u00e4llbar - Justerbar - Baseboll Basket - Metall - Bl\u00e5 - TRUUSK - Hem, Tr\u00e4dg\u00e5rd &amp; Fritid","isPartOf":{"@id":"https:\/\/truusk.store\/sv\/#website"},"primaryImageOfPage":{"@id":"https:\/\/truusk.store\/sv\/produkt\/truusk-fotbollsrebounder-hopfallbar-justerbar-baseboll-basket-metall-bla\/#primaryimage"},"image":{"@id":"https:\/\/truusk.store\/sv\/produkt\/truusk-fotbollsrebounder-hopfallbar-justerbar-baseboll-basket-metall-bla\/#primaryimage"},"thumbnailUrl":"https:\/\/i0.wp.com\/truusk.store\/wp-content\/uploads\/2025\/06\/rebounder-for-fotboll-hopfallbar-fotbollsrebounder-63-x-63-cm-justerbar-fotbollsmal-kicker-for-baseboll-basket-metall-bla-1.webp?fit=2000%2C2000&ssl=1","datePublished":"2025-06-05T08:00:38+00:00","dateModified":"2026-03-12T08:41:35+00:00","breadcrumb":{"@id":"https:\/\/truusk.store\/sv\/produkt\/truusk-fotbollsrebounder-hopfallbar-justerbar-baseboll-basket-metall-bla\/#breadcrumb"},"inLanguage":"sv-SE","potentialAction":[{"@type":"ReadAction","target":["https:\/\/truusk.store\/sv\/produkt\/truusk-fotbollsrebounder-hopfallbar-justerbar-baseboll-basket-metall-bla\/"]}]},{"@type":"ImageObject","inLanguage":"sv-SE","@id":"https:\/\/truusk.store\/sv\/produkt\/truusk-fotbollsrebounder-hopfallbar-justerbar-baseboll-basket-metall-bla\/#primaryimage","url":"https:\/\/i0.wp.com\/truusk.store\/wp-content\/uploads\/2025\/06\/rebounder-for-fotboll-hopfallbar-fotbollsrebounder-63-x-63-cm-justerbar-fotbollsmal-kicker-for-baseboll-basket-metall-bla-1.webp?fit=2000%2C2000&ssl=1","contentUrl":"https:\/\/i0.wp.com\/truusk.store\/wp-content\/uploads\/2025\/06\/rebounder-for-fotboll-hopfallbar-fotbollsrebounder-63-x-63-cm-justerbar-fotbollsmal-kicker-for-baseboll-basket-metall-bla-1.webp?fit=2000%2C2000&ssl=1","width":2000,"height":2000},{"@type":"BreadcrumbList","@id":"https:\/\/truusk.store\/sv\/produkt\/truusk-fotbollsrebounder-hopfallbar-justerbar-baseboll-basket-metall-bla\/#breadcrumb","itemListElement":[{"@type":"ListItem","position":1,"name":"Home","item":"https:\/\/truusk.store\/sv\/"},{"@type":"ListItem","position":2,"name":"Shop","item":"https:\/\/truusk.store\/shop\/"},{"@type":"ListItem","position":3,"name":"TRUUSK Fotbollsrebounder &#8211; Hopf\u00e4llbar &#8211; Justerbar &#8211; Baseboll Basket &#8211; Metall &#8211; Bl\u00e5"}]},{"@type":"WebSite","@id":"https:\/\/truusk.store\/sv\/#website","url":"https:\/\/truusk.store\/sv\/","name":"TRUUSK - Hem, Tr\u00e4dg\u00e5rd & Fritid","description":"","publisher":{"@id":"https:\/\/truusk.store\/sv\/#organization"},"potentialAction":[{"@type":"SearchAction","target":{"@type":"EntryPoint","urlTemplate":"https:\/\/truusk.store\/sv\/?s={search_term_string}"},"query-input":{"@type":"PropertyValueSpecification","valueRequired":true,"valueName":"search_term_string"}}],"inLanguage":"sv-SE"},{"@type":"Organization","@id":"https:\/\/truusk.store\/sv\/#organization","name":"TRUUSK - Hem, Tr\u00e4dg\u00e5rd & Fritid","url":"https:\/\/truusk.store\/sv\/","logo":{"@type":"ImageObject","inLanguage":"sv-SE","@id":"https:\/\/truusk.store\/sv\/#\/schema\/logo\/image\/","url":"https:\/\/i0.wp.com\/truusk.store\/wp-content\/uploads\/2026\/03\/cropped-TRUUSK.png?fit=2032%2C917&ssl=1","contentUrl":"https:\/\/i0.wp.com\/truusk.store\/wp-content\/uploads\/2026\/03\/cropped-TRUUSK.png?fit=2032%2C917&ssl=1","width":2032,"height":917,"caption":"TRUUSK - Hem, Tr\u00e4dg\u00e5rd & Fritid"},"image":{"@id":"https:\/\/truusk.store\/sv\/#\/schema\/logo\/image\/"}}]}},"jetpack_sharing_enabled":true,"_links":{"self":[{"href":"https:\/\/truusk.store\/sv\/wp-json\/wp\/v2\/product\/64193","targetHints":{"allow":["GET"]}}],"collection":[{"href":"https:\/\/truusk.store\/sv\/wp-json\/wp\/v2\/product"}],"about":[{"href":"https:\/\/truusk.store\/sv\/wp-json\/wp\/v2\/types\/product"}],"wp:featuredmedia":[{"embeddable":true,"href":"https:\/\/truusk.store\/sv\/wp-json\/wp\/v2\/media\/64184"}],"wp:attachment":[{"href":"https:\/\/truusk.store\/sv\/wp-json\/wp\/v2\/media?parent=64193"}],"wp:term":[{"taxonomy":"product_brand","embeddable":true,"href":"https:\/\/truusk.store\/sv\/wp-json\/wp\/v2\/product_brand?post=64193"},{"taxonomy":"product_cat","embeddable":true,"href":"https:\/\/truusk.store\/sv\/wp-json\/wp\/v2\/product_cat?post=64193"},{"taxonomy":"product_tag","embeddable":true,"href":"https:\/\/truusk.store\/sv\/wp-json\/wp\/v2\/product_tag?post=64193"}],"curies":[{"name":"wp","href":"https:\/\/api.w.org\/{rel}","templated":true}]}}