{"id":64213,"date":"2025-06-05T09:02:51","date_gmt":"2025-06-05T08:02:51","guid":{"rendered":"https:\/\/truusk.store\/product\/kattlada-med-lock-kattlada-med-sil-spade-stangd-katt-toaletthus-for-sma-katter-under-35-kg-inomhus-plast-kramvit\/"},"modified":"2026-03-12T09:44:22","modified_gmt":"2026-03-12T08:44:22","slug":"truusk-kattlada-med-lock-och-sil-inkluderar-spade-for-sma-katter-under-35-kg-plast-kramvit","status":"publish","type":"product","link":"https:\/\/truusk.store\/sv\/produkt\/truusk-kattlada-med-lock-och-sil-inkluderar-spade-for-sma-katter-under-35-kg-plast-kramvit\/","title":{"rendered":"TRUUSK Kattl\u00e5da med Lock och Sil &#8211; Inkluderar Spade &#8211; F\u00f6r Sm\u00e5 Katter under 3,5 kg &#8211; Plast &#8211; Kr\u00e4mvit"},"content":{"rendered":"<p>Uppt\u00e4ck den stilfulla och praktiska TRUUSK kattl\u00e5dan med lock. Den halv\u00f6ppna strukturen med sandavfallsh\u00e5l h\u00e5ller smutsen tillbaka, medan din katt kan kliva in och ut bekv\u00e4mt. Det l\u00e5sbara locket p\u00e5 kattl\u00e5dan kan \u00f6ppnas f\u00f6r reng\u00f6ring och ger den gener\u00f6sa, t\u00e4ckta kattl\u00e5dan f\u00f6r katter upp till 3,5 kg \u00e4nnu mer utrymme. En smart design f\u00f6r komfort och renlighet!<\/p>\n<p>Beskrivning:<\/p>\n<ul>\n<li> Det halvslutna designen av kattl\u00e5dan garanterar privatliv och minskar spill av kattsand<\/li>\n<li> Ett sandavfallsh\u00e5l i kattl\u00e5dan minimerar spill av kattsand utanf\u00f6r l\u00e5dan<\/li>\n<li> F\u00e4llbart \u00f6verlock och en spade f\u00f6r kattl\u00e5dan f\u00f6r enkel reng\u00f6ring<\/li>\n<li> Tillverkad av s\u00e4kra material<\/li>\n<li> L\u00e4mplig storlek f\u00f6r katter under 3,5 kg<\/li>\n<li> Montering kr\u00e4vs<\/li>\n<\/ul>\n<p> Tekniska data:<\/p>\n<ul>\n<li> F\u00e4rg: Kr\u00e4mvit<\/li>\n<li> Material: Plast<\/li>\n<li> Totala dimensioner: 50L x 50B x 39H cm<\/li>\n<li> Ing\u00e5ngs\u00f6ppning: 14B x 18,5H cm<\/li>\n<li> Kanalomr\u00e5desstorlek: 44L x 16,5B cm<\/li>\n<li> Katt-toalettomr\u00e5de: 46L x 25B x 14\/24T cm<\/li>\n<li> Spade: 28L x 11B x 4H cm<\/li>\n<li> H\u00e5lbredd: 1,3L x 1,3B cm<\/li>\n<\/ul>\n<p> Leveransinneh\u00e5ll:<\/p>\n<ul>\n<li> 1 x Kattl\u00e5da<\/li>\n<li> 1 x Spade<\/li>\n<li> 1 x Bruksanvisning<\/li>\n<\/ul>\n","protected":false},"excerpt":{"rendered":"<p>Uppt\u00e4ck den stilfulla och praktiska TRUUSK kattl\u00e5dan med lock. Den halv\u00f6ppna strukturen med sandavfallsh\u00e5l h\u00e5ller smutsen tillbaka, medan din katt&#8230;<\/p>\n","protected":false},"featured_media":64204,"template":"","meta":[],"product_brand":[],"product_cat":[878,594,588],"product_tag":[],"class_list":{"0":"post-64213","1":"product","2":"type-product","3":"status-publish","4":"has-post-thumbnail","6":"product_cat-djurbehov","7":"product_cat-kattlador","8":"product_cat-katttillbehor","10":"first","11":"instock","12":"sale","13":"taxable","14":"shipping-taxable","15":"purchasable","16":"product-type-simple"},"yoast_head":"<!-- This site is optimized with the Yoast SEO plugin v25.4 - https:\/\/yoast.com\/wordpress\/plugins\/seo\/ -->\n<title>TRUUSK Kattl\u00e5da med Lock och Sil - Inkluderar Spade - F\u00f6r Sm\u00e5 Katter under 3,5 kg - Plast - Kr\u00e4mvit - TRUUSK - Hem, Tr\u00e4dg\u00e5rd &amp; Fritid<\/title>\n<meta name=\"robots\" content=\"index, follow, max-snippet:-1, max-image-preview:large, max-video-preview:-1\" \/>\n<link rel=\"canonical\" href=\"https:\/\/truusk.store\/sv\/produkt\/truusk-kattlada-med-lock-och-sil-inkluderar-spade-for-sma-katter-under-35-kg-plast-kramvit\/\" \/>\n<meta property=\"og:locale\" content=\"sv_SE\" \/>\n<meta property=\"og:type\" content=\"article\" \/>\n<meta property=\"og:title\" content=\"TRUUSK Kattl\u00e5da med Lock och Sil - Inkluderar Spade - F\u00f6r Sm\u00e5 Katter under 3,5 kg - Plast - Kr\u00e4mvit - TRUUSK - Hem, Tr\u00e4dg\u00e5rd &amp; Fritid\" \/>\n<meta property=\"og:description\" content=\"Uppt\u00e4ck den stilfulla och praktiska TRUUSK kattl\u00e5dan med lock. Den halv\u00f6ppna strukturen med sandavfallsh\u00e5l h\u00e5ller smutsen tillbaka, medan din katt...\" \/>\n<meta property=\"og:url\" content=\"https:\/\/truusk.store\/sv\/produkt\/truusk-kattlada-med-lock-och-sil-inkluderar-spade-for-sma-katter-under-35-kg-plast-kramvit\/\" \/>\n<meta property=\"og:site_name\" content=\"TRUUSK - Hem, Tr\u00e4dg\u00e5rd &amp; Fritid\" \/>\n<meta property=\"article:modified_time\" content=\"2026-03-12T08:44:22+00:00\" \/>\n<meta property=\"og:image\" content=\"https:\/\/i0.wp.com\/truusk.se\/wp-content\/uploads\/2025\/06\/kattlada-med-lock-kattlada-med-sil-spade-stangd-katt-toaletthus-for-sma-katter-under-35-kg-inomhus-plast-kramvit-1.webp?fit=2000%2C2000&ssl=1\" \/>\n\t<meta property=\"og:image:width\" content=\"2000\" \/>\n\t<meta property=\"og:image:height\" content=\"2000\" \/>\n\t<meta property=\"og:image:type\" content=\"image\/webp\" \/>\n<meta name=\"twitter:card\" content=\"summary_large_image\" \/>\n<meta name=\"twitter:label1\" content=\"Ber\u00e4knad l\u00e4stid\" \/>\n\t<meta name=\"twitter:data1\" content=\"1 minut\" \/>\n<!-- \/ Yoast SEO plugin. -->","yoast_head_json":{"title":"TRUUSK Kattl\u00e5da med Lock och Sil - Inkluderar Spade - F\u00f6r Sm\u00e5 Katter under 3,5 kg - Plast - Kr\u00e4mvit - TRUUSK - Hem, Tr\u00e4dg\u00e5rd &amp; Fritid","robots":{"index":"index","follow":"follow","max-snippet":"max-snippet:-1","max-image-preview":"max-image-preview:large","max-video-preview":"max-video-preview:-1"},"canonical":"https:\/\/truusk.store\/sv\/produkt\/truusk-kattlada-med-lock-och-sil-inkluderar-spade-for-sma-katter-under-35-kg-plast-kramvit\/","og_locale":"sv_SE","og_type":"article","og_title":"TRUUSK Kattl\u00e5da med Lock och Sil - Inkluderar Spade - F\u00f6r Sm\u00e5 Katter under 3,5 kg - Plast - Kr\u00e4mvit - TRUUSK - Hem, Tr\u00e4dg\u00e5rd &amp; Fritid","og_description":"Uppt\u00e4ck den stilfulla och praktiska TRUUSK kattl\u00e5dan med lock. Den halv\u00f6ppna strukturen med sandavfallsh\u00e5l h\u00e5ller smutsen tillbaka, medan din katt...","og_url":"https:\/\/truusk.store\/sv\/produkt\/truusk-kattlada-med-lock-och-sil-inkluderar-spade-for-sma-katter-under-35-kg-plast-kramvit\/","og_site_name":"TRUUSK - Hem, Tr\u00e4dg\u00e5rd &amp; Fritid","article_modified_time":"2026-03-12T08:44:22+00:00","og_image":[{"width":2000,"height":2000,"url":"https:\/\/i0.wp.com\/truusk.se\/wp-content\/uploads\/2025\/06\/kattlada-med-lock-kattlada-med-sil-spade-stangd-katt-toaletthus-for-sma-katter-under-35-kg-inomhus-plast-kramvit-1.webp?fit=2000%2C2000&ssl=1","type":"image\/webp"}],"twitter_card":"summary_large_image","twitter_misc":{"Ber\u00e4knad l\u00e4stid":"1 minut"},"schema":{"@context":"https:\/\/schema.org","@graph":[{"@type":"WebPage","@id":"https:\/\/truusk.store\/sv\/produkt\/truusk-kattlada-med-lock-och-sil-inkluderar-spade-for-sma-katter-under-35-kg-plast-kramvit\/","url":"https:\/\/truusk.store\/sv\/produkt\/truusk-kattlada-med-lock-och-sil-inkluderar-spade-for-sma-katter-under-35-kg-plast-kramvit\/","name":"TRUUSK Kattl\u00e5da med Lock och Sil - Inkluderar Spade - F\u00f6r Sm\u00e5 Katter under 3,5 kg - Plast - Kr\u00e4mvit - TRUUSK - Hem, Tr\u00e4dg\u00e5rd &amp; Fritid","isPartOf":{"@id":"https:\/\/truusk.store\/sv\/#website"},"primaryImageOfPage":{"@id":"https:\/\/truusk.store\/sv\/produkt\/truusk-kattlada-med-lock-och-sil-inkluderar-spade-for-sma-katter-under-35-kg-plast-kramvit\/#primaryimage"},"image":{"@id":"https:\/\/truusk.store\/sv\/produkt\/truusk-kattlada-med-lock-och-sil-inkluderar-spade-for-sma-katter-under-35-kg-plast-kramvit\/#primaryimage"},"thumbnailUrl":"https:\/\/i0.wp.com\/truusk.store\/wp-content\/uploads\/2025\/06\/kattlada-med-lock-kattlada-med-sil-spade-stangd-katt-toaletthus-for-sma-katter-under-35-kg-inomhus-plast-kramvit-1.webp?fit=2000%2C2000&ssl=1","datePublished":"2025-06-05T08:02:51+00:00","dateModified":"2026-03-12T08:44:22+00:00","breadcrumb":{"@id":"https:\/\/truusk.store\/sv\/produkt\/truusk-kattlada-med-lock-och-sil-inkluderar-spade-for-sma-katter-under-35-kg-plast-kramvit\/#breadcrumb"},"inLanguage":"sv-SE","potentialAction":[{"@type":"ReadAction","target":["https:\/\/truusk.store\/sv\/produkt\/truusk-kattlada-med-lock-och-sil-inkluderar-spade-for-sma-katter-under-35-kg-plast-kramvit\/"]}]},{"@type":"ImageObject","inLanguage":"sv-SE","@id":"https:\/\/truusk.store\/sv\/produkt\/truusk-kattlada-med-lock-och-sil-inkluderar-spade-for-sma-katter-under-35-kg-plast-kramvit\/#primaryimage","url":"https:\/\/i0.wp.com\/truusk.store\/wp-content\/uploads\/2025\/06\/kattlada-med-lock-kattlada-med-sil-spade-stangd-katt-toaletthus-for-sma-katter-under-35-kg-inomhus-plast-kramvit-1.webp?fit=2000%2C2000&ssl=1","contentUrl":"https:\/\/i0.wp.com\/truusk.store\/wp-content\/uploads\/2025\/06\/kattlada-med-lock-kattlada-med-sil-spade-stangd-katt-toaletthus-for-sma-katter-under-35-kg-inomhus-plast-kramvit-1.webp?fit=2000%2C2000&ssl=1","width":2000,"height":2000},{"@type":"BreadcrumbList","@id":"https:\/\/truusk.store\/sv\/produkt\/truusk-kattlada-med-lock-och-sil-inkluderar-spade-for-sma-katter-under-35-kg-plast-kramvit\/#breadcrumb","itemListElement":[{"@type":"ListItem","position":1,"name":"Home","item":"https:\/\/truusk.store\/sv\/"},{"@type":"ListItem","position":2,"name":"Shop","item":"https:\/\/truusk.store\/shop\/"},{"@type":"ListItem","position":3,"name":"TRUUSK Kattl\u00e5da med Lock och Sil &#8211; Inkluderar Spade &#8211; F\u00f6r Sm\u00e5 Katter under 3,5 kg &#8211; Plast &#8211; Kr\u00e4mvit"}]},{"@type":"WebSite","@id":"https:\/\/truusk.store\/sv\/#website","url":"https:\/\/truusk.store\/sv\/","name":"TRUUSK - Hem, Tr\u00e4dg\u00e5rd & Fritid","description":"","publisher":{"@id":"https:\/\/truusk.store\/sv\/#organization"},"potentialAction":[{"@type":"SearchAction","target":{"@type":"EntryPoint","urlTemplate":"https:\/\/truusk.store\/sv\/?s={search_term_string}"},"query-input":{"@type":"PropertyValueSpecification","valueRequired":true,"valueName":"search_term_string"}}],"inLanguage":"sv-SE"},{"@type":"Organization","@id":"https:\/\/truusk.store\/sv\/#organization","name":"TRUUSK - Hem, Tr\u00e4dg\u00e5rd & Fritid","url":"https:\/\/truusk.store\/sv\/","logo":{"@type":"ImageObject","inLanguage":"sv-SE","@id":"https:\/\/truusk.store\/sv\/#\/schema\/logo\/image\/","url":"https:\/\/i0.wp.com\/truusk.store\/wp-content\/uploads\/2026\/03\/cropped-TRUUSK.png?fit=2032%2C917&ssl=1","contentUrl":"https:\/\/i0.wp.com\/truusk.store\/wp-content\/uploads\/2026\/03\/cropped-TRUUSK.png?fit=2032%2C917&ssl=1","width":2032,"height":917,"caption":"TRUUSK - Hem, Tr\u00e4dg\u00e5rd & Fritid"},"image":{"@id":"https:\/\/truusk.store\/sv\/#\/schema\/logo\/image\/"}}]}},"jetpack_sharing_enabled":true,"_links":{"self":[{"href":"https:\/\/truusk.store\/sv\/wp-json\/wp\/v2\/product\/64213","targetHints":{"allow":["GET"]}}],"collection":[{"href":"https:\/\/truusk.store\/sv\/wp-json\/wp\/v2\/product"}],"about":[{"href":"https:\/\/truusk.store\/sv\/wp-json\/wp\/v2\/types\/product"}],"wp:featuredmedia":[{"embeddable":true,"href":"https:\/\/truusk.store\/sv\/wp-json\/wp\/v2\/media\/64204"}],"wp:attachment":[{"href":"https:\/\/truusk.store\/sv\/wp-json\/wp\/v2\/media?parent=64213"}],"wp:term":[{"taxonomy":"product_brand","embeddable":true,"href":"https:\/\/truusk.store\/sv\/wp-json\/wp\/v2\/product_brand?post=64213"},{"taxonomy":"product_cat","embeddable":true,"href":"https:\/\/truusk.store\/sv\/wp-json\/wp\/v2\/product_cat?post=64213"},{"taxonomy":"product_tag","embeddable":true,"href":"https:\/\/truusk.store\/sv\/wp-json\/wp\/v2\/product_tag?post=64213"}],"curies":[{"name":"wp","href":"https:\/\/api.w.org\/{rel}","templated":true}]}}