{"id":64233,"date":"2025-06-05T09:04:34","date_gmt":"2025-06-05T08:04:34","guid":{"rendered":"https:\/\/truusk.store\/product\/helskarmspegel-50-x-160-cm-staende-spegel-med-sammetliknande-ramoverdrag-oregelbunden-vagig-vagg-spegel-for-sovrum-vardagsrum-vit\/"},"modified":"2026-03-12T09:44:36","modified_gmt":"2026-03-12T08:44:36","slug":"truusk-helskarmspegel-50-x-160-cm-staende-spegel-med-sammetliknande-ramoverdrag-oregelbunden-vagig-vagg-spegel-vit-for","status":"publish","type":"product","link":"https:\/\/truusk.store\/sv\/produkt\/truusk-helskarmspegel-50-x-160-cm-staende-spegel-med-sammetliknande-ramoverdrag-oregelbunden-vagig-vagg-spegel-vit-for\/","title":{"rendered":"TRUUSK Helsk\u00e4rmspegel 50 x 160 cm &#8211; St\u00e5ende spegel med sammetliknande ram\u00f6verdrag &#8211; Oregelbunden v\u00e5gig v\u00e4gg spegel &#8211; Vit &#8211; F\u00f6r"},"content":{"rendered":"<p>Upplev ett fr\u00e4scht perspektiv med TRUUSK:s helfigursspegel. Med m\u00e5tten 160 x 50 cm ger st\u00e5ende spegeln en helkroppsvy, idealisk f\u00f6r sovrummet eller som v\u00e4ggspegel i omkl\u00e4dningsomr\u00e5det. Dess unika, v\u00e5gformade design med sammetsmjuk ram ger ett stilfullt intryck och det splitterfria glaset garanterar s\u00e4kerhet och klar sikt.<\/p>\n<p>Beskrivning:<\/p>\n<ul>\n<li> 160 x 50 cm garanterar en komplett helkroppsvy<\/li>\n<li> Oregelbunden v\u00e5gform av helfigursspegeln ger ditt hem en modern touch<\/li>\n<li> MDF-ram med sammetliknande tyg f\u00f6r en lyxig look<\/li>\n<li> H\u00f6guppl\u00f6st glas av st\u00e5ende spegel ger kristallklara reflektioner<\/li>\n<li> Splitterskyddsfilm ger extra s\u00e4kerhet mot brott<\/li>\n<li> M\u00e5ngsidig positionering: frist\u00e5ende, lutande eller f\u00f6r v\u00e4ggmontering<\/li>\n<li> Ingen montering kr\u00e4vs (frist\u00e5ende)<\/li>\n<\/ul>\n<p>Tekniska data:<\/p>\n<ul>\n<li> F\u00e4rg: Vit<\/li>\n<li> Material: Glas, Sammet (100% Polyester), Skum, MDF<\/li>\n<li> Totala dimensioner: 50B x 4T x 160H cm (inf\u00e4lld st\u00f6d), 50B x 38T x 158H cm (utf\u00e4lld st\u00f6d)<\/li>\n<li> Spegelstorlek: 35,5B x 141H cm<\/li>\n<li> Max. \u00f6ppningsvinkel f\u00f6r st\u00f6det: 20\u00b0<\/li>\n<\/ul>\n<p>Leveransinneh\u00e5ll:<\/p>\n<ul>\n<li> 1 x Helfigursspegel<\/li>\n<li> 1 x Bruksanvisning<\/li>\n<\/ul>\n","protected":false},"excerpt":{"rendered":"<p>Upplev ett fr\u00e4scht perspektiv med TRUUSK:s helfigursspegel. Med m\u00e5tten 160 x 50 cm ger st\u00e5ende spegeln en helkroppsvy, idealisk f\u00f6r&#8230;<\/p>\n","protected":false},"featured_media":64224,"template":"","meta":[],"product_brand":[],"product_cat":[893,871,1006],"product_tag":[],"class_list":{"0":"post-64233","1":"product","2":"type-product","3":"status-publish","4":"has-post-thumbnail","6":"product_cat-garderob-hall","7":"product_cat-hus-hem","8":"product_cat-staende-spegel","10":"first","11":"instock","12":"sale","13":"taxable","14":"shipping-taxable","15":"purchasable","16":"product-type-simple"},"yoast_head":"<!-- This site is optimized with the Yoast SEO plugin v25.4 - https:\/\/yoast.com\/wordpress\/plugins\/seo\/ -->\n<title>TRUUSK Helsk\u00e4rmspegel 50 x 160 cm - St\u00e5ende spegel med sammetliknande ram\u00f6verdrag - Oregelbunden v\u00e5gig v\u00e4gg spegel - Vit - F\u00f6r - TRUUSK - Hem, Tr\u00e4dg\u00e5rd &amp; Fritid<\/title>\n<meta name=\"robots\" content=\"index, follow, max-snippet:-1, max-image-preview:large, max-video-preview:-1\" \/>\n<link rel=\"canonical\" href=\"https:\/\/truusk.store\/sv\/produkt\/truusk-helskarmspegel-50-x-160-cm-staende-spegel-med-sammetliknande-ramoverdrag-oregelbunden-vagig-vagg-spegel-vit-for\/\" \/>\n<meta property=\"og:locale\" content=\"sv_SE\" \/>\n<meta property=\"og:type\" content=\"article\" \/>\n<meta property=\"og:title\" content=\"TRUUSK Helsk\u00e4rmspegel 50 x 160 cm - St\u00e5ende spegel med sammetliknande ram\u00f6verdrag - Oregelbunden v\u00e5gig v\u00e4gg spegel - Vit - F\u00f6r - TRUUSK - Hem, Tr\u00e4dg\u00e5rd &amp; Fritid\" \/>\n<meta property=\"og:description\" content=\"Upplev ett fr\u00e4scht perspektiv med TRUUSK:s helfigursspegel. Med m\u00e5tten 160 x 50 cm ger st\u00e5ende spegeln en helkroppsvy, idealisk f\u00f6r...\" \/>\n<meta property=\"og:url\" content=\"https:\/\/truusk.store\/sv\/produkt\/truusk-helskarmspegel-50-x-160-cm-staende-spegel-med-sammetliknande-ramoverdrag-oregelbunden-vagig-vagg-spegel-vit-for\/\" \/>\n<meta property=\"og:site_name\" content=\"TRUUSK - Hem, Tr\u00e4dg\u00e5rd &amp; Fritid\" \/>\n<meta property=\"article:modified_time\" content=\"2026-03-12T08:44:36+00:00\" \/>\n<meta property=\"og:image\" content=\"https:\/\/i0.wp.com\/truusk.se\/wp-content\/uploads\/2025\/06\/helskarmspegel-50-x-160-cm-staende-spegel-med-sammetliknande-ramoverdrag-oregelbunden-vagig-vagg-spegel-for-sovrum-vardagsrum-vit-1.webp?fit=2000%2C2000&ssl=1\" \/>\n\t<meta property=\"og:image:width\" content=\"2000\" \/>\n\t<meta property=\"og:image:height\" content=\"2000\" \/>\n\t<meta property=\"og:image:type\" content=\"image\/webp\" \/>\n<meta name=\"twitter:card\" content=\"summary_large_image\" \/>\n<meta name=\"twitter:label1\" content=\"Ber\u00e4knad l\u00e4stid\" \/>\n\t<meta name=\"twitter:data1\" content=\"1 minut\" \/>\n<!-- \/ Yoast SEO plugin. -->","yoast_head_json":{"title":"TRUUSK Helsk\u00e4rmspegel 50 x 160 cm - St\u00e5ende spegel med sammetliknande ram\u00f6verdrag - Oregelbunden v\u00e5gig v\u00e4gg spegel - Vit - F\u00f6r - TRUUSK - Hem, Tr\u00e4dg\u00e5rd &amp; Fritid","robots":{"index":"index","follow":"follow","max-snippet":"max-snippet:-1","max-image-preview":"max-image-preview:large","max-video-preview":"max-video-preview:-1"},"canonical":"https:\/\/truusk.store\/sv\/produkt\/truusk-helskarmspegel-50-x-160-cm-staende-spegel-med-sammetliknande-ramoverdrag-oregelbunden-vagig-vagg-spegel-vit-for\/","og_locale":"sv_SE","og_type":"article","og_title":"TRUUSK Helsk\u00e4rmspegel 50 x 160 cm - St\u00e5ende spegel med sammetliknande ram\u00f6verdrag - Oregelbunden v\u00e5gig v\u00e4gg spegel - Vit - F\u00f6r - TRUUSK - Hem, Tr\u00e4dg\u00e5rd &amp; Fritid","og_description":"Upplev ett fr\u00e4scht perspektiv med TRUUSK:s helfigursspegel. Med m\u00e5tten 160 x 50 cm ger st\u00e5ende spegeln en helkroppsvy, idealisk f\u00f6r...","og_url":"https:\/\/truusk.store\/sv\/produkt\/truusk-helskarmspegel-50-x-160-cm-staende-spegel-med-sammetliknande-ramoverdrag-oregelbunden-vagig-vagg-spegel-vit-for\/","og_site_name":"TRUUSK - Hem, Tr\u00e4dg\u00e5rd &amp; Fritid","article_modified_time":"2026-03-12T08:44:36+00:00","og_image":[{"width":2000,"height":2000,"url":"https:\/\/i0.wp.com\/truusk.se\/wp-content\/uploads\/2025\/06\/helskarmspegel-50-x-160-cm-staende-spegel-med-sammetliknande-ramoverdrag-oregelbunden-vagig-vagg-spegel-for-sovrum-vardagsrum-vit-1.webp?fit=2000%2C2000&ssl=1","type":"image\/webp"}],"twitter_card":"summary_large_image","twitter_misc":{"Ber\u00e4knad l\u00e4stid":"1 minut"},"schema":{"@context":"https:\/\/schema.org","@graph":[{"@type":"WebPage","@id":"https:\/\/truusk.store\/sv\/produkt\/truusk-helskarmspegel-50-x-160-cm-staende-spegel-med-sammetliknande-ramoverdrag-oregelbunden-vagig-vagg-spegel-vit-for\/","url":"https:\/\/truusk.store\/sv\/produkt\/truusk-helskarmspegel-50-x-160-cm-staende-spegel-med-sammetliknande-ramoverdrag-oregelbunden-vagig-vagg-spegel-vit-for\/","name":"TRUUSK Helsk\u00e4rmspegel 50 x 160 cm - St\u00e5ende spegel med sammetliknande ram\u00f6verdrag - Oregelbunden v\u00e5gig v\u00e4gg spegel - Vit - F\u00f6r - TRUUSK - Hem, Tr\u00e4dg\u00e5rd &amp; Fritid","isPartOf":{"@id":"https:\/\/truusk.store\/sv\/#website"},"primaryImageOfPage":{"@id":"https:\/\/truusk.store\/sv\/produkt\/truusk-helskarmspegel-50-x-160-cm-staende-spegel-med-sammetliknande-ramoverdrag-oregelbunden-vagig-vagg-spegel-vit-for\/#primaryimage"},"image":{"@id":"https:\/\/truusk.store\/sv\/produkt\/truusk-helskarmspegel-50-x-160-cm-staende-spegel-med-sammetliknande-ramoverdrag-oregelbunden-vagig-vagg-spegel-vit-for\/#primaryimage"},"thumbnailUrl":"https:\/\/i0.wp.com\/truusk.store\/wp-content\/uploads\/2025\/06\/helskarmspegel-50-x-160-cm-staende-spegel-med-sammetliknande-ramoverdrag-oregelbunden-vagig-vagg-spegel-for-sovrum-vardagsrum-vit-1.webp?fit=2000%2C2000&ssl=1","datePublished":"2025-06-05T08:04:34+00:00","dateModified":"2026-03-12T08:44:36+00:00","breadcrumb":{"@id":"https:\/\/truusk.store\/sv\/produkt\/truusk-helskarmspegel-50-x-160-cm-staende-spegel-med-sammetliknande-ramoverdrag-oregelbunden-vagig-vagg-spegel-vit-for\/#breadcrumb"},"inLanguage":"sv-SE","potentialAction":[{"@type":"ReadAction","target":["https:\/\/truusk.store\/sv\/produkt\/truusk-helskarmspegel-50-x-160-cm-staende-spegel-med-sammetliknande-ramoverdrag-oregelbunden-vagig-vagg-spegel-vit-for\/"]}]},{"@type":"ImageObject","inLanguage":"sv-SE","@id":"https:\/\/truusk.store\/sv\/produkt\/truusk-helskarmspegel-50-x-160-cm-staende-spegel-med-sammetliknande-ramoverdrag-oregelbunden-vagig-vagg-spegel-vit-for\/#primaryimage","url":"https:\/\/i0.wp.com\/truusk.store\/wp-content\/uploads\/2025\/06\/helskarmspegel-50-x-160-cm-staende-spegel-med-sammetliknande-ramoverdrag-oregelbunden-vagig-vagg-spegel-for-sovrum-vardagsrum-vit-1.webp?fit=2000%2C2000&ssl=1","contentUrl":"https:\/\/i0.wp.com\/truusk.store\/wp-content\/uploads\/2025\/06\/helskarmspegel-50-x-160-cm-staende-spegel-med-sammetliknande-ramoverdrag-oregelbunden-vagig-vagg-spegel-for-sovrum-vardagsrum-vit-1.webp?fit=2000%2C2000&ssl=1","width":2000,"height":2000},{"@type":"BreadcrumbList","@id":"https:\/\/truusk.store\/sv\/produkt\/truusk-helskarmspegel-50-x-160-cm-staende-spegel-med-sammetliknande-ramoverdrag-oregelbunden-vagig-vagg-spegel-vit-for\/#breadcrumb","itemListElement":[{"@type":"ListItem","position":1,"name":"Home","item":"https:\/\/truusk.store\/sv\/"},{"@type":"ListItem","position":2,"name":"Shop","item":"https:\/\/truusk.store\/shop\/"},{"@type":"ListItem","position":3,"name":"TRUUSK Helsk\u00e4rmspegel 50 x 160 cm &#8211; St\u00e5ende spegel med sammetliknande ram\u00f6verdrag &#8211; Oregelbunden v\u00e5gig v\u00e4gg spegel &#8211; Vit &#8211; F\u00f6r"}]},{"@type":"WebSite","@id":"https:\/\/truusk.store\/sv\/#website","url":"https:\/\/truusk.store\/sv\/","name":"TRUUSK - Hem, Tr\u00e4dg\u00e5rd & Fritid","description":"","publisher":{"@id":"https:\/\/truusk.store\/sv\/#organization"},"potentialAction":[{"@type":"SearchAction","target":{"@type":"EntryPoint","urlTemplate":"https:\/\/truusk.store\/sv\/?s={search_term_string}"},"query-input":{"@type":"PropertyValueSpecification","valueRequired":true,"valueName":"search_term_string"}}],"inLanguage":"sv-SE"},{"@type":"Organization","@id":"https:\/\/truusk.store\/sv\/#organization","name":"TRUUSK - Hem, Tr\u00e4dg\u00e5rd & Fritid","url":"https:\/\/truusk.store\/sv\/","logo":{"@type":"ImageObject","inLanguage":"sv-SE","@id":"https:\/\/truusk.store\/sv\/#\/schema\/logo\/image\/","url":"https:\/\/i0.wp.com\/truusk.store\/wp-content\/uploads\/2026\/03\/cropped-TRUUSK.png?fit=2032%2C917&ssl=1","contentUrl":"https:\/\/i0.wp.com\/truusk.store\/wp-content\/uploads\/2026\/03\/cropped-TRUUSK.png?fit=2032%2C917&ssl=1","width":2032,"height":917,"caption":"TRUUSK - Hem, Tr\u00e4dg\u00e5rd & Fritid"},"image":{"@id":"https:\/\/truusk.store\/sv\/#\/schema\/logo\/image\/"}}]}},"jetpack_sharing_enabled":true,"_links":{"self":[{"href":"https:\/\/truusk.store\/sv\/wp-json\/wp\/v2\/product\/64233","targetHints":{"allow":["GET"]}}],"collection":[{"href":"https:\/\/truusk.store\/sv\/wp-json\/wp\/v2\/product"}],"about":[{"href":"https:\/\/truusk.store\/sv\/wp-json\/wp\/v2\/types\/product"}],"wp:featuredmedia":[{"embeddable":true,"href":"https:\/\/truusk.store\/sv\/wp-json\/wp\/v2\/media\/64224"}],"wp:attachment":[{"href":"https:\/\/truusk.store\/sv\/wp-json\/wp\/v2\/media?parent=64233"}],"wp:term":[{"taxonomy":"product_brand","embeddable":true,"href":"https:\/\/truusk.store\/sv\/wp-json\/wp\/v2\/product_brand?post=64233"},{"taxonomy":"product_cat","embeddable":true,"href":"https:\/\/truusk.store\/sv\/wp-json\/wp\/v2\/product_cat?post=64233"},{"taxonomy":"product_tag","embeddable":true,"href":"https:\/\/truusk.store\/sv\/wp-json\/wp\/v2\/product_tag?post=64233"}],"curies":[{"name":"wp","href":"https:\/\/api.w.org\/{rel}","templated":true}]}}