{"id":64243,"date":"2025-06-05T09:05:34","date_gmt":"2025-06-05T08:05:34","guid":{"rendered":"https:\/\/truusk.store\/product\/serveringsvagn-rullvagn-med-3-vaningar-forvaringskorgar-koksvagn-med-krokar-forvaringsvagn-sidovagn-for-kok-vardagsrum-stal-svart\/"},"modified":"2026-03-12T09:12:40","modified_gmt":"2026-03-12T08:12:40","slug":"truusk-serveringsvagn-med-3-vaningar-forvaringskorgar-koksvagn-med-krokar-stal-svart","status":"publish","type":"product","link":"https:\/\/truusk.store\/sv\/produkt\/truusk-serveringsvagn-med-3-vaningar-forvaringskorgar-koksvagn-med-krokar-stal-svart\/","title":{"rendered":"TRUUSK Serveringsvagn Med 3 V\u00e5ningar &#8211; F\u00f6rvaringskorgar &#8211; K\u00f6ksvagn Med Krokar &#8211; St\u00e5l &#8211; Svart"},"content":{"rendered":"<p>Denna rullvagn \u00e4r kompakt och idealisk f\u00f6r sm\u00e5 utrymmen som beh\u00f6ver extra f\u00f6rvaringsutrymme. De tre f\u00f6rvaringskorgarna, tre avtagbara h\u00e4ngboxar och fyra avtagbara krokar erbjuder gott om plats f\u00f6r olika saker. De smidiga hjulen g\u00f6r att du kan flytta serveringsvagnen dit den beh\u00f6vs mest. Den passar bra som serveringsvagn f\u00f6r konstmaterial, k\u00f6ksvagn med f\u00f6rvaring, sidobord i vardagsrummet och rullande hylla f\u00f6r verkstaden.<\/p>\n<p>Beskrivning:<\/p>\n<ul>\n<li> Tre f\u00f6rvaringskorgar med gallerbotten p\u00e5 sidovagnen ger bra ventilation och \u00e4r perfekta f\u00f6r f\u00f6rvaring av gr\u00f6nsaker, frukt och f\u00e4rsk tv\u00e4tt<\/li>\n<li> Med 5 skiljev\u00e4ggar kan du dela en korg i flera fack av olika storlek f\u00f6r olika f\u00f6rvarings\u00e4ndam\u00e5l<\/li>\n<li> 3 avtagbara h\u00e4ngboxar och 4 avtagbara krokar kan h\u00e4ngas p\u00e5 varje niv\u00e5 efter behov<\/li>\n<li> L\u00e4mplig f\u00f6r k\u00f6k, matsal, sovrum, vardagsrum, tv\u00e4ttstuga, garage och badrum<\/li>\n<li> 4 smidiga hjul p\u00e5 f\u00f6rvaringsvagnen ger r\u00f6rlighet, och tv\u00e5 av dem \u00e4r l\u00e5sbara<\/li>\n<li> Best\u00e5r av en st\u00e5lram och plastkorgar f\u00f6r stabilitet och enkel reng\u00f6ring<\/li>\n<li> Montering kr\u00e4vs<\/li>\n<\/ul>\n<p> Tekniska data:<\/p>\n<ul>\n<li> F\u00e4rg: Svart<\/li>\n<li> Material: St\u00e5l, ABS<\/li>\n<li> Totala dimensioner: 42L x 38B x 86,5H cm<\/li>\n<li> F\u00f6rvaringskorg: 40L x 30B x 7,5H cm<\/li>\n<li> H\u00e4ngbox: 11,2L x 5,5B x 11,2H cm<\/li>\n<li> H\u00f6jd p\u00e5 varje v\u00e5ning: 21 cm<\/li>\n<li> Lastkapacitet: 10,9 kg (totalt), 3 kg (korg), 0,35 kg (h\u00e4ngbox)<\/li>\n<\/ul>\n<p> Leveransinneh\u00e5ll:<\/p>\n<ul>\n<li> 1 x Rullvagn<\/li>\n<li> 1 x Instruktioner<\/li>\n<\/ul>\n","protected":false},"excerpt":{"rendered":"<p>Denna rullvagn \u00e4r kompakt och idealisk f\u00f6r sm\u00e5 utrymmen som beh\u00f6ver extra f\u00f6rvaringsutrymme. De tre f\u00f6rvaringskorgarna, tre avtagbara h\u00e4ngboxar och&#8230;<\/p>\n","protected":false},"featured_media":64234,"template":"","meta":[],"product_brand":[],"product_cat":[871,889,503],"product_tag":[],"class_list":{"0":"post-64243","1":"product","2":"type-product","3":"status-publish","4":"has-post-thumbnail","6":"product_cat-hus-hem","7":"product_cat-kok-matsal","8":"product_cat-serveringsvagn","10":"first","11":"instock","12":"sale","13":"taxable","14":"shipping-taxable","15":"purchasable","16":"product-type-simple"},"yoast_head":"<!-- This site is optimized with the Yoast SEO plugin v25.4 - https:\/\/yoast.com\/wordpress\/plugins\/seo\/ -->\n<title>TRUUSK Serveringsvagn Med 3 V\u00e5ningar - F\u00f6rvaringskorgar - K\u00f6ksvagn Med Krokar - St\u00e5l - Svart - TRUUSK - Hem, Tr\u00e4dg\u00e5rd &amp; Fritid<\/title>\n<meta name=\"robots\" content=\"index, follow, max-snippet:-1, max-image-preview:large, max-video-preview:-1\" \/>\n<link rel=\"canonical\" href=\"https:\/\/truusk.store\/sv\/produkt\/truusk-serveringsvagn-med-3-vaningar-forvaringskorgar-koksvagn-med-krokar-stal-svart\/\" \/>\n<meta property=\"og:locale\" content=\"sv_SE\" \/>\n<meta property=\"og:type\" content=\"article\" \/>\n<meta property=\"og:title\" content=\"TRUUSK Serveringsvagn Med 3 V\u00e5ningar - F\u00f6rvaringskorgar - K\u00f6ksvagn Med Krokar - St\u00e5l - Svart - TRUUSK - Hem, Tr\u00e4dg\u00e5rd &amp; Fritid\" \/>\n<meta property=\"og:description\" content=\"Denna rullvagn \u00e4r kompakt och idealisk f\u00f6r sm\u00e5 utrymmen som beh\u00f6ver extra f\u00f6rvaringsutrymme. De tre f\u00f6rvaringskorgarna, tre avtagbara h\u00e4ngboxar och...\" \/>\n<meta property=\"og:url\" content=\"https:\/\/truusk.store\/sv\/produkt\/truusk-serveringsvagn-med-3-vaningar-forvaringskorgar-koksvagn-med-krokar-stal-svart\/\" \/>\n<meta property=\"og:site_name\" content=\"TRUUSK - Hem, Tr\u00e4dg\u00e5rd &amp; Fritid\" \/>\n<meta property=\"article:modified_time\" content=\"2026-03-12T08:12:40+00:00\" \/>\n<meta property=\"og:image\" content=\"https:\/\/i0.wp.com\/truusk.se\/wp-content\/uploads\/2025\/06\/serveringsvagn-rullvagn-med-3-vaningar-forvaringskorgar-koksvagn-med-krokar-forvaringsvagn-sidovagn-for-kok-vardagsrum-stal-svart-1.webp?fit=2000%2C2000&ssl=1\" \/>\n\t<meta property=\"og:image:width\" content=\"2000\" \/>\n\t<meta property=\"og:image:height\" content=\"2000\" \/>\n\t<meta property=\"og:image:type\" content=\"image\/webp\" \/>\n<meta name=\"twitter:card\" content=\"summary_large_image\" \/>\n<meta name=\"twitter:label1\" content=\"Ber\u00e4knad l\u00e4stid\" \/>\n\t<meta name=\"twitter:data1\" content=\"1 minut\" \/>\n<!-- \/ Yoast SEO plugin. -->","yoast_head_json":{"title":"TRUUSK Serveringsvagn Med 3 V\u00e5ningar - F\u00f6rvaringskorgar - K\u00f6ksvagn Med Krokar - St\u00e5l - Svart - TRUUSK - Hem, Tr\u00e4dg\u00e5rd &amp; Fritid","robots":{"index":"index","follow":"follow","max-snippet":"max-snippet:-1","max-image-preview":"max-image-preview:large","max-video-preview":"max-video-preview:-1"},"canonical":"https:\/\/truusk.store\/sv\/produkt\/truusk-serveringsvagn-med-3-vaningar-forvaringskorgar-koksvagn-med-krokar-stal-svart\/","og_locale":"sv_SE","og_type":"article","og_title":"TRUUSK Serveringsvagn Med 3 V\u00e5ningar - F\u00f6rvaringskorgar - K\u00f6ksvagn Med Krokar - St\u00e5l - Svart - TRUUSK - Hem, Tr\u00e4dg\u00e5rd &amp; Fritid","og_description":"Denna rullvagn \u00e4r kompakt och idealisk f\u00f6r sm\u00e5 utrymmen som beh\u00f6ver extra f\u00f6rvaringsutrymme. De tre f\u00f6rvaringskorgarna, tre avtagbara h\u00e4ngboxar och...","og_url":"https:\/\/truusk.store\/sv\/produkt\/truusk-serveringsvagn-med-3-vaningar-forvaringskorgar-koksvagn-med-krokar-stal-svart\/","og_site_name":"TRUUSK - Hem, Tr\u00e4dg\u00e5rd &amp; Fritid","article_modified_time":"2026-03-12T08:12:40+00:00","og_image":[{"width":2000,"height":2000,"url":"https:\/\/i0.wp.com\/truusk.se\/wp-content\/uploads\/2025\/06\/serveringsvagn-rullvagn-med-3-vaningar-forvaringskorgar-koksvagn-med-krokar-forvaringsvagn-sidovagn-for-kok-vardagsrum-stal-svart-1.webp?fit=2000%2C2000&ssl=1","type":"image\/webp"}],"twitter_card":"summary_large_image","twitter_misc":{"Ber\u00e4knad l\u00e4stid":"1 minut"},"schema":{"@context":"https:\/\/schema.org","@graph":[{"@type":"WebPage","@id":"https:\/\/truusk.store\/sv\/produkt\/truusk-serveringsvagn-med-3-vaningar-forvaringskorgar-koksvagn-med-krokar-stal-svart\/","url":"https:\/\/truusk.store\/sv\/produkt\/truusk-serveringsvagn-med-3-vaningar-forvaringskorgar-koksvagn-med-krokar-stal-svart\/","name":"TRUUSK Serveringsvagn Med 3 V\u00e5ningar - F\u00f6rvaringskorgar - K\u00f6ksvagn Med Krokar - St\u00e5l - Svart - TRUUSK - Hem, Tr\u00e4dg\u00e5rd &amp; Fritid","isPartOf":{"@id":"https:\/\/truusk.store\/sv\/#website"},"primaryImageOfPage":{"@id":"https:\/\/truusk.store\/sv\/produkt\/truusk-serveringsvagn-med-3-vaningar-forvaringskorgar-koksvagn-med-krokar-stal-svart\/#primaryimage"},"image":{"@id":"https:\/\/truusk.store\/sv\/produkt\/truusk-serveringsvagn-med-3-vaningar-forvaringskorgar-koksvagn-med-krokar-stal-svart\/#primaryimage"},"thumbnailUrl":"https:\/\/i0.wp.com\/truusk.store\/wp-content\/uploads\/2025\/06\/serveringsvagn-rullvagn-med-3-vaningar-forvaringskorgar-koksvagn-med-krokar-forvaringsvagn-sidovagn-for-kok-vardagsrum-stal-svart-1.webp?fit=2000%2C2000&ssl=1","datePublished":"2025-06-05T08:05:34+00:00","dateModified":"2026-03-12T08:12:40+00:00","breadcrumb":{"@id":"https:\/\/truusk.store\/sv\/produkt\/truusk-serveringsvagn-med-3-vaningar-forvaringskorgar-koksvagn-med-krokar-stal-svart\/#breadcrumb"},"inLanguage":"sv-SE","potentialAction":[{"@type":"ReadAction","target":["https:\/\/truusk.store\/sv\/produkt\/truusk-serveringsvagn-med-3-vaningar-forvaringskorgar-koksvagn-med-krokar-stal-svart\/"]}]},{"@type":"ImageObject","inLanguage":"sv-SE","@id":"https:\/\/truusk.store\/sv\/produkt\/truusk-serveringsvagn-med-3-vaningar-forvaringskorgar-koksvagn-med-krokar-stal-svart\/#primaryimage","url":"https:\/\/i0.wp.com\/truusk.store\/wp-content\/uploads\/2025\/06\/serveringsvagn-rullvagn-med-3-vaningar-forvaringskorgar-koksvagn-med-krokar-forvaringsvagn-sidovagn-for-kok-vardagsrum-stal-svart-1.webp?fit=2000%2C2000&ssl=1","contentUrl":"https:\/\/i0.wp.com\/truusk.store\/wp-content\/uploads\/2025\/06\/serveringsvagn-rullvagn-med-3-vaningar-forvaringskorgar-koksvagn-med-krokar-forvaringsvagn-sidovagn-for-kok-vardagsrum-stal-svart-1.webp?fit=2000%2C2000&ssl=1","width":2000,"height":2000},{"@type":"BreadcrumbList","@id":"https:\/\/truusk.store\/sv\/produkt\/truusk-serveringsvagn-med-3-vaningar-forvaringskorgar-koksvagn-med-krokar-stal-svart\/#breadcrumb","itemListElement":[{"@type":"ListItem","position":1,"name":"Home","item":"https:\/\/truusk.store\/sv\/"},{"@type":"ListItem","position":2,"name":"Shop","item":"https:\/\/truusk.store\/shop\/"},{"@type":"ListItem","position":3,"name":"TRUUSK Serveringsvagn Med 3 V\u00e5ningar &#8211; F\u00f6rvaringskorgar &#8211; K\u00f6ksvagn Med Krokar &#8211; St\u00e5l &#8211; Svart"}]},{"@type":"WebSite","@id":"https:\/\/truusk.store\/sv\/#website","url":"https:\/\/truusk.store\/sv\/","name":"TRUUSK - Hem, Tr\u00e4dg\u00e5rd & Fritid","description":"","publisher":{"@id":"https:\/\/truusk.store\/sv\/#organization"},"potentialAction":[{"@type":"SearchAction","target":{"@type":"EntryPoint","urlTemplate":"https:\/\/truusk.store\/sv\/?s={search_term_string}"},"query-input":{"@type":"PropertyValueSpecification","valueRequired":true,"valueName":"search_term_string"}}],"inLanguage":"sv-SE"},{"@type":"Organization","@id":"https:\/\/truusk.store\/sv\/#organization","name":"TRUUSK - Hem, Tr\u00e4dg\u00e5rd & Fritid","url":"https:\/\/truusk.store\/sv\/","logo":{"@type":"ImageObject","inLanguage":"sv-SE","@id":"https:\/\/truusk.store\/sv\/#\/schema\/logo\/image\/","url":"https:\/\/i0.wp.com\/truusk.store\/wp-content\/uploads\/2026\/03\/cropped-TRUUSK.png?fit=2032%2C917&ssl=1","contentUrl":"https:\/\/i0.wp.com\/truusk.store\/wp-content\/uploads\/2026\/03\/cropped-TRUUSK.png?fit=2032%2C917&ssl=1","width":2032,"height":917,"caption":"TRUUSK - Hem, Tr\u00e4dg\u00e5rd & Fritid"},"image":{"@id":"https:\/\/truusk.store\/sv\/#\/schema\/logo\/image\/"}}]}},"jetpack_sharing_enabled":true,"_links":{"self":[{"href":"https:\/\/truusk.store\/sv\/wp-json\/wp\/v2\/product\/64243","targetHints":{"allow":["GET"]}}],"collection":[{"href":"https:\/\/truusk.store\/sv\/wp-json\/wp\/v2\/product"}],"about":[{"href":"https:\/\/truusk.store\/sv\/wp-json\/wp\/v2\/types\/product"}],"wp:featuredmedia":[{"embeddable":true,"href":"https:\/\/truusk.store\/sv\/wp-json\/wp\/v2\/media\/64234"}],"wp:attachment":[{"href":"https:\/\/truusk.store\/sv\/wp-json\/wp\/v2\/media?parent=64243"}],"wp:term":[{"taxonomy":"product_brand","embeddable":true,"href":"https:\/\/truusk.store\/sv\/wp-json\/wp\/v2\/product_brand?post=64243"},{"taxonomy":"product_cat","embeddable":true,"href":"https:\/\/truusk.store\/sv\/wp-json\/wp\/v2\/product_cat?post=64243"},{"taxonomy":"product_tag","embeddable":true,"href":"https:\/\/truusk.store\/sv\/wp-json\/wp\/v2\/product_tag?post=64243"}],"curies":[{"name":"wp","href":"https:\/\/api.w.org\/{rel}","templated":true}]}}