{"id":64273,"date":"2025-06-05T09:08:42","date_gmt":"2025-06-05T08:08:42","guid":{"rendered":"https:\/\/truusk.store\/product\/tv-skap-tv-bord-for-tv-apparater-upp-till-60-tum-lowboard-med-2-skap-och-2-hyllplan-tv-skap-for-vardagsrum-120-x-40-x-54-cm-brun\/"},"modified":"2026-03-12T09:44:41","modified_gmt":"2026-03-12T08:44:41","slug":"truusk-tv-bank-for-tv-apparater-upp-till-60-tum-2-skap-och-2-hyllplan-morkbrun-120-x-40-x-54-cm","status":"publish","type":"product","link":"https:\/\/truusk.store\/sv\/produkt\/truusk-tv-bank-for-tv-apparater-upp-till-60-tum-2-skap-och-2-hyllplan-morkbrun-120-x-40-x-54-cm\/","title":{"rendered":"TRUUSK TV-b\u00e4nk f\u00f6r TV-apparater upp till 60 tum &#8211; 2 sk\u00e5p och 2 hyllplan &#8211; M\u00f6rkbrun &#8211; 120 x 40 x 54 cm"},"content":{"rendered":"<p>F\u00f6rsk\u00f6na ditt vardagsrum och underh\u00e5llningsomr\u00e5de med denna karakt\u00e4rsfulla TV-b\u00e4nk fr\u00e5n TRUUSK. Kombinationen av TV-b\u00e4nkens rustika, industriella estetik och det praktiska designet med tv\u00e5 skjutd\u00f6rrar kommer att berika din atmosf\u00e4r med smak och karakt\u00e4r. Idealisk f\u00f6r TV-apparater upp till 60 tum och utrustad med 6 fack, erbjuder TV-sk\u00e5pet gott om plats f\u00f6r spelkonsoler, Blu-rays, b\u00f6cker och olika dekorationselement.<\/p>\n<p>Beskrivning:<\/p>\n<ul>\n<li> F\u00f6r TV-apparater upp till 60&#8243;<\/li>\n<li> 6 fack i TV-b\u00e4nken erbjuder gott om plats f\u00f6r olika underh\u00e5llningsenheter och dekorationselement<\/li>\n<li> Stabil st\u00e5lram och lackerad, l\u00e4ttsk\u00f6tt yta<\/li>\n<li> Kan anv\u00e4ndas i vardagsrum, spelrum eller sovrum<\/li>\n<li> Praktiska och mycket bekv\u00e4ma skjutd\u00f6rrar med svarta ledskenor<\/li>\n<li> 6 kabel\u00f6ppningar i TV-kommoden ger en ordnad kabelhantering<\/li>\n<li> Fotk\u00e5por p\u00e5 TV-b\u00e4nken skyddar ditt golv mot repor<\/li>\n<li> Montering kr\u00e4vs<\/li>\n<\/ul>\n<p> Tekniska data:<\/p>\n<ul>\n<li> F\u00e4rg: Rustikt brun+svart<\/li>\n<li> Material: Sp\u00e5nskiva, MDF, st\u00e5l<\/li>\n<li> Totala m\u00e5tt: 120L x 40B x 54H cm<\/li>\n<li> D\u00f6rm\u00e5tt: 29B x 35,7H cm<\/li>\n<li> M\u00e5tt p\u00e5 de yttre sk\u00e5pfacken: 27,7L x 33,2B x 43H cm<\/li>\n<li> M\u00e5tt p\u00e5 sk\u00e5pfacket: 55,5L x 33,2B x 43H cm(central)<\/li>\n<li> M\u00e5tt p\u00e5 kabel\u00f6ppningen: \u00d85,3 cm<\/li>\n<li> Avst\u00e5nd till golvet: 6 cm<\/li>\n<li> Max. belastning: 50 kg (totalt), 20 kg (bordsskiva), 5 kg (hylla), 10 kg (bottenplatta)<\/li>\n<\/ul>\n<p>Leveransinneh\u00e5ll:<\/p>\n<ul>\n<li> 1 x TV-b\u00e4nk<\/li>\n<li> 1 x Instruktioner<\/li>\n<\/ul>\n","protected":false},"excerpt":{"rendered":"<p>F\u00f6rsk\u00f6na ditt vardagsrum och underh\u00e5llningsomr\u00e5de med denna karakt\u00e4rsfulla TV-b\u00e4nk fr\u00e5n TRUUSK. Kombinationen av TV-b\u00e4nkens rustika, industriella estetik och det praktiska&#8230;<\/p>\n","protected":false},"featured_media":64264,"template":"","meta":[],"product_brand":[],"product_cat":[871,1007,910],"product_tag":[],"class_list":{"0":"post-64273","1":"product","2":"type-product","3":"status-publish","4":"has-post-thumbnail","6":"product_cat-hus-hem","7":"product_cat-tv-mobler","8":"product_cat-vardagsrum","10":"first","11":"instock","12":"sale","13":"taxable","14":"shipping-taxable","15":"purchasable","16":"product-type-simple"},"yoast_head":"<!-- This site is optimized with the Yoast SEO plugin v25.4 - https:\/\/yoast.com\/wordpress\/plugins\/seo\/ -->\n<title>TRUUSK TV-b\u00e4nk f\u00f6r TV-apparater upp till 60 tum - 2 sk\u00e5p och 2 hyllplan - M\u00f6rkbrun - 120 x 40 x 54 cm - TRUUSK - Hem, Tr\u00e4dg\u00e5rd &amp; Fritid<\/title>\n<meta name=\"robots\" content=\"index, follow, max-snippet:-1, max-image-preview:large, max-video-preview:-1\" \/>\n<link rel=\"canonical\" href=\"https:\/\/truusk.store\/sv\/produkt\/truusk-tv-bank-for-tv-apparater-upp-till-60-tum-2-skap-och-2-hyllplan-morkbrun-120-x-40-x-54-cm\/\" \/>\n<meta property=\"og:locale\" content=\"sv_SE\" \/>\n<meta property=\"og:type\" content=\"article\" \/>\n<meta property=\"og:title\" content=\"TRUUSK TV-b\u00e4nk f\u00f6r TV-apparater upp till 60 tum - 2 sk\u00e5p och 2 hyllplan - M\u00f6rkbrun - 120 x 40 x 54 cm - TRUUSK - Hem, Tr\u00e4dg\u00e5rd &amp; Fritid\" \/>\n<meta property=\"og:description\" content=\"F\u00f6rsk\u00f6na ditt vardagsrum och underh\u00e5llningsomr\u00e5de med denna karakt\u00e4rsfulla TV-b\u00e4nk fr\u00e5n TRUUSK. Kombinationen av TV-b\u00e4nkens rustika, industriella estetik och det praktiska...\" \/>\n<meta property=\"og:url\" content=\"https:\/\/truusk.store\/sv\/produkt\/truusk-tv-bank-for-tv-apparater-upp-till-60-tum-2-skap-och-2-hyllplan-morkbrun-120-x-40-x-54-cm\/\" \/>\n<meta property=\"og:site_name\" content=\"TRUUSK - Hem, Tr\u00e4dg\u00e5rd &amp; Fritid\" \/>\n<meta property=\"article:modified_time\" content=\"2026-03-12T08:44:41+00:00\" \/>\n<meta property=\"og:image\" content=\"https:\/\/i0.wp.com\/truusk.se\/wp-content\/uploads\/2025\/06\/tv-skap-tv-bord-for-tv-apparater-upp-till-60-tum-lowboard-med-2-skap-och-2-hyllplan-tv-skap-for-vardagsrum-120-x-40-x-54-cm-brun-1.webp?fit=2000%2C2000&ssl=1\" \/>\n\t<meta property=\"og:image:width\" content=\"2000\" \/>\n\t<meta property=\"og:image:height\" content=\"2000\" \/>\n\t<meta property=\"og:image:type\" content=\"image\/webp\" \/>\n<meta name=\"twitter:card\" content=\"summary_large_image\" \/>\n<meta name=\"twitter:label1\" content=\"Ber\u00e4knad l\u00e4stid\" \/>\n\t<meta name=\"twitter:data1\" content=\"1 minut\" \/>\n<!-- \/ Yoast SEO plugin. -->","yoast_head_json":{"title":"TRUUSK TV-b\u00e4nk f\u00f6r TV-apparater upp till 60 tum - 2 sk\u00e5p och 2 hyllplan - M\u00f6rkbrun - 120 x 40 x 54 cm - TRUUSK - Hem, Tr\u00e4dg\u00e5rd &amp; Fritid","robots":{"index":"index","follow":"follow","max-snippet":"max-snippet:-1","max-image-preview":"max-image-preview:large","max-video-preview":"max-video-preview:-1"},"canonical":"https:\/\/truusk.store\/sv\/produkt\/truusk-tv-bank-for-tv-apparater-upp-till-60-tum-2-skap-och-2-hyllplan-morkbrun-120-x-40-x-54-cm\/","og_locale":"sv_SE","og_type":"article","og_title":"TRUUSK TV-b\u00e4nk f\u00f6r TV-apparater upp till 60 tum - 2 sk\u00e5p och 2 hyllplan - M\u00f6rkbrun - 120 x 40 x 54 cm - TRUUSK - Hem, Tr\u00e4dg\u00e5rd &amp; Fritid","og_description":"F\u00f6rsk\u00f6na ditt vardagsrum och underh\u00e5llningsomr\u00e5de med denna karakt\u00e4rsfulla TV-b\u00e4nk fr\u00e5n TRUUSK. Kombinationen av TV-b\u00e4nkens rustika, industriella estetik och det praktiska...","og_url":"https:\/\/truusk.store\/sv\/produkt\/truusk-tv-bank-for-tv-apparater-upp-till-60-tum-2-skap-och-2-hyllplan-morkbrun-120-x-40-x-54-cm\/","og_site_name":"TRUUSK - Hem, Tr\u00e4dg\u00e5rd &amp; Fritid","article_modified_time":"2026-03-12T08:44:41+00:00","og_image":[{"width":2000,"height":2000,"url":"https:\/\/i0.wp.com\/truusk.se\/wp-content\/uploads\/2025\/06\/tv-skap-tv-bord-for-tv-apparater-upp-till-60-tum-lowboard-med-2-skap-och-2-hyllplan-tv-skap-for-vardagsrum-120-x-40-x-54-cm-brun-1.webp?fit=2000%2C2000&ssl=1","type":"image\/webp"}],"twitter_card":"summary_large_image","twitter_misc":{"Ber\u00e4knad l\u00e4stid":"1 minut"},"schema":{"@context":"https:\/\/schema.org","@graph":[{"@type":"WebPage","@id":"https:\/\/truusk.store\/sv\/produkt\/truusk-tv-bank-for-tv-apparater-upp-till-60-tum-2-skap-och-2-hyllplan-morkbrun-120-x-40-x-54-cm\/","url":"https:\/\/truusk.store\/sv\/produkt\/truusk-tv-bank-for-tv-apparater-upp-till-60-tum-2-skap-och-2-hyllplan-morkbrun-120-x-40-x-54-cm\/","name":"TRUUSK TV-b\u00e4nk f\u00f6r TV-apparater upp till 60 tum - 2 sk\u00e5p och 2 hyllplan - M\u00f6rkbrun - 120 x 40 x 54 cm - TRUUSK - Hem, Tr\u00e4dg\u00e5rd &amp; Fritid","isPartOf":{"@id":"https:\/\/truusk.store\/sv\/#website"},"primaryImageOfPage":{"@id":"https:\/\/truusk.store\/sv\/produkt\/truusk-tv-bank-for-tv-apparater-upp-till-60-tum-2-skap-och-2-hyllplan-morkbrun-120-x-40-x-54-cm\/#primaryimage"},"image":{"@id":"https:\/\/truusk.store\/sv\/produkt\/truusk-tv-bank-for-tv-apparater-upp-till-60-tum-2-skap-och-2-hyllplan-morkbrun-120-x-40-x-54-cm\/#primaryimage"},"thumbnailUrl":"https:\/\/i0.wp.com\/truusk.store\/wp-content\/uploads\/2025\/06\/tv-skap-tv-bord-for-tv-apparater-upp-till-60-tum-lowboard-med-2-skap-och-2-hyllplan-tv-skap-for-vardagsrum-120-x-40-x-54-cm-brun-1.webp?fit=2000%2C2000&ssl=1","datePublished":"2025-06-05T08:08:42+00:00","dateModified":"2026-03-12T08:44:41+00:00","breadcrumb":{"@id":"https:\/\/truusk.store\/sv\/produkt\/truusk-tv-bank-for-tv-apparater-upp-till-60-tum-2-skap-och-2-hyllplan-morkbrun-120-x-40-x-54-cm\/#breadcrumb"},"inLanguage":"sv-SE","potentialAction":[{"@type":"ReadAction","target":["https:\/\/truusk.store\/sv\/produkt\/truusk-tv-bank-for-tv-apparater-upp-till-60-tum-2-skap-och-2-hyllplan-morkbrun-120-x-40-x-54-cm\/"]}]},{"@type":"ImageObject","inLanguage":"sv-SE","@id":"https:\/\/truusk.store\/sv\/produkt\/truusk-tv-bank-for-tv-apparater-upp-till-60-tum-2-skap-och-2-hyllplan-morkbrun-120-x-40-x-54-cm\/#primaryimage","url":"https:\/\/i0.wp.com\/truusk.store\/wp-content\/uploads\/2025\/06\/tv-skap-tv-bord-for-tv-apparater-upp-till-60-tum-lowboard-med-2-skap-och-2-hyllplan-tv-skap-for-vardagsrum-120-x-40-x-54-cm-brun-1.webp?fit=2000%2C2000&ssl=1","contentUrl":"https:\/\/i0.wp.com\/truusk.store\/wp-content\/uploads\/2025\/06\/tv-skap-tv-bord-for-tv-apparater-upp-till-60-tum-lowboard-med-2-skap-och-2-hyllplan-tv-skap-for-vardagsrum-120-x-40-x-54-cm-brun-1.webp?fit=2000%2C2000&ssl=1","width":2000,"height":2000},{"@type":"BreadcrumbList","@id":"https:\/\/truusk.store\/sv\/produkt\/truusk-tv-bank-for-tv-apparater-upp-till-60-tum-2-skap-och-2-hyllplan-morkbrun-120-x-40-x-54-cm\/#breadcrumb","itemListElement":[{"@type":"ListItem","position":1,"name":"Home","item":"https:\/\/truusk.store\/sv\/"},{"@type":"ListItem","position":2,"name":"Shop","item":"https:\/\/truusk.store\/shop\/"},{"@type":"ListItem","position":3,"name":"TRUUSK TV-b\u00e4nk f\u00f6r TV-apparater upp till 60 tum &#8211; 2 sk\u00e5p och 2 hyllplan &#8211; M\u00f6rkbrun &#8211; 120 x 40 x 54 cm"}]},{"@type":"WebSite","@id":"https:\/\/truusk.store\/sv\/#website","url":"https:\/\/truusk.store\/sv\/","name":"TRUUSK - Hem, Tr\u00e4dg\u00e5rd & Fritid","description":"","publisher":{"@id":"https:\/\/truusk.store\/sv\/#organization"},"potentialAction":[{"@type":"SearchAction","target":{"@type":"EntryPoint","urlTemplate":"https:\/\/truusk.store\/sv\/?s={search_term_string}"},"query-input":{"@type":"PropertyValueSpecification","valueRequired":true,"valueName":"search_term_string"}}],"inLanguage":"sv-SE"},{"@type":"Organization","@id":"https:\/\/truusk.store\/sv\/#organization","name":"TRUUSK - Hem, Tr\u00e4dg\u00e5rd & Fritid","url":"https:\/\/truusk.store\/sv\/","logo":{"@type":"ImageObject","inLanguage":"sv-SE","@id":"https:\/\/truusk.store\/sv\/#\/schema\/logo\/image\/","url":"https:\/\/i0.wp.com\/truusk.store\/wp-content\/uploads\/2026\/03\/cropped-TRUUSK.png?fit=2032%2C917&ssl=1","contentUrl":"https:\/\/i0.wp.com\/truusk.store\/wp-content\/uploads\/2026\/03\/cropped-TRUUSK.png?fit=2032%2C917&ssl=1","width":2032,"height":917,"caption":"TRUUSK - Hem, Tr\u00e4dg\u00e5rd & Fritid"},"image":{"@id":"https:\/\/truusk.store\/sv\/#\/schema\/logo\/image\/"}}]}},"jetpack_sharing_enabled":true,"_links":{"self":[{"href":"https:\/\/truusk.store\/sv\/wp-json\/wp\/v2\/product\/64273","targetHints":{"allow":["GET"]}}],"collection":[{"href":"https:\/\/truusk.store\/sv\/wp-json\/wp\/v2\/product"}],"about":[{"href":"https:\/\/truusk.store\/sv\/wp-json\/wp\/v2\/types\/product"}],"wp:featuredmedia":[{"embeddable":true,"href":"https:\/\/truusk.store\/sv\/wp-json\/wp\/v2\/media\/64264"}],"wp:attachment":[{"href":"https:\/\/truusk.store\/sv\/wp-json\/wp\/v2\/media?parent=64273"}],"wp:term":[{"taxonomy":"product_brand","embeddable":true,"href":"https:\/\/truusk.store\/sv\/wp-json\/wp\/v2\/product_brand?post=64273"},{"taxonomy":"product_cat","embeddable":true,"href":"https:\/\/truusk.store\/sv\/wp-json\/wp\/v2\/product_cat?post=64273"},{"taxonomy":"product_tag","embeddable":true,"href":"https:\/\/truusk.store\/sv\/wp-json\/wp\/v2\/product_tag?post=64273"}],"curies":[{"name":"wp","href":"https:\/\/api.w.org\/{rel}","templated":true}]}}